{"id":353,"date":"2019-10-03T08:37:16","date_gmt":"2019-10-03T08:37:16","guid":{"rendered":"https:\/\/mutti-parma.com\/fi\/?post_type=product&#038;p=353"},"modified":"2024-11-01T09:22:09","modified_gmt":"2024-11-01T09:22:09","slug":"tomaatimurska-valkosipuli-ja-basilika-image","status":"publish","type":"product","link":"https:\/\/mutti-parma.com\/fi\/mutti-tuotteet\/tomaatimurska-valkosipuli-ja-basilika-image\/","title":{"rendered":"Hieno tomaattimurska valkosipulilla"},"content":{"rendered":"\n<div style=\"--media-width: 50\" class=\"wp-block-media-text alignwide has-media-on-the-right is-stacked-on-mobile is-style-hero has-background-image\"><img loading=\"lazy\" decoding=\"async\" class=\"wp-block-media-text__background\" alt=\"\" data-spai-crop=\"true\" src=\"https:\/\/mutti-parma.com\/app\/uploads\/sites\/8\/2019\/10\/polpa-background-1200x1200-1.jpg\" \/><div class=\"wp-block-media-text__content\"><div class=\"acf-breadcrumb my-4 md:my-8 text-center md:text-left\">\n  <nav>\n  <ol class=\"list-none text-md\">\n                  <li class=\"inline\">\n                      <a class=\"text-inherit\" href=\"https:\/\/mutti-parma.com\/fi\/\">\n              Italialaiset tomaatit\n            <\/a>\n                                <span aria-hidden=\"true\">\/&nbsp;<\/span>\n                  <\/li>\n                        <li class=\"inline\">\n                      <a class=\"text-inherit\" href=\"https:\/\/mutti-parma.com\/fi\/mutti-tuotteet\/\">\n              Products\n            <\/a>\n                            <\/li>\n            <\/ol>\n<\/nav>\n<\/div>\n\n\n\n<h1 class=\"wp-block-heading has-primary-color has-text-color\">Hieno tomaattimurska valkosipulilla<\/h1>\n\n\n\n<p class=\"is-style-cursive has-xxl-font-size\">Hieno Tomaattimurska<\/p>\n\n\n\n<p>Mutti hieno tomaattimurska valkosipulilla s\u00e4il\u00f6\u00f6 vastapoimittujen tomaattien tuoreuden. Ainutlaatuinen tuote koostuu eritt\u00e4in pieniin osiin hienonnetusta hedelm\u00e4lihasta ja tomaattien omasta mehusta.<\/p>\n\n\n\n\n<div class=\"acf-characteristics\">\n  <div class=\"flex flex-wrap -m-2 justify-center sm:justify-between\">\n          <div class=\"m-2 w-24 text-center\">\n        <div style=\"height: 41px; width: 80px;\" class=\"mx-auto flex items-end justify-center mx-auto\">\n                      <img decoding=\"async\" width=\"220\" height=\"168\" src=\"https:\/\/mutti-parma.com\/app\/uploads\/sites\/3\/2019\/09\/icon-characteristics-texture-rich.svg\" class=\"w-full wp-image-300000104 attachment-full size-full\" alt=\"cooking symbol\" style=\"max-height: 43px; max-width: 80px;\" loading=\"lazy\" \/>\n                  <\/div>\n        <p class=\"h6 text-inherit mt-3\">T\u00e4ytel\u00e4inen koostumus<\/p>\n      <\/div>\n          <div class=\"m-2 w-24 text-center\">\n        <div style=\"height: 41px; width: 80px;\" class=\"mx-auto flex items-end justify-center mx-auto\">\n                      <img decoding=\"async\" width=\"90\" height=\"24\" src=\"https:\/\/mutti-parma.com\/app\/uploads\/sites\/3\/2021\/04\/icon-characteristics-color-vibrant-red-v2.svg\" class=\"w-full wp-image-300000416 attachment-full size-full\" alt=\"cooking symbol\" style=\"max-height: 43px; max-width: 80px;\" loading=\"lazy\" \/>\n                  <\/div>\n        <p class=\"h6 text-inherit mt-3\">Eloisan punainen v\u00e4ri<\/p>\n      <\/div>\n          <div class=\"m-2 w-24 text-center\">\n        <div style=\"height: 41px; width: 80px;\" class=\"mx-auto flex items-end justify-center mx-auto\">\n                      <img decoding=\"async\" width=\"300\" height=\"154\" src=\"https:\/\/mutti-parma.com\/app\/uploads\/sites\/3\/2019\/09\/icon-characteristics-cooking-time-long.svg\" class=\"w-full wp-image-300000112 attachment-full size-full\" alt=\"\" style=\"max-height: 43px; max-width: 80px;\" loading=\"lazy\" \/>\n                  <\/div>\n        <p class=\"h6 text-inherit mt-3\">Sopii my\u00f6s pitk\u00e4\u00e4n valmistusaikaan<\/p>\n      <\/div>\n          <div class=\"m-2 w-24 text-center\">\n        <div style=\"height: 41px; width: 80px;\" class=\"mx-auto flex items-end justify-center mx-auto\">\n                      <img decoding=\"async\" width=\"212\" height=\"107\" src=\"https:\/\/mutti-parma.com\/app\/uploads\/sites\/8\/2019\/10\/mutti-product-icons-finnish-raikas-maku.svg\" class=\"w-full wp-image-1651\" alt=\"Raikas maku ikoni\" style=\"max-height: 43px; max-width: 80px;\" loading=\"lazy\" \/>\n                  <\/div>\n        <p class=\"h6 text-inherit mt-3\">Raikas maku<\/p>\n      <\/div>\n      <\/div>\n<\/div>\n<\/div><figure class=\"wp-block-media-text__media\"><img loading=\"lazy\" decoding=\"async\" width=\"675\" height=\"1024\" src=\"https:\/\/mutti-parma.com\/app\/uploads\/sites\/8\/2019\/10\/product-update-wordpress-2-675x1024.png\" alt=\"Polpa valkosipulilla\" class=\"wp-image-11936 size-full\" sizes=\"(min-width: 1440px) 528px,37vw\" data-spai-crop=\"false\" srcset=\"https:\/\/mutti-parma.com\/app\/uploads\/sites\/8\/2019\/10\/product-update-wordpress-2-675x1024.png 675w, https:\/\/mutti-parma.com\/app\/uploads\/sites\/8\/2019\/10\/product-update-wordpress-2-330x500.png 330w, https:\/\/mutti-parma.com\/app\/uploads\/sites\/8\/2019\/10\/product-update-wordpress-2-132x200.png 132w, https:\/\/mutti-parma.com\/app\/uploads\/sites\/8\/2019\/10\/product-update-wordpress-2-768x1165.png 768w, https:\/\/mutti-parma.com\/app\/uploads\/sites\/8\/2019\/10\/product-update-wordpress-2-150x228.png 150w, https:\/\/mutti-parma.com\/app\/uploads\/sites\/8\/2019\/10\/product-update-wordpress-2-600x910.png 600w, https:\/\/mutti-parma.com\/app\/uploads\/sites\/8\/2019\/10\/product-update-wordpress-2-1013x1536.png 1013w, https:\/\/mutti-parma.com\/app\/uploads\/sites\/8\/2019\/10\/product-update-wordpress-2.png 1200w\" \/><\/figure><\/div>\n\n\n\n\n\n<div class=\"wp-block-media-text alignwide\" style=\"grid-template-columns:32% auto\"><figure class=\"wp-block-media-text__media\"><video\n  \n  autoplay\n  playsinline\n  muted\n  loop\n  loading=\"lazy\"\n  \n  \n  \n\n  \n      poster=\"https:\/\/mutti-parma.com\/app\/uploads\/sites\/3\/2019\/10\/product-consistency-polpa-image.jpg\"\n  >\n            <source src=\"https:\/\/cdn.mutti-parma.com\/app\/uploads\/sites\/3\/2019\/10\/product-consistency-polpa.mp4\" type=\"video\/mp4\">\n      <\/video>\n\n<\/figure><div class=\"wp-block-media-text__content\">\n<h2 class=\"wp-block-heading\">T\u00c4LLAINEN ON POLPA<\/h2>\n\n\n\n<p class=\"is-style-cursive has-xxl-font-size\">Sinne, miss\u00e4 kaivataan tuoretta tomaattia<\/p>\n\n\n\n<p>Hieno tomaattimurska, paseerattu tomaatti, konsentroitu tomaatti ja kuoritut tomaatit ovat Muttin klassikkoja. Niist\u00e4 jokaisella on oma v\u00e4rins\u00e4, makunsa ja koostumuksensa, jotka antavat tuotteille niiden tunnusomaisen luonteen. Hieno tomaattimurska on voimakkaan punaista ja t\u00e4ytel\u00e4ist\u00e4. Se maistuu hyv\u00e4lt\u00e4 kuin tuoreet tomaatit.<\/p>\n<\/div><\/div>\n\n\n\n\n\n\n\n<hr class=\"wp-block-separator has-css-opacity alignwide\"\/>\n\n\n<div class=\"acf-comments alignwide my-8\">\n  <div class=\"flex flex-wrap mb-4 items-center text-center sm:text-left px-0 sm:px-2 md:px-0\">\n    <h3 class=\"w-full sm:w-auto is-style-cursive text-primary my-0 leading-none\">Share and review<\/h3>\n    <div class=\"w-full sm:w-auto flex-auto mt-1 sm:ml-8\">\n          <\/div>\n\n          <div class=\"mx-auto sm:ml-0 mt-3 sm:mt-0\">\n                  <div\n  class=\"shariff\"\n  data-button-style=\"icon\"\n  data-mail-body=\"https:\/\/mutti-parma.com\/fi\/mutti-tuotteet\/tomaatimurska-valkosipuli-ja-basilika-image\/\"\n  data-mail-subject=\"Hieno tomaattimurska valkosipulilla - Mutti\"\n  data-mail-url=\"mailto:\"\n  data-media-url=\"https:\/\/mutti-parma.com\/app\/uploads\/sites\/8\/2019\/10\/product-update-wordpress-2.png\"\n  data-services=\"[&#039;facebook&#039;, &#039;twitter&#039;, &#039;whatsapp&#039;, &#039;pinterest&#039;, &#039;mail&#039;]\"\n><\/div>\n              <\/div>\n      <\/div>\n\n  <div>\n                <\/div>\n<\/div>\n\n\n\n<hr class=\"wp-block-separator has-css-opacity alignwide\"\/>\n\n\n\n<div class=\"wp-block-cover alignwide has-background-dim-80 has-darkred-background-color has-background-dim\" style=\"background-image:url(https:\/\/mutti-parma.com\/app\/uploads\/sites\/3\/2019\/09\/tomatoes.jpg)\"><div class=\"wp-block-cover__inner-container is-layout-flow wp-block-cover-is-layout-flow\">\n<div class=\"wp-block-columns alignwide is-layout-flex wp-container-core-columns-is-layout-9d6595d7 wp-block-columns-is-layout-flex\">\n<div class=\"wp-block-column is-layout-flow wp-block-column-is-layout-flow\">\n<h2 class=\"wp-block-heading\" id=\"kestava-kehitys\"><strong>KEST\u00c4V\u00c4 KEHITYS<\/strong><\/h2>\n\n\n\n<p class=\"is-style-cursive mb-0\">Meille kest\u00e4v\u00e4 kehitys merkitsee kunnioitusta maata kohtaan.<\/p>\n\n\n\n<h4 class=\"wp-block-heading\">YHTEISTY\u00d6 ITALIAN WWF:N KANSSA<\/h4>\n\n\n\n<p>Olemme ty\u00f6skennelleet Italian WWF:n kanssa v\u00e4hent\u00e4\u00e4ksemme vedenkulutustamme ja hiilidioksidip\u00e4\u00e4st\u00f6j\u00e4mme. Pyrimme my\u00f6s jatkuvasti kehitt\u00e4m\u00e4\u00e4n koko tuotantoketjuamme v\u00e4hent\u00e4\u00e4ksemme toimintamme ymp\u00e4rist\u00f6kuormitusta.  <\/p>\n\n\n\n<p>Italian WWF auttoi meit\u00e4 asettamaan tavoitteita ja antoi viljelij\u00f6ille mahdollisuuden analysoida ja tunnistaa vaikuttamisen keinoja. J\u00e4rjest\u00f6 suositteli meit\u00e4 k\u00e4ytt\u00e4m\u00e4\u00e4n maaper\u00e4n kosteutta mittaavia tunnistimia, joiden avulla saimme hy\u00f6dyllist\u00e4 tietoa tehokkaasta vedenk\u00e4yt\u00f6st\u00e4. <\/p>\n\n\n\n<p>Mutti sijoitti teknologiaan, koulutukseen sek\u00e4 maanviljelij\u00f6iden ja maanviljelyj\u00e4rjest\u00f6jen tekniseen tukemiseen. Viiden vuoden yhteisprojektin j\u00e4lkeen olemme yh\u00e4 sitoutuneita pienent\u00e4m\u00e4\u00e4n ymp\u00e4rist\u00f6vaikutuksiamme ja etsimme jatkuvasti uusia keinoja tuotantomme kest\u00e4vyyden parantamiseksi.<\/p>\n<\/div>\n\n\n\n<div class=\"wp-block-column is-layout-flow wp-block-column-is-layout-flow\">\n<h2 class=\"has-text-align-center wp-block-heading\">TULOKSET:<\/h2>\n\n\n\n<div class=\"wp-block-columns is-layout-flex wp-container-core-columns-is-layout-9d6595d7 wp-block-columns-is-layout-flex\">\n<div class=\"wp-block-column is-layout-flow wp-block-column-is-layout-flow\">\n<div class=\"wp-block-image\"><figure class=\"aligncenter size-large is-resized\"><img loading=\"lazy\" decoding=\"async\" src=\"https:\/\/mutti-parma.com\/app\/uploads\/sites\/3\/2019\/09\/icon-sustainable-water.svg\" alt=\"\" class=\"wp-image-30000085\" width=\"53\" height=\"91\" \/><\/figure><\/div>\n\n\n\n<h4 class=\"has-text-align-center wp-block-heading\"><br>+1000 MILJOONAA S\u00c4\u00c4STETTY\u00c4 VESILITRAA*<\/h4>\n\n\n\n<p class=\"has-text-align-center has-sm-font-size\">*&nbsp; Vuosien 2012\u20132014 v\u00e4lill\u00e4. (L\u00e4hde: CMCC, WWF ja Mediterranean Climate Change Center in Italy)<\/p>\n<\/div>\n\n\n\n<div class=\"wp-block-column is-layout-flow wp-block-column-is-layout-flow\">\n<div class=\"wp-block-image\"><figure class=\"aligncenter size-large is-resized\"><img loading=\"lazy\" decoding=\"async\" src=\"https:\/\/mutti-parma.com\/app\/uploads\/sites\/3\/2019\/09\/icon-sustainable-co2.svg\" alt=\"\" class=\"wp-image-30000086\" width=\"114\" height=\"88\" \/><\/figure><\/div>\n\n\n\n<h4 class=\"has-text-align-center wp-block-heading\"><br>+31 530 TONNIA V\u00c4LTETTYJ\u00c4 CO2 P\u00c4\u00c4ST\u00d6J\u00c4*<\/h4>\n\n\n\n<p class=\"has-text-align-center has-sm-font-size\">* Vuosien 2010\u20132015 v\u00e4lill\u00e4 verrattuna vuoden 2009 tasoihin. (L\u00e4hde: Italian WWF:n ja energiatehokkuusryhm\u00e4 Officinae Verdin tiedot)<\/p>\n<\/div>\n<\/div>\n<\/div>\n<\/div>\n<\/div><\/div>\n\n\n\n<p class=\"has-text-align-center is-style-cursive has-xxl-font-size\">Tunnet nyt tuotteemme \u2013 on aika kokata!<\/p>\n\n\n\n\n\n\n\n\n\n\n<div class=\"acf-related-products mb-8 lg:mb-16 \" data-vue-wrapper>\n      <h3 class=\"text-center\">Muita tuotteita kategoriassa<\/h3>\n  \n      <slideshow :slides-per-view=\"3\" :navigation=\"true\" class=\"mx-8 lg:-mx-12\" name=\"Related Products\">\n              <div class=\"swiper-slide\">\n          <div class=\"text-center hover:lift-img mx-auto max-w-28\">\n      <a href=\"https:\/\/mutti-parma.com\/fi\/mutti-tuotteet\/hieno-tomaattimurska\/\" class=\"block\">\n            <div class=\"responsive-embed is-contain\" style=\"padding-bottom: 188.23529411765%;\"><img decoding=\"async\" width=\"1200\" height=\"1820\" src=\"https:\/\/mutti-parma.com\/app\/uploads\/sites\/8\/2019\/09\/polpa-400g-hires-nordic.png\" class=\"inline-block mt-2 wp-image-199\" alt=\"Tomaattimurska\" sizes=\"auto, 126px\" data-spai-crop=\"false\" title=\"Tomaattimurska\" srcset=\"https:\/\/mutti-parma.com\/app\/uploads\/sites\/8\/2019\/09\/polpa-400g-hires-nordic.png 1200w, https:\/\/mutti-parma.com\/app\/uploads\/sites\/8\/2019\/09\/polpa-400g-hires-nordic-132x200.png 132w, https:\/\/mutti-parma.com\/app\/uploads\/sites\/8\/2019\/09\/polpa-400g-hires-nordic-330x500.png 330w, https:\/\/mutti-parma.com\/app\/uploads\/sites\/8\/2019\/09\/polpa-400g-hires-nordic-768x1165.png 768w, https:\/\/mutti-parma.com\/app\/uploads\/sites\/8\/2019\/09\/polpa-400g-hires-nordic-675x1024.png 675w, https:\/\/mutti-parma.com\/app\/uploads\/sites\/8\/2019\/09\/polpa-400g-hires-nordic-150x228.png 150w, https:\/\/mutti-parma.com\/app\/uploads\/sites\/8\/2019\/09\/polpa-400g-hires-nordic-600x910.png 600w\" loading=\"lazy\" \/><\/div>\n    <\/a>\n  \n  <a class=\"block underline mb-2 mt-2\" href=\"https:\/\/mutti-parma.com\/fi\/mutti-tuotteet\/hieno-tomaattimurska\/\">\n    <h3 class=\"h4\">Tomaattimurska<\/h3>\n  <\/a>\n\n      <a class=\"block hover:no-underline text-inherit\" href=\"https:\/\/mutti-parma.com\/fi\/mutti-tuotteet\/hieno-tomaattimurska\/\">\n      Hieno Tomaattimurska\n    <\/a>\n  <\/div>\n        <\/div>\n              <div class=\"swiper-slide\">\n          <div class=\"text-center hover:lift-img mx-auto max-w-28\">\n      <a href=\"https:\/\/mutti-parma.com\/fi\/mutti-tuotteet\/hieno-tomaattimurska-basilikalla\/\" class=\"block\">\n            <div class=\"responsive-embed is-contain\" style=\"padding-bottom: 188.23529411765%;\"><img decoding=\"async\" width=\"1200\" height=\"1820\" src=\"https:\/\/mutti-parma.com\/app\/uploads\/sites\/8\/2019\/10\/product-update-wordpress-1.png\" class=\"inline-block mt-2 wp-image-11933\" alt=\"Hieno tomaattimurska basilikalla\" sizes=\"auto, 126px\" data-spai-crop=\"false\" title=\"Hieno tomaattimurska basilikalla\" srcset=\"https:\/\/mutti-parma.com\/app\/uploads\/sites\/8\/2019\/10\/product-update-wordpress-1.png 1200w, https:\/\/mutti-parma.com\/app\/uploads\/sites\/8\/2019\/10\/product-update-wordpress-1-330x500.png 330w, https:\/\/mutti-parma.com\/app\/uploads\/sites\/8\/2019\/10\/product-update-wordpress-1-675x1024.png 675w, https:\/\/mutti-parma.com\/app\/uploads\/sites\/8\/2019\/10\/product-update-wordpress-1-132x200.png 132w, https:\/\/mutti-parma.com\/app\/uploads\/sites\/8\/2019\/10\/product-update-wordpress-1-768x1165.png 768w, https:\/\/mutti-parma.com\/app\/uploads\/sites\/8\/2019\/10\/product-update-wordpress-1-150x228.png 150w, https:\/\/mutti-parma.com\/app\/uploads\/sites\/8\/2019\/10\/product-update-wordpress-1-600x910.png 600w, https:\/\/mutti-parma.com\/app\/uploads\/sites\/8\/2019\/10\/product-update-wordpress-1-1013x1536.png 1013w\" loading=\"lazy\" \/><\/div>\n    <\/a>\n  \n  <a class=\"block underline mb-2 mt-2\" href=\"https:\/\/mutti-parma.com\/fi\/mutti-tuotteet\/hieno-tomaattimurska-basilikalla\/\">\n    <h3 class=\"h4\">Hieno tomaattimurska basilikalla<\/h3>\n  <\/a>\n\n      <a class=\"block hover:no-underline text-inherit\" href=\"https:\/\/mutti-parma.com\/fi\/mutti-tuotteet\/hieno-tomaattimurska-basilikalla\/\">\n      Hieno Tomaattimurska\n    <\/a>\n  <\/div>\n        <\/div>\n              <div class=\"swiper-slide\">\n          <div class=\"text-center hover:lift-img mx-auto max-w-28\">\n      <a href=\"https:\/\/mutti-parma.com\/fi\/mutti-tuotteet\/polpa-datterini\/\" class=\"block\">\n            <div class=\"responsive-embed is-contain\" style=\"padding-bottom: 188.23529411765%;\"><img decoding=\"async\" width=\"1200\" height=\"1820\" src=\"https:\/\/mutti-parma.com\/app\/uploads\/sites\/8\/2020\/08\/product-update-wordpress-3.png\" class=\"inline-block mt-2 wp-image-11939\" alt=\"Murskatut Datterini tomaatit\" sizes=\"auto, 126px\" data-spai-crop=\"false\" title=\"Murskatut Datterini tomaatit\" srcset=\"https:\/\/mutti-parma.com\/app\/uploads\/sites\/8\/2020\/08\/product-update-wordpress-3.png 1200w, https:\/\/mutti-parma.com\/app\/uploads\/sites\/8\/2020\/08\/product-update-wordpress-3-330x500.png 330w, https:\/\/mutti-parma.com\/app\/uploads\/sites\/8\/2020\/08\/product-update-wordpress-3-675x1024.png 675w, https:\/\/mutti-parma.com\/app\/uploads\/sites\/8\/2020\/08\/product-update-wordpress-3-132x200.png 132w, https:\/\/mutti-parma.com\/app\/uploads\/sites\/8\/2020\/08\/product-update-wordpress-3-768x1165.png 768w, https:\/\/mutti-parma.com\/app\/uploads\/sites\/8\/2020\/08\/product-update-wordpress-3-150x228.png 150w, https:\/\/mutti-parma.com\/app\/uploads\/sites\/8\/2020\/08\/product-update-wordpress-3-600x910.png 600w, https:\/\/mutti-parma.com\/app\/uploads\/sites\/8\/2020\/08\/product-update-wordpress-3-1013x1536.png 1013w\" loading=\"lazy\" \/><\/div>\n    <\/a>\n  \n  <a class=\"block underline mb-2 mt-2\" href=\"https:\/\/mutti-parma.com\/fi\/mutti-tuotteet\/polpa-datterini\/\">\n    <h3 class=\"h4\">Murskatut Datterini tomaatit<\/h3>\n  <\/a>\n\n      <a class=\"block hover:no-underline text-inherit\" href=\"https:\/\/mutti-parma.com\/fi\/mutti-tuotteet\/polpa-datterini\/\">\n      Hieno Tomaattimurska\n    <\/a>\n  <\/div>\n        <\/div>\n          <\/slideshow>\n  <\/div>\n\n\n\n<div class=\"wp-block-cover alignwide has-background-dim-20 has-background-dim\" style=\"background-image:url(https:\/\/mutti-parma.com\/app\/uploads\/sites\/3\/2020\/12\/table.jpg)\"><div class=\"wp-block-cover__inner-container is-layout-flow wp-block-cover-is-layout-flow\">\n<div class=\"wp-block-media-text alignwide is-stacked-on-mobile is-style-default\" style=\"grid-template-columns:32% auto\"><figure class=\"wp-block-media-text__media\"><img loading=\"lazy\" decoding=\"async\" src=\"https:\/\/mutti-parma.com\/app\/uploads\/sites\/3\/2020\/02\/products-essentials-e1582204403666.png\" alt=\"\" class=\"wp-image-300000352\" sizes=\"(max-width: 600px) 100vw, (min-width: 1440px) 461px,32vw\" data-spai-crop=\"false\" srcset=\"https:\/\/mutti-parma.com\/app\/uploads\/sites\/3\/2020\/02\/products-essentials-e1582204403666.png 565w, https:\/\/mutti-parma.com\/app\/uploads\/sites\/3\/2020\/02\/products-essentials-e1582204403666-200x173.png 200w, https:\/\/mutti-parma.com\/app\/uploads\/sites\/3\/2020\/02\/products-essentials-e1582204403666-500x432.png 500w, https:\/\/mutti-parma.com\/app\/uploads\/sites\/3\/2020\/02\/products-essentials-e1582204403666-150x130.png 150w\" \/><\/figure><div class=\"wp-block-media-text__content\">\n<h2 class=\"wp-block-heading\">Tutustu klassikkotuotteisiimme<\/h2>\n\n\n\n<p class=\"is-style-cursive\">L\u00f6yd\u00e4 Polpa, Concentrato, Passata ja Pelati <\/p>\n\n\n\n<div class=\"wp-block-button\"><a class=\"wp-block-button__link\" href=\"https:\/\/mutti-parma.com\/fi\/vertaa-muttin-klassikot\/\">Vertaile klassikkotuotteitamme<\/a><\/div>\n<\/div><\/div>\n<\/div><\/div>\n","protected":false},"excerpt":{"rendered":"<p>T\u00c4LLAINEN ON POLPA Sinne, miss\u00e4 kaivataan tuoretta tomaattia Hieno tomaattimurska, paseerattu tomaatti, konsentroitu tomaatti ja kuoritut tomaatit ovat Muttin klassikkoja. Niist\u00e4 jokaisella on oma v\u00e4rins\u00e4, makunsa ja koostumuksensa, jotka antavat tuotteille niiden tunnusomaisen luonteen. Hieno tomaattimurska on voimakkaan punaista ja t\u00e4ytel\u00e4ist\u00e4. Se maistuu hyv\u00e4lt\u00e4 kuin tuoreet tomaatit. Tunnet nyt tuotteemme \u2013 on aika kokata!<\/p>\n","protected":false},"featured_media":11936,"comment_status":"open","ping_status":"closed","template":"","product_category":[47],"class_list":["post-353","product","type-product","status-publish","has-post-thumbnail","hentry","product_category-product-category-37"],"acf":[],"_links":{"self":[{"href":"https:\/\/mutti-parma.com\/fi\/wp-json\/wp\/v2\/product\/353","targetHints":{"allow":["GET"]}}],"collection":[{"href":"https:\/\/mutti-parma.com\/fi\/wp-json\/wp\/v2\/product"}],"about":[{"href":"https:\/\/mutti-parma.com\/fi\/wp-json\/wp\/v2\/types\/product"}],"replies":[{"embeddable":true,"href":"https:\/\/mutti-parma.com\/fi\/wp-json\/wp\/v2\/comments?post=353"}],"version-history":[{"count":30,"href":"https:\/\/mutti-parma.com\/fi\/wp-json\/wp\/v2\/product\/353\/revisions"}],"predecessor-version":[{"id":11955,"href":"https:\/\/mutti-parma.com\/fi\/wp-json\/wp\/v2\/product\/353\/revisions\/11955"}],"wp:featuredmedia":[{"embeddable":true,"href":"https:\/\/mutti-parma.com\/fi\/wp-json\/wp\/v2\/media\/11936"}],"wp:attachment":[{"href":"https:\/\/mutti-parma.com\/fi\/wp-json\/wp\/v2\/media?parent=353"}],"wp:term":[{"taxonomy":"product_category","embeddable":true,"href":"https:\/\/mutti-parma.com\/fi\/wp-json\/wp\/v2\/product_category?post=353"}],"curies":[{"name":"wp","href":"https:\/\/api.w.org\/{rel}","templated":true}]}}