{"id":647,"date":"2019-10-07T09:04:03","date_gmt":"2019-10-07T09:04:03","guid":{"rendered":"https:\/\/mutti-parma.com\/fi\/?post_type=product&#038;p=647"},"modified":"2023-03-02T14:24:35","modified_gmt":"2023-03-02T14:24:35","slug":"datterino-tomaatit","status":"publish","type":"product","link":"https:\/\/mutti-parma.com\/fi\/mutti-tuotteet\/datterino-tomaatit\/","title":{"rendered":"Datterini tomaatit"},"content":{"rendered":"\n<div style=\"--media-width: 50\" class=\"wp-block-media-text alignwide has-media-on-the-right is-stacked-on-mobile is-style-hero has-background-image\"><img loading=\"lazy\" decoding=\"async\" class=\"wp-block-media-text__background\" alt=\"\" data-spai-crop=\"true\" src=\"https:\/\/mutti-parma.com\/app\/uploads\/sites\/8\/2019\/10\/baby-roma-edited-1.jpg\" \/><figure class=\"wp-block-media-text__media\"><img loading=\"lazy\" decoding=\"async\" src=\"https:\/\/mutti-parma.com\/app\/uploads\/sites\/3\/2019\/09\/datterini-400g-hires-y-675x1024.png\" alt=\"\" class=\"wp-image-300000201\" sizes=\"(min-width: 1440px) 528px,37vw\" data-spai-crop=\"false\" srcset=\"https:\/\/mutti-parma.com\/app\/uploads\/sites\/3\/2019\/09\/datterini-400g-hires-y-675x1024.png 675w, https:\/\/mutti-parma.com\/app\/uploads\/sites\/3\/2019\/09\/datterini-400g-hires-y-132x200.png 132w, https:\/\/mutti-parma.com\/app\/uploads\/sites\/3\/2019\/09\/datterini-400g-hires-y-330x500.png 330w, https:\/\/mutti-parma.com\/app\/uploads\/sites\/3\/2019\/09\/datterini-400g-hires-y-768x1165.png 768w, https:\/\/mutti-parma.com\/app\/uploads\/sites\/3\/2019\/09\/datterini-400g-hires-y-150x228.png 150w, https:\/\/mutti-parma.com\/app\/uploads\/sites\/3\/2019\/09\/datterini-400g-hires-y-600x910.png 600w, https:\/\/mutti-parma.com\/app\/uploads\/sites\/3\/2019\/09\/datterini-400g-hires-y.png 1200w\" \/><\/figure><div class=\"wp-block-media-text__content\"><div class=\"acf-breadcrumb my-4 md:my-8 text-center md:text-left\">\n  <nav>\n  <ol class=\"list-none text-md\">\n                  <li class=\"inline\">\n                      <a class=\"text-inherit\" href=\"https:\/\/mutti-parma.com\/fi\/\">\n              Italialaiset tomaatit\n            <\/a>\n                                <span aria-hidden=\"true\">\/&nbsp;<\/span>\n                  <\/li>\n                        <li class=\"inline\">\n                      <a class=\"text-inherit\" href=\"https:\/\/mutti-parma.com\/fi\/mutti-tuotteet\/\">\n              Products\n            <\/a>\n                            <\/li>\n            <\/ol>\n<\/nav>\n<\/div>\n\n\n\n<h1 class=\"has-primary-color wp-block-heading\">Datterini tomaatit<\/h1>\n\n\n\n<p class=\"has-xxl-font-size is-style-cursive\">Kuoritut Tomaatit<\/p>\n\n\n\n<p>Datterino-tomaatit ovat pitk\u00e4nmuotoisia ja maukkaita kirsikkatomaatteja, joiden maku on makea ja koostumus mehev\u00e4. Ne ker\u00e4t\u00e4\u00e4n ja ty\u00f6stet\u00e4\u00e4n huolellisesti mahdollisimman lyhyess\u00e4 ajassa, jotta ne s\u00e4ilytt\u00e4v\u00e4t juuri poimitun tomaatin tuoreuden. Koska datterinien kuori on ohut ja hieno, ne ovat ihanteellisia lyhytt\u00e4 keittoaikaa vaativien kastikkeiden sek\u00e4 arvokkaiden \u00e4yr\u00e4isten valmistamiseen<\/p>\n\n\n\n\n<\/div><\/div>\n\n\n\n\n\n\n\n\n\n\n\n<hr class=\"wp-block-separator alignwide\"\/>\n\n\n<div class=\"acf-comments alignwide my-8\">\n  <div class=\"flex flex-wrap mb-4 items-center text-center sm:text-left px-0 sm:px-2 md:px-0\">\n    <h3 class=\"w-full sm:w-auto is-style-cursive text-primary my-0 leading-none\">Share and review<\/h3>\n    <div class=\"w-full sm:w-auto flex-auto mt-1 sm:ml-8\">\n          <\/div>\n\n          <div class=\"mx-auto sm:ml-0 mt-3 sm:mt-0\">\n                  <div\n  class=\"shariff\"\n  data-button-style=\"icon\"\n  data-mail-body=\"https:\/\/mutti-parma.com\/fi\/mutti-tuotteet\/datterino-tomaatit\/\"\n  data-mail-subject=\"Datterini tomaatit - Mutti\"\n  data-mail-url=\"mailto:\"\n  data-media-url=\"https:\/\/mutti-parma.com\/app\/uploads\/sites\/3\/2019\/09\/datterini-400g-hires-y.png\"\n  data-services=\"[&#039;facebook&#039;, &#039;twitter&#039;, &#039;whatsapp&#039;, &#039;pinterest&#039;, &#039;mail&#039;]\"\n><\/div>\n              <\/div>\n      <\/div>\n\n  <div>\n                <\/div>\n<\/div>\n\n\n\n<hr class=\"wp-block-separator alignwide\"\/>\n\n\n\n<div class=\"wp-block-cover alignwide has-background-dim-80 has-darkred-background-color has-background-dim\" style=\"background-image:url(https:\/\/mutti-parma.com\/app\/uploads\/sites\/3\/2019\/09\/tomatoes.jpg)\"><div class=\"wp-block-cover__inner-container is-layout-flow wp-block-cover-is-layout-flow\">\n<div class=\"wp-block-columns alignwide is-layout-flex wp-container-core-columns-is-layout-9d6595d7 wp-block-columns-is-layout-flex\">\n<div class=\"wp-block-column is-layout-flow wp-block-column-is-layout-flow\">\n<h2 class=\"wp-block-heading\" id=\"kestava-kehitys\"><strong>KEST\u00c4V\u00c4 KEHITYS<\/strong><\/h2>\n\n\n\n<p class=\"is-style-cursive mb-0\">Meille kest\u00e4v\u00e4 kehitys merkitsee kunnioitusta maata kohtaan.<\/p>\n\n\n\n<h4 class=\"wp-block-heading\">YHTEISTY\u00d6 ITALIAN WWF:N KANSSA<\/h4>\n\n\n\n<p>Olemme ty\u00f6skennelleet Italian WWF:n kanssa v\u00e4hent\u00e4\u00e4ksemme vedenkulutustamme ja hiilidioksidip\u00e4\u00e4st\u00f6j\u00e4mme. Pyrimme my\u00f6s jatkuvasti kehitt\u00e4m\u00e4\u00e4n koko tuotantoketjuamme v\u00e4hent\u00e4\u00e4ksemme toimintamme ymp\u00e4rist\u00f6kuormitusta.  <\/p>\n\n\n\n<p>Italian WWF auttoi meit\u00e4 asettamaan tavoitteita ja antoi viljelij\u00f6ille mahdollisuuden analysoida ja tunnistaa vaikuttamisen keinoja. J\u00e4rjest\u00f6 suositteli meit\u00e4 k\u00e4ytt\u00e4m\u00e4\u00e4n maaper\u00e4n kosteutta mittaavia tunnistimia, joiden avulla saimme hy\u00f6dyllist\u00e4 tietoa tehokkaasta vedenk\u00e4yt\u00f6st\u00e4. <\/p>\n\n\n\n<p>Mutti sijoitti teknologiaan, koulutukseen sek\u00e4 maanviljelij\u00f6iden ja maanviljelyj\u00e4rjest\u00f6jen tekniseen tukemiseen. Viiden vuoden yhteisprojektin j\u00e4lkeen olemme yh\u00e4 sitoutuneita pienent\u00e4m\u00e4\u00e4n ymp\u00e4rist\u00f6vaikutuksiamme ja etsimme jatkuvasti uusia keinoja tuotantomme kest\u00e4vyyden parantamiseksi.<\/p>\n<\/div>\n\n\n\n<div class=\"wp-block-column is-layout-flow wp-block-column-is-layout-flow\">\n<h2 class=\"has-text-align-center wp-block-heading\">TULOKSET:<\/h2>\n\n\n\n<div class=\"wp-block-columns is-layout-flex wp-container-core-columns-is-layout-9d6595d7 wp-block-columns-is-layout-flex\">\n<div class=\"wp-block-column is-layout-flow wp-block-column-is-layout-flow\">\n<div class=\"wp-block-image\"><figure class=\"aligncenter size-large is-resized\"><img loading=\"lazy\" decoding=\"async\" src=\"https:\/\/mutti-parma.com\/app\/uploads\/sites\/3\/2019\/09\/icon-sustainable-water.svg\" alt=\"\" class=\"wp-image-30000085\" width=\"53\" height=\"91\" \/><\/figure><\/div>\n\n\n\n<h4 class=\"has-text-align-center wp-block-heading\"><br>+1000 MILJOONAA S\u00c4\u00c4STETTY\u00c4 VESILITRAA*<\/h4>\n\n\n\n<p class=\"has-text-align-center has-sm-font-size\">*&nbsp; Vuosien 2012\u20132014 v\u00e4lill\u00e4. (L\u00e4hde: CMCC, WWF ja Mediterranean Climate Change Center in Italy)<\/p>\n<\/div>\n\n\n\n<div class=\"wp-block-column is-layout-flow wp-block-column-is-layout-flow\">\n<div class=\"wp-block-image\"><figure class=\"aligncenter size-large is-resized\"><img loading=\"lazy\" decoding=\"async\" src=\"https:\/\/mutti-parma.com\/app\/uploads\/sites\/3\/2019\/09\/icon-sustainable-co2.svg\" alt=\"\" class=\"wp-image-30000086\" width=\"114\" height=\"88\" \/><\/figure><\/div>\n\n\n\n<h4 class=\"has-text-align-center wp-block-heading\"><br>+31 530 TONNIA V\u00c4LTETTYJ\u00c4 CO2 P\u00c4\u00c4ST\u00d6J\u00c4*<\/h4>\n\n\n\n<p class=\"has-text-align-center has-sm-font-size\">* Vuosien 2010\u20132015 v\u00e4lill\u00e4 verrattuna vuoden 2009 tasoihin. (L\u00e4hde: Italian WWF:n ja energiatehokkuusryhm\u00e4 Officinae Verdin tiedot)<\/p>\n<\/div>\n<\/div>\n<\/div>\n<\/div>\n<\/div><\/div>\n\n\n\n\n\n\n\n\n\n\n<div class=\"acf-related-recipes alignwide pb-8 \" data-vue-wrapper>\n      <slideshow :slides-per-view=\"3\" :navigation=\"true\" name=\"Related Recipes\">\n              <div class=\"swiper-slide\">\n          <div class=\"teaser--recipe text-center hover:zoom-img\">\n      <a href=\"https:\/\/mutti-parma.com\/fi\/tomaattireseptit\/vihannescurrya-ja-thaimaalaista-riisia\/\" class=\"relative block mb-4 max-w-96 mx-auto\" aria-hidden=\"true\" tabindex=\"-1\">\n      <div class=\"responsive-embed \" style=\"padding-bottom: 108.79765395894%;\">\n                <img decoding=\"async\" width=\"3000\" height=\"3000\" src=\"https:\/\/mutti-parma.com\/app\/uploads\/sites\/8\/2021\/04\/1a2a2922.jpg\" class=\"inline-block wp-image-6668\" alt=\"Thaimaalainen curry\" sizes=\"auto, (max-width: 600px) 72vw, 431px\" data-spai-crop=\"true\" title=\"Thaimaalainen curry\" srcset=\"https:\/\/mutti-parma.com\/app\/uploads\/sites\/8\/2021\/04\/1a2a2922.jpg 3000w, https:\/\/mutti-parma.com\/app\/uploads\/sites\/8\/2021\/04\/1a2a2922-200x200.jpg 200w, https:\/\/mutti-parma.com\/app\/uploads\/sites\/8\/2021\/04\/1a2a2922-500x500.jpg 500w, https:\/\/mutti-parma.com\/app\/uploads\/sites\/8\/2021\/04\/1a2a2922-768x768.jpg 768w, https:\/\/mutti-parma.com\/app\/uploads\/sites\/8\/2021\/04\/1a2a2922-1024x1024.jpg 1024w, https:\/\/mutti-parma.com\/app\/uploads\/sites\/8\/2021\/04\/1a2a2922-150x150.jpg 150w, https:\/\/mutti-parma.com\/app\/uploads\/sites\/8\/2021\/04\/1a2a2922-600x600.jpg 600w, https:\/\/mutti-parma.com\/app\/uploads\/sites\/8\/2021\/04\/1a2a2922-50x50.jpg 50w\" loading=\"lazy\" \/>\n      <\/div>\n\n          <\/a>\n  \n  \n      <a class=\"is-style-cursive heading block text-primary leading-none\" href=\"https:\/\/mutti-parma.com\/fi\/mutti-tuotteet\/datterino-tomaatit\/\">\n      Datterini tomaatit\n    <\/a>\n  \n  <a class=\"block my-4\" href=\"https:\/\/mutti-parma.com\/fi\/tomaattireseptit\/vihannescurrya-ja-thaimaalaista-riisia\/\">\n          <h3>Thaimaalainen curry<\/h3>\n      <\/a>\n\n      <a class=\"block hover:no-underline text-black\" href=\"https:\/\/mutti-parma.com\/fi\/tomaattireseptit\/vihannescurrya-ja-thaimaalaista-riisia\/\">\n      Vihannescurry thaimaalaisen riisin kera valmistuu alle puolessa tunnissa ja siit\u00e4 riitt\u00e4\u00e4 sy\u00f6t\u00e4v\u00e4\u00e4 nelj\u00e4lle hengelle. Tutustu reseptiin t\u00e4\u00e4lt\u00e4!\n    <\/a>\n  \n  <div class=\"flex items-center justify-center my-4\">\n    <div class=\"-ml-2 mr-2 pr-4 border-primary border-r-2 pt-2\">\n    <p class=\"flex flex-wrap items-end font-heavy text-primary leading-none justify-center\">\n      <img decoding=\"async\" alt=\"Total time\" class=\"w-10 md:w-12 mx-3 mb-2\" src=\"https:\/\/mutti-parma.com\/app\/themes\/mutti\/dist\/images\/icons\/mutti-product-icons-reduced-cooking-time.svg?id=dc737ade6befaad1eaaf\" width=\"54\" height=\"26\" loading=\"lazy\">\n      <span class=\"mb-2\">\n        25&nbsp;min\n      <\/span>\n    <\/p>\n  <\/div>\n  <div class=\"pt-2\">\n    <p class=\"flex flex-wrap items-end font-heavy uppercase text-primary leading-none justify-center\">\n      <img decoding=\"async\" alt=\"Difficulty\" class=\"w-10 md:w-12 mx-3 mb-2\" src=\"https:\/\/mutti-parma.com\/app\/themes\/mutti\/dist\/images\/icons\/mutti-product-icons-stove-top.svg?id=5f4b0df898a96e10ac63\" width=\"54\" height=\"18\" loading=\"lazy\">\n      <span class=\"mb-2\">\n        Keskiverto\n      <\/span>\n    <\/p>\n  <\/div>\n  <\/div>\n<\/div>\n        <\/div>\n          <\/slideshow>\n  \n  <hr class=\"alignwide wp-block-separator\">\n\n      <p class=\"text-center\">\n      <a class=\"h3 underline\" href=\"https:\/\/mutti-parma.com\/fi\/tomaattireseptit\/\">N\u00e4e kaikki herkulliset reseptimme<\/a>\n    <\/p>\n  <\/div>\n\n\n<div class=\"acf-related-products mb-8 lg:mb-16 \" data-vue-wrapper>\n      <h3 class=\"text-center\">Muita tuotteita kategoriassa<\/h3>\n  \n      <slideshow :slides-per-view=\"3\" :navigation=\"true\" class=\"mx-8 lg:-mx-12\" name=\"Related Products\">\n              <div class=\"swiper-slide\">\n          <div class=\"text-center hover:lift-img mx-auto max-w-28\">\n      <a href=\"https:\/\/mutti-parma.com\/fi\/mutti-tuotteet\/kirsikkatomaatti\/\" class=\"block\">\n            <div class=\"responsive-embed is-contain\" style=\"padding-bottom: 188.23529411765%;\"><img decoding=\"async\" width=\"1200\" height=\"1820\" src=\"https:\/\/mutti-parma.com\/app\/uploads\/sites\/8\/2019\/09\/pomodorini-400g-highres-nordic.png\" class=\"inline-block mt-2 wp-image-204\" alt=\"Kirsikkatomaatit\" sizes=\"auto, 126px\" data-spai-crop=\"false\" title=\"Kirsikkatomaatit\" srcset=\"https:\/\/mutti-parma.com\/app\/uploads\/sites\/8\/2019\/09\/pomodorini-400g-highres-nordic.png 1200w, https:\/\/mutti-parma.com\/app\/uploads\/sites\/8\/2019\/09\/pomodorini-400g-highres-nordic-132x200.png 132w, https:\/\/mutti-parma.com\/app\/uploads\/sites\/8\/2019\/09\/pomodorini-400g-highres-nordic-330x500.png 330w, https:\/\/mutti-parma.com\/app\/uploads\/sites\/8\/2019\/09\/pomodorini-400g-highres-nordic-768x1165.png 768w, https:\/\/mutti-parma.com\/app\/uploads\/sites\/8\/2019\/09\/pomodorini-400g-highres-nordic-675x1024.png 675w, https:\/\/mutti-parma.com\/app\/uploads\/sites\/8\/2019\/09\/pomodorini-400g-highres-nordic-150x228.png 150w, https:\/\/mutti-parma.com\/app\/uploads\/sites\/8\/2019\/09\/pomodorini-400g-highres-nordic-600x910.png 600w\" loading=\"lazy\" \/><\/div>\n    <\/a>\n  \n  <a class=\"block underline mb-2 mt-2\" href=\"https:\/\/mutti-parma.com\/fi\/mutti-tuotteet\/kirsikkatomaatti\/\">\n    <h3 class=\"h4\">Kirsikkatomaatit<\/h3>\n  <\/a>\n\n      <a class=\"block hover:no-underline text-inherit\" href=\"https:\/\/mutti-parma.com\/fi\/mutti-tuotteet\/kirsikkatomaatti\/\">\n      Erikoisuudet\n    <\/a>\n  <\/div>\n        <\/div>\n              <div class=\"swiper-slide\">\n          <div class=\"text-center hover:lift-img mx-auto max-w-28\">\n      <a href=\"https:\/\/mutti-parma.com\/fi\/mutti-tuotteet\/fileroidut-tomaatit\/\" class=\"block\">\n            <div class=\"responsive-embed is-contain\" style=\"padding-bottom: 188.23529411765%;\"><img decoding=\"async\" width=\"1200\" height=\"1820\" src=\"https:\/\/mutti-parma.com\/app\/uploads\/sites\/3\/2019\/09\/filetti-grafica-aggiornata-hires.png\" class=\"inline-block mt-2 wp-image-300000202\" alt=\"filetti skraellede tomatskiver\" sizes=\"auto, 126px\" data-spai-crop=\"false\" srcset=\"https:\/\/mutti-parma.com\/app\/uploads\/sites\/3\/2019\/09\/filetti-grafica-aggiornata-hires.png 1200w, https:\/\/mutti-parma.com\/app\/uploads\/sites\/3\/2019\/09\/filetti-grafica-aggiornata-hires-132x200.png 132w, https:\/\/mutti-parma.com\/app\/uploads\/sites\/3\/2019\/09\/filetti-grafica-aggiornata-hires-330x500.png 330w, https:\/\/mutti-parma.com\/app\/uploads\/sites\/3\/2019\/09\/filetti-grafica-aggiornata-hires-768x1165.png 768w, https:\/\/mutti-parma.com\/app\/uploads\/sites\/3\/2019\/09\/filetti-grafica-aggiornata-hires-675x1024.png 675w, https:\/\/mutti-parma.com\/app\/uploads\/sites\/3\/2019\/09\/filetti-grafica-aggiornata-hires-150x228.png 150w, https:\/\/mutti-parma.com\/app\/uploads\/sites\/3\/2019\/09\/filetti-grafica-aggiornata-hires-600x910.png 600w\" loading=\"lazy\" \/><\/div>\n    <\/a>\n  \n  <a class=\"block underline mb-2 mt-2\" href=\"https:\/\/mutti-parma.com\/fi\/mutti-tuotteet\/fileroidut-tomaatit\/\">\n    <h3 class=\"h4\">Fileroidut tomaatit<\/h3>\n  <\/a>\n\n      <a class=\"block hover:no-underline text-inherit\" href=\"https:\/\/mutti-parma.com\/fi\/mutti-tuotteet\/fileroidut-tomaatit\/\">\n      Erikoisuudet\n    <\/a>\n  <\/div>\n        <\/div>\n              <div class=\"swiper-slide\">\n          <div class=\"text-center hover:lift-img mx-auto max-w-28\">\n      <a href=\"https:\/\/mutti-parma.com\/fi\/mutti-tuotteet\/kuoritut-san-marzano-tomaatit\/\" class=\"block\">\n            <div class=\"responsive-embed is-contain\" style=\"padding-bottom: 188.23529411765%;\"><img decoding=\"async\" width=\"1200\" height=\"1820\" src=\"https:\/\/mutti-parma.com\/app\/uploads\/sites\/8\/2019\/09\/san-marzano-400g.png\" class=\"inline-block mt-2 wp-image-713\" alt=\"San Marzano tomaatit\" sizes=\"auto, 126px\" data-spai-crop=\"false\" title=\"San Marzano tomaatit\" srcset=\"https:\/\/mutti-parma.com\/app\/uploads\/sites\/8\/2019\/09\/san-marzano-400g.png 1200w, https:\/\/mutti-parma.com\/app\/uploads\/sites\/8\/2019\/09\/san-marzano-400g-132x200.png 132w, https:\/\/mutti-parma.com\/app\/uploads\/sites\/8\/2019\/09\/san-marzano-400g-330x500.png 330w, https:\/\/mutti-parma.com\/app\/uploads\/sites\/8\/2019\/09\/san-marzano-400g-768x1165.png 768w, https:\/\/mutti-parma.com\/app\/uploads\/sites\/8\/2019\/09\/san-marzano-400g-675x1024.png 675w, https:\/\/mutti-parma.com\/app\/uploads\/sites\/8\/2019\/09\/san-marzano-400g-150x228.png 150w, https:\/\/mutti-parma.com\/app\/uploads\/sites\/8\/2019\/09\/san-marzano-400g-600x910.png 600w\" loading=\"lazy\" \/><\/div>\n    <\/a>\n  \n  <a class=\"block underline mb-2 mt-2\" href=\"https:\/\/mutti-parma.com\/fi\/mutti-tuotteet\/kuoritut-san-marzano-tomaatit\/\">\n    <h3 class=\"h4\">San Marzano tomaatit<\/h3>\n  <\/a>\n\n      <a class=\"block hover:no-underline text-inherit\" href=\"https:\/\/mutti-parma.com\/fi\/mutti-tuotteet\/kuoritut-san-marzano-tomaatit\/\">\n      Erikoisuudet\n    <\/a>\n  <\/div>\n        <\/div>\n          <\/slideshow>\n  <\/div>\n\n\n\n<div class=\"wp-block-cover alignwide has-background-dim-20 has-background-dim\" style=\"background-image:url(https:\/\/mutti-parma.com\/app\/uploads\/sites\/3\/2020\/12\/table.jpg)\"><div class=\"wp-block-cover__inner-container is-layout-flow wp-block-cover-is-layout-flow\">\n<div class=\"wp-block-media-text alignwide is-stacked-on-mobile is-style-default\" style=\"grid-template-columns:32% auto\"><figure class=\"wp-block-media-text__media\"><img loading=\"lazy\" decoding=\"async\" src=\"https:\/\/mutti-parma.com\/app\/uploads\/sites\/3\/2020\/02\/products-essentials-e1582204403666.png\" alt=\"\" class=\"wp-image-300000352\" sizes=\"(max-width: 600px) 100vw, (min-width: 1440px) 461px,32vw\" data-spai-crop=\"false\" srcset=\"https:\/\/mutti-parma.com\/app\/uploads\/sites\/3\/2020\/02\/products-essentials-e1582204403666.png 565w, https:\/\/mutti-parma.com\/app\/uploads\/sites\/3\/2020\/02\/products-essentials-e1582204403666-200x173.png 200w, https:\/\/mutti-parma.com\/app\/uploads\/sites\/3\/2020\/02\/products-essentials-e1582204403666-500x432.png 500w, https:\/\/mutti-parma.com\/app\/uploads\/sites\/3\/2020\/02\/products-essentials-e1582204403666-150x130.png 150w\" \/><\/figure><div class=\"wp-block-media-text__content\">\n<h2 class=\"wp-block-heading\">Tutustu klassikkotuotteisiimme<\/h2>\n\n\n\n<p class=\"is-style-cursive\">L\u00f6yd\u00e4 Polpa, Concentrato, Passata ja Pelati <\/p>\n\n\n\n<div class=\"wp-block-button\"><a class=\"wp-block-button__link\" href=\"https:\/\/mutti-parma.com\/fi\/vertaa-muttin-klassikot\/\">Vertaile klassikkotuotteitamme<\/a><\/div>\n<\/div><\/div>\n<\/div><\/div>\n","protected":false},"excerpt":{"rendered":"","protected":false},"featured_media":300000201,"comment_status":"open","ping_status":"closed","template":"","product_category":[],"class_list":["post-647","product","type-product","status-publish","has-post-thumbnail","hentry"],"acf":[],"_links":{"self":[{"href":"https:\/\/mutti-parma.com\/fi\/wp-json\/wp\/v2\/product\/647","targetHints":{"allow":["GET"]}}],"collection":[{"href":"https:\/\/mutti-parma.com\/fi\/wp-json\/wp\/v2\/product"}],"about":[{"href":"https:\/\/mutti-parma.com\/fi\/wp-json\/wp\/v2\/types\/product"}],"replies":[{"embeddable":true,"href":"https:\/\/mutti-parma.com\/fi\/wp-json\/wp\/v2\/comments?post=647"}],"version-history":[{"count":25,"href":"https:\/\/mutti-parma.com\/fi\/wp-json\/wp\/v2\/product\/647\/revisions"}],"predecessor-version":[{"id":9373,"href":"https:\/\/mutti-parma.com\/fi\/wp-json\/wp\/v2\/product\/647\/revisions\/9373"}],"wp:featuredmedia":[{"embeddable":true,"href":"https:\/\/mutti-parma.com\/fi\/wp-json\/wp\/v2\/media\/201"}],"wp:attachment":[{"href":"https:\/\/mutti-parma.com\/fi\/wp-json\/wp\/v2\/media?parent=647"}],"wp:term":[{"taxonomy":"product_category","embeddable":true,"href":"https:\/\/mutti-parma.com\/fi\/wp-json\/wp\/v2\/product_category?post=647"}],"curies":[{"name":"wp","href":"https:\/\/api.w.org\/{rel}","templated":true}]}}