{"id":21515,"date":"2024-06-05T11:55:23","date_gmt":"2024-06-05T11:55:23","guid":{"rendered":"https:\/\/mutti-parma.com\/fr\/?page_id=21515"},"modified":"2025-02-26T09:45:49","modified_gmt":"2025-02-26T09:45:49","slug":"presse","status":"publish","type":"page","link":"https:\/\/mutti-parma.com\/fr\/presse\/","title":{"rendered":"presse"},"content":{"rendered":"\n<div class=\"wp-block-cover alignfull\"><span aria-hidden=\"true\" class=\"wp-block-cover__background has-pitchblack-background-color has-background-dim\"><\/span><img loading=\"lazy\" decoding=\"async\" width=\"2560\" height=\"1922\" class=\"wp-block-cover__image-background wp-image-22480\" alt=\"\" src=\"https:\/\/mutti-parma.com\/app\/uploads\/sites\/17\/2025\/02\/foto-campi-pomodori-scaled.jpg\" style=\"object-position:53% 47%\" data-object-fit=\"cover\" data-object-position=\"53% 47%\" data-spai-crop=\"false\" srcset=\"https:\/\/mutti-parma.com\/app\/uploads\/sites\/17\/2025\/02\/foto-campi-pomodori-scaled.jpg 2560w, https:\/\/mutti-parma.com\/app\/uploads\/sites\/17\/2025\/02\/foto-campi-pomodori-500x375.jpg 500w, https:\/\/mutti-parma.com\/app\/uploads\/sites\/17\/2025\/02\/foto-campi-pomodori-1024x769.jpg 1024w, https:\/\/mutti-parma.com\/app\/uploads\/sites\/17\/2025\/02\/foto-campi-pomodori-200x150.jpg 200w, https:\/\/mutti-parma.com\/app\/uploads\/sites\/17\/2025\/02\/foto-campi-pomodori-768x577.jpg 768w, https:\/\/mutti-parma.com\/app\/uploads\/sites\/17\/2025\/02\/foto-campi-pomodori-150x113.jpg 150w, https:\/\/mutti-parma.com\/app\/uploads\/sites\/17\/2025\/02\/foto-campi-pomodori-600x450.jpg 600w, https:\/\/mutti-parma.com\/app\/uploads\/sites\/17\/2025\/02\/foto-campi-pomodori-1536x1153.jpg 1536w, https:\/\/mutti-parma.com\/app\/uploads\/sites\/17\/2025\/02\/foto-campi-pomodori-2048x1538.jpg 2048w, https:\/\/mutti-parma.com\/app\/uploads\/sites\/17\/2025\/02\/foto-campi-pomodori-800x600.jpg 800w\" sizes=\"(max-width: 2560px) 100vw, 2560px\" \/><div class=\"wp-block-cover__inner-container is-layout-flow wp-block-cover-is-layout-flow\"><div class=\"acf-breadcrumb my-4 md:my-8 text-center\">\n  <nav>\n  <ol class=\"list-none text-md\">\n                  <li class=\"inline\">\n                      <a class=\"text-inherit\" href=\"https:\/\/mutti-parma.com\/fr\/\">\n              Accueil\n            <\/a>\n                            <\/li>\n            <\/ol>\n<\/nav>\n<\/div>\n\n\n\n<h1 class=\"wp-block-heading has-text-align-center\">Presse<\/h1>\n\n\n<\/div><\/div>\n\n\n<div\n  class=\"acf-content-listing alignwide\"\n  >\n  <div class=\"flex -mx-6 -mt-5 md:-mt-6 flex-wrap\">\n           <div class=\"w-1\/1 sm:w-1\/2 md:w-1\/3 px-6 py-5 md:py-6\">\n        <div class=\"max-w-96 mx-auto\">\n      <a href=\"https:\/\/mutti-parma.com\/app\/uploads\/sites\/17\/2025\/10\/cs-francia.pdf\" class=\"block\" target=\"_blank\">\n      <div class=\"responsive-embed \" style=\"padding-bottom: 67.567567567568%;\"><img decoding=\"async\" width=\"2560\" height=\"1707\" src=\"https:\/\/mutti-parma.com\/app\/uploads\/sites\/17\/2025\/10\/francesco-mutti-v.6-scaled.jpg\" class=\"inline-block wp-image-23238\" alt=\"R\u00c9COLTE MUTTI 2025 : UNE QUALIT\u00c9 EXCEPTIONELLE ET DES VOLUMES EN HAUSSE QUI SOUTIENNENT LA CROISSANCE DU GROUPE\" data-spai-crop=\"true\" title=\"R\u00c9COLTE MUTTI 2025 : UNE QUALIT\u00c9 EXCEPTIONELLE ET DES VOLUMES EN HAUSSE QUI SOUTIENNENT LA CROISSANCE DU GROUPE\" srcset=\"https:\/\/mutti-parma.com\/app\/uploads\/sites\/17\/2025\/10\/francesco-mutti-v.6-scaled.jpg 2560w, https:\/\/mutti-parma.com\/app\/uploads\/sites\/17\/2025\/10\/francesco-mutti-v.6-500x333.jpg 500w, https:\/\/mutti-parma.com\/app\/uploads\/sites\/17\/2025\/10\/francesco-mutti-v.6-1024x683.jpg 1024w, https:\/\/mutti-parma.com\/app\/uploads\/sites\/17\/2025\/10\/francesco-mutti-v.6-200x133.jpg 200w, https:\/\/mutti-parma.com\/app\/uploads\/sites\/17\/2025\/10\/francesco-mutti-v.6-768x512.jpg 768w, https:\/\/mutti-parma.com\/app\/uploads\/sites\/17\/2025\/10\/francesco-mutti-v.6-150x100.jpg 150w, https:\/\/mutti-parma.com\/app\/uploads\/sites\/17\/2025\/10\/francesco-mutti-v.6-600x400.jpg 600w, https:\/\/mutti-parma.com\/app\/uploads\/sites\/17\/2025\/10\/francesco-mutti-v.6-1536x1024.jpg 1536w, https:\/\/mutti-parma.com\/app\/uploads\/sites\/17\/2025\/10\/francesco-mutti-v.6-2048x1365.jpg 2048w\" sizes=\"auto, (max-width: 2560px) 100vw, 2560px\" loading=\"lazy\" \/><\/div>\n    <\/a>\n  \n  <div class=\"flex h5\">\n    <div>\n      20\/10\/2025\n    <\/div>\n      <\/div>\n\n  <a class=\"block no-underline mb-2 hover:underline\" href=\"https:\/\/mutti-parma.com\/app\/uploads\/sites\/17\/2025\/10\/cs-francia.pdf\" target=\"_blank\">\n    <h3>R\u00c9COLTE MUTTI 2025 : UNE QUALIT\u00c9 EXCEPTIONELLE ET DES VOLUMES EN HAUSSE QUI SOUTIENNENT LA CROISSANCE DU GROUPE<\/h3>\n  <\/a>\n\n  <a class=\"block h5 underline\" href=\"https:\/\/mutti-parma.com\/app\/uploads\/sites\/17\/2025\/10\/cs-francia.pdf\" download target=\"_blank\">\n    T\u00e9l\u00e9charger le PDF\n  <\/a>\n<\/div>\n      <\/div>\n           <div class=\"w-1\/1 sm:w-1\/2 md:w-1\/3 px-6 py-5 md:py-6\">\n        <div class=\"max-w-96 mx-auto\">\n      <a href=\"https:\/\/mutti-parma.com\/app\/uploads\/sites\/17\/2024\/06\/rp-mutti-consolide-ses-positions-en-france-son-deuxieme-marche-apres-litalie-1.pdf\" class=\"block\" target=\"_blank\">\n      <div class=\"responsive-embed \" style=\"padding-bottom: 67.567567567568%;\"><img decoding=\"async\" width=\"2560\" height=\"1710\" src=\"https:\/\/mutti-parma.com\/app\/uploads\/sites\/17\/2024\/06\/muttiglobal-factory-06631-1-scaled.jpg\" class=\"inline-block wp-image-21520\" alt=\"LEADER DU MARCH\u00c9 DES TOMATES EN CONSERVE EN ITALIE ET EN EUROPE, CONSOLIDE SES POSITIONS EN FRANCE, SON DEUXI\u00c8ME MARCH\u00c9 APR\u00c8S L\u2019ITALIE\" data-spai-crop=\"true\" title=\"LEADER DU MARCH\u00c9 DES TOMATES EN CONSERVE EN ITALIE ET EN EUROPE, CONSOLIDE SES POSITIONS EN FRANCE, SON DEUXI\u00c8ME MARCH\u00c9 APR\u00c8S L\u2019ITALIE\" srcset=\"https:\/\/mutti-parma.com\/app\/uploads\/sites\/17\/2024\/06\/muttiglobal-factory-06631-1-scaled.jpg 2560w, https:\/\/mutti-parma.com\/app\/uploads\/sites\/17\/2024\/06\/muttiglobal-factory-06631-1-500x334.jpg 500w, https:\/\/mutti-parma.com\/app\/uploads\/sites\/17\/2024\/06\/muttiglobal-factory-06631-1-1024x684.jpg 1024w, https:\/\/mutti-parma.com\/app\/uploads\/sites\/17\/2024\/06\/muttiglobal-factory-06631-1-200x134.jpg 200w, https:\/\/mutti-parma.com\/app\/uploads\/sites\/17\/2024\/06\/muttiglobal-factory-06631-1-768x513.jpg 768w, https:\/\/mutti-parma.com\/app\/uploads\/sites\/17\/2024\/06\/muttiglobal-factory-06631-1-150x100.jpg 150w, https:\/\/mutti-parma.com\/app\/uploads\/sites\/17\/2024\/06\/muttiglobal-factory-06631-1-600x401.jpg 600w, https:\/\/mutti-parma.com\/app\/uploads\/sites\/17\/2024\/06\/muttiglobal-factory-06631-1-1536x1026.jpg 1536w, https:\/\/mutti-parma.com\/app\/uploads\/sites\/17\/2024\/06\/muttiglobal-factory-06631-1-2048x1368.jpg 2048w\" sizes=\"auto, (max-width: 2560px) 100vw, 2560px\" loading=\"lazy\" \/><\/div>\n    <\/a>\n  \n  <div class=\"flex h5\">\n    <div>\n      05\/06\/2024\n    <\/div>\n      <\/div>\n\n  <a class=\"block no-underline mb-2 hover:underline\" href=\"https:\/\/mutti-parma.com\/app\/uploads\/sites\/17\/2024\/06\/rp-mutti-consolide-ses-positions-en-france-son-deuxieme-marche-apres-litalie-1.pdf\" target=\"_blank\">\n    <h3>LEADER DU MARCH\u00c9 DES TOMATES EN CONSERVE EN ITALIE ET EN EUROPE, CONSOLIDE SES POSITIONS EN FRANCE, SON DEUXI\u00c8ME MARCH\u00c9 APR\u00c8S L\u2019ITALIE<\/h3>\n  <\/a>\n\n  <a class=\"block h5 underline\" href=\"https:\/\/mutti-parma.com\/app\/uploads\/sites\/17\/2024\/06\/rp-mutti-consolide-ses-positions-en-france-son-deuxieme-marche-apres-litalie-1.pdf\" download target=\"_blank\">\n    T\u00e9l\u00e9charger le PDF\n  <\/a>\n<\/div>\n      <\/div>\n          <\/div>\n\n        <\/div>\n\n\n\n<div class=\"wp-block-group alignwide is-style-gradient has-primary-background-color has-background is-layout-flow wp-block-group-is-layout-flow\">\n<p class=\"has-text-align-center is-style-cursive\">Vous ne trouvez pas ce que vous cherchez?<\/p>\n\n\n\n<h2 class=\"wp-block-heading has-text-align-center\">Contactez-nous!<\/h2>\n\n\n\n<div class=\"wp-block-button aligncenter\"><a class=\"wp-block-button__link wp-element-button\" href=\"https:\/\/mutti-parma.com\/fr\/contacts\/\">Aller \u00e0 la page contact<\/a><\/div>\n<\/div>\n","protected":false},"excerpt":{"rendered":"<p>Vous ne trouvez pas ce que vous cherchez? Contactez-nous!<\/p>\n","protected":false},"author":1,"featured_media":21517,"parent":0,"menu_order":5,"comment_status":"closed","ping_status":"closed","template":"","meta":{"_acf_changed":false,"_relevanssi_hide_post":"","_relevanssi_hide_content":"","_relevanssi_pin_for_all":"","_relevanssi_pin_keywords":"","_relevanssi_unpin_keywords":"","_relevanssi_related_keywords":"","_relevanssi_related_include_ids":"","_relevanssi_related_exclude_ids":"","_relevanssi_related_no_append":"","_relevanssi_related_not_related":"","_relevanssi_related_posts":"2824,18290,17243,20495,8166,7238","_relevanssi_noindex_reason":"","footnotes":""},"class_list":["post-21515","page","type-page","status-publish","has-post-thumbnail","hentry"],"acf":[],"_links":{"self":[{"href":"https:\/\/mutti-parma.com\/fr\/wp-json\/wp\/v2\/pages\/21515","targetHints":{"allow":["GET"]}}],"collection":[{"href":"https:\/\/mutti-parma.com\/fr\/wp-json\/wp\/v2\/pages"}],"about":[{"href":"https:\/\/mutti-parma.com\/fr\/wp-json\/wp\/v2\/types\/page"}],"author":[{"embeddable":true,"href":"https:\/\/mutti-parma.com\/fr\/wp-json\/wp\/v2\/users\/1"}],"replies":[{"embeddable":true,"href":"https:\/\/mutti-parma.com\/fr\/wp-json\/wp\/v2\/comments?post=21515"}],"version-history":[{"count":2,"href":"https:\/\/mutti-parma.com\/fr\/wp-json\/wp\/v2\/pages\/21515\/revisions"}],"predecessor-version":[{"id":22482,"href":"https:\/\/mutti-parma.com\/fr\/wp-json\/wp\/v2\/pages\/21515\/revisions\/22482"}],"wp:featuredmedia":[{"embeddable":true,"href":"https:\/\/mutti-parma.com\/fr\/wp-json\/wp\/v2\/media\/21517"}],"wp:attachment":[{"href":"https:\/\/mutti-parma.com\/fr\/wp-json\/wp\/v2\/media?parent=21515"}],"curies":[{"name":"wp","href":"https:\/\/api.w.org\/{rel}","templated":true}]}}