{"id":8,"date":"2019-11-07T10:55:29","date_gmt":"2019-11-07T10:55:29","guid":{"rendered":"https:\/\/mutti-parma.com\/fr\/?page_id=8"},"modified":"2020-12-04T13:13:12","modified_gmt":"2020-12-04T13:13:12","slug":"actualites","status":"publish","type":"page","link":"https:\/\/mutti-parma.com\/fr\/actualites\/","title":{"rendered":"Actualit\u00e9s"},"content":{"rendered":"\n<div class=\"wp-block-cover alignfull has-black-background-color has-background-dim\" style=\"background-image:url(https:\/\/mutti-parma.com\/app\/uploads\/sites\/17\/2020\/05\/actualites-mutti-france.jpg);background-position:54.70059712727865% 47.59843480868602%\"><div class=\"wp-block-cover__inner-container is-layout-flow wp-block-cover-is-layout-flow\"><div class=\"acf-breadcrumb my-4 md:my-8 text-center\">\n  <nav>\n  <ol class=\"list-none text-md\">\n                  <li class=\"inline\">\n                      <a class=\"text-inherit\" href=\"https:\/\/mutti-parma.com\/fr\/\">\n              Accueil\n            <\/a>\n                            <\/li>\n            <\/ol>\n<\/nav>\n<\/div>\n\n\n\n<h1 class=\"has-text-align-center wp-block-heading\">Actualit\u00e9s<\/h1>\n\n\n\n<p class=\"has-text-align-center is-style-cursive\">D\u00e9couvrez   les derni\u00e8res actualit\u00e9s de la marque    <\/p>\n<\/div><\/div>\n\n\n\n\n<div\n  class=\"acf-content-listing alignwide\"\n  >\n  <div class=\"flex -mx-6 -mt-5 md:-mt-6 flex-wrap\">\n           <div class=\"w-1\/1 sm:w-1\/2 md:w-1\/3 px-6 py-5 md:py-6\">\n        <div class=\"max-w-96 mx-auto\">\n      <a href=\"https:\/\/mutti-parma.com\/fr\/savourez-lautomne-avec-les-tomates-mutti\/\" class=\"block\">\n      <div class=\"responsive-embed \" style=\"padding-bottom: 67.567567567568%;\"><img decoding=\"async\" width=\"933\" height=\"933\" src=\"https:\/\/mutti-parma.com\/app\/uploads\/sites\/17\/2020\/07\/courgette-ronde-farcie-a-la-sauce-tomate-et-piments-e1599139764672.jpg\" class=\"inline-block wp-image-6504\" alt=\"Savourez l&rsquo;automne, avec les tomates Mutti\" data-spai-crop=\"true\" title=\"Savourez l&rsquo;automne, avec les tomates Mutti\" srcset=\"https:\/\/mutti-parma.com\/app\/uploads\/sites\/17\/2020\/07\/courgette-ronde-farcie-a-la-sauce-tomate-et-piments-e1599139764672.jpg 933w, https:\/\/mutti-parma.com\/app\/uploads\/sites\/17\/2020\/07\/courgette-ronde-farcie-a-la-sauce-tomate-et-piments-e1599139764672-200x200.jpg 200w, https:\/\/mutti-parma.com\/app\/uploads\/sites\/17\/2020\/07\/courgette-ronde-farcie-a-la-sauce-tomate-et-piments-e1599139764672-500x500.jpg 500w, https:\/\/mutti-parma.com\/app\/uploads\/sites\/17\/2020\/07\/courgette-ronde-farcie-a-la-sauce-tomate-et-piments-e1599139764672-768x768.jpg 768w, https:\/\/mutti-parma.com\/app\/uploads\/sites\/17\/2020\/07\/courgette-ronde-farcie-a-la-sauce-tomate-et-piments-e1599139764672-150x150.jpg 150w, https:\/\/mutti-parma.com\/app\/uploads\/sites\/17\/2020\/07\/courgette-ronde-farcie-a-la-sauce-tomate-et-piments-e1599139764672-600x600.jpg 600w, https:\/\/mutti-parma.com\/app\/uploads\/sites\/17\/2020\/07\/courgette-ronde-farcie-a-la-sauce-tomate-et-piments-e1599139764672-50x50.jpg 50w\" sizes=\"auto, (max-width: 933px) 100vw, 933px\" loading=\"lazy\" \/><\/div>\n    <\/a>\n  \n  <div class=\"flex h5\">\n    <div>\n      22\/09\/2025\n    <\/div>\n      <\/div>\n\n  <a class=\"block no-underline mb-2 hover:underline\" href=\"https:\/\/mutti-parma.com\/fr\/savourez-lautomne-avec-les-tomates-mutti\/\">\n    <h3>Savourez l&rsquo;automne, avec les tomates Mutti<\/h3>\n  <\/a>\n\n  <a class=\"block h5 underline\" href=\"https:\/\/mutti-parma.com\/fr\/savourez-lautomne-avec-les-tomates-mutti\/\">\n    En savoir plus \n  <\/a>\n<\/div>\n      <\/div>\n           <div class=\"w-1\/1 sm:w-1\/2 md:w-1\/3 px-6 py-5 md:py-6\">\n        <div class=\"max-w-96 mx-auto\">\n      <a href=\"https:\/\/mutti-parma.com\/fr\/lunchbox-de-la-rentree-idees-recettes-simples-et-savoureuses\/\" class=\"block\">\n      <div class=\"responsive-embed \" style=\"padding-bottom: 67.567567567568%;\"><img decoding=\"async\" width=\"1500\" height=\"1000\" src=\"https:\/\/mutti-parma.com\/app\/uploads\/sites\/17\/2025\/08\/lunchbox-de-la-rentree.jpg\" class=\"inline-block wp-image-23188\" alt=\"Lunchbox de la rentr\u00e9e : id\u00e9es recettes simples et savoureuses\" data-spai-crop=\"true\" title=\"Lunchbox de la rentr\u00e9e : id\u00e9es recettes simples et savoureuses\" srcset=\"https:\/\/mutti-parma.com\/app\/uploads\/sites\/17\/2025\/08\/lunchbox-de-la-rentree.jpg 1500w, https:\/\/mutti-parma.com\/app\/uploads\/sites\/17\/2025\/08\/lunchbox-de-la-rentree-500x333.jpg 500w, https:\/\/mutti-parma.com\/app\/uploads\/sites\/17\/2025\/08\/lunchbox-de-la-rentree-1024x683.jpg 1024w, https:\/\/mutti-parma.com\/app\/uploads\/sites\/17\/2025\/08\/lunchbox-de-la-rentree-200x133.jpg 200w, https:\/\/mutti-parma.com\/app\/uploads\/sites\/17\/2025\/08\/lunchbox-de-la-rentree-768x512.jpg 768w, https:\/\/mutti-parma.com\/app\/uploads\/sites\/17\/2025\/08\/lunchbox-de-la-rentree-150x100.jpg 150w, https:\/\/mutti-parma.com\/app\/uploads\/sites\/17\/2025\/08\/lunchbox-de-la-rentree-600x400.jpg 600w\" sizes=\"auto, (max-width: 1500px) 100vw, 1500px\" loading=\"lazy\" \/><\/div>\n    <\/a>\n  \n  <div class=\"flex h5\">\n    <div>\n      01\/09\/2025\n    <\/div>\n      <\/div>\n\n  <a class=\"block no-underline mb-2 hover:underline\" href=\"https:\/\/mutti-parma.com\/fr\/lunchbox-de-la-rentree-idees-recettes-simples-et-savoureuses\/\">\n    <h3>Lunchbox de la rentr\u00e9e : id\u00e9es recettes simples et savoureuses<\/h3>\n  <\/a>\n\n  <a class=\"block h5 underline\" href=\"https:\/\/mutti-parma.com\/fr\/lunchbox-de-la-rentree-idees-recettes-simples-et-savoureuses\/\">\n    En savoir plus \n  <\/a>\n<\/div>\n      <\/div>\n           <div class=\"w-1\/1 sm:w-1\/2 md:w-1\/3 px-6 py-5 md:py-6\">\n        <div class=\"max-w-96 mx-auto\">\n      <a href=\"https:\/\/mutti-parma.com\/fr\/dips-et-tartines-dete-a-la-tomate-faciles-et-savoureux\/\" class=\"block\">\n      <div class=\"responsive-embed \" style=\"padding-bottom: 67.567567567568%;\"><img decoding=\"async\" width=\"4160\" height=\"5200\" src=\"https:\/\/mutti-parma.com\/app\/uploads\/sites\/17\/2023\/03\/nachos-au-four.jpg\" class=\"inline-block wp-image-18706\" alt=\"Dips et tartines d&rsquo;\u00e9t\u00e9 \u00e0 la tomate faciles et savoureux\" data-spai-crop=\"true\" title=\"Dips et tartines d&rsquo;\u00e9t\u00e9 \u00e0 la tomate faciles et savoureux\" srcset=\"https:\/\/mutti-parma.com\/app\/uploads\/sites\/17\/2023\/03\/nachos-au-four.jpg 4160w, https:\/\/mutti-parma.com\/app\/uploads\/sites\/17\/2023\/03\/nachos-au-four-400x500.jpg 400w, https:\/\/mutti-parma.com\/app\/uploads\/sites\/17\/2023\/03\/nachos-au-four-819x1024.jpg 819w, https:\/\/mutti-parma.com\/app\/uploads\/sites\/17\/2023\/03\/nachos-au-four-160x200.jpg 160w, https:\/\/mutti-parma.com\/app\/uploads\/sites\/17\/2023\/03\/nachos-au-four-768x960.jpg 768w, https:\/\/mutti-parma.com\/app\/uploads\/sites\/17\/2023\/03\/nachos-au-four-150x188.jpg 150w, https:\/\/mutti-parma.com\/app\/uploads\/sites\/17\/2023\/03\/nachos-au-four-600x750.jpg 600w, https:\/\/mutti-parma.com\/app\/uploads\/sites\/17\/2023\/03\/nachos-au-four-1229x1536.jpg 1229w, https:\/\/mutti-parma.com\/app\/uploads\/sites\/17\/2023\/03\/nachos-au-four-1638x2048.jpg 1638w\" sizes=\"auto, (max-width: 4160px) 100vw, 4160px\" loading=\"lazy\" \/><\/div>\n    <\/a>\n  \n  <div class=\"flex h5\">\n    <div>\n      20\/08\/2025\n    <\/div>\n      <\/div>\n\n  <a class=\"block no-underline mb-2 hover:underline\" href=\"https:\/\/mutti-parma.com\/fr\/dips-et-tartines-dete-a-la-tomate-faciles-et-savoureux\/\">\n    <h3>Dips et tartines d&rsquo;\u00e9t\u00e9 \u00e0 la tomate faciles et savoureux<\/h3>\n  <\/a>\n\n  <a class=\"block h5 underline\" href=\"https:\/\/mutti-parma.com\/fr\/dips-et-tartines-dete-a-la-tomate-faciles-et-savoureux\/\">\n    En savoir plus \n  <\/a>\n<\/div>\n      <\/div>\n           <div class=\"w-1\/1 sm:w-1\/2 md:w-1\/3 px-6 py-5 md:py-6\">\n        <div class=\"max-w-96 mx-auto\">\n      <a href=\"https:\/\/mutti-parma.com\/fr\/sublimez-vos-barbecues-avec-les-tomates-mutti\/\" class=\"block\">\n      <div class=\"responsive-embed \" style=\"padding-bottom: 67.567567567568%;\"><img decoding=\"async\" width=\"999\" height=\"999\" src=\"https:\/\/mutti-parma.com\/app\/uploads\/sites\/17\/2019\/12\/entrecote-grillexxe-a-la-tomate.jpg\" class=\"inline-block wp-image-2265\" alt=\"Sublimez vos barbecues avec les tomates Mutti\" data-spai-crop=\"true\" title=\"Sublimez vos barbecues avec les tomates Mutti\" srcset=\"https:\/\/mutti-parma.com\/app\/uploads\/sites\/17\/2019\/12\/entrecote-grillexxe-a-la-tomate.jpg 999w, https:\/\/mutti-parma.com\/app\/uploads\/sites\/17\/2019\/12\/entrecote-grillexxe-a-la-tomate-200x200.jpg 200w, https:\/\/mutti-parma.com\/app\/uploads\/sites\/17\/2019\/12\/entrecote-grillexxe-a-la-tomate-500x500.jpg 500w, https:\/\/mutti-parma.com\/app\/uploads\/sites\/17\/2019\/12\/entrecote-grillexxe-a-la-tomate-768x768.jpg 768w, https:\/\/mutti-parma.com\/app\/uploads\/sites\/17\/2019\/12\/entrecote-grillexxe-a-la-tomate-150x150.jpg 150w, https:\/\/mutti-parma.com\/app\/uploads\/sites\/17\/2019\/12\/entrecote-grillexxe-a-la-tomate-600x600.jpg 600w, https:\/\/mutti-parma.com\/app\/uploads\/sites\/17\/2019\/12\/entrecote-grillexxe-a-la-tomate-50x50.jpg 50w\" sizes=\"auto, (max-width: 999px) 100vw, 999px\" loading=\"lazy\" \/><\/div>\n    <\/a>\n  \n  <div class=\"flex h5\">\n    <div>\n      13\/08\/2025\n    <\/div>\n      <\/div>\n\n  <a class=\"block no-underline mb-2 hover:underline\" href=\"https:\/\/mutti-parma.com\/fr\/sublimez-vos-barbecues-avec-les-tomates-mutti\/\">\n    <h3>Sublimez vos barbecues avec les tomates Mutti<\/h3>\n  <\/a>\n\n  <a class=\"block h5 underline\" href=\"https:\/\/mutti-parma.com\/fr\/sublimez-vos-barbecues-avec-les-tomates-mutti\/\">\n    En savoir plus \n  <\/a>\n<\/div>\n      <\/div>\n           <div class=\"w-1\/1 sm:w-1\/2 md:w-1\/3 px-6 py-5 md:py-6\">\n        <div class=\"max-w-96 mx-auto\">\n      <a href=\"https:\/\/mutti-parma.com\/fr\/nos-astuces-anti-gaspi-et-creatives\/\" class=\"block\">\n      <div class=\"responsive-embed \" style=\"padding-bottom: 67.567567567568%;\"><img decoding=\"async\" width=\"4158\" height=\"5198\" src=\"https:\/\/mutti-parma.com\/app\/uploads\/sites\/17\/2023\/03\/risotto-de-pulpe-de-tomates-en-des-avec-mozzarella.jpg\" class=\"inline-block wp-image-18702\" alt=\"Nos astuces anti-gaspi et cr\u00e9atives\" data-spai-crop=\"true\" title=\"Nos astuces anti-gaspi et cr\u00e9atives\" srcset=\"https:\/\/mutti-parma.com\/app\/uploads\/sites\/17\/2023\/03\/risotto-de-pulpe-de-tomates-en-des-avec-mozzarella.jpg 4158w, https:\/\/mutti-parma.com\/app\/uploads\/sites\/17\/2023\/03\/risotto-de-pulpe-de-tomates-en-des-avec-mozzarella-400x500.jpg 400w, https:\/\/mutti-parma.com\/app\/uploads\/sites\/17\/2023\/03\/risotto-de-pulpe-de-tomates-en-des-avec-mozzarella-819x1024.jpg 819w, https:\/\/mutti-parma.com\/app\/uploads\/sites\/17\/2023\/03\/risotto-de-pulpe-de-tomates-en-des-avec-mozzarella-160x200.jpg 160w, https:\/\/mutti-parma.com\/app\/uploads\/sites\/17\/2023\/03\/risotto-de-pulpe-de-tomates-en-des-avec-mozzarella-768x960.jpg 768w, https:\/\/mutti-parma.com\/app\/uploads\/sites\/17\/2023\/03\/risotto-de-pulpe-de-tomates-en-des-avec-mozzarella-150x188.jpg 150w, https:\/\/mutti-parma.com\/app\/uploads\/sites\/17\/2023\/03\/risotto-de-pulpe-de-tomates-en-des-avec-mozzarella-600x750.jpg 600w, https:\/\/mutti-parma.com\/app\/uploads\/sites\/17\/2023\/03\/risotto-de-pulpe-de-tomates-en-des-avec-mozzarella-1229x1536.jpg 1229w, https:\/\/mutti-parma.com\/app\/uploads\/sites\/17\/2023\/03\/risotto-de-pulpe-de-tomates-en-des-avec-mozzarella-1638x2048.jpg 1638w\" sizes=\"auto, (max-width: 4158px) 100vw, 4158px\" loading=\"lazy\" \/><\/div>\n    <\/a>\n  \n  <div class=\"flex h5\">\n    <div>\n      28\/07\/2025\n    <\/div>\n      <\/div>\n\n  <a class=\"block no-underline mb-2 hover:underline\" href=\"https:\/\/mutti-parma.com\/fr\/nos-astuces-anti-gaspi-et-creatives\/\">\n    <h3>Nos astuces anti-gaspi et cr\u00e9atives<\/h3>\n  <\/a>\n\n  <a class=\"block h5 underline\" href=\"https:\/\/mutti-parma.com\/fr\/nos-astuces-anti-gaspi-et-creatives\/\">\n    En savoir plus \n  <\/a>\n<\/div>\n      <\/div>\n           <div class=\"w-1\/1 sm:w-1\/2 md:w-1\/3 px-6 py-5 md:py-6\">\n        <div class=\"max-w-96 mx-auto\">\n      <a href=\"https:\/\/mutti-parma.com\/fr\/aperitifs-estivaux-a-base-de-tomates-nos-idees-simples-et-savoureuses\/\" class=\"block\">\n      <div class=\"responsive-embed \" style=\"padding-bottom: 67.567567567568%;\"><img decoding=\"async\" width=\"1200\" height=\"675\" src=\"https:\/\/mutti-parma.com\/app\/uploads\/sites\/17\/2022\/05\/houmous-axx-la-tomate.jpg\" class=\"inline-block wp-image-16134\" alt=\"Ap\u00e9ritifs estivaux \u00e0 base de tomates : nos id\u00e9es simples et savoureuses\" data-spai-crop=\"true\" title=\"Ap\u00e9ritifs estivaux \u00e0 base de tomates : nos id\u00e9es simples et savoureuses\" srcset=\"https:\/\/mutti-parma.com\/app\/uploads\/sites\/17\/2022\/05\/houmous-axx-la-tomate.jpg 1200w, https:\/\/mutti-parma.com\/app\/uploads\/sites\/17\/2022\/05\/houmous-axx-la-tomate-500x281.jpg 500w, https:\/\/mutti-parma.com\/app\/uploads\/sites\/17\/2022\/05\/houmous-axx-la-tomate-1024x576.jpg 1024w, https:\/\/mutti-parma.com\/app\/uploads\/sites\/17\/2022\/05\/houmous-axx-la-tomate-200x113.jpg 200w, https:\/\/mutti-parma.com\/app\/uploads\/sites\/17\/2022\/05\/houmous-axx-la-tomate-768x432.jpg 768w, https:\/\/mutti-parma.com\/app\/uploads\/sites\/17\/2022\/05\/houmous-axx-la-tomate-150x84.jpg 150w, https:\/\/mutti-parma.com\/app\/uploads\/sites\/17\/2022\/05\/houmous-axx-la-tomate-600x338.jpg 600w, https:\/\/mutti-parma.com\/app\/uploads\/sites\/17\/2022\/05\/houmous-axx-la-tomate-800x450.jpg 800w\" sizes=\"auto, (max-width: 1200px) 100vw, 1200px\" loading=\"lazy\" \/><\/div>\n    <\/a>\n  \n  <div class=\"flex h5\">\n    <div>\n      16\/07\/2025\n    <\/div>\n      <\/div>\n\n  <a class=\"block no-underline mb-2 hover:underline\" href=\"https:\/\/mutti-parma.com\/fr\/aperitifs-estivaux-a-base-de-tomates-nos-idees-simples-et-savoureuses\/\">\n    <h3>Ap\u00e9ritifs estivaux \u00e0 base de tomates : nos id\u00e9es simples et savoureuses<\/h3>\n  <\/a>\n\n  <a class=\"block h5 underline\" href=\"https:\/\/mutti-parma.com\/fr\/aperitifs-estivaux-a-base-de-tomates-nos-idees-simples-et-savoureuses\/\">\n    En savoir plus \n  <\/a>\n<\/div>\n      <\/div>\n           <div class=\"w-1\/1 sm:w-1\/2 md:w-1\/3 px-6 py-5 md:py-6\">\n        <div class=\"max-w-96 mx-auto\">\n      <a href=\"https:\/\/mutti-parma.com\/fr\/fete-des-peres-la-tomate-complice-de-vos-recettes\/\" class=\"block\">\n      <div class=\"responsive-embed \" style=\"padding-bottom: 67.567567567568%;\"><img decoding=\"async\" width=\"1707\" height=\"2560\" src=\"https:\/\/mutti-parma.com\/app\/uploads\/sites\/17\/2025\/05\/rouleaux-de-lasagne-au-ragout-dagneau-scaled.jpg\" class=\"inline-block wp-image-23042\" alt=\"F\u00eate des p\u00e8res : la tomate, complice de vos recettes !\" data-spai-crop=\"true\" title=\"F\u00eate des p\u00e8res : la tomate, complice de vos recettes !\" srcset=\"https:\/\/mutti-parma.com\/app\/uploads\/sites\/17\/2025\/05\/rouleaux-de-lasagne-au-ragout-dagneau-scaled.jpg 1707w, https:\/\/mutti-parma.com\/app\/uploads\/sites\/17\/2025\/05\/rouleaux-de-lasagne-au-ragout-dagneau-333x500.jpg 333w, https:\/\/mutti-parma.com\/app\/uploads\/sites\/17\/2025\/05\/rouleaux-de-lasagne-au-ragout-dagneau-683x1024.jpg 683w, https:\/\/mutti-parma.com\/app\/uploads\/sites\/17\/2025\/05\/rouleaux-de-lasagne-au-ragout-dagneau-133x200.jpg 133w, https:\/\/mutti-parma.com\/app\/uploads\/sites\/17\/2025\/05\/rouleaux-de-lasagne-au-ragout-dagneau-768x1152.jpg 768w, https:\/\/mutti-parma.com\/app\/uploads\/sites\/17\/2025\/05\/rouleaux-de-lasagne-au-ragout-dagneau-150x225.jpg 150w, https:\/\/mutti-parma.com\/app\/uploads\/sites\/17\/2025\/05\/rouleaux-de-lasagne-au-ragout-dagneau-600x900.jpg 600w, https:\/\/mutti-parma.com\/app\/uploads\/sites\/17\/2025\/05\/rouleaux-de-lasagne-au-ragout-dagneau-1024x1536.jpg 1024w, https:\/\/mutti-parma.com\/app\/uploads\/sites\/17\/2025\/05\/rouleaux-de-lasagne-au-ragout-dagneau-1365x2048.jpg 1365w\" sizes=\"auto, (max-width: 1707px) 100vw, 1707px\" loading=\"lazy\" \/><\/div>\n    <\/a>\n  \n  <div class=\"flex h5\">\n    <div>\n      12\/06\/2025\n    <\/div>\n      <\/div>\n\n  <a class=\"block no-underline mb-2 hover:underline\" href=\"https:\/\/mutti-parma.com\/fr\/fete-des-peres-la-tomate-complice-de-vos-recettes\/\">\n    <h3>F\u00eate des p\u00e8res : la tomate, complice de vos recettes !<\/h3>\n  <\/a>\n\n  <a class=\"block h5 underline\" href=\"https:\/\/mutti-parma.com\/fr\/fete-des-peres-la-tomate-complice-de-vos-recettes\/\">\n    En savoir plus \n  <\/a>\n<\/div>\n      <\/div>\n           <div class=\"w-1\/1 sm:w-1\/2 md:w-1\/3 px-6 py-5 md:py-6\">\n        <div class=\"max-w-96 mx-auto\">\n      <a href=\"https:\/\/mutti-parma.com\/fr\/brunch-et-petit-dejeuner-nos-inspirations-gourmandes\/\" class=\"block\">\n      <div class=\"responsive-embed \" style=\"padding-bottom: 67.567567567568%;\"><img decoding=\"async\" width=\"1924\" height=\"2560\" src=\"https:\/\/mutti-parma.com\/app\/uploads\/sites\/17\/2024\/05\/croissant-mutti-min-scaled.jpg\" class=\"inline-block wp-image-21360\" alt=\"Brunch et petit d\u00e9jeuner : nos inspirations gourmandes !\" data-spai-crop=\"true\" title=\"Brunch et petit d\u00e9jeuner : nos inspirations gourmandes !\" srcset=\"https:\/\/mutti-parma.com\/app\/uploads\/sites\/17\/2024\/05\/croissant-mutti-min-scaled.jpg 1924w, https:\/\/mutti-parma.com\/app\/uploads\/sites\/17\/2024\/05\/croissant-mutti-min-376x500.jpg 376w, https:\/\/mutti-parma.com\/app\/uploads\/sites\/17\/2024\/05\/croissant-mutti-min-769x1024.jpg 769w, https:\/\/mutti-parma.com\/app\/uploads\/sites\/17\/2024\/05\/croissant-mutti-min-150x200.jpg 150w, https:\/\/mutti-parma.com\/app\/uploads\/sites\/17\/2024\/05\/croissant-mutti-min-768x1022.jpg 768w, https:\/\/mutti-parma.com\/app\/uploads\/sites\/17\/2024\/05\/croissant-mutti-min-600x798.jpg 600w, https:\/\/mutti-parma.com\/app\/uploads\/sites\/17\/2024\/05\/croissant-mutti-min-1154x1536.jpg 1154w, https:\/\/mutti-parma.com\/app\/uploads\/sites\/17\/2024\/05\/croissant-mutti-min-1539x2048.jpg 1539w\" sizes=\"auto, (max-width: 1924px) 100vw, 1924px\" loading=\"lazy\" \/><\/div>\n    <\/a>\n  \n  <div class=\"flex h5\">\n    <div>\n      09\/06\/2025\n    <\/div>\n      <\/div>\n\n  <a class=\"block no-underline mb-2 hover:underline\" href=\"https:\/\/mutti-parma.com\/fr\/brunch-et-petit-dejeuner-nos-inspirations-gourmandes\/\">\n    <h3>Brunch et petit d\u00e9jeuner : nos inspirations gourmandes !<\/h3>\n  <\/a>\n\n  <a class=\"block h5 underline\" href=\"https:\/\/mutti-parma.com\/fr\/brunch-et-petit-dejeuner-nos-inspirations-gourmandes\/\">\n    En savoir plus \n  <\/a>\n<\/div>\n      <\/div>\n           <div class=\"w-1\/1 sm:w-1\/2 md:w-1\/3 px-6 py-5 md:py-6\">\n        <div class=\"max-w-96 mx-auto\">\n      <a href=\"https:\/\/mutti-parma.com\/fr\/bonne-fete-maman-placez-la-tomate-au-coeur-de-lemotion\/\" class=\"block\">\n      <div class=\"responsive-embed \" style=\"padding-bottom: 67.567567567568%;\"><img decoding=\"async\" width=\"4480\" height=\"6720\" src=\"https:\/\/mutti-parma.com\/app\/uploads\/sites\/17\/2023\/03\/croque-monsieur.jpg\" class=\"inline-block wp-image-18902\" alt=\"Bonne f\u00eate maman : placez la tomate au c\u0153ur de l\u2019\u00e9motion !\" data-spai-crop=\"true\" title=\"Bonne f\u00eate maman : placez la tomate au c\u0153ur de l\u2019\u00e9motion !\" srcset=\"https:\/\/mutti-parma.com\/app\/uploads\/sites\/17\/2023\/03\/croque-monsieur.jpg 4480w, https:\/\/mutti-parma.com\/app\/uploads\/sites\/17\/2023\/03\/croque-monsieur-333x500.jpg 333w, https:\/\/mutti-parma.com\/app\/uploads\/sites\/17\/2023\/03\/croque-monsieur-683x1024.jpg 683w, https:\/\/mutti-parma.com\/app\/uploads\/sites\/17\/2023\/03\/croque-monsieur-133x200.jpg 133w, https:\/\/mutti-parma.com\/app\/uploads\/sites\/17\/2023\/03\/croque-monsieur-768x1152.jpg 768w, https:\/\/mutti-parma.com\/app\/uploads\/sites\/17\/2023\/03\/croque-monsieur-150x225.jpg 150w, https:\/\/mutti-parma.com\/app\/uploads\/sites\/17\/2023\/03\/croque-monsieur-600x900.jpg 600w, https:\/\/mutti-parma.com\/app\/uploads\/sites\/17\/2023\/03\/croque-monsieur-1024x1536.jpg 1024w, https:\/\/mutti-parma.com\/app\/uploads\/sites\/17\/2023\/03\/croque-monsieur-1365x2048.jpg 1365w\" sizes=\"auto, (max-width: 4480px) 100vw, 4480px\" loading=\"lazy\" \/><\/div>\n    <\/a>\n  \n  <div class=\"flex h5\">\n    <div>\n      23\/05\/2025\n    <\/div>\n      <\/div>\n\n  <a class=\"block no-underline mb-2 hover:underline\" href=\"https:\/\/mutti-parma.com\/fr\/bonne-fete-maman-placez-la-tomate-au-coeur-de-lemotion\/\">\n    <h3>Bonne f\u00eate maman : placez la tomate au c\u0153ur de l\u2019\u00e9motion !<\/h3>\n  <\/a>\n\n  <a class=\"block h5 underline\" href=\"https:\/\/mutti-parma.com\/fr\/bonne-fete-maman-placez-la-tomate-au-coeur-de-lemotion\/\">\n    En savoir plus \n  <\/a>\n<\/div>\n      <\/div>\n          <\/div>\n\n      <hr class=\"wp-block-separator alignwide\">\n\n  <div class=\"pager\">\n    <ul class='page-numbers'>\n\t<li><span aria-current=\"page\" class=\"page-numbers current\">1<\/span><\/li>\n\t<li><a class=\"page-numbers\" href=\"https:\/\/mutti-parma.com\/fr\/wp-json\/wp\/v2\/pages\/8\/page\/2\/\">2<\/a><\/li>\n\t<li><a class=\"page-numbers\" href=\"https:\/\/mutti-parma.com\/fr\/wp-json\/wp\/v2\/pages\/8\/page\/3\/\">3<\/a><\/li>\n\t<li><span class=\"page-numbers dots\">\u2026<\/span><\/li>\n\t<li><a class=\"page-numbers\" href=\"https:\/\/mutti-parma.com\/fr\/wp-json\/wp\/v2\/pages\/8\/page\/10\/\">10<\/a><\/li>\n\t<li><a class=\"next page-numbers\" href=\"https:\/\/mutti-parma.com\/fr\/wp-json\/wp\/v2\/pages\/8\/page\/2\/\"><i class=\"fa-solid fa-chevron-right\"><\/i><\/a><\/li>\n<\/ul>\n\n  <\/div>\n  <\/div>\n\n\n","protected":false},"excerpt":{"rendered":"","protected":false},"author":1,"featured_media":0,"parent":0,"menu_order":23,"comment_status":"closed","ping_status":"closed","template":"template-home.php","meta":{"_acf_changed":false,"_relevanssi_hide_post":"","_relevanssi_hide_content":"","_relevanssi_pin_for_all":"","_relevanssi_pin_keywords":"","_relevanssi_unpin_keywords":"","_relevanssi_related_keywords":"","_relevanssi_related_include_ids":"","_relevanssi_related_exclude_ids":"","_relevanssi_related_no_append":"","_relevanssi_related_not_related":"","_relevanssi_related_posts":"","_relevanssi_noindex_reason":"","footnotes":""},"class_list":["post-8","page","type-page","status-publish","hentry"],"acf":[],"_links":{"self":[{"href":"https:\/\/mutti-parma.com\/fr\/wp-json\/wp\/v2\/pages\/8","targetHints":{"allow":["GET"]}}],"collection":[{"href":"https:\/\/mutti-parma.com\/fr\/wp-json\/wp\/v2\/pages"}],"about":[{"href":"https:\/\/mutti-parma.com\/fr\/wp-json\/wp\/v2\/types\/page"}],"author":[{"embeddable":true,"href":"https:\/\/mutti-parma.com\/fr\/wp-json\/wp\/v2\/users\/1"}],"replies":[{"embeddable":true,"href":"https:\/\/mutti-parma.com\/fr\/wp-json\/wp\/v2\/comments?post=8"}],"version-history":[{"count":66,"href":"https:\/\/mutti-parma.com\/fr\/wp-json\/wp\/v2\/pages\/8\/revisions"}],"predecessor-version":[{"id":17000,"href":"https:\/\/mutti-parma.com\/fr\/wp-json\/wp\/v2\/pages\/8\/revisions\/17000"}],"wp:attachment":[{"href":"https:\/\/mutti-parma.com\/fr\/wp-json\/wp\/v2\/media?parent=8"}],"curies":[{"name":"wp","href":"https:\/\/api.w.org\/{rel}","templated":true}]}}