{"id":21671,"date":"2024-07-23T09:10:02","date_gmt":"2024-07-23T09:10:02","guid":{"rendered":"https:\/\/mutti-parma.com\/fr\/?post_type=product&#038;p=21671"},"modified":"2024-07-23T13:21:47","modified_gmt":"2024-07-23T13:21:47","slug":"concentre-de-tomates-zero-residu-de-pesticides","status":"publish","type":"product","link":"https:\/\/mutti-parma.com\/fr\/produits\/concentre-de-tomates-zero-residu-de-pesticides\/","title":{"rendered":"Prot\u00e9g\u00e9\u00a0: Concentr\u00e9 de tomates Z\u00e9ro R\u00e9sidu de Pesticides"},"content":{"rendered":"","protected":true},"excerpt":{"rendered":"","protected":true},"featured_media":21674,"comment_status":"open","ping_status":"closed","template":"","product_category":[3332],"class_list":["post-21671","product","type-product","status-publish","post-password-required","hentry","product_category-product-category-12338"],"acf":[],"_links":{"self":[{"href":"https:\/\/mutti-parma.com\/fr\/wp-json\/wp\/v2\/product\/21671","targetHints":{"allow":["GET"]}}],"collection":[{"href":"https:\/\/mutti-parma.com\/fr\/wp-json\/wp\/v2\/product"}],"about":[{"href":"https:\/\/mutti-parma.com\/fr\/wp-json\/wp\/v2\/types\/product"}],"replies":[{"embeddable":true,"href":"https:\/\/mutti-parma.com\/fr\/wp-json\/wp\/v2\/comments?post=21671"}],"version-history":[{"count":31,"href":"https:\/\/mutti-parma.com\/fr\/wp-json\/wp\/v2\/product\/21671\/revisions"}],"predecessor-version":[{"id":21710,"href":"https:\/\/mutti-parma.com\/fr\/wp-json\/wp\/v2\/product\/21671\/revisions\/21710"}],"wp:featuredmedia":[{"embeddable":true,"href":"https:\/\/mutti-parma.com\/fr\/wp-json\/wp\/v2\/media\/21674"}],"wp:attachment":[{"href":"https:\/\/mutti-parma.com\/fr\/wp-json\/wp\/v2\/media?parent=21671"}],"wp:term":[{"taxonomy":"product_category","embeddable":true,"href":"https:\/\/mutti-parma.com\/fr\/wp-json\/wp\/v2\/product_category?post=21671"}],"curies":[{"name":"wp","href":"https:\/\/api.w.org\/{rel}","templated":true}]}}