{"id":22193,"date":"2024-12-19T09:48:36","date_gmt":"2024-12-19T09:48:36","guid":{"rendered":"https:\/\/mutti-parma.com\/fr\/?post_type=product&#038;p=22193"},"modified":"2024-12-19T10:21:48","modified_gmt":"2024-12-19T10:21:48","slug":"ketchup-aux-tomates-olivettes","status":"publish","type":"product","link":"https:\/\/mutti-parma.com\/fr\/produits\/ketchup-aux-tomates-olivettes\/","title":{"rendered":"Ketchup aux tomates Olivettes"},"content":{"rendered":"\n<div style=\"--media-width: 50\" class=\"wp-block-media-text alignwide has-media-on-the-right is-stacked-on-mobile is-style-hero has-background-image\"><img loading=\"lazy\" decoding=\"async\" class=\"wp-block-media-text__background\" alt=\"\" data-spai-crop=\"true\" src=\"https:\/\/mutti-parma.com\/app\/uploads\/sites\/17\/2024\/12\/texture-ketchup.jpg\" \/><div class=\"wp-block-media-text__content\"><div class=\"acf-breadcrumb my-4 md:my-8 text-center md:text-left\">\n  <nav>\n  <ol class=\"list-none text-md\">\n                  <li class=\"inline\">\n                      <a class=\"text-inherit\" href=\"https:\/\/mutti-parma.com\/fr\/\">\n              Accueil\n            <\/a>\n                                <span aria-hidden=\"true\">\/&nbsp;<\/span>\n                  <\/li>\n                        <li class=\"inline\">\n                      <a class=\"text-inherit\" href=\"https:\/\/mutti-parma.com\/fr\/produits\/\">\n              Products\n            <\/a>\n                            <\/li>\n            <\/ol>\n<\/nav>\n<\/div>\n\n\n\n<h1 class=\"wp-block-heading has-primary-color has-text-color\"><strong>Ketchup aux tomates Olivettes<\/strong><\/h1>\n\n\n\n\n\n<p>Le <strong>Ketchup aux tomates Olivettes Mutti<\/strong> est une v\u00e9ritable douceur culinaire, r\u00e9alis\u00e9 avec 84 % de tomates Olivettes, reconnues pour leur go\u00fbt naturellement sucr\u00e9. Ces tomates gorg\u00e9es de soleil apportent une saveur d\u00e9licate qui ravira petits et grands.<br><br>Avec sa texture onctueuse, ce ketchup unique, sans colorants, sans conservateurs ni additifs, offre un go\u00fbt doux qui accompagne parfaitement vos recettes pr\u00e9f\u00e9r\u00e9es en toute simplicit\u00e9.<br><br>Disponible en format 300 g.<br><\/p>\n\n\n\n\n<div class=\"acf-characteristics\">\n  <div class=\"flex flex-wrap -m-2 justify-center sm:justify-between\">\n          <div class=\"m-2 w-24 text-center\">\n        <div style=\"height: 41px; width: 80px;\" class=\"mx-auto flex items-end justify-center mx-auto\">\n                      <img decoding=\"async\" width=\"1280\" height=\"693\" src=\"https:\/\/mutti-parma.com\/app\/uploads\/sites\/17\/2021\/03\/nutri-score-c.png\" class=\"w-full wp-image-12463\" alt=\"\" style=\"max-height: 43px; max-width: 80px;\" srcset=\"https:\/\/mutti-parma.com\/app\/uploads\/sites\/17\/2021\/03\/nutri-score-c.png 1280w, https:\/\/mutti-parma.com\/app\/uploads\/sites\/17\/2021\/03\/nutri-score-c-200x108.png 200w, https:\/\/mutti-parma.com\/app\/uploads\/sites\/17\/2021\/03\/nutri-score-c-500x271.png 500w, https:\/\/mutti-parma.com\/app\/uploads\/sites\/17\/2021\/03\/nutri-score-c-768x416.png 768w, https:\/\/mutti-parma.com\/app\/uploads\/sites\/17\/2021\/03\/nutri-score-c-1024x554.png 1024w, https:\/\/mutti-parma.com\/app\/uploads\/sites\/17\/2021\/03\/nutri-score-c-150x81.png 150w, https:\/\/mutti-parma.com\/app\/uploads\/sites\/17\/2021\/03\/nutri-score-c-600x325.png 600w\" sizes=\"auto, (max-width: 1280px) 100vw, 1280px\" loading=\"lazy\" \/>\n                  <\/div>\n        <p class=\"h6 text-inherit mt-3\">Nutri-Score C<\/p>\n      <\/div>\n      <\/div>\n<\/div>\n\n\n<div class=\"acf-product-find-store\">\n  <\/div>\n<\/div><figure class=\"wp-block-media-text__media\"><img loading=\"lazy\" decoding=\"async\" width=\"666\" height=\"1024\" src=\"https:\/\/mutti-parma.com\/app\/uploads\/sites\/17\/2019\/11\/ketchup-de-tomates-olivettes-666x1024.png\" alt=\"\" class=\"wp-image-22157 size-full\" sizes=\"(min-width: 1440px) 528px,37vw\" data-spai-crop=\"false\" srcset=\"https:\/\/mutti-parma.com\/app\/uploads\/sites\/17\/2019\/11\/ketchup-de-tomates-olivettes-666x1024.png 666w, https:\/\/mutti-parma.com\/app\/uploads\/sites\/17\/2019\/11\/ketchup-de-tomates-olivettes-325x500.png 325w, https:\/\/mutti-parma.com\/app\/uploads\/sites\/17\/2019\/11\/ketchup-de-tomates-olivettes-130x200.png 130w, https:\/\/mutti-parma.com\/app\/uploads\/sites\/17\/2019\/11\/ketchup-de-tomates-olivettes-768x1181.png 768w, https:\/\/mutti-parma.com\/app\/uploads\/sites\/17\/2019\/11\/ketchup-de-tomates-olivettes-150x231.png 150w, https:\/\/mutti-parma.com\/app\/uploads\/sites\/17\/2019\/11\/ketchup-de-tomates-olivettes-600x923.png 600w, https:\/\/mutti-parma.com\/app\/uploads\/sites\/17\/2019\/11\/ketchup-de-tomates-olivettes-999x1536.png 999w, https:\/\/mutti-parma.com\/app\/uploads\/sites\/17\/2019\/11\/ketchup-de-tomates-olivettes.png 1168w\" \/><\/figure><\/div>\n\n\n<div class=\"acf-product-nutrition-tabs alignwide\">\n  <div class=\"\">\n    <ul class=\"list-none flex justify-center sm:justify-left\">\n              <li class=\"mr-4\">\n          <a href=\"javascript: void(0)\" data-toggle=\"nutrition\" class=\"btn-outline \" data-gtm-track data-gtm-event=\"GAevent\" data-gtm-event-id=\"13\" data-gtm-category=\"recipe_information\" data-gtm-action=\"nutrition\" data-gtm-label=\"ketchup_aux_tomates_olivettes\">\n            Informations nutritionnelles\n          <\/a>\n        <\/li>\n            \n          <\/ul>\n  <\/div>\n\n      <div class=\"flex flex-wrap mt-8 mb-4 hidden\" id=\"nutrition\">\n      <div class=\"w-full sm:w-1\/2\">\n        <div class=\"page\" title=\"Page 1\">\n<div class=\"section\">\n<div class=\"layoutArea\">\n<div class=\"column\">\n<p><strong>Ketchup aux tomates Olivettes<\/strong><\/p>\n<p>Ingr\u00e9dients: pur\u00e9e de tomates \u201cDatterino\u201d 78,8%, concentr\u00e9 de tomate, sucre, vinaigre d&rsquo;alcool, sel, farine de tapioca, ar\u00f4mes naturels. Peut contenir lait et fruits \u00e0 coque. <span style=\"font-family: 'TradeGothic LT CondEighteen', myriad-pro-condensed, -apple-system, BlinkMacSystemFont, 'Segoe UI', Roboto, 'Helvetica Neue', Arial, 'Noto Sans', sans-serif, 'Apple Color Emoji', 'Segoe UI Emoji', 'Segoe UI Symbol', 'Noto Color Emoji';\">Apr\u00e8s ouverture \u00e0 conserver au r\u00e9frig\u00e9rateur et consommer dans les 20 jours.<\/span><\/p>\n<\/div>\n<\/div>\n<\/div>\n<\/div>\n\n      <\/div>\n      <div class=\"w-full mt-8 sm:mt-0 sm:w-1\/2 sm:pl-8 md:pl-16\">\n        \n          <table class=\"w-full\">\n            <thead>\n              <tr class=\"border-b\">\n                <th colspan=\"2\" class=\"py-2 text-left\">Valeurs nutritionnelles \/ 100g<\/thead>\n              <\/tr>\n            <\/thead>\n            <tbody>\n                              <tr class=\"border-b\">\n                  <th class=\"py-2 text-left font-normal\">\u00c9nergie<\/th>\n                  <td class=\"py-2 text-right\">298 kJ \/ 70 Kcal<\/td>\n                <\/tr>\n                              <tr class=\"border-b\">\n                  <th class=\"py-2 text-left font-normal\">Mati\u00e8res grasses<\/th>\n                  <td class=\"py-2 text-right\">&lt; 0,5 g<\/td>\n                <\/tr>\n                              <tr class=\"border-b\">\n                  <th class=\"py-2 text-left font-normal\">&#8211; dont acides gras satur\u00e9s<\/th>\n                  <td class=\"py-2 text-right\">&lt; 0,1 g<\/td>\n                <\/tr>\n                              <tr class=\"border-b\">\n                  <th class=\"py-2 text-left font-normal\">Glucides<\/th>\n                  <td class=\"py-2 text-right\">14 g<\/td>\n                <\/tr>\n                              <tr class=\"border-b\">\n                  <th class=\"py-2 text-left font-normal\">&#8211; dont sucres<\/th>\n                  <td class=\"py-2 text-right\">14 g<\/td>\n                <\/tr>\n                              <tr class=\"border-b\">\n                  <th class=\"py-2 text-left font-normal\">Prot\u00e9ines<\/th>\n                  <td class=\"py-2 text-right\">2,3 g<\/td>\n                <\/tr>\n                              <tr class=\"border-b\">\n                  <th class=\"py-2 text-left font-normal\">Sel<\/th>\n                  <td class=\"py-2 text-right\">1,9 g<\/td>\n                <\/tr>\n                          <\/tbody>\n          <\/table>\n              <\/div>\n    <\/div>\n  <\/div>\n\n\n\n\n<div\n  class=\"acf-how-is-it-made alignwide text-center \"\n  data-vue-wrapper\n  >\n      <h2>QUEL EST SON MODE DE PRODUCTION?\r\n<\/h2>\n  \n  <slideshow :slides-per-view=\"3\" :slides-per-view-sm=\"1\" :slides-per-view-md=\"2\" name=\"How is it made\" class=\"mb-8\">\n      <\/slideshow>\n\n      <p class=\"is-style-cursive text-5xl\">Pour en savoir plus sur nos modes de production, consultez la page<\/p>\n  \n      <h3><a href=\"https:\/\/mutti-parma.com\/fr\/de-nos-champs-a-lassiette\/\"> De nos champs \u00e0 l\u2019assiette <\/a><\/h3>\n  <\/div>\n\n\n\n\n\n\n\n<hr class=\"wp-block-separator has-alpha-channel-opacity alignwide\"\/>\n\n\n<div class=\"acf-comments alignwide my-8\">\n  <div class=\"flex flex-wrap mb-4 items-center text-center sm:text-left px-0 sm:px-2 md:px-0\">\n    <h3 class=\"w-full sm:w-auto is-style-cursive text-primary my-0 leading-none\">Share and review<\/h3>\n    <div class=\"w-full sm:w-auto flex-auto mt-1 sm:ml-8\">\n          <\/div>\n\n          <div class=\"mx-auto sm:ml-0 mt-3 sm:mt-0\">\n                  <div\n  class=\"shariff\"\n  data-button-style=\"icon\"\n  data-mail-body=\"https:\/\/mutti-parma.com\/fr\/produits\/ketchup-aux-tomates-olivettes\/\"\n  data-mail-subject=\"Ketchup aux tomates Olivettes - Mutti\"\n  data-mail-url=\"mailto:\"\n  data-media-url=\"https:\/\/mutti-parma.com\/app\/uploads\/sites\/17\/2019\/11\/ketchup-de-tomates-olivettes.png\"\n  data-services=\"[&#039;facebook&#039;, &#039;twitter&#039;, &#039;whatsapp&#039;, &#039;pinterest&#039;, &#039;mail&#039;]\"\n><\/div>\n              <\/div>\n      <\/div>\n\n  <div>\n                <\/div>\n<\/div>\n\n\n\n<hr class=\"wp-block-separator has-alpha-channel-opacity alignwide\"\/>\n\n\n\n<div class=\"wp-block-group alignwide is-style-default\"><div class=\"wp-block-group__inner-container is-layout-flow wp-block-group-is-layout-flow\">\n<div class=\"wp-block-columns alignwide is-layout-flex wp-container-core-columns-is-layout-9d6595d7 wp-block-columns-is-layout-flex\">\n<div class=\"wp-block-column is-layout-flow wp-block-column-is-layout-flow\">\n<h2 class=\"wp-block-heading\" id=\"sustainability\">Durabilit\u00e9<\/h2>\n\n\n\n<p class=\"is-style-cursive\">Pour nous, durabilit\u00e9 est synonyme de respect de la terre<\/p>\n\n\n\n<h4 class=\"wp-block-heading\">Coop\u00e9ration avec WWF<\/h4>\n\n\n\n<p>Mutti a travaill\u00e9 en \u00e9troite collaboration avec WWF Italie afin d\u2019aider les agriculteurs \u00e0 trouver des mani\u00e8res durables de r\u00e9duire leur consommation d\u2019eau et leurs \u00e9missions de CO2. WWF Italie a non seulement fix\u00e9 des objectifs, mais il a \u00e9galement permis aux agriculteurs d\u2019analyser et d\u2019examiner les donn\u00e9es obtenues afin d\u2019identifier les mesures qu\u2019ils pouvaient prendre. L\u2019organisation a par exemple recommand\u00e9 d\u2019utiliser des capteurs sp\u00e9ciaux qui mesurent l\u2019humidit\u00e9 du sol et donnent des informations utiles pour rationaliser la consommation d\u2019eau. <br><br>Mutti a investi dans la technologie, l\u2019\u00e9ducation et l\u2019assistance technique n\u00e9cessaires aux agriculteurs et aux organisations agricoles. M\u00eame apr\u00e8s la fin de notre projet de cinq ans, nous sommes rest\u00e9s plus engag\u00e9s que jamais afin de minimiser notre impact sur l\u2019environnement et d\u2019am\u00e9liorer chaque \u00e9tape de notre production.<\/p>\n\n\n\n<figure class=\"wp-block-image size-large is-resized\"><img loading=\"lazy\" decoding=\"async\" src=\"https:\/\/mutti-parma.com\/app\/uploads\/sites\/17\/2022\/05\/logo-wwf-768x1024.png\" alt=\"\" class=\"wp-image-16372\" width=\"129\" height=\"173\" srcset=\"https:\/\/mutti-parma.com\/app\/uploads\/sites\/17\/2022\/05\/logo-wwf-768x1024.png 768w, https:\/\/mutti-parma.com\/app\/uploads\/sites\/17\/2022\/05\/logo-wwf-375x500.png 375w, https:\/\/mutti-parma.com\/app\/uploads\/sites\/17\/2022\/05\/logo-wwf-150x200.png 150w, https:\/\/mutti-parma.com\/app\/uploads\/sites\/17\/2022\/05\/logo-wwf-600x800.png 600w, https:\/\/mutti-parma.com\/app\/uploads\/sites\/17\/2022\/05\/logo-wwf-1152x1536.png 1152w, https:\/\/mutti-parma.com\/app\/uploads\/sites\/17\/2022\/05\/logo-wwf.png 1251w\" sizes=\"(max-width: 129px) 100vw, 129px\" \/><\/figure>\n<\/div>\n\n\n\n<div class=\"wp-block-column is-layout-flow wp-block-column-is-layout-flow\">\n<div class=\"wp-block-group has-green-background-color has-background\"><div class=\"wp-block-group__inner-container is-layout-flow wp-block-group-is-layout-flow\">\n<h2 class=\"has-text-align-center wp-block-heading\">R\u00c9SULTATS<\/h2>\n\n\n\n<div class=\"wp-block-columns is-layout-flex wp-container-core-columns-is-layout-9d6595d7 wp-block-columns-is-layout-flex\">\n<div class=\"wp-block-column is-layout-flow wp-block-column-is-layout-flow\">\n<div class=\"wp-block-image\"><figure class=\"aligncenter size-large is-resized\"><img loading=\"lazy\" decoding=\"async\" src=\"https:\/\/mutti-parma.com\/app\/uploads\/sites\/3\/2019\/09\/icon-sustainable-water.svg\" alt=\"\" class=\"wp-image-30000085\" width=\"53\" height=\"91\" \/><\/figure><\/div>\n\n\n\n<h4 class=\"has-text-align-center wp-block-heading\"> 1 000 millions de litres d\u2019eau \u00e9conomis\u00e9s* <\/h4>\n\n\n\n<p class=\"has-text-align-center has-sm-font-size\">*entre 2012 et 2014 (Source : donn\u00e9es recueillies par WWF et le Centre euro-m\u00e9diterran\u00e9en sur le changement climatique en Italie)<\/p>\n<\/div>\n\n\n\n<div class=\"wp-block-column is-layout-flow wp-block-column-is-layout-flow\">\n<div class=\"wp-block-image\"><figure class=\"aligncenter size-large is-resized\"><img loading=\"lazy\" decoding=\"async\" src=\"https:\/\/mutti-parma.com\/app\/uploads\/sites\/3\/2019\/09\/icon-sustainable-co2.svg\" alt=\"\" class=\"wp-image-30000086\" width=\"114\" height=\"88\" \/><\/figure><\/div>\n\n\n\n<h4 class=\"has-text-align-center wp-block-heading\"> 31 530 tonnes de CO2 (dioxyde de carbone) \u00e9vit\u00e9es.<\/h4>\n\n\n\n<p class=\"has-text-align-center has-sm-font-size\">*entre 2010 et 2015 par rapport aux niveaux de 2009 (Source : donn\u00e9es recueillies par WWF et le groupe d\u2019efficacit\u00e9 \u00e9nerg\u00e9tique Officinae Verdi)<\/p>\n<\/div>\n<\/div>\n<\/div><\/div>\n<\/div>\n<\/div>\n<\/div><\/div>\n\n\n\n\n\n\n\n\n\n\n\n\n<div class=\"acf-related-products mb-8 lg:mb-16 \" data-vue-wrapper>\n      <h3 class=\"text-center\">Autres produits de la gamme \r\n<\/h3>\n  \n      <slideshow :slides-per-view=\"3\" :navigation=\"true\" class=\"mx-8 lg:-mx-12\" name=\"Related Products\">\n              <div class=\"swiper-slide\">\n          <div class=\"text-center hover:lift-img mx-auto max-w-28\">\n      <a href=\"https:\/\/mutti-parma.com\/fr\/produits\/ketchup-original\/\" class=\"block\">\n            <div class=\"responsive-embed is-contain\" style=\"padding-bottom: 188.23529411765%;\"><img decoding=\"async\" width=\"1168\" height=\"1796\" src=\"https:\/\/mutti-parma.com\/app\/uploads\/sites\/17\/2019\/11\/ketchup-de-tomates.png\" class=\"inline-block mt-2 wp-image-22158\" alt=\"Ketchup Original\" sizes=\"auto, 126px\" data-spai-crop=\"false\" title=\"Ketchup Original\" srcset=\"https:\/\/mutti-parma.com\/app\/uploads\/sites\/17\/2019\/11\/ketchup-de-tomates.png 1168w, https:\/\/mutti-parma.com\/app\/uploads\/sites\/17\/2019\/11\/ketchup-de-tomates-325x500.png 325w, https:\/\/mutti-parma.com\/app\/uploads\/sites\/17\/2019\/11\/ketchup-de-tomates-666x1024.png 666w, https:\/\/mutti-parma.com\/app\/uploads\/sites\/17\/2019\/11\/ketchup-de-tomates-130x200.png 130w, https:\/\/mutti-parma.com\/app\/uploads\/sites\/17\/2019\/11\/ketchup-de-tomates-768x1181.png 768w, https:\/\/mutti-parma.com\/app\/uploads\/sites\/17\/2019\/11\/ketchup-de-tomates-150x231.png 150w, https:\/\/mutti-parma.com\/app\/uploads\/sites\/17\/2019\/11\/ketchup-de-tomates-600x923.png 600w, https:\/\/mutti-parma.com\/app\/uploads\/sites\/17\/2019\/11\/ketchup-de-tomates-999x1536.png 999w\" loading=\"lazy\" \/><\/div>\n    <\/a>\n  \n  <a class=\"block underline mb-2 mt-2\" href=\"https:\/\/mutti-parma.com\/fr\/produits\/ketchup-original\/\">\n    <h3 class=\"h4\">Ketchup Original<\/h3>\n  <\/a>\n\n  <\/div>\n        <\/div>\n              <div class=\"swiper-slide\">\n          <div class=\"text-center hover:lift-img mx-auto max-w-28\">\n      <a href=\"https:\/\/mutti-parma.com\/fr\/produits\/sauce-barbecue\/\" class=\"block\">\n            <div class=\"responsive-embed is-contain\" style=\"padding-bottom: 188.23529411765%;\"><img decoding=\"async\" width=\"1168\" height=\"1796\" src=\"https:\/\/mutti-parma.com\/app\/uploads\/sites\/17\/2019\/11\/sauce-barbecue-aux-tomates.png\" class=\"inline-block mt-2 wp-image-22159\" alt=\"Sauce Barbecue\" sizes=\"auto, 126px\" data-spai-crop=\"false\" title=\"Sauce Barbecue\" srcset=\"https:\/\/mutti-parma.com\/app\/uploads\/sites\/17\/2019\/11\/sauce-barbecue-aux-tomates.png 1168w, https:\/\/mutti-parma.com\/app\/uploads\/sites\/17\/2019\/11\/sauce-barbecue-aux-tomates-325x500.png 325w, https:\/\/mutti-parma.com\/app\/uploads\/sites\/17\/2019\/11\/sauce-barbecue-aux-tomates-666x1024.png 666w, https:\/\/mutti-parma.com\/app\/uploads\/sites\/17\/2019\/11\/sauce-barbecue-aux-tomates-130x200.png 130w, https:\/\/mutti-parma.com\/app\/uploads\/sites\/17\/2019\/11\/sauce-barbecue-aux-tomates-768x1181.png 768w, https:\/\/mutti-parma.com\/app\/uploads\/sites\/17\/2019\/11\/sauce-barbecue-aux-tomates-150x231.png 150w, https:\/\/mutti-parma.com\/app\/uploads\/sites\/17\/2019\/11\/sauce-barbecue-aux-tomates-600x923.png 600w, https:\/\/mutti-parma.com\/app\/uploads\/sites\/17\/2019\/11\/sauce-barbecue-aux-tomates-999x1536.png 999w\" loading=\"lazy\" \/><\/div>\n    <\/a>\n  \n  <a class=\"block underline mb-2 mt-2\" href=\"https:\/\/mutti-parma.com\/fr\/produits\/sauce-barbecue\/\">\n    <h3 class=\"h4\">Sauce Barbecue<\/h3>\n  <\/a>\n\n  <\/div>\n        <\/div>\n          <\/slideshow>\n  <\/div>\n\n\n","protected":false},"excerpt":{"rendered":"","protected":false},"featured_media":22157,"comment_status":"open","ping_status":"closed","template":"","product_category":[4080],"class_list":["post-22193","product","type-product","status-publish","has-post-thumbnail","hentry","product_category-product-category-22179"],"acf":[],"_links":{"self":[{"href":"https:\/\/mutti-parma.com\/fr\/wp-json\/wp\/v2\/product\/22193","targetHints":{"allow":["GET"]}}],"collection":[{"href":"https:\/\/mutti-parma.com\/fr\/wp-json\/wp\/v2\/product"}],"about":[{"href":"https:\/\/mutti-parma.com\/fr\/wp-json\/wp\/v2\/types\/product"}],"replies":[{"embeddable":true,"href":"https:\/\/mutti-parma.com\/fr\/wp-json\/wp\/v2\/comments?post=22193"}],"version-history":[{"count":7,"href":"https:\/\/mutti-parma.com\/fr\/wp-json\/wp\/v2\/product\/22193\/revisions"}],"predecessor-version":[{"id":22224,"href":"https:\/\/mutti-parma.com\/fr\/wp-json\/wp\/v2\/product\/22193\/revisions\/22224"}],"wp:featuredmedia":[{"embeddable":true,"href":"https:\/\/mutti-parma.com\/fr\/wp-json\/wp\/v2\/media\/22157"}],"wp:attachment":[{"href":"https:\/\/mutti-parma.com\/fr\/wp-json\/wp\/v2\/media?parent=22193"}],"wp:term":[{"taxonomy":"product_category","embeddable":true,"href":"https:\/\/mutti-parma.com\/fr\/wp-json\/wp\/v2\/product_category?post=22193"}],"curies":[{"name":"wp","href":"https:\/\/api.w.org\/{rel}","templated":true}]}}