{"id":835,"date":"2019-12-17T10:36:53","date_gmt":"2019-12-17T10:36:53","guid":{"rendered":"https:\/\/mutti-parma.com\/fr\/?post_type=product&#038;p=835"},"modified":"2021-03-21T11:03:35","modified_gmt":"2021-03-21T11:03:35","slug":"tomates-filetti","status":"publish","type":"product","link":"https:\/\/mutti-parma.com\/fr\/produits\/tomates-filetti\/","title":{"rendered":"Tomates Filetti"},"content":{"rendered":"\n<div style=\"--media-width: 50\" class=\"wp-block-media-text alignwide has-media-on-the-right is-stacked-on-mobile is-style-hero has-background-image\"><img loading=\"lazy\" decoding=\"async\" class=\"wp-block-media-text__background\" alt=\"\" data-spai-crop=\"true\" src=\"https:\/\/mutti-parma.com\/app\/uploads\/sites\/3\/2019\/09\/texture-banner-mutti-default-gradient.jpg\" \/><figure class=\"wp-block-media-text__media\"><img loading=\"lazy\" decoding=\"async\" src=\"https:\/\/mutti-parma.com\/app\/uploads\/sites\/3\/2019\/09\/filetti-grafica-aggiornata-hires-675x1024.png\" alt=\"\" class=\"wp-image-300000202\" sizes=\"(min-width: 1440px) 528px,37vw\" data-spai-crop=\"false\" srcset=\"https:\/\/mutti-parma.com\/app\/uploads\/sites\/3\/2019\/09\/filetti-grafica-aggiornata-hires-675x1024.png 675w, https:\/\/mutti-parma.com\/app\/uploads\/sites\/3\/2019\/09\/filetti-grafica-aggiornata-hires-132x200.png 132w, https:\/\/mutti-parma.com\/app\/uploads\/sites\/3\/2019\/09\/filetti-grafica-aggiornata-hires-330x500.png 330w, https:\/\/mutti-parma.com\/app\/uploads\/sites\/3\/2019\/09\/filetti-grafica-aggiornata-hires-768x1165.png 768w, https:\/\/mutti-parma.com\/app\/uploads\/sites\/3\/2019\/09\/filetti-grafica-aggiornata-hires-150x228.png 150w, https:\/\/mutti-parma.com\/app\/uploads\/sites\/3\/2019\/09\/filetti-grafica-aggiornata-hires-600x910.png 600w, https:\/\/mutti-parma.com\/app\/uploads\/sites\/3\/2019\/09\/filetti-grafica-aggiornata-hires.png 1200w\" \/><\/figure><div class=\"wp-block-media-text__content\"><div class=\"acf-breadcrumb my-4 md:my-8 text-center md:text-left\">\n  <nav>\n  <ol class=\"list-none text-md\">\n                  <li class=\"inline\">\n                      <a class=\"text-inherit\" href=\"https:\/\/mutti-parma.com\/fr\/\">\n              Accueil\n            <\/a>\n                                <span aria-hidden=\"true\">\/&nbsp;<\/span>\n                  <\/li>\n                        <li class=\"inline\">\n                      <a class=\"text-inherit\" href=\"https:\/\/mutti-parma.com\/fr\/produits\/\">\n              Products\n            <\/a>\n                            <\/li>\n            <\/ol>\n<\/nav>\n<\/div>\n\n\n\n<h1 class=\"has-primary-color wp-block-heading\">Tomates Filetti   <\/h1>\n\n\n\n<p class=\"has-xxl-font-size is-style-cursive\">Sp\u00e9cialit\u00e9s<\/p>\n\n\n\n<p class=\"has-text-align-left\">Les tomates Filetti Mutti sont des tranches de tomates oblongues. Leur go\u00fbt est frais et intense, leur composition est juteuse et leur couleur est une nuance de rouge vif. Une conserve de tomates italiennes pratique qui permet de pr\u00e9parer une sauce tomate rapide. <br><br>Meilleures sur des temps de pr\u00e9paration courts pour pr\u00e9server leur go\u00fbt frais et leur forme ovale, cela les rend id\u00e9ales pour d\u00e9corer des hors d\u2019\u0153uvre et des plats principaux et en am\u00e9liorer le go\u00fbt.<br><br>La tomates Filetti Mutti sont not\u00e9es A par le Nutri-Score. <br><br>Disponible en format 400g. <\/p>\n\n\n\n\n<div class=\"acf-characteristics\">\n  <div class=\"flex flex-wrap -m-2 justify-center sm:justify-between\">\n          <div class=\"m-2 w-24 text-center\">\n        <div style=\"height: 41px; width: 80px;\" class=\"mx-auto flex items-end justify-center mx-auto\">\n                      <img decoding=\"async\" width=\"1200\" height=\"650\" src=\"https:\/\/mutti-parma.com\/app\/uploads\/sites\/17\/2019\/12\/1200px-nutri-score-a.svg.png\" class=\"w-full wp-image-3871\" alt=\"\" style=\"max-height: 43px; max-width: 80px;\" srcset=\"https:\/\/mutti-parma.com\/app\/uploads\/sites\/17\/2019\/12\/1200px-nutri-score-a.svg.png 1200w, https:\/\/mutti-parma.com\/app\/uploads\/sites\/17\/2019\/12\/1200px-nutri-score-a.svg-200x108.png 200w, https:\/\/mutti-parma.com\/app\/uploads\/sites\/17\/2019\/12\/1200px-nutri-score-a.svg-500x271.png 500w, https:\/\/mutti-parma.com\/app\/uploads\/sites\/17\/2019\/12\/1200px-nutri-score-a.svg-768x416.png 768w, https:\/\/mutti-parma.com\/app\/uploads\/sites\/17\/2019\/12\/1200px-nutri-score-a.svg-1024x555.png 1024w, https:\/\/mutti-parma.com\/app\/uploads\/sites\/17\/2019\/12\/1200px-nutri-score-a.svg-150x81.png 150w, https:\/\/mutti-parma.com\/app\/uploads\/sites\/17\/2019\/12\/1200px-nutri-score-a.svg-600x325.png 600w\" sizes=\"auto, (max-width: 1200px) 100vw, 1200px\" loading=\"lazy\" \/>\n                  <\/div>\n        <p class=\"h6 text-inherit mt-3\">Nutri-Score A<\/p>\n      <\/div>\n      <\/div>\n<\/div>\n\n\n<div class=\"acf-product-find-store\">\n      <div data-vue-wrapper>\n      <a href=\"#\" class=\"btn-solid\" @click=\"toggleStoreFinder\">\n        <i class=\"fa-solid fa-map-marker-alt mr-1\" aria-hidden=\"true\"><\/i>\n        Trouver un point de vente\n      <\/a>\n      <modal v-if=\"showStoreFinder\" size=\"w-full h-full sm:h-auto sm:w-11\/12 md:max-h-full md:max-w-6xl\" @close=\"toggleStoreFinder\">\n        <div data-vue-wrapper>\n  <store-locator\n                  :default-filters='{\"selectedProduct\":835}'\n            :lang='{\"search\":\"Ville ou Code postal \",\"show_on_map\":\"Montrer sur la carte\",\"filter_by_product\":\"Filtrer par produit\",\"filter_by_chain\":\"Filtrer par enseigne\",\"find_me\":\"Me localiser\",\"selected\":\"products\"}'\n  ><\/store-locator>\n<\/div>\n      <\/modal>\n    <\/div>\n\n  <\/div>\n<\/div><\/div>\n\n\n<div class=\"acf-product-nutrition-tabs alignwide\">\n  <div class=\"\">\n    <ul class=\"list-none flex justify-center sm:justify-left\">\n              <li class=\"mr-4\">\n          <a href=\"javascript: void(0)\" data-toggle=\"nutrition\" class=\"btn-outline \" data-gtm-track data-gtm-event=\"GAevent\" data-gtm-event-id=\"13\" data-gtm-category=\"recipe_information\" data-gtm-action=\"nutrition\" data-gtm-label=\"tomates_filetti\">\n            Informations nutritionnelles\n          <\/a>\n        <\/li>\n                    <li>\n          <a href=\"#howtouse\" class=\"btn-outline \" data-gtm-track data-gtm-event=\"GAevent\" data-gtm-event-id=\"13\" data-gtm-category=\"recipe_information\" data-gtm-action=\"how_to_use\" data-gtm-label=\"tomates_filetti\">\n            Comment cuisiner ce produit ? \n          <\/a>\n        <\/li>\n      \n          <\/ul>\n  <\/div>\n\n      <div class=\"flex flex-wrap mt-8 mb-4 hidden\" id=\"nutrition\">\n      <div class=\"w-full sm:w-1\/2\">\n        <p>Les Tomates Filetti sont des tomates oblongues coup\u00e9es en quartiers, d&rsquo;une saveur intense.<\/p>\n<p><strong>Ingr\u00e9dients :<\/strong> Tomates pel\u00e9es en tranches, jus de tomate, correcteur d&rsquo;acidit\u00e9: acide citrique.<\/p>\n<p><strong>Nos Tomates Filetti Mutti sont not\u00e9es A au Nutri-Score.\u00a0<\/strong><\/p>\n\n      <\/div>\n      <div class=\"w-full mt-8 sm:mt-0 sm:w-1\/2 sm:pl-8 md:pl-16\">\n        \n          <table class=\"w-full\">\n            <thead>\n              <tr class=\"border-b\">\n                <th colspan=\"2\" class=\"py-2 text-left\">Valeurs nutritionnelles \/ 100g<\/thead>\n              <\/tr>\n            <\/thead>\n            <tbody>\n                              <tr class=\"border-b\">\n                  <th class=\"py-2 text-left font-normal\">\u00c9nergie<\/th>\n                  <td class=\"py-2 text-right\">92 kj \/ 22 kcal<\/td>\n                <\/tr>\n                              <tr class=\"border-b\">\n                  <th class=\"py-2 text-left font-normal\">Mati\u00e8res grasses<\/th>\n                  <td class=\"py-2 text-right\">&lt;0,5 g<\/td>\n                <\/tr>\n                              <tr class=\"border-b\">\n                  <th class=\"py-2 text-left font-normal\">Glucides<\/th>\n                  <td class=\"py-2 text-right\">3,6 g<\/td>\n                <\/tr>\n                              <tr class=\"border-b\">\n                  <th class=\"py-2 text-left font-normal\">Prot\u00e9ines<\/th>\n                  <td class=\"py-2 text-right\">1,1 g<\/td>\n                <\/tr>\n                              <tr class=\"border-b\">\n                  <th class=\"py-2 text-left font-normal\">Fibres<\/th>\n                  <td class=\"py-2 text-right\">1,5 g<\/td>\n                <\/tr>\n                              <tr class=\"border-b\">\n                  <th class=\"py-2 text-left font-normal\">Sel<\/th>\n                  <td class=\"py-2 text-right\">0,01 g<\/td>\n                <\/tr>\n                              <tr class=\"border-b\">\n                  <th class=\"py-2 text-left font-normal\">Sodium<\/th>\n                  <td class=\"py-2 text-right\">4 mg<\/td>\n                <\/tr>\n                              <tr class=\"border-b\">\n                  <th class=\"py-2 text-left font-normal\">Vitamine C <\/th>\n                  <td class=\"py-2 text-right\">16,5 mg<\/td>\n                <\/tr>\n                              <tr class=\"border-b\">\n                  <th class=\"py-2 text-left font-normal\">Calcium<\/th>\n                  <td class=\"py-2 text-right\">125 mg <\/td>\n                <\/tr>\n                              <tr class=\"border-b\">\n                  <th class=\"py-2 text-left font-normal\">Fer<\/th>\n                  <td class=\"py-2 text-right\">2,79 mg<\/td>\n                <\/tr>\n                              <tr class=\"border-b\">\n                  <th class=\"py-2 text-left font-normal\">Potassium<\/th>\n                  <td class=\"py-2 text-right\">3,37 g<\/td>\n                <\/tr>\n                          <\/tbody>\n          <\/table>\n              <\/div>\n    <\/div>\n  <\/div>\n\n\n\n\n<div\n  class=\"acf-how-is-it-made alignwide text-center \"\n  data-vue-wrapper\n  >\n      <h2>QUEL EST SON MODE DE PRODUCTION?\r\n<\/h2>\n  \n  <slideshow :slides-per-view=\"3\" :slides-per-view-sm=\"1\" :slides-per-view-md=\"2\" name=\"How is it made\" class=\"mb-8\">\n      <\/slideshow>\n\n      <p class=\"is-style-cursive text-5xl\">Pour en savoir plus sur nos modes de production, consultez la page<\/p>\n  \n      <h3><a href=\"https:\/\/mutti-parma.com\/fr\/de-nos-champs-a-lassiette\/\"> De nos champs \u00e0 l\u2019assiette <\/a><\/h3>\n  <\/div>\n\n\n\n\n\n\n\n<hr class=\"wp-block-separator alignwide\"\/>\n\n\n<div class=\"acf-comments alignwide my-8\">\n  <div class=\"flex flex-wrap mb-4 items-center text-center sm:text-left px-0 sm:px-2 md:px-0\">\n    <h3 class=\"w-full sm:w-auto is-style-cursive text-primary my-0 leading-none\">Share and review<\/h3>\n    <div class=\"w-full sm:w-auto flex-auto mt-1 sm:ml-8\">\n          <\/div>\n\n          <div class=\"mx-auto sm:ml-0 mt-3 sm:mt-0\">\n                  <div\n  class=\"shariff\"\n  data-button-style=\"icon\"\n  data-mail-body=\"https:\/\/mutti-parma.com\/fr\/produits\/tomates-filetti\/\"\n  data-mail-subject=\"Tomates Filetti - Mutti\"\n  data-mail-url=\"mailto:\"\n  data-media-url=\"https:\/\/mutti-parma.com\/app\/uploads\/sites\/3\/2019\/09\/filetti-grafica-aggiornata-hires.png\"\n  data-services=\"[&#039;facebook&#039;, &#039;twitter&#039;, &#039;whatsapp&#039;, &#039;pinterest&#039;, &#039;mail&#039;]\"\n><\/div>\n              <\/div>\n      <\/div>\n\n  <div>\n                <\/div>\n<\/div>\n\n\n\n<hr class=\"wp-block-separator alignwide\"\/>\n\n\n\n<div class=\"wp-block-group alignwide is-style-default\"><div class=\"wp-block-group__inner-container is-layout-flow wp-block-group-is-layout-flow\">\n<div class=\"wp-block-columns alignwide is-layout-flex wp-container-core-columns-is-layout-9d6595d7 wp-block-columns-is-layout-flex\">\n<div class=\"wp-block-column is-layout-flow wp-block-column-is-layout-flow\">\n<h2 class=\"wp-block-heading\" id=\"sustainability\">Durabilit\u00e9<\/h2>\n\n\n\n<p class=\"is-style-cursive\">Pour nous, durabilit\u00e9 est synonyme de respect de la terre<\/p>\n\n\n\n<h4 class=\"wp-block-heading\">Coop\u00e9ration avec WWF<\/h4>\n\n\n\n<p>Mutti a travaill\u00e9 en \u00e9troite collaboration avec WWF Italie afin d\u2019aider les agriculteurs \u00e0 trouver des mani\u00e8res durables de r\u00e9duire leur consommation d\u2019eau et leurs \u00e9missions de CO2. WWF Italie a non seulement fix\u00e9 des objectifs, mais il a \u00e9galement permis aux agriculteurs d\u2019analyser et d\u2019examiner les donn\u00e9es obtenues afin d\u2019identifier les mesures qu\u2019ils pouvaient prendre. L\u2019organisation a par exemple recommand\u00e9 d\u2019utiliser des capteurs sp\u00e9ciaux qui mesurent l\u2019humidit\u00e9 du sol et donnent des informations utiles pour rationaliser la consommation d\u2019eau. <br><br>Mutti a investi dans la technologie, l\u2019\u00e9ducation et l\u2019assistance technique n\u00e9cessaires aux agriculteurs et aux organisations agricoles. M\u00eame apr\u00e8s la fin de notre projet de cinq ans, nous sommes rest\u00e9s plus engag\u00e9s que jamais afin de minimiser notre impact sur l\u2019environnement et d\u2019am\u00e9liorer chaque \u00e9tape de notre production.<\/p>\n\n\n\n<figure class=\"wp-block-image size-large is-resized\"><img loading=\"lazy\" decoding=\"async\" src=\"https:\/\/mutti-parma.com\/app\/uploads\/sites\/17\/2022\/05\/logo-wwf-768x1024.png\" alt=\"\" class=\"wp-image-16372\" width=\"129\" height=\"173\" srcset=\"https:\/\/mutti-parma.com\/app\/uploads\/sites\/17\/2022\/05\/logo-wwf-768x1024.png 768w, https:\/\/mutti-parma.com\/app\/uploads\/sites\/17\/2022\/05\/logo-wwf-375x500.png 375w, https:\/\/mutti-parma.com\/app\/uploads\/sites\/17\/2022\/05\/logo-wwf-150x200.png 150w, https:\/\/mutti-parma.com\/app\/uploads\/sites\/17\/2022\/05\/logo-wwf-600x800.png 600w, https:\/\/mutti-parma.com\/app\/uploads\/sites\/17\/2022\/05\/logo-wwf-1152x1536.png 1152w, https:\/\/mutti-parma.com\/app\/uploads\/sites\/17\/2022\/05\/logo-wwf.png 1251w\" sizes=\"(max-width: 129px) 100vw, 129px\" \/><\/figure>\n<\/div>\n\n\n\n<div class=\"wp-block-column is-layout-flow wp-block-column-is-layout-flow\">\n<div class=\"wp-block-group has-green-background-color has-background\"><div class=\"wp-block-group__inner-container is-layout-flow wp-block-group-is-layout-flow\">\n<h2 class=\"has-text-align-center wp-block-heading\">R\u00c9SULTATS<\/h2>\n\n\n\n<div class=\"wp-block-columns is-layout-flex wp-container-core-columns-is-layout-9d6595d7 wp-block-columns-is-layout-flex\">\n<div class=\"wp-block-column is-layout-flow wp-block-column-is-layout-flow\">\n<div class=\"wp-block-image\"><figure class=\"aligncenter size-large is-resized\"><img loading=\"lazy\" decoding=\"async\" src=\"https:\/\/mutti-parma.com\/app\/uploads\/sites\/3\/2019\/09\/icon-sustainable-water.svg\" alt=\"\" class=\"wp-image-30000085\" width=\"53\" height=\"91\" \/><\/figure><\/div>\n\n\n\n<h4 class=\"has-text-align-center wp-block-heading\"> 1 000 millions de litres d\u2019eau \u00e9conomis\u00e9s* <\/h4>\n\n\n\n<p class=\"has-text-align-center has-sm-font-size\">*entre 2012 et 2014 (Source : donn\u00e9es recueillies par WWF et le Centre euro-m\u00e9diterran\u00e9en sur le changement climatique en Italie)<\/p>\n<\/div>\n\n\n\n<div class=\"wp-block-column is-layout-flow wp-block-column-is-layout-flow\">\n<div class=\"wp-block-image\"><figure class=\"aligncenter size-large is-resized\"><img loading=\"lazy\" decoding=\"async\" src=\"https:\/\/mutti-parma.com\/app\/uploads\/sites\/3\/2019\/09\/icon-sustainable-co2.svg\" alt=\"\" class=\"wp-image-30000086\" width=\"114\" height=\"88\" \/><\/figure><\/div>\n\n\n\n<h4 class=\"has-text-align-center wp-block-heading\"> 31 530 tonnes de CO2 (dioxyde de carbone) \u00e9vit\u00e9es.<\/h4>\n\n\n\n<p class=\"has-text-align-center has-sm-font-size\">*entre 2010 et 2015 par rapport aux niveaux de 2009 (Source : donn\u00e9es recueillies par WWF et le groupe d\u2019efficacit\u00e9 \u00e9nerg\u00e9tique Officinae Verdi)<\/p>\n<\/div>\n<\/div>\n<\/div><\/div>\n<\/div>\n<\/div>\n<\/div><\/div>\n\n\n\n<p class=\"has-text-align-center has-xxl-font-size is-style-cursive\"> Maintenant que vous en savez plus sur nos produits, il est l\u2019heure de cuisiner. <\/p>\n\n\n\n<h2 class=\"has-text-align-center wp-block-heading\" id=\"howtouse\">COMMENT LES CUISINER ? <\/h2>\n\n\n\n<p class=\"has-text-align-center\">Les tomates Filetti sont pratiques et rapides \u00e0 pr\u00e9parer.  Elles sont meilleures sur des temps de pr\u00e9paration courts pour pr\u00e9server leur go\u00fbt frais et leur forme de quartiers, cela les rend id\u00e9ales pour d\u00e9corer des hors d\u2019\u0153uvre et des plats principaux et en am\u00e9liorer le go\u00fbt. Elles sont \u00e9galement parfaites pour r\u00e9aliser une sauce tomate rapide !<\/p>\n\n\n\n<p class=\"has-text-color has-text-align-center has-primary-color\">Id\u00e9ales pour d\u00e9corer des hors d\u2019\u0153uvres et plats principaux <\/p>\n\n\n\n\n\n\n<div class=\"acf-related-products mb-8 lg:mb-16 \" data-vue-wrapper>\n      <h3 class=\"text-center\">Autres produits de la gamme \r\n<\/h3>\n  \n      <slideshow :slides-per-view=\"3\" :navigation=\"true\" class=\"mx-8 lg:-mx-12\" name=\"Related Products\">\n              <div class=\"swiper-slide\">\n          <div class=\"text-center hover:lift-img mx-auto max-w-28\">\n      <a href=\"https:\/\/mutti-parma.com\/fr\/produits\/tomates-cerises\/\" class=\"block\">\n            <div class=\"responsive-embed is-contain\" style=\"padding-bottom: 188.23529411765%;\"><img decoding=\"async\" width=\"1396\" height=\"2000\" src=\"https:\/\/mutti-parma.com\/app\/uploads\/sites\/17\/2019\/12\/210107-boite-tomate-cerise-400g-fr-hd-v2.png\" class=\"inline-block mt-2 wp-image-8287\" alt=\"Tomates cerises\" sizes=\"auto, 126px\" data-spai-crop=\"false\" title=\"Tomates cerises\" srcset=\"https:\/\/mutti-parma.com\/app\/uploads\/sites\/17\/2019\/12\/210107-boite-tomate-cerise-400g-fr-hd-v2.png 1396w, https:\/\/mutti-parma.com\/app\/uploads\/sites\/17\/2019\/12\/210107-boite-tomate-cerise-400g-fr-hd-v2-140x200.png 140w, https:\/\/mutti-parma.com\/app\/uploads\/sites\/17\/2019\/12\/210107-boite-tomate-cerise-400g-fr-hd-v2-349x500.png 349w, https:\/\/mutti-parma.com\/app\/uploads\/sites\/17\/2019\/12\/210107-boite-tomate-cerise-400g-fr-hd-v2-768x1100.png 768w, https:\/\/mutti-parma.com\/app\/uploads\/sites\/17\/2019\/12\/210107-boite-tomate-cerise-400g-fr-hd-v2-715x1024.png 715w, https:\/\/mutti-parma.com\/app\/uploads\/sites\/17\/2019\/12\/210107-boite-tomate-cerise-400g-fr-hd-v2-150x215.png 150w, https:\/\/mutti-parma.com\/app\/uploads\/sites\/17\/2019\/12\/210107-boite-tomate-cerise-400g-fr-hd-v2-600x860.png 600w\" loading=\"lazy\" \/><\/div>\n    <\/a>\n  \n  <a class=\"block underline mb-2 mt-2\" href=\"https:\/\/mutti-parma.com\/fr\/produits\/tomates-cerises\/\">\n    <h3 class=\"h4\">Tomates cerises<\/h3>\n  <\/a>\n\n      <a class=\"block hover:no-underline text-inherit\" href=\"https:\/\/mutti-parma.com\/fr\/produits\/tomates-cerises\/\">\n      Sp\u00e9cialit\u00e9s\n    <\/a>\n  <\/div>\n        <\/div>\n              <div class=\"swiper-slide\">\n          <div class=\"text-center hover:lift-img mx-auto max-w-28\">\n      <a href=\"https:\/\/mutti-parma.com\/fr\/produits\/tomates-datterini-pelees\/\" class=\"block\">\n            <div class=\"responsive-embed is-contain\" style=\"padding-bottom: 188.23529411765%;\"><img decoding=\"async\" width=\"1284\" height=\"1667\" src=\"https:\/\/mutti-parma.com\/app\/uploads\/sites\/17\/2019\/12\/tomates-datterini-400g.png\" class=\"inline-block mt-2 wp-image-926\" alt=\"Tomates Datterini\" sizes=\"auto, 126px\" data-spai-crop=\"false\" title=\"Tomates Datterini\" srcset=\"https:\/\/mutti-parma.com\/app\/uploads\/sites\/17\/2019\/12\/tomates-datterini-400g.png 1284w, https:\/\/mutti-parma.com\/app\/uploads\/sites\/17\/2019\/12\/tomates-datterini-400g-154x200.png 154w, https:\/\/mutti-parma.com\/app\/uploads\/sites\/17\/2019\/12\/tomates-datterini-400g-385x500.png 385w, https:\/\/mutti-parma.com\/app\/uploads\/sites\/17\/2019\/12\/tomates-datterini-400g-768x997.png 768w, https:\/\/mutti-parma.com\/app\/uploads\/sites\/17\/2019\/12\/tomates-datterini-400g-789x1024.png 789w, https:\/\/mutti-parma.com\/app\/uploads\/sites\/17\/2019\/12\/tomates-datterini-400g-150x195.png 150w, https:\/\/mutti-parma.com\/app\/uploads\/sites\/17\/2019\/12\/tomates-datterini-400g-600x779.png 600w\" loading=\"lazy\" \/><\/div>\n    <\/a>\n  \n  <a class=\"block underline mb-2 mt-2\" href=\"https:\/\/mutti-parma.com\/fr\/produits\/tomates-datterini-pelees\/\">\n    <h3 class=\"h4\">Tomates Datterini<\/h3>\n  <\/a>\n\n      <a class=\"block hover:no-underline text-inherit\" href=\"https:\/\/mutti-parma.com\/fr\/produits\/tomates-datterini-pelees\/\">\n      Sp\u00e9cialit\u00e9s\n    <\/a>\n  <\/div>\n        <\/div>\n          <\/slideshow>\n  <\/div>\n\n\n","protected":false},"excerpt":{"rendered":"<p>Maintenant que vous en savez plus sur nos produits, il est l\u2019heure de cuisiner. COMMENT LES CUISINER ? Les tomates Filetti sont pratiques et rapides \u00e0 pr\u00e9parer. Elles sont meilleures sur des temps de pr\u00e9paration courts pour pr\u00e9server leur go\u00fbt frais et leur forme de quartiers, cela les rend id\u00e9ales pour d\u00e9corer des hors d\u2019\u0153uvre<\/p>\n","protected":false},"featured_media":300000202,"comment_status":"open","ping_status":"closed","template":"","product_category":[58],"class_list":["post-835","product","type-product","status-publish","has-post-thumbnail","hentry","product_category-product-category-49"],"acf":[],"_links":{"self":[{"href":"https:\/\/mutti-parma.com\/fr\/wp-json\/wp\/v2\/product\/835","targetHints":{"allow":["GET"]}}],"collection":[{"href":"https:\/\/mutti-parma.com\/fr\/wp-json\/wp\/v2\/product"}],"about":[{"href":"https:\/\/mutti-parma.com\/fr\/wp-json\/wp\/v2\/types\/product"}],"replies":[{"embeddable":true,"href":"https:\/\/mutti-parma.com\/fr\/wp-json\/wp\/v2\/comments?post=835"}],"version-history":[{"count":55,"href":"https:\/\/mutti-parma.com\/fr\/wp-json\/wp\/v2\/product\/835\/revisions"}],"predecessor-version":[{"id":12763,"href":"https:\/\/mutti-parma.com\/fr\/wp-json\/wp\/v2\/product\/835\/revisions\/12763"}],"wp:featuredmedia":[{"embeddable":true,"href":"https:\/\/mutti-parma.com\/fr\/wp-json\/wp\/v2\/media\/202"}],"wp:attachment":[{"href":"https:\/\/mutti-parma.com\/fr\/wp-json\/wp\/v2\/media?parent=835"}],"wp:term":[{"taxonomy":"product_category","embeddable":true,"href":"https:\/\/mutti-parma.com\/fr\/wp-json\/wp\/v2\/product_category?post=835"}],"curies":[{"name":"wp","href":"https:\/\/api.w.org\/{rel}","templated":true}]}}