{"id":13,"date":"2021-09-17T09:57:06","date_gmt":"2021-09-17T09:57:06","guid":{"rendered":"https:\/\/mutti-parma.com\/hr\/?page_id=13"},"modified":"2024-05-27T13:02:50","modified_gmt":"2024-05-27T13:02:50","slug":"obilazak-tvornice-mutti","status":"publish","type":"page","link":"https:\/\/mutti-parma.com\/hr\/od-polja-do-stola\/obilazak-tvornice-mutti\/","title":{"rendered":"Obilazak tvornice Mutti"},"content":{"rendered":"\n<div class=\"wp-block-cover alignfull\"><span aria-hidden=\"true\" class=\"wp-block-cover__background has-pitchblack-background-color has-background-dim\"><\/span><img loading=\"lazy\" decoding=\"async\" class=\"wp-block-cover__image-background wp-image-300000155\" alt=\"\" src=\"https:\/\/mutti-parma.com\/app\/uploads\/sites\/3\/2019\/09\/banner-tour-of-mutti-factory.jpg\" style=\"object-position:24% 45%\" data-object-fit=\"cover\" data-object-position=\"24% 45%\" data-spai-crop=\"false\" srcset=\"https:\/\/mutti-parma.com\/app\/uploads\/sites\/3\/2019\/09\/banner-tour-of-mutti-factory.jpg 1472w, https:\/\/mutti-parma.com\/app\/uploads\/sites\/3\/2019\/09\/banner-tour-of-mutti-factory-200x200.jpg 200w, https:\/\/mutti-parma.com\/app\/uploads\/sites\/3\/2019\/09\/banner-tour-of-mutti-factory-500x500.jpg 500w, https:\/\/mutti-parma.com\/app\/uploads\/sites\/3\/2019\/09\/banner-tour-of-mutti-factory-768x768.jpg 768w, https:\/\/mutti-parma.com\/app\/uploads\/sites\/3\/2019\/09\/banner-tour-of-mutti-factory-1024x1024.jpg 1024w, https:\/\/mutti-parma.com\/app\/uploads\/sites\/3\/2019\/09\/banner-tour-of-mutti-factory-150x150.jpg 150w, https:\/\/mutti-parma.com\/app\/uploads\/sites\/3\/2019\/09\/banner-tour-of-mutti-factory-600x600.jpg 600w, https:\/\/mutti-parma.com\/app\/uploads\/sites\/3\/2019\/09\/banner-tour-of-mutti-factory-50x50.jpg 50w, https:\/\/mutti-parma.com\/app\/uploads\/sites\/3\/2019\/09\/banner-tour-of-mutti-factory-60x60.jpg 60w\" sizes=\"(max-width: 1472px) 100vw, 1472px\" \/><div class=\"wp-block-cover__inner-container is-layout-flow wp-block-cover-is-layout-flow\"><div class=\"acf-breadcrumb my-4 md:my-8 text-center\">\n  <nav>\n  <ol class=\"list-none text-md\">\n                  <li class=\"inline\">\n                      <a class=\"text-inherit\" href=\"https:\/\/mutti-parma.com\/hr\/\">\n              Home\n            <\/a>\n                            <\/li>\n            <\/ol>\n<\/nav>\n<\/div>\n\n\n\n<h1 class=\"wp-block-heading has-text-align-center\">Obilazak tvornice Mutti<\/h1>\n\n\n\n<p class=\"has-text-align-center\">Raj\u010dice su sada potpuno dozrele u strogo kontroliranim uvjetima i za manje od 24 sata nakon berbe pretvorit \u0107e se u proizvode koji se svakodnevno upotrebljavaju u kuhinjama diljem svijeta.<\/p>\n\n\n\n<p class=\"has-text-align-center is-style-cursive\">Po\u010dnimo s\u2026<\/p>\n<\/div><\/div>\n\n\n\n<div class=\"wp-block-media-text alignwide is-stacked-on-mobile has-media-below-on-mobile\"><figure class=\"wp-block-media-text__media\"><img loading=\"lazy\" decoding=\"async\" src=\"https:\/\/mutti-parma.com\/app\/uploads\/sites\/3\/2019\/09\/section-tour-quality-control-1024x1024.jpg\" alt=\"\" class=\"wp-image-30000026 size-full\" sizes=\"(max-width: 600px) 100vw, (min-width: 1440px) 792px,55vw\" data-spai-crop=\"false\" srcset=\"https:\/\/mutti-parma.com\/app\/uploads\/sites\/3\/2019\/09\/section-tour-quality-control-1024x1024.jpg 1024w, https:\/\/mutti-parma.com\/app\/uploads\/sites\/3\/2019\/09\/section-tour-quality-control-200x200.jpg 200w, https:\/\/mutti-parma.com\/app\/uploads\/sites\/3\/2019\/09\/section-tour-quality-control-500x500.jpg 500w, https:\/\/mutti-parma.com\/app\/uploads\/sites\/3\/2019\/09\/section-tour-quality-control-768x768.jpg 768w, https:\/\/mutti-parma.com\/app\/uploads\/sites\/3\/2019\/09\/section-tour-quality-control-150x150.jpg 150w, https:\/\/mutti-parma.com\/app\/uploads\/sites\/3\/2019\/09\/section-tour-quality-control-600x600.jpg 600w, https:\/\/mutti-parma.com\/app\/uploads\/sites\/3\/2019\/09\/section-tour-quality-control-50x50.jpg 50w, https:\/\/mutti-parma.com\/app\/uploads\/sites\/3\/2019\/09\/section-tour-quality-control-60x60.jpg 60w\" \/><\/figure><div class=\"wp-block-media-text__content\">\n<h2 class=\"wp-block-heading\">KONTROLA KVALITETE<\/h2>\n\n\n\n<p class=\"is-style-cursive has-xxl-font-size\">Samo najbolje raj\u010dice sti\u017eu do na\u0161e tvornice&#8230;<\/p>\n\n\n\n<p>Svaka po\u0161iljka pa\u017eljivo se pregledava kako bismo zadovoljili visoke standarde proizvoda koje o\u010dekujete u svojoj kuhinji. Mjeri se sadr\u017eaj \u0161e\u0107era, kiselost i boja. Izdvajaju se napukli, zdrobljeni i nedozreli plodovi te plodovi s mrljama i oni uprljani zemljom. Njih upotrebljavamo na druge na\u010dine. Samo raj\u010dice koje zadovolje sve na\u0161e stroge kriterije dospijevaju u finalni proizvod.<\/p>\n<\/div><\/div>\n\n\n\n<div class=\"wp-block-media-text alignwide has-media-on-the-right is-stacked-on-mobile\" style=\"grid-template-columns:auto 57%\"><div class=\"wp-block-media-text__content\">\n<h2 class=\"wp-block-heading\">DOLAZAK U TVORNICU<\/h2>\n\n\n\n<p class=\"is-style-cursive has-xxl-font-size\">\u2026Zatim se peru i ponovno pregledavaju\u2026<\/p>\n\n\n\n<p>Nakon \u0161to po\u0161iljka pro\u0111e provjeru, raj\u010dice se stavljaju u spremnike i peru vodenim mlaznicama \u2013 nje\u017eno, da se ne o\u0161tete. Svaka serija zatim se ponovno pregledava pomo\u0107u laserskih zraka i kamera, a svaka dodatno o\u0161te\u0107ena ili pokvarena raj\u010dica se odbacuje.<br><br>Voda je na\u0161 dragocjeni partner i ne \u017eelimo je bespotrebno tro\u0161iti. Pratimo potro\u0161nju vode i kontinuirano pobolj\u0161avamo njezinu upotrebu. <br><br>Nije dovoljno samo smanjiti potro\u0161nju vode u tvornici. Dapa\u010de, 80 % vode koju upotrebljavamo odnosi se na polja.<\/p>\n<\/div><figure class=\"wp-block-media-text__media\"><img loading=\"lazy\" decoding=\"async\" src=\"https:\/\/mutti-parma.com\/app\/uploads\/sites\/3\/2019\/09\/section-tour-arrival-at-the-factory-1024x683.jpg\" alt=\"\" class=\"wp-image-30000028 size-full\" sizes=\"(max-width: 600px) 100vw, (min-width: 1440px) 821px,57vw\" data-spai-crop=\"false\" srcset=\"https:\/\/mutti-parma.com\/app\/uploads\/sites\/3\/2019\/09\/section-tour-arrival-at-the-factory-1024x683.jpg 1024w, https:\/\/mutti-parma.com\/app\/uploads\/sites\/3\/2019\/09\/section-tour-arrival-at-the-factory-200x133.jpg 200w, https:\/\/mutti-parma.com\/app\/uploads\/sites\/3\/2019\/09\/section-tour-arrival-at-the-factory-500x334.jpg 500w, https:\/\/mutti-parma.com\/app\/uploads\/sites\/3\/2019\/09\/section-tour-arrival-at-the-factory-768x513.jpg 768w, https:\/\/mutti-parma.com\/app\/uploads\/sites\/3\/2019\/09\/section-tour-arrival-at-the-factory-150x100.jpg 150w, https:\/\/mutti-parma.com\/app\/uploads\/sites\/3\/2019\/09\/section-tour-arrival-at-the-factory-600x400.jpg 600w\" \/><\/figure><\/div>\n\n\n\n<div class=\"wp-block-media-text alignwide is-stacked-on-mobile\" style=\"grid-template-columns:57% auto\"><figure class=\"wp-block-media-text__media\"><img loading=\"lazy\" decoding=\"async\" src=\"https:\/\/mutti-parma.com\/app\/uploads\/sites\/3\/2019\/09\/section-tour-storage-1024x683.jpg\" alt=\"\" class=\"wp-image-30000025 size-full\" sizes=\"(max-width: 600px) 100vw, (min-width: 1440px) 821px,57vw\" data-spai-crop=\"false\" srcset=\"https:\/\/mutti-parma.com\/app\/uploads\/sites\/3\/2019\/09\/section-tour-storage-1024x683.jpg 1024w, https:\/\/mutti-parma.com\/app\/uploads\/sites\/3\/2019\/09\/section-tour-storage-200x133.jpg 200w, https:\/\/mutti-parma.com\/app\/uploads\/sites\/3\/2019\/09\/section-tour-storage-500x333.jpg 500w, https:\/\/mutti-parma.com\/app\/uploads\/sites\/3\/2019\/09\/section-tour-storage-768x512.jpg 768w, https:\/\/mutti-parma.com\/app\/uploads\/sites\/3\/2019\/09\/section-tour-storage-150x100.jpg 150w, https:\/\/mutti-parma.com\/app\/uploads\/sites\/3\/2019\/09\/section-tour-storage-600x400.jpg 600w\" \/><\/figure><div class=\"wp-block-media-text__content\">\n<h2 class=\"wp-block-heading\">SKLADI\u0160TENJE<\/h2>\n\n\n\n<p class=\"is-style-cursive has-xxl-font-size\">\u2026Nakon toga stavljaju se u spremnike za skladi\u0161tenje\u2026<\/p>\n\n\n\n<p>U sljede\u0107oj fazi proizvodnog lanca raj\u010dice se prebacuju u spremnike za skladi\u0161tenje, gdje se ponovno peru radi uklanjanja posljednjih ne\u010disto\u0107a. Time se osigurava svje\u017eina ploda i za\u0161tita od fermentacije. Nakon toga raj\u010dice su napokon spremne za preradu. <\/p>\n<\/div><\/div>\n\n\n\n<div class=\"wp-block-media-text alignwide has-media-on-the-right is-stacked-on-mobile\" style=\"grid-template-columns:auto 56%\"><div class=\"wp-block-media-text__content\">\n<h2 class=\"wp-block-heading\">PROIZVODNJA<\/h2>\n\n\n\n<p class=\"is-style-cursive has-xxl-font-size\">\u2026Posljednja provjera prije po\u010detka proizvodnje&#8230;<\/p>\n\n\n\n<p>Na pokretnoj traci raj\u010dice prolaze i tre\u0107u provjeru, nadahnutu tradicijom talijanske kuhinje. Nakon toga se usmjeravaju na razli\u010dite proizvodne linije na kojima se prera\u0111uju u niz kvalitetnih Muttijevih proizvoda. Kao \u0161to smo ve\u0107 napomenuli, svaka sorta raj\u010dica ima specifi\u010dna svojstva zbog kojih je namijenjena upotrebi za to\u010dno odre\u0111ene proizvode koji na najbolji mogu\u0107i na\u010din isti\u010du njezinu prirodnu esenciju.<\/p>\n<\/div><figure class=\"wp-block-media-text__media\"><img loading=\"lazy\" decoding=\"async\" src=\"https:\/\/mutti-parma.com\/app\/uploads\/sites\/3\/2019\/09\/section-tour-production-1024x684.jpg\" alt=\"\" class=\"wp-image-30000027 size-full\" sizes=\"(max-width: 600px) 100vw, (min-width: 1440px) 806px,56vw\" data-spai-crop=\"false\" srcset=\"https:\/\/mutti-parma.com\/app\/uploads\/sites\/3\/2019\/09\/section-tour-production-1024x684.jpg 1024w, https:\/\/mutti-parma.com\/app\/uploads\/sites\/3\/2019\/09\/section-tour-production-200x134.jpg 200w, https:\/\/mutti-parma.com\/app\/uploads\/sites\/3\/2019\/09\/section-tour-production-500x334.jpg 500w, https:\/\/mutti-parma.com\/app\/uploads\/sites\/3\/2019\/09\/section-tour-production-768x513.jpg 768w, https:\/\/mutti-parma.com\/app\/uploads\/sites\/3\/2019\/09\/section-tour-production-150x100.jpg 150w, https:\/\/mutti-parma.com\/app\/uploads\/sites\/3\/2019\/09\/section-tour-production-600x401.jpg 600w\" \/><\/figure><\/div>\n\n\n\n<p class=\"has-text-align-center is-style-cursive has-xxl-font-size\">Pro\u010ditajte vi\u0161e<\/p>\n\n\n\n<h2 class=\"wp-block-heading\">KAKO NASTAJU NA\u0160I OSNOVNI PROIZVODI<\/h2>\n\n\n<div class=\"acf-product-listing is-style-slideshow alignwide\" data-vue-wrapper>\n      <slideshow :slides-per-view=\"5\" :slides-per-view-lg=\"4\" :slides-per-view-sm=\"1\" :slides-per-view-md=\"3\" :navigation=\"true\" class=\"mx-8 lg:-mx-12\" name=\"Products\">\n              <div class=\"swiper-slide\">\n          <div class=\"text-center hover:lift-img mx-auto max-w-28\">\n      <a href=\"https:\/\/mutti-parma.com\/hr\/proizvodi\/passata\/\" class=\"block\">\n            <div class=\"responsive-embed is-contain\" style=\"padding-bottom: 188.23529411765%;\"><img decoding=\"async\" width=\"962\" height=\"2400\" src=\"https:\/\/mutti-parma.com\/app\/uploads\/sites\/33\/2021\/09\/passata-700g-croatia.png\" class=\"inline-block mt-2 wp-image-239\" alt=\"Passata\" sizes=\"auto, 126px\" data-spai-crop=\"false\" title=\"Passata\" srcset=\"https:\/\/mutti-parma.com\/app\/uploads\/sites\/33\/2021\/09\/passata-700g-croatia.png 962w, https:\/\/mutti-parma.com\/app\/uploads\/sites\/33\/2021\/09\/passata-700g-croatia-200x500.png 200w, https:\/\/mutti-parma.com\/app\/uploads\/sites\/33\/2021\/09\/passata-700g-croatia-410x1024.png 410w, https:\/\/mutti-parma.com\/app\/uploads\/sites\/33\/2021\/09\/passata-700g-croatia-80x200.png 80w, https:\/\/mutti-parma.com\/app\/uploads\/sites\/33\/2021\/09\/passata-700g-croatia-768x1916.png 768w, https:\/\/mutti-parma.com\/app\/uploads\/sites\/33\/2021\/09\/passata-700g-croatia-150x374.png 150w, https:\/\/mutti-parma.com\/app\/uploads\/sites\/33\/2021\/09\/passata-700g-croatia-600x1497.png 600w, https:\/\/mutti-parma.com\/app\/uploads\/sites\/33\/2021\/09\/passata-700g-croatia-616x1536.png 616w, https:\/\/mutti-parma.com\/app\/uploads\/sites\/33\/2021\/09\/passata-700g-croatia-821x2048.png 821w\" loading=\"lazy\" \/><\/div>\n    <\/a>\n  \n  <a class=\"block underline mb-2 mt-2\" href=\"https:\/\/mutti-parma.com\/hr\/proizvodi\/passata\/\">\n    <h3 class=\"h4\">Passata<\/h3>\n  <\/a>\n\n      <a class=\"block hover:no-underline text-inherit\" href=\"https:\/\/mutti-parma.com\/hr\/proizvodi\/passata\/\">\n      Pasirana raj\u010dica\n    <\/a>\n  <\/div>\n        <\/div>\n              <div class=\"swiper-slide\">\n          <div class=\"text-center hover:lift-img mx-auto max-w-28\">\n      <a href=\"https:\/\/mutti-parma.com\/hr\/proizvodi\/polpa\/\" class=\"block\">\n            <div class=\"responsive-embed is-contain\" style=\"padding-bottom: 188.23529411765%;\"><img decoding=\"async\" width=\"1200\" height=\"1820\" src=\"https:\/\/mutti-parma.com\/app\/uploads\/sites\/33\/2021\/09\/polpa-400g-croatia.png\" class=\"inline-block mt-2 wp-image-241\" alt=\"Polpa\" sizes=\"auto, 126px\" data-spai-crop=\"false\" title=\"Polpa\" srcset=\"https:\/\/mutti-parma.com\/app\/uploads\/sites\/33\/2021\/09\/polpa-400g-croatia.png 1200w, https:\/\/mutti-parma.com\/app\/uploads\/sites\/33\/2021\/09\/polpa-400g-croatia-330x500.png 330w, https:\/\/mutti-parma.com\/app\/uploads\/sites\/33\/2021\/09\/polpa-400g-croatia-675x1024.png 675w, https:\/\/mutti-parma.com\/app\/uploads\/sites\/33\/2021\/09\/polpa-400g-croatia-132x200.png 132w, https:\/\/mutti-parma.com\/app\/uploads\/sites\/33\/2021\/09\/polpa-400g-croatia-768x1165.png 768w, https:\/\/mutti-parma.com\/app\/uploads\/sites\/33\/2021\/09\/polpa-400g-croatia-150x228.png 150w, https:\/\/mutti-parma.com\/app\/uploads\/sites\/33\/2021\/09\/polpa-400g-croatia-600x910.png 600w, https:\/\/mutti-parma.com\/app\/uploads\/sites\/33\/2021\/09\/polpa-400g-croatia-1013x1536.png 1013w\" loading=\"lazy\" \/><\/div>\n    <\/a>\n  \n  <a class=\"block underline mb-2 mt-2\" href=\"https:\/\/mutti-parma.com\/hr\/proizvodi\/polpa\/\">\n    <h3 class=\"h4\">Polpa<\/h3>\n  <\/a>\n\n      <a class=\"block hover:no-underline text-inherit\" href=\"https:\/\/mutti-parma.com\/hr\/proizvodi\/polpa\/\">\n      Sitno sjeckane raj\u010dice\n    <\/a>\n  <\/div>\n        <\/div>\n              <div class=\"swiper-slide\">\n          <div class=\"text-center hover:lift-img mx-auto max-w-28\">\n      <a href=\"https:\/\/mutti-parma.com\/hr\/proizvodi\/dvostruki-koncentrat-rajcice\/\" class=\"block\">\n            <div class=\"responsive-embed is-contain\" style=\"padding-bottom: 188.23529411765%;\"><img decoding=\"async\" width=\"775\" height=\"2400\" src=\"https:\/\/mutti-parma.com\/app\/uploads\/sites\/33\/2021\/09\/dcp-130g-croatia.png\" class=\"inline-block mt-2 wp-image-245\" alt=\"Dvostruki koncentrat raj\u010dice\" sizes=\"auto, 126px\" data-spai-crop=\"false\" title=\"Dvostruki koncentrat raj\u010dice\" srcset=\"https:\/\/mutti-parma.com\/app\/uploads\/sites\/33\/2021\/09\/dcp-130g-croatia.png 775w, https:\/\/mutti-parma.com\/app\/uploads\/sites\/33\/2021\/09\/dcp-130g-croatia-161x500.png 161w, https:\/\/mutti-parma.com\/app\/uploads\/sites\/33\/2021\/09\/dcp-130g-croatia-331x1024.png 331w, https:\/\/mutti-parma.com\/app\/uploads\/sites\/33\/2021\/09\/dcp-130g-croatia-65x200.png 65w, https:\/\/mutti-parma.com\/app\/uploads\/sites\/33\/2021\/09\/dcp-130g-croatia-768x2378.png 768w, https:\/\/mutti-parma.com\/app\/uploads\/sites\/33\/2021\/09\/dcp-130g-croatia-150x465.png 150w, https:\/\/mutti-parma.com\/app\/uploads\/sites\/33\/2021\/09\/dcp-130g-croatia-600x1858.png 600w, https:\/\/mutti-parma.com\/app\/uploads\/sites\/33\/2021\/09\/dcp-130g-croatia-496x1536.png 496w, https:\/\/mutti-parma.com\/app\/uploads\/sites\/33\/2021\/09\/dcp-130g-croatia-661x2048.png 661w\" loading=\"lazy\" \/><\/div>\n    <\/a>\n  \n  <a class=\"block underline mb-2 mt-2\" href=\"https:\/\/mutti-parma.com\/hr\/proizvodi\/dvostruki-koncentrat-rajcice\/\">\n    <h3 class=\"h4\">Dvostruki koncentrat raj\u010dice<\/h3>\n  <\/a>\n\n      <a class=\"block hover:no-underline text-inherit\" href=\"https:\/\/mutti-parma.com\/hr\/proizvodi\/dvostruki-koncentrat-rajcice\/\">\n      Koncentrat raj\u010dice\n    <\/a>\n  <\/div>\n        <\/div>\n              <div class=\"swiper-slide\">\n          <div class=\"text-center hover:lift-img mx-auto max-w-28\">\n      <a href=\"https:\/\/mutti-parma.com\/hr\/proizvodi\/pelati\/\" class=\"block\">\n            <div class=\"responsive-embed is-contain\" style=\"padding-bottom: 188.23529411765%;\"><img decoding=\"async\" width=\"1200\" height=\"1820\" src=\"https:\/\/mutti-parma.com\/app\/uploads\/sites\/33\/2021\/09\/pelati-400g-croatia.png\" class=\"inline-block mt-2 wp-image-247\" alt=\"Pelati\" sizes=\"auto, 126px\" data-spai-crop=\"false\" title=\"Pelati\" srcset=\"https:\/\/mutti-parma.com\/app\/uploads\/sites\/33\/2021\/09\/pelati-400g-croatia.png 1200w, https:\/\/mutti-parma.com\/app\/uploads\/sites\/33\/2021\/09\/pelati-400g-croatia-330x500.png 330w, https:\/\/mutti-parma.com\/app\/uploads\/sites\/33\/2021\/09\/pelati-400g-croatia-675x1024.png 675w, https:\/\/mutti-parma.com\/app\/uploads\/sites\/33\/2021\/09\/pelati-400g-croatia-132x200.png 132w, https:\/\/mutti-parma.com\/app\/uploads\/sites\/33\/2021\/09\/pelati-400g-croatia-768x1165.png 768w, https:\/\/mutti-parma.com\/app\/uploads\/sites\/33\/2021\/09\/pelati-400g-croatia-150x228.png 150w, https:\/\/mutti-parma.com\/app\/uploads\/sites\/33\/2021\/09\/pelati-400g-croatia-600x910.png 600w, https:\/\/mutti-parma.com\/app\/uploads\/sites\/33\/2021\/09\/pelati-400g-croatia-1013x1536.png 1013w\" loading=\"lazy\" \/><\/div>\n    <\/a>\n  \n  <a class=\"block underline mb-2 mt-2\" href=\"https:\/\/mutti-parma.com\/hr\/proizvodi\/pelati\/\">\n    <h3 class=\"h4\">Pelati<\/h3>\n  <\/a>\n\n      <a class=\"block hover:no-underline text-inherit\" href=\"https:\/\/mutti-parma.com\/hr\/proizvodi\/pelati\/\">\n      Oguljene raj\u010dice\n    <\/a>\n  <\/div>\n        <\/div>\n          <\/slideshow>\n  <\/div>\n\n\n","protected":false},"excerpt":{"rendered":"<p>KONTROLA KVALITETE Samo najbolje raj\u010dice sti\u017eu do na\u0161e tvornice&#8230; Svaka po\u0161iljka pa\u017eljivo se pregledava kako bismo zadovoljili visoke standarde proizvoda koje o\u010dekujete u svojoj kuhinji. Mjeri se sadr\u017eaj \u0161e\u0107era, kiselost i boja. Izdvajaju se napukli, zdrobljeni i nedozreli plodovi te plodovi s mrljama i oni uprljani zemljom. Njih upotrebljavamo na druge na\u010dine. Samo raj\u010dice koje<\/p>\n","protected":false},"author":1,"featured_media":0,"parent":5,"menu_order":6,"comment_status":"closed","ping_status":"closed","template":"template-factory-tour.php","meta":{"_acf_changed":false,"_relevanssi_hide_post":"","_relevanssi_hide_content":"","_relevanssi_pin_for_all":"","_relevanssi_pin_keywords":"","_relevanssi_unpin_keywords":"","_relevanssi_related_keywords":"","_relevanssi_related_include_ids":"","_relevanssi_related_exclude_ids":"","_relevanssi_related_no_append":"","_relevanssi_related_not_related":"","_relevanssi_related_posts":"","_relevanssi_noindex_reason":"","footnotes":""},"class_list":["post-13","page","type-page","status-publish","hentry"],"acf":[],"_links":{"self":[{"href":"https:\/\/mutti-parma.com\/hr\/wp-json\/wp\/v2\/pages\/13","targetHints":{"allow":["GET"]}}],"collection":[{"href":"https:\/\/mutti-parma.com\/hr\/wp-json\/wp\/v2\/pages"}],"about":[{"href":"https:\/\/mutti-parma.com\/hr\/wp-json\/wp\/v2\/types\/page"}],"author":[{"embeddable":true,"href":"https:\/\/mutti-parma.com\/hr\/wp-json\/wp\/v2\/users\/1"}],"replies":[{"embeddable":true,"href":"https:\/\/mutti-parma.com\/hr\/wp-json\/wp\/v2\/comments?post=13"}],"version-history":[{"count":13,"href":"https:\/\/mutti-parma.com\/hr\/wp-json\/wp\/v2\/pages\/13\/revisions"}],"predecessor-version":[{"id":538,"href":"https:\/\/mutti-parma.com\/hr\/wp-json\/wp\/v2\/pages\/13\/revisions\/538"}],"up":[{"embeddable":true,"href":"https:\/\/mutti-parma.com\/hr\/wp-json\/wp\/v2\/pages\/5"}],"wp:attachment":[{"href":"https:\/\/mutti-parma.com\/hr\/wp-json\/wp\/v2\/media?parent=13"}],"curies":[{"name":"wp","href":"https:\/\/api.w.org\/{rel}","templated":true}]}}