{"id":3,"date":"2021-07-22T15:29:12","date_gmt":"2021-07-22T15:29:12","guid":{"rendered":"https:\/\/mutti-parma.com\/hr\/home\/"},"modified":"2022-03-09T14:24:38","modified_gmt":"2022-03-09T14:24:38","slug":"home","status":"publish","type":"page","link":"https:\/\/mutti-parma.com\/hr\/","title":{"rendered":"Home"},"content":{"rendered":"<div class=\"acf-hero-video-player alignfull acf-video-player has-uniform-stretch bg-cover bg-center\" style=\"background-image: url('https:\/\/mutti-parma.com\/app\/themes\/mutti\/dist\/images\/video\/home.jpg?id=d7866f30877f00e3b5ea')\" data-vue-wrapper>\n      <div class=\"responsive-embed \" style=\"padding-bottom: 42.857142857143%;\">\n      <div class=\"responsive-embed-item\">\n        <video-player\n          :volume=\"50\"\n          :repeat=\"true\"\n          :autostart=\"true\"\n          :mute=\"true\"\n          :start-position=\"0\"\n          :show-controls=\"true\"\n          :chapters='[]'\n          :fullscreen=\"false\"\n          placeholder-image=\"https:\/\/mutti-parma.com\/app\/themes\/mutti\/dist\/images\/video\/home.jpg?id=d7866f30877f00e3b5ea\"\n          aspect-ratio=\"21:9\"\n          name=\"playlist.m3u8\"\n                      hls-source=\"https:\/\/mutti-parma.com\/app\/uploads\/videos\/croatia-hero\/playlist.m3u8\"\n                  >\n                  <\/video-player>\n      <\/div>\n    <\/div>\n  <\/div>\n\n\n\n<div class=\"wp-block-media-text alignwide is-stacked-on-mobile is-vertically-aligned-center is-style-default\" style=\"grid-template-columns:45% auto\"><figure class=\"wp-block-media-text__media\"><img loading=\"lazy\" decoding=\"async\" width=\"765\" height=\"510\" src=\"https:\/\/mutti-parma.com\/app\/uploads\/sites\/33\/2021\/09\/img-hp-croazia.jpg\" alt=\"\" class=\"wp-image-123 size-full\" sizes=\"(max-width: 600px) 100vw, (min-width: 1440px) 648px,45vw\" data-spai-crop=\"false\" srcset=\"https:\/\/mutti-parma.com\/app\/uploads\/sites\/33\/2021\/09\/img-hp-croazia.jpg 765w, https:\/\/mutti-parma.com\/app\/uploads\/sites\/33\/2021\/09\/img-hp-croazia-500x333.jpg 500w, https:\/\/mutti-parma.com\/app\/uploads\/sites\/33\/2021\/09\/img-hp-croazia-200x133.jpg 200w, https:\/\/mutti-parma.com\/app\/uploads\/sites\/33\/2021\/09\/img-hp-croazia-150x100.jpg 150w, https:\/\/mutti-parma.com\/app\/uploads\/sites\/33\/2021\/09\/img-hp-croazia-600x400.jpg 600w\" \/><\/figure><div class=\"wp-block-media-text__content\">\n<h2 class=\"wp-block-heading\">MUTTI, NA STRANI KVALITETE<\/h2>\n\n\n\n<p class=\"is-style-cursive\">Tradicija izvrsnosti koja govori talijanski<\/p>\n\n\n\n<p>Pri\u010da je to o obitelji Mutti, satkana od eti\u010dkih na\u010dela i strasti.<br>Te nam vrijednosti omogu\u0107uju da na va\u0161 stol donesemo izvrsne proizvode od probranih, isklju\u010divo 100 % talijanskih raj\u010dica. Najboljih raj\u010dica koje pa\u017eljivo uzgajaju najiskusniji poljoprivrednici. Ubranih usred ljeta kada su savr\u0161eno zrele. Pri\u010da je to koja traje 120 godina i koju \u017eelimo i dalje pisati.<\/p>\n<\/div><\/div>\n\n\n\n<div style=\"--media-width: 45\" class=\"wp-block-media-text alignwide is-stacked-on-mobile is-vertically-aligned-center is-style-centered has-background-image\"><img loading=\"lazy\" decoding=\"async\" class=\"wp-block-media-text__background\" alt=\"\" data-spai-crop=\"true\" src=\"https:\/\/mutti-parma.com\/app\/uploads\/sites\/3\/2019\/09\/texture-banner-mutti-passata.jpg\" \/><figure class=\"wp-block-media-text__media\"><img loading=\"lazy\" decoding=\"async\" width=\"410\" height=\"1024\" src=\"https:\/\/mutti-parma.com\/app\/uploads\/sites\/33\/2021\/09\/passata-700g-croatia-410x1024.png\" alt=\"\" class=\"wp-image-239 size-full\" sizes=\"(min-width: 1440px) 432px,30vw\" data-spai-crop=\"false\" srcset=\"https:\/\/mutti-parma.com\/app\/uploads\/sites\/33\/2021\/09\/passata-700g-croatia-410x1024.png 410w, https:\/\/mutti-parma.com\/app\/uploads\/sites\/33\/2021\/09\/passata-700g-croatia-200x500.png 200w, https:\/\/mutti-parma.com\/app\/uploads\/sites\/33\/2021\/09\/passata-700g-croatia-80x200.png 80w, https:\/\/mutti-parma.com\/app\/uploads\/sites\/33\/2021\/09\/passata-700g-croatia-768x1916.png 768w, https:\/\/mutti-parma.com\/app\/uploads\/sites\/33\/2021\/09\/passata-700g-croatia-150x374.png 150w, https:\/\/mutti-parma.com\/app\/uploads\/sites\/33\/2021\/09\/passata-700g-croatia-600x1497.png 600w, https:\/\/mutti-parma.com\/app\/uploads\/sites\/33\/2021\/09\/passata-700g-croatia-821x2048.png 821w, https:\/\/mutti-parma.com\/app\/uploads\/sites\/33\/2021\/09\/passata-700g-croatia.png 962w\" \/><\/figure><div class=\"wp-block-media-text__content\">\n<h2 class=\"wp-block-heading\">Passata<\/h2>\n\n\n\n<p class=\"is-style-cursive has-xxl-font-size\">Pasirana raj\u010dica<\/p>\n\n\n\n<p>Slatki, bar\u0161unasti pire od talijanskih raj\u010dica dozrelih na suncu.<\/p>\n\n\n\n<div class=\"wp-block-button\"><a class=\"wp-block-button__link\" href=\"https:\/\/mutti-parma.com\/hr\/proizvodi\/passata\/\">Pro\u010ditajte vi\u0161e<\/a><\/div>\n<\/div><\/div>\n\n\n\n<div style=\"--media-width: 50\" class=\"wp-block-media-text alignwide has-media-on-the-right is-stacked-on-mobile is-vertically-aligned-center is-style-centered has-background-image\"><img loading=\"lazy\" decoding=\"async\" class=\"wp-block-media-text__background\" alt=\"\" data-spai-crop=\"true\" src=\"https:\/\/mutti-parma.com\/app\/uploads\/sites\/3\/2019\/09\/feeling-image-cooking-polpa.jpg\" \/><figure class=\"wp-block-media-text__media\"><img loading=\"lazy\" decoding=\"async\" width=\"667\" height=\"580\" src=\"https:\/\/mutti-parma.com\/app\/uploads\/sites\/33\/2021\/09\/groupage-croatia.png\" alt=\"\" class=\"wp-image-338 size-full\" sizes=\"(min-width: 1440px) 528px,37vw\" data-spai-crop=\"false\" srcset=\"https:\/\/mutti-parma.com\/app\/uploads\/sites\/33\/2021\/09\/groupage-croatia.png 667w, https:\/\/mutti-parma.com\/app\/uploads\/sites\/33\/2021\/09\/groupage-croatia-500x435.png 500w, https:\/\/mutti-parma.com\/app\/uploads\/sites\/33\/2021\/09\/groupage-croatia-200x174.png 200w, https:\/\/mutti-parma.com\/app\/uploads\/sites\/33\/2021\/09\/groupage-croatia-150x130.png 150w, https:\/\/mutti-parma.com\/app\/uploads\/sites\/33\/2021\/09\/groupage-croatia-600x522.png 600w\" \/><\/figure><div class=\"wp-block-media-text__content\">\n<h2 class=\"wp-block-heading\">PROIZVODI MUTTi<\/h2>\n\n\n\n<p class=\"is-style-cursive\">Otkrijte Passatu, Polpu, Concentrato i Pelate<\/p>\n\n\n\n<p>Svaki recept treba najboljeg saveznika. Razli\u010diti okusi, teksture i boje: prona\u0111ite savr\u0161eni sastojak kojim \u0107ete jelo pretvoriti u ukusno remek-djelo.<\/p>\n\n\n\n<div class=\"wp-block-buttons is-layout-flex wp-block-buttons-is-layout-flex\">\n<div class=\"wp-block-button\"><a class=\"wp-block-button__link\" href=\"https:\/\/mutti-parma.com\/hr\/proizvodi\/\">OTKRIJTE NA\u0160E PROIZVODE<\/a><\/div>\n<\/div>\n<\/div><\/div>\n\n\n\n<div class=\"wp-block-media-text alignwide is-stacked-on-mobile is-vertically-aligned-center is-style-default\"><figure class=\"wp-block-media-text__media\"><img loading=\"lazy\" decoding=\"async\" src=\"https:\/\/mutti-parma.com\/app\/uploads\/sites\/3\/2019\/09\/banner-golden-tomato-1024x683.jpg\" alt=\"\" class=\"wp-image-300000162 size-full\" sizes=\"(max-width: 600px) 100vw, (min-width: 1440px) 792px,55vw\" data-spai-crop=\"false\" srcset=\"https:\/\/mutti-parma.com\/app\/uploads\/sites\/3\/2019\/09\/banner-golden-tomato-1024x683.jpg 1024w, https:\/\/mutti-parma.com\/app\/uploads\/sites\/3\/2019\/09\/banner-golden-tomato-200x133.jpg 200w, https:\/\/mutti-parma.com\/app\/uploads\/sites\/3\/2019\/09\/banner-golden-tomato-500x333.jpg 500w, https:\/\/mutti-parma.com\/app\/uploads\/sites\/3\/2019\/09\/banner-golden-tomato-768x512.jpg 768w, https:\/\/mutti-parma.com\/app\/uploads\/sites\/3\/2019\/09\/banner-golden-tomato-150x100.jpg 150w, https:\/\/mutti-parma.com\/app\/uploads\/sites\/3\/2019\/09\/banner-golden-tomato-600x400.jpg 600w\" \/><\/figure><div class=\"wp-block-media-text__content\">\n<h2 class=\"wp-block-heading\">POMODORINO D\u00b4ORO<\/h2>\n\n\n\n<p class=\"is-style-cursive\">Potraga za savr\u0161enstvom<\/p>\n\n\n\n<p>Dajemo sve od sebe kako bismo vam ponudili proizvode najbolje kvalitete. Zato svake godine Mutti dodjeljuje nagradu za kvalitetu Pomodorino d\u2019Oro (Zlatna raj\u010dica) najboljim uzgajiva\u010dima u sjevernoj i ju\u017enoj Italiji.<\/p>\n\n\n\n<div class=\"wp-block-buttons is-layout-flex wp-block-buttons-is-layout-flex\">\n<div class=\"wp-block-button\"><a class=\"wp-block-button__link\" href=\"https:\/\/mutti-parma.com\/hr\/pomodorino-doro\/\">DOZNAJTE VI\u0160E O NAGRADI<\/a><\/div>\n<\/div>\n<\/div><\/div>\n\n\n\n\n\n\n\n\n","protected":false},"excerpt":{"rendered":"<p>MUTTI, NA STRANI KVALITETE Tradicija izvrsnosti koja govori talijanski Pri\u010da je to o obitelji Mutti, satkana od eti\u010dkih na\u010dela i strasti.Te nam vrijednosti omogu\u0107uju da na va\u0161 stol donesemo izvrsne proizvode od probranih, isklju\u010divo 100 % talijanskih raj\u010dica. Najboljih raj\u010dica koje pa\u017eljivo uzgajaju najiskusniji poljoprivrednici. Ubranih usred ljeta kada su savr\u0161eno zrele. Pri\u010da je to<\/p>\n","protected":false},"author":1,"featured_media":0,"parent":0,"menu_order":1,"comment_status":"closed","ping_status":"closed","template":"","meta":{"_acf_changed":false,"_relevanssi_hide_post":"","_relevanssi_hide_content":"","_relevanssi_pin_for_all":"","_relevanssi_pin_keywords":"","_relevanssi_unpin_keywords":"","_relevanssi_related_keywords":"","_relevanssi_related_include_ids":"","_relevanssi_related_exclude_ids":"","_relevanssi_related_no_append":"","_relevanssi_related_not_related":"","_relevanssi_related_posts":"","_relevanssi_noindex_reason":"","footnotes":""},"class_list":["post-3","page","type-page","status-publish","hentry"],"acf":[],"_links":{"self":[{"href":"https:\/\/mutti-parma.com\/hr\/wp-json\/wp\/v2\/pages\/3","targetHints":{"allow":["GET"]}}],"collection":[{"href":"https:\/\/mutti-parma.com\/hr\/wp-json\/wp\/v2\/pages"}],"about":[{"href":"https:\/\/mutti-parma.com\/hr\/wp-json\/wp\/v2\/types\/page"}],"author":[{"embeddable":true,"href":"https:\/\/mutti-parma.com\/hr\/wp-json\/wp\/v2\/users\/1"}],"replies":[{"embeddable":true,"href":"https:\/\/mutti-parma.com\/hr\/wp-json\/wp\/v2\/comments?post=3"}],"version-history":[{"count":25,"href":"https:\/\/mutti-parma.com\/hr\/wp-json\/wp\/v2\/pages\/3\/revisions"}],"predecessor-version":[{"id":421,"href":"https:\/\/mutti-parma.com\/hr\/wp-json\/wp\/v2\/pages\/3\/revisions\/421"}],"wp:attachment":[{"href":"https:\/\/mutti-parma.com\/hr\/wp-json\/wp\/v2\/media?parent=3"}],"curies":[{"name":"wp","href":"https:\/\/api.w.org\/{rel}","templated":true}]}}