{"id":483,"date":"2024-05-30T09:36:37","date_gmt":"2024-05-30T09:36:37","guid":{"rendered":"https:\/\/mutti-parma.com\/hr\/?page_id=483"},"modified":"2024-05-30T09:36:37","modified_gmt":"2024-05-30T09:36:37","slug":"prenamijenite-proizvode-mutti","status":"publish","type":"page","link":"https:\/\/mutti-parma.com\/hr\/prenamijenite-proizvode-mutti\/","title":{"rendered":"Prenamijenite proizvode Mutti"},"content":{"rendered":"\n<div class=\"wp-block-cover alignfull is-style-full-height\" style=\"margin-top:0;margin-bottom:0;min-height:736px;aspect-ratio:unset;\" data-hide-on=\"tablet desktop\"><span aria-hidden=\"true\" class=\"wp-block-cover__background has-background-dim-0 has-background-dim\"><\/span><img loading=\"lazy\" decoding=\"async\" class=\"wp-block-cover__image-background wp-image-9040\" alt=\"\" src=\"https:\/\/mutti-parma.com\/app\/uploads\/2023\/07\/1-hero-mobile.jpg\" data-object-fit=\"cover\" \/><div class=\"wp-block-cover__inner-container is-layout-flow wp-block-cover-is-layout-flow\">\n<h1 class=\"wp-block-heading has-text-align-center is-style-cursive has-xxl-heading-font-size\">Probudite svoju kreativnost<\/h1>\n\n\n\n<h2 class=\"wp-block-heading is-style-default\" style=\"text-transform:none\">Prenamijenite proizvode Mutti<\/h2>\n\n\n\n<p class=\"has-text-align-center\">Dobrodo\u0161li u odjeljak \u201eProbudite svoju kreativnost\u201d u kojem istra\u017eujemo neograni\u010dene mogu\u0107nosti prenamjene proizvoda Mutti. Vjerujemo da je odr\u017eivost na\u010din \u017eivota, a postoji li bolji na\u010din za recikliranje od ponovne uporabe na\u0161ih najdra\u017eih proizvoda u novom obliku?<\/p>\n\n\n\n<p class=\"has-text-align-center\">Ovdje \u0107ete prona\u0107i riznicu genijalnih ideja i zanimljivih projekata uz koje na\u0161u ambala\u017eu mo\u017eete pretvoriti u funkcionalne i oku ugodne predmete. Od stilskog ure\u0111enja doma do prakti\u010dnih rje\u0161enja za pohranu, na\u0161i projekti izvedivi tehnikama \u201euradi sam\u201d kombiniraju ljepotu i izdr\u017eljivost pakiranja Mutti kako bi oplemenili va\u0161 \u017eivotni prostor.<\/p>\n\n\n\n<div class=\"wp-block-buttons is-content-justification-center is-layout-flex wp-container-core-buttons-is-layout-16018d1d wp-block-buttons-is-layout-flex\">\n<div class=\"wp-block-button\"><a class=\"wp-block-button__link wp-element-button\" href=\"#listing\">ISTRA\u017dITE PROJEKTE<\/a><\/div>\n<\/div>\n<\/div><\/div>\n\n\n\n<div class=\"wp-block-cover alignfull is-style-full-height\" style=\"margin-top:0;margin-bottom:0;min-height:736px;aspect-ratio:unset;\" data-hide-on=\"mobile\"><span aria-hidden=\"true\" class=\"wp-block-cover__background has-background-dim-0 has-background-dim\"><\/span><img loading=\"lazy\" decoding=\"async\" class=\"wp-block-cover__image-background wp-image-9039\" alt=\"\" src=\"https:\/\/mutti-parma.com\/app\/uploads\/2023\/07\/1-hero-desktop.jpg\" data-object-fit=\"cover\" \/><div class=\"wp-block-cover__inner-container is-layout-flow wp-block-cover-is-layout-flow\">\n<h1 class=\"wp-block-heading has-text-align-center is-style-cursive has-xxl-heading-font-size\">Probudite svoju kreativnost<\/h1>\n\n\n\n<h2 class=\"wp-block-heading\" style=\"text-transform:none\">Prenamijenite proizvode Mutti<\/h2>\n\n\n\n<p class=\"has-text-align-center\">Dobrodo\u0161li u odjeljak \u201eProbudite svoju kreativnost\u201d u kojem istra\u017eujemo neograni\u010dene mogu\u0107nosti prenamjene proizvoda Mutti. Vjerujemo da je odr\u017eivost na\u010din \u017eivota, a postoji li bolji na\u010din za recikliranje od ponovne uporabe na\u0161ih najdra\u017eih proizvoda u novom obliku?<\/p>\n\n\n\n<p class=\"has-text-align-center\">Ovdje \u0107ete prona\u0107i riznicu genijalnih ideja i zanimljivih projekata uz koje na\u0161u ambala\u017eu mo\u017eete pretvoriti u funkcionalne i oku ugodne predmete. Od stilskog ure\u0111enja doma do prakti\u010dnih rje\u0161enja za pohranu, na\u0161i projekti izvedivi tehnikama \u201euradi sam\u201d kombiniraju ljepotu i izdr\u017eljivost pakiranja Mutti kako bi oplemenili va\u0161 \u017eivotni prostor.<\/p>\n\n\n\n<div class=\"wp-block-buttons is-content-justification-center is-layout-flex wp-container-core-buttons-is-layout-16018d1d wp-block-buttons-is-layout-flex\">\n<div class=\"wp-block-button\"><a class=\"wp-block-button__link wp-element-button\" href=\"#listing\">ISTRA\u017dITE PROJEKTE<\/a><\/div>\n<\/div>\n<\/div><\/div>\n\n\n\n<div class=\"wp-block-group alignfull has-background is-layout-constrained wp-block-group-is-layout-constrained\" style=\"background-color:#f0e9d7\"><div class=\"facetwp-facet facetwp-facet-project_category facetwp-type-radio\" data-name=\"project_category\" data-type=\"radio\"><\/div>\n<\/div>\n\n\n<div\n  class=\"acf-content-listing is-style-filtered alignwide\"\n   id=\"listing\" >\n  <div class=\"facetwp-template\">\n    <div class=\"flex -mx-6 -mt-5 md:-mt-6 flex-wrap\">\n               <div class=\"w-1\/1 sm:w-1\/2 md:w-1\/3 px-6 py-5 md:py-6\">\n          <div class=\"text-center\" data-vue-wrapper>\n      <a href=\"https:\/\/mutti-parma.com\/hr\/project\/pasirana-rajcica-mutti-yo-yo\/\" class=\"relative block mb-4 max-w-96 mx-auto\">\n      <div class=\"responsive-embed \" style=\"padding-bottom: 108.79765395894%;\">\n        <img decoding=\"async\" width=\"1024\" height=\"1024\" src=\"https:\/\/mutti-parma.com\/app\/uploads\/sites\/33\/2024\/03\/ww-socialped-2021-08-doartyourself-04-1024x1024-2.jpg\" class=\"inline-block wp-image-487\" alt=\"Pasirana raj\u010dica Mutti Yo-Yo\" sizes=\"auto, (max-width: 600px) 72vw, 431px\" data-spai-crop=\"true\" title=\"Pasirana raj\u010dica Mutti Yo-Yo\" srcset=\"https:\/\/mutti-parma.com\/app\/uploads\/sites\/33\/2024\/03\/ww-socialped-2021-08-doartyourself-04-1024x1024-2.jpg 1024w, https:\/\/mutti-parma.com\/app\/uploads\/sites\/33\/2024\/03\/ww-socialped-2021-08-doartyourself-04-1024x1024-2-500x500.jpg 500w, https:\/\/mutti-parma.com\/app\/uploads\/sites\/33\/2024\/03\/ww-socialped-2021-08-doartyourself-04-1024x1024-2-200x200.jpg 200w, https:\/\/mutti-parma.com\/app\/uploads\/sites\/33\/2024\/03\/ww-socialped-2021-08-doartyourself-04-1024x1024-2-768x768.jpg 768w, https:\/\/mutti-parma.com\/app\/uploads\/sites\/33\/2024\/03\/ww-socialped-2021-08-doartyourself-04-1024x1024-2-150x150.jpg 150w, https:\/\/mutti-parma.com\/app\/uploads\/sites\/33\/2024\/03\/ww-socialped-2021-08-doartyourself-04-1024x1024-2-600x600.jpg 600w, https:\/\/mutti-parma.com\/app\/uploads\/sites\/33\/2024\/03\/ww-socialped-2021-08-doartyourself-04-1024x1024-2-50x50.jpg 50w\" loading=\"lazy\" \/>\n      <\/div>\n    <\/a>\n  \n  <a class=\"block mb-4\" href=\"https:\/\/mutti-parma.com\/hr\/project\/pasirana-rajcica-mutti-yo-yo\/\">\n    <h3>Pasirana raj\u010dica Mutti Yo-Yo<\/h3>\n  <\/a>\n\n  <rate-post\n    namespace=\"mutti\/v1\"\n    :votes=\"1\"\n    :post-id=\"486\"\n  ><\/rate-post>\n<\/div>\n        <\/div>\n               <div class=\"w-1\/1 sm:w-1\/2 md:w-1\/3 px-6 py-5 md:py-6\">\n          <div class=\"text-center\" data-vue-wrapper>\n      <a href=\"https:\/\/mutti-parma.com\/hr\/project\/tegla-za-sukulent-mutti\/\" class=\"relative block mb-4 max-w-96 mx-auto\">\n      <div class=\"responsive-embed \" style=\"padding-bottom: 108.79765395894%;\">\n        <img decoding=\"async\" width=\"1024\" height=\"1024\" src=\"https:\/\/mutti-parma.com\/app\/uploads\/sites\/33\/2024\/03\/ww-socialped-2021-09-doartyourself-01-fb-ig-1024x1024-2.jpg\" class=\"inline-block wp-image-492\" alt=\"Tegla za sukulent Mutti\" sizes=\"auto, (max-width: 600px) 72vw, 431px\" data-spai-crop=\"true\" title=\"Tegla za sukulent Mutti\" srcset=\"https:\/\/mutti-parma.com\/app\/uploads\/sites\/33\/2024\/03\/ww-socialped-2021-09-doartyourself-01-fb-ig-1024x1024-2.jpg 1024w, https:\/\/mutti-parma.com\/app\/uploads\/sites\/33\/2024\/03\/ww-socialped-2021-09-doartyourself-01-fb-ig-1024x1024-2-500x500.jpg 500w, https:\/\/mutti-parma.com\/app\/uploads\/sites\/33\/2024\/03\/ww-socialped-2021-09-doartyourself-01-fb-ig-1024x1024-2-200x200.jpg 200w, https:\/\/mutti-parma.com\/app\/uploads\/sites\/33\/2024\/03\/ww-socialped-2021-09-doartyourself-01-fb-ig-1024x1024-2-768x768.jpg 768w, https:\/\/mutti-parma.com\/app\/uploads\/sites\/33\/2024\/03\/ww-socialped-2021-09-doartyourself-01-fb-ig-1024x1024-2-150x150.jpg 150w, https:\/\/mutti-parma.com\/app\/uploads\/sites\/33\/2024\/03\/ww-socialped-2021-09-doartyourself-01-fb-ig-1024x1024-2-600x600.jpg 600w, https:\/\/mutti-parma.com\/app\/uploads\/sites\/33\/2024\/03\/ww-socialped-2021-09-doartyourself-01-fb-ig-1024x1024-2-50x50.jpg 50w\" loading=\"lazy\" \/>\n      <\/div>\n    <\/a>\n  \n  <a class=\"block mb-4\" href=\"https:\/\/mutti-parma.com\/hr\/project\/tegla-za-sukulent-mutti\/\">\n    <h3>Tegla za sukulent Mutti<\/h3>\n  <\/a>\n\n  <rate-post\n    namespace=\"mutti\/v1\"\n    :votes=\"2\"\n    :post-id=\"491\"\n  ><\/rate-post>\n<\/div>\n        <\/div>\n               <div class=\"w-1\/1 sm:w-1\/2 md:w-1\/3 px-6 py-5 md:py-6\">\n          <div class=\"text-center\" data-vue-wrapper>\n      <a href=\"https:\/\/mutti-parma.com\/hr\/project\/podmetaci-od-cepova-mutti\/\" class=\"relative block mb-4 max-w-96 mx-auto\">\n      <div class=\"responsive-embed \" style=\"padding-bottom: 108.79765395894%;\">\n        <img decoding=\"async\" width=\"1024\" height=\"1024\" src=\"https:\/\/mutti-parma.com\/app\/uploads\/sites\/33\/2024\/03\/ww-socialped-2021-10-doartyourself-01-1024x1024-2.jpg\" class=\"inline-block wp-image-495\" alt=\"Podmeta\u010di od \u010depova Mutti\" sizes=\"auto, (max-width: 600px) 72vw, 431px\" data-spai-crop=\"true\" title=\"Podmeta\u010di od \u010depova Mutti\" srcset=\"https:\/\/mutti-parma.com\/app\/uploads\/sites\/33\/2024\/03\/ww-socialped-2021-10-doartyourself-01-1024x1024-2.jpg 1024w, https:\/\/mutti-parma.com\/app\/uploads\/sites\/33\/2024\/03\/ww-socialped-2021-10-doartyourself-01-1024x1024-2-500x500.jpg 500w, https:\/\/mutti-parma.com\/app\/uploads\/sites\/33\/2024\/03\/ww-socialped-2021-10-doartyourself-01-1024x1024-2-200x200.jpg 200w, https:\/\/mutti-parma.com\/app\/uploads\/sites\/33\/2024\/03\/ww-socialped-2021-10-doartyourself-01-1024x1024-2-768x768.jpg 768w, https:\/\/mutti-parma.com\/app\/uploads\/sites\/33\/2024\/03\/ww-socialped-2021-10-doartyourself-01-1024x1024-2-150x150.jpg 150w, https:\/\/mutti-parma.com\/app\/uploads\/sites\/33\/2024\/03\/ww-socialped-2021-10-doartyourself-01-1024x1024-2-600x600.jpg 600w, https:\/\/mutti-parma.com\/app\/uploads\/sites\/33\/2024\/03\/ww-socialped-2021-10-doartyourself-01-1024x1024-2-50x50.jpg 50w\" loading=\"lazy\" \/>\n      <\/div>\n    <\/a>\n  \n  <a class=\"block mb-4\" href=\"https:\/\/mutti-parma.com\/hr\/project\/podmetaci-od-cepova-mutti\/\">\n    <h3>Podmeta\u010di od \u010depova Mutti<\/h3>\n  <\/a>\n\n  <rate-post\n    namespace=\"mutti\/v1\"\n    :votes=\"1\"\n    :post-id=\"494\"\n  ><\/rate-post>\n<\/div>\n        <\/div>\n               <div class=\"w-1\/1 sm:w-1\/2 md:w-1\/3 px-6 py-5 md:py-6\">\n          <div class=\"text-center\" data-vue-wrapper>\n      <a href=\"https:\/\/mutti-parma.com\/hr\/project\/pomoc-u-kuhinji-uz-mutti\/\" class=\"relative block mb-4 max-w-96 mx-auto\">\n      <div class=\"responsive-embed \" style=\"padding-bottom: 108.79765395894%;\">\n        <img decoding=\"async\" width=\"1024\" height=\"1024\" src=\"https:\/\/mutti-parma.com\/app\/uploads\/sites\/33\/2024\/03\/ww-socialped-2021-11-doartyourself-07-1024x1024-2-4.jpg\" class=\"inline-block wp-image-498\" alt=\"Pomo\u0107 u kuhinji uz Mutti\" sizes=\"auto, (max-width: 600px) 72vw, 431px\" data-spai-crop=\"true\" title=\"Pomo\u0107 u kuhinji uz Mutti\" srcset=\"https:\/\/mutti-parma.com\/app\/uploads\/sites\/33\/2024\/03\/ww-socialped-2021-11-doartyourself-07-1024x1024-2-4.jpg 1024w, https:\/\/mutti-parma.com\/app\/uploads\/sites\/33\/2024\/03\/ww-socialped-2021-11-doartyourself-07-1024x1024-2-4-500x500.jpg 500w, https:\/\/mutti-parma.com\/app\/uploads\/sites\/33\/2024\/03\/ww-socialped-2021-11-doartyourself-07-1024x1024-2-4-200x200.jpg 200w, https:\/\/mutti-parma.com\/app\/uploads\/sites\/33\/2024\/03\/ww-socialped-2021-11-doartyourself-07-1024x1024-2-4-768x768.jpg 768w, https:\/\/mutti-parma.com\/app\/uploads\/sites\/33\/2024\/03\/ww-socialped-2021-11-doartyourself-07-1024x1024-2-4-150x150.jpg 150w, https:\/\/mutti-parma.com\/app\/uploads\/sites\/33\/2024\/03\/ww-socialped-2021-11-doartyourself-07-1024x1024-2-4-600x600.jpg 600w, https:\/\/mutti-parma.com\/app\/uploads\/sites\/33\/2024\/03\/ww-socialped-2021-11-doartyourself-07-1024x1024-2-4-50x50.jpg 50w\" loading=\"lazy\" \/>\n      <\/div>\n    <\/a>\n  \n  <a class=\"block mb-4\" href=\"https:\/\/mutti-parma.com\/hr\/project\/pomoc-u-kuhinji-uz-mutti\/\">\n    <h3>Pomo\u0107 u kuhinji uz Mutti<\/h3>\n  <\/a>\n\n  <rate-post\n    namespace=\"mutti\/v1\"\n    :votes=\"2\"\n    :post-id=\"497\"\n  ><\/rate-post>\n<\/div>\n        <\/div>\n               <div class=\"w-1\/1 sm:w-1\/2 md:w-1\/3 px-6 py-5 md:py-6\">\n          <div class=\"text-center\" data-vue-wrapper>\n      <a href=\"https:\/\/mutti-parma.com\/hr\/project\/drzac-boce-za-vodu-mutti\/\" class=\"relative block mb-4 max-w-96 mx-auto\">\n      <div class=\"responsive-embed \" style=\"padding-bottom: 108.79765395894%;\">\n        <img decoding=\"async\" width=\"539\" height=\"1024\" src=\"https:\/\/mutti-parma.com\/app\/uploads\/sites\/33\/2024\/03\/borraccia-vert-04-lr-539x1024-2.jpg\" class=\"inline-block wp-image-502\" alt=\"Dr\u017ea\u010d boce za vodu Mutti\" sizes=\"auto, (max-width: 600px) 72vw, 431px\" data-spai-crop=\"true\" title=\"Dr\u017ea\u010d boce za vodu Mutti\" srcset=\"https:\/\/mutti-parma.com\/app\/uploads\/sites\/33\/2024\/03\/borraccia-vert-04-lr-539x1024-2.jpg 539w, https:\/\/mutti-parma.com\/app\/uploads\/sites\/33\/2024\/03\/borraccia-vert-04-lr-539x1024-2-263x500.jpg 263w, https:\/\/mutti-parma.com\/app\/uploads\/sites\/33\/2024\/03\/borraccia-vert-04-lr-539x1024-2-105x200.jpg 105w, https:\/\/mutti-parma.com\/app\/uploads\/sites\/33\/2024\/03\/borraccia-vert-04-lr-539x1024-2-150x285.jpg 150w\" loading=\"lazy\" \/>\n      <\/div>\n    <\/a>\n  \n  <a class=\"block mb-4\" href=\"https:\/\/mutti-parma.com\/hr\/project\/drzac-boce-za-vodu-mutti\/\">\n    <h3>Dr\u017ea\u010d boce za vodu Mutti<\/h3>\n  <\/a>\n\n  <rate-post\n    namespace=\"mutti\/v1\"\n    :votes=\"0\"\n    :post-id=\"500\"\n  ><\/rate-post>\n<\/div>\n        <\/div>\n               <div class=\"w-1\/1 sm:w-1\/2 md:w-1\/3 px-6 py-5 md:py-6\">\n          <div class=\"text-center\" data-vue-wrapper>\n      <a href=\"https:\/\/mutti-parma.com\/hr\/project\/igra-memory-uz-mutti\/\" class=\"relative block mb-4 max-w-96 mx-auto\">\n      <div class=\"responsive-embed \" style=\"padding-bottom: 108.79765395894%;\">\n        <img decoding=\"async\" width=\"1024\" height=\"1024\" src=\"https:\/\/mutti-parma.com\/app\/uploads\/sites\/33\/2024\/03\/memory-orizzontale-06-hr-1-1024x1024-2.jpg\" class=\"inline-block wp-image-506\" alt=\"Igra Memory uz Mutti\" sizes=\"auto, (max-width: 600px) 72vw, 431px\" data-spai-crop=\"true\" title=\"Igra Memory uz Mutti\" srcset=\"https:\/\/mutti-parma.com\/app\/uploads\/sites\/33\/2024\/03\/memory-orizzontale-06-hr-1-1024x1024-2.jpg 1024w, https:\/\/mutti-parma.com\/app\/uploads\/sites\/33\/2024\/03\/memory-orizzontale-06-hr-1-1024x1024-2-500x500.jpg 500w, https:\/\/mutti-parma.com\/app\/uploads\/sites\/33\/2024\/03\/memory-orizzontale-06-hr-1-1024x1024-2-200x200.jpg 200w, https:\/\/mutti-parma.com\/app\/uploads\/sites\/33\/2024\/03\/memory-orizzontale-06-hr-1-1024x1024-2-768x768.jpg 768w, https:\/\/mutti-parma.com\/app\/uploads\/sites\/33\/2024\/03\/memory-orizzontale-06-hr-1-1024x1024-2-150x150.jpg 150w, https:\/\/mutti-parma.com\/app\/uploads\/sites\/33\/2024\/03\/memory-orizzontale-06-hr-1-1024x1024-2-600x600.jpg 600w, https:\/\/mutti-parma.com\/app\/uploads\/sites\/33\/2024\/03\/memory-orizzontale-06-hr-1-1024x1024-2-50x50.jpg 50w\" loading=\"lazy\" \/>\n      <\/div>\n    <\/a>\n  \n  <a class=\"block mb-4\" href=\"https:\/\/mutti-parma.com\/hr\/project\/igra-memory-uz-mutti\/\">\n    <h3>Igra Memory uz Mutti<\/h3>\n  <\/a>\n\n  <rate-post\n    namespace=\"mutti\/v1\"\n    :votes=\"1\"\n    :post-id=\"504\"\n  ><\/rate-post>\n<\/div>\n        <\/div>\n               <div class=\"w-1\/1 sm:w-1\/2 md:w-1\/3 px-6 py-5 md:py-6\">\n          <div class=\"text-center\" data-vue-wrapper>\n      <a href=\"https:\/\/mutti-parma.com\/hr\/project\/plocice-s-imenom-uz-mutti\/\" class=\"relative block mb-4 max-w-96 mx-auto\">\n      <div class=\"responsive-embed \" style=\"padding-bottom: 108.79765395894%;\">\n        <img decoding=\"async\" width=\"1024\" height=\"1024\" src=\"https:\/\/mutti-parma.com\/app\/uploads\/sites\/33\/2024\/03\/32-1024x1024-2.jpg\" class=\"inline-block wp-image-510\" alt=\"Plo\u010dice s imenom uz Mutti\" sizes=\"auto, (max-width: 600px) 72vw, 431px\" data-spai-crop=\"true\" title=\"Plo\u010dice s imenom uz Mutti\" srcset=\"https:\/\/mutti-parma.com\/app\/uploads\/sites\/33\/2024\/03\/32-1024x1024-2.jpg 1024w, https:\/\/mutti-parma.com\/app\/uploads\/sites\/33\/2024\/03\/32-1024x1024-2-500x500.jpg 500w, https:\/\/mutti-parma.com\/app\/uploads\/sites\/33\/2024\/03\/32-1024x1024-2-200x200.jpg 200w, https:\/\/mutti-parma.com\/app\/uploads\/sites\/33\/2024\/03\/32-1024x1024-2-768x768.jpg 768w, https:\/\/mutti-parma.com\/app\/uploads\/sites\/33\/2024\/03\/32-1024x1024-2-150x150.jpg 150w, https:\/\/mutti-parma.com\/app\/uploads\/sites\/33\/2024\/03\/32-1024x1024-2-600x600.jpg 600w, https:\/\/mutti-parma.com\/app\/uploads\/sites\/33\/2024\/03\/32-1024x1024-2-50x50.jpg 50w\" loading=\"lazy\" \/>\n      <\/div>\n    <\/a>\n  \n  <a class=\"block mb-4\" href=\"https:\/\/mutti-parma.com\/hr\/project\/plocice-s-imenom-uz-mutti\/\">\n    <h3>Plo\u010dice s imenom uz Mutti<\/h3>\n  <\/a>\n\n  <rate-post\n    namespace=\"mutti\/v1\"\n    :votes=\"0\"\n    :post-id=\"508\"\n  ><\/rate-post>\n<\/div>\n        <\/div>\n                <\/div>\n  <\/div>\n\n      <div class=\"text-center\">\n      <div class=\"facetwp-pager\"><\/div>\n    <\/div>\n  <\/div>\n","protected":false},"excerpt":{"rendered":"","protected":false},"author":1,"featured_media":0,"parent":0,"menu_order":0,"comment_status":"closed","ping_status":"closed","template":"","meta":{"_acf_changed":false,"_relevanssi_hide_post":"","_relevanssi_hide_content":"","_relevanssi_pin_for_all":"","_relevanssi_pin_keywords":"","_relevanssi_unpin_keywords":"","_relevanssi_related_keywords":"","_relevanssi_related_include_ids":"","_relevanssi_related_exclude_ids":"","_relevanssi_related_no_append":"","_relevanssi_related_not_related":"","_relevanssi_related_posts":"","_relevanssi_noindex_reason":"","footnotes":""},"class_list":["post-483","page","type-page","status-publish","hentry"],"acf":[],"_links":{"self":[{"href":"https:\/\/mutti-parma.com\/hr\/wp-json\/wp\/v2\/pages\/483","targetHints":{"allow":["GET"]}}],"collection":[{"href":"https:\/\/mutti-parma.com\/hr\/wp-json\/wp\/v2\/pages"}],"about":[{"href":"https:\/\/mutti-parma.com\/hr\/wp-json\/wp\/v2\/types\/page"}],"author":[{"embeddable":true,"href":"https:\/\/mutti-parma.com\/hr\/wp-json\/wp\/v2\/users\/1"}],"replies":[{"embeddable":true,"href":"https:\/\/mutti-parma.com\/hr\/wp-json\/wp\/v2\/comments?post=483"}],"version-history":[{"count":2,"href":"https:\/\/mutti-parma.com\/hr\/wp-json\/wp\/v2\/pages\/483\/revisions"}],"predecessor-version":[{"id":485,"href":"https:\/\/mutti-parma.com\/hr\/wp-json\/wp\/v2\/pages\/483\/revisions\/485"}],"wp:attachment":[{"href":"https:\/\/mutti-parma.com\/hr\/wp-json\/wp\/v2\/media?parent=483"}],"curies":[{"name":"wp","href":"https:\/\/api.w.org\/{rel}","templated":true}]}}