{"id":49,"date":"2021-09-17T06:39:37","date_gmt":"2021-09-17T06:39:37","guid":{"rendered":"https:\/\/mutti-parma.com\/hr\/?page_id=49"},"modified":"2025-12-03T16:41:52","modified_gmt":"2025-12-03T16:41:52","slug":"pomodorino-doro","status":"publish","type":"page","link":"https:\/\/mutti-parma.com\/hr\/pomodorino-doro\/","title":{"rendered":"Pomodorino d\u2019Oro"},"content":{"rendered":"\n<figure class=\"wp-block-image alignfull mt-0\"><img loading=\"lazy\" decoding=\"async\" src=\"https:\/\/mutti-parma.com\/app\/uploads\/2021\/01\/1-banner-desktop.jpg\" alt=\"\" class=\"wp-image-6325\" \/><\/figure>\n\n\n\n<div class=\"wp-block-group alignwide is-layout-flow wp-block-group-is-layout-flow\">\n<h1 class=\"wp-block-heading has-text-align-center\">KRUG PREDANOSTI<\/h1>\n\n\n\n<h2 class=\"wp-block-heading has-text-align-center is-style-cursive\">Pomodorino d\u2019Oro: mnogo vi\u0161e od nagrade<\/h2>\n\n\n\n<p class=\"has-text-align-center\">Pokrenuta 2000. godine, nagrada Pomodorino d\u2019Oro (Zlatna raj\u010dica) ekonomski je poticaj koji svake godine dodjeljujemo svojim najboljim poljoprivrednicima kao priznanje za kvalitetu raj\u010dica koje uzgajaju: 100 % talijanske proizvode o kojima s ljubavlju brinu od sjemenke do ploda.<\/p>\n\n\n\n<p class=\"has-text-align-center\">Tijekom proteklih 26 godina nagradili smo preko 800 poljoprivrednika. Nagrada je poticaj na\u0161im dobavlja\u010dima da kontinuirano pobolj\u0161avaju svoje proizvode i ula\u017eu u razvoj novih metoda uzgoja, berbe i prijevoza. Na taj na\u010din zatvaramo krug predanosti koji osigurava da kupcima nudimo proizvode koji se isti\u010du superiornom kvalitetom i jedinstvenim okusom.<\/p>\n<\/div>\n\n\n\n<figure class=\"wp-block-embed alignwide is-type-video is-provider-youtube wp-block-embed-youtube wp-embed-aspect-16-9 wp-has-aspect-ratio\"><div class=\"wp-block-embed__wrapper\">\n<iframe loading=\"lazy\" title=\"Pomodorino d\u2019Oro: mnogo vi\u0161e od nagrade\" width=\"500\" height=\"281\" data-cookieconsent=\"marketing\" data-src=\"\/\/www.youtube-nocookie.com\/embed\/ZcJZ9FvH_A8?rel=0&#038;modestbranding=1&#038;enablejsapi=1&#038;feature=oembed&#038;width=500&#038;height=750\" frameborder=\"0\" allow=\"accelerometer; autoplay; clipboard-write; encrypted-media; gyroscope; picture-in-picture; web-share\" referrerpolicy=\"strict-origin-when-cross-origin\" allowfullscreen><\/iframe><div class=\"cookieconsent-embed-approval\">\n  <p>To watch this video you need to approve marketing cookies so we can use YouTube.<\/p>\n  <button class=\"btn btn-renew-cookie-consent\">\n    Manage Settings\n  <\/button>\n<\/div>\n\n<\/div><\/figure>\n\n\n\n<div class=\"wp-block-media-text alignwide is-stacked-on-mobile\"><figure class=\"wp-block-media-text__media\"><img loading=\"lazy\" decoding=\"async\" src=\"https:\/\/mutti-parma.com\/app\/uploads\/2021\/01\/3-img.jpg\" alt=\"\" class=\"wp-image-6332 size-full\" sizes=\"(max-width: 600px) 100vw, (min-width: 1440px) 792px,55vw\" data-spai-crop=\"false\" \/><\/figure><div class=\"wp-block-media-text__content\">\n<h2 class=\"wp-block-heading\">NA\u0160A PREDANOST KVALITETI<\/h2>\n\n\n\n<p>Pomodorino d\u2019Oro utjelovljuje na\u0161e svakodnevne odgovorne odluke i opipljivo djelovanje. Odluke se odnose na sve razine opskrbnog lanca, a cilj im je izvu\u0107i najbolje iz pojedinog podru\u010dja, istodobno po\u0161tuju\u0107i zemlju i ljude koji tu \u017eive i rade. Na\u0161 je cilj izgraditi kontinuiran i suradni\u010dki odnos s poljoprivrednicima radi kontinuiranog pobolj\u0161anja na\u0161ih proizvoda. Pomodorino d\u2019Oro najopipljiviji je simbol na\u0161e predanosti \u2013 a predanost je mjera kvalitete u Muttiju.<\/p>\n<\/div><\/div>\n\n\n\n<div class=\"wp-block-group alignwide is-layout-flow wp-block-group-is-layout-flow\">\n<div class=\"wp-block-group alignwide is-layout-flow wp-block-group-is-layout-flow\">\n<h2 class=\"wp-block-heading has-text-align-center\">Pobjednici 2025<\/h2>\n\n\n\n<h2 class=\"wp-block-heading has-text-align-center is-style-cursive\">26. izdanje<\/h2>\n\n\n\n<p class=\"has-text-align-center\">Nagrada Pomodorino d\u2019Oro odra\u017eava jedno od na\u0161ih temeljnih na\u010dela: ideju da svaka sorta raj\u010dice treba specifi\u010dnu vrstu tla. Upravo zato \u2013 svake godine \u2013 nagra\u0111ujemo preko 60 poljoprivrednika iz sjeverne i ju\u017ene Italije zasebnim nagradama za tri sorte raj\u010dica koje su tipi\u010dne za svaku regiju. Upoznajte tri ovogodi\u0161nja osvaja\u010da nagrade!<\/p>\n<\/div>\n\n\n\n<div class=\"wp-block-group sm:mx-32 lg:mx-48 is-content-justification-center is-nowrap is-layout-flex wp-container-core-group-is-layout-46403f35 wp-block-group-is-layout-flex\">\n<figure class=\"wp-block-image size-full is-style-default -mx-8 mb-0\"><img loading=\"lazy\" decoding=\"async\" src=\"https:\/\/mutti-parma.com\/app\/uploads\/2024\/04\/pomodorino-doro-tondo.png\" alt=\"\" class=\"wp-image-9945\" style=\"aspect-ratio:0.9003690036900369;object-fit:cover\" \/><\/figure>\n\n\n\n<figure class=\"wp-block-image size-full -mx-8 mb-0\"><img loading=\"lazy\" decoding=\"async\" src=\"https:\/\/mutti-parma.com\/app\/uploads\/2024\/04\/pomodorino-doro-lungo.png\" alt=\"\" class=\"wp-image-9944\" \/><\/figure>\n\n\n\n<figure class=\"wp-block-image size-full -mx-8 mb-0\"><img loading=\"lazy\" decoding=\"async\" src=\"https:\/\/mutti-parma.com\/app\/uploads\/2024\/04\/pomodorino-doro-ciliegino.png\" alt=\"\" class=\"wp-image-9942\" \/><\/figure>\n\n\n\n<figure class=\"wp-block-image size-full -mx-8 mb-0\"><img loading=\"lazy\" decoding=\"async\" src=\"https:\/\/mutti-parma.com\/app\/uploads\/2024\/04\/pomodorino-doro-datterino-1.png\" alt=\"\" class=\"wp-image-9946\" \/><\/figure>\n<\/div>\n<\/div>\n\n\n<div class=\"acf-custom-slideshow wp-block-embed is-type-video wp-embed-aspect-1-1 is-style-plain alignwide\" data-vue-wrapper>\n  <tab-slideshow\n    name=\"Custom Slideshow\"\n    :tabs='[\"RAJ\\u010cICA TONDO DI PARMA\",\"RAJ\\u010cICA \\u0160LJIVARICA\",\"MINI RAJ\\u010cICE\",\"Baby Roma Tomato\"]'\n    :tabs-above=\"true\"\n    :navigation=\"false\"\n    :pagination=\"true\"\n    :append-navigation=\"true\"\n    :hide-navigation-mobile=\"true\"\n    :options='{\"autoHeight\":false}'\n    navigation-class=\"\"\n    :slideshow-classes='{\"wrapper\":\"text-white py-12 md:py-32 md:pb-16 md:px-16 has-background\",\"navigationNextButton\":\"fa-solid fa-chevron-right text-primary text-2xl lg:text-4xl mr-10 md:mt-16 hidden md:block\",\"navigationPrevButton\":\"fa-solid fa-chevron-left text-primary text-2xl lg:text-4xl ml-10 md:mt-16 hidden md:block\"}'\n          slideshow-background=\"https:\/\/mutti-parma.com\/app\/uploads\/sites\/33\/2021\/09\/5-video-gallery-bkg-1024x576-1.jpeg\"\n      >\n          <div class=\"swiper-slide \">\n        <div class=\"flex flex-wrap align-stretch\">\n          <div class=\"flex-1 p-4 md:p-8 lg:pl-16 text-center md:text-left\">\n                          <h2>Luca Zavaroni<\/h2>\n<p class=\"has-xxl-font-size is-style-cursive\">\u201eZa sve nas, proizvoditi kvalitetne raj\u010dice zna\u010di svake godine nastojati ulo\u017eiti sav trud i energiju, osobito kada isporu\u010dujemo industriji.\u201c<\/p>\n\n                      <\/div>\n\n                      <div\n              class=\"\n                w-full md:w-1\/2\n                order-first\n                \n                flex justify-center md:justify-end\n                content-center lg:content-start\n              \"\n                          >\n              \n                              <div class=\"wp-block-embed is-type-video wp-embed-aspect-16-9 wp-has-aspect-ratio w-full self-center\">\n                  <div class=\"wp-block-embed__wrapper\">\n                    <iframe loading=\"lazy\" loading=\"lazy\" title=\"2025 Winner for Round Tomato - Luca Zavaroni\" width=\"500\" height=\"281\" data-cookieconsent=\"marketing\" data-src=\"\/\/www.youtube-nocookie.com\/embed\/zPFkN_Qa3x0?rel=0&#038;modestbranding=1&#038;enablejsapi=1&#038;feature=oembed&#038;width=500&#038;height=750\" frameborder=\"0\" allow=\"accelerometer; autoplay; clipboard-write; encrypted-media; gyroscope; picture-in-picture; web-share\" referrerpolicy=\"strict-origin-when-cross-origin\" allowfullscreen><\/iframe><div class=\"cookieconsent-embed-approval\">\n  <p>To watch this video you need to approve marketing cookies so we can use YouTube.<\/p>\n  <button class=\"btn btn-renew-cookie-consent\">\n    Manage Settings\n  <\/button>\n<\/div>\n<div class=\"cookieconsent-embed-approval\">\n  <p>To watch this video you need to approve marketing cookies so we can use YouTube.<\/p>\n  <button class=\"btn btn-renew-cookie-consent\">\n    Manage Settings\n  <\/button>\n<\/div>\n\n                  <\/div>\n                <\/div>\n                          <\/div>\n                  <\/div>\n      <\/div>\n          <div class=\"swiper-slide \">\n        <div class=\"flex flex-wrap align-stretch\">\n          <div class=\"flex-1 p-4 md:p-8 lg:pl-16 text-center md:text-left\">\n                          <h2>Michele Borrelli<\/h2>\n<p class=\"has-xxl-font-size is-style-cursive\">\u201eJako mi je stalo do berbe, jer kada uzgoji\u0161 dobar proizvod i do\u0111e vrijeme za berbu, osjeti\u0161 svoje zadovoljstvo \u2014 ono najve\u0107e koje jedan uzgajiva\u010d mo\u017ee imati.\u201c<\/p>\n\n                      <\/div>\n\n                      <div\n              class=\"\n                w-full md:w-1\/2\n                order-first\n                \n                flex justify-center md:justify-end\n                content-center lg:content-start\n              \"\n                          >\n              \n                              <div class=\"wp-block-embed is-type-video wp-embed-aspect-16-9 wp-has-aspect-ratio w-full self-center\">\n                  <div class=\"wp-block-embed__wrapper\">\n                    <iframe loading=\"lazy\" loading=\"lazy\" title=\"2025 Winner for Plum Tomato - Michele Borrelli\" width=\"500\" height=\"281\" data-cookieconsent=\"marketing\" data-src=\"\/\/www.youtube-nocookie.com\/embed\/MSgYe0SFxK8?rel=0&#038;modestbranding=1&#038;enablejsapi=1&#038;feature=oembed&#038;width=500&#038;height=750\" frameborder=\"0\" allow=\"accelerometer; autoplay; clipboard-write; encrypted-media; gyroscope; picture-in-picture; web-share\" referrerpolicy=\"strict-origin-when-cross-origin\" allowfullscreen><\/iframe><div class=\"cookieconsent-embed-approval\">\n  <p>To watch this video you need to approve marketing cookies so we can use YouTube.<\/p>\n  <button class=\"btn btn-renew-cookie-consent\">\n    Manage Settings\n  <\/button>\n<\/div>\n<div class=\"cookieconsent-embed-approval\">\n  <p>To watch this video you need to approve marketing cookies so we can use YouTube.<\/p>\n  <button class=\"btn btn-renew-cookie-consent\">\n    Manage Settings\n  <\/button>\n<\/div>\n\n                  <\/div>\n                <\/div>\n                          <\/div>\n                  <\/div>\n      <\/div>\n          <div class=\"swiper-slide \">\n        <div class=\"flex flex-wrap align-stretch\">\n          <div class=\"flex-1 p-4 md:p-8 lg:pl-16 text-center md:text-left\">\n                          <h2>alfonso Fantasia<\/h2>\n<p class=\"has-xxl-font-size is-style-cursive\">\u201eImati sna\u017ene vrijednosti ono je \u0161to mi je omogu\u0107ilo raditi s Muttijem. Kvalitetna raj\u010dica je zdrava, crvena i prije svega uzgojena uz po\u0161tivanje ispravnih postupaka navodnjavanja i utjecaja na okoli\u0161.\u201c<\/p>\n\n                      <\/div>\n\n                      <div\n              class=\"\n                w-full md:w-1\/2\n                order-first\n                \n                flex justify-center md:justify-end\n                content-center lg:content-start\n              \"\n                          >\n              \n                              <div class=\"wp-block-embed is-type-video wp-embed-aspect-16-9 wp-has-aspect-ratio w-full self-center\">\n                  <div class=\"wp-block-embed__wrapper\">\n                    <iframe loading=\"lazy\" loading=\"lazy\" title=\"2025 Winner for Cherry Tomato - Alfonso Fantasia\" width=\"500\" height=\"281\" data-cookieconsent=\"marketing\" data-src=\"\/\/www.youtube-nocookie.com\/embed\/H3Ah7vvzfok?rel=0&#038;modestbranding=1&#038;enablejsapi=1&#038;feature=oembed&#038;width=500&#038;height=750\" frameborder=\"0\" allow=\"accelerometer; autoplay; clipboard-write; encrypted-media; gyroscope; picture-in-picture; web-share\" referrerpolicy=\"strict-origin-when-cross-origin\" allowfullscreen><\/iframe><div class=\"cookieconsent-embed-approval\">\n  <p>To watch this video you need to approve marketing cookies so we can use YouTube.<\/p>\n  <button class=\"btn btn-renew-cookie-consent\">\n    Manage Settings\n  <\/button>\n<\/div>\n<div class=\"cookieconsent-embed-approval\">\n  <p>To watch this video you need to approve marketing cookies so we can use YouTube.<\/p>\n  <button class=\"btn btn-renew-cookie-consent\">\n    Manage Settings\n  <\/button>\n<\/div>\n\n                  <\/div>\n                <\/div>\n                          <\/div>\n                  <\/div>\n      <\/div>\n          <div class=\"swiper-slide \">\n        <div class=\"flex flex-wrap align-stretch\">\n          <div class=\"flex-1 p-4 md:p-8 lg:pl-16 text-center md:text-left\">\n                          <h2>Gabriele i Marco Costa<\/h2>\n<p class=\"has-xxl-font-size is-style-cursive\">\u201ePomisliti da ode\u0161 na drugi kontinent i ondje prona\u0111e\u0161 staklenku Mutti doista izaziva emocije kada se prisjeti\u0161 svega \u0161to je u\u010dinjeno da bi ta staklenka postala stvarnost.\u201c<\/p>\n\n                      <\/div>\n\n                      <div\n              class=\"\n                w-full md:w-1\/2\n                order-first\n                \n                flex justify-center md:justify-end\n                content-center lg:content-start\n              \"\n                          >\n              \n                              <div class=\"wp-block-embed is-type-video wp-embed-aspect-16-9 wp-has-aspect-ratio w-full self-center\">\n                  <div class=\"wp-block-embed__wrapper\">\n                    <iframe loading=\"lazy\" loading=\"lazy\" title=\"2025 Winners for Baby Roma - Gabriele &amp; Marco Costa\" width=\"500\" height=\"281\" data-cookieconsent=\"marketing\" data-src=\"\/\/www.youtube-nocookie.com\/embed\/ixt0vKs0uzA?rel=0&#038;modestbranding=1&#038;enablejsapi=1&#038;feature=oembed&#038;width=500&#038;height=750\" frameborder=\"0\" allow=\"accelerometer; autoplay; clipboard-write; encrypted-media; gyroscope; picture-in-picture; web-share\" referrerpolicy=\"strict-origin-when-cross-origin\" allowfullscreen><\/iframe><div class=\"cookieconsent-embed-approval\">\n  <p>To watch this video you need to approve marketing cookies so we can use YouTube.<\/p>\n  <button class=\"btn btn-renew-cookie-consent\">\n    Manage Settings\n  <\/button>\n<\/div>\n<div class=\"cookieconsent-embed-approval\">\n  <p>To watch this video you need to approve marketing cookies so we can use YouTube.<\/p>\n  <button class=\"btn btn-renew-cookie-consent\">\n    Manage Settings\n  <\/button>\n<\/div>\n\n                  <\/div>\n                <\/div>\n                          <\/div>\n                  <\/div>\n      <\/div>\n      <\/tab-slideshow>\n<\/div>\n\n\n\n<div class=\"wp-block-cover alignwide is-light\" style=\"min-height:457px;aspect-ratio:unset;\"><img loading=\"lazy\" decoding=\"async\" class=\"wp-block-cover__image-background wp-image-6363\" alt=\"\" src=\"https:\/\/mutti-parma.com\/app\/uploads\/2021\/01\/6-parallax-banner.jpg\" data-object-fit=\"cover\" \/><span aria-hidden=\"true\" class=\"wp-block-cover__background has-background-dim-20 has-background-dim\"><\/span><div class=\"wp-block-cover__inner-container is-layout-flow wp-block-cover-is-layout-flow\">\n\n\n<h2 class=\"wp-block-heading\">VRIJEDNOSTI NA KOJIMA SE TEMELJI NAGRADA POMODORINO D\u2019ORO<\/h2>\n\n\n<\/div><\/div>\n\n\n\n<div class=\"wp-block-media-text alignwide has-media-on-the-right is-stacked-on-mobile\" style=\"grid-template-columns:auto 40%\"><div class=\"wp-block-media-text__content\">\n<h2 class=\"wp-block-heading\">BRIGA<\/h2>\n\n\n\n<h3 class=\"wp-block-heading is-style-cursive\">Provjere i pa\u017eljivi odabiri na polju<\/h3>\n\n\n\n<p>Na\u0161i poljoprivrednici dijele na\u0161 temeljiti pristup i \u2013 kao takvi \u2013 biraju samo najbolje raj\u010dice u doba berbe, uzimaju\u0107i u obzir zrelost, boju, konzistenciju, svje\u017einu i slatko\u0107u. &nbsp;To je jedini na\u010din da se osigura da \u0107e raj\u010dice&nbsp;pro\u0107i kontrolu kvalitete kada stignu u na\u0161e tvornice. Nagrada se dodjeljuje na temelju automatske analize koju provodimo kada raj\u010dice stignu u tvornicu. Slatko\u0107a, prehrambene vrijednosti i stupanj zrelosti neki su od kriterija.<\/p>\n\n\n\n<p>Za nas,&nbsp;briga&nbsp;zna\u010di&nbsp;jam\u010diti standarde najvi\u0161e kvalitete uz po\u0161tovanje okoli\u0161a i zdravlja ljudi. Poslujemo u skladu s Integriranim specifikacijama proizvodnje, \u0161to zna\u010di da nastojimo smanjiti potro\u0161nju vode i energije u poljoprivrednoj proizvodnji bez naru\u0161avanja kvalitete raj\u010dica. Tako\u0111er smo posve\u0107eni odr\u017eavanju sljedivosti u cijelom opskrbnom lancu, sve do gotovog proizvoda.<\/p>\n<\/div><figure class=\"wp-block-media-text__media\"><img loading=\"lazy\" decoding=\"async\" src=\"https:\/\/mutti-parma.com\/app\/uploads\/sites\/7\/2024\/11\/2-cura-1024x1024.jpg\" alt=\"\" class=\"wp-image-11537 size-full\" sizes=\"(max-width: 600px) 100vw, (min-width: 1440px) 576px,40vw\" data-spai-crop=\"false\" \/><\/figure><\/div>\n\n\n\n<div class=\"wp-block-media-text alignwide is-stacked-on-mobile\" style=\"grid-template-columns:40% auto\"><figure class=\"wp-block-media-text__media\"><img loading=\"lazy\" decoding=\"async\" src=\"https:\/\/mutti-parma.com\/app\/uploads\/sites\/7\/2024\/11\/3-rispetto-1024x1024.jpg\" alt=\"\" class=\"wp-image-11538 size-full\" sizes=\"(max-width: 600px) 100vw, (min-width: 1440px) 576px,40vw\" data-spai-crop=\"false\" \/><\/figure><div class=\"wp-block-media-text__content\">\n<h2 class=\"wp-block-heading\">PO\u0160TOVANJE<\/h2>\n\n\n\n<h3 class=\"wp-block-heading is-style-cursive\">Vi\u0161a cijena za bolju raj\u010dicu<\/h3>\n\n\n\n<p>Svojim poljoprivrednicima za raj\u010dice pla\u0107amo cijene iznad tr\u017ei\u0161nog prosjeka, \u010dime ja\u010damo odnose s dobavlja\u010dima i podupiremo njihov rast i razvoj. Mi smatramo da je to bit po\u0161tovanja.<\/p>\n\n\n\n<p>Tijekom godina pridonijeli smo razvoju mehani\u010dke berbe koja se sada primjenjuje pri svakoj berbi na poljima na\u0161ih poljoprivrednika u sjevernoj i ju\u017enoj Italiji. Na\u0161 obavezni organizacijski model zahtijeva od na\u0161ih poljoprivrednika da nam se pridru\u017ee u pridr\u017eavaju strogih eti\u010dkih i dru\u0161tvenih zahtjeva.<\/p>\n<\/div><\/div>\n\n\n\n<div class=\"wp-block-media-text alignwide has-media-on-the-right is-stacked-on-mobile\" style=\"grid-template-columns:auto 40%\"><div class=\"wp-block-media-text__content\">\n<h2 class=\"wp-block-heading\">SURADNJA<\/h2>\n\n\n\n<h3 class=\"wp-block-heading is-style-cursive\">Kvaliteta: rezultat timskog rada<\/h3>\n\n\n\n<p>Suradnja s poljoprivrednicima zasniva se na me\u0111usobnom povjerenju i podr\u0161ci. To je transparentan odnos s pravednim ugovorima \u010diji je cilj osna\u017eiti poljoprivrednike.<\/p>\n\n\n\n<p>Putem Muttijeve poljoprivredne slu\u017ebe dijelimo svoje znanje s poljoprivrednicima i omogu\u0107ujemo im pristup najboljim tehnolo\u0161kim platformama. To zna\u010di da mogu usvojiti najinovativnije tehnike uzgoja, pove\u0107ati svoju stru\u010dnost i osigurati da proizvodi koji zavr\u0161e u kuhinjama na\u0161ih kupaca zadovoljavaju najvi\u0161e standarde kvalitete. Svi radimo na postizanju istog cilja: ponuditi obiteljima vrhunski proizvod koji predstavlja na\u0161 kulinarski identitet i bit mediteranske gastronomije.<\/p>\n<\/div><figure class=\"wp-block-media-text__media\"><img loading=\"lazy\" decoding=\"async\" src=\"https:\/\/mutti-parma.com\/app\/uploads\/sites\/7\/2024\/11\/4-collaborazione-1024x1024.jpg\" alt=\"\" class=\"wp-image-11540 size-full\" sizes=\"(max-width: 600px) 100vw, (min-width: 1440px) 576px,40vw\" data-spai-crop=\"false\" \/><\/figure><\/div>\n\n\n\n<div class=\"wp-block-media-text alignwide is-stacked-on-mobile\" style=\"grid-template-columns:40% auto\"><figure class=\"wp-block-media-text__media\"><img loading=\"lazy\" decoding=\"async\" src=\"https:\/\/mutti-parma.com\/app\/uploads\/sites\/7\/2024\/11\/soddisfazione-1024x1024.jpg\" alt=\"\" class=\"wp-image-11526 size-full\" sizes=\"(max-width: 600px) 100vw, (min-width: 1440px) 576px,40vw\" data-spai-crop=\"false\" \/><\/figure><div class=\"wp-block-media-text__content\">\n<h2 class=\"wp-block-heading\">PONOS<\/h2>\n\n\n\n<h3 class=\"wp-block-heading is-style-cursive\">Od polja do va\u0161e kuhinje<\/h3>\n\n\n\n<p>Svaka po\u0161iljka raj\u010dica koja stigne u na\u0161e tvornice poljoprivrednicima koji su ih uzgojili donosi veliko zadovoljstvo. To ponajprije zna\u010di da su njihove raj\u010dice pro\u0161le na\u0161e stroge kontrole, a to je vrhunac njihova cjelogodi\u0161njeg truda.<\/p>\n\n\n\n<p>Jednako tako, to je izvor zadovoljstva i za nas u Muttiju jer zna\u010di da smo pridonijeli stvaranju vrijednosti u svakoj fazi opskrbnog lanca, jam\u010de\u0107i proizvod koji nije samo ukusan, ve\u0107 je i rezultat eti\u010dkih odluka kojima se iskazuje po\u0161tovanje prema ljudima \u2013 i uzgajiva\u010dima i potro\u0161a\u010dima.<\/p>\n\n\n\n<p>To je ono isto zadovoljstvo koje osje\u0107amo znaju\u0107i da smo svi odradili svoj dio kako bismo na stol donijeli proizvod koji ima okus kao nijedan drugi \u2013 proizvod koji mami osmijeh na lice ljudima koje volimo.<br><\/p>\n<\/div><\/div>\n\n\n","protected":false},"excerpt":{"rendered":"<p>KRUG PREDANOSTI Pomodorino d\u2019Oro: mnogo vi\u0161e od nagrade Pokrenuta 2000. godine, nagrada Pomodorino d\u2019Oro (Zlatna raj\u010dica) ekonomski je poticaj koji svake godine dodjeljujemo svojim najboljim poljoprivrednicima kao priznanje za kvalitetu raj\u010dica koje uzgajaju: 100 % talijanske proizvode o kojima s ljubavlju brinu od sjemenke do ploda. Tijekom proteklih 26 godina nagradili smo preko 800 poljoprivrednika.<\/p>\n","protected":false},"author":1,"featured_media":0,"parent":0,"menu_order":4,"comment_status":"closed","ping_status":"closed","template":"","meta":{"_acf_changed":false,"_relevanssi_hide_post":"","_relevanssi_hide_content":"","_relevanssi_pin_for_all":"","_relevanssi_pin_keywords":"","_relevanssi_unpin_keywords":"","_relevanssi_related_keywords":"","_relevanssi_related_include_ids":"","_relevanssi_related_exclude_ids":"","_relevanssi_related_no_append":"","_relevanssi_related_not_related":"","_relevanssi_related_posts":"","_relevanssi_noindex_reason":"","footnotes":""},"class_list":["post-49","page","type-page","status-publish","hentry"],"acf":[],"_links":{"self":[{"href":"https:\/\/mutti-parma.com\/hr\/wp-json\/wp\/v2\/pages\/49","targetHints":{"allow":["GET"]}}],"collection":[{"href":"https:\/\/mutti-parma.com\/hr\/wp-json\/wp\/v2\/pages"}],"about":[{"href":"https:\/\/mutti-parma.com\/hr\/wp-json\/wp\/v2\/types\/page"}],"author":[{"embeddable":true,"href":"https:\/\/mutti-parma.com\/hr\/wp-json\/wp\/v2\/users\/1"}],"replies":[{"embeddable":true,"href":"https:\/\/mutti-parma.com\/hr\/wp-json\/wp\/v2\/comments?post=49"}],"version-history":[{"count":38,"href":"https:\/\/mutti-parma.com\/hr\/wp-json\/wp\/v2\/pages\/49\/revisions"}],"predecessor-version":[{"id":624,"href":"https:\/\/mutti-parma.com\/hr\/wp-json\/wp\/v2\/pages\/49\/revisions\/624"}],"wp:attachment":[{"href":"https:\/\/mutti-parma.com\/hr\/wp-json\/wp\/v2\/media?parent=49"}],"curies":[{"name":"wp","href":"https:\/\/api.w.org\/{rel}","templated":true}]}}