{"id":31,"date":"2021-09-15T06:53:15","date_gmt":"2021-09-15T06:53:15","guid":{"rendered":"https:\/\/mutti-parma.com\/hr\/?post_type=product&#038;p=31"},"modified":"2023-03-10T16:31:18","modified_gmt":"2023-03-10T16:31:18","slug":"passata","status":"publish","type":"product","link":"https:\/\/mutti-parma.com\/hr\/proizvodi\/passata\/","title":{"rendered":"Passata"},"content":{"rendered":"\n<div style=\"--media-width: 50\" class=\"wp-block-media-text alignwide has-media-on-the-right is-stacked-on-mobile is-style-hero has-background-image\"><img loading=\"lazy\" decoding=\"async\" class=\"wp-block-media-text__background\" alt=\"\" data-spai-crop=\"true\" src=\"https:\/\/mutti-parma.com\/app\/uploads\/sites\/3\/2019\/09\/texture-banner-mutti-passata.jpg\" \/><figure class=\"wp-block-media-text__media\"><img loading=\"lazy\" decoding=\"async\" width=\"410\" height=\"1024\" src=\"https:\/\/mutti-parma.com\/app\/uploads\/sites\/33\/2021\/09\/passata-700g-croatia-410x1024.png\" alt=\"\" class=\"wp-image-239 size-full\" sizes=\"(min-width: 1440px) 528px,37vw\" data-spai-crop=\"false\" srcset=\"https:\/\/mutti-parma.com\/app\/uploads\/sites\/33\/2021\/09\/passata-700g-croatia-410x1024.png 410w, https:\/\/mutti-parma.com\/app\/uploads\/sites\/33\/2021\/09\/passata-700g-croatia-200x500.png 200w, https:\/\/mutti-parma.com\/app\/uploads\/sites\/33\/2021\/09\/passata-700g-croatia-80x200.png 80w, https:\/\/mutti-parma.com\/app\/uploads\/sites\/33\/2021\/09\/passata-700g-croatia-768x1916.png 768w, https:\/\/mutti-parma.com\/app\/uploads\/sites\/33\/2021\/09\/passata-700g-croatia-150x374.png 150w, https:\/\/mutti-parma.com\/app\/uploads\/sites\/33\/2021\/09\/passata-700g-croatia-600x1497.png 600w, https:\/\/mutti-parma.com\/app\/uploads\/sites\/33\/2021\/09\/passata-700g-croatia-821x2048.png 821w, https:\/\/mutti-parma.com\/app\/uploads\/sites\/33\/2021\/09\/passata-700g-croatia.png 962w\" \/><\/figure><div class=\"wp-block-media-text__content\"><div class=\"acf-breadcrumb my-4 md:my-8 text-center md:text-left\">\n  <nav>\n  <ol class=\"list-none text-md\">\n                  <li class=\"inline\">\n                      <a class=\"text-inherit\" href=\"https:\/\/mutti-parma.com\/hr\/\">\n              Home\n            <\/a>\n                                <span aria-hidden=\"true\">\/&nbsp;<\/span>\n                  <\/li>\n                        <li class=\"inline\">\n                      <a class=\"text-inherit\" href=\"https:\/\/mutti-parma.com\/hr\/proizvodi\/\">\n              Products\n            <\/a>\n                            <\/li>\n            <\/ol>\n<\/nav>\n<\/div>\n\n\n\n<h1 class=\"has-primary-color has-text-color wp-block-heading\">Passata<\/h1>\n\n\n\n<p class=\"is-style-cursive has-xxl-font-size\">Pasirana raj\u010dica<\/p>\n\n\n\n<p>Pire od raj\u010dice zadr\u017eava sjajnu crvenu boju raj\u010dica, ima bar\u0161unastu teksturu i slatkog je okusa.<\/p>\n\n\n\n\n<div class=\"acf-characteristics\">\n  <div class=\"flex flex-wrap -m-2 justify-center sm:justify-between\">\n          <div class=\"m-2 w-24 text-center\">\n        <div style=\"height: 41px; width: 80px;\" class=\"mx-auto flex items-end justify-center mx-auto\">\n                      <img decoding=\"async\" width=\"215\" height=\"116\" src=\"https:\/\/mutti-parma.com\/app\/uploads\/sites\/3\/2020\/03\/mutti-product-icons-nordic-21.svg\" class=\"w-full wp-image-300000361 attachment-full size-full\" alt=\"\" style=\"max-height: 43px; max-width: 80px;\" loading=\"lazy\" \/>\n                  <\/div>\n        <p class=\"h6 text-inherit mt-3\">Sladak okus<\/p>\n      <\/div>\n          <div class=\"m-2 w-24 text-center\">\n        <div style=\"height: 41px; width: 80px;\" class=\"mx-auto flex items-end justify-center mx-auto\">\n                      <img decoding=\"async\" width=\"223\" height=\"169\" src=\"https:\/\/mutti-parma.com\/app\/uploads\/sites\/3\/2019\/09\/icon-characteristics-texture-velvety.svg\" class=\"w-full wp-image-300000103 attachment-full size-full\" alt=\"\" style=\"max-height: 43px; max-width: 80px;\" loading=\"lazy\" \/>\n                  <\/div>\n        <p class=\"h6 text-inherit mt-3\">Bar\u0161unasta tekstura<\/p>\n      <\/div>\n          <div class=\"m-2 w-24 text-center\">\n        <div style=\"height: 41px; width: 80px;\" class=\"mx-auto flex items-end justify-center mx-auto\">\n                      <img decoding=\"async\" width=\"300\" height=\"142\" src=\"https:\/\/mutti-parma.com\/app\/uploads\/sites\/3\/2019\/09\/icon-characteristics-cooking-time-reduced.svg\" class=\"w-full wp-image-300000111 attachment-full size-full\" alt=\"cooking sketch\" style=\"max-height: 43px; max-width: 80px;\" loading=\"lazy\" \/>\n                  <\/div>\n        <p class=\"h6 text-inherit mt-3\">Kratko vrijeme kuhanja<\/p>\n      <\/div>\n          <div class=\"m-2 w-24 text-center\">\n        <div style=\"height: 41px; width: 80px;\" class=\"mx-auto flex items-end justify-center mx-auto\">\n                      <img decoding=\"async\" width=\"90\" height=\"24\" src=\"https:\/\/mutti-parma.com\/app\/uploads\/sites\/3\/2021\/04\/icon-characteristics-color-bright-red-v2.svg\" class=\"w-full wp-image-300000417 attachment-full size-full\" alt=\"\" style=\"max-height: 43px; max-width: 80px;\" loading=\"lazy\" \/>\n                  <\/div>\n        <p class=\"h6 text-inherit mt-3\">Sjajna crvena boja<\/p>\n      <\/div>\n      <\/div>\n<\/div>\n\n\n<div class=\"acf-product-find-store\">\n  <\/div>\n<\/div><\/div>\n\n\n\n\n\n<div class=\"wp-block-media-text alignwide\" style=\"grid-template-columns:32% auto\"><figure class=\"wp-block-media-text__media\"><video\n  \n  autoplay\n  playsinline\n  muted\n  loop\n  loading=\"lazy\"\n  \n  \n  \n\n  \n      poster=\"https:\/\/mutti-parma.com\/app\/uploads\/sites\/3\/2019\/10\/product-consistency-passata-image.jpg\"\n  >\n            <source src=\"https:\/\/cdn.mutti-parma.com\/app\/uploads\/sites\/3\/2019\/10\/product-consistency-passata.mp4\" type=\"video\/mp4\">\n      <\/video>\n\n<\/figure><div class=\"wp-block-media-text__content\">\n<h2 class=\"wp-block-heading\">SAZNAJTE VI\u0160E O PASSATI<\/h2>\n\n\n\n<p class=\"is-style-cursive has-xxl-font-size\">Bar\u0161unasti pire od pasiranih raj\u010dica<\/p>\n\n\n\n<p>Pasirane raj\u010dice Mutti\u00ae&nbsp;su 100 % talijanske raj\u010dice dozrele na suncu, pretvorene u slatki, bar\u0161unasti pire uz dodatak tek malo mediteranske soli. Nakon odvajanja ko\u017ee i sjemenki, raj\u010dice se pasiraju da bi se dobila glatka, rasko\u0161na tekstura i zadr\u017eala njihova sjajna crvena boja i prirodno sladak okus. Izvanredno za marinaru, juhu od raj\u010dica ili \u010dak koktel Bloody Mary.<\/p>\n\n\n\n<div class=\"wp-block-button\"><a class=\"wp-block-button__link\" href=\"https:\/\/mutti-parma.com\/hr\/osnovna-svojstva-proizvoda-mutti\/\">USPOREDITE NA\u0160E OSNOVNE PROIZVODE<\/a><\/div>\n<\/div><\/div>\n\n\n<div\n  class=\"acf-how-is-it-made alignwide text-center \"\n  data-vue-wrapper\n  >\n      <h2>KAKO NASTAJE?<\/h2>\n  \n  <slideshow :slides-per-view=\"3\" :slides-per-view-sm=\"1\" :slides-per-view-md=\"2\" name=\"How is it made\" class=\"mb-8\">\n          <div class=\"swiper-slide \">\n        <div class=\"max-w-64 mx-auto\">\n          <div class=\"max-w-48 mx-auto\">\n                          <div class=\"responsive-embed aspect-ratio-1-1\">\n\n<video\n  \n  \n  playsinline\n  muted\n  \n  loading=\"lazy\"\n  \n  \n  \n\n      muted\n    data-play-hover\n  \n      poster=\"https:\/\/mutti-parma.com\/app\/themes\/mutti\/dist\/videos\/howisitmade\/tomato_crushed_90.png?id=e0db27768e3c24ddbc4f\"\n  >\n            <source src=\"https:\/\/cdn.mutti-parma.com\/app\/themes\/mutti\/dist\/videos\/howisitmade\/tomato_crushed_90-vp9.webm?id=d37a482b4f25ce96a387\" type=\"video\/webm;codec=vp9\">\n                <source src=\"https:\/\/cdn.mutti-parma.com\/app\/themes\/mutti\/dist\/videos\/howisitmade\/tomato_crushed_90-vp8.webm?id=a74784e02fbe7f482879\" type=\"video\/webm;codec=vp8\">\n      <\/video>\n\n  <\/div>\n                      <\/div>\n          <p>Raj\u010dice se tije\u0161te i zagrijavaju na temperaturi iznad 90 \u00b0C. Sok svake raj\u010dice odvaja se od ko\u017ee, sjemenki i celuloze pomo\u0107u centrifugalne sile.<\/p>\n<p>&nbsp;<\/p>\n<p>&nbsp;<\/p>\n\n        <\/div>\n      <\/div>\n          <div class=\"swiper-slide \">\n        <div class=\"max-w-64 mx-auto\">\n          <div class=\"max-w-48 mx-auto\">\n                          <div class=\"responsive-embed aspect-ratio-1-1\">\n\n<video\n  \n  \n  playsinline\n  muted\n  \n  loading=\"lazy\"\n  \n  \n  \n\n      muted\n    data-play-hover\n  \n      poster=\"https:\/\/mutti-parma.com\/app\/themes\/mutti\/dist\/videos\/howisitmade\/bottle_filled.png?id=328d4826f5a59bff0dc6\"\n  >\n            <source src=\"https:\/\/cdn.mutti-parma.com\/app\/themes\/mutti\/dist\/videos\/howisitmade\/bottle_filled-vp9.webm?id=1cd7dda7b934113ff6b6\" type=\"video\/webm;codec=vp9\">\n                <source src=\"https:\/\/cdn.mutti-parma.com\/app\/themes\/mutti\/dist\/videos\/howisitmade\/bottle_filled-vp8.webm?id=8dc2ef5520fbb66cbf2f\" type=\"video\/webm;codec=vp8\">\n      <\/video>\n\n  <\/div>\n                      <\/div>\n          <p><span style=\"font-weight: 400;\">Koncentriranje rafiniranih raj\u010dica izvodi se isparavanjem u vakuumu u spremnicima od nehr\u0111aju\u0107eg \u010delika. Odr\u017eavanje temperature od 65 \u00b0C poma\u017ee sa\u010duvati svojstva okusa proizvoda prije prelaska na fazu pasterizacije.<\/span><\/p>\n\n        <\/div>\n      <\/div>\n          <div class=\"swiper-slide \">\n        <div class=\"max-w-64 mx-auto\">\n          <div class=\"max-w-48 mx-auto\">\n                          <div class=\"responsive-embed aspect-ratio-1-1\">\n\n<video\n  \n  \n  playsinline\n  muted\n  \n  loading=\"lazy\"\n  \n  \n  \n\n      muted\n    data-play-hover\n  \n      poster=\"https:\/\/mutti-parma.com\/app\/themes\/mutti\/dist\/videos\/howisitmade\/bottle_2kg_1kg.png?id=43eee93fbbd408a093a6\"\n  >\n            <source src=\"https:\/\/cdn.mutti-parma.com\/app\/themes\/mutti\/dist\/videos\/howisitmade\/bottle_2kg_1kg-vp9.webm?id=3bce878f10524173e933\" type=\"video\/webm;codec=vp9\">\n                <source src=\"https:\/\/cdn.mutti-parma.com\/app\/themes\/mutti\/dist\/videos\/howisitmade\/bottle_2kg_1kg-vp8.webm?id=de88482c4e2b4c3a154f\" type=\"video\/webm;codec=vp8\">\n      <\/video>\n\n  <\/div>\n                      <\/div>\n          <p><span style=\"font-weight: 400;\">Pasirana raj\u010dica spremna je za pakiranje kada se zagrije na otprilike 92 \u00b0C radi osiguranja mikrobiolo\u0161ke stabilnosti. Boce se pune dok je pasirana raj\u010dica jo\u0161 vru\u0107a. Zatim se ostavljaju nekoliko sekundi prije nego \u0161to se na kraju hlade vodom.<\/span><\/p>\n\n        <\/div>\n      <\/div>\n      <\/slideshow>\n\n      <p class=\"is-style-cursive text-5xl\">Da biste saznali vi\u0161e o tome kako nastaju na\u0161i proizvodi<\/p>\n  \n      <h3>\n      <a href=\"\/hr\/od-polja-do-stola\/\" target=\"\">POGLEDAJTE OD POLJA DO STOLA<\/a>\n    <\/h3>\n  <\/div>\n\n\n\n\n\n\n\n<hr class=\"wp-block-separator has-css-opacity alignwide\"\/>\n\n\n<div class=\"acf-comments alignwide my-8\">\n  <div class=\"flex flex-wrap mb-4 items-center text-center sm:text-left px-0 sm:px-2 md:px-0\">\n    <h3 class=\"w-full sm:w-auto is-style-cursive text-primary my-0 leading-none\">Share and review<\/h3>\n    <div class=\"w-full sm:w-auto flex-auto mt-1 sm:ml-8\">\n          <\/div>\n\n          <div class=\"mx-auto sm:ml-0 mt-3 sm:mt-0\">\n                  <div\n  class=\"shariff\"\n  data-button-style=\"icon\"\n  data-mail-body=\"https:\/\/mutti-parma.com\/hr\/proizvodi\/passata\/\"\n  data-mail-subject=\"Passata - Mutti\"\n  data-mail-url=\"mailto:\"\n  data-media-url=\"https:\/\/mutti-parma.com\/app\/uploads\/sites\/33\/2021\/09\/passata-700g-croatia.png\"\n  data-services=\"[&#039;facebook&#039;, &#039;twitter&#039;, &#039;whatsapp&#039;, &#039;pinterest&#039;, &#039;mail&#039;]\"\n><\/div>\n              <\/div>\n      <\/div>\n\n  <div>\n                <\/div>\n<\/div>\n\n\n\n<hr class=\"wp-block-separator has-css-opacity alignwide\"\/>\n\n\n\n\n\n\n\n\n\n\n\n\n\n\n\n\n","protected":false},"excerpt":{"rendered":"","protected":false},"featured_media":239,"comment_status":"open","ping_status":"closed","template":"","product_category":[],"class_list":["post-31","product","type-product","status-publish","has-post-thumbnail","hentry"],"acf":[],"_links":{"self":[{"href":"https:\/\/mutti-parma.com\/hr\/wp-json\/wp\/v2\/product\/31","targetHints":{"allow":["GET"]}}],"collection":[{"href":"https:\/\/mutti-parma.com\/hr\/wp-json\/wp\/v2\/product"}],"about":[{"href":"https:\/\/mutti-parma.com\/hr\/wp-json\/wp\/v2\/types\/product"}],"replies":[{"embeddable":true,"href":"https:\/\/mutti-parma.com\/hr\/wp-json\/wp\/v2\/comments?post=31"}],"version-history":[{"count":21,"href":"https:\/\/mutti-parma.com\/hr\/wp-json\/wp\/v2\/product\/31\/revisions"}],"predecessor-version":[{"id":451,"href":"https:\/\/mutti-parma.com\/hr\/wp-json\/wp\/v2\/product\/31\/revisions\/451"}],"wp:featuredmedia":[{"embeddable":true,"href":"https:\/\/mutti-parma.com\/hr\/wp-json\/wp\/v2\/media\/239"}],"wp:attachment":[{"href":"https:\/\/mutti-parma.com\/hr\/wp-json\/wp\/v2\/media?parent=31"}],"wp:term":[{"taxonomy":"product_category","embeddable":true,"href":"https:\/\/mutti-parma.com\/hr\/wp-json\/wp\/v2\/product_category?post=31"}],"curies":[{"name":"wp","href":"https:\/\/api.w.org\/{rel}","templated":true}]}}