{"id":61,"date":"2021-09-15T10:21:05","date_gmt":"2021-09-15T10:21:05","guid":{"rendered":"https:\/\/mutti-parma.com\/hr\/?post_type=product&#038;p=61"},"modified":"2023-03-10T16:30:01","modified_gmt":"2023-03-10T16:30:01","slug":"polpa","status":"publish","type":"product","link":"https:\/\/mutti-parma.com\/hr\/proizvodi\/polpa\/","title":{"rendered":"Polpa"},"content":{"rendered":"\n<div style=\"--media-width: 50\" class=\"wp-block-media-text alignwide has-media-on-the-right is-stacked-on-mobile is-style-hero has-background-image\"><img loading=\"lazy\" decoding=\"async\" class=\"wp-block-media-text__background\" alt=\"\" data-spai-crop=\"true\" src=\"https:\/\/mutti-parma.com\/app\/uploads\/sites\/3\/2019\/09\/texture-banner-mutti-polpa.jpg\" \/><figure class=\"wp-block-media-text__media\"><img loading=\"lazy\" decoding=\"async\" width=\"675\" height=\"1024\" src=\"https:\/\/mutti-parma.com\/app\/uploads\/sites\/33\/2021\/09\/polpa-400g-croatia-675x1024.png\" alt=\"\" class=\"wp-image-241 size-full\" sizes=\"(min-width: 1440px) 528px,37vw\" data-spai-crop=\"false\" srcset=\"https:\/\/mutti-parma.com\/app\/uploads\/sites\/33\/2021\/09\/polpa-400g-croatia-675x1024.png 675w, https:\/\/mutti-parma.com\/app\/uploads\/sites\/33\/2021\/09\/polpa-400g-croatia-330x500.png 330w, https:\/\/mutti-parma.com\/app\/uploads\/sites\/33\/2021\/09\/polpa-400g-croatia-132x200.png 132w, https:\/\/mutti-parma.com\/app\/uploads\/sites\/33\/2021\/09\/polpa-400g-croatia-768x1165.png 768w, https:\/\/mutti-parma.com\/app\/uploads\/sites\/33\/2021\/09\/polpa-400g-croatia-150x228.png 150w, https:\/\/mutti-parma.com\/app\/uploads\/sites\/33\/2021\/09\/polpa-400g-croatia-600x910.png 600w, https:\/\/mutti-parma.com\/app\/uploads\/sites\/33\/2021\/09\/polpa-400g-croatia-1013x1536.png 1013w, https:\/\/mutti-parma.com\/app\/uploads\/sites\/33\/2021\/09\/polpa-400g-croatia.png 1200w\" \/><\/figure><div class=\"wp-block-media-text__content\"><div class=\"acf-breadcrumb my-4 md:my-8 text-center md:text-left\">\n  <nav>\n  <ol class=\"list-none text-md\">\n                  <li class=\"inline\">\n                      <a class=\"text-inherit\" href=\"https:\/\/mutti-parma.com\/hr\/\">\n              Home\n            <\/a>\n                                <span aria-hidden=\"true\">\/&nbsp;<\/span>\n                  <\/li>\n                        <li class=\"inline\">\n                      <a class=\"text-inherit\" href=\"https:\/\/mutti-parma.com\/hr\/proizvodi\/\">\n              Products\n            <\/a>\n                            <\/li>\n            <\/ol>\n<\/nav>\n<\/div>\n\n\n\n<h1 class=\"has-primary-color has-text-color wp-block-heading\">Polpa<\/h1>\n\n\n\n<p class=\"is-style-cursive has-xxl-font-size\">Sitno sjeckane raj\u010dice<\/p>\n\n\n\n<p>Na\u0161a Polpa zadr\u017eava svu svje\u017einu svje\u017ee ubranih raj\u010dica. Ovaj jedinstveni proizvod kombinacija je sitno sjeckane pulpe i soka raj\u010dica.<\/p>\n\n\n\n\n<div class=\"acf-characteristics\">\n  <div class=\"flex flex-wrap -m-2 justify-center sm:justify-between\">\n          <div class=\"m-2 w-24 text-center\">\n        <div style=\"height: 41px; width: 80px;\" class=\"mx-auto flex items-end justify-center mx-auto\">\n                      <img decoding=\"async\" width=\"300\" height=\"142\" src=\"https:\/\/mutti-parma.com\/app\/uploads\/sites\/3\/2019\/09\/icon-characteristics-cooking-time-reduced.svg\" class=\"w-full wp-image-300000111 attachment-full size-full\" alt=\"cooking sketch\" style=\"max-height: 43px; max-width: 80px;\" loading=\"lazy\" \/>\n                  <\/div>\n        <p class=\"h6 text-inherit mt-3\">Kratko i dugo vrijeme kuhanja<\/p>\n      <\/div>\n          <div class=\"m-2 w-24 text-center\">\n        <div style=\"height: 41px; width: 80px;\" class=\"mx-auto flex items-end justify-center mx-auto\">\n                      <img decoding=\"async\" width=\"90\" height=\"24\" src=\"https:\/\/mutti-parma.com\/app\/uploads\/sites\/3\/2021\/04\/icon-characteristics-color-vibrant-red-v2.svg\" class=\"w-full wp-image-300000416 attachment-full size-full\" alt=\"cooking symbol\" style=\"max-height: 43px; max-width: 80px;\" loading=\"lazy\" \/>\n                  <\/div>\n        <p class=\"h6 text-inherit mt-3\">\u017divahna Crvena Boja<\/p>\n      <\/div>\n          <div class=\"m-2 w-24 text-center\">\n        <div style=\"height: 41px; width: 80px;\" class=\"mx-auto flex items-end justify-center mx-auto\">\n                      <img decoding=\"async\" width=\"220\" height=\"168\" src=\"https:\/\/mutti-parma.com\/app\/uploads\/sites\/3\/2019\/09\/icon-characteristics-texture-rich.svg\" class=\"w-full wp-image-300000104 attachment-full size-full\" alt=\"cooking symbol\" style=\"max-height: 43px; max-width: 80px;\" loading=\"lazy\" \/>\n                  <\/div>\n        <p class=\"h6 text-inherit mt-3\">Bogata tekstura<\/p>\n      <\/div>\n          <div class=\"m-2 w-24 text-center\">\n        <div style=\"height: 41px; width: 80px;\" class=\"mx-auto flex items-end justify-center mx-auto\">\n                      <img decoding=\"async\" width=\"218\" height=\"109\" src=\"https:\/\/mutti-parma.com\/app\/uploads\/sites\/3\/2020\/03\/mutti-product-icons-nordic-26.svg\" class=\"w-full wp-image-300000357 attachment-full size-full\" alt=\"fresh\" style=\"max-height: 43px; max-width: 80px;\" loading=\"lazy\" \/>\n                  <\/div>\n        <p class=\"h6 text-inherit mt-3\">Svje\u017e okus<\/p>\n      <\/div>\n      <\/div>\n<\/div>\n\n\n<div class=\"acf-product-find-store\">\n  <\/div>\n<\/div><\/div>\n\n\n\n\n\n<div class=\"wp-block-media-text alignwide\" style=\"grid-template-columns:32% auto\"><figure class=\"wp-block-media-text__media\"><video\n  \n  autoplay\n  playsinline\n  muted\n  loop\n  loading=\"lazy\"\n  \n  \n  \n\n  \n      poster=\"https:\/\/mutti-parma.com\/app\/uploads\/sites\/3\/2019\/10\/product-consistency-polpa-image.jpg\"\n  >\n            <source src=\"https:\/\/cdn.mutti-parma.com\/app\/uploads\/sites\/3\/2019\/10\/product-consistency-polpa.mp4\" type=\"video\/mp4\">\n      <\/video>\n\n<\/figure><div class=\"wp-block-media-text__content\">\n<h2 class=\"wp-block-heading\">SAZNAJTE VI\u0160E O POLPI<\/h2>\n\n\n\n<p class=\"is-style-cursive has-xxl-font-size\">Kad god vam zatreba okus svje\u017eih raj\u010dica.<\/p>\n\n\n\n<p>Sitno sjeckane raj\u010dice Mutti\u00ae&nbsp;rade se od samo dva sastojka \u2013 100 % talijanskih raj\u010dica dozrelih na suncu iz regije Emilija i Romanja i prstohvata mediteranske morske soli. Ubrane u trenutku kada su savr\u0161eno dozrele, hladno su tije\u0161tene i prera\u0111ene prema na\u0161oj patentiranoj metodi kako bi se zadr\u017eao okus tek ubranih raj\u010dica. Toliko su svje\u017ee da ih mo\u017eete ku\u0161ati ravno iz konzerve! Izvrsne su za brzi umak od raj\u010dica, gazpacho, pa \u010dak i bruschette.<\/p>\n\n\n\n<div class=\"wp-block-button\"><a class=\"wp-block-button__link\" href=\"https:\/\/mutti-parma.com\/hr\/osnovna-svojstva-proizvoda-mutti\/\">USPOREDITE NA\u0160E OSNOVNE PROIZVODE<\/a><\/div>\n<\/div><\/div>\n\n\n<div\n  class=\"acf-how-is-it-made alignwide text-center \"\n  data-vue-wrapper\n  >\n      <h2>KAKO NASTAJE?<\/h2>\n  \n  <slideshow :slides-per-view=\"3\" :slides-per-view-sm=\"1\" :slides-per-view-md=\"2\" name=\"How is it made\" class=\"mb-8\">\n          <div class=\"swiper-slide \">\n        <div class=\"max-w-64 mx-auto\">\n          <div class=\"max-w-48 mx-auto\">\n                          <div class=\"responsive-embed aspect-ratio-1-1\">\n\n<video\n  \n  \n  playsinline\n  muted\n  \n  loading=\"lazy\"\n  \n  \n  \n\n      muted\n    data-play-hover\n  \n      poster=\"https:\/\/mutti-parma.com\/app\/themes\/mutti\/dist\/videos\/howisitmade\/tomato_crushed_20.png?id=f44ceeb902700ca85ec0\"\n  >\n            <source src=\"https:\/\/cdn.mutti-parma.com\/app\/themes\/mutti\/dist\/videos\/howisitmade\/tomato_crushed_20-vp9.webm?id=5c1bfc9de77086931558\" type=\"video\/webm;codec=vp9\">\n                <source src=\"https:\/\/cdn.mutti-parma.com\/app\/themes\/mutti\/dist\/videos\/howisitmade\/tomato_crushed_20-vp8.webm?id=b6a9f0e90ad2d2592a99\" type=\"video\/webm;codec=vp8\">\n      <\/video>\n\n  <\/div>\n                      <\/div>\n          <p><span style=\"font-weight: 400;\">Nakon faze odabira, najbolje se raj\u010dice tije\u0161te na sobnoj temperaturi (otprilike 20 \u00b0C) prema patentiranoj metodi dru\u0161tva Mutti\u00ae\u00a0\u00a0koja je do dan-danas ostala pomno \u010duvana tajna.<\/span><\/p>\n\n        <\/div>\n      <\/div>\n          <div class=\"swiper-slide \">\n        <div class=\"max-w-64 mx-auto\">\n          <div class=\"max-w-48 mx-auto\">\n                          <div class=\"responsive-embed aspect-ratio-1-1\">\n\n<video\n  \n  \n  playsinline\n  muted\n  \n  loading=\"lazy\"\n  \n  \n  \n\n      muted\n    data-play-hover\n  \n      poster=\"https:\/\/mutti-parma.com\/app\/themes\/mutti\/dist\/videos\/howisitmade\/can_filled.png?id=996d965f4d1a103f4360\"\n  >\n            <source src=\"https:\/\/cdn.mutti-parma.com\/app\/themes\/mutti\/dist\/videos\/howisitmade\/can_filled-vp9.webm?id=82ce4ba7654b899583a1\" type=\"video\/webm;codec=vp9\">\n                <source src=\"https:\/\/cdn.mutti-parma.com\/app\/themes\/mutti\/dist\/videos\/howisitmade\/can_filled-vp8.webm?id=6ddd3843de541b661a5f\" type=\"video\/webm;codec=vp8\">\n      <\/video>\n\n  <\/div>\n                      <\/div>\n          <p><span style=\"font-weight: 400;\">Konzerve se pune pulpom na temperaturi od otprilike 80 \u00b0C. Zatim se zatvaraju i\u00a0pasteriziraju\u00a0na 90 \u00b0C otprilike sat vremena.<\/span><\/p>\n\n        <\/div>\n      <\/div>\n          <div class=\"swiper-slide \">\n        <div class=\"max-w-64 mx-auto\">\n          <div class=\"max-w-48 mx-auto\">\n                          <div class=\"responsive-embed aspect-ratio-1-1\">\n\n<video\n  \n  \n  playsinline\n  muted\n  \n  loading=\"lazy\"\n  \n  \n  \n\n      muted\n    data-play-hover\n  \n      poster=\"https:\/\/mutti-parma.com\/app\/themes\/mutti\/dist\/videos\/howisitmade\/can_5kg_1kg.png?id=d295124a6d9d229a1b1d\"\n  >\n            <source src=\"https:\/\/cdn.mutti-parma.com\/app\/themes\/mutti\/dist\/videos\/howisitmade\/can_5kg_1kg-vp9.webm?id=603b339c1466a50b3590\" type=\"video\/webm;codec=vp9\">\n                <source src=\"https:\/\/cdn.mutti-parma.com\/app\/themes\/mutti\/dist\/videos\/howisitmade\/can_5kg_1kg-vp8.webm?id=937da097f5b4d6d6ba34\" type=\"video\/webm;codec=vp8\">\n      <\/video>\n\n  <\/div>\n                      <\/div>\n          <p><span style=\"font-weight: 400;\">Za 1 kg sjeckanih raj\u010dica potrebno je 5 kg svje\u017eih raj\u010dica.<\/span><\/p>\n\n        <\/div>\n      <\/div>\n      <\/slideshow>\n\n      <p class=\"is-style-cursive text-5xl\">Da biste saznali vi\u0161e o tome kako nastaju na\u0161i proizvodi<\/p>\n  \n      <h3>\n      <a href=\"\/hr\/od-polja-do-stola\/\" target=\"\">POGLEDAJTE OD POLJA DO STOLA<\/a>\n    <\/h3>\n  <\/div>\n\n\n\n\n\n\n\n<hr class=\"wp-block-separator has-css-opacity alignwide\"\/>\n\n\n<div class=\"acf-comments alignwide my-8\">\n  <div class=\"flex flex-wrap mb-4 items-center text-center sm:text-left px-0 sm:px-2 md:px-0\">\n    <h3 class=\"w-full sm:w-auto is-style-cursive text-primary my-0 leading-none\">Share and review<\/h3>\n    <div class=\"w-full sm:w-auto flex-auto mt-1 sm:ml-8\">\n          <\/div>\n\n          <div class=\"mx-auto sm:ml-0 mt-3 sm:mt-0\">\n                  <div\n  class=\"shariff\"\n  data-button-style=\"icon\"\n  data-mail-body=\"https:\/\/mutti-parma.com\/hr\/proizvodi\/polpa\/\"\n  data-mail-subject=\"Polpa - Mutti\"\n  data-mail-url=\"mailto:\"\n  data-media-url=\"https:\/\/mutti-parma.com\/app\/uploads\/sites\/33\/2021\/09\/polpa-400g-croatia.png\"\n  data-services=\"[&#039;facebook&#039;, &#039;twitter&#039;, &#039;whatsapp&#039;, &#039;pinterest&#039;, &#039;mail&#039;]\"\n><\/div>\n              <\/div>\n      <\/div>\n\n  <div>\n                <\/div>\n<\/div>\n\n\n\n<hr class=\"wp-block-separator has-css-opacity alignwide\"\/>\n\n\n\n\n\n\n\n\n\n\n\n\n\n\n\n\n","protected":false},"excerpt":{"rendered":"","protected":false},"featured_media":241,"comment_status":"open","ping_status":"closed","template":"","product_category":[],"class_list":["post-61","product","type-product","status-publish","has-post-thumbnail","hentry"],"acf":[],"_links":{"self":[{"href":"https:\/\/mutti-parma.com\/hr\/wp-json\/wp\/v2\/product\/61","targetHints":{"allow":["GET"]}}],"collection":[{"href":"https:\/\/mutti-parma.com\/hr\/wp-json\/wp\/v2\/product"}],"about":[{"href":"https:\/\/mutti-parma.com\/hr\/wp-json\/wp\/v2\/types\/product"}],"replies":[{"embeddable":true,"href":"https:\/\/mutti-parma.com\/hr\/wp-json\/wp\/v2\/comments?post=61"}],"version-history":[{"count":16,"href":"https:\/\/mutti-parma.com\/hr\/wp-json\/wp\/v2\/product\/61\/revisions"}],"predecessor-version":[{"id":443,"href":"https:\/\/mutti-parma.com\/hr\/wp-json\/wp\/v2\/product\/61\/revisions\/443"}],"wp:featuredmedia":[{"embeddable":true,"href":"https:\/\/mutti-parma.com\/hr\/wp-json\/wp\/v2\/media\/241"}],"wp:attachment":[{"href":"https:\/\/mutti-parma.com\/hr\/wp-json\/wp\/v2\/media?parent=61"}],"wp:term":[{"taxonomy":"product_category","embeddable":true,"href":"https:\/\/mutti-parma.com\/hr\/wp-json\/wp\/v2\/product_category?post=61"}],"curies":[{"name":"wp","href":"https:\/\/api.w.org\/{rel}","templated":true}]}}