{"id":67,"date":"2021-09-15T10:49:37","date_gmt":"2021-09-15T10:49:37","guid":{"rendered":"https:\/\/mutti-parma.com\/hr\/?post_type=product&#038;p=67"},"modified":"2024-11-05T13:47:19","modified_gmt":"2024-11-05T13:47:19","slug":"dvostruki-koncentrat-rajcice","status":"publish","type":"product","link":"https:\/\/mutti-parma.com\/hr\/proizvodi\/dvostruki-koncentrat-rajcice\/","title":{"rendered":"Dvostruki koncentrat raj\u010dice"},"content":{"rendered":"\n<div style=\"--media-width: 50\" class=\"wp-block-media-text alignwide has-media-on-the-right is-stacked-on-mobile is-style-hero has-background-image\"><img loading=\"lazy\" decoding=\"async\" class=\"wp-block-media-text__background\" alt=\"\" data-spai-crop=\"true\" src=\"https:\/\/mutti-parma.com\/app\/uploads\/sites\/3\/2019\/10\/detail-triplo-concentrato.jpg\" \/><div class=\"wp-block-media-text__content\"><div class=\"acf-breadcrumb my-4 md:my-8 text-center md:text-left\">\n  <nav>\n  <ol class=\"list-none text-md\">\n                  <li class=\"inline\">\n                      <a class=\"text-inherit\" href=\"https:\/\/mutti-parma.com\/hr\/\">\n              Home\n            <\/a>\n                                <span aria-hidden=\"true\">\/&nbsp;<\/span>\n                  <\/li>\n                        <li class=\"inline\">\n                      <a class=\"text-inherit\" href=\"https:\/\/mutti-parma.com\/hr\/proizvodi\/\">\n              Products\n            <\/a>\n                            <\/li>\n            <\/ol>\n<\/nav>\n<\/div>\n\n\n\n<h1 class=\"wp-block-heading has-primary-color has-text-color\">Dvostruki koncentrat raj\u010dice<\/h1>\n\n\n\n<p class=\"is-style-cursive has-xxl-font-size\">Koncentrat raj\u010dice<\/p>\n\n\n\n<p>Kada vam je potreban jak i intenzivan okus raj\u010dice, pasta s koncentratom raj\u010dice va\u0161 je izbor. Sjajno se sla\u017ee s na\u0161im drugim proizvodima ako \u017eelite poja\u010dati okus i teksturu raj\u010dice.<\/p>\n\n\n\n\n<div class=\"acf-characteristics\">\n  <div class=\"flex flex-wrap -m-2 justify-center sm:justify-between\">\n          <div class=\"m-2 w-24 text-center\">\n        <div style=\"height: 41px; width: 80px;\" class=\"mx-auto flex items-end justify-center mx-auto\">\n                      <img decoding=\"async\" width=\"300\" height=\"142\" src=\"https:\/\/mutti-parma.com\/app\/uploads\/sites\/3\/2019\/09\/icon-characteristics-cooking-time-reduced.svg\" class=\"w-full wp-image-300000111 attachment-full size-full\" alt=\"cooking sketch\" style=\"max-height: 43px; max-width: 80px;\" loading=\"lazy\" \/>\n                  <\/div>\n        <p class=\"h6 text-inherit mt-3\">Kratko i dugo vrijeme kuhanja<\/p>\n      <\/div>\n          <div class=\"m-2 w-24 text-center\">\n        <div style=\"height: 41px; width: 80px;\" class=\"mx-auto flex items-end justify-center mx-auto\">\n                      <img decoding=\"async\" width=\"217\" height=\"166\" src=\"https:\/\/mutti-parma.com\/app\/uploads\/sites\/3\/2019\/09\/icon-characteristics-texture-dense.svg\" class=\"w-full wp-image-300000105 attachment-full size-full\" alt=\"cooking sketch\" style=\"max-height: 43px; max-width: 80px;\" loading=\"lazy\" \/>\n                  <\/div>\n        <p class=\"h6 text-inherit mt-3\">Bogata i koncentrirana tekstura<\/p>\n      <\/div>\n          <div class=\"m-2 w-24 text-center\">\n        <div style=\"height: 41px; width: 80px;\" class=\"mx-auto flex items-end justify-center mx-auto\">\n                      <img decoding=\"async\" width=\"295\" height=\"80\" src=\"https:\/\/mutti-parma.com\/app\/uploads\/sites\/3\/2019\/09\/icon-characteristics-color-intense-red.svg\" class=\"w-full wp-image-300000114 attachment-full size-full\" alt=\"cooking sketch\" style=\"max-height: 43px; max-width: 80px;\" loading=\"lazy\" \/>\n                  <\/div>\n        <p class=\"h6 text-inherit mt-3\">Intenzivna crvena boja<\/p>\n      <\/div>\n          <div class=\"m-2 w-24 text-center\">\n        <div style=\"height: 41px; width: 80px;\" class=\"mx-auto flex items-end justify-center mx-auto\">\n                      <img decoding=\"async\" width=\"212\" height=\"95\" src=\"https:\/\/mutti-parma.com\/app\/uploads\/sites\/3\/2020\/03\/mutti-product-icons-nordic-23.svg\" class=\"w-full wp-image-300000360 attachment-full size-full\" alt=\"bold\" style=\"max-height: 43px; max-width: 80px;\" loading=\"lazy\" \/>\n                  <\/div>\n        <p class=\"h6 text-inherit mt-3\">Intenzivan okus<\/p>\n      <\/div>\n      <\/div>\n<\/div>\n\n\n<div class=\"acf-product-find-store\">\n  <\/div>\n<\/div><figure class=\"wp-block-media-text__media\"><img loading=\"lazy\" decoding=\"async\" width=\"331\" height=\"1024\" src=\"https:\/\/mutti-parma.com\/app\/uploads\/sites\/33\/2021\/09\/dcp-130g-croatia-331x1024.png\" alt=\"\" class=\"wp-image-245 size-full\" sizes=\"(min-width: 1440px) 528px,37vw\" data-spai-crop=\"false\" srcset=\"https:\/\/mutti-parma.com\/app\/uploads\/sites\/33\/2021\/09\/dcp-130g-croatia-331x1024.png 331w, https:\/\/mutti-parma.com\/app\/uploads\/sites\/33\/2021\/09\/dcp-130g-croatia-65x200.png 65w, https:\/\/mutti-parma.com\/app\/uploads\/sites\/33\/2021\/09\/dcp-130g-croatia-768x2378.png 768w, https:\/\/mutti-parma.com\/app\/uploads\/sites\/33\/2021\/09\/dcp-130g-croatia-150x465.png 150w, https:\/\/mutti-parma.com\/app\/uploads\/sites\/33\/2021\/09\/dcp-130g-croatia-600x1858.png 600w, https:\/\/mutti-parma.com\/app\/uploads\/sites\/33\/2021\/09\/dcp-130g-croatia-496x1536.png 496w, https:\/\/mutti-parma.com\/app\/uploads\/sites\/33\/2021\/09\/dcp-130g-croatia.png 775w\" \/><\/figure><\/div>\n\n\n\n\n\n<div class=\"wp-block-media-text alignwide\" style=\"grid-template-columns:32% auto\"><figure class=\"wp-block-media-text__media\"><video\n  \n  autoplay\n  playsinline\n  muted\n  loop\n  loading=\"lazy\"\n  \n  \n  \n\n  \n      poster=\"https:\/\/mutti-parma.com\/app\/uploads\/sites\/3\/2019\/10\/product-consistency-puree-image.jpg\"\n  >\n            <source src=\"https:\/\/cdn.mutti-parma.com\/app\/uploads\/sites\/3\/2019\/10\/product-consistency-puree.mp4\" type=\"video\/mp4\">\n      <\/video>\n\n<\/figure><div class=\"wp-block-media-text__content\">\n<h2 class=\"wp-block-heading\">SAZNAJTE VI\u0160E O KONCENTRATU<\/h2>\n\n\n\n<p class=\"is-style-cursive has-xxl-font-size\">Intenzivna esencija raj\u010dice<\/p>\n\n\n\n<p>Dvostruki koncentrat idealan je za oboga\u0107ivanje jela dodatnom bojom, okusom i teksturom. Posebno je prikladan za jela koja zahtijevaju dugo vrijeme kuhanja, poput ragua, gula\u0161a i slo\u017eenaca. Idealan je i za jela koja se kratko kuhaju, primjerice za pripremu umaka za tjesteninu u \u017eurbi ili za umake sa strane. Za 1 kg dvostrukog koncentrata potrebno je 5,6 kg svje\u017eih raj\u010dica.<\/p>\n\n\n\n<div class=\"wp-block-button\"><a class=\"wp-block-button__link wp-element-button\" href=\"https:\/\/mutti-parma.com\/hr\/osnovna-svojstva-proizvoda-mutti\/\">USPOREDITE NA\u0160E OSNOVNE PROIZVODE<\/a><\/div>\n<\/div><\/div>\n\n\n<div\n  class=\"acf-how-is-it-made alignwide text-center \"\n  data-vue-wrapper\n  >\n      <h2>KAKO NASTAJE?<\/h2>\n  \n  <slideshow :slides-per-view=\"3\" :slides-per-view-sm=\"1\" :slides-per-view-md=\"2\" name=\"How is it made\" class=\"mb-8\">\n          <div class=\"swiper-slide \">\n        <div class=\"max-w-64 mx-auto\">\n          <div class=\"max-w-48 mx-auto\">\n                          <div class=\"responsive-embed aspect-ratio-1-1\">\n\n<video\n  \n  \n  playsinline\n  muted\n  \n  loading=\"lazy\"\n  \n  \n  \n\n      muted\n    data-play-hover\n  \n      poster=\"https:\/\/mutti-parma.com\/app\/themes\/mutti\/dist\/videos\/howisitmade\/tomato_crushed_65.png?id=dd1662ac5bc1af9b8222\"\n  >\n            <source src=\"https:\/\/cdn.mutti-parma.com\/app\/themes\/mutti\/dist\/videos\/howisitmade\/tomato_crushed_65-vp9.webm?id=c52110d42f2804952f41\" type=\"video\/webm;codec=vp9\">\n                <source src=\"https:\/\/cdn.mutti-parma.com\/app\/themes\/mutti\/dist\/videos\/howisitmade\/tomato_crushed_65-vp8.webm?id=7d803053c714aa679c66\" type=\"video\/webm;codec=vp8\">\n      <\/video>\n\n  <\/div>\n                      <\/div>\n          <p><span style=\"font-weight: 400;\">Nakon faze odabira, najbolje raj\u010dice tije\u0161te se i zagrijavaju na otprilike 65 \u00b0C. Sok se odvaja od ko\u017ee, sjemenki i celuloze pomo\u0107u centrifugalne sile.<\/span><\/p>\n\n        <\/div>\n      <\/div>\n          <div class=\"swiper-slide \">\n        <div class=\"max-w-64 mx-auto\">\n          <div class=\"max-w-48 mx-auto\">\n                          <div class=\"responsive-embed aspect-ratio-1-1\">\n\n<video\n  \n  \n  playsinline\n  muted\n  \n  loading=\"lazy\"\n  \n  \n  \n\n      muted\n    data-play-hover\n  \n      poster=\"https:\/\/mutti-parma.com\/app\/themes\/mutti\/dist\/videos\/howisitmade\/tube_filled.png?id=822a3131eb03330b6c7c\"\n  >\n            <source src=\"https:\/\/cdn.mutti-parma.com\/app\/themes\/mutti\/dist\/videos\/howisitmade\/tube_filled-vp9.webm?id=54521b810fd4eb55ce27\" type=\"video\/webm;codec=vp9\">\n                <source src=\"https:\/\/cdn.mutti-parma.com\/app\/themes\/mutti\/dist\/videos\/howisitmade\/tube_filled-vp8.webm?id=e048c9ec3424b773aa8a\" type=\"video\/webm;codec=vp8\">\n      <\/video>\n\n  <\/div>\n                      <\/div>\n          <p><span style=\"font-weight: 400;\">Koncentriranje se izvodi isparavanjem u vakuumu u spremnicima od nehr\u0111aju\u0107eg \u010delika. Odr\u017eavanje temperature od 65 \u00b0C poma\u017ee sa\u010duvati svojstva okusa proizvoda prije prelaska na fazu pasterizacije.<\/span><\/p>\n\n        <\/div>\n      <\/div>\n          <div class=\"swiper-slide \">\n        <div class=\"max-w-64 mx-auto\">\n          <div class=\"max-w-48 mx-auto\">\n                          <div class=\"responsive-embed aspect-ratio-1-1\">\n\n<video\n  \n  \n  playsinline\n  muted\n  \n  loading=\"lazy\"\n  \n  \n  \n\n      muted\n    data-play-hover\n  \n      poster=\"https:\/\/mutti-parma.com\/app\/themes\/mutti\/dist\/videos\/howisitmade\/tube_5-6kg_1kg.png?id=e01acb3e9ed2f2dfbeb9\"\n  >\n            <source src=\"https:\/\/cdn.mutti-parma.com\/app\/themes\/mutti\/dist\/videos\/howisitmade\/tube_5-6kg_1kg-vp9.webm?id=28b97429875906805d76\" type=\"video\/webm;codec=vp9\">\n                <source src=\"https:\/\/cdn.mutti-parma.com\/app\/themes\/mutti\/dist\/videos\/howisitmade\/tube_5-6kg_1kg-vp8.webm?id=bca7c8cc4c21fa6a29a1\" type=\"video\/webm;codec=vp8\">\n      <\/video>\n\n  <\/div>\n                      <\/div>\n          <p><span style=\"font-weight: 400;\">Koncentrat je spreman za pakiranje kada se najprije zagrije na otprilike 92 \u00b0C radi osiguranja mikrobiolo\u0161ke stabilnosti. Prazna ambala\u017ea obra\u0111uje se parom radi uklanjanja ne\u010disto\u0107a. Nakon punjenja, hladi se vodom.<\/span><\/p>\n\n        <\/div>\n      <\/div>\n      <\/slideshow>\n\n      <p class=\"is-style-cursive text-5xl\">Da biste saznali vi\u0161e o tome kako nastaju na\u0161i proizvodi<\/p>\n  \n      <h3>\n      <a href=\"\/hr\/od-polja-do-stola\/\" target=\"\">POGLEDAJTE OD POLJA DO STOLA<\/a>\n    <\/h3>\n  <\/div>\n\n\n\n\n\n\n\n<hr class=\"wp-block-separator has-css-opacity alignwide\"\/>\n\n\n<div class=\"acf-comments alignwide my-8\">\n  <div class=\"flex flex-wrap mb-4 items-center text-center sm:text-left px-0 sm:px-2 md:px-0\">\n    <h3 class=\"w-full sm:w-auto is-style-cursive text-primary my-0 leading-none\">Share and review<\/h3>\n    <div class=\"w-full sm:w-auto flex-auto mt-1 sm:ml-8\">\n          <\/div>\n\n          <div class=\"mx-auto sm:ml-0 mt-3 sm:mt-0\">\n                  <div\n  class=\"shariff\"\n  data-button-style=\"icon\"\n  data-mail-body=\"https:\/\/mutti-parma.com\/hr\/proizvodi\/dvostruki-koncentrat-rajcice\/\"\n  data-mail-subject=\"Dvostruki koncentrat raj\u010dice - Mutti\"\n  data-mail-url=\"mailto:\"\n  data-media-url=\"https:\/\/mutti-parma.com\/app\/uploads\/sites\/33\/2021\/09\/dcp-130g-croatia.png\"\n  data-services=\"[&#039;facebook&#039;, &#039;twitter&#039;, &#039;whatsapp&#039;, &#039;pinterest&#039;, &#039;mail&#039;]\"\n><\/div>\n              <\/div>\n      <\/div>\n\n  <div>\n                <\/div>\n<\/div>\n\n\n\n<hr class=\"wp-block-separator has-css-opacity alignwide\"\/>\n\n\n\n\n\n\n\n\n\n\n\n\n\n\n\n\n","protected":false},"excerpt":{"rendered":"","protected":false},"featured_media":245,"comment_status":"open","ping_status":"closed","template":"","product_category":[],"class_list":["post-67","product","type-product","status-publish","has-post-thumbnail","hentry"],"acf":[],"_links":{"self":[{"href":"https:\/\/mutti-parma.com\/hr\/wp-json\/wp\/v2\/product\/67","targetHints":{"allow":["GET"]}}],"collection":[{"href":"https:\/\/mutti-parma.com\/hr\/wp-json\/wp\/v2\/product"}],"about":[{"href":"https:\/\/mutti-parma.com\/hr\/wp-json\/wp\/v2\/types\/product"}],"replies":[{"embeddable":true,"href":"https:\/\/mutti-parma.com\/hr\/wp-json\/wp\/v2\/comments?post=67"}],"version-history":[{"count":18,"href":"https:\/\/mutti-parma.com\/hr\/wp-json\/wp\/v2\/product\/67\/revisions"}],"predecessor-version":[{"id":552,"href":"https:\/\/mutti-parma.com\/hr\/wp-json\/wp\/v2\/product\/67\/revisions\/552"}],"wp:featuredmedia":[{"embeddable":true,"href":"https:\/\/mutti-parma.com\/hr\/wp-json\/wp\/v2\/media\/245"}],"wp:attachment":[{"href":"https:\/\/mutti-parma.com\/hr\/wp-json\/wp\/v2\/media?parent=67"}],"wp:term":[{"taxonomy":"product_category","embeddable":true,"href":"https:\/\/mutti-parma.com\/hr\/wp-json\/wp\/v2\/product_category?post=67"}],"curies":[{"name":"wp","href":"https:\/\/api.w.org\/{rel}","templated":true}]}}