{"id":74,"date":"2021-09-15T10:58:34","date_gmt":"2021-09-15T10:58:34","guid":{"rendered":"https:\/\/mutti-parma.com\/hr\/?post_type=product&#038;p=74"},"modified":"2023-03-10T16:31:41","modified_gmt":"2023-03-10T16:31:41","slug":"pelati","status":"publish","type":"product","link":"https:\/\/mutti-parma.com\/hr\/proizvodi\/pelati\/","title":{"rendered":"Pelati"},"content":{"rendered":"\n<div style=\"--media-width: 50\" class=\"wp-block-media-text alignwide has-media-on-the-right is-stacked-on-mobile is-style-hero has-background-image\"><img loading=\"lazy\" decoding=\"async\" class=\"wp-block-media-text__background\" alt=\"\" data-spai-crop=\"true\" src=\"https:\/\/mutti-parma.com\/app\/uploads\/sites\/3\/2019\/09\/texture-banner-mutti-pelati.jpg\" \/><figure class=\"wp-block-media-text__media\"><img loading=\"lazy\" decoding=\"async\" width=\"675\" height=\"1024\" src=\"https:\/\/mutti-parma.com\/app\/uploads\/sites\/33\/2021\/09\/pelati-400g-croatia-675x1024.png\" alt=\"\" class=\"wp-image-247 size-full\" sizes=\"(min-width: 1440px) 528px,37vw\" data-spai-crop=\"false\" srcset=\"https:\/\/mutti-parma.com\/app\/uploads\/sites\/33\/2021\/09\/pelati-400g-croatia-675x1024.png 675w, https:\/\/mutti-parma.com\/app\/uploads\/sites\/33\/2021\/09\/pelati-400g-croatia-330x500.png 330w, https:\/\/mutti-parma.com\/app\/uploads\/sites\/33\/2021\/09\/pelati-400g-croatia-132x200.png 132w, https:\/\/mutti-parma.com\/app\/uploads\/sites\/33\/2021\/09\/pelati-400g-croatia-768x1165.png 768w, https:\/\/mutti-parma.com\/app\/uploads\/sites\/33\/2021\/09\/pelati-400g-croatia-150x228.png 150w, https:\/\/mutti-parma.com\/app\/uploads\/sites\/33\/2021\/09\/pelati-400g-croatia-600x910.png 600w, https:\/\/mutti-parma.com\/app\/uploads\/sites\/33\/2021\/09\/pelati-400g-croatia-1013x1536.png 1013w, https:\/\/mutti-parma.com\/app\/uploads\/sites\/33\/2021\/09\/pelati-400g-croatia.png 1200w\" \/><\/figure><div class=\"wp-block-media-text__content\"><div class=\"acf-breadcrumb my-4 md:my-8 text-center md:text-left\">\n  <nav>\n  <ol class=\"list-none text-md\">\n                  <li class=\"inline\">\n                      <a class=\"text-inherit\" href=\"https:\/\/mutti-parma.com\/hr\/\">\n              Home\n            <\/a>\n                                <span aria-hidden=\"true\">\/&nbsp;<\/span>\n                  <\/li>\n                        <li class=\"inline\">\n                      <a class=\"text-inherit\" href=\"https:\/\/mutti-parma.com\/hr\/proizvodi\/\">\n              Products\n            <\/a>\n                            <\/li>\n            <\/ol>\n<\/nav>\n<\/div>\n\n\n\n<h1 class=\"has-primary-color has-text-color wp-block-heading\">Pelati<\/h1>\n\n\n\n<p class=\"is-style-cursive has-xxl-font-size\">Oguljene raj\u010dice<\/p>\n\n\n\n<p>Oguljene raj\u010dice izda\u0161no su mesnate i \u010dvrste. Najprije im se uklanja ko\u017ea, a zatim se uranjaju u ukusnu, bar\u0161unastu pasiranu raj\u010dicu.<\/p>\n\n\n\n\n<div class=\"acf-characteristics\">\n  <div class=\"flex flex-wrap -m-2 justify-center sm:justify-between\">\n          <div class=\"m-2 w-24 text-center\">\n        <div style=\"height: 41px; width: 80px;\" class=\"mx-auto flex items-end justify-center mx-auto\">\n                      <img decoding=\"async\" width=\"300\" height=\"80\" src=\"https:\/\/mutti-parma.com\/app\/uploads\/sites\/3\/2019\/09\/icon-characteristics-color-bright-red.svg\" class=\"w-full wp-image-300000115 attachment-full size-full\" alt=\"\" style=\"max-height: 43px; max-width: 80px;\" loading=\"lazy\" \/>\n                  <\/div>\n        <p class=\"h6 text-inherit mt-3\">Prirodna crvena boja<\/p>\n      <\/div>\n          <div class=\"m-2 w-24 text-center\">\n        <div style=\"height: 41px; width: 80px;\" class=\"mx-auto flex items-end justify-center mx-auto\">\n                      <img decoding=\"async\" width=\"216\" height=\"83\" src=\"https:\/\/mutti-parma.com\/app\/uploads\/sites\/3\/2020\/03\/mutti-product-icons-nordic-25.svg\" class=\"w-full wp-image-300000358 attachment-full size-full\" alt=\"delicate\" style=\"max-height: 43px; max-width: 80px;\" loading=\"lazy\" \/>\n                  <\/div>\n        <p class=\"h6 text-inherit mt-3\">Delikatan okus<\/p>\n      <\/div>\n          <div class=\"m-2 w-24 text-center\">\n        <div style=\"height: 41px; width: 80px;\" class=\"mx-auto flex items-end justify-center mx-auto\">\n                      <img decoding=\"async\" width=\"300\" height=\"154\" src=\"https:\/\/mutti-parma.com\/app\/uploads\/sites\/3\/2019\/09\/icon-characteristics-cooking-time-long.svg\" class=\"w-full wp-image-300000112 attachment-full size-full\" alt=\"\" style=\"max-height: 43px; max-width: 80px;\" loading=\"lazy\" \/>\n                  <\/div>\n        <p class=\"h6 text-inherit mt-3\">Dugo vrijeme kuhanja<\/p>\n      <\/div>\n          <div class=\"m-2 w-24 text-center\">\n        <div style=\"height: 41px; width: 80px;\" class=\"mx-auto flex items-end justify-center mx-auto\">\n                      <img decoding=\"async\" width=\"223\" height=\"169\" src=\"https:\/\/mutti-parma.com\/app\/uploads\/sites\/3\/2019\/10\/mutti-product-icons-firm-and-fleshy.svg\" class=\"w-full wp-image-300000259 attachment-full size-full\" alt=\"\" style=\"max-height: 43px; max-width: 80px;\" loading=\"lazy\" \/>\n                  <\/div>\n        <p class=\"h6 text-inherit mt-3\">\u010cvrsta, mesnata tekstura<\/p>\n      <\/div>\n      <\/div>\n<\/div>\n\n\n<div class=\"acf-product-find-store\">\n  <\/div>\n<\/div><\/div>\n\n\n\n\n\n<div class=\"wp-block-media-text alignwide\" style=\"grid-template-columns:32% auto\"><figure class=\"wp-block-media-text__media\"><video\n  \n  autoplay\n  playsinline\n  muted\n  loop\n  loading=\"lazy\"\n  \n  \n  \n\n  \n      poster=\"https:\/\/mutti-parma.com\/app\/uploads\/sites\/3\/2019\/10\/product-consistency-pelati-image.jpg\"\n  >\n            <source src=\"https:\/\/cdn.mutti-parma.com\/app\/uploads\/sites\/3\/2019\/10\/product-consistency-pelati.mp4\" type=\"video\/mp4\">\n      <\/video>\n\n<\/figure><div class=\"wp-block-media-text__content\">\n<h2 class=\"wp-block-heading\">SAZNAJTE VI\u0160E O PELATIMA<\/h2>\n\n\n\n<p class=\"is-style-cursive has-xxl-font-size\">\u010cvrste i mesnate, oguljene raj\u010dice u komadu<\/p>\n\n\n\n<p>Oguljene cjelovite raj\u010dice Mutti\u00ae&nbsp;puna\u0161ne su, \u010dvrste i svestrane. Ove, na suncu dozrele 100 % talijanske raj\u010dice, delikatnog su okusa, guste teksture i prirodne crvene boje.&nbsp;Brzo se pretvaraju u teku\u0107inu tijekom kuhanja jer sadr\u017ee samo raj\u010dice i sok od raj\u010dica, bez aditiva ili konzervansa.&nbsp;Idealni su za \u0161iroku lepezu recepata, od juha do gula\u0161a i umaka. Upotrebljavajte ih za marinaru, pizzu napoletanu ili sendvi\u010d sa slaninom, zelenom salatom i raj\u010dicom.<\/p>\n\n\n\n<div class=\"wp-block-button\"><a class=\"wp-block-button__link\" href=\"https:\/\/mutti-parma.com\/hr\/osnovna-svojstva-proizvoda-mutti\/\">USPOREDITE NA\u0160E OSNOVNE PROIZVODE<\/a><\/div>\n<\/div><\/div>\n\n\n<div\n  class=\"acf-how-is-it-made alignwide text-center \"\n  data-vue-wrapper\n  >\n      <h2>KAKO NASTAJE?<\/h2>\n  \n  <slideshow :slides-per-view=\"3\" :slides-per-view-sm=\"1\" :slides-per-view-md=\"2\" name=\"How is it made\" class=\"mb-8\">\n          <div class=\"swiper-slide \">\n        <div class=\"max-w-64 mx-auto\">\n          <div class=\"max-w-48 mx-auto\">\n                          <div class=\"responsive-embed aspect-ratio-1-1\">\n\n<video\n  \n  \n  playsinline\n  muted\n  \n  loading=\"lazy\"\n  \n  \n  \n\n      muted\n    data-play-hover\n  \n      poster=\"https:\/\/mutti-parma.com\/app\/themes\/mutti\/dist\/videos\/howisitmade\/tomato_steamed.png?id=20a8297006f6c1af50dc\"\n  >\n            <source src=\"https:\/\/cdn.mutti-parma.com\/app\/themes\/mutti\/dist\/videos\/howisitmade\/tomato_steamed-vp9.webm?id=ac8307a248706fddcf73\" type=\"video\/webm;codec=vp9\">\n                <source src=\"https:\/\/cdn.mutti-parma.com\/app\/themes\/mutti\/dist\/videos\/howisitmade\/tomato_steamed-vp8.webm?id=38abab52ada707ef31d2\" type=\"video\/webm;codec=vp8\">\n      <\/video>\n\n  <\/div>\n                      <\/div>\n          <p><span style=\"font-weight: 400;\">Ko\u017ea s raj\u010dica nje\u017eno se uklanja na pari. Raj\u010dice se potom prebacuju u bar\u0161unasti umak i pakiraju u konzerve da bi se sa\u010duvala njihova svje\u017eina.<\/span><\/p>\n\n        <\/div>\n      <\/div>\n      <\/slideshow>\n\n      <p class=\"is-style-cursive text-5xl\">Da biste saznali vi\u0161e o tome kako nastaju na\u0161i proizvodi<\/p>\n  \n      <h3>\n      <a href=\"\/hr\/od-polja-do-stola\/\" target=\"\">POGLEDAJTE OD POLJA DO STOLA<\/a>\n    <\/h3>\n  <\/div>\n\n\n\n\n\n\n\n<hr class=\"wp-block-separator has-css-opacity alignwide\"\/>\n\n\n<div class=\"acf-comments alignwide my-8\">\n  <div class=\"flex flex-wrap mb-4 items-center text-center sm:text-left px-0 sm:px-2 md:px-0\">\n    <h3 class=\"w-full sm:w-auto is-style-cursive text-primary my-0 leading-none\">Share and review<\/h3>\n    <div class=\"w-full sm:w-auto flex-auto mt-1 sm:ml-8\">\n          <\/div>\n\n          <div class=\"mx-auto sm:ml-0 mt-3 sm:mt-0\">\n                  <div\n  class=\"shariff\"\n  data-button-style=\"icon\"\n  data-mail-body=\"https:\/\/mutti-parma.com\/hr\/proizvodi\/pelati\/\"\n  data-mail-subject=\"Pelati - Mutti\"\n  data-mail-url=\"mailto:\"\n  data-media-url=\"https:\/\/mutti-parma.com\/app\/uploads\/sites\/33\/2021\/09\/pelati-400g-croatia.png\"\n  data-services=\"[&#039;facebook&#039;, &#039;twitter&#039;, &#039;whatsapp&#039;, &#039;pinterest&#039;, &#039;mail&#039;]\"\n><\/div>\n              <\/div>\n      <\/div>\n\n  <div>\n                <\/div>\n<\/div>\n\n\n\n<hr class=\"wp-block-separator has-css-opacity alignwide\"\/>\n\n\n\n\n\n\n\n\n\n\n\n\n\n\n\n\n","protected":false},"excerpt":{"rendered":"","protected":false},"featured_media":247,"comment_status":"open","ping_status":"closed","template":"","product_category":[],"class_list":["post-74","product","type-product","status-publish","has-post-thumbnail","hentry"],"acf":[],"_links":{"self":[{"href":"https:\/\/mutti-parma.com\/hr\/wp-json\/wp\/v2\/product\/74","targetHints":{"allow":["GET"]}}],"collection":[{"href":"https:\/\/mutti-parma.com\/hr\/wp-json\/wp\/v2\/product"}],"about":[{"href":"https:\/\/mutti-parma.com\/hr\/wp-json\/wp\/v2\/types\/product"}],"replies":[{"embeddable":true,"href":"https:\/\/mutti-parma.com\/hr\/wp-json\/wp\/v2\/comments?post=74"}],"version-history":[{"count":12,"href":"https:\/\/mutti-parma.com\/hr\/wp-json\/wp\/v2\/product\/74\/revisions"}],"predecessor-version":[{"id":455,"href":"https:\/\/mutti-parma.com\/hr\/wp-json\/wp\/v2\/product\/74\/revisions\/455"}],"wp:featuredmedia":[{"embeddable":true,"href":"https:\/\/mutti-parma.com\/hr\/wp-json\/wp\/v2\/media\/247"}],"wp:attachment":[{"href":"https:\/\/mutti-parma.com\/hr\/wp-json\/wp\/v2\/media?parent=74"}],"wp:term":[{"taxonomy":"product_category","embeddable":true,"href":"https:\/\/mutti-parma.com\/hr\/wp-json\/wp\/v2\/product_category?post=74"}],"curies":[{"name":"wp","href":"https:\/\/api.w.org\/{rel}","templated":true}]}}