{"id":80,"date":"2021-09-15T11:14:45","date_gmt":"2021-09-15T11:14:45","guid":{"rendered":"https:\/\/mutti-parma.com\/hr\/?post_type=product&#038;p=80"},"modified":"2021-09-21T12:41:22","modified_gmt":"2021-09-21T12:41:22","slug":"pizza-sauce-aromatica","status":"publish","type":"product","link":"https:\/\/mutti-parma.com\/hr\/proizvodi\/pizza-sauce-aromatica\/","title":{"rendered":"Pizza Sauce Aromatica"},"content":{"rendered":"\n<div style=\"--media-width: 50\" class=\"wp-block-media-text alignwide has-media-on-the-right is-stacked-on-mobile is-style-hero has-background-image\"><img loading=\"lazy\" decoding=\"async\" class=\"wp-block-media-text__background\" alt=\"\" data-spai-crop=\"true\" src=\"https:\/\/mutti-parma.com\/app\/uploads\/sites\/3\/2019\/09\/texture-banner-mutti-pizza-sauce.jpg\" \/><figure class=\"wp-block-media-text__media\"><img loading=\"lazy\" decoding=\"async\" width=\"675\" height=\"1024\" src=\"https:\/\/mutti-parma.com\/app\/uploads\/sites\/33\/2021\/09\/pizza-sauce-400g-croatia-675x1024.png\" alt=\"\" class=\"wp-image-236 size-full\" sizes=\"(min-width: 1440px) 528px,37vw\" data-spai-crop=\"false\" srcset=\"https:\/\/mutti-parma.com\/app\/uploads\/sites\/33\/2021\/09\/pizza-sauce-400g-croatia-675x1024.png 675w, https:\/\/mutti-parma.com\/app\/uploads\/sites\/33\/2021\/09\/pizza-sauce-400g-croatia-330x500.png 330w, https:\/\/mutti-parma.com\/app\/uploads\/sites\/33\/2021\/09\/pizza-sauce-400g-croatia-132x200.png 132w, https:\/\/mutti-parma.com\/app\/uploads\/sites\/33\/2021\/09\/pizza-sauce-400g-croatia-768x1165.png 768w, https:\/\/mutti-parma.com\/app\/uploads\/sites\/33\/2021\/09\/pizza-sauce-400g-croatia-150x228.png 150w, https:\/\/mutti-parma.com\/app\/uploads\/sites\/33\/2021\/09\/pizza-sauce-400g-croatia-600x910.png 600w, https:\/\/mutti-parma.com\/app\/uploads\/sites\/33\/2021\/09\/pizza-sauce-400g-croatia-1013x1536.png 1013w, https:\/\/mutti-parma.com\/app\/uploads\/sites\/33\/2021\/09\/pizza-sauce-400g-croatia.png 1200w\" \/><\/figure><div class=\"wp-block-media-text__content\"><div class=\"acf-breadcrumb my-4 md:my-8 text-center md:text-left\">\n  <nav>\n  <ol class=\"list-none text-md\">\n                  <li class=\"inline\">\n                      <a class=\"text-inherit\" href=\"https:\/\/mutti-parma.com\/hr\/\">\n              Home\n            <\/a>\n                                <span aria-hidden=\"true\">\/&nbsp;<\/span>\n                  <\/li>\n                        <li class=\"inline\">\n                      <a class=\"text-inherit\" href=\"https:\/\/mutti-parma.com\/hr\/proizvodi\/\">\n              Products\n            <\/a>\n                            <\/li>\n            <\/ol>\n<\/nav>\n<\/div>\n\n\n\n<h1 class=\"has-primary-color has-text-color wp-block-heading\">Pizza Sauce Aromatica<\/h1>\n\n\n\n<p class=\"is-style-cursive has-xxl-font-size\">Aromati\u010dni umak za pizzu<\/p>\n\n\n\n<p>Ovaj umak za pizzu bogata je kombinacija na suncu dozrelih 100 % talijanskih raj\u010dica i tradicionalnih sastojaka: aromati\u010dnog bosiljka, origana i luka. Ravnomjerno se razmazuje po pizzi kojoj daje zamamnu aromu te intenzivnu boju i okus. Vlasnici restorana koji tra\u017ee dobru konzistenciju u kombinaciji s autenti\u010dnim okusom umaka za pizzu biraju Mutti Pizza Sauce Aromatica da bi imali zadovoljne klijente.<br><br>Dostupan u pakiranjima od 400 g, 2 x 210 g i 2 x 400 g.<\/p>\n\n\n\n\n<div class=\"acf-characteristics\">\n  <div class=\"flex flex-wrap -m-2 justify-center sm:justify-between\">\n          <div class=\"m-2 w-24 text-center\">\n        <div style=\"height: 41px; width: 80px;\" class=\"mx-auto flex items-end justify-center mx-auto\">\n                      <img decoding=\"async\" width=\"90\" height=\"24\" src=\"https:\/\/mutti-parma.com\/app\/uploads\/sites\/3\/2021\/04\/icon-characteristics-color-vibrant-red-v2.svg\" class=\"w-full wp-image-300000416 attachment-full size-full\" alt=\"cooking symbol\" style=\"max-height: 43px; max-width: 80px;\" loading=\"lazy\" \/>\n                  <\/div>\n        <p class=\"h6 text-inherit mt-3\">\u017divahna Crvena Boja<\/p>\n      <\/div>\n          <div class=\"m-2 w-24 text-center\">\n        <div style=\"height: 41px; width: 80px;\" class=\"mx-auto flex items-end justify-center mx-auto\">\n                      <img decoding=\"async\" width=\"220\" height=\"168\" src=\"https:\/\/mutti-parma.com\/app\/uploads\/sites\/3\/2019\/09\/icon-characteristics-texture-rich.svg\" class=\"w-full wp-image-300000104 attachment-full size-full\" alt=\"cooking symbol\" style=\"max-height: 43px; max-width: 80px;\" loading=\"lazy\" \/>\n                  <\/div>\n        <p class=\"h6 text-inherit mt-3\">Bogata tekstura<\/p>\n      <\/div>\n      <\/div>\n<\/div>\n\n\n<div class=\"acf-product-find-store\">\n  <\/div>\n<\/div><\/div>\n\n\n\n\n\n<div class=\"wp-block-media-text alignwide\" style=\"grid-template-columns:32% auto\"><figure class=\"wp-block-media-text__media\"><img loading=\"lazy\" decoding=\"async\" width=\"996\" height=\"997\" src=\"https:\/\/mutti-parma.com\/app\/uploads\/sites\/33\/2021\/09\/pizza-la-burrata.jpeg\" alt=\"\" class=\"wp-image-81 size-full\" sizes=\"(max-width: 600px) 100vw, (min-width: 1440px) 461px,32vw\" data-spai-crop=\"false\" srcset=\"https:\/\/mutti-parma.com\/app\/uploads\/sites\/33\/2021\/09\/pizza-la-burrata.jpeg 996w, https:\/\/mutti-parma.com\/app\/uploads\/sites\/33\/2021\/09\/pizza-la-burrata-500x500.jpeg 500w, https:\/\/mutti-parma.com\/app\/uploads\/sites\/33\/2021\/09\/pizza-la-burrata-200x200.jpeg 200w, https:\/\/mutti-parma.com\/app\/uploads\/sites\/33\/2021\/09\/pizza-la-burrata-768x769.jpeg 768w, https:\/\/mutti-parma.com\/app\/uploads\/sites\/33\/2021\/09\/pizza-la-burrata-150x150.jpeg 150w, https:\/\/mutti-parma.com\/app\/uploads\/sites\/33\/2021\/09\/pizza-la-burrata-600x600.jpeg 600w, https:\/\/mutti-parma.com\/app\/uploads\/sites\/33\/2021\/09\/pizza-la-burrata-50x50.jpeg 50w\" \/><\/figure><div class=\"wp-block-media-text__content\">\n<h2 class=\"wp-block-heading\">SAZNAJTE VI\u0160E O UMAKU ZA PIZZU<\/h2>\n\n\n\n<p class=\"is-style-cursive has-xxl-font-size\">Umak za pizzu Mutti<\/p>\n\n\n\n<p>Odli\u010dna pizza kombinacija je svje\u017eih sastojaka, dobrog tijesta i izvrsnog umaka. Na\u0161i umaci za pizzu rade se prema autenti\u010dnim, isprobanim talijanskim receptima i s klasi\u010dnim talijanskim za\u010dinima. Poma\u017eu vam da svoje pizze u\u010dinite posebnima ili slu\u017ee kao atraktivne osnove za va\u0161a vlastita remek-djela kad su umaci u pitanju. Isprobajte razli\u010dite okuse kako biste naglasili okus drugih sastojaka va\u0161e pizze.<\/p>\n\n\n\n<div class=\"wp-block-button\"><a class=\"wp-block-button__link\" href=\"https:\/\/mutti-parma.com\/hr\/osnovna-svojstva-proizvoda-mutti\/\">USPOREDITE NA\u0160E OSNOVNE PROIZVODE<\/a><\/div>\n<\/div><\/div>\n\n\n<div\n  class=\"acf-how-is-it-made alignwide text-center \"\n  data-vue-wrapper\n  >\n      <h2>Kako nastaje?<\/h2>\n  \n  <slideshow :slides-per-view=\"3\" :slides-per-view-sm=\"1\" :slides-per-view-md=\"2\" name=\"How is it made\" class=\"mb-8\">\n      <\/slideshow>\n\n      <p class=\"is-style-cursive text-5xl\">Da biste saznali vi\u0161e o tome kako nastaju na\u0161i proizvodi<\/p>\n  \n      <h3>pogledajte <a href=\"https:\/\/mutti-parma.com\/hr\/od-polja-do-stola\/\">Od polja do stola<\/a><\/h3>\n  <\/div>\n\n\n\n\n\n\n\n<hr class=\"wp-block-separator alignwide\"\/>\n\n\n<div class=\"acf-comments alignwide my-8\">\n  <div class=\"flex flex-wrap mb-4 items-center text-center sm:text-left px-0 sm:px-2 md:px-0\">\n    <h3 class=\"w-full sm:w-auto is-style-cursive text-primary my-0 leading-none\">Share and review<\/h3>\n    <div class=\"w-full sm:w-auto flex-auto mt-1 sm:ml-8\">\n          <\/div>\n\n          <div class=\"mx-auto sm:ml-0 mt-3 sm:mt-0\">\n                  <div\n  class=\"shariff\"\n  data-button-style=\"icon\"\n  data-mail-body=\"https:\/\/mutti-parma.com\/hr\/proizvodi\/pizza-sauce-aromatica\/\"\n  data-mail-subject=\"Pizza Sauce Aromatica - Mutti\"\n  data-mail-url=\"mailto:\"\n  data-media-url=\"https:\/\/mutti-parma.com\/app\/uploads\/sites\/33\/2021\/09\/pizza-sauce-400g-croatia.png\"\n  data-services=\"[&#039;facebook&#039;, &#039;twitter&#039;, &#039;whatsapp&#039;, &#039;pinterest&#039;, &#039;mail&#039;]\"\n><\/div>\n              <\/div>\n      <\/div>\n\n  <div>\n                <\/div>\n<\/div>\n\n\n\n<hr class=\"wp-block-separator alignwide\"\/>\n\n\n\n\n\n\n\n\n\n\n\n\n\n\n\n\n","protected":false},"excerpt":{"rendered":"","protected":false},"featured_media":236,"comment_status":"open","ping_status":"closed","template":"","product_category":[199],"class_list":["post-80","product","type-product","status-publish","has-post-thumbnail","hentry","product_category-product-category-231"],"acf":[],"_links":{"self":[{"href":"https:\/\/mutti-parma.com\/hr\/wp-json\/wp\/v2\/product\/80","targetHints":{"allow":["GET"]}}],"collection":[{"href":"https:\/\/mutti-parma.com\/hr\/wp-json\/wp\/v2\/product"}],"about":[{"href":"https:\/\/mutti-parma.com\/hr\/wp-json\/wp\/v2\/types\/product"}],"replies":[{"embeddable":true,"href":"https:\/\/mutti-parma.com\/hr\/wp-json\/wp\/v2\/comments?post=80"}],"version-history":[{"count":14,"href":"https:\/\/mutti-parma.com\/hr\/wp-json\/wp\/v2\/product\/80\/revisions"}],"predecessor-version":[{"id":383,"href":"https:\/\/mutti-parma.com\/hr\/wp-json\/wp\/v2\/product\/80\/revisions\/383"}],"wp:featuredmedia":[{"embeddable":true,"href":"https:\/\/mutti-parma.com\/hr\/wp-json\/wp\/v2\/media\/236"}],"wp:attachment":[{"href":"https:\/\/mutti-parma.com\/hr\/wp-json\/wp\/v2\/media?parent=80"}],"wp:term":[{"taxonomy":"product_category","embeddable":true,"href":"https:\/\/mutti-parma.com\/hr\/wp-json\/wp\/v2\/product_category?post=80"}],"curies":[{"name":"wp","href":"https:\/\/api.w.org\/{rel}","templated":true}]}}