{"id":10027,"date":"2024-01-04T10:52:28","date_gmt":"2024-01-04T10:52:28","guid":{"rendered":"https:\/\/mutti-parma.com\/it\/?page_id=10027"},"modified":"2024-12-19T10:02:05","modified_gmt":"2024-12-19T10:02:05","slug":"ogni-giorno-indispensabili","status":"publish","type":"page","link":"https:\/\/mutti-parma.com\/it\/ogni-giorno-indispensabili\/","title":{"rendered":"Ogni Giorno"},"content":{"rendered":"\n<figure class=\"wp-block-image alignwide size-large\"><img loading=\"lazy\" decoding=\"async\" width=\"1024\" height=\"427\" src=\"https:\/\/mutti-parma.com\/app\/uploads\/sites\/7\/2024\/12\/mutti-header-indispensabili-1024x427.png\" alt=\"gli indispensabili\" class=\"wp-image-11877\" srcset=\"https:\/\/mutti-parma.com\/app\/uploads\/sites\/7\/2024\/12\/mutti-header-indispensabili-1024x427.png 1024w, https:\/\/mutti-parma.com\/app\/uploads\/sites\/7\/2024\/12\/mutti-header-indispensabili-500x209.png 500w, https:\/\/mutti-parma.com\/app\/uploads\/sites\/7\/2024\/12\/mutti-header-indispensabili-200x83.png 200w, https:\/\/mutti-parma.com\/app\/uploads\/sites\/7\/2024\/12\/mutti-header-indispensabili-768x320.png 768w, https:\/\/mutti-parma.com\/app\/uploads\/sites\/7\/2024\/12\/mutti-header-indispensabili-150x63.png 150w, https:\/\/mutti-parma.com\/app\/uploads\/sites\/7\/2024\/12\/mutti-header-indispensabili-600x250.png 600w, https:\/\/mutti-parma.com\/app\/uploads\/sites\/7\/2024\/12\/mutti-header-indispensabili-1536x641.png 1536w, https:\/\/mutti-parma.com\/app\/uploads\/sites\/7\/2024\/12\/mutti-header-indispensabili.png 2000w\" sizes=\"(max-width: 1024px) 100vw, 1024px\" \/><\/figure>\n\n\n<div\n  class=\"\n    mutti-slideshow\n    \n    alignwide\n    \n  \"\n    data-vue-wrapper>\n  <slideshow\n    :pagination=\"false\"\n    :navigation=\"true\"\n    class=\"lg:-mx-8\"\n\n          :slides-per-view=\"1\"\n      :slides-per-view-md=\"1\"\n      :slides-per-view-sm=\"1\"\n                :options='{&quot;autoplay&quot;:false,&quot;loop&quot;:false,&quot;autoHeight&quot;:true,&quot;spaceBetween&quot;:60}'\n    :template-classes='{\"navigationGutter\":\"mx-8\",\"navigationPrevButton\":\"fa-solid fa-chevron-left text-2xl md:text-3xl text-primary\",\"navigationNextButton\":\"fa-solid fa-chevron-right text-2xl md:text-3xl text-primary\"}'\n  >\n    \n<div class=\"swiper-slide wp-block-mutti-slide\">\n    \n\n<div class=\"wp-block-media-text alignwide is-stacked-on-mobile is-style-default\" style=\"grid-template-columns:49% auto\"><figure class=\"wp-block-media-text__media\"><img loading=\"lazy\" decoding=\"async\" width=\"1024\" height=\"1024\" src=\"https:\/\/mutti-parma.com\/app\/uploads\/sites\/7\/2024\/12\/attrice-indispensabili-1024x1024.jpg\" alt=\"\" class=\"wp-image-11871 size-full\" sizes=\"(max-width: 600px) 100vw, (min-width: 1440px) 706px,49vw\" data-spai-crop=\"false\" srcset=\"https:\/\/mutti-parma.com\/app\/uploads\/sites\/7\/2024\/12\/attrice-indispensabili-1024x1024.jpg 1024w, https:\/\/mutti-parma.com\/app\/uploads\/sites\/7\/2024\/12\/attrice-indispensabili-500x500.jpg 500w, https:\/\/mutti-parma.com\/app\/uploads\/sites\/7\/2024\/12\/attrice-indispensabili-200x200.jpg 200w, https:\/\/mutti-parma.com\/app\/uploads\/sites\/7\/2024\/12\/attrice-indispensabili-768x768.jpg 768w, https:\/\/mutti-parma.com\/app\/uploads\/sites\/7\/2024\/12\/attrice-indispensabili-150x150.jpg 150w, https:\/\/mutti-parma.com\/app\/uploads\/sites\/7\/2024\/12\/attrice-indispensabili-600x600.jpg 600w, https:\/\/mutti-parma.com\/app\/uploads\/sites\/7\/2024\/12\/attrice-indispensabili-1536x1536.jpg 1536w, https:\/\/mutti-parma.com\/app\/uploads\/sites\/7\/2024\/12\/attrice-indispensabili-50x50.jpg 50w, https:\/\/mutti-parma.com\/app\/uploads\/sites\/7\/2024\/12\/attrice-indispensabili-300x300.jpg 300w, https:\/\/mutti-parma.com\/app\/uploads\/sites\/7\/2024\/12\/attrice-indispensabili-400x400.jpg 400w, https:\/\/mutti-parma.com\/app\/uploads\/sites\/7\/2024\/12\/attrice-indispensabili.jpg 2000w\" \/><\/figure><div class=\"wp-block-media-text__content\">\n<h1 class=\"wp-block-heading\">Ogni giorno<\/h1>\n\n\n\n<p class=\"has-text-align-left is-style-cursive has-xxl-font-size\">in cucina,<\/p>\n\n\n\n<p class=\"has-text-align-left has-base-font-size\">c\u2019\u00e8 qualcuno che prova a fare lo chef. Prova e riprova, non si arrende mai e fa sempre del suo meglio per portare in tavola qualcosa capace di stupire, di unire, di suscitare un: \u201cMmmmmm\u201d. Insomma, qualcosa di sorprendentemente buono.<\/p>\n\n\n\n<p class=\"has-text-align-left has-base-font-size\">A voi, che ai fornelli ce la mettete tutta, Mutti dedica la sua nuova campagna \u2018\u2019Ogni giorno\u2019\u2019.<\/p>\n<\/div><\/div>\n\n\n  <\/div>\n\n\n<div class=\"swiper-slide wp-block-mutti-slide\">\n    \n\n<div class=\"wp-block-media-text alignwide is-stacked-on-mobile\" style=\"grid-template-columns:49% auto\"><figure class=\"wp-block-media-text__media\"><img loading=\"lazy\" decoding=\"async\" width=\"1024\" height=\"1024\" src=\"https:\/\/mutti-parma.com\/app\/uploads\/sites\/7\/2019\/10\/mutti-campaign-2-1024x1024.jpg\" alt=\"uomo con pomodo in mano\" class=\"wp-image-1892 size-full\" sizes=\"(max-width: 600px) 100vw, (min-width: 1440px) 706px,49vw\" data-spai-crop=\"false\" srcset=\"https:\/\/mutti-parma.com\/app\/uploads\/sites\/7\/2019\/10\/mutti-campaign-2-1024x1024.jpg 1024w, https:\/\/mutti-parma.com\/app\/uploads\/sites\/7\/2019\/10\/mutti-campaign-2-200x200.jpg 200w, https:\/\/mutti-parma.com\/app\/uploads\/sites\/7\/2019\/10\/mutti-campaign-2-500x500.jpg 500w, https:\/\/mutti-parma.com\/app\/uploads\/sites\/7\/2019\/10\/mutti-campaign-2-768x768.jpg 768w, https:\/\/mutti-parma.com\/app\/uploads\/sites\/7\/2019\/10\/mutti-campaign-2-150x150.jpg 150w, https:\/\/mutti-parma.com\/app\/uploads\/sites\/7\/2019\/10\/mutti-campaign-2-600x600.jpg 600w, https:\/\/mutti-parma.com\/app\/uploads\/sites\/7\/2019\/10\/mutti-campaign-2-50x50.jpg 50w, https:\/\/mutti-parma.com\/app\/uploads\/sites\/7\/2019\/10\/mutti-campaign-2.jpg 1200w\" \/><\/figure><div class=\"wp-block-media-text__content\">\n<h2 class=\"wp-block-heading\"><strong>OGNI GIORNO<\/strong><\/h2>\n\n\n\n<p class=\"is-style-cursive has-xxl-font-size\">in campo,<\/p>\n\n\n\n<p class=\"has-text-align-left has-base-font-size\">c\u2019\u00e8 un agricoltore che si sveglia alle prime luci dell\u2019alba per portare avanti una missione: vedere i suoi pomodori nascere e crescere sani e forti. E lo fa nel modo migliore che conosce, con cura, impegno e passione. <\/p>\n\n\n\n<p class=\"has-text-align-left has-base-font-size\">A voi, che in cucina ci mettete tutto il vostro impegno, i nostri agricoltori dedicano il loro.<\/p>\n\n\n\n<div class=\"wp-block-button\"><a class=\"wp-block-button__link wp-element-button\" href=\"https:\/\/mutti-parma.com\/it\/pomodorino-oro\/\">Scopri l\u2019impegno dei nostri agricoltori <\/a><\/div>\n<\/div><\/div>\n\n\n  <\/div>\n\n\n<div class=\"swiper-slide wp-block-mutti-slide\">\n    \n\n<div class=\"wp-block-media-text alignwide is-stacked-on-mobile\" style=\"grid-template-columns:49% auto\"><figure class=\"wp-block-media-text__media\"><img loading=\"lazy\" decoding=\"async\" width=\"1024\" height=\"1024\" src=\"https:\/\/mutti-parma.com\/app\/uploads\/sites\/7\/2019\/10\/mutti-campaign-3-1024x1024.jpg\" alt=\"uomo con pomodorino d'oro in mano\" class=\"wp-image-1891 size-full\" sizes=\"(max-width: 600px) 100vw, (min-width: 1440px) 706px,49vw\" data-spai-crop=\"false\" srcset=\"https:\/\/mutti-parma.com\/app\/uploads\/sites\/7\/2019\/10\/mutti-campaign-3-1024x1024.jpg 1024w, https:\/\/mutti-parma.com\/app\/uploads\/sites\/7\/2019\/10\/mutti-campaign-3-200x200.jpg 200w, https:\/\/mutti-parma.com\/app\/uploads\/sites\/7\/2019\/10\/mutti-campaign-3-500x500.jpg 500w, https:\/\/mutti-parma.com\/app\/uploads\/sites\/7\/2019\/10\/mutti-campaign-3-768x768.jpg 768w, https:\/\/mutti-parma.com\/app\/uploads\/sites\/7\/2019\/10\/mutti-campaign-3-150x150.jpg 150w, https:\/\/mutti-parma.com\/app\/uploads\/sites\/7\/2019\/10\/mutti-campaign-3-600x600.jpg 600w, https:\/\/mutti-parma.com\/app\/uploads\/sites\/7\/2019\/10\/mutti-campaign-3-50x50.jpg 50w, https:\/\/mutti-parma.com\/app\/uploads\/sites\/7\/2019\/10\/mutti-campaign-3.jpg 1200w\" \/><\/figure><div class=\"wp-block-media-text__content\">\n<h2 class=\"wp-block-heading\">Ogni giorno<\/h2>\n\n\n\n<p class=\"is-style-cursive has-xxl-font-size\">in Mutti,<\/p>\n\n\n\n<p class=\"has-text-align-left has-base-font-size\">c\u2019\u00e8 qualcuno pronto a svolgere il suo compito con tutta la cura e l\u2019impegno di cui \u00e8 capace. Far\u00e0 il massimo per garantire ai nostri consumatori dei prodotti di qualit\u00e0 superiore.<\/p>\n\n\n\n<p class=\"has-text-align-left has-base-font-size\">A voi, che fate sempre del vostro meglio, noi dedichiamo il nostro.<\/p>\n\n\n\n<div class=\"wp-block-button\"><a class=\"wp-block-button__link wp-element-button\" href=\"https:\/\/mutti-parma.com\/it\/pomodorino-oro\/\">Scopri il nostro impegno <\/a><\/div>\n<\/div><\/div>\n\n\n  <\/div>\n\n\n  <\/slideshow>\n<\/div>\n\n\n\n<figure class=\"wp-block-embed alignwide is-type-video is-provider-youtube wp-block-embed-youtube wp-embed-aspect-16-9 wp-has-aspect-ratio\"><div class=\"wp-block-embed__wrapper\">\n<iframe loading=\"lazy\" title=\"Video Karaoke Mutti \u2013 Campagna Ogni Giorno\" width=\"500\" height=\"281\" data-cookieconsent=\"marketing\" data-src=\"\/\/www.youtube-nocookie.com\/embed\/ASJP3M-I72M?rel=0&#038;modestbranding=1&#038;enablejsapi=1&#038;feature=oembed&#038;width=500&#038;height=750\" frameborder=\"0\" allow=\"accelerometer; autoplay; clipboard-write; encrypted-media; gyroscope; picture-in-picture; web-share\" referrerpolicy=\"strict-origin-when-cross-origin\" allowfullscreen><\/iframe><div class=\"cookieconsent-embed-approval\">\n  <p>Per mostrarti questo video da Youtube abbiamo bisogno del tuo consenso ai cookie di profilazione.<\/p>\n  <button class=\"btn btn-renew-cookie-consent\">\n    Gestisci le tue Impostazioni Cookie.\n  <\/button>\n<\/div>\n\n<\/div><\/figure>\n\n\n\n<div style=\"--media-width: 56\" class=\"wp-block-media-text alignwide has-media-on-the-right is-stacked-on-mobile has-darkred-background-color has-background has-background-image\"><img loading=\"lazy\" decoding=\"async\" class=\"wp-block-media-text__background\" alt=\"\" data-spai-crop=\"true\" src=\"https:\/\/mutti-parma.com\/app\/uploads\/sites\/7\/2019\/10\/wide-red-background.jpg\" \/><div class=\"wp-block-media-text__content\">\n<h2 class=\"wp-block-heading\"><strong>I NOSTRI PRODOTTI<\/strong><\/h2>\n\n\n\n<p class=\"is-style-cursive has-xxl-font-size\">Ognuno ha la sua consistenza, il suo colore, il suo sapore, la sua funzione ideale, eppure sono tutti egualmente Indispensabili. <\/p>\n\n\n\n<p class=\"has-base-font-size\">Sono la Polpa, la Passata, il Concentrato e i Pelati Mutti, una squadra che ogni giorno, in cucina, ti d\u00e0 una mano a tirare fuori il meglio di te.<\/p>\n\n\n\n\n\n<div class=\"wp-block-button\"><a class=\"wp-block-button__link wp-element-button\" href=\"https:\/\/mutti-parma.com\/it\/i-nostri-prodotti\/\">Scopri tutti i nostri prodotti<\/a><\/div>\n<\/div><figure class=\"wp-block-media-text__media\"><img loading=\"lazy\" decoding=\"async\" width=\"1024\" height=\"819\" src=\"https:\/\/mutti-parma.com\/app\/uploads\/sites\/7\/2019\/10\/campaig-essentials-2-1024x819.jpg\" alt=\"impiegato azienda mutti\" class=\"wp-image-2496 size-full\" sizes=\"(max-width: 600px) 100vw, (min-width: 1440px) 806px,56vw\" data-spai-crop=\"false\" srcset=\"https:\/\/mutti-parma.com\/app\/uploads\/sites\/7\/2019\/10\/campaig-essentials-2-1024x819.jpg 1024w, https:\/\/mutti-parma.com\/app\/uploads\/sites\/7\/2019\/10\/campaig-essentials-2-200x160.jpg 200w, https:\/\/mutti-parma.com\/app\/uploads\/sites\/7\/2019\/10\/campaig-essentials-2-500x400.jpg 500w, https:\/\/mutti-parma.com\/app\/uploads\/sites\/7\/2019\/10\/campaig-essentials-2-768x614.jpg 768w, https:\/\/mutti-parma.com\/app\/uploads\/sites\/7\/2019\/10\/campaig-essentials-2-150x120.jpg 150w, https:\/\/mutti-parma.com\/app\/uploads\/sites\/7\/2019\/10\/campaig-essentials-2-600x480.jpg 600w, https:\/\/mutti-parma.com\/app\/uploads\/sites\/7\/2019\/10\/campaig-essentials-2.jpg 1500w\" \/><\/figure><\/div>\n\n\n\n<div style=\"--media-width: 50\" class=\"wp-block-media-text alignwide has-media-on-the-right is-stacked-on-mobile is-style-centered has-background-image\"><img loading=\"lazy\" decoding=\"async\" class=\"wp-block-media-text__background\" alt=\"\" data-spai-crop=\"true\" src=\"https:\/\/mutti-parma.com\/app\/uploads\/sites\/7\/2019\/10\/mutti-timballo.jpg\" \/><div class=\"wp-block-media-text__content\">\n<h2 class=\"wp-block-heading\">Le Ricette Del Film<\/h2>\n\n\n\n<p class=\"is-style-cursive\">Timballo di pasta<\/p>\n\n\n\n<p><strong>Ingredienti segreti:<\/strong><\/p>\n\n\n\n<p>Un pizzico di passione<\/p>\n\n\n\n<p>+ <\/p>\n\n\n\n<p>Olio di gomito<\/p>\n\n\n\n<p>+<\/p>\n\n\n\n<p>Passata di pomodoro Mutti <\/p>\n\n\n\n<div class=\"wp-block-button\"><a class=\"wp-block-button__link wp-element-button\" href=\"https:\/\/mutti-parma.com\/it\/ricettario-rosso\/timballo-di-pasta\/\">Scopri come prepararla<\/a><\/div>\n<\/div><figure class=\"wp-block-media-text__media\"><img loading=\"lazy\" decoding=\"async\" width=\"411\" height=\"1024\" src=\"https:\/\/mutti-parma.com\/app\/uploads\/sites\/7\/2019\/10\/passata-700-left-411x1024.png\" alt=\"passata di pomodoro\" class=\"wp-image-2288 size-full\" sizes=\"(min-width: 1440px) 528px,37vw\" data-spai-crop=\"false\" srcset=\"https:\/\/mutti-parma.com\/app\/uploads\/sites\/7\/2019\/10\/passata-700-left-411x1024.png 411w, https:\/\/mutti-parma.com\/app\/uploads\/sites\/7\/2019\/10\/passata-700-left-80x200.png 80w, https:\/\/mutti-parma.com\/app\/uploads\/sites\/7\/2019\/10\/passata-700-left-768x1916.png 768w, https:\/\/mutti-parma.com\/app\/uploads\/sites\/7\/2019\/10\/passata-700-left-150x374.png 150w, https:\/\/mutti-parma.com\/app\/uploads\/sites\/7\/2019\/10\/passata-700-left-600x1497.png 600w, https:\/\/mutti-parma.com\/app\/uploads\/sites\/7\/2019\/10\/passata-700-left.png 1200w\" \/><\/figure><\/div>\n\n\n\n<div style=\"--media-width: 50\" class=\"wp-block-media-text alignwide is-stacked-on-mobile is-style-centered has-background-image\"><img loading=\"lazy\" decoding=\"async\" class=\"wp-block-media-text__background\" alt=\"\" data-spai-crop=\"true\" src=\"https:\/\/mutti-parma.com\/app\/uploads\/sites\/7\/2019\/10\/mutti-caponata.jpg\" \/><figure class=\"wp-block-media-text__media\"><img loading=\"lazy\" decoding=\"async\" width=\"675\" height=\"1024\" src=\"https:\/\/mutti-parma.com\/app\/uploads\/sites\/7\/2019\/10\/polpa-400g-canpaign-small-675x1024.png\" alt=\"polpa di pomodoro 400g\" class=\"wp-image-2277 size-full\" sizes=\"(min-width: 1440px) 528px,37vw\" data-spai-crop=\"false\" srcset=\"https:\/\/mutti-parma.com\/app\/uploads\/sites\/7\/2019\/10\/polpa-400g-canpaign-small-675x1024.png 675w, https:\/\/mutti-parma.com\/app\/uploads\/sites\/7\/2019\/10\/polpa-400g-canpaign-small-132x200.png 132w, https:\/\/mutti-parma.com\/app\/uploads\/sites\/7\/2019\/10\/polpa-400g-canpaign-small-330x500.png 330w, https:\/\/mutti-parma.com\/app\/uploads\/sites\/7\/2019\/10\/polpa-400g-canpaign-small-768x1165.png 768w, https:\/\/mutti-parma.com\/app\/uploads\/sites\/7\/2019\/10\/polpa-400g-canpaign-small-150x228.png 150w, https:\/\/mutti-parma.com\/app\/uploads\/sites\/7\/2019\/10\/polpa-400g-canpaign-small-600x910.png 600w, https:\/\/mutti-parma.com\/app\/uploads\/sites\/7\/2019\/10\/polpa-400g-canpaign-small.png 1200w\" \/><\/figure><div class=\"wp-block-media-text__content\">\n\n\n<p class=\"is-style-cursive\">Caponata di verdure<\/p>\n\n\n\n<p><strong>Ingredienti segreti:<\/strong><\/p>\n\n\n\n<p>Talento\nereditato dalla nonna<\/p>\n\n\n\n<p>+<\/p>\n\n\n\n<p>Famiglia\ne amici affamati<\/p>\n\n\n\n<p>+<\/p>\n\n\n\n<p>Polpa di pomodoro in finissimi pezzi Mutti<\/p>\n\n\n\n<div class=\"wp-block-button\"><a class=\"wp-block-button__link wp-element-button\" href=\"https:\/\/mutti-parma.com\/it\/ricettario-rosso\/caponata-di-verdure\/\">Scopri come prepararla<\/a><\/div>\n<\/div><\/div>\n\n\n\n<p class=\"has-text-align-center\">Con quante prove ai fornelli ti misuri ogni giorno nella tua cucina?  Se  in questa storia abbiamo raccontato un momento della tua quotidianit\u00e0,  scopri anche tutte le altre storie di impegno.  <\/p>\n\n\n\n<p class=\"has-text-align-center is-style-cursive\"> Le abbiamo dedicate a chi, come te, fa sempre del proprio meglio.  <\/p>\n\n\n\n<div class=\"wp-block-cover alignwide\"><span aria-hidden=\"true\" class=\"wp-block-cover__background has-primary-background-color has-background-dim-100 has-background-dim\"><\/span><div class=\"wp-block-cover__inner-container is-layout-flow wp-block-cover-is-layout-flow\">\n<div class=\"wp-block-media-text alignwide has-media-on-the-right is-stacked-on-mobile\"><div class=\"wp-block-media-text__content\">\n<h2 class=\"wp-block-heading has-text-align-left\">Ogni Giorno&nbsp;&#8211; POLPA DATTERINI <\/h2>\n\n\n\n<p class=\"has-base-font-size\">A voi che con una ricetta nuova avete a che fare e la prendete come una prova per migliorare.<br>A voi che oltre a stare dietro ai fornelli, dovete anche guardare i monelli.<br>A voi che per vincere vi scegliete l\u2019alleato giusto.<br>Perch\u00e9 ogni piatto sia buono e ricco di gusto!<br>A voi che non vi lasciate demotivare da chi crede che non ce la possiate fare.<br>Ormai avete deciso, vi volete superare.<br>A voi che, in cucina, ci mettete tutto il vostro impegno, Mutti dedica tutta la dolcezza della nuova Polpa Datterini. <\/p>\n\n\n\n<div class=\"wp-block-button alignleft\"><a class=\"wp-block-button__link wp-element-button\" href=\"https:\/\/mutti-parma.com\/it\/ogni-giorno-polpa-datterini\">Scopri di pi\u00f9<\/a><\/div>\n<\/div><figure class=\"wp-block-media-text__media\"><img loading=\"lazy\" decoding=\"async\" width=\"567\" height=\"468\" src=\"https:\/\/mutti-parma.com\/app\/uploads\/sites\/7\/2023\/12\/cropped-ognigiornoincucina.jpg\" alt=\"polpa datterini in cucina\" class=\"wp-image-10012 size-full\" sizes=\"(max-width: 600px) 100vw, (min-width: 1440px) 792px,55vw\" data-spai-crop=\"false\" srcset=\"https:\/\/mutti-parma.com\/app\/uploads\/sites\/7\/2023\/12\/cropped-ognigiornoincucina.jpg 567w, https:\/\/mutti-parma.com\/app\/uploads\/sites\/7\/2023\/12\/cropped-ognigiornoincucina-500x413.jpg 500w, https:\/\/mutti-parma.com\/app\/uploads\/sites\/7\/2023\/12\/cropped-ognigiornoincucina-200x165.jpg 200w, https:\/\/mutti-parma.com\/app\/uploads\/sites\/7\/2023\/12\/cropped-ognigiornoincucina-150x124.jpg 150w\" \/><\/figure><\/div>\n<\/div><\/div>\n\n\n\n<div class=\"wp-block-cover alignwide\"><span aria-hidden=\"true\" class=\"wp-block-cover__background has-primary-background-color has-background-dim-100 has-background-dim\"><\/span><div class=\"wp-block-cover__inner-container is-layout-flow wp-block-cover-is-layout-flow\">\n<div class=\"wp-block-media-text alignwide has-media-on-the-right is-stacked-on-mobile\"><div class=\"wp-block-media-text__content\">\n<h2 class=\"wp-block-heading\">OGNI GIORNO &#8211; PESTI DI POMODORO <\/h2>\n\n\n\n<p class=\"has-large-font-size\">A voi che avete una famiglia da saziare e gli amici da accontentare.<br>A  voi che alla rissa quotidiana, tra un amante della carne e una  vegetariana, volete metter pace preparando ci\u00f2 che a tutti e due piace.<br>A voi che con destrezza portate in tavola gusto e leggerezza.<br>A voi che preparate piatti speciali e non siete mai banali. <br>A  voi che fate sempre del vostro meglio, noi di Mutti dedichiamo i nuovi  Pesti di Pomodoro: sfiziosi e saporiti, ma con meno grassi*.  <\/p>\n\n\n\n<div class=\"wp-block-button\"><a class=\"wp-block-button__link wp-element-button\" href=\"https:\/\/mutti-parma.com\/it\/ogni-giorno\">SCOPRI DI PI\u00f9<\/a><\/div>\n\n\n\n<p><br>* -30% di grassi rispetto alla media dei pesti pi\u00f9 venduti in Italia diversi dai pesti alla genovese.<br><a rel=\"noreferrer noopener\" href=\"https:\/\/mutti-parma.com\/app\/uploads\/sites\/7\/2023\/07\/communicazione-circana.pdf\" target=\"_blank\">Fonte: rielaborazione dati Circana.<\/a><br><a href=\"https:\/\/mutti-parma.com\/app\/uploads\/sites\/7\/2023\/07\/mutti-tabella-comparativa-pesti-maggio2023.pdf\" target=\"_blank\" rel=\"noreferrer noopener\">Leggi la tabella comparativa dei Pesti di pomodoro Mutti.<\/a><\/p>\n<\/div><figure class=\"wp-block-media-text__media\"><img loading=\"lazy\" decoding=\"async\" width=\"678\" height=\"557\" src=\"https:\/\/mutti-parma.com\/app\/uploads\/sites\/7\/2024\/01\/pesti-cucina-cropped.jpg\" alt=\"pesto in cucina\" class=\"wp-image-10015 size-full\" sizes=\"(max-width: 600px) 100vw, (min-width: 1440px) 792px,55vw\" data-spai-crop=\"false\" srcset=\"https:\/\/mutti-parma.com\/app\/uploads\/sites\/7\/2024\/01\/pesti-cucina-cropped.jpg 678w, https:\/\/mutti-parma.com\/app\/uploads\/sites\/7\/2024\/01\/pesti-cucina-cropped-500x411.jpg 500w, https:\/\/mutti-parma.com\/app\/uploads\/sites\/7\/2024\/01\/pesti-cucina-cropped-200x164.jpg 200w, https:\/\/mutti-parma.com\/app\/uploads\/sites\/7\/2024\/01\/pesti-cucina-cropped-150x123.jpg 150w, https:\/\/mutti-parma.com\/app\/uploads\/sites\/7\/2024\/01\/pesti-cucina-cropped-600x493.jpg 600w\" \/><\/figure><\/div>\n<\/div><\/div>\n\n\n","protected":false},"excerpt":{"rendered":"<p>Con quante prove ai fornelli ti misuri ogni giorno nella tua cucina? Se in questa storia abbiamo raccontato un momento della tua quotidianit\u00e0, scopri anche tutte le altre storie di impegno. Le abbiamo dedicate a chi, come te, fa sempre del proprio meglio.<\/p>\n","protected":false},"author":12,"featured_media":30000046,"parent":0,"menu_order":51,"comment_status":"closed","ping_status":"closed","template":"","meta":{"_acf_changed":false,"_relevanssi_hide_post":"","_relevanssi_hide_content":"","_relevanssi_pin_for_all":"","_relevanssi_pin_keywords":"","_relevanssi_unpin_keywords":"","_relevanssi_related_keywords":"","_relevanssi_related_include_ids":"","_relevanssi_related_exclude_ids":"","_relevanssi_related_no_append":"","_relevanssi_related_not_related":"","_relevanssi_related_posts":"","_relevanssi_noindex_reason":"","footnotes":""},"class_list":["post-10027","page","type-page","status-publish","has-post-thumbnail","hentry"],"acf":[],"_links":{"self":[{"href":"https:\/\/mutti-parma.com\/it\/wp-json\/wp\/v2\/pages\/10027","targetHints":{"allow":["GET"]}}],"collection":[{"href":"https:\/\/mutti-parma.com\/it\/wp-json\/wp\/v2\/pages"}],"about":[{"href":"https:\/\/mutti-parma.com\/it\/wp-json\/wp\/v2\/types\/page"}],"author":[{"embeddable":true,"href":"https:\/\/mutti-parma.com\/it\/wp-json\/wp\/v2\/users\/12"}],"replies":[{"embeddable":true,"href":"https:\/\/mutti-parma.com\/it\/wp-json\/wp\/v2\/comments?post=10027"}],"version-history":[{"count":5,"href":"https:\/\/mutti-parma.com\/it\/wp-json\/wp\/v2\/pages\/10027\/revisions"}],"predecessor-version":[{"id":11878,"href":"https:\/\/mutti-parma.com\/it\/wp-json\/wp\/v2\/pages\/10027\/revisions\/11878"}],"wp:featuredmedia":[{"embeddable":true,"href":"https:\/\/mutti-parma.com\/it\/wp-json\/wp\/v2\/media\/46"}],"wp:attachment":[{"href":"https:\/\/mutti-parma.com\/it\/wp-json\/wp\/v2\/media?parent=10027"}],"curies":[{"name":"wp","href":"https:\/\/api.w.org\/{rel}","templated":true}]}}