{"id":10602,"date":"2024-05-14T12:51:35","date_gmt":"2024-05-14T12:51:35","guid":{"rendered":"https:\/\/mutti-parma.com\/it\/?page_id=10602"},"modified":"2024-05-27T19:02:38","modified_gmt":"2024-05-27T19:02:38","slug":"regolamento-storie-di-pomodoro","status":"publish","type":"page","link":"https:\/\/mutti-parma.com\/it\/regolamento-storie-di-pomodoro\/","title":{"rendered":"Regolamento storie di pomodoro"},"content":{"rendered":"\n<p><strong>Iniziativa premiale rientrante nelle esclusioni dalla disciplina dei concorsi a premio in base all\u2019art. 6 c.1 Lett. a del DPR 430\/2001 (riferimento nota Ministero dello Sviluppo Economico n. 205930 del 20\/11\/2014)<\/strong><\/p>\n\n\n\n<h2 class=\"wp-block-heading has-text-align-center\">\u201cSTORIE DI POMODORO\u201d<\/h2>\n\n\n\n<hr class=\"wp-block-separator has-alpha-channel-opacity\"\/>\n\n\n\n<p class=\"has-base-font-size\"><strong>PROMOSSO DALLA SOCIET\u00c0<\/strong><\/p>\n\n\n\n<p>MUTTI S.p.A., in persona del legale rappresentante pro tempore, con sede legale via Traversetolo 28 &#8211; 43022 <br>&#8211; Montechiarugolo (PR) (di seguito l\u2019\u201cOrganizzatore\u201d).<\/p>\n\n\n\n<p class=\"has-base-font-size\"><strong>DURATA<\/strong><\/p>\n\n\n\n<p>Si pu\u00f2 partecipare dal 23\/05\/2024 al 16\/06\/2024 (periodo di caricamento dei Contributi).<\/p>\n\n\n\n<p class=\"has-base-font-size\"><strong>DESTINATARI:<\/strong><\/p>\n\n\n\n<p>La presente iniziativa \u00e8 riservata a tutti gli utenti internet maggiorenni registrati alla presente iniziativa (di seguito gli \u201cUtenti\u201d).<br>Sono esclusi dalla partecipazione i dipendenti della Societ\u00e0 Promotrice e tutti i soggetti e le persone<br>giuridiche che siano coinvolti nell&#8217;organizzazione e nella gestione del presente Contest.<\/p>\n\n\n\n<p class=\"has-base-font-size\"><strong>PUBBLICITA\u2019<\/strong><\/p>\n\n\n\n<p>La presente iniziativa e le sue modalit\u00e0 di svolgimento saranno promosse attraverso il sito e i canali social del Promotore, oltre che sui canali degli influencer coinvolti.<br>Altre forme di comunicazione saranno possibili, purch\u00e9 realizzate in conformit\u00e0 al presente regolamento.<br>Il presente regolamento sar\u00e0 disponibile al seguente link: https:\/\/mutti-parma.com\/it\/storiedipomodoro\/<\/p>\n\n\n\n<p class=\"has-base-font-size\"><strong>FINALIT\u00c0 DELL\u2019INIZIATIVA<\/strong><\/p>\n\n\n\n<p>Il contest ha l\u2019obiettivo di raccogliere le storie degli utenti legate a piatti preparati con il pomodoro, da<br>ricondividere sui canali social Mutti e da utilizzare per la realizzazione di contenuti di promozione.<br>L\u2019iniziativa ha anche lo scopo di individuare n. 5 candidati che partecipino al cooking show Mutti in qualit\u00e0 di inviati del brand, insieme ai talent di Giallo Zafferano nella giornata del 3 luglio 2024 a Milano, presso la sede di Giallo Zafferano.<\/p>\n\n\n\n<p class=\"has-base-font-size\"><strong>MODALITA\u2019 DI PARTECIPAZIONE<\/strong><\/p>\n\n\n\n<p>Per partecipare alla presente iniziativa gli Utenti interessati dovranno: <br>&#8211; Accedere al sito https:\/\/mutti-parma.com\/it\/storiedipomodoro\/ <br>&#8211; registrarsi compilando i campi obbligatori richiesti;<br>&#8211; compilare il form scrivendo la propria \u201cstoria di pomodoro\u201d;<br>&#8211; confermare di aver preso visione del regolamento e di accettarlo in ogni parte;<br>&#8211; confermare di aver preso visione dell\u2019informativa privacy e fornire il consenso al trattamento dei dati<br>personali per le finalit\u00e0 dell\u2019iniziativa;<br>&#8211; fornire, liberamente e fino alla eventuale revoca, il consenso al trattamento dei dati per finalit\u00e0<br>commerciali.<\/p>\n\n\n\n<p>Si precisa che:<br>&#8211; la partecipazione sar\u00e0 considerata valida solo se la partecipazione avverr\u00e0 entro il periodo di durata<br>della presente iniziativa, quindi entro il 16\/06\/2024;<\/p>\n\n\n\n<p>I contenuti inviati (d\u2019ora in poi definiti solo come \u201cContributi\u201d) e pervenuti saranno valutati e selezionati<br>dall\u2019Organizzatore al fine di verificare che siano in linea con l\u2019iniziativa. L\u2019Organizzatore si riserva pertanto di non selezionare i Contributi che non rispettino i requisiti richiesti, come di seguito meglio specificato.<\/p>\n\n\n\n<p class=\"has-base-font-size\"><strong>DECLINAZIONE DI RESPONSABILIT\u00c0 E CESSIONE DEI DIRITTI SUI CONTRIBUTI INVIATI<\/strong><\/p>\n\n\n\n<p>Tutti i Contributi che non rispondono ai requisiti richiesti dal presente regolamento, che risultino contrari al buon costume, volgari e offensivi o potenzialmente violanti diritti d\u2019autore o altro diritto di terzi o che siano ritenuti \u201cdubbi\u201d a insindacabile giudizio dell\u2019Organizzatore non verranno accettati.<br>Ogni Utente, partecipando alla presente iniziativa, assume pertanto la totale responsabilit\u00e0 del Contributo<br>presentato e dichiara di aver preso attenta visione del presente regolamento e degli specifici requisiti<br>nonch\u00e9 delle responsabilit\u00e0 afferenti al Contributo stesso.<\/p>\n\n\n\n<p>Non saranno ammessi all\u2019iniziativa, o potranno essere eliminati, Contributi che:<br>&#8211; non rispettino i requisiti tecnici\/di qualit\u00e0 indicati;<br>&#8211; ritraggano il partecipante o terze persone in maniera riconoscibile;<br>&#8211; siano palesemente in contrasto con norme di legge;<br>&#8211; siano di cattivo gusto o abbiano contenuti volgari, osceni o offensivi della morale o che in qualche modo<br>ledano la sensibilit\u00e0 e\/o il rispetto altrui;<br>&#8211; abbiano un contenuto razzista o incitino all\u2019odio o alla violenza o contengano informazioni false, inesatte, fuorvianti o fraudolente;<br>&#8211; richiedano o sottintendano dei compensi;<br>&#8211; violino in qualunque modo diritti di terzi, anche con riferimento al diritto d\u2019autore ed ai diritti della<br>personalit\u00e0;<br>&#8211; costituiscano una forma di pubblicit\u00e0, diretta o indiretta a qualsiasi attivit\u00e0 commerciale in favore di terzi o a scopo di lucro o materiali inerenti ad un tema diverso da quello proposto;<br>&#8211; contegano loghi o marchi di terze parti.<\/p>\n\n\n\n<p>L\u2019Utente, con la presentazione del Contributo artistico caricato, dichiara inoltre di essere interamente<br>titolare dei diritti d\u2019autore (copyright) del Contributo stesso e garantisce, inoltre, che i diritti di propriet\u00e0 e<br>d\u2019autore (copyright) non sono gravati da alcun atto che ne limiti l\u2019efficacia, come, ad esempio, trasferimenti, licenze o simili e che, qualora si tratti di materiale commissionato per uso privato e domestico, esso viene presentato con l\u2019approvazione del soggetto che ha commissionato l\u2019opera.<br>\u00c8 altres\u00ec consapevole che false attestazioni configurano un illecito perseguibile a norma di legge.<br>L\u2019Utente dichiara e garantisce altres\u00ec che l\u2019Organizzatore potr\u00e0 utilizzare a proprio piacimento i Contributi<br>presentati online, offline e ovunque lo ritenga opportuno, riproducendoli e modificandoli nel rispetto<br>dell\u2019autore del Contributo e di tutti i soggetti in esso rappresentati.<br>Tutti gli Utenti partecipanti cedono, a titolo gratuito, all\u2019Organizzatore i diritti di sfruttamento, nessuno<br>escluso, relativi ai Contributi presentati, in ogni sede ed attraverso ogni mezzo tecnico, per il mondo intero e per il periodo massimo previsto dalla vigente normativa in materia di diritto d\u2019autore, ai sensi e per gli effetti della cessione di diritti prevista dal presente regolamento.<br>I diritti sono concessi dagli Utenti a fronte dell\u2019utilizzo del Contributo senza che null\u2019altro sia dovuto<br>dall\u2019Organizzatore. <br>A tale proposito gli Utenti partecipanti concedono all\u2019Organizzatore la pi\u00f9 ampia garanzia e manleva rispetto ai suddetti diritti, anche con riferimeto ad ogni pretesa eventualmente esercitata da terzi.<\/p>\n\n\n\n<p class=\"has-base-font-size\"><strong>VALUTAZIONE<\/strong><\/p>\n\n\n\n<p>I Contributi risultati idonei in base ai requisiti sopra mezionati e accettati dall\u2019Organizzatore saranno<br>sottoposti alla valutazione di una giuria tecnica la quale selezioner\u00e0 nel corso dello svolgimento dell\u2019iniziativa i n. 100 Contributi pi\u00f9 emozionanti e divertenti. La stessa giuria tecnica selezioner\u00e0 in una fase finale entro il 17\/06\/2024 n.5 Contributi pi\u00f9 meritevoli (e altrettanti Contributi di riserva) per la partecipazione dei loro autori allo show cooking Mutti con i talent di Giallo Zafferano nella giornata del <strong>3 luglio 2024<\/strong> a Milano presso la sede di Giallo Zafferano.<br>Particolare attenzione sar\u00e0 dedicata all\u2019originalit\u00e0 dei contributi presentati, all\u2019aderenza al tema indicato e alla qualit\u00e0 espressiva.<br>Il numero definitivo dei Contributi selezionati sar\u00e0 a totale discrezione dell\u2019Organizzatore che valuter\u00e0<br>l\u2019idoneit\u00e0 dei Contributi pervenuti in riferimento ai criteri di selezione di cui sopra.<\/p>\n\n\n\n<p>L\u2019esito della selezione sar\u00e0 inoppugnabile e insindacabile.<\/p>\n\n\n\n<p>Gli autori dei Contributi selezionati saranno contattati tramite e-mail o social ai fini della comunicazione<br>dell\u2019avvenuta selezione per richiedere i dati di spedizione della box di prodotti Mutti assortiti che verr\u00e0 data quale riconoscimento; in tale occasione riceveranno un apposito modulo di liberatoria da compilare, firmare e restituire all\u2019Organizzatore, sempre tramite mail, unitamente alla scansione leggibile del proprio<br>documento di identit\u00e0 in corso di validit\u00e0.<br>i n. 5 autori scelti per la partecipazione allo show cooking Mutti dovranno confermare la propria volont\u00e0 di<br>assumere l\u2019incarico di Inviati Mutti, compilando l\u2019apposito modulo di accettazione dell\u2019incarico ricevuto per mail e restituendolo firmato entro 2 giorni dalla ricezione della mail.<\/p>\n\n\n\n<p class=\"has-base-font-size\"><strong>ULTERIORI SPECIFICHE RELATIVE ALL\u2019EVENTO<\/strong><\/p>\n\n\n\n<p>Ogni candidato si impegna a manlevare e tenere indenne l\u2019Organizzatore, nella persona dei suoi dipendenti, funzionari e direttori, da ogni e qualsiasi responsabilit\u00e0, per perdita, danni, lesioni, costi o spese di qualsiasi natura, compresi, a titolo esemplificativo, danni alla propriet\u00e0, lesioni personali (inclusa la sofferenza emotiva) e \/ o morte che possono verificarsi loro durante l\u2019evento.<br>Ogni Candidato selezionato, qualora acconsenta, durante l\u2019evento potr\u00e0 essere soggetto a riprese video e, in tale ipotesi, il Candidato si impegner\u00e0 a cedere gratuitamente all\u2019Organizzatore i diritti di utilizzo della<br>propria immagine. Si precisa che i contenuti video e\/o fotografici che li ritrarranno potranno essere utilizzati per scopi comunicativi e promozionali sui canali social e sul sito istituzionale dell\u2019Organizzatore.<\/p>\n\n\n\n<p>Ogni Inviato selezionato si impegna inoltre a:<br>&#8211; non sfruttare, in alcun modo, n\u00e9 direttamente, n\u00e9 indirettamente, la sua partecipazione per fini<br>pubblicitari e\/o commerciali;<br>&#8211;  non compiere, gesti o utilizzare capi di vestiario aventi riferimenti, anche indirettamente, pubblicitari<br>o promozionali;<\/p>\n\n\n\n<p class=\"has-base-font-size\"><strong>RICONOSCIMENTI AGLI AUTORI DEI CONTRIBUTI SELEZIONATI<\/strong><\/p>\n\n\n\n<p>Ciascun autore dei n. 100 Contributi scelti dalla giuria ricever\u00e0, quale ricompensa per il Contributo artistico prestato, una box di prodotti Mutti assortiti.<br>Gli autori dei Contributi selezionati non possono contestare il riconoscimento ricevuto, n\u00e9 richiedere il valore corrispondente in denaro o il cambio\/sostituzione per nessun motivo.<\/p>\n\n\n\n<p class=\"has-base-font-size\"><strong>PRECISAZIONI<\/strong><\/p>\n\n\n\n<p>L\u2019Organizzatore si riserva il diritto di modificare, anche parzialmente ed in qualunque momento le modalit\u00e0 di partecipazione all\u2019iniziativa, dandone adeguata comunicazione, non introducendo modifiche peggiorative e salvaguardando i diritti gi\u00e0 acquisiti dai partecipanti.<br>L\u2019Organizzatore non si assume alcuna responsabilit\u00e0 per le iscrizioni e\/o messaggi persi o ricevuti danneggiati nell\u2019ambito della trasmissione on line, pervenuti oltre il tempo stabilito o con dati non corretti. L\u2019Organizzatore non si assume responsabilit\u00e0 per qualsiasi problema di accesso, impedimento, disfunzione o difficolt\u00e0 riguardante gli strumenti tecnici, il computer, la linea telefonica, i cavi, l\u2019elettronica, il software e l\u2019hardware, la trasmissione e la connessione, il collegamento Internet che possa impedire ad un utente di partecipare all\u2019iniziativa.<\/p>\n\n\n\n<p>La partecipazione all\u2019iniziativa comporta l\u2019implicita accettazione da parte del partecipante del presente<br>regolamento e di tutti i termini e le condizionisenza alcuna riserva.<\/p>\n\n\n\n<p class=\"has-base-font-size\"><strong>MOTIVI DI ESCLUSIONE DAL DPR 430\/2001 in base all\u2019art. 6<\/strong><\/p>\n\n\n\n<p>&#8211; La finalit\u00e0 dell\u2019iniziativa \u00e8 la creazione di un contributo artistico.<br>&#8211; La partecipazione all\u2019iniziativa \u00e8 completamente gratuita; non \u00e8 richiesto nessun acquisto di<br>prodotto\/servizio.<br>&#8211; I contributi sono scelti a seguito di una valutazione di merito basata sui criteri di cui sopra.<br>&#8211; I contrIbuti selezionati saranno utilizzati dal\u2019Organizzatore nelle modalit\u00e0 di cui sopra.<\/p>\n\n\n\n<p class=\"has-base-font-size\"><strong>LEGGE APPLICABILE E FORO COMPETENTE<\/strong><\/p>\n\n\n\n<p>La presente iniziativa \u00e8 soggetta alla legge italiana.<br>Ogni eventuale controversia dovesse insorgere in relazione al presente regolamento sar\u00e0 devoluta alla<br>competenza esclusiva del foro di Parma.<\/p>\n\n\n\n<p class=\"has-base-font-size\"><strong>PRIVACY<\/strong><\/p>\n\n\n\n<p>I dati dei partecipanti verranno trattati dall\u2019Organizzatore esclusivamente per fini connessi alla gestione<br>dell\u2019iniziativa. I dati personali raccolti saranno trattati, con modalit\u00e0 prevalentemente elettroniche, da Mutti S.p.A., con sede legale in via Traversetolo 28, 43022 Montechiarugolo (CF\/Piva 02758310342 quale titolare del trattamento per le operazioni connesse alla partecipazione all\u2019iniziativa. Ai fini dell\u2019iniziativa i dati saranno altres\u00ec trattati dai soggetti incaricati della selezione dei contributi. Ai sensi degli artt. 13 e seguenti del Regolamento (EU) 2016\/679, I partecipanti potranno esercitare in qualsiasi momento il proprio diritto, di consultare, modificare, rettificare, integrare, cancellare i dati, opporsi o limitare il loro trattamento per motivi legittimi, scrivendo al titolare all&#8217;indirizzo postale sopra indicato.<\/p>\n","protected":false},"excerpt":{"rendered":"<p>Iniziativa premiale rientrante nelle esclusioni dalla disciplina dei concorsi a premio in base all\u2019art. 6 c.1 Lett. a del DPR 430\/2001 (riferimento nota Ministero dello Sviluppo Economico n. 205930 del 20\/11\/2014) \u201cSTORIE DI POMODORO\u201d PROMOSSO DALLA SOCIET\u00c0 MUTTI S.p.A., in persona del legale rappresentante pro tempore, con sede legale via Traversetolo 28 &#8211; 43022 &#8211;<\/p>\n","protected":false},"author":1,"featured_media":0,"parent":0,"menu_order":11,"comment_status":"closed","ping_status":"closed","template":"","meta":{"_acf_changed":false,"_relevanssi_hide_post":"","_relevanssi_hide_content":"","_relevanssi_pin_for_all":"","_relevanssi_pin_keywords":"","_relevanssi_unpin_keywords":"","_relevanssi_related_keywords":"","_relevanssi_related_include_ids":"","_relevanssi_related_exclude_ids":"","_relevanssi_related_no_append":"","_relevanssi_related_not_related":"","_relevanssi_related_posts":"","_relevanssi_noindex_reason":"","footnotes":""},"class_list":["post-10602","page","type-page","status-publish","hentry"],"acf":[],"_links":{"self":[{"href":"https:\/\/mutti-parma.com\/it\/wp-json\/wp\/v2\/pages\/10602","targetHints":{"allow":["GET"]}}],"collection":[{"href":"https:\/\/mutti-parma.com\/it\/wp-json\/wp\/v2\/pages"}],"about":[{"href":"https:\/\/mutti-parma.com\/it\/wp-json\/wp\/v2\/types\/page"}],"author":[{"embeddable":true,"href":"https:\/\/mutti-parma.com\/it\/wp-json\/wp\/v2\/users\/1"}],"replies":[{"embeddable":true,"href":"https:\/\/mutti-parma.com\/it\/wp-json\/wp\/v2\/comments?post=10602"}],"version-history":[{"count":7,"href":"https:\/\/mutti-parma.com\/it\/wp-json\/wp\/v2\/pages\/10602\/revisions"}],"predecessor-version":[{"id":10774,"href":"https:\/\/mutti-parma.com\/it\/wp-json\/wp\/v2\/pages\/10602\/revisions\/10774"}],"wp:attachment":[{"href":"https:\/\/mutti-parma.com\/it\/wp-json\/wp\/v2\/media?parent=10602"}],"curies":[{"name":"wp","href":"https:\/\/api.w.org\/{rel}","templated":true}]}}