{"id":11924,"date":"2025-01-30T10:01:51","date_gmt":"2025-01-30T10:01:51","guid":{"rendered":"https:\/\/mutti-parma.com\/it\/?page_id=11924"},"modified":"2025-01-31T12:01:35","modified_gmt":"2025-01-31T12:01:35","slug":"concorso-a-premi-svolta-la-schiscia","status":"publish","type":"page","link":"https:\/\/mutti-parma.com\/it\/concorso-a-premi-svolta-la-schiscia\/","title":{"rendered":"CONCORSO A PREMI \u201cSVOLTA LA SCHISCIA\u201d"},"content":{"rendered":"\n<h2 class=\"wp-block-heading\">CONCORSO A PREMI \u201cSVOLTA LA SCHISCIA\u201d<\/h2>\n\n\n\n<p class=\"has-text-align-center\">REGOLAMENTO ART. 11 D.P.R. 26 OTTOBRE 2001, 430 CONCORSO A PREMI<\/p>\n\n\n\n<hr class=\"wp-block-separator has-alpha-channel-opacity\"\/>\n\n\n\n<h3 class=\"wp-block-heading\">CHI PROMUOVE IL CONCORSO<\/h3>\n\n\n\n<p>Il soggetto promotore \u00e8 <strong>MUTTI S.p.A.<\/strong> con sede legale in Via Traversetolo 28, 43022 &#8211; Montechiarugolo (Parma) C.F. e P. IVA 02758310342 (di seguito \u201cMutti\u201d, il \u201cPromotore\u201d o la \u201cSociet\u00e0 Promotrice\u201d)<\/p>\n\n\n\n<p>Il soggetto delegato \u00e8: <strong>sdm societ\u00e0 benefit Srl<\/strong> &#8211; Via Ariberto, 24 &#8211; 20123 Milano &#8211; P.IVA e Cod. Fisc. 12079020157&nbsp;<\/p>\n\n\n\n<h3 class=\"wp-block-heading\">IN QUALE AREA SI PU\u00d2 PARTECIPARE<\/h3>\n\n\n\n<p>Territorio Nazionale Italiano e della Repubblica di San Marino.<\/p>\n\n\n\n<h3 class=\"wp-block-heading\">QUANDO SI PUO\u2019 PARTECIPARE<\/h3>\n\n\n\n<p>Si pu\u00f2 partecipare dal 04\/02\/2025 al 09\/03\/2025<\/p>\n\n\n\n<h3 class=\"wp-block-heading\">CHI PUO\u2019 PARTECIPARE<\/h3>\n\n\n\n<p>Persone fisiche maggiorenni che si registreranno correttamente al concorso.&nbsp;<\/p>\n\n\n\n<p>Sono esclusi dalla partecipazione al presente concorso i dipendenti della Societ\u00e0 Promotrice e\/o del Soggetto Delegato nonch\u00e9 i dipendenti delle agenzie professionalmente coinvolte nell\u2019organizzazione del concorso.&nbsp;<\/p>\n\n\n\n<h3 class=\"wp-block-heading\">COM\u2019E\u2019 PUBBLICIZZATO IL CONCORSO<\/h3>\n\n\n\n<p>La Societ\u00e0 Promotrice pubblicizzer\u00e0 la manifestazione a premi sui canali social, sul sito <a href=\"https:\/\/mutti-parma.com\/it\/svoltalaschiscia\/\">https:\/\/mutti-parma.com\/it\/svoltalaschiscia\/<\/a> e con ogni altro mezzo che riterr\u00e0 utile per la comunicazione ai destinatari della stessa; i messaggi pubblicitari saranno coerenti con il presente regolamento.&nbsp;<\/p>\n\n\n\n<p>Il regolamento completo \u00e8 disponibile sul sito https:\/\/mutti-parma.com\/it\/svoltalaschiscia\/<\/p>\n\n\n\n<p>(di seguito il \u201cSito\u201d).<\/p>\n\n\n\n<h3 class=\"wp-block-heading\">COME PARTECIPARE<\/h3>\n\n\n\n<p>Per partecipare al presente concorso e tentare di aggiudicarsi uno dei premi in palio, gli utenti dovranno:<\/p>\n\n\n\n<ol class=\"wp-block-list\">\n<li>collegarsi entro il periodo di partecipazione al Sito;<\/li>\n\n\n\n<li>registrarsi compilando tutti i campi richiesti e seguendo le istruzioni che verranno comunicate;<\/li>\n\n\n\n<li>prendere visione dell\u2019informativa sul trattamento dei dati e confermare la presa visione e accettazione del presente regolamento tramite gli appositi flag;<\/li>\n\n\n\n<li>compilare il form predisposto raccontando la propria <em>peggiore pausa pranzo<\/em> attraverso un breve testo corredato da eventuale foto\/video (non mandatoria) N.B. i formati consentiti per la foto sono jpg e png, per i video mp4 e mov; la dimensione massima consentita \u00e8 128M; (i testi e le foto saranno di seguito definiti \u201cElaborato artistico\u201d o \u201cElaborato\/i\u201d);<\/li>\n\n\n\n<li>dichiarare che l\u2019Elaborato caricato \u00e8 inedito, di esserne l\u2019autore e di detenere i relativi diritti d\u2019autore, come di seguito meglio esplicitato;<\/li>\n\n\n\n<li>dichiarare, con spunta dell\u2019apposito campo, di cedere a titolo gratuito i diritti patrimoniali dell\u2019Elaborato, come di seguito meglio esplicitato.<\/li>\n<\/ol>\n\n\n\n<p>Tutte le autorizzazioni e le cessioni di diritti di cui sopra sono vincolanti ai fini del caricamento dell\u2019Elaborato.<\/p>\n\n\n\n<p>Ogni utente potr\u00e0 registrarsi e partecipare al presente concorso una singola volta.&nbsp;<\/p>\n\n\n\n<p>Relativamente agli Elaborati artistici si specifica che la Societ\u00e0 Promotrice li sottoporr\u00e0 a moderazione non ammettendo alla partecipazione quelli:<\/p>\n\n\n\n<ul class=\"wp-block-list\">\n<li>che siano palesemente in contrasto con norme di legge;<\/li>\n\n\n\n<li>che siano di cattivo gusto, volgari, osceni o offensivi della morale corrente, politica o religiosa;<\/li>\n\n\n\n<li>in cui siano presenti contenuti e riferimenti di qualsiasi genere al maltrattamento degli animali;<\/li>\n\n\n\n<li>in cui siano presenti contenuti che incitino all\u2019odio o alla violenza;<\/li>\n\n\n\n<li>che sfruttino e\/o utilizzino illecitamente e\/o in maniera comunque lesiva e degradante i marchi e segni distintivi (sia denominativi che figurativi) della Societ\u00e0 Promotrice e\/o di qualsiasi altra societ\u00e0 o brand;&nbsp;<\/li>\n\n\n\n<li>in cui siano presenti marchi\/loghi di soggetti terzi;<\/li>\n\n\n\n<li>in cui sia presente una qualsiasi forma di pubblicit\u00e0 diretta o indiretta a qualsiasi attivit\u00e0 o prodotto\/servizio;<\/li>\n\n\n\n<li>che contengano immagini di minorenni riconoscibili e pi\u00f9 in generale in cui siano presenti terze persone;<\/li>\n\n\n\n<li>in cui siano violati, in qualunque modo, diritti di terzi, anche in riferimento ai diritti d\u2019autore, ai marchi e\/o segni distintivi e pi\u00f9 in generale si violino diritti di propriet\u00e0 intellettuale e\/o industriale;<\/li>\n\n\n\n<li>in cui siano presenti contenuti inappropriati che la Societ\u00e0 Promotrice, a suo insindacabile giudizio, ritenga non opportuni.<\/li>\n<\/ul>\n\n\n\n<h3 class=\"wp-block-heading\">DICHIARAZIONI<\/h3>\n\n\n\n<p>L\u2019utente, caricando il proprio Elaborato, garantisce di essere detentore dei relativi diritti d\u2019autore, sollevando la Societ\u00e0 organizzatrice da eventuali contestazioni da parte di terzi. Dichiara, inoltre che l\u2019Elaborato proposto \u00e8 inedito e autorizza Mutti a utilizzarlo ai fini della comunicazione del concorso.<\/p>\n\n\n\n<p>L\u2019utente garantisce inoltre che niente di quanto inviato \u00e8 contrario a norme di legge o in violazione dei diritti di propriet\u00e0 intellettuale, dei diritti morali, dei diritti d&#8217;autore o diritti di tutela dei dati personali di terzi, dei diritti di pubblicazione e in generale rispetta quanto stabilito dalla legge sul Diritto d&#8217;autore (Legge 22 aprile 1941 n. 633) e successive modifiche.&nbsp;<\/p>\n\n\n\n<p>L\u2019utente, con l\u2019accettazione del presente regolamento, dichiara di essere consapevole che, in caso di vincita conceder\u00e0 a titolo gratuito alla Societ\u00e0 Promotrice i diritti patrimoniali sull\u2019opera, ivi compresi i diritti di utilizzare, adattare, pubblicare, distribuire, riprodurre il contenuto dell\u2019Elaborato e, in generale, di esercitare tutti i diritti collegati agli stessi senza limiti.<\/p>\n\n\n\n<p>L\u2019utente dovr\u00e0 pertanto garantire di aver ottenuto tutti i consensi e le liberatorie per l&#8217;utilizzo dell\u2019Elaborato da tutte le persone eventualmente coinvolte, e che pertanto n\u00e9 l\u2019Elaborato inviato, n\u00e9 la relativa riproduzione da parte della Societ\u00e0 Promotrice comporter\u00e0 la violazione di diritti di terzi.<\/p>\n\n\n\n<p>Con l\u2019accettazione del premio, il vincitore autorizzer\u00e0 quindi la Societ\u00e0 Promotrice:&nbsp;<\/p>\n\n\n\n<p>\u2022 alla riproduzione e pubblicazione dell\u2019opera, nonch\u00e9 ogni altro utilizzo anche parziale dell\u2019Elaborato, ivi compresa la sua rielaborazione, per ogni finalit\u00e0 lecita, anche di carattere commerciale;&nbsp;<\/p>\n\n\n\n<p>\u2022 all\u2019utilizzo economico dello stesso in ogni forma e modo, nei limiti e per gli effetti fissati dalla legge, rinunciando a tale riguardo ad ogni rivendicazione presente e futura;&nbsp;<\/p>\n\n\n\n<p>\u2022 a disporre dei diritti di sfruttamento economico, fermo restando il riconoscimento in via esclusiva della paternit\u00e0 dell\u2019opera e dei diritti morali all\u2019autore.&nbsp;<\/p>\n\n\n\n<p>L\u2019utilizzo dell\u2019Elaborato risultato vincitore da parte della Promotrice deve intendersi a titolo gratuito e irrevocabile.&nbsp;<\/p>\n\n\n\n<h3 class=\"wp-block-heading\">VERBALIZZAZIONE DELLE VINCITE<\/h3>\n\n\n\n<p><strong>GIURIA &#8211; Entro il 25\/03\/2025<\/strong>, una giuria composta da rappresentanti o incaricati della Societ\u00e0 Promotrice, fisicamente riunita alla presenza di un Notaio o di un funzionario camerale competente per Territorio in qualit\u00e0 di garante e tutore della fede pubblica di seguito, \u201cPubblico Ufficiale\u201d), valuter\u00e0 gli Elaborati ricevuti al fine di individuare n. 44 vincitori pi\u00f9 n. 30 riserve nominate in ordine di classifica che si aggiudicheranno ciascuno il premio previsto [Rif. paragrafo PREMI IN PALIO.<\/p>\n\n\n\n<p>La giuria valuter\u00e0 gli Elaborati artistici in base ai seguenti criteri:&nbsp;<\/p>\n\n\n\n<p>1) Simpatia del contenuto<\/p>\n\n\n\n<p>2) Se il contenuto \u00e8 corredato anche da foto oltre che dal testo&nbsp;<\/p>\n\n\n\n<p>Le decisioni della giuria saranno inoppugnabili ed insindacabili.<\/p>\n\n\n\n<p>In funzione del numero di Elaborati pervenuti potr\u00e0 essere prevista una preselezione d\u2019intesa con il Pubblico Ufficiale incaricato attraverso la quale saranno individuati n. 80 Elaborati che, ad insindacabile giudizio del comitato di moderazione, risulteranno essere pi\u00f9 in linea con quanto previsto dal regolamento e meritevoli quindi di partecipare alla giuria.&nbsp;<\/p>\n\n\n\n<h3 class=\"wp-block-heading\">PREMI IN PALIO<\/h3>\n\n\n\n<figure class=\"wp-block-table\"><table class=\"has-fixed-layout\"><tbody><tr><td><strong>N.<\/strong><\/td><td><strong>PREMI<\/strong><\/td><td><strong>VALORE UNITARIO&nbsp;<\/strong><\/td><td><strong>VALORE TOTALE&nbsp;<\/strong><\/td><td><strong>MODALIT\u00c0<\/strong><\/td><\/tr><tr><td>10<\/td><td>Voucher per un pranzo per due persone realizzato da uno chef stellato presso il Ristorante di Mutti \u201cQui si Mangia\u201d a Montechiarugolo (Parma)&nbsp;+ Degustazione di Zuppe Mutti&nbsp;+ Trasferta e pernottamento<\/td><td>\u20ac 990,00<\/td><td>\u20ac 9.900<\/td><td>Giuriadal 1\u00b0 al 10\u00b0 classificato<\/td><\/tr><tr><td>34<\/td><td>Degustazione di Zuppe Mutti<\/td><td>\u20ac 11,53<\/td><td>\u20ac 392<\/td><td>Giuriadal 11\u00b0 al 44\u00b0 classificato<\/td><\/tr><\/tbody><\/table><\/figure>\n\n\n\n<p>Il pranzo presso il ristorante di Mutti a Parma si terr\u00e0 nel mese di aprile o maggio in data che verr\u00e0 comunicata ai vincitori a mezzo mail in fase di comunicazione e convalida della vincita ed in tempo utile per la fruizione del premio.<\/p>\n\n\n\n<p>Il premio comprende la copertura delle spese di trasferta per il raggiungimento del ristorante e di un pernottamento per la notte precedente il giorno del pranzo, fino comunque al raggiungimento del valore del premio quantificato in \u20ac 990; la copertura delle spese sar\u00e0 quindi totale o parziale in base alla residenza del vincitore; il premio non comprende tutto quanto non espressamente indicato nella descrizione del premio stesso.&nbsp;<\/p>\n\n\n\n<h3 class=\"wp-block-heading\">MONTEPREMI<\/h3>\n\n\n\n<p>Il valore totale del montepremi \u00e8 di \u20ac 10.292 iva esclusa se prevista&nbsp;<\/p>\n\n\n\n<h3 class=\"wp-block-heading\">COME CONVALIDARE LA VINCITA&nbsp;<\/h3>\n\n\n\n<p>I vincitori riceveranno una notifica tramite e-mail con le informazioni relative alla convalida della vincita, come di seguito dettagliato.<\/p>\n\n\n\n<p>I vincitori del premio consistente in una Degustazione di Zuppe Mutti riceveranno una mail che consentir\u00e0 loro di convalidare la vincita allegando la copia del documento di identit\u00e0 e scrivendo l\u2019indirizzo di spedizione del premio. Sar\u00e0 possibile rispondere <strong>fino al giorno 08\/04\/2025 incluso.<\/strong> Successivamente a tale data, non sar\u00e0 pi\u00f9 possibile inviare i dati di spedizione e la vincita si considerer\u00e0 non convalidata.&nbsp;<\/p>\n\n\n\n<p>Ai vincitori del premio consistente in un Voucher per un pranzo presso il Ristorante di Mutti a Parma sar\u00e0 richiesto di inviare, rispondendo alla mail di avviso vincita, entro 5 giorni:&nbsp;<\/p>\n\n\n\n<ul class=\"wp-block-list\">\n<li>manleva di accettazione del premio, compilata e firmata;&nbsp;<\/li>\n\n\n\n<li>dichiarazione di cessione del diritto di sfruttamento economico dell\u2019Elaborato artistico ideato, utilizzato per la partecipazione al concorso e selezionato, compilata e firmata;<\/li>\n\n\n\n<li>liberatoria autocertificante il rilascio del consenso all\u2019utilizzo della sua immagine, compilata e firmata*;&nbsp;<\/li>\n\n\n\n<li>copia fronte\/retro di un documento di identit\u00e0 (i dati del documento devono corrispondere a quelli di registrazione al concorso ed il documento deve essere in corso di validit\u00e0, non scaduto).<\/li>\n<\/ul>\n\n\n\n<p>*Durante il pranzo i vincitori saranno ripresi e\/o fotografati per documentare il momento a scopo pubblicitario. Per questo motivo ai vincitori viene richiesta la firma di un\u2019apposita liberatoria per il rilascio dei consensi necessari; la firma della manleva e quindi il rilascio di tali consensi saranno quindi obbligatori ai fini della convalida della vincita e della consegna del premio.<\/p>\n\n\n\n<p>Il premio sar\u00e0 considerato non convalidato e verr\u00e0 quindi assegnato alla riserva:<\/p>\n\n\n\n<ul class=\"wp-block-list\">\n<li>qualora un vincitore non dovesse inviare la convalida entro i termini previsti e secondo le modalit\u00e0 indicate;<\/li>\n\n\n\n<li>in caso un vincitore avesse un\u2019et\u00e0 inferiore ai 18 anni compiuti;<\/li>\n\n\n\n<li>in caso i dati del vincitore non fossero corrispondenti a quanto dichiarato durante la partecipazione al concorso;<\/li>\n\n\n\n<li>per qualsiasi motivo che renda irregolare la partecipazione del vincitore.<\/li>\n<\/ul>\n\n\n\n<h3 class=\"wp-block-heading\">CONSEGNA DEI PREMI<\/h3>\n\n\n\n<p>La consegna dei premi sar\u00e0 a carico della Societ\u00e0 Promotrice (o suo diretto incaricato) e avverr\u00e0 entro 180 giorni dal termine della manifestazione promozionale cos\u00ec come stabilito dal D.P.R. 430 del 26\/10\/2001.&nbsp;<\/p>\n\n\n\n<p>La consegna dei premi consistenti in un Voucher per un pranzo presso il Ristorante di Mutti \u201cQui si Mangia\u201d a Montechiarugolo (Parma) avverr\u00e0 tramite e-mail, all\u2019indirizzo di posta elettronica indicato dal vincitore in fase di registrazione convalida della vincita: la mail conterr\u00e0 il voucher con tutte le indicazioni per partecipare all\u2019evento.<\/p>\n\n\n\n<p>La Societ\u00e0 Promotrice non si assume alcuna responsabilit\u00e0 in caso di mancato recapito dei premi dovuto all\u2019indicazione di indirizzi e-mail errati da parte dei partecipanti, n\u00e9 per qualsiasi problema di accesso, impedimento, disfunzione o difficolt\u00e0 riguardante le caselle mail o gli strumenti tecnici utilizzati dall\u2019utente per partecipare al concorso.<\/p>\n\n\n\n<p>La societ\u00e0 Promotrice dichiara l\u2019integrit\u00e0 e validit\u00e0 del premio al momento della partenza dai propri sistemi informatici. La stessa non \u00e8 pi\u00f9 responsabile del premio nel momento in cui viene effettuato l\u2019invio dai propri sistemi informatici verso la casella di posta elettronica dell\u2019avente diritto.&nbsp;<\/p>\n\n\n\n<p>\u00c8 totale responsabilit\u00e0 del ricevente la conservazione del premio dal momento della ricezione fino al totale utilizzo. Il mancato utilizzo del voucher e quindi la mancata partecipazione all\u2019evento comporter\u00e0 la perdita del premio e non permetter\u00e0 di ottenere alcuna altra compensazione o di ottenere alcun altro tipo di vantaggio, in tale evenienza il premio sar\u00e0 infatti considerato comunque consegnato.&nbsp;<\/p>\n\n\n\n<p>Il vincitore, all\u2019atto di accettazione del premio, si impegna a manlevare e tenere indenne la Societ\u00e0 Promotrice nella persona dei suoi dipendenti, funzionari e direttori, da ogni e qualsiasi responsabilit\u00e0, per perdita, danni, lesioni, costi o spese di qualsiasi natura, compresi, a titolo esemplificativo, danni alla propriet\u00e0, lesioni personali (inclusa la sofferenza emotiva) e \/ o morte che possono verificarsi in relazione alla fruizione del premio.<\/p>\n\n\n\n<p>La consegna dei premi consistenti in Degustazione di Zuppe Mutti avverr\u00e0 tramite spedizionieri (corriere o posta): nessuna responsabilit\u00e0 \u00e8 imputabile alla Societ\u00e0 Promotrice o alla Societ\u00e0 Delegata in caso di consegna di un premio la cui confezione sia stata evidentemente manomessa, rotta e\/o rovinata. Nel caso in cui questa eventualit\u00e0 si verificasse, il destinatario dovr\u00e0 evidenziarlo al momento della consegna e non dopo la firma della ricevuta\/bolla di consegna del premio stesso. Pertanto, si invita il vincitore, o chi per lui \u00e8 stato incaricato al ritiro del premio, a controllare accuratamente che la confezione non rechi segni evidenti di manomissione o rottura, tali da far presumere che il premio sia stato danneggiato o sottratto totalmente o parzialmente. In caso di lecito dubbio, il vincitore ha facolt\u00e0 di respingere il premio con motivazione scritta oppure di ritirare il premio con riserva di verifica. Tale riserva deve essere indicata chiaramente sulla bolla di consegna.<\/p>\n\n\n\n<p>I premi verranno spediti all\u2019indirizzo indicato dal vincitore al momento della partecipazione\/convalida della vincita. La Societ\u00e0 Promotrice non si assume alcuna responsabilit\u00e0 in caso di mancato recapito dei premi dovuto all\u2019indicazione di indirizzi o dati personali errati da parte dei partecipanti o per disguidi postali.&nbsp;<\/p>\n\n\n\n<p>I vincitori non possono contestare i premi a loro assegnati, n\u00e9 richiederne il cambio o la sostituzione.<\/p>\n\n\n\n<p>I premi non sono cedibili a terzi. I premi non sono convertibili in denaro o gettoni d\u2019oro.<\/p>\n\n\n\n<p>La Societ\u00e0 promotrice si impegna a consegnare al vincitore un premio d\u2019uguale natura e\/o tipologia sia nelle prestazioni sia nel valore di mercato se al momento della consegna il premio (o una parte di esso) avr\u00e0 subito modifiche, aggiornamenti di forma e\/o di sostanza rispetto a quanto promesso. Nel caso che ci\u00f2 non sia possibile, sar\u00e0 richiesto al vincitore stesso di scegliere un altro premio di valore di mercato pari o superiore a quello promesso tra quelli proposti dalla societ\u00e0 promotrice.&nbsp;<\/p>\n\n\n\n<h3 class=\"wp-block-heading\">DEVOLUZIONE DEI PREMI NON ASSEGNATI<\/h3>\n\n\n\n<p>I premi non richiesti o non assegnati a vincitori o alle riserve, diversi da quelli rifiutati dagli stessi, saranno devoluti a Fondazione Francesca Rava &#8211; NPH Italia Onlus, Viale Premuda 38\/a, 20129 &#8211; Milano &#8211; C. F. 97264070158<\/p>\n\n\n\n<h3 class=\"wp-block-heading\">PRECISAZIONI&nbsp;<\/h3>\n\n\n\n<p>La corrispondenza e veridicit\u00e0 dei dati forniti all\u2019atto della registrazione sono condizioni imprescindibili di partecipazione.<\/p>\n\n\n\n<p>Sar\u00e0 possibile partecipare una sola volta: \u00e8 necessario utilizzare dati reali (che devono corrispondere a quelli indicati sul proprio documento di identit\u00e0: eventuali registrazioni plurime riconducibili alla stessa persona fisica (utilizzando per esempio indirizzi e-mail differenti) invalidano la partecipazione al concorso. In qualsiasi momento il Promotore verificasse il mancato rispetto di questa condizione, il Partecipante e tutti gli account a lui collegati verranno eliminati dalla possibilit\u00e0 di ricevere tutti gli eventuali premi vinti. Questo controllo pu\u00f2 avvenire anche in fase di convalida del premio e comunque prima della consegna dello stesso.<\/p>\n\n\n\n<p>Partecipazioni e\/o vincite realizzate mediante l\u2019utilizzo di software o di indirizzi e-mail temporanei o inesistenti o giudicati comunque sospetti, fraudolenti, che non garantiscono l\u2019univocit\u00e0 del partecipante o in violazione alle regole del concorso, se identificati o ritenuti tali con i mezzi e le conoscenze a disposizione del Promotore, verranno annullati.<\/p>\n\n\n\n<p>Tutte le comunicazioni relative alla partecipazione al Concorso saranno inviate all\u2019indirizzo e-mail utilizzato durante la partecipazione.<\/p>\n\n\n\n<p>La Societ\u00e0 Promotrice non si assume alcuna responsabilit\u00e0 in relazione al Partecipante per il quale:&nbsp;<\/p>\n\n\n\n<ul class=\"wp-block-list\">\n<li>la mailbox risulti piena o disabilitata temporaneamente o definitivamente;&nbsp;<\/li>\n\n\n\n<li>l\u2019e-mail indicata sia errata o incompleta o inserita in una black-list;<\/li>\n\n\n\n<li>non vi sia risposta dall\u2019host destinatario dopo l\u2019invio dell\u2019e-mail;&nbsp;<\/li>\n\n\n\n<li>il numero di telefono indicato sia errato o non pi\u00f9 attivo.&nbsp;<\/li>\n<\/ul>\n\n\n\n<p>La Societ\u00e0 Promotrice non si assume alcuna responsabilit\u00e0 per le iscrizioni e\/o messaggi persi o ricevuti danneggiati nell\u2019ambito della trasmissione on line, pervenuti oltre il tempo stabilito o con dati non corretti.<\/p>\n\n\n\n<p>La Societ\u00e0 Promotrice non si assume responsabilit\u00e0 per qualsiasi problema di accesso, impedimento, disfunzione o difficolt\u00e0 riguardante gli strumenti tecnici utilizzati dall\u2019utente per partecipare al Concorso. A titolo esemplificativo: computer, cellulare, smartphone, tablet, hardware e cavetteria in generale, software, linea telefonica per la connettivit\u00e0 Internet.<\/p>\n\n\n\n<p>La partecipazione al presente concorso \u00e8 completamente gratuita.<\/p>\n\n\n\n<p>La partecipazione al concorso comporta l\u2019implicita accettazione da parte della partecipante del presente regolamento in ogni sua parte e senza alcuna riserva.&nbsp;<\/p>\n\n\n\n<p>La Societ\u00e0 Promotrice si riserva il diritto di modificare, anche parzialmente ed in qualunque momento, le modalit\u00e0 di partecipazione al concorso, dandone adeguata comunicazione, non introducendo modifiche peggiorative e salvaguardando i diritti gi\u00e0 acquisiti dai partecipanti.<\/p>\n\n\n\n<h3 class=\"wp-block-heading\">ADEMPIMENTI DEL PROMOTORE<\/h3>\n\n\n\n<p>Le operazioni avverranno secondo la normativa vigente ai sensi del D.P.R. 430 del 26\/10\/2001.<\/p>\n\n\n\n<p>La Cauzione pari al 100% dell&#8217;ammontare dei premi posti in palio, di cui all&#8217;art. 7 del D.P.R. 430\/2001, \u00e8 stata prestata a favore del Ministero delle Imprese e del made in Italy mediante fideiussione, a tutela del rispetto dei diritti dei consumatori.<\/p>\n\n\n\n<p>La Societ\u00e0 Promotrice rinuncia a rivalersi sui vincitori per l&#8217;imposta sul reddito 25% &#8211; Art. 30 D.P.R. 600 del 29\/09\/73. Ai sensi dell\u2019art. 19 della Legge 449 del 27\/12\/1997 si applicher\u00e0 l\u2019indetraibilit\u00e0 dell\u2019IVA sull\u2019acquisto dei premi costituiti da beni imponibili ai fini dell\u2019imposta.<\/p>\n\n\n\n<p>La Societ\u00e0 che ha sviluppato il database relativo ai dati di partecipazione al concorso render\u00e0 disponibile documentazione tecnica, rilasciata dal responsabile tecnico della Societ\u00e0 stessa, relativa a:<\/p>\n\n\n\n<ul class=\"wp-block-list\">\n<li>le specifiche del programma di registrazione al concorso<\/li>\n\n\n\n<li>l\u2019ubicazione in Italia del server che gestisce il concorso;<\/li>\n\n\n\n<li>l&#8217;adozione di opportune procedure per impedire interventi esterni e la sicurezza complessiva del sistema utilizzato con riferimento all&#8217;esigenza di tutela della fede pubblica.<\/li>\n<\/ul>\n\n\n\n<h3 class=\"wp-block-heading\">PRIVACY<\/h3>\n\n\n\n<p>I dati personali dei partecipanti verranno trattati in conformit\u00e0 alla informativa privacy reperibile sul sito <a href=\"https:\/\/mutti-parma.com\/it\/privacy-e-policy\/\">https:\/\/mutti-parma.com\/it\/privacy-e-policy\/<\/a>.<\/p>\n","protected":false},"excerpt":{"rendered":"<p>CONCORSO A PREMI \u201cSVOLTA LA SCHISCIA\u201d REGOLAMENTO ART. 11 D.P.R. 26 OTTOBRE 2001, 430 CONCORSO A PREMI CHI PROMUOVE IL CONCORSO Il soggetto promotore \u00e8 MUTTI S.p.A. con sede legale in Via Traversetolo 28, 43022 &#8211; Montechiarugolo (Parma) C.F. e P. IVA 02758310342 (di seguito \u201cMutti\u201d, il \u201cPromotore\u201d o la \u201cSociet\u00e0 Promotrice\u201d) Il soggetto delegato<\/p>\n","protected":false},"author":70,"featured_media":0,"parent":0,"menu_order":2,"comment_status":"closed","ping_status":"closed","template":"","meta":{"_acf_changed":false,"_relevanssi_hide_post":"","_relevanssi_hide_content":"","_relevanssi_pin_for_all":"","_relevanssi_pin_keywords":"","_relevanssi_unpin_keywords":"","_relevanssi_related_keywords":"","_relevanssi_related_include_ids":"","_relevanssi_related_exclude_ids":"","_relevanssi_related_no_append":"","_relevanssi_related_not_related":"","_relevanssi_related_posts":"","_relevanssi_noindex_reason":"","footnotes":""},"class_list":["post-11924","page","type-page","status-publish","hentry"],"acf":[],"_links":{"self":[{"href":"https:\/\/mutti-parma.com\/it\/wp-json\/wp\/v2\/pages\/11924","targetHints":{"allow":["GET"]}}],"collection":[{"href":"https:\/\/mutti-parma.com\/it\/wp-json\/wp\/v2\/pages"}],"about":[{"href":"https:\/\/mutti-parma.com\/it\/wp-json\/wp\/v2\/types\/page"}],"author":[{"embeddable":true,"href":"https:\/\/mutti-parma.com\/it\/wp-json\/wp\/v2\/users\/70"}],"replies":[{"embeddable":true,"href":"https:\/\/mutti-parma.com\/it\/wp-json\/wp\/v2\/comments?post=11924"}],"version-history":[{"count":8,"href":"https:\/\/mutti-parma.com\/it\/wp-json\/wp\/v2\/pages\/11924\/revisions"}],"predecessor-version":[{"id":11960,"href":"https:\/\/mutti-parma.com\/it\/wp-json\/wp\/v2\/pages\/11924\/revisions\/11960"}],"wp:attachment":[{"href":"https:\/\/mutti-parma.com\/it\/wp-json\/wp\/v2\/media?parent=11924"}],"curies":[{"name":"wp","href":"https:\/\/api.w.org\/{rel}","templated":true}]}}