{"id":12,"date":"2019-11-04T07:56:46","date_gmt":"2019-11-04T07:56:46","guid":{"rendered":"http:\/\/mutti.web.staging.minasithil.genero.fi\/it\/?page_id=12"},"modified":"2026-03-02T10:58:38","modified_gmt":"2026-03-02T10:58:38","slug":"gli-aglicoltori","status":"publish","type":"page","link":"https:\/\/mutti-parma.com\/it\/qualita-superiore\/gli-aglicoltori\/","title":{"rendered":"Gli Agricoltori"},"content":{"rendered":"\n<div class=\"wp-block-media-text alignwide has-media-on-the-right is-image-fill-element is-stacked-on-mobile is-style-hero\"><div class=\"wp-block-media-text__content\"><div class=\"acf-breadcrumb my-4 md:my-8 text-center md:text-left\">\n  <nav>\n  <ol class=\"list-none text-md\">\n                  <li class=\"inline\">\n                      <a class=\"text-inherit\" href=\"https:\/\/mutti-parma.com\/it\/\">\n              Mutti Parma\n            <\/a>\n                            <\/li>\n            <\/ol>\n<\/nav>\n<\/div>\n\n\n\n<h1 class=\"wp-block-heading\">Gli Agricoltori<\/h1>\n\n\n\n<p>Ogni carico di pomodoro raccolto \u00e8 fonte di grande orgoglio per il suo coltivatore che sa che il<br> suo pomodoro ha superato severi controlli e soddisfa i requisiti di maturit\u00e0, colore, composizione,<br> freschezza e dolcezza. \u00c8 il risultato di un anno di lavoro.<\/p>\n\n\n\n<p class=\"has-text-align-right is-style-cursive has-xxl-font-size\">Conosci alcuni dei nostri agricoltori<\/p>\n<\/div><figure class=\"wp-block-media-text__media\"><img loading=\"lazy\" decoding=\"async\" src=\"https:\/\/mutti-parma.com\/app\/uploads\/sites\/3\/2019\/09\/banner-farmers-1024x684.jpg\" alt=\"\" class=\"wp-image-300000163 size-full\" style=\"object-position:62% 19%\" sizes=\"(max-width: 600px) 100vw, (min-width: 1440px) 792px,55vw\" data-spai-crop=\"false\" srcset=\"https:\/\/mutti-parma.com\/app\/uploads\/sites\/3\/2019\/09\/banner-farmers-1024x684.jpg 1024w, https:\/\/mutti-parma.com\/app\/uploads\/sites\/3\/2019\/09\/banner-farmers-200x134.jpg 200w, https:\/\/mutti-parma.com\/app\/uploads\/sites\/3\/2019\/09\/banner-farmers-500x334.jpg 500w, https:\/\/mutti-parma.com\/app\/uploads\/sites\/3\/2019\/09\/banner-farmers-768x513.jpg 768w, https:\/\/mutti-parma.com\/app\/uploads\/sites\/3\/2019\/09\/banner-farmers-150x100.jpg 150w, https:\/\/mutti-parma.com\/app\/uploads\/sites\/3\/2019\/09\/banner-farmers-600x401.jpg 600w\" \/><\/figure><\/div>\n\n\n\n<div class=\"wp-block-columns alignwide are-vertically-aligned-center is-layout-flex wp-container-core-columns-is-layout-9d6595d7 wp-block-columns-is-layout-flex\">\n<div class=\"wp-block-column is-vertically-aligned-center is-layout-flow wp-block-column-is-layout-flow\">\n<figure class=\"wp-block-embed is-type-video is-provider-youtube wp-block-embed-youtube wp-embed-aspect-16-9 wp-has-aspect-ratio\" data-hide-on=\"mobile tablet desktop\"><div class=\"wp-block-embed__wrapper\">\n<iframe loading=\"lazy\" title=\"Valle del Sele - Carmine Fantasia\" width=\"500\" height=\"281\" data-cookieconsent=\"marketing\" data-src=\"\/\/www.youtube-nocookie.com\/embed\/l-TJhPTZxpg?rel=0&#038;modestbranding=1&#038;enablejsapi=1&#038;feature=oembed&#038;width=500&#038;height=750\" frameborder=\"0\" allow=\"accelerometer; autoplay; clipboard-write; encrypted-media; gyroscope; picture-in-picture; web-share\" referrerpolicy=\"strict-origin-when-cross-origin\" allowfullscreen><\/iframe><div class=\"cookieconsent-embed-approval\">\n  <p>Per mostrarti questo video da Youtube abbiamo bisogno del tuo consenso ai cookie di profilazione.<\/p>\n  <button class=\"btn btn-renew-cookie-consent\">\n    Gestisci le tue Impostazioni Cookie.\n  <\/button>\n<\/div>\n\n<\/div><\/figure>\n<\/div>\n\n\n\n<div class=\"wp-block-column is-vertically-aligned-center is-layout-flow wp-block-column-is-layout-flow\">\n<h2 class=\"wp-block-heading\" data-hide-on=\"mobile tablet desktop\">CArmine Fantasia<\/h2>\n\n\n\n<p class=\"is-style-cursive has-xxl-font-size\" data-hide-on=\"mobile tablet desktop\">Valle de Selle<\/p>\n<\/div>\n<\/div>\n\n\n\n<div class=\"wp-block-columns alignwide are-vertically-aligned-center is-style-default is-layout-flex wp-container-core-columns-is-layout-9d6595d7 wp-block-columns-is-layout-flex\">\n<div class=\"wp-block-column is-vertically-aligned-center is-style-secondary is-layout-flow wp-block-column-is-layout-flow\">\n<h2 class=\"wp-block-heading\">Rosetta e fausto vitali<\/h2>\n\n\n\n<p class=\"is-style-cursive has-xxl-font-size\">Parma<\/p>\n<\/div>\n\n\n\n<div class=\"wp-block-column is-vertically-aligned-center order-first sm:order-last is-layout-flow wp-block-column-is-layout-flow\">\n<figure class=\"wp-block-embed is-type-video is-provider-youtube wp-block-embed-youtube wp-embed-aspect-16-9 wp-has-aspect-ratio\"><div class=\"wp-block-embed__wrapper\">\n<iframe loading=\"lazy\" title=\"Parma - Rosetta e Fausto Vitali\" width=\"500\" height=\"281\" data-cookieconsent=\"marketing\" data-src=\"\/\/www.youtube-nocookie.com\/embed\/w9ctyCaYLeE?rel=0&#038;modestbranding=1&#038;enablejsapi=1&#038;feature=oembed&#038;width=500&#038;height=750\" frameborder=\"0\" allow=\"accelerometer; autoplay; clipboard-write; encrypted-media; gyroscope; picture-in-picture; web-share\" referrerpolicy=\"strict-origin-when-cross-origin\" allowfullscreen><\/iframe><div class=\"cookieconsent-embed-approval\">\n  <p>Per mostrarti questo video da Youtube abbiamo bisogno del tuo consenso ai cookie di profilazione.<\/p>\n  <button class=\"btn btn-renew-cookie-consent\">\n    Gestisci le tue Impostazioni Cookie.\n  <\/button>\n<\/div>\n\n<\/div><\/figure>\n<\/div>\n<\/div>\n\n\n\n<div class=\"wp-block-columns alignwide are-vertically-aligned-center is-layout-flex wp-container-core-columns-is-layout-9d6595d7 wp-block-columns-is-layout-flex\">\n<div class=\"wp-block-column is-vertically-aligned-center is-layout-flow wp-block-column-is-layout-flow\">\n<figure class=\"wp-block-embed is-type-video is-provider-youtube wp-block-embed-youtube wp-embed-aspect-16-9 wp-has-aspect-ratio\"><div class=\"wp-block-embed__wrapper\">\n<iframe loading=\"lazy\" title=\"Valli di Comacchio - Andrea Crovetti\" width=\"500\" height=\"281\" data-cookieconsent=\"marketing\" data-src=\"\/\/www.youtube-nocookie.com\/embed\/Wf7-PxdFVwo?rel=0&#038;modestbranding=1&#038;enablejsapi=1&#038;feature=oembed&#038;width=500&#038;height=750\" frameborder=\"0\" allow=\"accelerometer; autoplay; clipboard-write; encrypted-media; gyroscope; picture-in-picture; web-share\" referrerpolicy=\"strict-origin-when-cross-origin\" allowfullscreen><\/iframe><div class=\"cookieconsent-embed-approval\">\n  <p>Per mostrarti questo video da Youtube abbiamo bisogno del tuo consenso ai cookie di profilazione.<\/p>\n  <button class=\"btn btn-renew-cookie-consent\">\n    Gestisci le tue Impostazioni Cookie.\n  <\/button>\n<\/div>\n\n<\/div><\/figure>\n<\/div>\n\n\n\n<div class=\"wp-block-column is-vertically-aligned-center is-layout-flow wp-block-column-is-layout-flow\">\n<h2 class=\"wp-block-heading\">Andrea Crovetti<\/h2>\n\n\n\n<p class=\"is-style-cursive has-xxl-font-size\">Valli di Comacchio<\/p>\n<\/div>\n<\/div>\n\n\n\n<div class=\"wp-block-columns alignwide are-vertically-aligned-center is-layout-flex wp-container-core-columns-is-layout-9d6595d7 wp-block-columns-is-layout-flex\">\n<div class=\"wp-block-column is-vertically-aligned-center is-style-secondary is-layout-flow wp-block-column-is-layout-flow\">\n<h2 class=\"wp-block-heading\">Michele Giambattista<\/h2>\n\n\n\n<p class=\"is-style-cursive has-xxl-font-size\">Capitanata<\/p>\n<\/div>\n\n\n\n<div class=\"wp-block-column is-vertically-aligned-center order-first sm:order-last is-layout-flow wp-block-column-is-layout-flow\">\n<figure class=\"wp-block-embed is-type-video is-provider-youtube wp-block-embed-youtube wp-embed-aspect-16-9 wp-has-aspect-ratio\"><div class=\"wp-block-embed__wrapper\">\n<iframe loading=\"lazy\" title=\"Capitanata - Michele Giambattista\" width=\"500\" height=\"281\" data-cookieconsent=\"marketing\" data-src=\"\/\/www.youtube-nocookie.com\/embed\/KM6iww20V1s?rel=0&#038;modestbranding=1&#038;enablejsapi=1&#038;feature=oembed&#038;width=500&#038;height=750\" frameborder=\"0\" allow=\"accelerometer; autoplay; clipboard-write; encrypted-media; gyroscope; picture-in-picture; web-share\" referrerpolicy=\"strict-origin-when-cross-origin\" allowfullscreen><\/iframe><div class=\"cookieconsent-embed-approval\">\n  <p>Per mostrarti questo video da Youtube abbiamo bisogno del tuo consenso ai cookie di profilazione.<\/p>\n  <button class=\"btn btn-renew-cookie-consent\">\n    Gestisci le tue Impostazioni Cookie.\n  <\/button>\n<\/div>\n\n<\/div><\/figure>\n<\/div>\n<\/div>\n\n\n\n<h2 class=\"wp-block-heading has-text-align-center\">BATTERSI PER L\u2019ALTA QUALIT\u00c0<\/h2>\n\n\n\n\n\n<div class=\"wp-block-columns alignwide is-layout-flex wp-container-core-columns-is-layout-9d6595d7 wp-block-columns-is-layout-flex\">\n<div class=\"wp-block-column is-layout-flow wp-block-column-is-layout-flow\">\n<div class=\"wp-block-media-text alignwide is-stacked-on-mobile is-style-boxed has-primary-background-color has-background\" style=\"grid-template-columns:85% auto\"><figure class=\"wp-block-media-text__media\"><img loading=\"lazy\" decoding=\"async\" src=\"https:\/\/mutti-parma.com\/app\/uploads\/sites\/3\/2019\/09\/section-farmers-price-1024x683.jpg\" alt=\"\" class=\"wp-image-30000045 size-full\" sizes=\"(max-width: 600px) 100vw, (min-width: 1440px) 1224px,85vw\" data-spai-crop=\"false\" srcset=\"https:\/\/mutti-parma.com\/app\/uploads\/sites\/3\/2019\/09\/section-farmers-price-1024x683.jpg 1024w, https:\/\/mutti-parma.com\/app\/uploads\/sites\/3\/2019\/09\/section-farmers-price-200x133.jpg 200w, https:\/\/mutti-parma.com\/app\/uploads\/sites\/3\/2019\/09\/section-farmers-price-500x334.jpg 500w, https:\/\/mutti-parma.com\/app\/uploads\/sites\/3\/2019\/09\/section-farmers-price-768x513.jpg 768w, https:\/\/mutti-parma.com\/app\/uploads\/sites\/3\/2019\/09\/section-farmers-price-150x100.jpg 150w, https:\/\/mutti-parma.com\/app\/uploads\/sites\/3\/2019\/09\/section-farmers-price-600x400.jpg 600w\" \/><\/figure><div class=\"wp-block-media-text__content\">\n<h3 class=\"wp-block-heading\">Prezzo<\/h3>\n\n\n\n<p class=\"is-style-cursive\">Un prezzo pi\u00f9 alto per un pomodoro migliore<\/p>\n\n\n\n<p>Mutti paga i suoi agricoltori pi\u00f9 della media del settore. Nel 2018, i coltivatori Mutti del Nord hanno ricevuto il 16% in pi\u00f9 della media, mentre i colleghi del Sud hanno ricevuto il 30% in pi\u00f9. In questo modo, Mutti rafforza le proprie partnership e libera capitale per investimenti nell\u2019agricoltura.<br><br>*+16% vs la media di mercato nel Nord Italia (+9% della media di mercato per la selezione e +7% per numeri primi, incentivi e servizi)<\/p>\n<\/div><\/div>\n<\/div>\n\n\n\n<div class=\"wp-block-column is-layout-flow wp-block-column-is-layout-flow\">\n<div class=\"wp-block-media-text alignwide is-stacked-on-mobile is-style-boxed has-primary-background-color has-background\" style=\"grid-template-columns:85% auto\"><figure class=\"wp-block-media-text__media\"><img loading=\"lazy\" decoding=\"async\" src=\"https:\/\/mutti-parma.com\/app\/uploads\/sites\/3\/2019\/09\/section-farmers-transparency-1024x681.jpg\" alt=\"\" class=\"wp-image-30000043 size-full\" sizes=\"(max-width: 600px) 100vw, (min-width: 1440px) 1224px,85vw\" data-spai-crop=\"false\" srcset=\"https:\/\/mutti-parma.com\/app\/uploads\/sites\/3\/2019\/09\/section-farmers-transparency-1024x681.jpg 1024w, https:\/\/mutti-parma.com\/app\/uploads\/sites\/3\/2019\/09\/section-farmers-transparency-200x133.jpg 200w, https:\/\/mutti-parma.com\/app\/uploads\/sites\/3\/2019\/09\/section-farmers-transparency-500x333.jpg 500w, https:\/\/mutti-parma.com\/app\/uploads\/sites\/3\/2019\/09\/section-farmers-transparency-768x511.jpg 768w, https:\/\/mutti-parma.com\/app\/uploads\/sites\/3\/2019\/09\/section-farmers-transparency-150x100.jpg 150w, https:\/\/mutti-parma.com\/app\/uploads\/sites\/3\/2019\/09\/section-farmers-transparency-600x399.jpg 600w\" \/><\/figure><div class=\"wp-block-media-text__content\">\n<h3 class=\"wp-block-heading\"><strong>Trasparenza<\/strong><\/h3>\n\n\n\n<p class=\"is-style-cursive\">Pomodori rintracciabili e agricoltura pi\u00f9 sostenibile<\/p>\n\n\n\n<p>Gli agricoltori Mutti devono adattare il loro lavoro ai metodi dell\u2019azienda e ai suoi valori. Uno di questi requisiti \u00e8 la completa tracciabilit\u00e0 del pomodoro.<\/p>\n<\/div><\/div>\n<\/div>\n<\/div>\n\n\n\n<div class=\"wp-block-columns alignwide is-layout-flex wp-container-core-columns-is-layout-9d6595d7 wp-block-columns-is-layout-flex\">\n<div class=\"wp-block-column is-layout-flow wp-block-column-is-layout-flow\">\n<div class=\"wp-block-media-text alignwide is-stacked-on-mobile is-style-boxed has-primary-background-color has-background\" style=\"grid-template-columns:85% auto\"><figure class=\"wp-block-media-text__media\"><img loading=\"lazy\" decoding=\"async\" src=\"https:\/\/mutti-parma.com\/app\/uploads\/sites\/3\/2019\/09\/section-farmers-respect-1024x682.jpg\" alt=\"\" class=\"wp-image-30000044 size-full\" sizes=\"(max-width: 600px) 100vw, (min-width: 1440px) 1224px,85vw\" data-spai-crop=\"false\" srcset=\"https:\/\/mutti-parma.com\/app\/uploads\/sites\/3\/2019\/09\/section-farmers-respect-1024x682.jpg 1024w, https:\/\/mutti-parma.com\/app\/uploads\/sites\/3\/2019\/09\/section-farmers-respect-200x133.jpg 200w, https:\/\/mutti-parma.com\/app\/uploads\/sites\/3\/2019\/09\/section-farmers-respect-500x333.jpg 500w, https:\/\/mutti-parma.com\/app\/uploads\/sites\/3\/2019\/09\/section-farmers-respect-768x512.jpg 768w, https:\/\/mutti-parma.com\/app\/uploads\/sites\/3\/2019\/09\/section-farmers-respect-150x100.jpg 150w, https:\/\/mutti-parma.com\/app\/uploads\/sites\/3\/2019\/09\/section-farmers-respect-600x400.jpg 600w\" \/><\/figure><div class=\"wp-block-media-text__content\">\n<h3 class=\"wp-block-heading\">Rispetto<\/h3>\n\n\n\n<p class=\"is-style-cursive\">Una raccolta completamente automatizzata rende pi\u00f9 sicuro il lavoro<\/p>\n\n\n\n<p>Gli accordi con gli agricoltori esigono macchinari per la raccolta. In questo modo, Mutti promuove l\u2019impiego stabile di lavoratori qualificati e rifiuta l\u2019utilizzo di lavoratori giornalieri.<\/p>\n<\/div><\/div>\n<\/div>\n\n\n\n<div class=\"wp-block-column is-layout-flow wp-block-column-is-layout-flow\">\n<div class=\"wp-block-media-text alignwide is-stacked-on-mobile is-style-boxed has-primary-background-color has-background\" style=\"grid-template-columns:85% auto\"><figure class=\"wp-block-media-text__media\"><img loading=\"lazy\" decoding=\"async\" src=\"https:\/\/mutti-parma.com\/app\/uploads\/sites\/3\/2019\/09\/section-farmers-cooperation.jpg\" alt=\"\" class=\"wp-image-30000046 size-full\" sizes=\"(max-width: 600px) 100vw, (min-width: 1440px) 1224px,85vw\" data-spai-crop=\"false\" srcset=\"https:\/\/mutti-parma.com\/app\/uploads\/sites\/3\/2019\/09\/section-farmers-cooperation.jpg 800w, https:\/\/mutti-parma.com\/app\/uploads\/sites\/3\/2019\/09\/section-farmers-cooperation-200x150.jpg 200w, https:\/\/mutti-parma.com\/app\/uploads\/sites\/3\/2019\/09\/section-farmers-cooperation-500x375.jpg 500w, https:\/\/mutti-parma.com\/app\/uploads\/sites\/3\/2019\/09\/section-farmers-cooperation-768x576.jpg 768w, https:\/\/mutti-parma.com\/app\/uploads\/sites\/3\/2019\/09\/section-farmers-cooperation-150x113.jpg 150w, https:\/\/mutti-parma.com\/app\/uploads\/sites\/3\/2019\/09\/section-farmers-cooperation-600x450.jpg 600w\" \/><\/figure><div class=\"wp-block-media-text__content\">\n<h3 class=\"wp-block-heading\"><strong>Collaborazion<\/strong>e<\/h3>\n\n\n\n<p class=\"is-style-cursive\">Legami saldi e fiducia reciproca<\/p>\n\n\n\n<p>Mutti conosce bene i suoi agricoltori, sono gli stessi che fanno parte della famiglia da diversi anni. Ha con loro un contatto diretto e costante.<\/p>\n<\/div><\/div>\n<\/div>\n<\/div>\n\n\n\n<div class=\"wp-block-cover alignwide is-light is-style-boxed\"><img loading=\"lazy\" decoding=\"async\" class=\"wp-block-cover__image-background wp-image-30000041\" src=\"https:\/\/mutti-parma.com\/app\/uploads\/sites\/3\/2019\/09\/section-golden-tomato-winners-growing-cycle.jpg\" data-object-fit=\"cover\" srcset=\"https:\/\/mutti-parma.com\/app\/uploads\/sites\/3\/2019\/09\/section-golden-tomato-winners-growing-cycle.jpg 1472w, https:\/\/mutti-parma.com\/app\/uploads\/sites\/3\/2019\/09\/section-golden-tomato-winners-growing-cycle-200x200.jpg 200w, https:\/\/mutti-parma.com\/app\/uploads\/sites\/3\/2019\/09\/section-golden-tomato-winners-growing-cycle-500x500.jpg 500w, https:\/\/mutti-parma.com\/app\/uploads\/sites\/3\/2019\/09\/section-golden-tomato-winners-growing-cycle-768x768.jpg 768w, https:\/\/mutti-parma.com\/app\/uploads\/sites\/3\/2019\/09\/section-golden-tomato-winners-growing-cycle-1024x1024.jpg 1024w, https:\/\/mutti-parma.com\/app\/uploads\/sites\/3\/2019\/09\/section-golden-tomato-winners-growing-cycle-150x150.jpg 150w, https:\/\/mutti-parma.com\/app\/uploads\/sites\/3\/2019\/09\/section-golden-tomato-winners-growing-cycle-600x600.jpg 600w, https:\/\/mutti-parma.com\/app\/uploads\/sites\/3\/2019\/09\/section-golden-tomato-winners-growing-cycle-50x50.jpg 50w, https:\/\/mutti-parma.com\/app\/uploads\/sites\/3\/2019\/09\/section-golden-tomato-winners-growing-cycle-60x60.jpg 60w\" sizes=\"(max-width: 1472px) 100vw, 1472px\" \/><span aria-hidden=\"true\" class=\"wp-block-cover__background has-white-background-color has-background-dim-100 has-background-dim\"><\/span><div class=\"wp-block-cover__inner-container is-layout-flow wp-block-cover-is-layout-flow\">\n<p class=\"has-text-align-center has-primary-color has-text-color\">Hai conosciuto la gente Mutti, ora:<\/p>\n\n\n\n<p class=\"has-text-align-center is-style-cursive has-xxl-font-size\">Leggi del ciclo di vita Mutti<\/p>\n\n\n\n<p class=\"has-text-align-center has-primary-color has-text-color\">e scopri come vengono coltivati e raccolti i pomodori Mutti.<\/p>\n<\/div><\/div>\n","protected":false},"excerpt":{"rendered":"<p>CArmine Fantasia Valle de Selle Rosetta e fausto vitali Parma Andrea Crovetti Valli di Comacchio Michele Giambattista Capitanata BATTERSI PER L\u2019ALTA QUALIT\u00c0 Prezzo Un prezzo pi\u00f9 alto per un pomodoro migliore Mutti paga i suoi agricoltori pi\u00f9 della media del settore. Nel 2018, i coltivatori Mutti del Nord hanno ricevuto il 16% in pi\u00f9 della<\/p>\n","protected":false},"author":1,"featured_media":300000163,"parent":5,"menu_order":61,"comment_status":"closed","ping_status":"closed","template":"template-farmers.php","meta":{"_acf_changed":false,"_relevanssi_hide_post":"","_relevanssi_hide_content":"","_relevanssi_pin_for_all":"","_relevanssi_pin_keywords":"","_relevanssi_unpin_keywords":"","_relevanssi_related_keywords":"","_relevanssi_related_include_ids":"","_relevanssi_related_exclude_ids":"","_relevanssi_related_no_append":"","_relevanssi_related_not_related":"","_relevanssi_related_posts":"","_relevanssi_noindex_reason":"","footnotes":""},"class_list":["post-12","page","type-page","status-publish","has-post-thumbnail","hentry"],"acf":[],"_links":{"self":[{"href":"https:\/\/mutti-parma.com\/it\/wp-json\/wp\/v2\/pages\/12","targetHints":{"allow":["GET"]}}],"collection":[{"href":"https:\/\/mutti-parma.com\/it\/wp-json\/wp\/v2\/pages"}],"about":[{"href":"https:\/\/mutti-parma.com\/it\/wp-json\/wp\/v2\/types\/page"}],"author":[{"embeddable":true,"href":"https:\/\/mutti-parma.com\/it\/wp-json\/wp\/v2\/users\/1"}],"replies":[{"embeddable":true,"href":"https:\/\/mutti-parma.com\/it\/wp-json\/wp\/v2\/comments?post=12"}],"version-history":[{"count":12,"href":"https:\/\/mutti-parma.com\/it\/wp-json\/wp\/v2\/pages\/12\/revisions"}],"predecessor-version":[{"id":13192,"href":"https:\/\/mutti-parma.com\/it\/wp-json\/wp\/v2\/pages\/12\/revisions\/13192"}],"up":[{"embeddable":true,"href":"https:\/\/mutti-parma.com\/it\/wp-json\/wp\/v2\/pages\/5"}],"wp:featuredmedia":[{"embeddable":true,"href":"https:\/\/mutti-parma.com\/it\/wp-json\/wp\/v2\/media\/163"}],"wp:attachment":[{"href":"https:\/\/mutti-parma.com\/it\/wp-json\/wp\/v2\/media?parent=12"}],"curies":[{"name":"wp","href":"https:\/\/api.w.org\/{rel}","templated":true}]}}