{"id":13059,"date":"2026-02-02T15:18:15","date_gmt":"2026-02-02T15:18:15","guid":{"rendered":"https:\/\/mutti-parma.com\/it\/?page_id=13059"},"modified":"2026-02-06T14:01:23","modified_gmt":"2026-02-06T14:01:23","slug":"zuppe-fresche","status":"publish","type":"page","link":"https:\/\/mutti-parma.com\/it\/zuppe-fresche\/","title":{"rendered":"Zuppe Fresche"},"content":{"rendered":"\n<figure class=\"wp-block-video alignfull\"><video\n  controls\n  autoplay\n  \n  muted\n  loop\n  loading=\"lazy\"\n  \n  \n  \n\n  \n  >\n            <source src=\"https:\/\/cdn.mutti-parma.com\/app\/uploads\/sites\/7\/2026\/02\/mutti-header-zuppe-video.mp4\" type=\"video\/mp4\">\n      <\/video>\n\n<\/figure>\n\n\n\n<h2 class=\"wp-block-heading has-text-align-center\" style=\"text-transform:uppercase\">zuppe mutti: <br>100% QUALIT\u00e0, 0% SBATTI.<\/h2>\n\n\n\n\n\n<p class=\"has-text-align-center\">Per i <strong>veri buongustai<\/strong> che non vogliono mai rinunciare alla qualit\u00e0, nemmeno nelle giornate pi\u00f9 frenetiche, quando il tempo o la voglia di cucinare scarseggiano, ci sono le <strong>Zuppe Mutti<\/strong>: il miglior pomodoro 100% italiano incontra <strong>le ricette della tradizione<\/strong>, per un gusto autentico e di qualit\u00e0, <br><strong>pronto in pochi minuti<\/strong> in microonde.<\/p>\n\n\n\n<div style=\"height:15px\" aria-hidden=\"true\" class=\"wp-block-spacer\"><\/div>\n\n\n\n<div style=\"height:32px\" aria-hidden=\"true\" class=\"wp-block-spacer\"><\/div>\n\n\n\n\n\n<figure class=\"wp-block-image alignwide size-full is-style-default\" data-hide-on=\"tablet mobile\"><img loading=\"lazy\" decoding=\"async\" width=\"2560\" height=\"1275\" src=\"https:\/\/mutti-parma.com\/app\/uploads\/sites\/7\/2026\/02\/banner-novita-desktop-scaled.png\" alt=\"\" class=\"wp-image-13075\" srcset=\"https:\/\/mutti-parma.com\/app\/uploads\/sites\/7\/2026\/02\/banner-novita-desktop-scaled.png 2560w, https:\/\/mutti-parma.com\/app\/uploads\/sites\/7\/2026\/02\/banner-novita-desktop-500x249.png 500w, https:\/\/mutti-parma.com\/app\/uploads\/sites\/7\/2026\/02\/banner-novita-desktop-1024x510.png 1024w, https:\/\/mutti-parma.com\/app\/uploads\/sites\/7\/2026\/02\/banner-novita-desktop-200x100.png 200w, https:\/\/mutti-parma.com\/app\/uploads\/sites\/7\/2026\/02\/banner-novita-desktop-768x383.png 768w, https:\/\/mutti-parma.com\/app\/uploads\/sites\/7\/2026\/02\/banner-novita-desktop-150x75.png 150w, https:\/\/mutti-parma.com\/app\/uploads\/sites\/7\/2026\/02\/banner-novita-desktop-600x299.png 600w, https:\/\/mutti-parma.com\/app\/uploads\/sites\/7\/2026\/02\/banner-novita-desktop-1536x765.png 1536w, https:\/\/mutti-parma.com\/app\/uploads\/sites\/7\/2026\/02\/banner-novita-desktop-2048x1020.png 2048w\" sizes=\"(max-width: 2560px) 100vw, 2560px\" \/><\/figure>\n\n\n\n<figure class=\"wp-block-image alignwide size-full\" data-hide-on=\"desktop\"><img loading=\"lazy\" decoding=\"async\" width=\"634\" height=\"826\" src=\"https:\/\/mutti-parma.com\/app\/uploads\/sites\/7\/2026\/02\/banner-novita-mobile.png\" alt=\"\" class=\"wp-image-13077\" srcset=\"https:\/\/mutti-parma.com\/app\/uploads\/sites\/7\/2026\/02\/banner-novita-mobile.png 634w, https:\/\/mutti-parma.com\/app\/uploads\/sites\/7\/2026\/02\/banner-novita-mobile-384x500.png 384w, https:\/\/mutti-parma.com\/app\/uploads\/sites\/7\/2026\/02\/banner-novita-mobile-154x200.png 154w, https:\/\/mutti-parma.com\/app\/uploads\/sites\/7\/2026\/02\/banner-novita-mobile-150x195.png 150w, https:\/\/mutti-parma.com\/app\/uploads\/sites\/7\/2026\/02\/banner-novita-mobile-600x782.png 600w\" sizes=\"(max-width: 634px) 100vw, 634px\" \/><\/figure>\n\n\n<div\n  class=\"\n    mutti-slideshow\n    \n    alignwide\n    \n  \"\n    data-vue-wrapper>\n  <slideshow\n    :pagination=\"true\"\n    :navigation=\"true\"\n    class=\"lg:-mx-8\"\n\n          :slides-per-view=\"1\"\n      :slides-per-view-md=\"1\"\n      :slides-per-view-sm=\"1\"\n                :options='{&quot;autoplay&quot;:false,&quot;loop&quot;:false,&quot;autoHeight&quot;:true,&quot;spaceBetween&quot;:60}'\n    :template-classes='{\"navigationGutter\":\"mx-8\",\"navigationPrevButton\":\"fa-solid fa-chevron-left text-2xl md:text-3xl text-primary\",\"navigationNextButton\":\"fa-solid fa-chevron-right text-2xl md:text-3xl text-primary\"}'\n  >\n    \n<div class=\"swiper-slide wp-block-mutti-slide\">\n    \n\n<div style=\"--media-width: 50\" class=\"wp-block-media-text alignwide is-stacked-on-mobile bg-left-bottom has-background-image\"><img loading=\"lazy\" decoding=\"async\" class=\"wp-block-media-text__background\" alt=\"\" data-spai-crop=\"true\" src=\"https:\/\/mutti-parma.com\/app\/uploads\/sites\/7\/2023\/01\/background-pomodorata.jpg\" \/><figure class=\"wp-block-media-text__media\"><img loading=\"lazy\" decoding=\"async\" width=\"958\" height=\"931\" src=\"https:\/\/mutti-parma.com\/app\/uploads\/sites\/7\/2023\/01\/pomodorata-piatto.jpg\" alt=\"pomodorata-piatto\" class=\"wp-image-8182 size-full\" sizes=\"(max-width: 600px) 100vw, (min-width: 1440px) 792px,55vw\" data-spai-crop=\"false\" srcset=\"https:\/\/mutti-parma.com\/app\/uploads\/sites\/7\/2023\/01\/pomodorata-piatto.jpg 958w, https:\/\/mutti-parma.com\/app\/uploads\/sites\/7\/2023\/01\/pomodorata-piatto-500x486.jpg 500w, https:\/\/mutti-parma.com\/app\/uploads\/sites\/7\/2023\/01\/pomodorata-piatto-200x194.jpg 200w, https:\/\/mutti-parma.com\/app\/uploads\/sites\/7\/2023\/01\/pomodorata-piatto-768x746.jpg 768w, https:\/\/mutti-parma.com\/app\/uploads\/sites\/7\/2023\/01\/pomodorata-piatto-150x146.jpg 150w, https:\/\/mutti-parma.com\/app\/uploads\/sites\/7\/2023\/01\/pomodorata-piatto-600x583.jpg 600w, https:\/\/mutti-parma.com\/app\/uploads\/sites\/7\/2023\/01\/pomodorata-piatto-50x50.jpg 50w\" \/><\/figure><div class=\"wp-block-media-text__content\">\n<h6 class=\"wp-block-heading has-large-font-size\">Pomodorata<br>con Farro e lenticchie<\/h6>\n\n\n\n<p>Se sei uno di quei buongustai che non sa scegliere tra primo e secondo e a cui non basta una porzione, questa \u00e8 decisamente la zuppa che fa per te. Una ricetta ricca e corposa, capace di soddisfare anche i palati pi\u00f9 allenati.<\/p>\n\n\n\n\n<\/div><\/div>\n\n\n  <\/div>\n\n\n<div class=\"swiper-slide wp-block-mutti-slide\">\n    \n\n<div style=\"--media-width: 50\" class=\"wp-block-media-text alignwide has-media-on-the-right is-stacked-on-mobile bg-right-bottom has-background-image\"><img loading=\"lazy\" decoding=\"async\" class=\"wp-block-media-text__background\" alt=\"\" data-spai-crop=\"true\" src=\"https:\/\/mutti-parma.com\/app\/uploads\/sites\/7\/2023\/01\/background-pomodorata.jpg\" \/><div class=\"wp-block-media-text__content\">\n<h2 class=\"wp-block-heading has-large-font-size\">fatta con il<\/h2>\n\n\n\n<p class=\"has-xxl-font-size is-style-cursive\">Pomodoro Tondo<\/p>\n\n\n\n<p class=\"has-base-font-size\">intenso e fruttato, abbinato alla corposit\u00e0 di farro e lenticchie e insaporito da sedano, carote e scalogno con olio extravergine d\u2019oliva.<\/p>\n\n\n\n<div class=\"wp-block-buttons is-layout-flex wp-block-buttons-is-layout-flex\"><\/div>\n\n\n\n\n<\/div><figure class=\"wp-block-media-text__media\"><img loading=\"lazy\" decoding=\"async\" width=\"958\" height=\"931\" src=\"https:\/\/mutti-parma.com\/app\/uploads\/sites\/7\/2023\/01\/pomodorata-pack.jpg\" alt=\"pomodorata-pack\" class=\"wp-image-8181 size-full\" sizes=\"(max-width: 600px) 100vw, (min-width: 1440px) 792px,55vw\" data-spai-crop=\"false\" srcset=\"https:\/\/mutti-parma.com\/app\/uploads\/sites\/7\/2023\/01\/pomodorata-pack.jpg 958w, https:\/\/mutti-parma.com\/app\/uploads\/sites\/7\/2023\/01\/pomodorata-pack-500x486.jpg 500w, https:\/\/mutti-parma.com\/app\/uploads\/sites\/7\/2023\/01\/pomodorata-pack-200x194.jpg 200w, https:\/\/mutti-parma.com\/app\/uploads\/sites\/7\/2023\/01\/pomodorata-pack-768x746.jpg 768w, https:\/\/mutti-parma.com\/app\/uploads\/sites\/7\/2023\/01\/pomodorata-pack-150x146.jpg 150w, https:\/\/mutti-parma.com\/app\/uploads\/sites\/7\/2023\/01\/pomodorata-pack-600x583.jpg 600w, https:\/\/mutti-parma.com\/app\/uploads\/sites\/7\/2023\/01\/pomodorata-pack-50x50.jpg 50w\" \/><\/figure><\/div>\n\n\n  <\/div>\n\n\n  <\/slideshow>\n<\/div>\n\n\n<div\n  class=\"\n    mutti-slideshow\n    \n    alignwide\n    \n  \"\n    data-vue-wrapper>\n  <slideshow\n    :pagination=\"true\"\n    :navigation=\"true\"\n    class=\"lg:-mx-8\"\n\n          :slides-per-view=\"1\"\n      :slides-per-view-md=\"1\"\n      :slides-per-view-sm=\"1\"\n                :options='{&quot;autoplay&quot;:false,&quot;loop&quot;:false,&quot;autoHeight&quot;:true,&quot;spaceBetween&quot;:60}'\n    :template-classes='{\"navigationGutter\":\"mx-8\",\"navigationPrevButton\":\"fa-solid fa-chevron-left text-2xl md:text-3xl text-primary\",\"navigationNextButton\":\"fa-solid fa-chevron-right text-2xl md:text-3xl text-primary\"}'\n  >\n    \n<div class=\"swiper-slide wp-block-mutti-slide\">\n    \n\n\n\n<div style=\"--media-width: 50\" class=\"wp-block-media-text alignwide is-stacked-on-mobile bg-left-bottom has-background-image\"><img loading=\"lazy\" decoding=\"async\" class=\"wp-block-media-text__background\" alt=\"\" data-spai-crop=\"true\" src=\"https:\/\/mutti-parma.com\/app\/uploads\/sites\/7\/2023\/01\/background-pappa-al-pomodoro.jpg\" \/><figure class=\"wp-block-media-text__media\"><img loading=\"lazy\" decoding=\"async\" width=\"958\" height=\"931\" src=\"https:\/\/mutti-parma.com\/app\/uploads\/sites\/7\/2023\/01\/pappa-piatto.jpg\" alt=\"pappa-piatto\" class=\"wp-image-8179 size-full\" sizes=\"(max-width: 600px) 100vw, (min-width: 1440px) 792px,55vw\" data-spai-crop=\"false\" srcset=\"https:\/\/mutti-parma.com\/app\/uploads\/sites\/7\/2023\/01\/pappa-piatto.jpg 958w, https:\/\/mutti-parma.com\/app\/uploads\/sites\/7\/2023\/01\/pappa-piatto-500x486.jpg 500w, https:\/\/mutti-parma.com\/app\/uploads\/sites\/7\/2023\/01\/pappa-piatto-200x194.jpg 200w, https:\/\/mutti-parma.com\/app\/uploads\/sites\/7\/2023\/01\/pappa-piatto-768x746.jpg 768w, https:\/\/mutti-parma.com\/app\/uploads\/sites\/7\/2023\/01\/pappa-piatto-150x146.jpg 150w, https:\/\/mutti-parma.com\/app\/uploads\/sites\/7\/2023\/01\/pappa-piatto-600x583.jpg 600w, https:\/\/mutti-parma.com\/app\/uploads\/sites\/7\/2023\/01\/pappa-piatto-50x50.jpg 50w\" \/><\/figure><div class=\"wp-block-media-text__content\">\n<h6 class=\"wp-block-heading has-large-font-size\">Pappa<br>al pomodoro<\/h6>\n\n\n\n<p>Un classico italiano preparato dallo specialista del pomodoro. Se anche tu ami i gusti intensi e genuini della tradizione, questa \u00e8 la tua occasione per deliziare le tue papille gustative con un piatto rustico e vivace.<\/p>\n\n\n\n\n<\/div><\/div>\n\n\n  <\/div>\n\n\n<div class=\"swiper-slide wp-block-mutti-slide\">\n    \n\n<div style=\"--media-width: 50\" class=\"wp-block-media-text alignwide has-media-on-the-right is-stacked-on-mobile bg-right-bottom has-background-image\"><img loading=\"lazy\" decoding=\"async\" class=\"wp-block-media-text__background\" alt=\"\" data-spai-crop=\"true\" src=\"https:\/\/mutti-parma.com\/app\/uploads\/sites\/7\/2023\/01\/background-pappa-al-pomodoro.jpg\" \/><div class=\"wp-block-media-text__content\">\n<h2 class=\"wp-block-heading has-large-font-size\">fatta con il<\/h2>\n\n\n\n<p class=\"has-xxl-font-size is-style-cursive\">Pomodoro Datterino<\/p>\n\n\n\n<p class=\"has-base-font-size\">dal gusto naturalmente dolce, che si sposa con la bont\u00e0 del pane, il profumo delle foglie di basilico e un filo d\u2019olio extravergine d\u2019oliva.<\/p>\n\n\n\n<div class=\"wp-block-buttons is-layout-flex wp-block-buttons-is-layout-flex\"><\/div>\n\n\n\n\n<\/div><figure class=\"wp-block-media-text__media\"><img loading=\"lazy\" decoding=\"async\" width=\"958\" height=\"931\" src=\"https:\/\/mutti-parma.com\/app\/uploads\/sites\/7\/2023\/01\/pappa-pack.jpg\" alt=\"pappa-pack\" class=\"wp-image-8178 size-full\" sizes=\"(max-width: 600px) 100vw, (min-width: 1440px) 792px,55vw\" data-spai-crop=\"false\" srcset=\"https:\/\/mutti-parma.com\/app\/uploads\/sites\/7\/2023\/01\/pappa-pack.jpg 958w, https:\/\/mutti-parma.com\/app\/uploads\/sites\/7\/2023\/01\/pappa-pack-500x486.jpg 500w, https:\/\/mutti-parma.com\/app\/uploads\/sites\/7\/2023\/01\/pappa-pack-200x194.jpg 200w, https:\/\/mutti-parma.com\/app\/uploads\/sites\/7\/2023\/01\/pappa-pack-768x746.jpg 768w, https:\/\/mutti-parma.com\/app\/uploads\/sites\/7\/2023\/01\/pappa-pack-150x146.jpg 150w, https:\/\/mutti-parma.com\/app\/uploads\/sites\/7\/2023\/01\/pappa-pack-600x583.jpg 600w, https:\/\/mutti-parma.com\/app\/uploads\/sites\/7\/2023\/01\/pappa-pack-50x50.jpg 50w\" \/><\/figure><\/div>\n\n\n  <\/div>\n\n\n  <\/slideshow>\n<\/div>\n\n\n\n<div style=\"height:80px\" aria-hidden=\"true\" class=\"wp-block-spacer\"><\/div>\n\n\n\n<figure class=\"wp-block-image alignwide size-large\" data-hide-on=\"mobile tablet\"><a href=\"https:\/\/mutti-parma.com\/it\/categoria-di-prodotto\/zuppe-fresche\/\"><img loading=\"lazy\" decoding=\"async\" width=\"1024\" height=\"244\" src=\"https:\/\/mutti-parma.com\/app\/uploads\/sites\/7\/2026\/02\/pack-groupage-1024x244.png\" alt=\"Zuppe mutti\" class=\"wp-image-13064\" srcset=\"https:\/\/mutti-parma.com\/app\/uploads\/sites\/7\/2026\/02\/pack-groupage-1024x244.png 1024w, https:\/\/mutti-parma.com\/app\/uploads\/sites\/7\/2026\/02\/pack-groupage-500x119.png 500w, https:\/\/mutti-parma.com\/app\/uploads\/sites\/7\/2026\/02\/pack-groupage-200x48.png 200w, https:\/\/mutti-parma.com\/app\/uploads\/sites\/7\/2026\/02\/pack-groupage-768x183.png 768w, https:\/\/mutti-parma.com\/app\/uploads\/sites\/7\/2026\/02\/pack-groupage-150x36.png 150w, https:\/\/mutti-parma.com\/app\/uploads\/sites\/7\/2026\/02\/pack-groupage-600x143.png 600w, https:\/\/mutti-parma.com\/app\/uploads\/sites\/7\/2026\/02\/pack-groupage-1536x366.png 1536w, https:\/\/mutti-parma.com\/app\/uploads\/sites\/7\/2026\/02\/pack-groupage-2048x488.png 2048w\" sizes=\"(max-width: 1024px) 100vw, 1024px\" \/><\/a><\/figure>\n\n\n\n<figure class=\"wp-block-image size-full\" data-hide-on=\"desktop\"><a href=\"https:\/\/mutti-parma.com\/it\/categoria-di-prodotto\/zuppe-fresche\/\"><img loading=\"lazy\" decoding=\"async\" width=\"496\" height=\"363\" src=\"https:\/\/mutti-parma.com\/app\/uploads\/sites\/7\/2026\/02\/pack-groupage-mobile.png\" alt=\"\" class=\"wp-image-13079\" srcset=\"https:\/\/mutti-parma.com\/app\/uploads\/sites\/7\/2026\/02\/pack-groupage-mobile.png 496w, https:\/\/mutti-parma.com\/app\/uploads\/sites\/7\/2026\/02\/pack-groupage-mobile-200x146.png 200w, https:\/\/mutti-parma.com\/app\/uploads\/sites\/7\/2026\/02\/pack-groupage-mobile-150x110.png 150w\" sizes=\"(max-width: 496px) 100vw, 496px\" \/><\/a><\/figure>\n\n\n\n<div class=\"wp-block-buttons is-content-justification-center is-layout-flex wp-container-core-buttons-is-layout-5e6b19ed wp-block-buttons-is-layout-flex\">\n<div class=\"wp-block-button is-style-large-button\"><a class=\"wp-block-button__link wp-element-button\" href=\"https:\/\/mutti-parma.com\/it\/categoria-di-prodotto\/zuppe-fresche\/\" style=\"border-radius:50px\">SCOPRI TUTTa la gamma<\/a><\/div>\n<\/div>\n\n\n\n<div style=\"height:80px\" aria-hidden=\"true\" class=\"wp-block-spacer\"><\/div>\n\n\n\n<figure class=\"wp-block-image alignwide size-large is-style-default\"><img loading=\"lazy\" decoding=\"async\" width=\"1024\" height=\"393\" src=\"https:\/\/mutti-parma.com\/app\/uploads\/sites\/7\/2024\/03\/zuppe-gamma-prodotto-anno-1024x393.jpg\" alt=\"Zuppe, prodotto dell'anno\" class=\"wp-image-10307\" srcset=\"https:\/\/mutti-parma.com\/app\/uploads\/sites\/7\/2024\/03\/zuppe-gamma-prodotto-anno-1024x393.jpg 1024w, https:\/\/mutti-parma.com\/app\/uploads\/sites\/7\/2024\/03\/zuppe-gamma-prodotto-anno-500x192.jpg 500w, https:\/\/mutti-parma.com\/app\/uploads\/sites\/7\/2024\/03\/zuppe-gamma-prodotto-anno-200x77.jpg 200w, https:\/\/mutti-parma.com\/app\/uploads\/sites\/7\/2024\/03\/zuppe-gamma-prodotto-anno-768x295.jpg 768w, https:\/\/mutti-parma.com\/app\/uploads\/sites\/7\/2024\/03\/zuppe-gamma-prodotto-anno-150x58.jpg 150w, https:\/\/mutti-parma.com\/app\/uploads\/sites\/7\/2024\/03\/zuppe-gamma-prodotto-anno-600x230.jpg 600w, https:\/\/mutti-parma.com\/app\/uploads\/sites\/7\/2024\/03\/zuppe-gamma-prodotto-anno-1536x590.jpg 1536w, https:\/\/mutti-parma.com\/app\/uploads\/sites\/7\/2024\/03\/zuppe-gamma-prodotto-anno.jpg 1920w\" sizes=\"(max-width: 1024px) 100vw, 1024px\" \/><\/figure>\n\n\n\n<div class=\"wp-block-cover alignwide\" data-hide-on=\"mobile tablet desktop\"><span aria-hidden=\"true\" class=\"wp-block-cover__background has-primary-background-color has-background-dim-100 has-background-dim\"><\/span><div class=\"wp-block-cover__inner-container is-layout-flow wp-block-cover-is-layout-flow\">\n<div class=\"wp-block-media-text alignwide has-media-on-the-right is-stacked-on-mobile\"><div class=\"wp-block-media-text__content\">\n<h2 class=\"wp-block-heading has-text-align-left\">Ogni Giorno<\/h2>\n\n\n\n<p>A voi che non vi stancate mai di provare e riprovare.<br> Di assaggiare, aggiungere e dosare.<br> A voi che non vi fermate davanti a una cottura sbagliata.<br> O a una pasta salata.<br> A voi che non esiste mai una ricetta troppo difficile, al massimo una sua versione facile.<br> A voi che non c\u2019\u00e8 cena fuori che tenga,<br> e che anche alla vicina di casa direste \u201cvenga\u201d.<br> A voi che, in cucina, ci mettete tutto il vostro impegno, Mutti dedica la sua nuova campagna \u201cOgni giorno\u201d.<\/p>\n\n\n\n<div class=\"wp-block-button mt-8 alignleft\"><a class=\"wp-block-button__link wp-element-button\" href=\"https:\/\/mutti-parma.com\/it\/ogni-giorno-indispensabili\/\">Scopri di pi\u00f9<\/a><\/div>\n<\/div><figure class=\"wp-block-media-text__media\"><img loading=\"lazy\" decoding=\"async\" width=\"1024\" height=\"1024\" src=\"https:\/\/mutti-parma.com\/app\/uploads\/sites\/7\/2019\/10\/mutti-campaign-keyframe-1024x1024.jpg\" alt=\"donna cucina con polpa di pomodoro mutti\" class=\"wp-image-2293 size-full\" sizes=\"(max-width: 600px) 100vw, (min-width: 1440px) 792px,55vw\" data-spai-crop=\"false\" srcset=\"https:\/\/mutti-parma.com\/app\/uploads\/sites\/7\/2019\/10\/mutti-campaign-keyframe-1024x1024.jpg 1024w, https:\/\/mutti-parma.com\/app\/uploads\/sites\/7\/2019\/10\/mutti-campaign-keyframe-200x200.jpg 200w, https:\/\/mutti-parma.com\/app\/uploads\/sites\/7\/2019\/10\/mutti-campaign-keyframe-500x500.jpg 500w, https:\/\/mutti-parma.com\/app\/uploads\/sites\/7\/2019\/10\/mutti-campaign-keyframe-768x768.jpg 768w, https:\/\/mutti-parma.com\/app\/uploads\/sites\/7\/2019\/10\/mutti-campaign-keyframe-150x150.jpg 150w, https:\/\/mutti-parma.com\/app\/uploads\/sites\/7\/2019\/10\/mutti-campaign-keyframe-600x600.jpg 600w, https:\/\/mutti-parma.com\/app\/uploads\/sites\/7\/2019\/10\/mutti-campaign-keyframe-50x50.jpg 50w, https:\/\/mutti-parma.com\/app\/uploads\/sites\/7\/2019\/10\/mutti-campaign-keyframe.jpg 1200w\" \/><\/figure><\/div>\n<\/div><\/div>\n\n\n\n<div class=\"wp-block-cover alignwide\" data-hide-on=\"mobile tablet desktop\"><span aria-hidden=\"true\" class=\"wp-block-cover__background has-primary-background-color has-background-dim-100 has-background-dim\"><\/span><div class=\"wp-block-cover__inner-container is-layout-flow wp-block-cover-is-layout-flow\">\n<div class=\"wp-block-media-text alignwide has-media-on-the-right is-stacked-on-mobile\"><div class=\"wp-block-media-text__content\">\n<h2 class=\"wp-block-heading has-text-align-left\">Ogni Giorno &#8211; POLPA DATTERINI <\/h2>\n\n\n\n<p>A voi che con una ricetta nuova avete a che fare e la prendete come una prova per migliorare.<br> A voi che oltre a stare dietro ai fornelli, dovete anche guardare i monelli.<br> A voi che per vincere vi scegliete l\u2019alleato giusto.<br> Perch\u00e9 ogni piatto sia buono e ricco di gusto!<br> A voi che non vi lasciate demotivare da chi crede che non ce la possiate fare.<br> Ormai avete deciso, vi volete superare.<br> A voi che, in cucina, ci mettete tutto il vostro impegno, Mutti dedica tutta la dolcezza della nuova Polpa Datterini.<\/p>\n\n\n\n\n\n<div class=\"wp-block-button mt-8 alignleft\"><a class=\"wp-block-button__link wp-element-button\" href=\"https:\/\/mutti-parma.com\/it\/ogni-giorno-polpa-datterini\/\">Scopri di pi\u00f9<\/a><\/div>\n<\/div><figure class=\"wp-block-media-text__media\"><img loading=\"lazy\" decoding=\"async\" width=\"567\" height=\"468\" src=\"https:\/\/mutti-parma.com\/app\/uploads\/sites\/7\/2023\/12\/cropped-ognigiornoincucina.jpg\" alt=\"polpa datterini in cucina\" class=\"wp-image-10012 size-full\" sizes=\"(max-width: 600px) 100vw, (min-width: 1440px) 792px,55vw\" data-spai-crop=\"false\" srcset=\"https:\/\/mutti-parma.com\/app\/uploads\/sites\/7\/2023\/12\/cropped-ognigiornoincucina.jpg 567w, https:\/\/mutti-parma.com\/app\/uploads\/sites\/7\/2023\/12\/cropped-ognigiornoincucina-500x413.jpg 500w, https:\/\/mutti-parma.com\/app\/uploads\/sites\/7\/2023\/12\/cropped-ognigiornoincucina-200x165.jpg 200w, https:\/\/mutti-parma.com\/app\/uploads\/sites\/7\/2023\/12\/cropped-ognigiornoincucina-150x124.jpg 150w\" \/><\/figure><\/div>\n<\/div><\/div>\n\n\n\n<div class=\"wp-block-cover alignwide\" data-hide-on=\"mobile tablet desktop\"><span aria-hidden=\"true\" class=\"wp-block-cover__background has-primary-background-color has-background-dim-100 has-background-dim\"><\/span><div class=\"wp-block-cover__inner-container is-layout-flow wp-block-cover-is-layout-flow\">\n<div class=\"wp-block-media-text alignwide has-media-on-the-right is-stacked-on-mobile\"><div class=\"wp-block-media-text__content\">\n<h2 class=\"wp-block-heading\">OGNI GIORNO &#8211; PESTI DI POMODORO<\/h2>\n\n\n\n<p>A voi che\navete una famiglia da saziare\ne gli amici da accontentare.<br>A voi che alla rissa quotidiana, tra un amante della carne e una vegetariana, volete metter pace preparando ci\u00f2 che a tutti e due piace.<br>A voi che con destrezza portate in tavola gusto e leggerezza.<br>A voi che preparate piatti speciali e non siete mai banali. <br>A voi che fate sempre del vostro meglio, noi di Mutti dedichiamo i nuovi Pesti di Pomodoro: sfiziosi e saporiti, ma con meno grassi*. <\/p>\n\n\n\n<div class=\"wp-block-button\"><a class=\"wp-block-button__link wp-element-button\" href=\"https:\/\/mutti-parma.com\/it\/ogni-giorno\/\">SCOPRI DI PI\u00f9<\/a><\/div>\n\n\n\n<p><br>* -30% di grassi rispetto alla media dei pesti pi\u00f9 venduti in Italia diversi dai pesti alla genovese.<br><a rel=\"noreferrer noopener\" href=\"https:\/\/mutti-parma.com\/app\/uploads\/sites\/7\/2023\/07\/communicazione-circana.pdf\" target=\"_blank\">Fonte: rielaborazione dati Circana.<\/a><br><a href=\"https:\/\/mutti-parma.com\/app\/uploads\/sites\/7\/2023\/07\/mutti-tabella-comparativa-pesti-maggio2023.pdf\" target=\"_blank\" rel=\"noreferrer noopener\">Leggi la tabella comparativa dei Pesti di pomodoro Mutti.<\/a><\/p>\n<\/div><figure class=\"wp-block-media-text__media\"><img loading=\"lazy\" decoding=\"async\" width=\"678\" height=\"557\" src=\"https:\/\/mutti-parma.com\/app\/uploads\/sites\/7\/2024\/01\/pesti-cucina-cropped.jpg\" alt=\"pesto in cucina\" class=\"wp-image-10015 size-full\" sizes=\"(max-width: 600px) 100vw, (min-width: 1440px) 792px,55vw\" data-spai-crop=\"false\" srcset=\"https:\/\/mutti-parma.com\/app\/uploads\/sites\/7\/2024\/01\/pesti-cucina-cropped.jpg 678w, https:\/\/mutti-parma.com\/app\/uploads\/sites\/7\/2024\/01\/pesti-cucina-cropped-500x411.jpg 500w, https:\/\/mutti-parma.com\/app\/uploads\/sites\/7\/2024\/01\/pesti-cucina-cropped-200x164.jpg 200w, https:\/\/mutti-parma.com\/app\/uploads\/sites\/7\/2024\/01\/pesti-cucina-cropped-150x123.jpg 150w, https:\/\/mutti-parma.com\/app\/uploads\/sites\/7\/2024\/01\/pesti-cucina-cropped-600x493.jpg 600w\" \/><\/figure><\/div>\n\n\n<\/div><\/div>\n\n\n","protected":false},"excerpt":{"rendered":"<p>zuppe mutti: 100% QUALIT\u00e0, 0% SBATTI. Per i veri buongustai che non vogliono mai rinunciare alla qualit\u00e0, nemmeno nelle giornate pi\u00f9 frenetiche, quando il tempo o la voglia di cucinare scarseggiano, ci sono le Zuppe Mutti: il miglior pomodoro 100% italiano incontra le ricette della tradizione, per un gusto autentico e di qualit\u00e0, pronto in<\/p>\n","protected":false},"author":90,"featured_media":0,"parent":0,"menu_order":46,"comment_status":"closed","ping_status":"closed","template":"","meta":{"_acf_changed":false,"_relevanssi_hide_post":"","_relevanssi_hide_content":"","_relevanssi_pin_for_all":"","_relevanssi_pin_keywords":"","_relevanssi_unpin_keywords":"","_relevanssi_related_keywords":"","_relevanssi_related_include_ids":"","_relevanssi_related_exclude_ids":"","_relevanssi_related_no_append":"","_relevanssi_related_not_related":"","_relevanssi_related_posts":"","_relevanssi_noindex_reason":"","footnotes":""},"class_list":["post-13059","page","type-page","status-publish","hentry"],"acf":[],"_links":{"self":[{"href":"https:\/\/mutti-parma.com\/it\/wp-json\/wp\/v2\/pages\/13059","targetHints":{"allow":["GET"]}}],"collection":[{"href":"https:\/\/mutti-parma.com\/it\/wp-json\/wp\/v2\/pages"}],"about":[{"href":"https:\/\/mutti-parma.com\/it\/wp-json\/wp\/v2\/types\/page"}],"author":[{"embeddable":true,"href":"https:\/\/mutti-parma.com\/it\/wp-json\/wp\/v2\/users\/90"}],"replies":[{"embeddable":true,"href":"https:\/\/mutti-parma.com\/it\/wp-json\/wp\/v2\/comments?post=13059"}],"version-history":[{"count":28,"href":"https:\/\/mutti-parma.com\/it\/wp-json\/wp\/v2\/pages\/13059\/revisions"}],"predecessor-version":[{"id":13124,"href":"https:\/\/mutti-parma.com\/it\/wp-json\/wp\/v2\/pages\/13059\/revisions\/13124"}],"wp:attachment":[{"href":"https:\/\/mutti-parma.com\/it\/wp-json\/wp\/v2\/media?parent=13059"}],"curies":[{"name":"wp","href":"https:\/\/api.w.org\/{rel}","templated":true}]}}