{"id":16,"date":"2019-10-02T08:26:20","date_gmt":"2019-10-02T08:26:20","guid":{"rendered":"http:\/\/mutti.web.staging.minasithil.genero.fi\/it\/?page_id=16"},"modified":"2024-05-27T19:00:23","modified_gmt":"2024-05-27T19:00:23","slug":"privacy-e-policy","status":"publish","type":"page","link":"https:\/\/mutti-parma.com\/it\/privacy-e-policy\/","title":{"rendered":"Informativa sulla privacy"},"content":{"rendered":"\n<h1 class=\"wp-block-heading\"><strong>INFORMATIVA SULLA PRIVACY&nbsp;AI SENSI DEL REGOLAMENTO (UE) 2016\/679 \u2013 GENERAL DATA PROTECTION REGULATION (GDPR)<\/strong><\/h1>\n\n\n\n<p>Con la presente informativa La informiamo, ai sensi del Regolamento UE 679\/2016 (di seguito, \u201c<strong>GDPR<\/strong>\u201d) e della normativa, anche nazionale, in materia di protezione dei dati personali applicabile D. Lgs. n.196\/2003 (di seguito, \u201c<strong>Normativa Privacy<\/strong>\u201d), che i dati personali (di seguito, \u201c<strong>Dati<\/strong>\u201d) relativi agli utenti del Sito (di seguito, \u201c<strong>Interessat<\/strong>i\u201d) saranno trattati con le modalit\u00e0 e per le finalit\u00e0 seguenti.<\/p>\n\n\n\n<p>Per trattamento di dati personali si intende qualsiasi operazione o insieme di operazioni, compiute con o senza l\u2019ausilio di processi automatizzati e applicate a dati personali o insiemi di dati personali, anche se non registrati in una banca di dati, come la raccolta, la registrazione, l\u2019organizzazione, la strutturazione, la conservazione, l\u2019adattamento o la modifica, l\u2019estrazione, la consultazione, l\u2019uso, la comunicazione mediante trasmissione, diffusione o qualsiasi altra forma di messa a disposizione, il raffronto o l\u2019interconnessione, la limitazione, la cancellazione o la distruzione.<\/p>\n\n\n\n<p>In ossequio alle norme del GDPR, i trattamenti effettuati da Mutti S.p.A. saranno improntati ai principi di liceit\u00e0, correttezza, trasparenza e di tutela della riservatezza.<\/p>\n\n\n\n<h4 class=\"wp-block-heading\"><strong>1. TITOLARI DEL TRATTAMENTO<\/strong><\/h4>\n\n\n\n<ul class=\"wp-block-list\">\n<li>Mutti S.p.A. (di seguito, \u201c<strong>Mutti<\/strong>\u201d, con sede in Montechiarugolo, Via Traversetolo n. 28 (PR \u2013 43022), P. IVA 02758310342, telefono +39 (0521) 652511, fax +39 (0521) 652596, E-mail&nbsp;<a href=\"mailto:muttispa@muttispa.it\">muttispa@muttispa.it<\/a> \u00e8 titolare del trattamento dei Dati raccolti attraverso questo Sito;<\/li>\n\n\n\n<li>Esclusivamente in relazione ai Facebook Business Tools (ad esempio, il pulsante \u201cCondividi\u201d o l\u2019Insight Facebook per il re-direct alla pagina di Facebook dal sito di Mutti) e i Pixel di Facebook, Mutti S.p.a. e Meta Platforms Ireland Ltd., con sede in 4 Grand Canal Square, Grand Canal Harbour, Dublin 2, Ireland agiscono in qualit\u00e0 di autonomi titolari del trattamento, al fine di misurare il livello di interazione tra i siti web visitati in base alle preferenze degli Interessati e fornire pubblicit\u00e0 mirata all\u2019interno del social network. Ulteriori informazioni sono disponibili ai link di seguito indicati su come vengano trattati i dati da Facebook, Instagram, Messenger e altri prodotti e funzioni offerti da Meta Platforms Ireland Limited (<a href=\"https:\/\/www.facebook.com\/help\/1561485474074139?ref=dp\">Prodotti di Meta<\/a>&nbsp;o Prodotti). L&#8217;utente pu\u00f2 trovare ulteriori strumenti e informazioni nelle&nbsp;<a href=\"https:\/\/www.facebook.com\/settings\">Impostazioni di Facebook<\/a>&nbsp;e nelle&nbsp;<a href=\"https:\/\/www.instagram.com\/accounts\/privacy_and_security\/\">Impostazioni di Instagram<\/a>, &nbsp;compresa la base giuridica cui Meta Platforms Ireland Ltd. con sede in 4 Grand Canal Square Grand Canal Harbour Dublin 2 Ireland fa riferimento e su come esercitare i diritti dell\u2019interessato.<\/li>\n<\/ul>\n\n\n\n<h4 class=\"wp-block-heading\"><strong>2. TIPI DI DATI TRATTATI<\/strong><\/h4>\n\n\n\n<p>Sono oggetto di trattamento i seguenti Dati:<\/p>\n\n\n\n<ul class=\"wp-block-list\">\n<li><strong>Dati di navigazione<\/strong>: quali gli indirizzi IP o i nomi a dominio dei computer utilizzati dagli utenti che si connettono al Sito, gli indirizzi in notazione URI (Uniform Resource Identifier) delle risorse richieste, la cui trasmissione \u00e8 implicita nell\u2019utilizzo dei protocolli di comunicazione di Internet. Si tratta di informazioni che non sono raccolte per essere associate a interessati identificati ma che per loro stessa natura potrebbero, attraverso elaborazioni ed associazioni con dati detenuti da terzi, permettere di identificare gli utenti. Questi Dati vengono utilizzati al solo fine di ricavare informazioni statistiche anonime sull\u2019utilizzo del sito e per controllarne il corretto funzionamento e vengono cancellati immediatamente dopo l\u2019elaborazione. I dati potrebbero essere utilizzati per l\u2019accertamento di responsabilit\u00e0 in caso di ipotetici reati informatici ai danni del sito: per l\u2019effetto, i dati sui contatti web potrebbero essere mantenuti conformemente e limitatamente a tale finalit\u00e0. A partire dall\u2019indirizzo IP e dal nome a dominio dei computer utilizzati sar\u00e0 possibile, limitatamente alla finalit\u00e0 di accertamento di responsabilit\u00e0 riportata, risalire ad ulteriori dati identificativi dell\u2019utente (in particolare, nome, cognome, indirizzo e-mail&#8230;);<\/li>\n\n\n\n<li><strong>Dati forniti volontariamente dall\u2019utente<\/strong>: quali dati identificativi, come nome, cognome, luogo e data di nascita, e-mail, numero telefonico, codice fiscale, indirizzo di residenza o domicilio, etc.; qualunque altro dato fornito ad es. in sede di registrazione al Sito nell\u2019apposita sezione, nonch\u00e9 in occasione della compilazione di eventuali moduli di raccolta dati presenti nel Sito, oppure in occasione dell\u2019acquisto di prodotti a marchio Mutti o di adesioni a specifici servizi, quale il Servizio di Newsletter. Per la sezione del sito \u201cLavora con noi\u201d Mutti invita a consultare le informative specifiche sul trattamento di tali dati;<\/li>\n\n\n\n<li><strong>Dati raccolti tramite cookies<\/strong>: per le informazioni relative ai cookies presenti sul Sito Mutti e ad altri strumenti di tracciamento si invita a consultare la Cookie Policy [link alla Cookie Policy]. Le interazioni con i siti web visitati dagli Interessati mediante l\u2019utilizzo dei Facebook Business Tools comporta che i dati relativi alla navigazione sono trattati anche da Facebook che agisce quale autonomo titolare come Mutti.<\/li>\n<\/ul>\n\n\n\n<h4 class=\"wp-block-heading\"><strong>3. MINORI<\/strong><\/h4>\n\n\n\n<p>Questo Sito e i Servizi del Titolare non sono destinati a minori di 16 anni e il Titolare non raccoglie intenzionalmente informazioni personali riferite ai minori. Nel caso in cui informazioni su minori fossero involontariamente registrate, il Titolare le canceller\u00e0 tempestivamente, su richiesta degli utenti. La protezione della sicurezza e della riservatezza dei minori \u00e8 molto importante per noi. Con la registrazione sul Sito nell\u2019apposita sezione, nonch\u00e9 in occasione della compilazione di eventuali moduli di raccolta dati presenti in tale Sito o in occasione della richiesta di fornitura\/registrazione al servizio di Newsletter, l\u2019interessato conferma e dichiara di aver compiuto 16 anni di et\u00e0 o comunque di non essere di et\u00e0 inferiore a quella indicata dalla normativa del Paese di residenza che preveda altri limiti di et\u00e0.<\/p>\n\n\n\n<h4 class=\"wp-block-heading\"><strong>4. FINALIT\u00c0 DEL TRATTAMENTO<\/strong><\/h4>\n\n\n\n<p>I dati personali forniti dagli Interessati tramite il Sito sono raccolti e trattati dal Titolare per le seguenti finalit\u00e0 e basi giuridiche:<\/p>\n\n\n\n<p><strong>A.&nbsp;senza previo consenso per le finalit\u00e0 di servizio e, in particolare, per:<\/strong><\/p>\n\n\n\n<p>1. l\u2019esecuzione del contratto e\/o di impegni precontrattuali, in particolare:<\/p>\n\n\n\n<ul class=\"wp-block-list\">\n<li>la partecipazione a eventi\/contest regolati da appositi regolamenti o condizioni generali di contratto che saranno sottoposti per accettazione;<\/li>\n\n\n\n<li>l\u2019eventuale servizio di assistenza tecnica telefonica prestata all\u2019interessato per criticit\u00e0 derivanti dall\u2019utilizzo del sito (es. visualizzazione dei contenuti, utilizzo del sito e di alcune sue funzionalit\u00e0);&nbsp;<\/li>\n\n\n\n<li>la gestione di una richiesta di contatto da parte dell\u2019interessato;<\/li>\n<\/ul>\n\n\n\n<p>2. l\u2019adempimento da parte del Titolare di obblighi di legge, quali:<\/p>\n\n\n\n<ul class=\"wp-block-list\">\n<li>l\u2019ottemperanza agli obblighi previsti da leggi, regolamenti o dalla normativa nazionale e comunitaria ovvero imposti dalle Autorit\u00e0 competenti;<\/li>\n<\/ul>\n\n\n\n<p>3. il perseguimento di un legittimo interesse del Titolare:<\/p>\n\n\n\n<ul class=\"wp-block-list\">\n<li>la gestione e manutenzione del Sito: l\u2019interesse del Titolare fa capo al generale interesse di un\u2019impresa a garantire l\u2019operativit\u00e0 aziendale, anche mediante l\u2019operativit\u00e0 del Sito e l\u2019adozione di possibili efficientamenti del servizio offerto;<\/li>\n\n\n\n<li>prevenire o scoprire attivit\u00e0 fraudolente o abusi dannosi per il Sito, nonch\u00e9 l\u2019esercizio e tutela dei diritti del Titolare in sede giudiziaria e&nbsp;gestione del contenzioso: l\u2019interesse del Titolare facendo capo al generale, reale ed attuale interesse a non subire danni a seguito di condotte illecite altrui, in quanto tale prevalente rispetto agli interessi del singolo soggetto interessato.<\/li>\n<\/ul>\n\n\n\n<p><strong>B.&nbsp;solo previo consenso per:<\/strong><\/p>\n\n\n\n<p>1. Finalit\u00e0 di Marketing, in particolare per:<\/p>\n\n\n\n<ul class=\"wp-block-list\">\n<li> l\u2019invio di comunicazioni commerciali e promozionali relative a prodotti, servizi, iniziative speciali ed inviti ad eventi attraverso newsletter e\/o strumenti automatizzati (e-mail, social media, social chat, etc&#8230;)&nbsp;<\/li>\n\n\n\n<li>registrazione a servizi e funzionalit\u00e0 offerti al singolo utente del sito;<\/li>\n<\/ul>\n\n\n\n<p>2. Finalit\u00e0 di utilizzo di strumenti di Facebook per la misurazione e l\u2019analisi delle interazioni con le pagine web visitate dagli Interessati e fornitura di pubblicit\u00e0 mirata sul social network di Facebook, in particolare:<\/p>\n\n\n\n<ul class=\"wp-block-list\">\n<li>la Societ\u00e0 e Facebook Ireland Limited tratteranno, in qualit\u00e0 di autonomi titolari come descritto al paragrafo 1) i dati relativi alle interazioni con i siti web visitati dagli Interessati mediante l\u2019utilizzo dei Facebook Business Tools (a mero titolo di esempio, Cookie, Insight e Pixel di Facebook). Ulteriori informazioni su come Meta Platforms Ireland Ltd. tratta i Dati, compresa la base giuridica a cui Meta Platforms Ireland Ltd. fa riferimento e su come esercitare i diritti dell\u2019interessato nei confronti di Meta Platforms Ireland Ltd., sono consultabili nella Normativa sui dati di Facebook Ireland all\u2019indirizzo https:\/\/www.facebook.com\/privacy\/explanation;<\/li>\n\n\n\n<li>In particolare, il Sito di Mutti utilizza i c.d. social plug-in. I Social Plug-in sono speciali strumenti che permettono di incorporare le funzionalit\u00e0 del Social Network direttamente all\u2019interno del sito Web (ad es. il pulsante \u201cCondividi\u201d o l\u2019icona Facebook per il re-direct alla pagina di Facebook dal sito di Mutti). Tutti i social plug-in presenti nel sito sono contrassegnati dal rispettivo logo di propriet\u00e0 della piattaforma di social network. La raccolta e l&#8217;uso delle informazioni ottenute a mezzo del plugin sono regolati dalle rispettive informative privacy dei social network, alle quali si prega di fare riferimento.<\/li>\n<\/ul>\n\n\n\n<p>Quando si visita una pagina del nostro sito e si interagisce con il plug-in (ad es. cliccando il pulsante \u201cCondividi\u201d o icona Facebook per il re-direct alla pagina di Facebook dal sito di Mutti) o si decide di lasciare un commento, le corrispondenti informazioni vengono trasmesse dal browser direttamente alla piattaforma di social network (in questo caso Facebook) e da questo memorizzate. Ulteriori informazioni su come Meta Platforms Ireland Ltd. tratta i Dati, compresa la base giuridica a cui Meta Platforms Ireland Ltd. fa riferimento e su come esercitare i diritti dell\u2019interessato nei confronti di Meta Platforms Ireland Ltd., sono consultabili nella Normativa sui dati di Meta Platforms Ireland Ltd. all\u2019indirizzo https:\/\/www.facebook.com\/privacy\/explanation<\/p>\n\n\n\n<h4 class=\"wp-block-heading\"><strong>5. NATURA DEL CONFERIMENTO<\/strong><\/h4>\n\n\n\n<p>Il conferimento dei dati rispetto alle finalit\u00e0 di cui alla lettera A) \u00e8 obbligatorio e l\u2019eventuale rifiuto comporter\u00e0 l\u2019impossibilit\u00e0 per il Titolare di dare corso agli impegni contrattuali assunti, oppure di dar seguito alle richieste dell\u2019Interessato, oppure all\u2019esecuzione degli obblighi di legge. Riguardo alle finalit\u00e0 di cui alla lettera B.1) il conferimento dei dati personali \u00e8 facoltativo e il loro utilizzo \u00e8 condizionato al rilascio da parte di un esplicito consenso dell\u2019Interessato. L\u2019eventuale rifiuto al rilascio del consenso non produce altro effetto se non quello di non poter debitamente informare gli Interessati circa iniziative della Societ\u00e0 che potrebbero essere di loro interesse. Riguardo, invece, alle finalit\u00e0 di cui alla lettera B.2) il conferimento dei dati personali \u00e8 facoltativo e il loro utilizzo subordinato ad un\u2019interazione volontaria con il social plug-in da parte dell\u2019Interessato. La mancata interazione non comporta alcuna conseguenza e l\u2019Interessato potr\u00e0 continuare la navigazione sul Sito pur senza interagire direttamente con la piattaforma di social network.<\/p>\n\n\n\n<h4 class=\"wp-block-heading\"><strong>6. MODALIT\u00c0 DEL TRATTAMENTO<\/strong><\/h4>\n\n\n\n<p>Il trattamento dei Dati degli Interessati \u00e8 effettuato \u2013 con modalit\u00e0 elettroniche \u2013 per mezzo delle operazioni di raccolta, registrazione, aggiornamento, organizzazione, conservazione, consultazione, elaborazione, selezione, estrazione, raffronto, utilizzo, interconnessione, blocco, cancellazione e distruzione dei Dati. I Dati saranno trattati dalla Societ\u00e0 e dai suoi incaricati con sistemi informatici (e manuali) secondo i principi di correttezza, lealt\u00e0 e trasparenza previsti dalla normativa applicabile in materia di protezione dei dati personali, tutelando la riservatezza dell\u2019Interessato ed i suoi diritti mediante l\u2019adozione di idonee misure tecniche ed organizzative, per garantire un livello di sicurezza adeguato al rischio. Specifiche misure di sicurezza sono osservate per prevenire la perdita dei dati, usi illeciti o non corretti ed accessi non autorizzati.&nbsp;<\/p>\n\n\n\n<h4 class=\"wp-block-heading\"><strong>7. CONSERVAZIONE DEI DATI<\/strong><\/h4>\n\n\n\n<p>Con riferimento alle finalit\u00e0 di cui ai punti A) del par. 4 (Finalit\u00e0 del trattamento), i Dati verranno trattati per tutto il periodo di durata del rapporto al fine di raggiungere le finalit\u00e0 predette e comunque non oltre 10 anni dall\u2019esecuzione del contratto, nel caso in cui un contratto si sia concluso. I Dati di navigazione verranno trattati e conservati per 7 giorni. I Dati personali funzionali all\u2019assolvimento di eventuali obblighi di legge saranno conservati anche successivamente, in ottemperanza a detti obblighi e nel rispetto delle tempistiche di conservazione previste dalle norme di volta in volta applicabili.&nbsp;<\/p>\n\n\n\n<p>Per i Dati conferiti per le finalit\u00e0 di cui al punto B, nn. 1. (marketing) di cui al par. 4 (Finalit\u00e0 del trattamento), i Dati saranno conservati per 24 mesi dalla raccolta per le elaborazioni ai fini di marketing. Alla scadenza di tale termine, i dati verranno cancellati o resi anonimi e comunque gli Interessati potranno sempre modificare il consenso al trattamento dei loro dati da parte del Titolare per le medesime finalit\u00e0.<\/p>\n\n\n\n<p>Per i Dati conferiti per le finalit\u00e0 di cui al punto B, n. 2. (utilizzo dei Facebook Business Tools) del par. 4 (Finalit\u00e0 del trattamento), i Dati verranno trattati secondo quanto previsto da Meta Platforms Ireland Ltd. &nbsp;all\u2019interno della Normativa sui dati di Facebook, consultabile all\u2019indirizzo https:\/\/www.facebook.com\/privacy\/explanation.&nbsp;<\/p>\n\n\n\n<h4 class=\"wp-block-heading\"><strong>8. AMBITO DEL TRATTAMENTO, COMUNICAZIONE, DIFFUSIONE&nbsp;<\/strong><\/h4>\n\n\n\n<p>I dati degli Interessati saranno resi accessibili e trattati per le finalit\u00e0 di cui al paragrafo 4 della presente informativa:<\/p>\n\n\n\n<ul class=\"wp-block-list\">\n<li>a personale interno e<strong>&nbsp;<\/strong>collaboratori del Titolare, nella loro qualit\u00e0 di incaricati e\/o responsabili interni del trattamento e\/o amministratori di sistema;<\/li>\n\n\n\n<li>a societ\u00e0 facenti parte del gruppo societario di Mutti;<\/li>\n\n\n\n<li>a terzi soggetti che svolgono attivit\u00e0 in outsourcing per conto del Titolare, come ad esempio i provider per la gestione e la manutenzione del Sito, i fornitori, etc, previa nomina a responsabili del trattamento, limitatamente alle finalit\u00e0 previste dalla presente informativa e nel rispetto della normativa del GDPR.<\/li>\n<\/ul>\n\n\n\n<p>I Dati raccolti non saranno diffusi e non saranno oggetto di comunicazione senza esplicito consenso dell\u2019Interessato.<\/p>\n\n\n\n<p>Al contrario, senza la necessit\u00e0 di un espresso consenso (ex art. 6 GDPR), il Titolare potr\u00e0 comunicare i suoi dati a Organismi di vigilanza, Enti pubblici, Autorit\u00e0 di controllo, Forze dell\u2019Ordine e Autorit\u00e0 giudiziarie, nonch\u00e9 a tutti quei soggetti ai quali la comunicazione sia obbligatoria per legge per l\u2019espletamento delle finalit\u00e0 dette. Detti soggetti tratteranno i dati nella loro qualit\u00e0 di autonomi titolari del trattamento.<\/p>\n\n\n\n<p>La lista completa e aggiornata dei soggetti che trattano i Dati in qualit\u00e0 di responsabili e autonomi titolari del trattamento \u00e8 disponibile su richiesta presso Mutti S.p.A. con sede legale con sede in Montechiarugolo, Via Traversetolo n. 28 (PR \u2013 43022).<\/p>\n\n\n\n<h4 class=\"wp-block-heading\"><strong>9. TRASFERIMENTO EXTRA UE&nbsp;<\/strong><\/h4>\n\n\n\n<p>Mutti S.p.a. pu\u00f2 trasferire i Dati al di fuori dell\u2019Unione Europea e, segnatamente, negli Stati Uniti d\u2019America per la gestione tecnica di alcuni trattamenti (ad esempio gestione mailing list ed account registrati). A tal fine, la Societ\u00e0 valuta l\u2019impatto dei trasferimenti di dati e adotta,&nbsp; conseguentemente, le garanzie pi\u00f9 appropriate (ad esempio, le decisioni di adeguatezza ove presenti o le clausole contrattuali standard e, in taluni limitati casi, le deroghe consentite dall\u2019ordinamento).&nbsp;<\/p>\n\n\n\n<p>Per informazioni in merito al trasferimento dei Dati personali raccolti mediante Cookie, anche di terze parti, si rimanda alla Cookie Policy di Mutti e alle privacy policy di ciascuna terza parte, disponibili presso i siti web delle stesse e rinvenibili nelle tabelle incluse nella Cookie Policy. In particolare, a tali fini, i Social Network tratteranno i Dati degli Interessati in qualit\u00e0 di titolari autonomi del trattamento. Per maggiori informazioni in merito al trattamento dati svolto da tali Social Network (es. Facebook, Instagram, Twitter e Youtube), invitiamo a prendere visione delle Privacy Policy adottate dai Social Network ai seguenti link:<\/p>\n\n\n\n<ul class=\"wp-block-list\">\n<li><a href=\"https:\/\/www.facebook.com\/privacy\/explanation\">https:\/\/www.facebook.com\/privacy\/explanation<\/a>;<\/li>\n\n\n\n<li><a href=\"https:\/\/help.instagram.com\/519522125107875\">https:\/\/help.instagram.com\/519522125107875<\/a>;<\/li>\n\n\n\n<li><a href=\"https:\/\/twitter.com\/en\/privacy\">https:\/\/twitter.com\/en\/privacy<\/a>;<\/li>\n\n\n\n<li><a href=\"https:\/\/policies.google.com\/privacy?hl=ita\">https:\/\/policies.google.com\/privacy?hl=ita<\/a>.&nbsp;<\/li>\n<\/ul>\n\n\n\n<h4 class=\"wp-block-heading\"><strong>10. DIRITTI DELL\u2019INTERESSATO<\/strong><\/h4>\n\n\n\n<p>Gli Interessati potranno esercitare, in relazione ai trattamenti dei dati qui descritti, i diritti di cui agli artt. 15-22 del GDPR, e pi\u00f9 precisamente:<\/p>\n\n\n\n<ul class=\"wp-block-list\">\n<li>diritto ad ottenere la conferma dell\u2019esistenza di dati personali che la riguardano, anche se non ancora registrati, e accedere al loro contenuto (diritto di accesso);<\/li>\n\n\n\n<li>diritto ad ottenere l\u2019aggiornamento, la modifica e\/o correzione dei Dati personali (diritto di rettifica);<\/li>\n\n\n\n<li>diritto di chiedere la cancellazione dei dati personali o la limitazione del trattamento dei dati trattati in violazione di legge compresi quelli di cui non \u00e8 necessaria la conservazione in relazione agli scopi per i quali i dati sono stati raccolti o altrimenti trattati (diritto all\u2019oblio e diritto alla limitazione);<\/li>\n\n\n\n<li>diritto di proporre reclamo all\u2019Autorit\u00e0 di controllo in caso di violazione della disciplina in materia di protezione dei dati personali;<\/li>\n\n\n\n<li>diritto di opposizione al trattamento (diritto di opposizione);<\/li>\n\n\n\n<li>diritto di revocare il consenso, ove prestato, senza pregiudizio per la liceit\u00e0 del trattamento basata sul consenso prestato prima della revoca;<\/li>\n\n\n\n<li>diritto di opporsi in tutto in parte a un processo automatizzato di raccolta inclusa la profilazione;<\/li>\n\n\n\n<li>diritto di ricevere copia dei dati personali conferiti al Titolare in formato strutturato, di uso comune e leggibile da dispositivo automatico, e chiedere che tali dati siano trasmessi ad un altro titolare del trattamento, laddove tecnicamente possibile (diritto alla portabilit\u00e0 dei dati).<\/li>\n<\/ul>\n\n\n\n<h4 class=\"wp-block-heading\"><strong>11. MODALIT\u00c0 DI ESERCIZIO DEI DIRITTI<\/strong><\/h4>\n\n\n\n<p>Potr\u00e0 in qualsiasi momento esercitare i suoi diritti inviando una comunicazione a mezzo raccomandata al Titolare all\u2019indirizzo: Mutti S.p.A., Via Traversetolo n. 28, Montechiarugolo (PR \u2013 43022), inviando una comunicazione a mezzo E-mail all\u2019indirizzo: <a href=\"mailto:muttispa@muttispa.it\">muttispa@muttispa.it<\/a>.<\/p>\n\n\n\n<h4 class=\"wp-block-heading\"><strong>12. MODIFICHE ALLA PRESENTE PRIVACY POLICY<\/strong><\/h4>\n\n\n\n<p>La presente Informativa potr\u00e0 subire variazioni nel tempo in attuazione delle disposizioni di legge emanate in materia di Privacy. Si invita, quindi, l\u2019interessato a controllare regolarmente questa pagina. A questo scopo l\u2019informativa evidenzia la data di aggiornamento.<\/p>\n\n\n\n<p><em>Ultima revisione ottobre 2023&nbsp;<\/em><\/p>\n","protected":false},"excerpt":{"rendered":"<p>INFORMATIVA SULLA PRIVACY&nbsp;AI SENSI DEL REGOLAMENTO (UE) 2016\/679 \u2013 GENERAL DATA PROTECTION REGULATION (GDPR) Con la presente informativa La informiamo, ai sensi del Regolamento UE 679\/2016 (di seguito, \u201cGDPR\u201d) e della normativa, anche nazionale, in materia di protezione dei dati personali applicabile D. Lgs. n.196\/2003 (di seguito, \u201cNormativa Privacy\u201d), che i dati personali (di seguito,<\/p>\n","protected":false},"author":1,"featured_media":0,"parent":0,"menu_order":70,"comment_status":"closed","ping_status":"closed","template":"template-privacy-policy.php","meta":{"_acf_changed":false,"_relevanssi_hide_post":"","_relevanssi_hide_content":"","_relevanssi_pin_for_all":"","_relevanssi_pin_keywords":"","_relevanssi_unpin_keywords":"","_relevanssi_related_keywords":"","_relevanssi_related_include_ids":"","_relevanssi_related_exclude_ids":"","_relevanssi_related_no_append":"","_relevanssi_related_not_related":"","_relevanssi_related_posts":"","_relevanssi_noindex_reason":"","footnotes":""},"class_list":["post-16","page","type-page","status-publish","hentry"],"acf":[],"_links":{"self":[{"href":"https:\/\/mutti-parma.com\/it\/wp-json\/wp\/v2\/pages\/16","targetHints":{"allow":["GET"]}}],"collection":[{"href":"https:\/\/mutti-parma.com\/it\/wp-json\/wp\/v2\/pages"}],"about":[{"href":"https:\/\/mutti-parma.com\/it\/wp-json\/wp\/v2\/types\/page"}],"author":[{"embeddable":true,"href":"https:\/\/mutti-parma.com\/it\/wp-json\/wp\/v2\/users\/1"}],"replies":[{"embeddable":true,"href":"https:\/\/mutti-parma.com\/it\/wp-json\/wp\/v2\/comments?post=16"}],"version-history":[{"count":11,"href":"https:\/\/mutti-parma.com\/it\/wp-json\/wp\/v2\/pages\/16\/revisions"}],"predecessor-version":[{"id":12532,"href":"https:\/\/mutti-parma.com\/it\/wp-json\/wp\/v2\/pages\/16\/revisions\/12532"}],"wp:attachment":[{"href":"https:\/\/mutti-parma.com\/it\/wp-json\/wp\/v2\/media?parent=16"}],"curies":[{"name":"wp","href":"https:\/\/api.w.org\/{rel}","templated":true}]}}