{"id":153,"date":"2019-09-27T06:04:08","date_gmt":"2019-09-27T06:04:08","guid":{"rendered":"http:\/\/mutti.web.staging.minasithil.genero.fi\/it\/?post_type=product&#038;p=153"},"modified":"2024-11-05T13:21:30","modified_gmt":"2024-11-05T13:21:30","slug":"concentrato-di-pomodoro","status":"publish","type":"product","link":"https:\/\/mutti-parma.com\/it\/i-nostri-prodotti\/concentrato-di-pomodoro\/","title":{"rendered":"Concentrato di pomodoro"},"content":{"rendered":"\n<div style=\"--media-width: 50\" class=\"wp-block-media-text alignwide has-media-on-the-right is-stacked-on-mobile is-style-hero has-background-image\"><img loading=\"lazy\" decoding=\"async\" class=\"wp-block-media-text__background\" alt=\"\" data-spai-crop=\"true\" src=\"https:\/\/mutti-parma.com\/app\/uploads\/sites\/3\/2019\/10\/detail-triplo-concentrato.jpg\" \/><div class=\"wp-block-media-text__content\"><div class=\"acf-breadcrumb my-4 md:my-8 text-center md:text-left\">\n  <nav>\n  <ol class=\"list-none text-md\">\n                  <li class=\"inline\">\n                      <a class=\"text-inherit\" href=\"https:\/\/mutti-parma.com\/it\/\">\n              Mutti Parma\n            <\/a>\n                                <span aria-hidden=\"true\">\/&nbsp;<\/span>\n                  <\/li>\n                        <li class=\"inline\">\n                      <a class=\"text-inherit\" href=\"https:\/\/mutti-parma.com\/it\/i-nostri-prodotti\/\">\n              Products\n            <\/a>\n                            <\/li>\n            <\/ol>\n<\/nav>\n<\/div>\n\n\n\n<h1 class=\"wp-block-heading has-primary-color has-text-color\">Concentrato di pomodoro<\/h1>\n\n\n\n<p class=\"is-style-cursive has-xxl-font-size\">Concentrato<\/p>\n\n\n\n<p>Intenso e gustoso, il Concentrato di pomodoro \u00e8 ideale per dare colore, sapore e consistenza alle pietanze. E\u2019 un prodotto della tradizione perch\u00e9 la sua resistenza alle lunghe cotture, lo rende ideale per rag\u00f9, stufati o spezzatini, ma \u00e8 sorprendente come riesca a dare il meglio di s\u00e9 anche in preparazioni pi\u00f9 veloci e creative: dai ripieni alle torte salate, da deliziose salse di accompagnamento a gustosi pesti per la pasta. Ci vogliono ben 3,8 kg di pomodoro fresco per ottenere 1 kg di Concentrato.<\/p>\n\n\n\n\n<\/div><figure class=\"wp-block-media-text__media\"><img loading=\"lazy\" decoding=\"async\" src=\"https:\/\/mutti-parma.com\/app\/uploads\/sites\/3\/2019\/09\/mcp-latta-210-bollo-aggiornato-isolated-hires-y-1024x983.png\" alt=\"\" class=\"wp-image-300000191 size-full\" sizes=\"(min-width: 1440px) 528px,37vw\" data-spai-crop=\"false\" srcset=\"https:\/\/mutti-parma.com\/app\/uploads\/sites\/3\/2019\/09\/mcp-latta-210-bollo-aggiornato-isolated-hires-y-1024x983.png 1024w, https:\/\/mutti-parma.com\/app\/uploads\/sites\/3\/2019\/09\/mcp-latta-210-bollo-aggiornato-isolated-hires-y-200x192.png 200w, https:\/\/mutti-parma.com\/app\/uploads\/sites\/3\/2019\/09\/mcp-latta-210-bollo-aggiornato-isolated-hires-y-500x480.png 500w, https:\/\/mutti-parma.com\/app\/uploads\/sites\/3\/2019\/09\/mcp-latta-210-bollo-aggiornato-isolated-hires-y-768x737.png 768w, https:\/\/mutti-parma.com\/app\/uploads\/sites\/3\/2019\/09\/mcp-latta-210-bollo-aggiornato-isolated-hires-y-150x144.png 150w, https:\/\/mutti-parma.com\/app\/uploads\/sites\/3\/2019\/09\/mcp-latta-210-bollo-aggiornato-isolated-hires-y-600x576.png 600w, https:\/\/mutti-parma.com\/app\/uploads\/sites\/3\/2019\/09\/mcp-latta-210-bollo-aggiornato-isolated-hires-y.png 1200w\" \/><\/figure><\/div>\n\n\n<div class=\"acf-product-nutrition-tabs alignwide\">\n  <div class=\"\">\n    <ul class=\"list-none flex justify-center sm:justify-left\">\n                    <li>\n          <a href=\"#howtouse\" class=\"btn-outline \" data-gtm-track data-gtm-event=\"GAevent\" data-gtm-event-id=\"13\" data-gtm-category=\"recipe_information\" data-gtm-action=\"how_to_use\" data-gtm-label=\"concentrato_di_pomodoro\">\n            SUGGERIMENTI DI UTILIZZO\n          <\/a>\n        <\/li>\n      \n          <\/ul>\n  <\/div>\n\n  <\/div>\n\n\n\n\n\n\n\n\n\n<hr class=\"wp-block-separator has-css-opacity alignwide\"\/>\n\n\n<div class=\"acf-comments alignwide my-8\">\n  <div class=\"flex flex-wrap mb-4 items-center text-center sm:text-left px-0 sm:px-2 md:px-0\">\n    <h3 class=\"w-full sm:w-auto is-style-cursive text-primary my-0 leading-none\">Condividi con i tuoi amici    <\/h3>\n    <div class=\"w-full sm:w-auto flex-auto mt-1 sm:ml-8\">\n          <\/div>\n\n          <div class=\"mx-auto sm:ml-0 mt-3 sm:mt-0\">\n                  <div\n  class=\"shariff\"\n  data-button-style=\"icon\"\n  data-mail-body=\"https:\/\/mutti-parma.com\/it\/i-nostri-prodotti\/concentrato-di-pomodoro\/\"\n  data-mail-subject=\"Concentrato di pomodoro - Mutti\"\n  data-mail-url=\"mailto:\"\n  data-media-url=\"https:\/\/mutti-parma.com\/app\/uploads\/sites\/3\/2019\/09\/mcp-latta-210-bollo-aggiornato-isolated-hires-y.png\"\n  data-services=\"[&#039;facebook&#039;, &#039;twitter&#039;, &#039;whatsapp&#039;, &#039;pinterest&#039;, &#039;mail&#039;]\"\n><\/div>\n              <\/div>\n      <\/div>\n\n  <div>\n                <\/div>\n<\/div>\n\n\n\n<hr class=\"wp-block-separator has-css-opacity alignwide\"\/>\n\n\n\n\n\n<p class=\"has-text-align-center is-style-cursive has-xxl-font-size\">Ora conosci i nostri prodotti: \u00e8 ora di cucinare!<\/p>\n\n\n\n<h2 class=\"wp-block-heading has-text-align-center\" id=\"howtouse\">SUGGERIMENTI DI UTILIZZO<\/h2>\n\n\n\n<p class=\"has-text-align-center\">Hai mai pensato che ogni ricetta ha il suo pomodoro? Usa il Triplo Concentrato per preparare: focacce e muffin salati, salse di accompagnamento, finger food, rag\u00f9, spezzatini, stufati.<\/p>\n\n\n\n\n<div class=\"acf-related-recipes alignwide pb-8 \" data-vue-wrapper>\n      <slideshow :slides-per-view=\"3\" :navigation=\"true\" name=\"Related Recipes\">\n              <div class=\"swiper-slide\">\n          <div class=\"teaser--recipe text-center hover:zoom-img\">\n      <a href=\"https:\/\/mutti-parma.com\/it\/ricettario-rosso\/polpette-di-alici-con-dip-di-pomodoro\/\" class=\"relative block mb-4 max-w-96 mx-auto\" aria-hidden=\"true\" tabindex=\"-1\">\n      <div class=\"responsive-embed \" style=\"padding-bottom: 108.79765395894%;\">\n                <img decoding=\"async\" width=\"1920\" height=\"850\" src=\"https:\/\/mutti-parma.com\/app\/uploads\/sites\/7\/2019\/09\/thumb-411-recipe-cover-desktop.jpeg\" class=\"inline-block wp-image-559\" alt=\"Polpette di alici con dip di pomodoro\" sizes=\"auto, (max-width: 600px) 72vw, 431px\" data-spai-crop=\"true\" title=\"Polpette di alici con dip di pomodoro\" srcset=\"https:\/\/mutti-parma.com\/app\/uploads\/sites\/7\/2019\/09\/thumb-411-recipe-cover-desktop.jpeg 1920w, https:\/\/mutti-parma.com\/app\/uploads\/sites\/7\/2019\/09\/thumb-411-recipe-cover-desktop-200x89.jpeg 200w, https:\/\/mutti-parma.com\/app\/uploads\/sites\/7\/2019\/09\/thumb-411-recipe-cover-desktop-500x221.jpeg 500w, https:\/\/mutti-parma.com\/app\/uploads\/sites\/7\/2019\/09\/thumb-411-recipe-cover-desktop-768x340.jpeg 768w, https:\/\/mutti-parma.com\/app\/uploads\/sites\/7\/2019\/09\/thumb-411-recipe-cover-desktop-1024x453.jpeg 1024w, https:\/\/mutti-parma.com\/app\/uploads\/sites\/7\/2019\/09\/thumb-411-recipe-cover-desktop-150x66.jpeg 150w, https:\/\/mutti-parma.com\/app\/uploads\/sites\/7\/2019\/09\/thumb-411-recipe-cover-desktop-600x266.jpeg 600w\" loading=\"lazy\" \/>\n      <\/div>\n\n          <\/a>\n  \n  \n      <a class=\"is-style-cursive heading block text-primary leading-none\" href=\"https:\/\/mutti-parma.com\/it\/i-nostri-prodotti\/concentrato-di-pomodoro\/\">\n      Concentrato di pomodoro\n    <\/a>\n  \n  <a class=\"block my-4\" href=\"https:\/\/mutti-parma.com\/it\/ricettario-rosso\/polpette-di-alici-con-dip-di-pomodoro\/\">\n          <h3>Polpette di alici con dip di pomodoro<\/h3>\n      <\/a>\n\n  \n  <div class=\"flex items-center justify-center my-4\">\n    <div class=\"-ml-2 mr-2 pr-4 border-primary border-r-2 pt-2\">\n    <p class=\"flex flex-wrap items-end font-heavy text-primary leading-none justify-center\">\n      <img decoding=\"async\" alt=\"Total time\" class=\"w-10 md:w-12 mx-3 mb-2\" src=\"https:\/\/mutti-parma.com\/app\/themes\/mutti\/dist\/images\/icons\/mutti-product-icons-reduced-cooking-time.svg?id=dc737ade6befaad1eaaf\" width=\"54\" height=\"26\" loading=\"lazy\">\n      <span class=\"mb-2\">\n        20&nbsp;minuti\n      <\/span>\n    <\/p>\n  <\/div>\n  <div class=\"pt-2\">\n    <p class=\"flex flex-wrap items-end font-heavy uppercase text-primary leading-none justify-center\">\n      <img decoding=\"async\" alt=\"Difficulty\" class=\"w-10 md:w-12 mx-3 mb-2\" src=\"https:\/\/mutti-parma.com\/app\/themes\/mutti\/dist\/images\/icons\/mutti-product-icons-stove-top.svg?id=5f4b0df898a96e10ac63\" width=\"54\" height=\"18\" loading=\"lazy\">\n      <span class=\"mb-2\">\n        Facile\n      <\/span>\n    <\/p>\n  <\/div>\n  <\/div>\n<\/div>\n        <\/div>\n          <\/slideshow>\n  \n  <hr class=\"alignwide wp-block-separator\">\n\n      <p class=\"text-center\">\n      <a class=\"h3 underline\" href=\"https:\/\/mutti-parma.com\/it\/ricettario-rosso\/\">Le nostre ricette<\/a>\n    <\/p>\n  <\/div>\n\n\n<div class=\"acf-related-products mb-8 lg:mb-16 \" data-vue-wrapper>\n      <h3 class=\"text-center\">GLI ALTRI PRODOTTI DELLA GAMMA\r\n<\/h3>\n  \n      <slideshow :slides-per-view=\"3\" :navigation=\"true\" class=\"mx-8 lg:-mx-12\" name=\"Related Products\">\n              <div class=\"swiper-slide\">\n          <div class=\"text-center hover:lift-img mx-auto max-w-28\">\n      <a href=\"https:\/\/mutti-parma.com\/it\/i-nostri-prodotti\/triplo-concentrato-di-pomodoro\/\" class=\"block\">\n            <div class=\"responsive-embed is-contain\" style=\"padding-bottom: 188.23529411765%;\"><img decoding=\"async\" width=\"775\" height=\"2400\" src=\"https:\/\/mutti-parma.com\/app\/uploads\/sites\/3\/2019\/09\/triplo-concentrato-pomodoro-280-hires.png\" class=\"inline-block mt-2 wp-image-300000178\" alt=\"triplo concentrato pomodoro\" sizes=\"auto, 126px\" data-spai-crop=\"false\" srcset=\"https:\/\/mutti-parma.com\/app\/uploads\/sites\/3\/2019\/09\/triplo-concentrato-pomodoro-280-hires.png 775w, https:\/\/mutti-parma.com\/app\/uploads\/sites\/3\/2019\/09\/triplo-concentrato-pomodoro-280-hires-65x200.png 65w, https:\/\/mutti-parma.com\/app\/uploads\/sites\/3\/2019\/09\/triplo-concentrato-pomodoro-280-hires-768x2378.png 768w, https:\/\/mutti-parma.com\/app\/uploads\/sites\/3\/2019\/09\/triplo-concentrato-pomodoro-280-hires-331x1024.png 331w, https:\/\/mutti-parma.com\/app\/uploads\/sites\/3\/2019\/09\/triplo-concentrato-pomodoro-280-hires-150x464.png 150w, https:\/\/mutti-parma.com\/app\/uploads\/sites\/3\/2019\/09\/triplo-concentrato-pomodoro-280-hires-600x1858.png 600w\" loading=\"lazy\" \/><\/div>\n    <\/a>\n  \n  <a class=\"block underline mb-2 mt-2\" href=\"https:\/\/mutti-parma.com\/it\/i-nostri-prodotti\/triplo-concentrato-di-pomodoro\/\">\n    <h3 class=\"h4\">Triplo concentrato di pomodoro<\/h3>\n  <\/a>\n\n      <a class=\"block hover:no-underline text-inherit\" href=\"https:\/\/mutti-parma.com\/it\/i-nostri-prodotti\/triplo-concentrato-di-pomodoro\/\">\n      Concentrato\n    <\/a>\n  <\/div>\n        <\/div>\n              <div class=\"swiper-slide\">\n          <div class=\"text-center hover:lift-img mx-auto max-w-28\">\n      <a href=\"https:\/\/mutti-parma.com\/it\/i-nostri-prodotti\/doppio-concentrato-di-pomodoro\/\" class=\"block\">\n            <div class=\"responsive-embed is-contain\" style=\"padding-bottom: 188.23529411765%;\"><img decoding=\"async\" width=\"775\" height=\"2400\" src=\"https:\/\/mutti-parma.com\/app\/uploads\/sites\/3\/2019\/09\/dubble-concentrato-200g-hires.png\" class=\"inline-block mt-2 wp-image-300000180\" alt=\"double concentrated tomato paste\" sizes=\"auto, 126px\" data-spai-crop=\"false\" srcset=\"https:\/\/mutti-parma.com\/app\/uploads\/sites\/3\/2019\/09\/dubble-concentrato-200g-hires.png 775w, https:\/\/mutti-parma.com\/app\/uploads\/sites\/3\/2019\/09\/dubble-concentrato-200g-hires-65x200.png 65w, https:\/\/mutti-parma.com\/app\/uploads\/sites\/3\/2019\/09\/dubble-concentrato-200g-hires-768x2378.png 768w, https:\/\/mutti-parma.com\/app\/uploads\/sites\/3\/2019\/09\/dubble-concentrato-200g-hires-331x1024.png 331w, https:\/\/mutti-parma.com\/app\/uploads\/sites\/3\/2019\/09\/dubble-concentrato-200g-hires-150x464.png 150w, https:\/\/mutti-parma.com\/app\/uploads\/sites\/3\/2019\/09\/dubble-concentrato-200g-hires-600x1858.png 600w\" loading=\"lazy\" \/><\/div>\n    <\/a>\n  \n  <a class=\"block underline mb-2 mt-2\" href=\"https:\/\/mutti-parma.com\/it\/i-nostri-prodotti\/doppio-concentrato-di-pomodoro\/\">\n    <h3 class=\"h4\">Doppio concentrato di pomodoro<\/h3>\n  <\/a>\n\n      <a class=\"block hover:no-underline text-inherit\" href=\"https:\/\/mutti-parma.com\/it\/i-nostri-prodotti\/doppio-concentrato-di-pomodoro\/\">\n      Concentrato\n    <\/a>\n  <\/div>\n        <\/div>\n          <\/slideshow>\n  <\/div>\n\n\n\n<figure class=\"wp-block-image alignwide size-large\" data-hide-on=\"mobile tablet\"><a href=\"https:\/\/mutti-parma.com\/it\/ragu-vegetale-mutti\/\"><img loading=\"lazy\" decoding=\"async\" width=\"1024\" height=\"536\" src=\"https:\/\/mutti-parma.com\/app\/uploads\/sites\/7\/2025\/03\/hp-ragu-prodoot-anno-desktop-1024x536.png\" alt=\"Ragu prodotto anno \" class=\"wp-image-12129\" srcset=\"https:\/\/mutti-parma.com\/app\/uploads\/sites\/7\/2025\/03\/hp-ragu-prodoot-anno-desktop-1024x536.png 1024w, https:\/\/mutti-parma.com\/app\/uploads\/sites\/7\/2025\/03\/hp-ragu-prodoot-anno-desktop-500x261.png 500w, https:\/\/mutti-parma.com\/app\/uploads\/sites\/7\/2025\/03\/hp-ragu-prodoot-anno-desktop-200x105.png 200w, https:\/\/mutti-parma.com\/app\/uploads\/sites\/7\/2025\/03\/hp-ragu-prodoot-anno-desktop-768x402.png 768w, https:\/\/mutti-parma.com\/app\/uploads\/sites\/7\/2025\/03\/hp-ragu-prodoot-anno-desktop-150x78.png 150w, https:\/\/mutti-parma.com\/app\/uploads\/sites\/7\/2025\/03\/hp-ragu-prodoot-anno-desktop-600x314.png 600w, https:\/\/mutti-parma.com\/app\/uploads\/sites\/7\/2025\/03\/hp-ragu-prodoot-anno-desktop-1536x803.png 1536w, https:\/\/mutti-parma.com\/app\/uploads\/sites\/7\/2025\/03\/hp-ragu-prodoot-anno-desktop.png 2048w\" sizes=\"(max-width: 1024px) 100vw, 1024px\" \/><\/a><\/figure>\n\n\n\n<figure class=\"wp-block-image alignwide size-large\" data-hide-on=\"desktop\"><a href=\"https:\/\/mutti-parma.com\/it\/ragu-vegetale-mutti\/\"><img loading=\"lazy\" decoding=\"async\" width=\"616\" height=\"1024\" src=\"https:\/\/mutti-parma.com\/app\/uploads\/sites\/7\/2025\/03\/hp-ragu-prodoot-anno-mobile-616x1024.png\" alt=\"ragu - prodotto dell'anno\" class=\"wp-image-12128\" srcset=\"https:\/\/mutti-parma.com\/app\/uploads\/sites\/7\/2025\/03\/hp-ragu-prodoot-anno-mobile-616x1024.png 616w, https:\/\/mutti-parma.com\/app\/uploads\/sites\/7\/2025\/03\/hp-ragu-prodoot-anno-mobile-301x500.png 301w, https:\/\/mutti-parma.com\/app\/uploads\/sites\/7\/2025\/03\/hp-ragu-prodoot-anno-mobile-120x200.png 120w, https:\/\/mutti-parma.com\/app\/uploads\/sites\/7\/2025\/03\/hp-ragu-prodoot-anno-mobile-768x1277.png 768w, https:\/\/mutti-parma.com\/app\/uploads\/sites\/7\/2025\/03\/hp-ragu-prodoot-anno-mobile-150x249.png 150w, https:\/\/mutti-parma.com\/app\/uploads\/sites\/7\/2025\/03\/hp-ragu-prodoot-anno-mobile-600x998.png 600w, https:\/\/mutti-parma.com\/app\/uploads\/sites\/7\/2025\/03\/hp-ragu-prodoot-anno-mobile-924x1536.png 924w, https:\/\/mutti-parma.com\/app\/uploads\/sites\/7\/2025\/03\/hp-ragu-prodoot-anno-mobile-1231x2048.png 1231w, https:\/\/mutti-parma.com\/app\/uploads\/sites\/7\/2025\/03\/hp-ragu-prodoot-anno-mobile.png 1306w\" sizes=\"(max-width: 616px) 100vw, 616px\" \/><\/a><\/figure>\n","protected":false},"excerpt":{"rendered":"<p>Ora conosci i nostri prodotti: \u00e8 ora di cucinare! SUGGERIMENTI DI UTILIZZO Hai mai pensato che ogni ricetta ha il suo pomodoro? Usa il Triplo Concentrato per preparare: focacce e muffin salati, salse di accompagnamento, finger food, rag\u00f9, spezzatini, stufati.<\/p>\n","protected":false},"featured_media":300000191,"comment_status":"open","ping_status":"closed","template":"","product_category":[53],"class_list":["post-153","product","type-product","status-publish","has-post-thumbnail","hentry","product_category-product-category-138"],"acf":[],"_links":{"self":[{"href":"https:\/\/mutti-parma.com\/it\/wp-json\/wp\/v2\/product\/153","targetHints":{"allow":["GET"]}}],"collection":[{"href":"https:\/\/mutti-parma.com\/it\/wp-json\/wp\/v2\/product"}],"about":[{"href":"https:\/\/mutti-parma.com\/it\/wp-json\/wp\/v2\/types\/product"}],"replies":[{"embeddable":true,"href":"https:\/\/mutti-parma.com\/it\/wp-json\/wp\/v2\/comments?post=153"}],"version-history":[{"count":47,"href":"https:\/\/mutti-parma.com\/it\/wp-json\/wp\/v2\/product\/153\/revisions"}],"predecessor-version":[{"id":11473,"href":"https:\/\/mutti-parma.com\/it\/wp-json\/wp\/v2\/product\/153\/revisions\/11473"}],"wp:featuredmedia":[{"embeddable":true,"href":"https:\/\/mutti-parma.com\/it\/wp-json\/wp\/v2\/media\/191"}],"wp:attachment":[{"href":"https:\/\/mutti-parma.com\/it\/wp-json\/wp\/v2\/media?parent=153"}],"wp:term":[{"taxonomy":"product_category","embeddable":true,"href":"https:\/\/mutti-parma.com\/it\/wp-json\/wp\/v2\/product_category?post=153"}],"curies":[{"name":"wp","href":"https:\/\/api.w.org\/{rel}","templated":true}]}}