{"id":6555,"date":"2022-01-31T07:33:39","date_gmt":"2022-01-31T07:33:39","guid":{"rendered":"https:\/\/mutti-parma.com\/it\/?post_type=product&#038;p=6555"},"modified":"2026-04-02T13:57:09","modified_gmt":"2026-04-02T13:57:09","slug":"pesto-di-pomodoro-giallo","status":"publish","type":"product","link":"https:\/\/mutti-parma.com\/it\/i-nostri-prodotti\/pesto-di-pomodoro-giallo\/","title":{"rendered":"Pesto di pomodoro giallo"},"content":{"rendered":"\n<div style=\"--media-width: 50\" class=\"wp-block-media-text alignwide has-media-on-the-right is-stacked-on-mobile is-style-hero has-background-image\"><img loading=\"lazy\" decoding=\"async\" class=\"wp-block-media-text__background\" alt=\"\" data-spai-crop=\"true\" src=\"https:\/\/mutti-parma.com\/app\/uploads\/sites\/7\/2021\/12\/pomodori-gialli-min.jpg\" \/><div class=\"wp-block-media-text__content\"><div class=\"acf-breadcrumb my-4 md:my-8 text-center md:text-left\">\n  <nav>\n  <ol class=\"list-none text-md\">\n                  <li class=\"inline\">\n                      <a class=\"text-inherit\" href=\"https:\/\/mutti-parma.com\/it\/\">\n              Mutti Parma\n            <\/a>\n                                <span aria-hidden=\"true\">\/&nbsp;<\/span>\n                  <\/li>\n                        <li class=\"inline\">\n                      <a class=\"text-inherit\" href=\"https:\/\/mutti-parma.com\/it\/i-nostri-prodotti\/\">\n              Products\n            <\/a>\n                            <\/li>\n            <\/ol>\n<\/nav>\n<\/div>\n\n\n\n<h1 class=\"wp-block-heading has-primary-color has-text-color\">Pesto di pomodoro giallo<\/h1>\n\n\n\n<p class=\"is-style-cursive has-xxl-font-size\">Pesti di Pomodoro<\/p>\n\n\n\n<p>Il Pesto di Pomodoro Giallo Mutti \u00e8 una semplice ma gustosa novit\u00e0: tutto il sapore intenso dei pesti tradizionali ma con il 30% di grassi in meno rispetto alla media dei pesti pi\u00f9 venduti in Italia diversi dai pesti alla genovese*, per via della presenza nella ricetta di una variet\u00e0 particolare di pomodoro colorato. \u00c8 proprio grazie all\u2019utilizzo del pomodoro giallo, che siamo riusciti a limitare l\u2019utilizzo di olio e sale e ad offrirti un pesto gustoso e saporito ma anche pi\u00f9 leggero. \u00c8 arricchito con le olive Leccino, la ricotta stagionata e gli anacardi. Scopri anche gli altri gusti della gamma!<br><a href=\"https:\/\/mutti-parma.com\/app\/uploads\/sites\/7\/2023\/07\/mutti-tabella-comparativa-pesti-maggio2023.pdf\" target=\"_blank\" rel=\"noreferrer noopener\">Leggi la tabella comparativa dei <br>Pesti di pomodoro Mutti.<\/a><br><a rel=\"noreferrer noopener\" href=\"https:\/\/mutti-parma.com\/app\/uploads\/sites\/7\/2023\/07\/communicazione-circana.pdf\" data-type=\"URL\" target=\"_blank\">*fonte: rielaborazione dati Circana<\/a><\/p>\n\n\n\n\n<\/div><figure class=\"wp-block-media-text__media\"><img loading=\"lazy\" decoding=\"async\" width=\"683\" height=\"1024\" src=\"https:\/\/mutti-parma.com\/app\/uploads\/sites\/7\/2022\/01\/giallo-ita-683x1024.png\" alt=\"\" class=\"wp-image-13326 size-full\" sizes=\"(min-width: 1440px) 528px,37vw\" data-spai-crop=\"false\" srcset=\"https:\/\/mutti-parma.com\/app\/uploads\/sites\/7\/2022\/01\/giallo-ita-683x1024.png 683w, https:\/\/mutti-parma.com\/app\/uploads\/sites\/7\/2022\/01\/giallo-ita-333x500.png 333w, https:\/\/mutti-parma.com\/app\/uploads\/sites\/7\/2022\/01\/giallo-ita-133x200.png 133w, https:\/\/mutti-parma.com\/app\/uploads\/sites\/7\/2022\/01\/giallo-ita-768x1152.png 768w, https:\/\/mutti-parma.com\/app\/uploads\/sites\/7\/2022\/01\/giallo-ita-150x225.png 150w, https:\/\/mutti-parma.com\/app\/uploads\/sites\/7\/2022\/01\/giallo-ita-600x900.png 600w, https:\/\/mutti-parma.com\/app\/uploads\/sites\/7\/2022\/01\/giallo-ita-1024x1536.png 1024w, https:\/\/mutti-parma.com\/app\/uploads\/sites\/7\/2022\/01\/giallo-ita-1365x2048.png 1365w, https:\/\/mutti-parma.com\/app\/uploads\/sites\/7\/2022\/01\/giallo-ita-scaled.png 1707w\" \/><\/figure><\/div>\n\n\n<div class=\"acf-product-nutrition-tabs alignwide\">\n  <div class=\"\">\n    <ul class=\"list-none flex justify-center sm:justify-left\">\n                    <li>\n          <a href=\"#howtouse\" class=\"btn-outline \" data-gtm-track data-gtm-event=\"GAevent\" data-gtm-event-id=\"13\" data-gtm-category=\"recipe_information\" data-gtm-action=\"how_to_use\" data-gtm-label=\"pesto_di_pomodoro_giallo\">\n            SUGGERIMENTI DI UTILIZZO\n          <\/a>\n        <\/li>\n      \n          <\/ul>\n  <\/div>\n\n  <\/div>\n\n\n\n\n<div\n  class=\"acf-how-is-it-made alignwide text-center \"\n  data-vue-wrapper\n  >\n      <h2>Come nasce il prodotto?<\/h2>\n  \n  <slideshow :slides-per-view=\"3\" :slides-per-view-sm=\"1\" :slides-per-view-md=\"2\" name=\"How is it made\" class=\"mb-8\">\n      <\/slideshow>\n\n      <p class=\"is-style-cursive text-5xl\">Per sapere come realizziamo i nostri prodotti<\/p>\n  \n      <h3><a href=\"https:\/\/mutti-parma.com\/it\/qualita-superiore\/\">QUALIT\u00c0 SUPERIORE<\/a><\/h3>\n  <\/div>\n\n\n\n\n\n<hr class=\"wp-block-separator has-css-opacity alignwide\"\/>\n\n\n<div class=\"acf-comments alignwide my-8\">\n  <div class=\"flex flex-wrap mb-4 items-center text-center sm:text-left px-0 sm:px-2 md:px-0\">\n    <h3 class=\"w-full sm:w-auto is-style-cursive text-primary my-0 leading-none\">Share and review<\/h3>\n    <div class=\"w-full sm:w-auto flex-auto mt-1 sm:ml-8\">\n          <\/div>\n\n          <div class=\"mx-auto sm:ml-0 mt-3 sm:mt-0\">\n                  <div\n  class=\"shariff\"\n  data-button-style=\"icon\"\n  data-mail-body=\"https:\/\/mutti-parma.com\/it\/i-nostri-prodotti\/pesto-di-pomodoro-giallo\/\"\n  data-mail-subject=\"Pesto di pomodoro giallo - Mutti\"\n  data-mail-url=\"mailto:\"\n  data-media-url=\"https:\/\/mutti-parma.com\/app\/uploads\/sites\/7\/2022\/01\/giallo-ita-scaled.png\"\n  data-services=\"[&#039;facebook&#039;, &#039;twitter&#039;, &#039;whatsapp&#039;, &#039;pinterest&#039;, &#039;mail&#039;]\"\n><\/div>\n              <\/div>\n      <\/div>\n\n  <div>\n                <\/div>\n<\/div>\n\n\n\n<hr class=\"wp-block-separator has-css-opacity alignwide\"\/>\n\n\n\n\n\n<p class=\"has-text-align-center is-style-cursive has-xxl-font-size\">Ora conosci i nostri prodotti: \u00e8 ora di cucinare!<\/p>\n\n\n\n<h2 class=\"wp-block-heading has-text-align-center\" id=\"howtouse\">SUGGERIMENTI DI UTILIZZO<\/h2>\n\n\n\n<p class=\"has-text-align-center\">Ideale per condire la pasta e preparare deliziosi crostini e finger food.<\/p>\n\n\n\n\n<div class=\"acf-related-recipes alignwide pb-8 \" data-vue-wrapper>\n      <slideshow :slides-per-view=\"3\" :navigation=\"true\" name=\"Related Recipes\">\n              <div class=\"swiper-slide\">\n          <div class=\"teaser--recipe text-center hover:zoom-img\">\n      <a href=\"https:\/\/mutti-parma.com\/it\/ricettario-rosso\/flan-al-pesto-giallo\/\" class=\"relative block mb-4 max-w-96 mx-auto\" aria-hidden=\"true\" tabindex=\"-1\">\n      <div class=\"responsive-embed \" style=\"padding-bottom: 108.79765395894%;\">\n                <img decoding=\"async\" width=\"2560\" height=\"1707\" src=\"https:\/\/mutti-parma.com\/app\/uploads\/sites\/7\/2025\/06\/flan-pesto-giallo-mutti-1-scaled.jpg\" class=\"inline-block wp-image-12479\" alt=\"Flan al pesto giallo\" sizes=\"auto, (max-width: 600px) 72vw, 431px\" data-spai-crop=\"true\" title=\"Flan al pesto giallo\" srcset=\"https:\/\/mutti-parma.com\/app\/uploads\/sites\/7\/2025\/06\/flan-pesto-giallo-mutti-1-scaled.jpg 2560w, https:\/\/mutti-parma.com\/app\/uploads\/sites\/7\/2025\/06\/flan-pesto-giallo-mutti-1-500x333.jpg 500w, https:\/\/mutti-parma.com\/app\/uploads\/sites\/7\/2025\/06\/flan-pesto-giallo-mutti-1-1024x683.jpg 1024w, https:\/\/mutti-parma.com\/app\/uploads\/sites\/7\/2025\/06\/flan-pesto-giallo-mutti-1-200x133.jpg 200w, https:\/\/mutti-parma.com\/app\/uploads\/sites\/7\/2025\/06\/flan-pesto-giallo-mutti-1-768x512.jpg 768w, https:\/\/mutti-parma.com\/app\/uploads\/sites\/7\/2025\/06\/flan-pesto-giallo-mutti-1-150x100.jpg 150w, https:\/\/mutti-parma.com\/app\/uploads\/sites\/7\/2025\/06\/flan-pesto-giallo-mutti-1-600x400.jpg 600w, https:\/\/mutti-parma.com\/app\/uploads\/sites\/7\/2025\/06\/flan-pesto-giallo-mutti-1-1536x1024.jpg 1536w, https:\/\/mutti-parma.com\/app\/uploads\/sites\/7\/2025\/06\/flan-pesto-giallo-mutti-1-2048x1365.jpg 2048w\" loading=\"lazy\" \/>\n      <\/div>\n\n          <\/a>\n  \n  \n      <a class=\"is-style-cursive heading block text-primary leading-none\" href=\"https:\/\/mutti-parma.com\/it\/i-nostri-prodotti\/pesto-di-pomodoro-giallo\/\">\n      Pesto di pomodoro giallo\n    <\/a>\n  \n  <a class=\"block my-4\" href=\"https:\/\/mutti-parma.com\/it\/ricettario-rosso\/flan-al-pesto-giallo\/\">\n          <h3>Flan al pesto giallo<\/h3>\n      <\/a>\n\n      <a class=\"block hover:no-underline text-black\" href=\"https:\/\/mutti-parma.com\/it\/ricettario-rosso\/flan-al-pesto-giallo\/\">\n      Il nostro flan con Pesto Giallo Mutti: leggerissimo nella forma e intenso nel sapore.\n    <\/a>\n  \n  <div class=\"flex items-center justify-center my-4\">\n    <div class=\"-ml-2 mr-2 pr-4 border-primary border-r-2 pt-2\">\n    <p class=\"flex flex-wrap items-end font-heavy text-primary leading-none justify-center\">\n      <img decoding=\"async\" alt=\"Total time\" class=\"w-10 md:w-12 mx-3 mb-2\" src=\"https:\/\/mutti-parma.com\/app\/themes\/mutti\/dist\/images\/icons\/mutti-product-icons-reduced-cooking-time.svg?id=dc737ade6befaad1eaaf\" width=\"54\" height=\"26\" loading=\"lazy\">\n      <span class=\"mb-2\">\n        35&nbsp;minuti\n      <\/span>\n    <\/p>\n  <\/div>\n  <div class=\"pt-2\">\n    <p class=\"flex flex-wrap items-end font-heavy uppercase text-primary leading-none justify-center\">\n      <img decoding=\"async\" alt=\"Difficulty\" class=\"w-10 md:w-12 mx-3 mb-2\" src=\"https:\/\/mutti-parma.com\/app\/themes\/mutti\/dist\/images\/icons\/mutti-product-icons-stove-top.svg?id=5f4b0df898a96e10ac63\" width=\"54\" height=\"18\" loading=\"lazy\">\n      <span class=\"mb-2\">\n        Media\n      <\/span>\n    <\/p>\n  <\/div>\n  <\/div>\n<\/div>\n        <\/div>\n              <div class=\"swiper-slide\">\n          <div class=\"teaser--recipe text-center hover:zoom-img\">\n      <a href=\"https:\/\/mutti-parma.com\/it\/ricettario-rosso\/bruschette-al-pesto-di-pomodoro\/\" class=\"relative block mb-4 max-w-96 mx-auto\" aria-hidden=\"true\" tabindex=\"-1\">\n      <div class=\"responsive-embed \" style=\"padding-bottom: 108.79765395894%;\">\n                <img decoding=\"async\" width=\"1707\" height=\"2560\" src=\"https:\/\/mutti-parma.com\/app\/uploads\/sites\/7\/2024\/08\/bruschette-pesto-mutti-5-scaled.jpg\" class=\"inline-block wp-image-11181 wpsmartcrop-image wpsmartcrop-image\" alt=\"Bruschette al pesto di pomodoro\" sizes=\"auto, (max-width: 600px) 72vw, 431px\" data-spai-crop=\"false\" title=\"Bruschette al pesto di pomodoro\" srcset=\"https:\/\/mutti-parma.com\/app\/uploads\/sites\/7\/2024\/08\/bruschette-pesto-mutti-5-scaled.jpg 1707w, https:\/\/mutti-parma.com\/app\/uploads\/sites\/7\/2024\/08\/bruschette-pesto-mutti-5-scaled-333x500.jpg 333w, https:\/\/mutti-parma.com\/app\/uploads\/sites\/7\/2024\/08\/bruschette-pesto-mutti-5-scaled-683x1024.jpg 683w, https:\/\/mutti-parma.com\/app\/uploads\/sites\/7\/2024\/08\/bruschette-pesto-mutti-5-scaled-133x200.jpg 133w, https:\/\/mutti-parma.com\/app\/uploads\/sites\/7\/2024\/08\/bruschette-pesto-mutti-5-scaled-768x1152.jpg 768w, https:\/\/mutti-parma.com\/app\/uploads\/sites\/7\/2024\/08\/bruschette-pesto-mutti-5-scaled-150x225.jpg 150w, https:\/\/mutti-parma.com\/app\/uploads\/sites\/7\/2024\/08\/bruschette-pesto-mutti-5-scaled-600x900.jpg 600w, https:\/\/mutti-parma.com\/app\/uploads\/sites\/7\/2024\/08\/bruschette-pesto-mutti-5-scaled-1024x1536.jpg 1024w, https:\/\/mutti-parma.com\/app\/uploads\/sites\/7\/2024\/08\/bruschette-pesto-mutti-5-scaled-1366x2048.jpg 1366w\" data-smartcrop-focus=\"[51,70]\" loading=\"lazy\" style=\"object-position: 51% 70%;\" \/>\n      <\/div>\n\n          <\/a>\n  \n  \n      <a class=\"is-style-cursive heading block text-primary leading-none\" href=\"https:\/\/mutti-parma.com\/it\/i-nostri-prodotti\/pesto-di-pomodoro-arancione\/\">\n      Pesto di pomodoro arancione\n    <\/a>\n  \n  <a class=\"block my-4\" href=\"https:\/\/mutti-parma.com\/it\/ricettario-rosso\/bruschette-al-pesto-di-pomodoro\/\">\n          <h3>Bruschette al pesto di pomodoro<\/h3>\n      <\/a>\n\n      <a class=\"block hover:no-underline text-black\" href=\"https:\/\/mutti-parma.com\/it\/ricettario-rosso\/bruschette-al-pesto-di-pomodoro\/\">\n      Scopri le deliziose brushette con i Pesti di pomodori colorati Mutti\n    <\/a>\n  \n  <div class=\"flex items-center justify-center my-4\">\n    <div class=\"-ml-2 mr-2 pr-4 border-primary border-r-2 pt-2\">\n    <p class=\"flex flex-wrap items-end font-heavy text-primary leading-none justify-center\">\n      <img decoding=\"async\" alt=\"Total time\" class=\"w-10 md:w-12 mx-3 mb-2\" src=\"https:\/\/mutti-parma.com\/app\/themes\/mutti\/dist\/images\/icons\/mutti-product-icons-reduced-cooking-time.svg?id=dc737ade6befaad1eaaf\" width=\"54\" height=\"26\" loading=\"lazy\">\n      <span class=\"mb-2\">\n        40&nbsp;minuti\n      <\/span>\n    <\/p>\n  <\/div>\n  <div class=\"pt-2\">\n    <p class=\"flex flex-wrap items-end font-heavy uppercase text-primary leading-none justify-center\">\n      <img decoding=\"async\" alt=\"Difficulty\" class=\"w-10 md:w-12 mx-3 mb-2\" src=\"https:\/\/mutti-parma.com\/app\/themes\/mutti\/dist\/images\/icons\/mutti-product-icons-stove-top.svg?id=5f4b0df898a96e10ac63\" width=\"54\" height=\"18\" loading=\"lazy\">\n      <span class=\"mb-2\">\n        Facile\n      <\/span>\n    <\/p>\n  <\/div>\n  <\/div>\n<\/div>\n        <\/div>\n          <\/slideshow>\n  \n  <hr class=\"alignwide wp-block-separator\">\n\n      <p class=\"text-center\">\n      <a class=\"h3 underline\" href=\"https:\/\/mutti-parma.com\/it\/ricettario-rosso\/\">Le nostre ricette<\/a>\n    <\/p>\n  <\/div>\n\n\n<div class=\"acf-related-products mb-8 lg:mb-16 \" data-vue-wrapper>\n      <h3 class=\"text-center\">GLI ALTRI PRODOTTI DELLA GAMMA\r\n<\/h3>\n  \n      <slideshow :slides-per-view=\"3\" :navigation=\"true\" class=\"mx-8 lg:-mx-12\" name=\"Related Products\">\n              <div class=\"swiper-slide\">\n          <div class=\"text-center hover:lift-img mx-auto max-w-28\">\n      <a href=\"https:\/\/mutti-parma.com\/it\/i-nostri-prodotti\/pesto-di-pomodoro-rosso\/\" class=\"block\">\n            <div class=\"responsive-embed is-contain\" style=\"padding-bottom: 188.23529411765%;\"><img decoding=\"async\" width=\"1707\" height=\"2560\" src=\"https:\/\/mutti-parma.com\/app\/uploads\/sites\/7\/2019\/09\/rosso-ita-scaled.png\" class=\"inline-block mt-2 wp-image-13329\" alt=\"Pesto di pomodoro rosso\" sizes=\"auto, 126px\" data-spai-crop=\"false\" title=\"Pesto di pomodoro rosso\" srcset=\"https:\/\/mutti-parma.com\/app\/uploads\/sites\/7\/2019\/09\/rosso-ita-scaled.png 1707w, https:\/\/mutti-parma.com\/app\/uploads\/sites\/7\/2019\/09\/rosso-ita-333x500.png 333w, https:\/\/mutti-parma.com\/app\/uploads\/sites\/7\/2019\/09\/rosso-ita-683x1024.png 683w, https:\/\/mutti-parma.com\/app\/uploads\/sites\/7\/2019\/09\/rosso-ita-133x200.png 133w, https:\/\/mutti-parma.com\/app\/uploads\/sites\/7\/2019\/09\/rosso-ita-768x1152.png 768w, https:\/\/mutti-parma.com\/app\/uploads\/sites\/7\/2019\/09\/rosso-ita-150x225.png 150w, https:\/\/mutti-parma.com\/app\/uploads\/sites\/7\/2019\/09\/rosso-ita-600x900.png 600w, https:\/\/mutti-parma.com\/app\/uploads\/sites\/7\/2019\/09\/rosso-ita-1024x1536.png 1024w, https:\/\/mutti-parma.com\/app\/uploads\/sites\/7\/2019\/09\/rosso-ita-1365x2048.png 1365w\" loading=\"lazy\" \/><\/div>\n    <\/a>\n  \n  <a class=\"block underline mb-2 mt-2\" href=\"https:\/\/mutti-parma.com\/it\/i-nostri-prodotti\/pesto-di-pomodoro-rosso\/\">\n    <h3 class=\"h4\">Pesto di pomodoro rosso<\/h3>\n  <\/a>\n\n      <a class=\"block hover:no-underline text-inherit\" href=\"https:\/\/mutti-parma.com\/it\/i-nostri-prodotti\/pesto-di-pomodoro-rosso\/\">\n      Pesti di Pomodoro\n    <\/a>\n  <\/div>\n        <\/div>\n              <div class=\"swiper-slide\">\n          <div class=\"text-center hover:lift-img mx-auto max-w-28\">\n      <a href=\"https:\/\/mutti-parma.com\/it\/i-nostri-prodotti\/pesto-di-pomodoro-verde\/\" class=\"block\">\n            <div class=\"responsive-embed is-contain\" style=\"padding-bottom: 188.23529411765%;\"><img decoding=\"async\" width=\"1707\" height=\"2560\" src=\"https:\/\/mutti-parma.com\/app\/uploads\/sites\/7\/2022\/01\/verde-ita-scaled.png\" class=\"inline-block mt-2 wp-image-13325\" alt=\"Pesto di pomodoro verde\" sizes=\"auto, 126px\" data-spai-crop=\"false\" title=\"Pesto di pomodoro verde\" srcset=\"https:\/\/mutti-parma.com\/app\/uploads\/sites\/7\/2022\/01\/verde-ita-scaled.png 1707w, https:\/\/mutti-parma.com\/app\/uploads\/sites\/7\/2022\/01\/verde-ita-333x500.png 333w, https:\/\/mutti-parma.com\/app\/uploads\/sites\/7\/2022\/01\/verde-ita-683x1024.png 683w, https:\/\/mutti-parma.com\/app\/uploads\/sites\/7\/2022\/01\/verde-ita-133x200.png 133w, https:\/\/mutti-parma.com\/app\/uploads\/sites\/7\/2022\/01\/verde-ita-768x1152.png 768w, https:\/\/mutti-parma.com\/app\/uploads\/sites\/7\/2022\/01\/verde-ita-150x225.png 150w, https:\/\/mutti-parma.com\/app\/uploads\/sites\/7\/2022\/01\/verde-ita-600x900.png 600w, https:\/\/mutti-parma.com\/app\/uploads\/sites\/7\/2022\/01\/verde-ita-1024x1536.png 1024w, https:\/\/mutti-parma.com\/app\/uploads\/sites\/7\/2022\/01\/verde-ita-1365x2048.png 1365w\" loading=\"lazy\" \/><\/div>\n    <\/a>\n  \n  <a class=\"block underline mb-2 mt-2\" href=\"https:\/\/mutti-parma.com\/it\/i-nostri-prodotti\/pesto-di-pomodoro-verde\/\">\n    <h3 class=\"h4\">Pesto di pomodoro verde<\/h3>\n  <\/a>\n\n      <a class=\"block hover:no-underline text-inherit\" href=\"https:\/\/mutti-parma.com\/it\/i-nostri-prodotti\/pesto-di-pomodoro-verde\/\">\n      Pesti di Pomodoro\n    <\/a>\n  <\/div>\n        <\/div>\n              <div class=\"swiper-slide\">\n          <div class=\"text-center hover:lift-img mx-auto max-w-28\">\n      <a href=\"https:\/\/mutti-parma.com\/it\/i-nostri-prodotti\/pesto-di-pomodoro-arancione\/\" class=\"block\">\n            <div class=\"responsive-embed is-contain\" style=\"padding-bottom: 188.23529411765%;\"><img decoding=\"async\" width=\"1707\" height=\"2560\" src=\"https:\/\/mutti-parma.com\/app\/uploads\/sites\/7\/2022\/01\/arancione-ita-scaled.png\" class=\"inline-block mt-2 wp-image-13324\" alt=\"Pesto di pomodoro arancione\" sizes=\"auto, 126px\" data-spai-crop=\"false\" title=\"Pesto di pomodoro arancione\" srcset=\"https:\/\/mutti-parma.com\/app\/uploads\/sites\/7\/2022\/01\/arancione-ita-scaled.png 1707w, https:\/\/mutti-parma.com\/app\/uploads\/sites\/7\/2022\/01\/arancione-ita-333x500.png 333w, https:\/\/mutti-parma.com\/app\/uploads\/sites\/7\/2022\/01\/arancione-ita-683x1024.png 683w, https:\/\/mutti-parma.com\/app\/uploads\/sites\/7\/2022\/01\/arancione-ita-133x200.png 133w, https:\/\/mutti-parma.com\/app\/uploads\/sites\/7\/2022\/01\/arancione-ita-768x1152.png 768w, https:\/\/mutti-parma.com\/app\/uploads\/sites\/7\/2022\/01\/arancione-ita-150x225.png 150w, https:\/\/mutti-parma.com\/app\/uploads\/sites\/7\/2022\/01\/arancione-ita-600x900.png 600w, https:\/\/mutti-parma.com\/app\/uploads\/sites\/7\/2022\/01\/arancione-ita-1024x1536.png 1024w, https:\/\/mutti-parma.com\/app\/uploads\/sites\/7\/2022\/01\/arancione-ita-1365x2048.png 1365w\" loading=\"lazy\" \/><\/div>\n    <\/a>\n  \n  <a class=\"block underline mb-2 mt-2\" href=\"https:\/\/mutti-parma.com\/it\/i-nostri-prodotti\/pesto-di-pomodoro-arancione\/\">\n    <h3 class=\"h4\">Pesto di pomodoro arancione<\/h3>\n  <\/a>\n\n      <a class=\"block hover:no-underline text-inherit\" href=\"https:\/\/mutti-parma.com\/it\/i-nostri-prodotti\/pesto-di-pomodoro-arancione\/\">\n      Pesti di Pomodoro\n    <\/a>\n  <\/div>\n        <\/div>\n          <\/slideshow>\n  <\/div>\n\n\n\n<figure class=\"wp-block-image alignwide size-large\" data-hide-on=\"mobile tablet\"><a href=\"https:\/\/mutti-parma.com\/it\/ragu-vegetale-mutti\/\"><img loading=\"lazy\" decoding=\"async\" width=\"1024\" height=\"536\" src=\"https:\/\/mutti-parma.com\/app\/uploads\/sites\/7\/2025\/03\/hp-ragu-prodoot-anno-desktop-1024x536.png\" alt=\"Ragu prodotto anno \" class=\"wp-image-12129\" srcset=\"https:\/\/mutti-parma.com\/app\/uploads\/sites\/7\/2025\/03\/hp-ragu-prodoot-anno-desktop-1024x536.png 1024w, https:\/\/mutti-parma.com\/app\/uploads\/sites\/7\/2025\/03\/hp-ragu-prodoot-anno-desktop-500x261.png 500w, https:\/\/mutti-parma.com\/app\/uploads\/sites\/7\/2025\/03\/hp-ragu-prodoot-anno-desktop-200x105.png 200w, https:\/\/mutti-parma.com\/app\/uploads\/sites\/7\/2025\/03\/hp-ragu-prodoot-anno-desktop-768x402.png 768w, https:\/\/mutti-parma.com\/app\/uploads\/sites\/7\/2025\/03\/hp-ragu-prodoot-anno-desktop-150x78.png 150w, https:\/\/mutti-parma.com\/app\/uploads\/sites\/7\/2025\/03\/hp-ragu-prodoot-anno-desktop-600x314.png 600w, https:\/\/mutti-parma.com\/app\/uploads\/sites\/7\/2025\/03\/hp-ragu-prodoot-anno-desktop-1536x803.png 1536w, https:\/\/mutti-parma.com\/app\/uploads\/sites\/7\/2025\/03\/hp-ragu-prodoot-anno-desktop.png 2048w\" sizes=\"(max-width: 1024px) 100vw, 1024px\" \/><\/a><\/figure>\n\n\n\n<figure class=\"wp-block-image alignwide size-large\" data-hide-on=\"desktop\"><a href=\"https:\/\/mutti-parma.com\/it\/ragu-vegetale-mutti\/\"><img loading=\"lazy\" decoding=\"async\" width=\"616\" height=\"1024\" src=\"https:\/\/mutti-parma.com\/app\/uploads\/sites\/7\/2025\/03\/hp-ragu-prodoot-anno-mobile-616x1024.png\" alt=\"ragu - prodotto dell'anno\" class=\"wp-image-12128\" srcset=\"https:\/\/mutti-parma.com\/app\/uploads\/sites\/7\/2025\/03\/hp-ragu-prodoot-anno-mobile-616x1024.png 616w, https:\/\/mutti-parma.com\/app\/uploads\/sites\/7\/2025\/03\/hp-ragu-prodoot-anno-mobile-301x500.png 301w, https:\/\/mutti-parma.com\/app\/uploads\/sites\/7\/2025\/03\/hp-ragu-prodoot-anno-mobile-120x200.png 120w, https:\/\/mutti-parma.com\/app\/uploads\/sites\/7\/2025\/03\/hp-ragu-prodoot-anno-mobile-768x1277.png 768w, https:\/\/mutti-parma.com\/app\/uploads\/sites\/7\/2025\/03\/hp-ragu-prodoot-anno-mobile-150x249.png 150w, https:\/\/mutti-parma.com\/app\/uploads\/sites\/7\/2025\/03\/hp-ragu-prodoot-anno-mobile-600x998.png 600w, https:\/\/mutti-parma.com\/app\/uploads\/sites\/7\/2025\/03\/hp-ragu-prodoot-anno-mobile-924x1536.png 924w, https:\/\/mutti-parma.com\/app\/uploads\/sites\/7\/2025\/03\/hp-ragu-prodoot-anno-mobile-1231x2048.png 1231w, https:\/\/mutti-parma.com\/app\/uploads\/sites\/7\/2025\/03\/hp-ragu-prodoot-anno-mobile.png 1306w\" sizes=\"(max-width: 616px) 100vw, 616px\" \/><\/a><\/figure>\n","protected":false},"excerpt":{"rendered":"<p>Ora conosci i nostri prodotti: \u00e8 ora di cucinare! SUGGERIMENTI DI UTILIZZO Ideale per condire la pasta e preparare deliziosi crostini e finger food.<\/p>\n","protected":false},"featured_media":13326,"comment_status":"open","ping_status":"closed","template":"","product_category":[656],"class_list":["post-6555","product","type-product","status-publish","has-post-thumbnail","hentry","product_category-product-category-5221"],"acf":[],"_links":{"self":[{"href":"https:\/\/mutti-parma.com\/it\/wp-json\/wp\/v2\/product\/6555","targetHints":{"allow":["GET"]}}],"collection":[{"href":"https:\/\/mutti-parma.com\/it\/wp-json\/wp\/v2\/product"}],"about":[{"href":"https:\/\/mutti-parma.com\/it\/wp-json\/wp\/v2\/types\/product"}],"replies":[{"embeddable":true,"href":"https:\/\/mutti-parma.com\/it\/wp-json\/wp\/v2\/comments?post=6555"}],"version-history":[{"count":21,"href":"https:\/\/mutti-parma.com\/it\/wp-json\/wp\/v2\/product\/6555\/revisions"}],"predecessor-version":[{"id":13328,"href":"https:\/\/mutti-parma.com\/it\/wp-json\/wp\/v2\/product\/6555\/revisions\/13328"}],"wp:featuredmedia":[{"embeddable":true,"href":"https:\/\/mutti-parma.com\/it\/wp-json\/wp\/v2\/media\/13326"}],"wp:attachment":[{"href":"https:\/\/mutti-parma.com\/it\/wp-json\/wp\/v2\/media?parent=6555"}],"wp:term":[{"taxonomy":"product_category","embeddable":true,"href":"https:\/\/mutti-parma.com\/it\/wp-json\/wp\/v2\/product_category?post=6555"}],"curies":[{"name":"wp","href":"https:\/\/api.w.org\/{rel}","templated":true}]}}