{"id":7867,"date":"2022-10-14T09:48:56","date_gmt":"2022-10-14T09:48:56","guid":{"rendered":"https:\/\/mutti-parma.com\/it\/?post_type=product&#038;p=7867"},"modified":"2024-05-27T13:04:32","modified_gmt":"2024-05-27T13:04:32","slug":"passata-sul-campo","status":"publish","type":"product","link":"https:\/\/mutti-parma.com\/it\/i-nostri-prodotti\/passata-sul-campo\/","title":{"rendered":"Passata sul campo"},"content":{"rendered":"\n<div style=\"--media-width: 50\" class=\"wp-block-media-text alignwide has-media-on-the-right is-stacked-on-mobile is-style-hero has-background-image\"><img loading=\"lazy\" decoding=\"async\" class=\"wp-block-media-text__background\" alt=\"\" data-spai-crop=\"true\" src=\"https:\/\/mutti-parma.com\/app\/uploads\/sites\/3\/2019\/09\/texture-banner-mutti-passata.jpg\" \/><div class=\"wp-block-media-text__content\"><div class=\"acf-breadcrumb my-4 md:my-8 text-center md:text-left\">\n  <nav>\n  <ol class=\"list-none text-md\">\n                  <li class=\"inline\">\n                      <a class=\"text-inherit\" href=\"https:\/\/mutti-parma.com\/it\/\">\n              Mutti Parma\n            <\/a>\n                                <span aria-hidden=\"true\">\/&nbsp;<\/span>\n                  <\/li>\n                        <li class=\"inline\">\n                      <a class=\"text-inherit\" href=\"https:\/\/mutti-parma.com\/it\/i-nostri-prodotti\/\">\n              Products\n            <\/a>\n                            <\/li>\n            <\/ol>\n<\/nav>\n<\/div>\n\n\n\n<h1 class=\"wp-block-heading has-primary-color has-text-color\">Passata sul campo<\/h1>\n\n\n\n<p class=\"is-style-cursive has-xxl-font-size\">Passata<\/p>\n\n\n\n<p><br><strong>Sul Campo<\/strong>, la prima passata prodotta sul luogo di raccolta e frutto di un\u2019innovazione che consente di trasformare il pomodoro all\u2019apice della sua maturazione, in tempi rapidissimi e azzerando le distanze.&nbsp;<br><br><br>Una passata premium in <strong>Edizione Limitata<\/strong>, realizzata unicamente con il pomodoro Rossoro raccolto e lavorato sul campo in cui l\u2019InstaFactory \u00e8 all\u2019azione. Scopri la sua consistenza liscia e vellutata, animata da un gusto dolce, intenso e fruttato.&nbsp;<\/p>\n\n\n\n\n\n\n<div class=\"acf-product-find-store\">\n  <\/div>\n<\/div><figure class=\"wp-block-media-text__media\"><img loading=\"lazy\" decoding=\"async\" width=\"404\" height=\"766\" src=\"https:\/\/mutti-parma.com\/app\/uploads\/sites\/7\/2021\/12\/sulcampo-it.png\" alt=\"impiegato azienda mutti\" class=\"wp-image-6501 size-full\" sizes=\"(min-width: 1440px) 528px,37vw\" data-spai-crop=\"false\" srcset=\"https:\/\/mutti-parma.com\/app\/uploads\/sites\/7\/2021\/12\/sulcampo-it.png 404w, https:\/\/mutti-parma.com\/app\/uploads\/sites\/7\/2021\/12\/sulcampo-it-264x500.png 264w, https:\/\/mutti-parma.com\/app\/uploads\/sites\/7\/2021\/12\/sulcampo-it-105x200.png 105w, https:\/\/mutti-parma.com\/app\/uploads\/sites\/7\/2021\/12\/sulcampo-it-150x284.png 150w\" \/><\/figure><\/div>\n\n\n\n<hr class=\"wp-block-separator has-alpha-channel-opacity alignwide\"\/>\n\n\n\n<h2 class=\"wp-block-heading has-text-align-center\">Disponibile presso i punti vendita e gli shop on line:<\/h2>\n\n\n\n<div class=\"wp-block-columns are-vertically-aligned-bottom is-layout-flex wp-container-core-columns-is-layout-9d6595d7 wp-block-columns-is-layout-flex\">\n<div class=\"wp-block-column is-vertically-aligned-bottom is-layout-flow wp-block-column-is-layout-flow\">\n<figure class=\"wp-block-image aligncenter size-full is-resized\"><img loading=\"lazy\" decoding=\"async\" width=\"785\" height=\"92\" src=\"https:\/\/mutti-parma.com\/app\/uploads\/sites\/7\/2022\/10\/esselunga.png\" alt=\"\" class=\"wp-image-7957\" style=\"width:299px;height:35px\" srcset=\"https:\/\/mutti-parma.com\/app\/uploads\/sites\/7\/2022\/10\/esselunga.png 785w, https:\/\/mutti-parma.com\/app\/uploads\/sites\/7\/2022\/10\/esselunga-500x59.png 500w, https:\/\/mutti-parma.com\/app\/uploads\/sites\/7\/2022\/10\/esselunga-200x23.png 200w, https:\/\/mutti-parma.com\/app\/uploads\/sites\/7\/2022\/10\/esselunga-768x90.png 768w, https:\/\/mutti-parma.com\/app\/uploads\/sites\/7\/2022\/10\/esselunga-150x18.png 150w, https:\/\/mutti-parma.com\/app\/uploads\/sites\/7\/2022\/10\/esselunga-600x70.png 600w\" sizes=\"(max-width: 785px) 100vw, 785px\" \/><\/figure>\n\n\n\n<div class=\"wp-block-buttons is-content-justification-center is-layout-flex wp-container-core-buttons-is-layout-16018d1d wp-block-buttons-is-layout-flex\">\n<div class=\"wp-block-button is-style-button\"><a class=\"wp-block-button__link wp-element-button\" href=\"https:\/\/www.esselungaacasa.it\/ecommerce\/nav\/auth\/supermercato\/home.html?freevisit=true#!\/negozio\/prodotto\/5395613?productCode=411014&amp;productType=GROCERY\">ACQUISTA ONLINE<\/a><\/div>\n<\/div>\n<\/div>\n\n\n\n<div class=\"wp-block-column is-vertically-aligned-bottom is-layout-flow wp-block-column-is-layout-flow\">\n<figure class=\"wp-block-image aligncenter size-large is-resized\"><img loading=\"lazy\" decoding=\"async\" width=\"1024\" height=\"123\" src=\"https:\/\/mutti-parma.com\/app\/uploads\/sites\/7\/2021\/01\/eataly-logo-1024x123.png\" alt=\"impiegato azienda mutti\" class=\"wp-image-5139\" style=\"width:291px;height:35px\" srcset=\"https:\/\/mutti-parma.com\/app\/uploads\/sites\/7\/2021\/01\/eataly-logo-1024x123.png 1024w, https:\/\/mutti-parma.com\/app\/uploads\/sites\/7\/2021\/01\/eataly-logo-200x24.png 200w, https:\/\/mutti-parma.com\/app\/uploads\/sites\/7\/2021\/01\/eataly-logo-500x60.png 500w, https:\/\/mutti-parma.com\/app\/uploads\/sites\/7\/2021\/01\/eataly-logo-768x92.png 768w, https:\/\/mutti-parma.com\/app\/uploads\/sites\/7\/2021\/01\/eataly-logo-150x18.png 150w, https:\/\/mutti-parma.com\/app\/uploads\/sites\/7\/2021\/01\/eataly-logo-600x72.png 600w\" sizes=\"(max-width: 1024px) 100vw, 1024px\" \/><\/figure>\n\n\n\n<div class=\"wp-block-buttons is-content-justification-center is-layout-flex wp-container-core-buttons-is-layout-16018d1d wp-block-buttons-is-layout-flex\">\n<div class=\"wp-block-button is-style-button\"><a class=\"wp-block-button__link wp-element-button\" href=\"https:\/\/www.eataly.net\/it_it\/passata-sul-campo-400g-mutti-542672\">ACQUISTA ONLINE<\/a><\/div>\n<\/div>\n<\/div>\n<\/div>\n\n\n\n<hr class=\"wp-block-separator has-alpha-channel-opacity alignwide\"\/>\n\n\n\n\n\n<h2 class=\"wp-block-heading has-text-align-center\">Come nasce il prodotto?<\/h2>\n\n\n\n<p class=\"has-text-align-center is-style-cursive has-xxl-font-size\">Scopri di pi\u00f9 sulla Passata Sul Campo<\/p>\n\n\n\n<div class=\"wp-block-cover alignfull is-light\" style=\"min-height:875px;aspect-ratio:unset;\" data-hide-on=\"mobile\"><span aria-hidden=\"true\" class=\"wp-block-cover__background has-background-dim-0 has-background-dim\"><\/span><img loading=\"lazy\" decoding=\"async\" width=\"1440\" height=\"875\" class=\"wp-block-cover__image-background wp-image-7929\" alt=\"\" src=\"https:\/\/mutti-parma.com\/app\/uploads\/sites\/7\/2022\/10\/1-main-illustration-desktop-1.jpg\" data-object-fit=\"cover\" srcset=\"https:\/\/mutti-parma.com\/app\/uploads\/sites\/7\/2022\/10\/1-main-illustration-desktop-1.jpg 1440w, https:\/\/mutti-parma.com\/app\/uploads\/sites\/7\/2022\/10\/1-main-illustration-desktop-1-500x304.jpg 500w, https:\/\/mutti-parma.com\/app\/uploads\/sites\/7\/2022\/10\/1-main-illustration-desktop-1-1024x622.jpg 1024w, https:\/\/mutti-parma.com\/app\/uploads\/sites\/7\/2022\/10\/1-main-illustration-desktop-1-200x122.jpg 200w, https:\/\/mutti-parma.com\/app\/uploads\/sites\/7\/2022\/10\/1-main-illustration-desktop-1-768x467.jpg 768w, https:\/\/mutti-parma.com\/app\/uploads\/sites\/7\/2022\/10\/1-main-illustration-desktop-1-150x91.jpg 150w, https:\/\/mutti-parma.com\/app\/uploads\/sites\/7\/2022\/10\/1-main-illustration-desktop-1-600x365.jpg 600w\" sizes=\"(max-width: 1440px) 100vw, 1440px\" \/><div class=\"wp-block-cover__inner-container is-layout-flow wp-block-cover-is-layout-flow\">\n<div class=\"wp-block-buttons is-content-justification-center is-layout-flex wp-container-core-buttons-is-layout-16018d1d wp-block-buttons-is-layout-flex\">\n<div class=\"wp-block-button is-style-large-button\"><a class=\"wp-block-button__link wp-element-button\" href=\"https:\/\/mutti-parma.com\/it\/passata-sul-campo\/\">Scopri come \u00e8 fatta<\/a><\/div>\n<\/div>\n<\/div><\/div>\n\n\n\n<div class=\"wp-block-cover alignfull is-light\" style=\"min-height:616px;aspect-ratio:unset;\" data-hide-on=\"desktop tablet\"><span aria-hidden=\"true\" class=\"wp-block-cover__background has-background-dim-0 has-background-dim\"><\/span><img loading=\"lazy\" decoding=\"async\" width=\"750\" height=\"616\" class=\"wp-block-cover__image-background wp-image-7930\" alt=\"\" src=\"https:\/\/mutti-parma.com\/app\/uploads\/sites\/7\/2022\/10\/1-main-illustration-mobile-1.jpg\" data-object-fit=\"cover\" srcset=\"https:\/\/mutti-parma.com\/app\/uploads\/sites\/7\/2022\/10\/1-main-illustration-mobile-1.jpg 750w, https:\/\/mutti-parma.com\/app\/uploads\/sites\/7\/2022\/10\/1-main-illustration-mobile-1-500x411.jpg 500w, https:\/\/mutti-parma.com\/app\/uploads\/sites\/7\/2022\/10\/1-main-illustration-mobile-1-200x164.jpg 200w, https:\/\/mutti-parma.com\/app\/uploads\/sites\/7\/2022\/10\/1-main-illustration-mobile-1-150x123.jpg 150w, https:\/\/mutti-parma.com\/app\/uploads\/sites\/7\/2022\/10\/1-main-illustration-mobile-1-600x493.jpg 600w\" sizes=\"(max-width: 750px) 100vw, 750px\" \/><div class=\"wp-block-cover__inner-container is-layout-flow wp-block-cover-is-layout-flow\">\n<div class=\"wp-block-buttons is-content-justification-center is-layout-flex wp-container-core-buttons-is-layout-16018d1d wp-block-buttons-is-layout-flex\">\n<div class=\"wp-block-button is-style-large-button\"><a class=\"wp-block-button__link wp-element-button\" href=\"https:\/\/mutti-parma.com\/it\/passata-sul-campo\/\">Scopri come \u00e8 fatta<\/a><\/div>\n<\/div>\n<\/div><\/div>\n\n\n\n\n\n<h2 class=\"wp-block-heading has-text-align-center\" id=\"howtouse\">suggerimenti di utilizzo<\/h2>\n\n\n\n<p class=\"has-text-align-center\"> \u00c8 ideale per le cotture brevi, in cui mantiene il suo colore rosso brillante. Basta scaldarla per dare cremosit\u00e0 alle tue ricette, come preparare sughi veloci per la pasta, zuppe, pizza e persino drinks come il Bloody Mary.<\/p>\n\n\n\n<p class=\"has-text-align-center has-primary-color has-text-color\">Ideale per: sughi, zuppe, pizza e drinks<\/p>\n\n\n\n\n<div class=\"acf-related-products mb-8 lg:mb-16 \" data-vue-wrapper>\n      <h3 class=\"text-center\">GLI ALTRI PRODOTTI DELLA GAMMA\r\n<\/h3>\n  \n      <slideshow :slides-per-view=\"3\" :navigation=\"true\" class=\"mx-8 lg:-mx-12\" name=\"Related Products\">\n              <div class=\"swiper-slide\">\n          <div class=\"text-center hover:lift-img mx-auto max-w-28\">\n      <a href=\"https:\/\/mutti-parma.com\/it\/i-nostri-prodotti\/passata-di-pomodoro\/\" class=\"block\">\n            <div class=\"responsive-embed is-contain\" style=\"padding-bottom: 188.23529411765%;\"><img decoding=\"async\" width=\"1200\" height=\"2993\" src=\"https:\/\/mutti-parma.com\/app\/uploads\/sites\/7\/2019\/09\/passata-700-1.png\" class=\"inline-block mt-2 wp-image-2044\" alt=\"Passata di pomodoro\" sizes=\"auto, 126px\" data-spai-crop=\"false\" title=\"Passata di pomodoro\" srcset=\"https:\/\/mutti-parma.com\/app\/uploads\/sites\/7\/2019\/09\/passata-700-1.png 1200w, https:\/\/mutti-parma.com\/app\/uploads\/sites\/7\/2019\/09\/passata-700-1-80x200.png 80w, https:\/\/mutti-parma.com\/app\/uploads\/sites\/7\/2019\/09\/passata-700-1-200x500.png 200w, https:\/\/mutti-parma.com\/app\/uploads\/sites\/7\/2019\/09\/passata-700-1-768x1916.png 768w, https:\/\/mutti-parma.com\/app\/uploads\/sites\/7\/2019\/09\/passata-700-1-411x1024.png 411w, https:\/\/mutti-parma.com\/app\/uploads\/sites\/7\/2019\/09\/passata-700-1-150x374.png 150w, https:\/\/mutti-parma.com\/app\/uploads\/sites\/7\/2019\/09\/passata-700-1-600x1497.png 600w\" loading=\"lazy\" \/><\/div>\n    <\/a>\n  \n  <a class=\"block underline mb-2 mt-2\" href=\"https:\/\/mutti-parma.com\/it\/i-nostri-prodotti\/passata-di-pomodoro\/\">\n    <h3 class=\"h4\">Passata di pomodoro<\/h3>\n  <\/a>\n\n      <a class=\"block hover:no-underline text-inherit\" href=\"https:\/\/mutti-parma.com\/it\/i-nostri-prodotti\/passata-di-pomodoro\/\">\n      Passata\n    <\/a>\n  <\/div>\n        <\/div>\n              <div class=\"swiper-slide\">\n          <div class=\"text-center hover:lift-img mx-auto max-w-28\">\n      <a href=\"https:\/\/mutti-parma.com\/it\/i-nostri-prodotti\/passata-di-pomodoro-al-basilico\/\" class=\"block\">\n            <div class=\"responsive-embed is-contain\" style=\"padding-bottom: 188.23529411765%;\"><img decoding=\"async\" width=\"962\" height=\"2400\" src=\"https:\/\/mutti-parma.com\/app\/uploads\/sites\/7\/2019\/09\/passata-al-basilico-hires.png\" class=\"inline-block mt-2 wp-image-1003\" alt=\"Passata di pomodoro al basilico\" sizes=\"auto, 126px\" data-spai-crop=\"false\" title=\"Passata di pomodoro al basilico\" srcset=\"https:\/\/mutti-parma.com\/app\/uploads\/sites\/7\/2019\/09\/passata-al-basilico-hires.png 962w, https:\/\/mutti-parma.com\/app\/uploads\/sites\/7\/2019\/09\/passata-al-basilico-hires-80x200.png 80w, https:\/\/mutti-parma.com\/app\/uploads\/sites\/7\/2019\/09\/passata-al-basilico-hires-200x500.png 200w, https:\/\/mutti-parma.com\/app\/uploads\/sites\/7\/2019\/09\/passata-al-basilico-hires-768x1916.png 768w, https:\/\/mutti-parma.com\/app\/uploads\/sites\/7\/2019\/09\/passata-al-basilico-hires-411x1024.png 411w, https:\/\/mutti-parma.com\/app\/uploads\/sites\/7\/2019\/09\/passata-al-basilico-hires-150x374.png 150w, https:\/\/mutti-parma.com\/app\/uploads\/sites\/7\/2019\/09\/passata-al-basilico-hires-600x1497.png 600w\" loading=\"lazy\" \/><\/div>\n    <\/a>\n  \n  <a class=\"block underline mb-2 mt-2\" href=\"https:\/\/mutti-parma.com\/it\/i-nostri-prodotti\/passata-di-pomodoro-al-basilico\/\">\n    <h3 class=\"h4\">Passata di pomodoro al basilico<\/h3>\n  <\/a>\n\n      <a class=\"block hover:no-underline text-inherit\" href=\"https:\/\/mutti-parma.com\/it\/i-nostri-prodotti\/passata-di-pomodoro-al-basilico\/\">\n      Passata\n    <\/a>\n  <\/div>\n        <\/div>\n              <div class=\"swiper-slide\">\n          <div class=\"text-center hover:lift-img mx-auto max-w-28\">\n      <a href=\"https:\/\/mutti-parma.com\/it\/i-nostri-prodotti\/passata-siciliana\/\" class=\"block\">\n            <div class=\"responsive-embed is-contain\" style=\"padding-bottom: 188.23529411765%;\"><img decoding=\"async\" width=\"962\" height=\"2400\" src=\"https:\/\/mutti-parma.com\/app\/uploads\/sites\/7\/2022\/09\/passata-siciliana-main.png\" class=\"inline-block mt-2 wp-image-7758\" alt=\"Passata di pomodoro siciliana\" sizes=\"auto, 126px\" data-spai-crop=\"false\" title=\"Passata di pomodoro siciliana\" srcset=\"https:\/\/mutti-parma.com\/app\/uploads\/sites\/7\/2022\/09\/passata-siciliana-main.png 962w, https:\/\/mutti-parma.com\/app\/uploads\/sites\/7\/2022\/09\/passata-siciliana-main-200x500.png 200w, https:\/\/mutti-parma.com\/app\/uploads\/sites\/7\/2022\/09\/passata-siciliana-main-410x1024.png 410w, https:\/\/mutti-parma.com\/app\/uploads\/sites\/7\/2022\/09\/passata-siciliana-main-80x200.png 80w, https:\/\/mutti-parma.com\/app\/uploads\/sites\/7\/2022\/09\/passata-siciliana-main-768x1916.png 768w, https:\/\/mutti-parma.com\/app\/uploads\/sites\/7\/2022\/09\/passata-siciliana-main-150x374.png 150w, https:\/\/mutti-parma.com\/app\/uploads\/sites\/7\/2022\/09\/passata-siciliana-main-600x1497.png 600w, https:\/\/mutti-parma.com\/app\/uploads\/sites\/7\/2022\/09\/passata-siciliana-main-616x1536.png 616w, https:\/\/mutti-parma.com\/app\/uploads\/sites\/7\/2022\/09\/passata-siciliana-main-821x2048.png 821w\" loading=\"lazy\" \/><\/div>\n    <\/a>\n  \n  <a class=\"block underline mb-2 mt-2\" href=\"https:\/\/mutti-parma.com\/it\/i-nostri-prodotti\/passata-siciliana\/\">\n    <h3 class=\"h4\">Passata di pomodoro siciliana<\/h3>\n  <\/a>\n\n      <a class=\"block hover:no-underline text-inherit\" href=\"https:\/\/mutti-parma.com\/it\/i-nostri-prodotti\/passata-siciliana\/\">\n      Passata\n    <\/a>\n  <\/div>\n        <\/div>\n              <div class=\"swiper-slide\">\n          <div class=\"text-center hover:lift-img mx-auto max-w-28\">\n      <a href=\"https:\/\/mutti-parma.com\/it\/i-nostri-prodotti\/passata-pugliese\/\" class=\"block\">\n            <div class=\"responsive-embed is-contain\" style=\"padding-bottom: 188.23529411765%;\"><img decoding=\"async\" width=\"962\" height=\"2400\" src=\"https:\/\/mutti-parma.com\/app\/uploads\/sites\/7\/2022\/09\/passata-pugliese-main.png\" class=\"inline-block mt-2 wp-image-7756\" alt=\"Passata di pomodoro pugliese\" sizes=\"auto, 126px\" data-spai-crop=\"false\" title=\"Passata di pomodoro pugliese\" srcset=\"https:\/\/mutti-parma.com\/app\/uploads\/sites\/7\/2022\/09\/passata-pugliese-main.png 962w, https:\/\/mutti-parma.com\/app\/uploads\/sites\/7\/2022\/09\/passata-pugliese-main-200x500.png 200w, https:\/\/mutti-parma.com\/app\/uploads\/sites\/7\/2022\/09\/passata-pugliese-main-410x1024.png 410w, https:\/\/mutti-parma.com\/app\/uploads\/sites\/7\/2022\/09\/passata-pugliese-main-80x200.png 80w, https:\/\/mutti-parma.com\/app\/uploads\/sites\/7\/2022\/09\/passata-pugliese-main-768x1916.png 768w, https:\/\/mutti-parma.com\/app\/uploads\/sites\/7\/2022\/09\/passata-pugliese-main-150x374.png 150w, https:\/\/mutti-parma.com\/app\/uploads\/sites\/7\/2022\/09\/passata-pugliese-main-600x1497.png 600w, https:\/\/mutti-parma.com\/app\/uploads\/sites\/7\/2022\/09\/passata-pugliese-main-616x1536.png 616w, https:\/\/mutti-parma.com\/app\/uploads\/sites\/7\/2022\/09\/passata-pugliese-main-821x2048.png 821w\" loading=\"lazy\" \/><\/div>\n    <\/a>\n  \n  <a class=\"block underline mb-2 mt-2\" href=\"https:\/\/mutti-parma.com\/it\/i-nostri-prodotti\/passata-pugliese\/\">\n    <h3 class=\"h4\">Passata di pomodoro pugliese<\/h3>\n  <\/a>\n\n      <a class=\"block hover:no-underline text-inherit\" href=\"https:\/\/mutti-parma.com\/it\/i-nostri-prodotti\/passata-pugliese\/\">\n      Passata\n    <\/a>\n  <\/div>\n        <\/div>\n              <div class=\"swiper-slide\">\n          <div class=\"text-center hover:lift-img mx-auto max-w-28\">\n      <a href=\"https:\/\/mutti-parma.com\/it\/i-nostri-prodotti\/passata-emiliana\/\" class=\"block\">\n            <div class=\"responsive-embed is-contain\" style=\"padding-bottom: 188.23529411765%;\"><img decoding=\"async\" width=\"962\" height=\"2400\" src=\"https:\/\/mutti-parma.com\/app\/uploads\/sites\/7\/2022\/09\/passata-emiliano-main.png\" class=\"inline-block mt-2 wp-image-7754\" alt=\"Passata di pomodoro emiliana\" sizes=\"auto, 126px\" data-spai-crop=\"false\" title=\"Passata di pomodoro emiliana\" srcset=\"https:\/\/mutti-parma.com\/app\/uploads\/sites\/7\/2022\/09\/passata-emiliano-main.png 962w, https:\/\/mutti-parma.com\/app\/uploads\/sites\/7\/2022\/09\/passata-emiliano-main-200x500.png 200w, https:\/\/mutti-parma.com\/app\/uploads\/sites\/7\/2022\/09\/passata-emiliano-main-410x1024.png 410w, https:\/\/mutti-parma.com\/app\/uploads\/sites\/7\/2022\/09\/passata-emiliano-main-80x200.png 80w, https:\/\/mutti-parma.com\/app\/uploads\/sites\/7\/2022\/09\/passata-emiliano-main-768x1916.png 768w, https:\/\/mutti-parma.com\/app\/uploads\/sites\/7\/2022\/09\/passata-emiliano-main-150x374.png 150w, https:\/\/mutti-parma.com\/app\/uploads\/sites\/7\/2022\/09\/passata-emiliano-main-600x1497.png 600w, https:\/\/mutti-parma.com\/app\/uploads\/sites\/7\/2022\/09\/passata-emiliano-main-616x1536.png 616w, https:\/\/mutti-parma.com\/app\/uploads\/sites\/7\/2022\/09\/passata-emiliano-main-821x2048.png 821w\" loading=\"lazy\" \/><\/div>\n    <\/a>\n  \n  <a class=\"block underline mb-2 mt-2\" href=\"https:\/\/mutti-parma.com\/it\/i-nostri-prodotti\/passata-emiliana\/\">\n    <h3 class=\"h4\">Passata di pomodoro emiliana<\/h3>\n  <\/a>\n\n      <a class=\"block hover:no-underline text-inherit\" href=\"https:\/\/mutti-parma.com\/it\/i-nostri-prodotti\/passata-emiliana\/\">\n      Passata\n    <\/a>\n  <\/div>\n        <\/div>\n              <div class=\"swiper-slide\">\n          <div class=\"text-center hover:lift-img mx-auto max-w-28\">\n      <a href=\"https:\/\/mutti-parma.com\/it\/i-nostri-prodotti\/passata-toscana\/\" class=\"block\">\n            <div class=\"responsive-embed is-contain\" style=\"padding-bottom: 188.23529411765%;\"><img decoding=\"async\" width=\"962\" height=\"2400\" src=\"https:\/\/mutti-parma.com\/app\/uploads\/sites\/7\/2022\/09\/passata-toscana-main.png\" class=\"inline-block mt-2 wp-image-7760\" alt=\"Passata Toscana\" sizes=\"auto, 126px\" data-spai-crop=\"false\" title=\"Passata Toscana\" srcset=\"https:\/\/mutti-parma.com\/app\/uploads\/sites\/7\/2022\/09\/passata-toscana-main.png 962w, https:\/\/mutti-parma.com\/app\/uploads\/sites\/7\/2022\/09\/passata-toscana-main-200x500.png 200w, https:\/\/mutti-parma.com\/app\/uploads\/sites\/7\/2022\/09\/passata-toscana-main-410x1024.png 410w, https:\/\/mutti-parma.com\/app\/uploads\/sites\/7\/2022\/09\/passata-toscana-main-80x200.png 80w, https:\/\/mutti-parma.com\/app\/uploads\/sites\/7\/2022\/09\/passata-toscana-main-768x1916.png 768w, https:\/\/mutti-parma.com\/app\/uploads\/sites\/7\/2022\/09\/passata-toscana-main-150x374.png 150w, https:\/\/mutti-parma.com\/app\/uploads\/sites\/7\/2022\/09\/passata-toscana-main-600x1497.png 600w, https:\/\/mutti-parma.com\/app\/uploads\/sites\/7\/2022\/09\/passata-toscana-main-616x1536.png 616w, https:\/\/mutti-parma.com\/app\/uploads\/sites\/7\/2022\/09\/passata-toscana-main-821x2048.png 821w\" loading=\"lazy\" \/><\/div>\n    <\/a>\n  \n  <a class=\"block underline mb-2 mt-2\" href=\"https:\/\/mutti-parma.com\/it\/i-nostri-prodotti\/passata-toscana\/\">\n    <h3 class=\"h4\">Passata Toscana<\/h3>\n  <\/a>\n\n      <a class=\"block hover:no-underline text-inherit\" href=\"https:\/\/mutti-parma.com\/it\/i-nostri-prodotti\/passata-toscana\/\">\n      Passata\n    <\/a>\n  <\/div>\n        <\/div>\n          <\/slideshow>\n  <\/div>\n\n\n\n<figure class=\"wp-block-image alignwide size-large\" data-hide-on=\"mobile tablet\"><a href=\"https:\/\/mutti-parma.com\/it\/ragu-vegetale-mutti\/\"><img loading=\"lazy\" decoding=\"async\" width=\"1024\" height=\"536\" src=\"https:\/\/mutti-parma.com\/app\/uploads\/sites\/7\/2025\/03\/hp-ragu-prodoot-anno-desktop-1024x536.png\" alt=\"Ragu prodotto anno \" class=\"wp-image-12129\" srcset=\"https:\/\/mutti-parma.com\/app\/uploads\/sites\/7\/2025\/03\/hp-ragu-prodoot-anno-desktop-1024x536.png 1024w, https:\/\/mutti-parma.com\/app\/uploads\/sites\/7\/2025\/03\/hp-ragu-prodoot-anno-desktop-500x261.png 500w, https:\/\/mutti-parma.com\/app\/uploads\/sites\/7\/2025\/03\/hp-ragu-prodoot-anno-desktop-200x105.png 200w, https:\/\/mutti-parma.com\/app\/uploads\/sites\/7\/2025\/03\/hp-ragu-prodoot-anno-desktop-768x402.png 768w, https:\/\/mutti-parma.com\/app\/uploads\/sites\/7\/2025\/03\/hp-ragu-prodoot-anno-desktop-150x78.png 150w, https:\/\/mutti-parma.com\/app\/uploads\/sites\/7\/2025\/03\/hp-ragu-prodoot-anno-desktop-600x314.png 600w, https:\/\/mutti-parma.com\/app\/uploads\/sites\/7\/2025\/03\/hp-ragu-prodoot-anno-desktop-1536x803.png 1536w, https:\/\/mutti-parma.com\/app\/uploads\/sites\/7\/2025\/03\/hp-ragu-prodoot-anno-desktop.png 2048w\" sizes=\"(max-width: 1024px) 100vw, 1024px\" \/><\/a><\/figure>\n\n\n\n<figure class=\"wp-block-image alignwide size-large\" data-hide-on=\"desktop\"><a href=\"https:\/\/mutti-parma.com\/it\/ragu-vegetale-mutti\/\"><img loading=\"lazy\" decoding=\"async\" width=\"616\" height=\"1024\" src=\"https:\/\/mutti-parma.com\/app\/uploads\/sites\/7\/2025\/03\/hp-ragu-prodoot-anno-mobile-616x1024.png\" alt=\"ragu - prodotto dell'anno\" class=\"wp-image-12128\" srcset=\"https:\/\/mutti-parma.com\/app\/uploads\/sites\/7\/2025\/03\/hp-ragu-prodoot-anno-mobile-616x1024.png 616w, https:\/\/mutti-parma.com\/app\/uploads\/sites\/7\/2025\/03\/hp-ragu-prodoot-anno-mobile-301x500.png 301w, https:\/\/mutti-parma.com\/app\/uploads\/sites\/7\/2025\/03\/hp-ragu-prodoot-anno-mobile-120x200.png 120w, https:\/\/mutti-parma.com\/app\/uploads\/sites\/7\/2025\/03\/hp-ragu-prodoot-anno-mobile-768x1277.png 768w, https:\/\/mutti-parma.com\/app\/uploads\/sites\/7\/2025\/03\/hp-ragu-prodoot-anno-mobile-150x249.png 150w, https:\/\/mutti-parma.com\/app\/uploads\/sites\/7\/2025\/03\/hp-ragu-prodoot-anno-mobile-600x998.png 600w, https:\/\/mutti-parma.com\/app\/uploads\/sites\/7\/2025\/03\/hp-ragu-prodoot-anno-mobile-924x1536.png 924w, https:\/\/mutti-parma.com\/app\/uploads\/sites\/7\/2025\/03\/hp-ragu-prodoot-anno-mobile-1231x2048.png 1231w, https:\/\/mutti-parma.com\/app\/uploads\/sites\/7\/2025\/03\/hp-ragu-prodoot-anno-mobile.png 1306w\" sizes=\"(max-width: 616px) 100vw, 616px\" \/><\/a><\/figure>\n","protected":false},"excerpt":{"rendered":"<p>Disponibile presso i punti vendita e gli shop on line: Come nasce il prodotto? Scopri di pi\u00f9 sulla Passata Sul Campo suggerimenti di utilizzo \u00c8 ideale per le cotture brevi, in cui mantiene il suo colore rosso brillante. Basta scaldarla per dare cremosit\u00e0 alle tue ricette, come preparare sughi veloci per la pasta, zuppe, pizza<\/p>\n","protected":false},"featured_media":6501,"comment_status":"closed","ping_status":"closed","template":"","product_category":[51],"class_list":["post-7867","product","type-product","status-publish","has-post-thumbnail","hentry","product_category-product-category-136"],"acf":[],"_links":{"self":[{"href":"https:\/\/mutti-parma.com\/it\/wp-json\/wp\/v2\/product\/7867","targetHints":{"allow":["GET"]}}],"collection":[{"href":"https:\/\/mutti-parma.com\/it\/wp-json\/wp\/v2\/product"}],"about":[{"href":"https:\/\/mutti-parma.com\/it\/wp-json\/wp\/v2\/types\/product"}],"replies":[{"embeddable":true,"href":"https:\/\/mutti-parma.com\/it\/wp-json\/wp\/v2\/comments?post=7867"}],"version-history":[{"count":83,"href":"https:\/\/mutti-parma.com\/it\/wp-json\/wp\/v2\/product\/7867\/revisions"}],"predecessor-version":[{"id":10728,"href":"https:\/\/mutti-parma.com\/it\/wp-json\/wp\/v2\/product\/7867\/revisions\/10728"}],"wp:featuredmedia":[{"embeddable":true,"href":"https:\/\/mutti-parma.com\/it\/wp-json\/wp\/v2\/media\/6501"}],"wp:attachment":[{"href":"https:\/\/mutti-parma.com\/it\/wp-json\/wp\/v2\/media?parent=7867"}],"wp:term":[{"taxonomy":"product_category","embeddable":true,"href":"https:\/\/mutti-parma.com\/it\/wp-json\/wp\/v2\/product_category?post=7867"}],"curies":[{"name":"wp","href":"https:\/\/api.w.org\/{rel}","templated":true}]}}