{"id":10397,"date":"2024-05-30T09:41:38","date_gmt":"2024-05-30T09:41:38","guid":{"rendered":"https:\/\/mutti-parma.com\/no\/?page_id=10397"},"modified":"2024-05-30T09:41:39","modified_gmt":"2024-05-30T09:41:39","slug":"gjenvinning-med-mutti","status":"publish","type":"page","link":"https:\/\/mutti-parma.com\/no\/gjenvinning-med-mutti\/","title":{"rendered":"Gjenvinning med Mutti"},"content":{"rendered":"\n<div class=\"wp-block-cover alignfull is-style-full-height\" style=\"margin-top:0;margin-bottom:0;min-height:736px;aspect-ratio:unset;\" data-hide-on=\"tablet desktop\"><span aria-hidden=\"true\" class=\"wp-block-cover__background has-background-dim-0 has-background-dim\"><\/span><img loading=\"lazy\" decoding=\"async\" class=\"wp-block-cover__image-background wp-image-9040\" alt=\"\" src=\"https:\/\/mutti-parma.com\/app\/uploads\/2023\/07\/1-hero-mobile.jpg\" data-object-fit=\"cover\" \/><div class=\"wp-block-cover__inner-container is-layout-flow wp-block-cover-is-layout-flow\">\n<h1 class=\"wp-block-heading has-text-align-center is-style-cursive has-xxl-heading-font-size\">Lag kunsten selv<\/h1>\n\n\n\n<h2 class=\"wp-block-heading is-style-default\" style=\"text-transform:none\">Gjenvinning med Mutti<\/h2>\n\n\n\n<p class=\"has-text-align-center\">Velkommen til Do-Art-Yourself-seksjonen v\u00e5r, der vi utforsker de ubegrensede mulighetene for gjenvinning av Muttis produkter. Vi mener at b\u00e6rekraft er en livsstil, og hva er vel en bedre m\u00e5te \u00e5 resirkulere p\u00e5 enn \u00e5 gi nytt liv til de kj\u00e6re produktene v\u00e5re?<\/p>\n\n\n\n<p class=\"has-text-align-center\">Her finner du en skattekiste av geniale ideer og kreative prosjekter som forvandler emballasjen v\u00e5r til funksjonelle og estetisk tiltalende gjenstander. Alt fra stilig innredning til praktiske oppbevaringsl\u00f8sninger \u2013 DIY-kreasjonene v\u00e5re utnytter skj\u00f8nnheten og holdbarheten til Muttis emballasje for \u00e5 gi hjemmet ditt et l\u00f8ft.<\/p>\n\n\n\n<div class=\"wp-block-buttons is-content-justification-center is-layout-flex wp-container-core-buttons-is-layout-16018d1d wp-block-buttons-is-layout-flex\">\n<div class=\"wp-block-button\"><a class=\"wp-block-button__link wp-element-button\" href=\"#listing\">UTFORSK PROSJEKTENE<\/a><\/div>\n<\/div>\n<\/div><\/div>\n\n\n\n<div class=\"wp-block-cover alignfull is-style-full-height\" style=\"margin-top:0;margin-bottom:0;min-height:736px;aspect-ratio:unset;\" data-hide-on=\"mobile\"><span aria-hidden=\"true\" class=\"wp-block-cover__background has-background-dim-0 has-background-dim\"><\/span><img loading=\"lazy\" decoding=\"async\" class=\"wp-block-cover__image-background wp-image-9039\" alt=\"\" src=\"https:\/\/mutti-parma.com\/app\/uploads\/2023\/07\/1-hero-desktop.jpg\" data-object-fit=\"cover\" \/><div class=\"wp-block-cover__inner-container is-layout-flow wp-block-cover-is-layout-flow\">\n<h1 class=\"wp-block-heading has-text-align-center is-style-cursive has-xxl-heading-font-size\">Lag kunsten selv<\/h1>\n\n\n\n<h2 class=\"wp-block-heading\" style=\"text-transform:none\">Gjenvinning med Mutti<\/h2>\n\n\n\n<p class=\"has-text-align-center\">Velkommen til Do-Art-Yourself-seksjonen v\u00e5r, der vi utforsker de ubegrensede mulighetene for gjenvinning av Muttis produkter. Vi mener at b\u00e6rekraft er en livsstil, og hva er vel en bedre m\u00e5te \u00e5 resirkulere p\u00e5 enn \u00e5 gi nytt liv til de kj\u00e6re produktene v\u00e5re?<\/p>\n\n\n\n<p class=\"has-text-align-center\">Her finner du en skattekiste av geniale ideer og kreative prosjekter som forvandler emballasjen v\u00e5r til funksjonelle og estetisk tiltalende gjenstander. Alt fra stilig innredning til praktiske oppbevaringsl\u00f8sninger \u2013 DIY-kreasjonene v\u00e5re utnytter skj\u00f8nnheten og holdbarheten til Muttis emballasje for \u00e5 gi hjemmet ditt et l\u00f8ft.<\/p>\n\n\n\n<div class=\"wp-block-buttons is-content-justification-center is-layout-flex wp-container-core-buttons-is-layout-16018d1d wp-block-buttons-is-layout-flex\">\n<div class=\"wp-block-button\"><a class=\"wp-block-button__link wp-element-button\" href=\"#listing\">UTFORSK PROSJEKTENE<\/a><\/div>\n<\/div>\n<\/div><\/div>\n\n\n\n<div class=\"wp-block-group alignfull has-background is-layout-constrained wp-block-group-is-layout-constrained\" style=\"background-color:#f0e9d7\"><div class=\"facetwp-facet facetwp-facet-project_category facetwp-type-radio\" data-name=\"project_category\" data-type=\"radio\"><\/div>\n<\/div>\n\n\n<div\n  class=\"acf-content-listing is-style-filtered alignwide\"\n   id=\"listing\" >\n  <div class=\"facetwp-template\">\n    <div class=\"flex -mx-6 -mt-5 md:-mt-6 flex-wrap\">\n               <div class=\"w-1\/1 sm:w-1\/2 md:w-1\/3 px-6 py-5 md:py-6\">\n          <div class=\"text-center\" data-vue-wrapper>\n      <a href=\"https:\/\/mutti-parma.com\/no\/project\/krans-til-ytterdoren\/\" class=\"relative block mb-4 max-w-96 mx-auto\">\n      <div class=\"responsive-embed \" style=\"padding-bottom: 108.79765395894%;\">\n        <img decoding=\"async\" width=\"2000\" height=\"1333\" src=\"https:\/\/mutti-parma.com\/app\/uploads\/sites\/12\/2025\/11\/ghirlanda-latta-06.jpg\" class=\"inline-block wp-image-11656\" alt=\"Krans til ytterd\u00f8ren\" sizes=\"auto, (max-width: 600px) 72vw, 431px\" data-spai-crop=\"true\" title=\"Krans til ytterd\u00f8ren\" srcset=\"https:\/\/mutti-parma.com\/app\/uploads\/sites\/12\/2025\/11\/ghirlanda-latta-06.jpg 2000w, https:\/\/mutti-parma.com\/app\/uploads\/sites\/12\/2025\/11\/ghirlanda-latta-06-500x333.jpg 500w, https:\/\/mutti-parma.com\/app\/uploads\/sites\/12\/2025\/11\/ghirlanda-latta-06-1024x682.jpg 1024w, https:\/\/mutti-parma.com\/app\/uploads\/sites\/12\/2025\/11\/ghirlanda-latta-06-200x133.jpg 200w, https:\/\/mutti-parma.com\/app\/uploads\/sites\/12\/2025\/11\/ghirlanda-latta-06-768x512.jpg 768w, https:\/\/mutti-parma.com\/app\/uploads\/sites\/12\/2025\/11\/ghirlanda-latta-06-150x100.jpg 150w, https:\/\/mutti-parma.com\/app\/uploads\/sites\/12\/2025\/11\/ghirlanda-latta-06-600x400.jpg 600w, https:\/\/mutti-parma.com\/app\/uploads\/sites\/12\/2025\/11\/ghirlanda-latta-06-1536x1024.jpg 1536w\" loading=\"lazy\" \/>\n      <\/div>\n    <\/a>\n  \n  <a class=\"block mb-4\" href=\"https:\/\/mutti-parma.com\/no\/project\/krans-til-ytterdoren\/\">\n    <h3>Krans til ytterd\u00f8ren<\/h3>\n  <\/a>\n\n  <rate-post\n    namespace=\"mutti\/v1\"\n    :votes=\"0\"\n    :post-id=\"11657\"\n  ><\/rate-post>\n<\/div>\n        <\/div>\n               <div class=\"w-1\/1 sm:w-1\/2 md:w-1\/3 px-6 py-5 md:py-6\">\n          <div class=\"text-center\" data-vue-wrapper>\n      <a href=\"https:\/\/mutti-parma.com\/no\/project\/vintersnoball\/\" class=\"relative block mb-4 max-w-96 mx-auto\">\n      <div class=\"responsive-embed \" style=\"padding-bottom: 108.79765395894%;\">\n        <img decoding=\"async\" width=\"2000\" height=\"1333\" src=\"https:\/\/mutti-parma.com\/app\/uploads\/sites\/12\/2025\/11\/palla-di-neve-vasetto-07.jpg\" class=\"inline-block wp-image-11667\" alt=\"Vintersn\u00f8ball\" sizes=\"auto, (max-width: 600px) 72vw, 431px\" data-spai-crop=\"true\" title=\"Vintersn\u00f8ball\" srcset=\"https:\/\/mutti-parma.com\/app\/uploads\/sites\/12\/2025\/11\/palla-di-neve-vasetto-07.jpg 2000w, https:\/\/mutti-parma.com\/app\/uploads\/sites\/12\/2025\/11\/palla-di-neve-vasetto-07-500x333.jpg 500w, https:\/\/mutti-parma.com\/app\/uploads\/sites\/12\/2025\/11\/palla-di-neve-vasetto-07-1024x682.jpg 1024w, https:\/\/mutti-parma.com\/app\/uploads\/sites\/12\/2025\/11\/palla-di-neve-vasetto-07-200x133.jpg 200w, https:\/\/mutti-parma.com\/app\/uploads\/sites\/12\/2025\/11\/palla-di-neve-vasetto-07-768x512.jpg 768w, https:\/\/mutti-parma.com\/app\/uploads\/sites\/12\/2025\/11\/palla-di-neve-vasetto-07-150x100.jpg 150w, https:\/\/mutti-parma.com\/app\/uploads\/sites\/12\/2025\/11\/palla-di-neve-vasetto-07-600x400.jpg 600w, https:\/\/mutti-parma.com\/app\/uploads\/sites\/12\/2025\/11\/palla-di-neve-vasetto-07-1536x1024.jpg 1536w\" loading=\"lazy\" \/>\n      <\/div>\n    <\/a>\n  \n  <a class=\"block mb-4\" href=\"https:\/\/mutti-parma.com\/no\/project\/vintersnoball\/\">\n    <h3>Vintersn\u00f8ball<\/h3>\n  <\/a>\n\n  <rate-post\n    namespace=\"mutti\/v1\"\n    :votes=\"0\"\n    :post-id=\"11660\"\n  ><\/rate-post>\n<\/div>\n        <\/div>\n               <div class=\"w-1\/1 sm:w-1\/2 md:w-1\/3 px-6 py-5 md:py-6\">\n          <div class=\"text-center\" data-vue-wrapper>\n      <a href=\"https:\/\/mutti-parma.com\/no\/project\/glassmarkorer-for-hoytiden\/\" class=\"relative block mb-4 max-w-96 mx-auto\">\n      <div class=\"responsive-embed \" style=\"padding-bottom: 108.79765395894%;\">\n        <img decoding=\"async\" width=\"2000\" height=\"1333\" src=\"https:\/\/mutti-parma.com\/app\/uploads\/sites\/12\/2025\/11\/segnaposto-tubetto-06.jpg\" class=\"inline-block wp-image-11675\" alt=\"Glassmark\u00f8rer for h\u00f8ytiden\" sizes=\"auto, (max-width: 600px) 72vw, 431px\" data-spai-crop=\"true\" title=\"Glassmark\u00f8rer for h\u00f8ytiden\" srcset=\"https:\/\/mutti-parma.com\/app\/uploads\/sites\/12\/2025\/11\/segnaposto-tubetto-06.jpg 2000w, https:\/\/mutti-parma.com\/app\/uploads\/sites\/12\/2025\/11\/segnaposto-tubetto-06-500x333.jpg 500w, https:\/\/mutti-parma.com\/app\/uploads\/sites\/12\/2025\/11\/segnaposto-tubetto-06-1024x682.jpg 1024w, https:\/\/mutti-parma.com\/app\/uploads\/sites\/12\/2025\/11\/segnaposto-tubetto-06-200x133.jpg 200w, https:\/\/mutti-parma.com\/app\/uploads\/sites\/12\/2025\/11\/segnaposto-tubetto-06-768x512.jpg 768w, https:\/\/mutti-parma.com\/app\/uploads\/sites\/12\/2025\/11\/segnaposto-tubetto-06-150x100.jpg 150w, https:\/\/mutti-parma.com\/app\/uploads\/sites\/12\/2025\/11\/segnaposto-tubetto-06-600x400.jpg 600w, https:\/\/mutti-parma.com\/app\/uploads\/sites\/12\/2025\/11\/segnaposto-tubetto-06-1536x1024.jpg 1536w\" loading=\"lazy\" \/>\n      <\/div>\n    <\/a>\n  \n  <a class=\"block mb-4\" href=\"https:\/\/mutti-parma.com\/no\/project\/glassmarkorer-for-hoytiden\/\">\n    <h3>Glassmark\u00f8rer for h\u00f8ytiden<\/h3>\n  <\/a>\n\n  <rate-post\n    namespace=\"mutti\/v1\"\n    :votes=\"0\"\n    :post-id=\"11669\"\n  ><\/rate-post>\n<\/div>\n        <\/div>\n               <div class=\"w-1\/1 sm:w-1\/2 md:w-1\/3 px-6 py-5 md:py-6\">\n          <div class=\"text-center\" data-vue-wrapper>\n      <a href=\"https:\/\/mutti-parma.com\/no\/project\/oppskrift-i-tomatflaske\/\" class=\"relative block mb-4 max-w-96 mx-auto\">\n      <div class=\"responsive-embed \" style=\"padding-bottom: 108.79765395894%;\">\n        <img decoding=\"async\" width=\"200\" height=\"200\" src=\"https:\/\/mutti-parma.com\/app\/uploads\/sites\/12\/2024\/12\/4-bottiglia-porta-ricetta-4-1-200x200-1.jpg\" class=\"inline-block wp-image-10963\" alt=\"Oppskrift i Tomatflaske\" sizes=\"auto, (max-width: 600px) 72vw, 431px\" data-spai-crop=\"true\" title=\"Oppskrift i Tomatflaske\" srcset=\"https:\/\/mutti-parma.com\/app\/uploads\/sites\/12\/2024\/12\/4-bottiglia-porta-ricetta-4-1-200x200-1.jpg 200w, https:\/\/mutti-parma.com\/app\/uploads\/sites\/12\/2024\/12\/4-bottiglia-porta-ricetta-4-1-200x200-1-150x150.jpg 150w, https:\/\/mutti-parma.com\/app\/uploads\/sites\/12\/2024\/12\/4-bottiglia-porta-ricetta-4-1-200x200-1-50x50.jpg 50w\" loading=\"lazy\" \/>\n      <\/div>\n    <\/a>\n  \n  <a class=\"block mb-4\" href=\"https:\/\/mutti-parma.com\/no\/project\/oppskrift-i-tomatflaske\/\">\n    <h3>Oppskrift i Tomatflaske<\/h3>\n  <\/a>\n\n  <rate-post\n    namespace=\"mutti\/v1\"\n    :votes=\"1\"\n    :post-id=\"10962\"\n  ><\/rate-post>\n<\/div>\n        <\/div>\n               <div class=\"w-1\/1 sm:w-1\/2 md:w-1\/3 px-6 py-5 md:py-6\">\n          <div class=\"text-center\" data-vue-wrapper>\n      <a href=\"https:\/\/mutti-parma.com\/no\/project\/festlige-dekorasjoner\/\" class=\"relative block mb-4 max-w-96 mx-auto\">\n      <div class=\"responsive-embed \" style=\"padding-bottom: 108.79765395894%;\">\n        <img decoding=\"async\" width=\"1000\" height=\"1000\" src=\"https:\/\/mutti-parma.com\/app\/uploads\/sites\/12\/2024\/12\/5-tubetto-decorazioni-10a-1.jpg\" class=\"inline-block wp-image-10966\" alt=\"Festlige Dekorasjoner\" sizes=\"auto, (max-width: 600px) 72vw, 431px\" data-spai-crop=\"true\" title=\"Festlige Dekorasjoner\" srcset=\"https:\/\/mutti-parma.com\/app\/uploads\/sites\/12\/2024\/12\/5-tubetto-decorazioni-10a-1.jpg 1000w, https:\/\/mutti-parma.com\/app\/uploads\/sites\/12\/2024\/12\/5-tubetto-decorazioni-10a-1-500x500.jpg 500w, https:\/\/mutti-parma.com\/app\/uploads\/sites\/12\/2024\/12\/5-tubetto-decorazioni-10a-1-200x200.jpg 200w, https:\/\/mutti-parma.com\/app\/uploads\/sites\/12\/2024\/12\/5-tubetto-decorazioni-10a-1-768x768.jpg 768w, https:\/\/mutti-parma.com\/app\/uploads\/sites\/12\/2024\/12\/5-tubetto-decorazioni-10a-1-150x150.jpg 150w, https:\/\/mutti-parma.com\/app\/uploads\/sites\/12\/2024\/12\/5-tubetto-decorazioni-10a-1-600x600.jpg 600w, https:\/\/mutti-parma.com\/app\/uploads\/sites\/12\/2024\/12\/5-tubetto-decorazioni-10a-1-50x50.jpg 50w\" loading=\"lazy\" \/>\n      <\/div>\n    <\/a>\n  \n  <a class=\"block mb-4\" href=\"https:\/\/mutti-parma.com\/no\/project\/festlige-dekorasjoner\/\">\n    <h3>Festlige Dekorasjoner<\/h3>\n  <\/a>\n\n  <rate-post\n    namespace=\"mutti\/v1\"\n    :votes=\"1\"\n    :post-id=\"10965\"\n  ><\/rate-post>\n<\/div>\n        <\/div>\n               <div class=\"w-1\/1 sm:w-1\/2 md:w-1\/3 px-6 py-5 md:py-6\">\n          <div class=\"text-center\" data-vue-wrapper>\n      <a href=\"https:\/\/mutti-parma.com\/no\/project\/mutti-passata-jojo\/\" class=\"relative block mb-4 max-w-96 mx-auto\">\n      <div class=\"responsive-embed \" style=\"padding-bottom: 108.79765395894%;\">\n        <img decoding=\"async\" width=\"1024\" height=\"1024\" src=\"https:\/\/mutti-parma.com\/app\/uploads\/sites\/12\/2024\/03\/ww-socialped-2021-08-doartyourself-04-1024x1024-1.jpg\" class=\"inline-block wp-image-10401\" alt=\"Mutti Passata jojo\" sizes=\"auto, (max-width: 600px) 72vw, 431px\" data-spai-crop=\"true\" title=\"Mutti Passata jojo\" srcset=\"https:\/\/mutti-parma.com\/app\/uploads\/sites\/12\/2024\/03\/ww-socialped-2021-08-doartyourself-04-1024x1024-1.jpg 1024w, https:\/\/mutti-parma.com\/app\/uploads\/sites\/12\/2024\/03\/ww-socialped-2021-08-doartyourself-04-1024x1024-1-500x500.jpg 500w, https:\/\/mutti-parma.com\/app\/uploads\/sites\/12\/2024\/03\/ww-socialped-2021-08-doartyourself-04-1024x1024-1-200x200.jpg 200w, https:\/\/mutti-parma.com\/app\/uploads\/sites\/12\/2024\/03\/ww-socialped-2021-08-doartyourself-04-1024x1024-1-768x768.jpg 768w, https:\/\/mutti-parma.com\/app\/uploads\/sites\/12\/2024\/03\/ww-socialped-2021-08-doartyourself-04-1024x1024-1-150x150.jpg 150w, https:\/\/mutti-parma.com\/app\/uploads\/sites\/12\/2024\/03\/ww-socialped-2021-08-doartyourself-04-1024x1024-1-600x600.jpg 600w, https:\/\/mutti-parma.com\/app\/uploads\/sites\/12\/2024\/03\/ww-socialped-2021-08-doartyourself-04-1024x1024-1-50x50.jpg 50w\" loading=\"lazy\" \/>\n      <\/div>\n    <\/a>\n  \n  <a class=\"block mb-4\" href=\"https:\/\/mutti-parma.com\/no\/project\/mutti-passata-jojo\/\">\n    <h3>Mutti Passata jojo<\/h3>\n  <\/a>\n\n  <rate-post\n    namespace=\"mutti\/v1\"\n    :votes=\"1\"\n    :post-id=\"10400\"\n  ><\/rate-post>\n<\/div>\n        <\/div>\n               <div class=\"w-1\/1 sm:w-1\/2 md:w-1\/3 px-6 py-5 md:py-6\">\n          <div class=\"text-center\" data-vue-wrapper>\n      <a href=\"https:\/\/mutti-parma.com\/no\/project\/mutti-sukkulentpotte\/\" class=\"relative block mb-4 max-w-96 mx-auto\">\n      <div class=\"responsive-embed \" style=\"padding-bottom: 108.79765395894%;\">\n        <img decoding=\"async\" width=\"1024\" height=\"1024\" src=\"https:\/\/mutti-parma.com\/app\/uploads\/sites\/12\/2024\/03\/ww-socialped-2021-09-doartyourself-01-fb-ig-1024x1024-1.jpg\" class=\"inline-block wp-image-10404\" alt=\"Mutti sukkulentpotte\" sizes=\"auto, (max-width: 600px) 72vw, 431px\" data-spai-crop=\"true\" title=\"Mutti sukkulentpotte\" srcset=\"https:\/\/mutti-parma.com\/app\/uploads\/sites\/12\/2024\/03\/ww-socialped-2021-09-doartyourself-01-fb-ig-1024x1024-1.jpg 1024w, https:\/\/mutti-parma.com\/app\/uploads\/sites\/12\/2024\/03\/ww-socialped-2021-09-doartyourself-01-fb-ig-1024x1024-1-500x500.jpg 500w, https:\/\/mutti-parma.com\/app\/uploads\/sites\/12\/2024\/03\/ww-socialped-2021-09-doartyourself-01-fb-ig-1024x1024-1-200x200.jpg 200w, https:\/\/mutti-parma.com\/app\/uploads\/sites\/12\/2024\/03\/ww-socialped-2021-09-doartyourself-01-fb-ig-1024x1024-1-768x768.jpg 768w, https:\/\/mutti-parma.com\/app\/uploads\/sites\/12\/2024\/03\/ww-socialped-2021-09-doartyourself-01-fb-ig-1024x1024-1-150x150.jpg 150w, https:\/\/mutti-parma.com\/app\/uploads\/sites\/12\/2024\/03\/ww-socialped-2021-09-doartyourself-01-fb-ig-1024x1024-1-600x600.jpg 600w, https:\/\/mutti-parma.com\/app\/uploads\/sites\/12\/2024\/03\/ww-socialped-2021-09-doartyourself-01-fb-ig-1024x1024-1-50x50.jpg 50w\" loading=\"lazy\" \/>\n      <\/div>\n    <\/a>\n  \n  <a class=\"block mb-4\" href=\"https:\/\/mutti-parma.com\/no\/project\/mutti-sukkulentpotte\/\">\n    <h3>Mutti sukkulentpotte<\/h3>\n  <\/a>\n\n  <rate-post\n    namespace=\"mutti\/v1\"\n    :votes=\"1\"\n    :post-id=\"10403\"\n  ><\/rate-post>\n<\/div>\n        <\/div>\n               <div class=\"w-1\/1 sm:w-1\/2 md:w-1\/3 px-6 py-5 md:py-6\">\n          <div class=\"text-center\" data-vue-wrapper>\n      <a href=\"https:\/\/mutti-parma.com\/no\/project\/mutti-bordskanere-av-lokk\/\" class=\"relative block mb-4 max-w-96 mx-auto\">\n      <div class=\"responsive-embed \" style=\"padding-bottom: 108.79765395894%;\">\n        <img decoding=\"async\" width=\"1024\" height=\"1024\" src=\"https:\/\/mutti-parma.com\/app\/uploads\/sites\/12\/2024\/03\/ww-socialped-2021-10-doartyourself-01-1024x1024-1.jpg\" class=\"inline-block wp-image-10407\" alt=\"Mutti bordsk\u00e5nere av lokk\" sizes=\"auto, (max-width: 600px) 72vw, 431px\" data-spai-crop=\"true\" title=\"Mutti bordsk\u00e5nere av lokk\" srcset=\"https:\/\/mutti-parma.com\/app\/uploads\/sites\/12\/2024\/03\/ww-socialped-2021-10-doartyourself-01-1024x1024-1.jpg 1024w, https:\/\/mutti-parma.com\/app\/uploads\/sites\/12\/2024\/03\/ww-socialped-2021-10-doartyourself-01-1024x1024-1-500x500.jpg 500w, https:\/\/mutti-parma.com\/app\/uploads\/sites\/12\/2024\/03\/ww-socialped-2021-10-doartyourself-01-1024x1024-1-200x200.jpg 200w, https:\/\/mutti-parma.com\/app\/uploads\/sites\/12\/2024\/03\/ww-socialped-2021-10-doartyourself-01-1024x1024-1-768x768.jpg 768w, https:\/\/mutti-parma.com\/app\/uploads\/sites\/12\/2024\/03\/ww-socialped-2021-10-doartyourself-01-1024x1024-1-150x150.jpg 150w, https:\/\/mutti-parma.com\/app\/uploads\/sites\/12\/2024\/03\/ww-socialped-2021-10-doartyourself-01-1024x1024-1-600x600.jpg 600w, https:\/\/mutti-parma.com\/app\/uploads\/sites\/12\/2024\/03\/ww-socialped-2021-10-doartyourself-01-1024x1024-1-50x50.jpg 50w\" loading=\"lazy\" \/>\n      <\/div>\n    <\/a>\n  \n  <a class=\"block mb-4\" href=\"https:\/\/mutti-parma.com\/no\/project\/mutti-bordskanere-av-lokk\/\">\n    <h3>Mutti bordsk\u00e5nere av lokk<\/h3>\n  <\/a>\n\n  <rate-post\n    namespace=\"mutti\/v1\"\n    :votes=\"1\"\n    :post-id=\"10406\"\n  ><\/rate-post>\n<\/div>\n        <\/div>\n               <div class=\"w-1\/1 sm:w-1\/2 md:w-1\/3 px-6 py-5 md:py-6\">\n          <div class=\"text-center\" data-vue-wrapper>\n      <a href=\"https:\/\/mutti-parma.com\/no\/project\/mutti-kjokkenstotte\/\" class=\"relative block mb-4 max-w-96 mx-auto\">\n      <div class=\"responsive-embed \" style=\"padding-bottom: 108.79765395894%;\">\n        <img decoding=\"async\" width=\"1024\" height=\"1024\" src=\"https:\/\/mutti-parma.com\/app\/uploads\/sites\/12\/2024\/03\/ww-socialped-2021-11-doartyourself-07-1024x1024-2.jpg\" class=\"inline-block wp-image-10410\" alt=\"Mutti kj\u00f8kkenst\u00f8tte\" sizes=\"auto, (max-width: 600px) 72vw, 431px\" data-spai-crop=\"true\" title=\"Mutti kj\u00f8kkenst\u00f8tte\" srcset=\"https:\/\/mutti-parma.com\/app\/uploads\/sites\/12\/2024\/03\/ww-socialped-2021-11-doartyourself-07-1024x1024-2.jpg 1024w, https:\/\/mutti-parma.com\/app\/uploads\/sites\/12\/2024\/03\/ww-socialped-2021-11-doartyourself-07-1024x1024-2-500x500.jpg 500w, https:\/\/mutti-parma.com\/app\/uploads\/sites\/12\/2024\/03\/ww-socialped-2021-11-doartyourself-07-1024x1024-2-200x200.jpg 200w, https:\/\/mutti-parma.com\/app\/uploads\/sites\/12\/2024\/03\/ww-socialped-2021-11-doartyourself-07-1024x1024-2-768x768.jpg 768w, https:\/\/mutti-parma.com\/app\/uploads\/sites\/12\/2024\/03\/ww-socialped-2021-11-doartyourself-07-1024x1024-2-150x150.jpg 150w, https:\/\/mutti-parma.com\/app\/uploads\/sites\/12\/2024\/03\/ww-socialped-2021-11-doartyourself-07-1024x1024-2-600x600.jpg 600w, https:\/\/mutti-parma.com\/app\/uploads\/sites\/12\/2024\/03\/ww-socialped-2021-11-doartyourself-07-1024x1024-2-50x50.jpg 50w\" loading=\"lazy\" \/>\n      <\/div>\n    <\/a>\n  \n  <a class=\"block mb-4\" href=\"https:\/\/mutti-parma.com\/no\/project\/mutti-kjokkenstotte\/\">\n    <h3>Mutti kj\u00f8kkenst\u00f8tte<\/h3>\n  <\/a>\n\n  <rate-post\n    namespace=\"mutti\/v1\"\n    :votes=\"0\"\n    :post-id=\"10409\"\n  ><\/rate-post>\n<\/div>\n        <\/div>\n                <\/div>\n  <\/div>\n\n      <div class=\"text-center\">\n      <div class=\"facetwp-pager\"><\/div>\n    <\/div>\n  <\/div>\n","protected":false},"excerpt":{"rendered":"","protected":false},"author":1,"featured_media":0,"parent":0,"menu_order":4,"comment_status":"closed","ping_status":"closed","template":"","meta":{"_acf_changed":false,"_relevanssi_hide_post":"","_relevanssi_hide_content":"","_relevanssi_pin_for_all":"","_relevanssi_pin_keywords":"","_relevanssi_unpin_keywords":"","_relevanssi_related_keywords":"","_relevanssi_related_include_ids":"","_relevanssi_related_exclude_ids":"","_relevanssi_related_no_append":"","_relevanssi_related_not_related":"","_relevanssi_related_posts":"","_relevanssi_noindex_reason":"","footnotes":""},"class_list":["post-10397","page","type-page","status-publish","hentry"],"acf":[],"_links":{"self":[{"href":"https:\/\/mutti-parma.com\/no\/wp-json\/wp\/v2\/pages\/10397","targetHints":{"allow":["GET"]}}],"collection":[{"href":"https:\/\/mutti-parma.com\/no\/wp-json\/wp\/v2\/pages"}],"about":[{"href":"https:\/\/mutti-parma.com\/no\/wp-json\/wp\/v2\/types\/page"}],"author":[{"embeddable":true,"href":"https:\/\/mutti-parma.com\/no\/wp-json\/wp\/v2\/users\/1"}],"replies":[{"embeddable":true,"href":"https:\/\/mutti-parma.com\/no\/wp-json\/wp\/v2\/comments?post=10397"}],"version-history":[{"count":2,"href":"https:\/\/mutti-parma.com\/no\/wp-json\/wp\/v2\/pages\/10397\/revisions"}],"predecessor-version":[{"id":10399,"href":"https:\/\/mutti-parma.com\/no\/wp-json\/wp\/v2\/pages\/10397\/revisions\/10399"}],"wp:attachment":[{"href":"https:\/\/mutti-parma.com\/no\/wp-json\/wp\/v2\/media?parent=10397"}],"curies":[{"name":"wp","href":"https:\/\/api.w.org\/{rel}","templated":true}]}}