{"id":1070,"date":"2019-08-27T11:35:29","date_gmt":"2019-08-27T11:35:29","guid":{"rendered":"http:\/\/mutti.test\/?page_id=1070"},"modified":"2025-12-03T17:00:37","modified_gmt":"2025-12-03T17:00:37","slug":"pomodorino-doro-gulltomaten","status":"publish","type":"page","link":"https:\/\/mutti-parma.com\/no\/aker-til-bord\/pomodorino-doro-gulltomaten\/","title":{"rendered":"Muttis kvalitetsprid promodorino d`oro"},"content":{"rendered":"\n<figure class=\"wp-block-video alignfull\"><video\n  controls\n  autoplay\n  \n  muted\n  \n  loading=\"lazy\"\n  \n  \n  \n\n  \n      poster=\"https:\/\/mutti-parma.com\/app\/uploads\/sites\/12\/2025\/08\/mutti-30-sec-online-16x9-web-180424-norway-239.jpg\"\n  >\n            <source src=\"https:\/\/cdn.mutti-parma.com\/app\/uploads\/sites\/12\/2025\/08\/mutti-30-sec-online-16x9-web-180424-norway-239.mp4\" type=\"video\/mp4\">\n      <\/video>\n\n<\/figure>\n\n\n\n<div class=\"wp-block-group alignwide is-layout-flow wp-block-group-is-layout-flow\">\n<h1 class=\"wp-block-heading has-text-align-center\">Muttis kvalitetspris Pomodorino d`oro<\/h1>\n\n\n\n\n\n<p class=\"has-text-align-center\">Pomodorino d\u2019Oro (Den gylne tomat) ble lansert i \u00e5r 2000, og er en \u00f8konomisk bonus som vi hvert \u00e5r deler ut til v\u00e5re beste b\u00f8nder for \u00e5 vise at vi setter pris p\u00e5 kvaliteten p\u00e5 tomatene de dyrker: 100 % italienske produkter, som blir omsorgsfullt stelt fra fr\u00f8 til frukt.<\/p>\n<\/div>\n\n\n\n<p class=\"has-text-align-center\">I l\u00f8pet av de siste 26 \u00e5rene har vi delt ut prisen til over 800 b\u00f8nder. Prisen er en bonus som stimulerer v\u00e5re leverand\u00f8rer til \u00e5 jobbe kontinuerlig med produktforbedrng, samtidig som de investerer i utviklingen av nye metoder for dyrking, h\u00f8sting og transport. P\u00e5 denne m\u00e5ten har vi skapt en sunn syklus som til syvende og sist sikrer at vi kan tilby kundene v\u00e5re et produkt som kjennetegnes ved sin overlegne kvalitet og unike smak.<\/p>\n\n\n\n<figure class=\"wp-block-image alignfull size-large\"><img loading=\"lazy\" decoding=\"async\" src=\"https:\/\/cdn1.mutti-parma.com\/spai\/q_glossy+w_1162+h_503+to_webp+ret_img\/mutti-parma.com\/app\/uploads\/sites\/8\/2025\/05\/wordpress-top-banners-wyls-2048x885.png\" alt=\"\"\/><\/figure>\n\n\n\n<div class=\"wp-block-media-text alignwide is-stacked-on-mobile\"><figure class=\"wp-block-media-text__media\"><img loading=\"lazy\" decoding=\"async\" width=\"1024\" height=\"1024\" src=\"https:\/\/mutti-parma.com\/app\/uploads\/sites\/12\/2025\/05\/1-1024x1024.png\" alt=\"\" class=\"wp-image-11305 size-full\" sizes=\"(max-width: 600px) 100vw, (min-width: 1440px) 792px,55vw\" data-spai-crop=\"false\" srcset=\"https:\/\/mutti-parma.com\/app\/uploads\/sites\/12\/2025\/05\/1-1024x1024.png 1024w, https:\/\/mutti-parma.com\/app\/uploads\/sites\/12\/2025\/05\/1-500x500.png 500w, https:\/\/mutti-parma.com\/app\/uploads\/sites\/12\/2025\/05\/1-200x200.png 200w, https:\/\/mutti-parma.com\/app\/uploads\/sites\/12\/2025\/05\/1-768x768.png 768w, https:\/\/mutti-parma.com\/app\/uploads\/sites\/12\/2025\/05\/1-150x150.png 150w, https:\/\/mutti-parma.com\/app\/uploads\/sites\/12\/2025\/05\/1-600x600.png 600w, https:\/\/mutti-parma.com\/app\/uploads\/sites\/12\/2025\/05\/1-1536x1536.png 1536w, https:\/\/mutti-parma.com\/app\/uploads\/sites\/12\/2025\/05\/1-2048x2048.png 2048w, https:\/\/mutti-parma.com\/app\/uploads\/sites\/12\/2025\/05\/1-50x50.png 50w\" \/><\/figure><div class=\"wp-block-media-text__content\">\n<h2 class=\"wp-block-heading\">VI FORPLIKTER OSS TIL KVALITET<\/h2>\n\n\n\n<p>Pomodorino d\u2019Oro er et uttrykk for de ansvarlige valgene og faktiske handlingene vi tar og utf\u00f8rer hver eneste dag. Disse valgene involverer alle niv\u00e5er i forsyningskjeden \u2013 og m\u00e5let er \u00e5 f\u00e5 det beste ut av lokale omr\u00e5der, samtidig som landet og lokalbefolkningen respekteres. M\u00e5let v\u00e5rt er \u00e5 bygge et l\u00f8pende samarbeid med b\u00f8nder slik at vi kontinuerlig kan forbedre produktene v\u00e5re. Pomodorino d\u2019Oro symboliserer v\u00e5r forpliktelse til kvalitet og til de menneskene som dyrker tomatene v\u00e5re.<\/p>\n<\/div><\/div>\n\n\n\n<div class=\"wp-block-group alignwide is-layout-flow wp-block-group-is-layout-flow\">\n<h2 class=\"wp-block-heading has-text-align-center\">2025-vinnerne<\/h2>\n\n\n\n<h2 class=\"wp-block-heading has-text-align-center is-style-cursive\">26. utgave<\/h2>\n\n\n\n<p class=\"has-text-align-center\">Pomodorino d\u2019Oro-prisen gjenspeiler et av v\u00e5re grunnleggende prinsipper: ideen om at hver type tomat trenger en bestemt type jordsmonn. Derfor hedrer vi hvert \u00e5r mer enn 60 b\u00f8nder fra Nord- og S\u00f8r-Italia, med separate priser for de tre forskjellige&nbsp; tomattypene som er typiske for hver enkelt region. Her har du de tre vinnerne av \u00e5rets utgave av Pomodorino d\u2019Oro!<\/p>\n\n\n\n<div class=\"wp-block-group sm:mx-32 lg:mx-48 is-content-justification-center is-nowrap is-layout-flex wp-container-core-group-is-layout-46403f35 wp-block-group-is-layout-flex\">\n<figure class=\"wp-block-image size-full is-style-default -mx-8 mb-0\"><img loading=\"lazy\" decoding=\"async\" src=\"https:\/\/mutti-parma.com\/app\/uploads\/2024\/04\/pomodorino-doro-tondo.png\" alt=\"\" class=\"wp-image-9945\" style=\"aspect-ratio:0.9003690036900369;object-fit:cover\" \/><\/figure>\n\n\n\n<figure class=\"wp-block-image size-full -mx-8 mb-0\"><img loading=\"lazy\" decoding=\"async\" src=\"https:\/\/mutti-parma.com\/app\/uploads\/2024\/04\/pomodorino-doro-lungo.png\" alt=\"\" class=\"wp-image-9944\" \/><\/figure>\n\n\n\n<figure class=\"wp-block-image size-full -mx-8 mb-0\"><img loading=\"lazy\" decoding=\"async\" src=\"https:\/\/mutti-parma.com\/app\/uploads\/2024\/04\/pomodorino-doro-ciliegino.png\" alt=\"\" class=\"wp-image-9942\" \/><\/figure>\n\n\n\n<figure class=\"wp-block-image size-full -mx-8 mb-0\"><img loading=\"lazy\" decoding=\"async\" src=\"https:\/\/mutti-parma.com\/app\/uploads\/2024\/04\/pomodorino-doro-datterino-1.png\" alt=\"\" class=\"wp-image-9946\" \/><\/figure>\n<\/div>\n\n\n<div class=\"acf-custom-slideshow is-style-plain wp-block-embed is-type-video wp-embed-aspect-1-1 alignwide\" data-vue-wrapper>\n  <tab-slideshow\n    name=\"Custom Slideshow\"\n    :tabs='[\"Tondo di Parma Tomato\",\"Plum Tomato\",\"Cherry Tomato\",\"Baby Roma Tomato\"]'\n    :tabs-above=\"true\"\n    :navigation=\"false\"\n    :pagination=\"true\"\n    :append-navigation=\"true\"\n    :hide-navigation-mobile=\"true\"\n    :options='{\"autoHeight\":false}'\n    navigation-class=\"\"\n    :slideshow-classes='{\"wrapper\":\"text-white py-12 md:py-32 md:pb-16 md:px-16 has-background\",\"navigationNextButton\":\"fa-solid fa-chevron-right text-primary text-2xl lg:text-4xl mr-10 md:mt-16 hidden md:block\",\"navigationPrevButton\":\"fa-solid fa-chevron-left text-primary text-2xl lg:text-4xl ml-10 md:mt-16 hidden md:block\"}'\n          slideshow-background=\"https:\/\/mutti-parma.com\/app\/uploads\/sites\/3\/2021\/10\/5-video-gallery-bkg.jpeg\"\n      >\n          <div class=\"swiper-slide \">\n        <div class=\"flex flex-wrap align-stretch\">\n          <div class=\"flex-1 p-4 md:p-8 lg:pl-16 text-center md:text-left\">\n                          <h2>Luca Zavaroni<\/h2>\n<p class=\"has-xxl-font-size is-style-cursive\">&laquo;For oss alle betyr det \u00e5 produsere kvalitetstomater at vi hvert \u00e5r streber etter \u00e5 yte v\u00e5rt aller beste og legge inn all v\u00e5r energi \u2013 spesielt n\u00e5r vi leverer til industrien.&raquo;<\/p>\n\n                      <\/div>\n\n                      <div\n              class=\"\n                w-full md:w-1\/2\n                order-first\n                \n                flex justify-center md:justify-end\n                content-center lg:content-start\n              \"\n                          >\n              \n                              <div class=\"wp-block-embed is-type-video wp-embed-aspect-16-9 wp-has-aspect-ratio w-full self-center\">\n                  <div class=\"wp-block-embed__wrapper\">\n                    <iframe loading=\"lazy\" loading=\"lazy\" title=\"2025 Winner for Round Tomato - Luca Zavaroni\" width=\"500\" height=\"281\" data-cookieconsent=\"marketing\" data-src=\"\/\/www.youtube-nocookie.com\/embed\/zPFkN_Qa3x0?rel=0&#038;modestbranding=1&#038;enablejsapi=1&#038;feature=oembed&#038;width=500&#038;height=750\" frameborder=\"0\" allow=\"accelerometer; autoplay; clipboard-write; encrypted-media; gyroscope; picture-in-picture; web-share\" referrerpolicy=\"strict-origin-when-cross-origin\" allowfullscreen><\/iframe><div class=\"cookieconsent-embed-approval\">\n  <p>To watch this video you need to approve marketing cookies so we can use YouTube.<\/p>\n  <button class=\"btn btn-renew-cookie-consent\">\n    Manage Settings\n  <\/button>\n<\/div>\n<div class=\"cookieconsent-embed-approval\">\n  <p>To watch this video you need to approve marketing cookies so we can use YouTube.<\/p>\n  <button class=\"btn btn-renew-cookie-consent\">\n    Manage Settings\n  <\/button>\n<\/div>\n\n                  <\/div>\n                <\/div>\n                          <\/div>\n                  <\/div>\n      <\/div>\n          <div class=\"swiper-slide \">\n        <div class=\"flex flex-wrap align-stretch\">\n          <div class=\"flex-1 p-4 md:p-8 lg:pl-16 text-center md:text-left\">\n                          <h2>Michele Borrelli<\/h2>\n<p class=\"has-xxl-font-size is-style-cursive\">&laquo;Jeg er veldig opptatt av innh\u00f8stingen, for n\u00e5r du dyrker et godt produkt og tiden er inne for \u00e5 h\u00f8ste, f\u00f8ler du all den tilfredsheten en dyrker kan oppleve.&raquo;<\/p>\n\n                      <\/div>\n\n                      <div\n              class=\"\n                w-full md:w-1\/2\n                order-first\n                \n                flex justify-center md:justify-end\n                content-center lg:content-start\n              \"\n                          >\n              \n                              <div class=\"wp-block-embed is-type-video wp-embed-aspect-16-9 wp-has-aspect-ratio w-full self-center\">\n                  <div class=\"wp-block-embed__wrapper\">\n                    <iframe loading=\"lazy\" loading=\"lazy\" title=\"2025 Winner for Plum Tomato - Michele Borrelli\" width=\"500\" height=\"281\" data-cookieconsent=\"marketing\" data-src=\"\/\/www.youtube-nocookie.com\/embed\/MSgYe0SFxK8?rel=0&#038;modestbranding=1&#038;enablejsapi=1&#038;feature=oembed&#038;width=500&#038;height=750\" frameborder=\"0\" allow=\"accelerometer; autoplay; clipboard-write; encrypted-media; gyroscope; picture-in-picture; web-share\" referrerpolicy=\"strict-origin-when-cross-origin\" allowfullscreen><\/iframe><div class=\"cookieconsent-embed-approval\">\n  <p>To watch this video you need to approve marketing cookies so we can use YouTube.<\/p>\n  <button class=\"btn btn-renew-cookie-consent\">\n    Manage Settings\n  <\/button>\n<\/div>\n<div class=\"cookieconsent-embed-approval\">\n  <p>To watch this video you need to approve marketing cookies so we can use YouTube.<\/p>\n  <button class=\"btn btn-renew-cookie-consent\">\n    Manage Settings\n  <\/button>\n<\/div>\n\n                  <\/div>\n                <\/div>\n                          <\/div>\n                  <\/div>\n      <\/div>\n          <div class=\"swiper-slide \">\n        <div class=\"flex flex-wrap align-stretch\">\n          <div class=\"flex-1 p-4 md:p-8 lg:pl-16 text-center md:text-left\">\n                          <h2>Alfonso Fantasia<\/h2>\n<p class=\"has-xxl-font-size is-style-cursive\">&laquo;\u00c5 ha sterke verdier er det som gjorde det mulig for meg \u00e5 jobbe med Mutti. En kvalitetstomat er sunn, r\u00f8d og fremfor alt dyrket med respekt for riktige vanningsmetoder og milj\u00f8p\u00e5virkning.&raquo;<\/p>\n\n                      <\/div>\n\n                      <div\n              class=\"\n                w-full md:w-1\/2\n                order-first\n                \n                flex justify-center md:justify-end\n                content-center lg:content-start\n              \"\n                          >\n              \n                              <div class=\"wp-block-embed is-type-video wp-embed-aspect-16-9 wp-has-aspect-ratio w-full self-center\">\n                  <div class=\"wp-block-embed__wrapper\">\n                    <iframe loading=\"lazy\" loading=\"lazy\" title=\"2025 Winner for Cherry Tomato - Alfonso Fantasia\" width=\"500\" height=\"281\" data-cookieconsent=\"marketing\" data-src=\"\/\/www.youtube-nocookie.com\/embed\/H3Ah7vvzfok?rel=0&#038;modestbranding=1&#038;enablejsapi=1&#038;feature=oembed&#038;width=500&#038;height=750\" frameborder=\"0\" allow=\"accelerometer; autoplay; clipboard-write; encrypted-media; gyroscope; picture-in-picture; web-share\" referrerpolicy=\"strict-origin-when-cross-origin\" allowfullscreen><\/iframe><div class=\"cookieconsent-embed-approval\">\n  <p>To watch this video you need to approve marketing cookies so we can use YouTube.<\/p>\n  <button class=\"btn btn-renew-cookie-consent\">\n    Manage Settings\n  <\/button>\n<\/div>\n<div class=\"cookieconsent-embed-approval\">\n  <p>To watch this video you need to approve marketing cookies so we can use YouTube.<\/p>\n  <button class=\"btn btn-renew-cookie-consent\">\n    Manage Settings\n  <\/button>\n<\/div>\n\n                  <\/div>\n                <\/div>\n                          <\/div>\n                  <\/div>\n      <\/div>\n          <div class=\"swiper-slide \">\n        <div class=\"flex flex-wrap align-stretch\">\n          <div class=\"flex-1 p-4 md:p-8 lg:pl-16 text-center md:text-left\">\n                          <h2>gabriele og marco Costa<\/h2>\n<p class=\"has-xxl-font-size is-style-cursive\">&laquo;Tanken p\u00e5 \u00e5 reise til et annet kontinent og finne et glass Mutti der, vekker virkelig sterke f\u00f8lelser n\u00e5r du tenker tilbake p\u00e5 alt som m\u00e5tte gj\u00f8res for at det glasset skulle bli mulig.&raquo;<\/p>\n\n                      <\/div>\n\n                      <div\n              class=\"\n                w-full md:w-1\/2\n                order-first\n                \n                flex justify-center md:justify-end\n                content-center lg:content-start\n              \"\n                          >\n              \n                              <div class=\"wp-block-embed is-type-video wp-embed-aspect-16-9 wp-has-aspect-ratio w-full self-center\">\n                  <div class=\"wp-block-embed__wrapper\">\n                    <iframe loading=\"lazy\" loading=\"lazy\" title=\"2025 Winners for Baby Roma - Gabriele &amp; Marco Costa\" width=\"500\" height=\"281\" data-cookieconsent=\"marketing\" data-src=\"\/\/www.youtube-nocookie.com\/embed\/ixt0vKs0uzA?rel=0&#038;modestbranding=1&#038;enablejsapi=1&#038;feature=oembed&#038;width=500&#038;height=750\" frameborder=\"0\" allow=\"accelerometer; autoplay; clipboard-write; encrypted-media; gyroscope; picture-in-picture; web-share\" referrerpolicy=\"strict-origin-when-cross-origin\" allowfullscreen><\/iframe><div class=\"cookieconsent-embed-approval\">\n  <p>To watch this video you need to approve marketing cookies so we can use YouTube.<\/p>\n  <button class=\"btn btn-renew-cookie-consent\">\n    Manage Settings\n  <\/button>\n<\/div>\n<div class=\"cookieconsent-embed-approval\">\n  <p>To watch this video you need to approve marketing cookies so we can use YouTube.<\/p>\n  <button class=\"btn btn-renew-cookie-consent\">\n    Manage Settings\n  <\/button>\n<\/div>\n\n                  <\/div>\n                <\/div>\n                          <\/div>\n                  <\/div>\n      <\/div>\n      <\/tab-slideshow>\n<\/div>\n<\/div>\n\n\n\n<div class=\"wp-block-cover alignwide is-light\" style=\"min-height:457px;aspect-ratio:unset;\"><img loading=\"lazy\" decoding=\"async\" class=\"wp-block-cover__image-background wp-image-6363\" alt=\"\" src=\"https:\/\/mutti-parma.com\/app\/uploads\/2021\/01\/6-parallax-banner.jpg\" data-object-fit=\"cover\" \/><span aria-hidden=\"true\" class=\"wp-block-cover__background has-background-dim-20 has-background-dim\"><\/span><div class=\"wp-block-cover__inner-container is-layout-flow wp-block-cover-is-layout-flow\">\n\n\n<h2 class=\"wp-block-heading\">VERDIENE BAK POMODORINO D\u2019ORO PRISEN<\/h2>\n\n\n<\/div><\/div>\n\n\n\n<div class=\"wp-block-media-text alignwide has-media-on-the-right is-stacked-on-mobile\" style=\"grid-template-columns:auto 40%\"><div class=\"wp-block-media-text__content\">\n<h2 class=\"wp-block-heading\">OMSORG OG FOKUS<\/h2>\n\n\n\n<h3 class=\"wp-block-heading is-style-cursive\">Kvalitetskontroller og utvelgelse p\u00e5 \u00e5keren<\/h3>\n\n\n\n<p>V\u00e5re b\u00f8nder deler v\u00e5rt fokus p\u00e5 grundig utf\u00f8relse av arbeidet. De velger derfor kun de beste tomatene ved innh\u00f8stingen, og tar hensyn til modenhet, farge, konsistens, friskhet og s\u00f8dme. Dette er den eneste m\u00e5ten \u00e5 sikre at tomatene passerer kvalitetskontrollen n\u00e5r de kommer til v\u00e5re fabrikker. Prisen deles ut basert p\u00e5 en automatisk analyse som blir utf\u00f8rt n\u00e5r tomatene ankommer fabrikken. S\u00f8dme, n\u00e6ringsverdier og modenhetsgrad er blant kriteriene som tas i betraktning.<\/p>\n\n\n\n<p>For oss handler omsorg om \u00e5 garantere de h\u00f8yeste kvalitetsstandarder, samtidig som vi viser respekt for milj\u00f8et og menneskers velv\u00e6re. Vi opererer i henhold til integrerte produksjonsspesifikasjoner, der m\u00e5let er \u00e5 redusere vann- og energiforbruket i landbruksproduksjonen uten \u00e5 g\u00e5 p\u00e5 kompromiss med kvaliteten p\u00e5 tomatene. Samtidig er vi forpliktet til \u00e5 opprettholde sporbarhet gjennom hele forsyningskjeden, helt fram til det ferdige produktet.<\/p>\n<\/div><figure class=\"wp-block-media-text__media\"><img loading=\"lazy\" decoding=\"async\" width=\"1024\" height=\"1024\" src=\"https:\/\/mutti-parma.com\/app\/uploads\/sites\/12\/2025\/05\/2-1024x1024.png\" alt=\"\" class=\"wp-image-11306 size-full\" sizes=\"(max-width: 600px) 100vw, (min-width: 1440px) 576px,40vw\" data-spai-crop=\"false\" srcset=\"https:\/\/mutti-parma.com\/app\/uploads\/sites\/12\/2025\/05\/2-1024x1024.png 1024w, https:\/\/mutti-parma.com\/app\/uploads\/sites\/12\/2025\/05\/2-500x500.png 500w, https:\/\/mutti-parma.com\/app\/uploads\/sites\/12\/2025\/05\/2-200x200.png 200w, https:\/\/mutti-parma.com\/app\/uploads\/sites\/12\/2025\/05\/2-768x768.png 768w, https:\/\/mutti-parma.com\/app\/uploads\/sites\/12\/2025\/05\/2-150x150.png 150w, https:\/\/mutti-parma.com\/app\/uploads\/sites\/12\/2025\/05\/2-600x600.png 600w, https:\/\/mutti-parma.com\/app\/uploads\/sites\/12\/2025\/05\/2-1536x1536.png 1536w, https:\/\/mutti-parma.com\/app\/uploads\/sites\/12\/2025\/05\/2-2048x2048.png 2048w, https:\/\/mutti-parma.com\/app\/uploads\/sites\/12\/2025\/05\/2-50x50.png 50w\" \/><\/figure><\/div>\n\n\n\n<div class=\"wp-block-media-text alignwide is-stacked-on-mobile\" style=\"grid-template-columns:40% auto\"><figure class=\"wp-block-media-text__media\"><img loading=\"lazy\" decoding=\"async\" width=\"1024\" height=\"1024\" src=\"https:\/\/mutti-parma.com\/app\/uploads\/sites\/12\/2025\/05\/3-1024x1024.png\" alt=\"\" class=\"wp-image-11307 size-full\" sizes=\"(max-width: 600px) 100vw, (min-width: 1440px) 576px,40vw\" data-spai-crop=\"false\" srcset=\"https:\/\/mutti-parma.com\/app\/uploads\/sites\/12\/2025\/05\/3-1024x1024.png 1024w, https:\/\/mutti-parma.com\/app\/uploads\/sites\/12\/2025\/05\/3-500x500.png 500w, https:\/\/mutti-parma.com\/app\/uploads\/sites\/12\/2025\/05\/3-200x200.png 200w, https:\/\/mutti-parma.com\/app\/uploads\/sites\/12\/2025\/05\/3-768x768.png 768w, https:\/\/mutti-parma.com\/app\/uploads\/sites\/12\/2025\/05\/3-150x150.png 150w, https:\/\/mutti-parma.com\/app\/uploads\/sites\/12\/2025\/05\/3-600x600.png 600w, https:\/\/mutti-parma.com\/app\/uploads\/sites\/12\/2025\/05\/3-1536x1536.png 1536w, https:\/\/mutti-parma.com\/app\/uploads\/sites\/12\/2025\/05\/3-2048x2048.png 2048w, https:\/\/mutti-parma.com\/app\/uploads\/sites\/12\/2025\/05\/3-50x50.png 50w\" \/><\/figure><div class=\"wp-block-media-text__content\">\n<h2 class=\"wp-block-heading\">RESPEKT<\/h2>\n\n\n\n<h3 class=\"wp-block-heading is-style-cursive\">Bedre tomater fortjener bedre priser<\/h3>\n\n\n\n<p>Vi betaler b\u00f8ndene v\u00e5re mer enn markedets gjennomsnittspriser for \u00e5 f\u00e5 bedre tomater, og styrker dermed forholdet til v\u00e5re leverand\u00f8rer og st\u00f8tter deres vekst. For oss er dette hva respekt handler om.<\/p>\n\n\n\n<p>Opp gjennom \u00e5rene har vi bidratt til utviklingen av mekaniske innh\u00f8stingsmetoder, som n\u00e5 brukes til all innh\u00f8sting p\u00e5 \u00e5krene til v\u00e5re b\u00f8nder i Nord- og S\u00f8r -Italia. V\u00e5r organisasjonsmodell krever ogs\u00e5 at b\u00f8ndene v\u00e5re f\u00f8lger strenge etiske og sosiale krav.<\/p>\n<\/div><\/div>\n\n\n\n<div class=\"wp-block-media-text alignwide has-media-on-the-right is-stacked-on-mobile\" style=\"grid-template-columns:auto 40%\"><div class=\"wp-block-media-text__content\">\n<h2 class=\"wp-block-heading\">SAMARBEID<\/h2>\n\n\n\n<h3 class=\"wp-block-heading is-style-cursive\">Kvalitet krever teamarbeid<\/h3>\n\n\n\n<p>Samarbeidet med b\u00f8ndene v\u00e5re baserer seg p\u00e5 gjensidig tillit og st\u00f8tte. Det er et \u00e5pent forhold med rettferdige avtaler som er utformet for \u00e5 styrke b\u00f8ndene.<\/p>\n\n\n\n<p>Gjennom Mutti Agricultural Service deler vi v\u00e5r kunnskap med b\u00f8ndene og gir dem tilgang til de beste teknologiske plattformene. Dette betyr at de er i stand til \u00e5 ta i bruk de mest innovative dyrkingsteknikkene, \u00f8ke sin egen kompetanse og sikre at produktene som havner p\u00e5 kj\u00f8kkenet til forbrukerne v\u00e5re oppfyller de h\u00f8yest mulige kvalitetskravene. Vi jobber alle mot det samme m\u00e5let, nemlig \u00e5 tilby familier unike produkter som representerer v\u00e5r kulinariske identitet og essensen av middelhavskj\u00f8kkenet.<\/p>\n<\/div><figure class=\"wp-block-media-text__media\"><img loading=\"lazy\" decoding=\"async\" width=\"2160\" height=\"2160\" src=\"https:\/\/mutti-parma.com\/app\/uploads\/sites\/12\/2025\/05\/4-1024x1024.png\" alt=\"\" class=\"wp-image-11308 size-full\" sizes=\"(max-width: 600px) 100vw, (min-width: 1440px) 576px,40vw\" data-spai-crop=\"false\" srcset=\"https:\/\/mutti-parma.com\/app\/uploads\/sites\/12\/2025\/05\/4-1024x1024.png 1024w, https:\/\/mutti-parma.com\/app\/uploads\/sites\/12\/2025\/05\/4-500x500.png 500w, https:\/\/mutti-parma.com\/app\/uploads\/sites\/12\/2025\/05\/4-200x200.png 200w, https:\/\/mutti-parma.com\/app\/uploads\/sites\/12\/2025\/05\/4-768x768.png 768w, https:\/\/mutti-parma.com\/app\/uploads\/sites\/12\/2025\/05\/4-150x150.png 150w, https:\/\/mutti-parma.com\/app\/uploads\/sites\/12\/2025\/05\/4-600x600.png 600w, https:\/\/mutti-parma.com\/app\/uploads\/sites\/12\/2025\/05\/4-1536x1536.png 1536w, https:\/\/mutti-parma.com\/app\/uploads\/sites\/12\/2025\/05\/4-2048x2048.png 2048w, https:\/\/mutti-parma.com\/app\/uploads\/sites\/12\/2025\/05\/4-50x50.png 50w\" \/><\/figure><\/div>\n\n\n\n<div class=\"wp-block-media-text alignwide is-stacked-on-mobile\" style=\"grid-template-columns:40% auto\"><figure class=\"wp-block-media-text__media\"><img loading=\"lazy\" decoding=\"async\" width=\"1024\" height=\"1024\" src=\"https:\/\/mutti-parma.com\/app\/uploads\/sites\/12\/2025\/05\/5-1024x1024.png\" alt=\"\" class=\"wp-image-11309 size-full\" sizes=\"(max-width: 600px) 100vw, (min-width: 1440px) 576px,40vw\" data-spai-crop=\"false\" srcset=\"https:\/\/mutti-parma.com\/app\/uploads\/sites\/12\/2025\/05\/5-1024x1024.png 1024w, https:\/\/mutti-parma.com\/app\/uploads\/sites\/12\/2025\/05\/5-500x500.png 500w, https:\/\/mutti-parma.com\/app\/uploads\/sites\/12\/2025\/05\/5-200x200.png 200w, https:\/\/mutti-parma.com\/app\/uploads\/sites\/12\/2025\/05\/5-768x768.png 768w, https:\/\/mutti-parma.com\/app\/uploads\/sites\/12\/2025\/05\/5-150x150.png 150w, https:\/\/mutti-parma.com\/app\/uploads\/sites\/12\/2025\/05\/5-600x600.png 600w, https:\/\/mutti-parma.com\/app\/uploads\/sites\/12\/2025\/05\/5-1536x1536.png 1536w, https:\/\/mutti-parma.com\/app\/uploads\/sites\/12\/2025\/05\/5-2048x2048.png 2048w, https:\/\/mutti-parma.com\/app\/uploads\/sites\/12\/2025\/05\/5-50x50.png 50w\" \/><\/figure><div class=\"wp-block-media-text__content\">\n<h2 class=\"wp-block-heading\">STOLTHET<\/h2>\n\n\n\n<h3 class=\"wp-block-heading is-style-cursive\">Fra \u00e5keren til kj\u00f8kkenet ditt<\/h3>\n\n\n\n<p>Hvert lass med tomater som kommer til oss er en kilde til stolthet for b\u00f8ndene som dyrker dem. Fremfor alt betyr det at tomatene deres har best\u00e5tt v\u00e5re strenge kvalitetskontroller. De representerer ett \u00e5rs hardt arbeid.<\/p>\n\n\n\n<p>Samtidig er de ogs\u00e5 en kilde til stolthet for oss i Mutti, fordi det betyr at vi har bidratt til \u00e5 generere verdi i alle ledd i forsyningskjeden. Dette garanterer et produkt som ikke bare smaker godt, men som ogs\u00e5 reflekterer etisk valg som respekterer mennesker \u2013 b\u00e5de b\u00f8nder og forbrukere.<\/p>\n\n\n\n<p>Det er den samme tilfredsheten vi f\u00f8ler n\u00e5r vi vet at vi alle har bidratt til \u00e5 bringe noe godt til middagsbordet \u2013 noe som vil bringe et smil til ansiktene til de menneskene vi er glade i.<\/p>\n<\/div><\/div>\n\n\n","protected":false},"excerpt":{"rendered":"<p>Muttis kvalitetspris Pomodorino d`oro Pomodorino d\u2019Oro (Den gylne tomat) ble lansert i \u00e5r 2000, og er en \u00f8konomisk bonus som vi hvert \u00e5r deler ut til v\u00e5re beste b\u00f8nder for \u00e5 vise at vi setter pris p\u00e5 kvaliteten p\u00e5 tomatene de dyrker: 100 % italienske produkter, som blir omsorgsfullt stelt fra fr\u00f8 til frukt. I<\/p>\n","protected":false},"author":1,"featured_media":300000162,"parent":959,"menu_order":25,"comment_status":"closed","ping_status":"closed","template":"","meta":{"_acf_changed":false,"_relevanssi_hide_post":"","_relevanssi_hide_content":"","_relevanssi_pin_for_all":"","_relevanssi_pin_keywords":"","_relevanssi_unpin_keywords":"","_relevanssi_related_keywords":"","_relevanssi_related_include_ids":"","_relevanssi_related_exclude_ids":"","_relevanssi_related_no_append":"","_relevanssi_related_not_related":"","_relevanssi_related_posts":"8388,8124,8587,9031,6976,6727","_relevanssi_noindex_reason":"","footnotes":""},"class_list":["post-1070","page","type-page","status-publish","has-post-thumbnail","hentry"],"acf":[],"_links":{"self":[{"href":"https:\/\/mutti-parma.com\/no\/wp-json\/wp\/v2\/pages\/1070","targetHints":{"allow":["GET"]}}],"collection":[{"href":"https:\/\/mutti-parma.com\/no\/wp-json\/wp\/v2\/pages"}],"about":[{"href":"https:\/\/mutti-parma.com\/no\/wp-json\/wp\/v2\/types\/page"}],"author":[{"embeddable":true,"href":"https:\/\/mutti-parma.com\/no\/wp-json\/wp\/v2\/users\/1"}],"replies":[{"embeddable":true,"href":"https:\/\/mutti-parma.com\/no\/wp-json\/wp\/v2\/comments?post=1070"}],"version-history":[{"count":99,"href":"https:\/\/mutti-parma.com\/no\/wp-json\/wp\/v2\/pages\/1070\/revisions"}],"predecessor-version":[{"id":11694,"href":"https:\/\/mutti-parma.com\/no\/wp-json\/wp\/v2\/pages\/1070\/revisions\/11694"}],"up":[{"embeddable":true,"href":"https:\/\/mutti-parma.com\/no\/wp-json\/wp\/v2\/pages\/959"}],"wp:featuredmedia":[{"embeddable":true,"href":"https:\/\/mutti-parma.com\/no\/wp-json\/wp\/v2\/media\/162"}],"wp:attachment":[{"href":"https:\/\/mutti-parma.com\/no\/wp-json\/wp\/v2\/media?parent=1070"}],"curies":[{"name":"wp","href":"https:\/\/api.w.org\/{rel}","templated":true}]}}