{"id":11706,"date":"2026-02-24T10:25:57","date_gmt":"2026-02-24T10:25:57","guid":{"rendered":"https:\/\/mutti-parma.com\/no\/?page_id=11706"},"modified":"2026-03-13T09:03:22","modified_gmt":"2026-03-13T09:03:22","slug":"tomato-girl-pa-den-norske-maten","status":"publish","type":"page","link":"https:\/\/mutti-parma.com\/no\/tomato-girl-pa-den-norske-maten\/","title":{"rendered":"Tomato girl, p\u00e5 den norske m\u00e5ten"},"content":{"rendered":"\n<figure class=\"wp-block-image alignfull size-full is-style-default\"><img loading=\"lazy\" decoding=\"async\" width=\"1920\" height=\"1080\" src=\"https:\/\/mutti-parma.com\/app\/uploads\/sites\/12\/2026\/01\/wordpress-large-1080.png\" alt=\"\" class=\"wp-image-11708\" srcset=\"https:\/\/mutti-parma.com\/app\/uploads\/sites\/12\/2026\/01\/wordpress-large-1080.png 1920w, https:\/\/mutti-parma.com\/app\/uploads\/sites\/12\/2026\/01\/wordpress-large-1080-500x281.png 500w, https:\/\/mutti-parma.com\/app\/uploads\/sites\/12\/2026\/01\/wordpress-large-1080-1024x576.png 1024w, https:\/\/mutti-parma.com\/app\/uploads\/sites\/12\/2026\/01\/wordpress-large-1080-200x113.png 200w, https:\/\/mutti-parma.com\/app\/uploads\/sites\/12\/2026\/01\/wordpress-large-1080-768x432.png 768w, https:\/\/mutti-parma.com\/app\/uploads\/sites\/12\/2026\/01\/wordpress-large-1080-150x84.png 150w, https:\/\/mutti-parma.com\/app\/uploads\/sites\/12\/2026\/01\/wordpress-large-1080-600x338.png 600w, https:\/\/mutti-parma.com\/app\/uploads\/sites\/12\/2026\/01\/wordpress-large-1080-1536x864.png 1536w, https:\/\/mutti-parma.com\/app\/uploads\/sites\/12\/2026\/01\/wordpress-large-1080-800x450.png 800w\" sizes=\"(max-width: 1920px) 100vw, 1920px\" \/><\/figure>\n\n\n\n<h1 class=\"wp-block-heading has-text-align-center\"><strong><strong><strong><strong>Gi t\u00e5lmodighet, omsorg, kj\u00e6rlighet: Strikkeoppskriftene du m\u00e5 teste i v\u00e5r<\/strong><\/strong><\/strong><\/strong><\/h1>\n\n\n\n<p class=\"has-text-align-center\">I Norge er strikking mer enn bare en hobby.<br>Det er godt anvendt tid. En rytme. En m\u00e5te \u00e5 bry oss om noen vi er glad i.<\/p>\n\n\n\n<p class=\"has-text-align-center\">Hos Mutti mener vi at det samme gjelder matlaging.<br><strong>I over 120 \u00e5r har vi behandlet tomater med t\u00e5lmodighet, flid og respekt.<\/strong> Vi stresser ikke med ting som tar tid.<\/p>\n\n\n\n<p class=\"has-text-align-center\">Denne sesongen inviterer vi alle tomatjenter (og -gutter!) som elsker b\u00e5de tomater og strikking, til \u00e5 vise den samme omsorgen utenfor kj\u00f8kkenet.<\/p>\n\n\n\n<div class=\"wp-block-media-text alignfull is-stacked-on-mobile\"><figure class=\"wp-block-media-text__media\"><img loading=\"lazy\" decoding=\"async\" width=\"1024\" height=\"1024\" src=\"https:\/\/mutti-parma.com\/app\/uploads\/sites\/12\/2026\/02\/wordpress-1-1024x1024.png\" alt=\"\" class=\"wp-image-11736 size-full\" sizes=\"(max-width: 600px) 100vw, (min-width: 1440px) 792px,55vw\" data-spai-crop=\"false\" srcset=\"https:\/\/mutti-parma.com\/app\/uploads\/sites\/12\/2026\/02\/wordpress-1-1024x1024.png 1024w, https:\/\/mutti-parma.com\/app\/uploads\/sites\/12\/2026\/02\/wordpress-1-500x500.png 500w, https:\/\/mutti-parma.com\/app\/uploads\/sites\/12\/2026\/02\/wordpress-1-200x200.png 200w, https:\/\/mutti-parma.com\/app\/uploads\/sites\/12\/2026\/02\/wordpress-1-768x768.png 768w, https:\/\/mutti-parma.com\/app\/uploads\/sites\/12\/2026\/02\/wordpress-1-150x150.png 150w, https:\/\/mutti-parma.com\/app\/uploads\/sites\/12\/2026\/02\/wordpress-1-600x600.png 600w, https:\/\/mutti-parma.com\/app\/uploads\/sites\/12\/2026\/02\/wordpress-1-50x50.png 50w, https:\/\/mutti-parma.com\/app\/uploads\/sites\/12\/2026\/02\/wordpress-1.png 1080w\" \/><\/figure><div class=\"wp-block-media-text__content\">\n<h2 class=\"wp-block-heading\"><strong><strong><strong><strong><strong><strong><strong>Tomato girl, <strong>p\u00e5 den norske m\u00e5ten<\/strong><\/strong><\/strong><\/strong><\/strong><\/strong><\/strong><\/strong><\/h2>\n\n\n\n<p>B\u00e5de matlaging og strikking er varme, koselige ritualer \u2013 de utf\u00f8res langsomt, deles gener\u00f8st og er fulle av mening.<\/p>\n\n\n\n<p>Med inspirasjon fra v\u00e5re ikoniske tomater har<strong> Une Cecilie Oksvold<\/strong> laget to unike strikkedesign hvor dagliglivet f\u00e5r en touch av Mutti \u2013 enten du skal ut i kulden eller vil gi sekken din litt personlighet.<\/p>\n\n\n\n<p>Mutti bruker de kreative strikkem\u00f8nstrene til Une Cecilie til \u00e5 feire gleden ved \u00e5 lage noe med egne hender, skj\u00f8nnheten med kreativitet i hverdagen. I ekte norsk \u00e5nd presenterer vi tomatjenta og tomatgutten.<\/p>\n\n\n\n<p><strong>Du kan laste ned m\u00f8nstrene nedenfor<\/strong> og dele dine frembringelser med oss p\u00e5 Instagram ved \u00e5 tagge <strong>@MuttiNordics<\/strong>.<\/p>\n\n\n<\/div><\/div>\n\n\n\n<div class=\"wp-block-media-text alignfull has-media-on-the-right is-stacked-on-mobile\"><div class=\"wp-block-media-text__content\">\n<h2 class=\"wp-block-heading\">Alt som skal bli til noe, krever en god dose t\u00e5lmodighet, omsorg og kj\u00e6rlighet<\/h2>\n\n\n\n<p>Strikking og Muttis tomatdyrking har t\u00e5lmodighet, omsorg og kj\u00e6rlighet til felles. Det kommer til uttrykk gjennom eksempelvis:<\/p>\n\n\n\n<ul class=\"wp-block-list\">\n<li><strong>Kj\u00e6rlighet til h\u00e5ndverket:<\/strong> Vi har dyrket tomater i over 120 \u00e5r. Det er lenge \u00e5 gj\u00f8re bare \u00e9n ting. Men jo lenger du l\u00e6rer, jo bedre blir du. P\u00e5 120 \u00e5r har vi l\u00e6rt om tomater og perfeksjonert h\u00e5ndverket v\u00e5rt, med m\u00e5l om \u00e5 ta tomater til sitt aller ypperste. I dag er vi stolte over \u00e5 kalle oss en ekte tomatekspert.<\/li>\n\n\n\n<li><strong>Dyrking med t\u00e5lmodighet:<\/strong> Alle tomater dyrkes p\u00e5 \u00e5pne \u00e5kre hvor naturens syklus respekteres. Vi stresser ikke med ting som skal ta tid.<\/li>\n<\/ul>\n\n\n\n<ul class=\"wp-block-list\">\n<li><strong>Omsorg<\/strong>: Tomatdyrking for oss starter alltid med omsorg for jorden som brukes. Vi respekterer prinsipper som vekselbruk, hvor tomater bare dyrkes p\u00e5 den samme jorden hvert fjerde \u00e5r slik at jorden kan hvile i mellomtiden. Vi bruker integrert plante-\/vekststyring og smart jordbruk med optimalisert vannbruk ved hjelp av dryppvanningssystem og m\u00e5lere for jordfuktighet.<\/li>\n<\/ul>\n<\/div><figure class=\"wp-block-media-text__media\"><img loading=\"lazy\" decoding=\"async\" width=\"1024\" height=\"1024\" src=\"https:\/\/mutti-parma.com\/app\/uploads\/sites\/12\/2026\/02\/wordpress-1024x1024.png\" alt=\"\" class=\"wp-image-11737 size-full\" sizes=\"(max-width: 600px) 100vw, (min-width: 1440px) 792px,55vw\" data-spai-crop=\"false\" srcset=\"https:\/\/mutti-parma.com\/app\/uploads\/sites\/12\/2026\/02\/wordpress-1024x1024.png 1024w, https:\/\/mutti-parma.com\/app\/uploads\/sites\/12\/2026\/02\/wordpress-500x500.png 500w, https:\/\/mutti-parma.com\/app\/uploads\/sites\/12\/2026\/02\/wordpress-200x200.png 200w, https:\/\/mutti-parma.com\/app\/uploads\/sites\/12\/2026\/02\/wordpress-768x768.png 768w, https:\/\/mutti-parma.com\/app\/uploads\/sites\/12\/2026\/02\/wordpress-150x150.png 150w, https:\/\/mutti-parma.com\/app\/uploads\/sites\/12\/2026\/02\/wordpress-600x600.png 600w, https:\/\/mutti-parma.com\/app\/uploads\/sites\/12\/2026\/02\/wordpress-50x50.png 50w, https:\/\/mutti-parma.com\/app\/uploads\/sites\/12\/2026\/02\/wordpress.png 1080w\" \/><\/figure><\/div>\n\n\n\n<h2 class=\"wp-block-heading has-text-align-center\"><strong><font dir=\"auto\" style=\"vertical-align: inherit;\"><font dir=\"auto\" style=\"vertical-align: inherit;\">last ned m\u00f8nstrene nedenfor<\/font><\/font><\/strong><\/h2>\n\n\n\n<div class=\"wp-block-cover alignwide\"><span aria-hidden=\"true\" class=\"wp-block-cover__background has-darkred-background-color has-background-dim-100 has-background-dim\"><\/span><div class=\"wp-block-cover__inner-container is-layout-flow wp-block-cover-is-layout-flow\"><div\n  class=\"\n    mutti-slideshow\n    \n    alignwide\n    \n  \"\n    data-vue-wrapper>\n  <slideshow\n    :pagination=\"false\"\n    :navigation=\"true\"\n    class=\"lg:-mx-8\"\n\n          :slides-per-view=\"1\"\n      :slides-per-view-md=\"1\"\n      :slides-per-view-sm=\"1\"\n                :options='{&quot;autoplay&quot;:false,&quot;loop&quot;:false,&quot;autoHeight&quot;:true,&quot;spaceBetween&quot;:60}'\n    :template-classes='{\"navigationGutter\":\"mx-8\",\"navigationPrevButton\":\"fa-solid fa-chevron-left text-2xl md:text-3xl text-primary\",\"navigationNextButton\":\"fa-solid fa-chevron-right text-2xl md:text-3xl text-primary\"}'\n  >\n    \n<div class=\"swiper-slide wp-block-mutti-slide\">\n    \n\n<div class=\"wp-block-media-text alignwide is-stacked-on-mobile\"><figure class=\"wp-block-media-text__media\"><a href=\"https:\/\/mutti-parma.com\/se\/tomatrecept\/tomatpasta-med-tre-ingredienser\/\"><img loading=\"lazy\" decoding=\"async\" width=\"683\" height=\"1024\" src=\"https:\/\/mutti-parma.com\/app\/uploads\/sites\/12\/2026\/01\/une09684-683x1024.jpg\" alt=\"\" class=\"wp-image-11710 size-full\" srcset=\"https:\/\/mutti-parma.com\/app\/uploads\/sites\/12\/2026\/01\/une09684-683x1024.jpg 683w, https:\/\/mutti-parma.com\/app\/uploads\/sites\/12\/2026\/01\/une09684-333x500.jpg 333w, https:\/\/mutti-parma.com\/app\/uploads\/sites\/12\/2026\/01\/une09684-133x200.jpg 133w, https:\/\/mutti-parma.com\/app\/uploads\/sites\/12\/2026\/01\/une09684-768x1152.jpg 768w, https:\/\/mutti-parma.com\/app\/uploads\/sites\/12\/2026\/01\/une09684-150x225.jpg 150w, https:\/\/mutti-parma.com\/app\/uploads\/sites\/12\/2026\/01\/une09684-600x900.jpg 600w, https:\/\/mutti-parma.com\/app\/uploads\/sites\/12\/2026\/01\/une09684-1024x1536.jpg 1024w, https:\/\/mutti-parma.com\/app\/uploads\/sites\/12\/2026\/01\/une09684-1365x2048.jpg 1365w, https:\/\/mutti-parma.com\/app\/uploads\/sites\/12\/2026\/01\/une09684-scaled.jpg 1707w\" sizes=\"(max-width: 683px) 100vw, 683px\" \/><\/a><\/figure><div class=\"wp-block-media-text__content\">\n<h1 class=\"wp-block-heading\"><strong>Tomatlue<\/strong><a href=\"mailto:?subject=TOMAATTI-%20JA%20BURRATA%20LINGUINE%20-%20Mutti&amp;body=https%3A%2F%2Fmutti-parma.com%2Ffi%2Ftomaattireseptit%2Ftomaatti-ja-burrata-linguine%2F\"><\/a><\/h1>\n\n\n\n<p>Tomatlua er inspirert av to enkle gleder: det koselige ved noe som er h\u00e5ndlaget, og varmen ved en perfekt moden tomat.<\/p>\n\n\n\n<p>Denne lua er ment for \u00e5 strikkes langsomt og brukes ofte. Den er en feiring av h\u00e5ndverk i hverdagen. B\u00e5de formen og fargene er basert p\u00e5 Muttis ikoniske tomater \u2013 runde, rause og fulle av personlighet \u2013 samtidig som de er tidl\u00f8se og kan brukes til mye.<\/p>\n\n\n\n<p><strong><a href=\"https:\/\/mutti-parma.com\/app\/uploads\/sites\/12\/2026\/01\/mutti-beanie-3.pdf\">Last ned instruksjonene her!<\/a><\/strong><\/p>\n<\/div><\/div>\n\n\n  <\/div>\n\n\n<div class=\"swiper-slide wp-block-mutti-slide\">\n    \n\n<div class=\"wp-block-media-text alignwide is-stacked-on-mobile\"><figure class=\"wp-block-media-text__media\"><a href=\"https:\/\/mutti-parma.com\/se\/tomatrecept\/tortellini-med-tomatsas\/\"><img loading=\"lazy\" decoding=\"async\" width=\"683\" height=\"1024\" src=\"https:\/\/mutti-parma.com\/app\/uploads\/sites\/12\/2026\/01\/une09802-683x1024.jpg\" alt=\"\" class=\"wp-image-11711 size-full\" srcset=\"https:\/\/mutti-parma.com\/app\/uploads\/sites\/12\/2026\/01\/une09802-683x1024.jpg 683w, https:\/\/mutti-parma.com\/app\/uploads\/sites\/12\/2026\/01\/une09802-333x500.jpg 333w, https:\/\/mutti-parma.com\/app\/uploads\/sites\/12\/2026\/01\/une09802-133x200.jpg 133w, https:\/\/mutti-parma.com\/app\/uploads\/sites\/12\/2026\/01\/une09802-768x1152.jpg 768w, https:\/\/mutti-parma.com\/app\/uploads\/sites\/12\/2026\/01\/une09802-150x225.jpg 150w, https:\/\/mutti-parma.com\/app\/uploads\/sites\/12\/2026\/01\/une09802-600x900.jpg 600w, https:\/\/mutti-parma.com\/app\/uploads\/sites\/12\/2026\/01\/une09802-1024x1536.jpg 1024w, https:\/\/mutti-parma.com\/app\/uploads\/sites\/12\/2026\/01\/une09802-1365x2048.jpg 1365w, https:\/\/mutti-parma.com\/app\/uploads\/sites\/12\/2026\/01\/une09802-scaled.jpg 1707w\" sizes=\"(max-width: 683px) 100vw, 683px\" \/><\/a><\/figure><div class=\"wp-block-media-text__content\">\n<h1 class=\"wp-block-heading\"><strong>Tomat-veskering<\/strong><\/h1>\n\n\n\n<p>En liten feiring av tomaten i alle dens former.<\/p>\n\n\n\n<p>Tomat-veskeringen er inspirert av livet til selve tomatplanten \u2013 fra tomatklasene til de vakre blomstene. Denne veskeringen er laget av mange strikkedeler, bl.a. tomater og tomatblomster. Her forenes farge, tekstur og fantasifulle detaljer i \u00e9n h\u00e5ndlaget del.<\/p>\n\n\n\n<p>Den er morsom \u00e5 strikke, og den gir ekstra sjarm og personlighet til enhver veske, n\u00f8kkel eller annet. En p\u00e5minnelse om at skj\u00f8nnhet ofte befinner seg i detaljene, og at selv det minste prosjektet kan fortelle en historie.<\/p>\n\n\n\n<p>Anhenget best\u00e5r av fire tomater, to blomster, et blad og en stilk som binder det hele sammen. Alle delene strikkes separat og sys sammen til slutt. Du kan lage anhenget akkurat som du vil, med f\u00e6rre\/flere tomater, blomster og blader.<\/p>\n\n\n\n<p><strong><a href=\"https:\/\/mutti-parma.com\/app\/uploads\/sites\/12\/2026\/01\/mutti-keychain-1.pdf\">Last ned instruksjonene her!<\/a><\/strong><\/p>\n<\/div><\/div>\n\n\n  <\/div>\n\n\n  <\/slideshow>\n<\/div>\n\n\n<\/div><\/div>\n\n\n\n<h2 class=\"wp-block-heading has-text-align-center\"><strong><strong>Vinn en tomatlue og en veskering fra Mutti<\/strong><\/strong><\/h2>\n\n\n\n<p class=\"has-text-align-center\">\u00c5 strikke f\u00f8les enda bedre n\u00e5r du allerede har alt du trenger for h\u00e5nden.<\/p>\n\n\n\n<p class=\"has-text-align-center\">For \u00e5 feire v\u00e5re tomatinspirerte design gir vi bort v\u00e5re <strong>unike strikkesett<\/strong> med alle materialene du trenger for \u00e5 lage <strong>Tomatlua<\/strong> og <strong>Tomat-veskeringen <\/strong>\u2013 inkludert garn med farger inspirert av Mutti.<\/p>\n\n\n\n<div class=\"wp-block-group alignfull is-style-ribbon-top mb-0 has-primary-background-color has-background is-layout-constrained wp-container-core-group-is-layout-8c795586 wp-block-group-is-layout-constrained\" style=\"padding-top:120px\">\n<h3 class=\"wp-block-heading has-text-align-center\">Slik deltar du<\/h3>\n\n\n\n<div class=\"wp-block-columns is-layout-flex wp-container-core-columns-is-layout-9d6595d7 wp-block-columns-is-layout-flex\">\n<div class=\"wp-block-column is-layout-flow wp-block-column-is-layout-flow\">\n<figure class=\"wp-block-image aligncenter size-large is-resized\"><img loading=\"lazy\" decoding=\"async\" src=\"https:\/\/mutti-parma.com\/app\/uploads\/sites\/23\/2021\/10\/layer-1.png\" alt=\"\" class=\"wp-image-14728\" \/><\/figure>\n\n\n\n<p class=\"has-text-align-center\"><br><font _mstmutation=\"1\" _msttexthash=\"37964732\" _msthash=\"1105\">F\u00f8lg <strong>@muttinordics<\/strong> og <strong>@unececilie<\/strong> p\u00e5 Instagram<\/font>.<\/p>\n<\/div>\n\n\n\n<div class=\"wp-block-column is-layout-flow wp-block-column-is-layout-flow\">\n<figure class=\"wp-block-image aligncenter size-large is-resized\"><img loading=\"lazy\" decoding=\"async\" src=\"https:\/\/mutti-parma.com\/app\/uploads\/sites\/23\/2021\/10\/layer-2.png\" alt=\"\" class=\"wp-image-14731\" \/><\/figure>\n\n\n\n<p class=\"has-text-align-center\"><br>Finn innlegget om konkurransen p\u00e5 <strong>@unececilie <\/strong>sin profil den 22. mars. Svar p\u00e5 innlegget og kommenter hvilken emoji du synes symboliserer Mutti best.<\/p>\n<\/div>\n\n\n\n<div class=\"wp-block-column is-layout-flow wp-block-column-is-layout-flow\">\n<figure class=\"wp-block-image aligncenter size-large is-resized\"><img loading=\"lazy\" decoding=\"async\" src=\"https:\/\/mutti-parma.com\/app\/uploads\/sites\/23\/2021\/10\/layer-3.png\" alt=\"\" class=\"wp-image-14733\" \/><\/figure>\n\n\n\n<p class=\"has-text-align-center\"><br>Konkurransen er \u00e5pen fra 22.3. til 5.4. Une tar kontakt med vinnerne direkte. Mutti vil lage 3 strikkesett.<\/p>\n<\/div>\n<\/div>\n<\/div>\n\n\n","protected":false},"excerpt":{"rendered":"<p>Gi t\u00e5lmodighet, omsorg, kj\u00e6rlighet: Strikkeoppskriftene du m\u00e5 teste i v\u00e5r I Norge er strikking mer enn bare en hobby.Det er godt anvendt tid. En rytme. En m\u00e5te \u00e5 bry oss om noen vi er glad i. Hos Mutti mener vi at det samme gjelder matlaging.I over 120 \u00e5r har vi behandlet tomater med t\u00e5lmodighet, flid<\/p>\n","protected":false},"author":28,"featured_media":0,"parent":0,"menu_order":2,"comment_status":"closed","ping_status":"closed","template":"","meta":{"_acf_changed":false,"_relevanssi_hide_post":"","_relevanssi_hide_content":"","_relevanssi_pin_for_all":"","_relevanssi_pin_keywords":"","_relevanssi_unpin_keywords":"","_relevanssi_related_keywords":"","_relevanssi_related_include_ids":"","_relevanssi_related_exclude_ids":"","_relevanssi_related_no_append":"","_relevanssi_related_not_related":"","_relevanssi_related_posts":"","_relevanssi_noindex_reason":"","footnotes":""},"class_list":["post-11706","page","type-page","status-publish","hentry"],"acf":[],"_links":{"self":[{"href":"https:\/\/mutti-parma.com\/no\/wp-json\/wp\/v2\/pages\/11706","targetHints":{"allow":["GET"]}}],"collection":[{"href":"https:\/\/mutti-parma.com\/no\/wp-json\/wp\/v2\/pages"}],"about":[{"href":"https:\/\/mutti-parma.com\/no\/wp-json\/wp\/v2\/types\/page"}],"author":[{"embeddable":true,"href":"https:\/\/mutti-parma.com\/no\/wp-json\/wp\/v2\/users\/28"}],"replies":[{"embeddable":true,"href":"https:\/\/mutti-parma.com\/no\/wp-json\/wp\/v2\/comments?post=11706"}],"version-history":[{"count":30,"href":"https:\/\/mutti-parma.com\/no\/wp-json\/wp\/v2\/pages\/11706\/revisions"}],"predecessor-version":[{"id":11779,"href":"https:\/\/mutti-parma.com\/no\/wp-json\/wp\/v2\/pages\/11706\/revisions\/11779"}],"wp:attachment":[{"href":"https:\/\/mutti-parma.com\/no\/wp-json\/wp\/v2\/media?parent=11706"}],"curies":[{"name":"wp","href":"https:\/\/api.w.org\/{rel}","templated":true}]}}