{"id":3,"date":"2019-06-24T16:25:11","date_gmt":"2019-06-24T16:25:11","guid":{"rendered":"http:\/\/mutti.test\/?page_id=3"},"modified":"2024-02-26T09:13:27","modified_gmt":"2024-02-26T09:13:27","slug":"personvernpolicy","status":"publish","type":"page","link":"https:\/\/mutti-parma.com\/no\/personvernpolicy\/","title":{"rendered":"Personvern: generell databeskyttelse (GDPR)"},"content":{"rendered":"\n<h1 class=\"wp-block-heading\"><strong>PERSONVERNERKL\u00c6RING I HENHOLD TIL DEN GENERELLE PERSONVERNFORORDNINGEN (GDPR) (EU) 2016\/679<\/strong><\/h1>\n\n\n\n<p>I samsvar med EU-forordning 679\/2016 (heretter kalt<strong>&laquo;GDPR<\/strong>&laquo;) og gjeldende lovgivning, inkludert nasjonal lovgivning, om beskyttelse av personopplysninger (heretter kalt &laquo;<strong>Personvernlovgivning<\/strong>&laquo;), informerer vi deg herved om at personopplysningene (heretter kalt &laquo;<strong>Data<\/strong>&laquo;) om brukerne av dette nettstedet (heretter kalt &laquo;<strong>Registrerte<\/strong>&laquo;) vil bli behandlet p\u00e5 f\u00f8lgende m\u00e5ter og for f\u00f8lgende form\u00e5l.<\/p>\n\n\n\n<p>Med behandling av personopplysninger menes enhver operasjon eller rekke av operasjoner som utf\u00f8res p\u00e5 personopplysninger eller grupper av personopplysninger, enten de er lagret i en database eller ikke, enten det skjer automatisk eller ikke, som f.eks. innsamling, registrering, organisering, strukturering, lagring, tilpasning eller endring, gjenfinning, konsultasjon, bruk, utlevering ved overf\u00f8ring, spredning eller annen tilgjengeliggj\u00f8ring, sammenstilling eller samkj\u00f8ring, begrensning, sletting eller tilintetgj\u00f8ring.<\/p>\n\n\n\n<p>I samsvar med reglene i GDPR skal behandlingene utf\u00f8rt av de Behandlingsansvarlige v\u00e6re basert p\u00e5 prinsippene om lovlighet, korrekthet, \u00e5penhet og konfidensialitet.<\/p>\n\n\n\n<h4 class=\"wp-block-heading\"><strong>1. BEHANDLINGSANSVARLIGE<\/strong><\/h4>\n\n\n\n<ul class=\"wp-block-list\">\n<li>Mutti S.p.A.\u00a0 (med hovedkontor i Montechiarugolo, Via Traversetolo n. 28 (PR &#8211; 43022), MVA-nummer 02758310342, telefon +39 (0521) 652511, faks +39 (0521) 652596, e-post\u00a0<a href=\"mailto:muttispa@muttispa.it\">muttispa@muttispa.it<\/a> og &laquo;Mutti Nordics&raquo;, med hovedkontor i STOCKHOLM, at CONVENDUM VASAGATAN 16 (111 20 ), MVA-nummer SE559188233601, telephone +46730789969, er selvstendige behandlingsansvarlige for opplysningene som samles inn via dette nettstedet;<\/li>\n\n\n\n<li>Utelukkende i forbindelse med Facebook Business Tools (f.eks. &laquo;Del&raquo;-knappen eller Facebook Insight for omdirigering til Facebook-siden fra Muttis nettsted) og Facebook Pixels, opptrer Mutti S.p.a., Mutti Nordics og Meta Platforms Ireland Ltd., med hovedkontor p\u00e5 4 Grand Canal Square, Grand Canal Harbour, Dublin 2, Irland, som selvstendige behandlingsansvarlige for \u00e5 m\u00e5le interaksjonsniv\u00e5et mellom de bes\u00f8kte nettstedene i henhold til de Registrertes preferanser, og tilby m\u00e5lrettet annonsering p\u00e5 det sosiale nettverket. P\u00e5 lenkene nedenfor finner du mer informasjon om hvordan data behandles av Facebook, Instagram, Messenger og andre produkter og funksjoner som tilbys av Meta Platforms Ireland Limited (<a href=\"https:\/\/www.facebook.com\/help\/1561485474074139?ref=dp\">Meta-produkter<\/a>\u00a0eller produkter). Brukeren kan finne flere verkt\u00f8y og mer informasjon under\u00a0<a href=\"https:\/\/www.facebook.com\/settings\">Facebook-innstillingene<\/a>\u00a0og i\u00a0<a href=\"https:\/\/www.instagram.com\/accounts\/privacy_and_security\/\">Instagram-innstillingene<\/a>inkludertdet \u00a0juridiske grunnlaget som Meta Platforms Ireland Ltd. med hovedkontor p\u00e5 4 Grand Canal Square Grand Canal Harbour Dublin 2 Ireland henviser til, og hvordan du kan ut\u00f8ve dine rettigheter.<\/li>\n<\/ul>\n\n\n\n<h4 class=\"wp-block-heading\"><strong>2. TYPER DATA SOM BEHANDLES<\/strong><\/h4>\n\n\n\n<p>F\u00f8lgende data behandles:<\/p>\n\n\n\n<ul class=\"wp-block-list\">\n<li><strong>Nettleserdata<\/strong>: for eksempel IP-adresser eller domenenavn p\u00e5 datamaskiner som brukes av brukere som kobler seg til nettstedet, URI-adresser (Uniform Resource Identifier) for forespurte ressurser, som overf\u00f8res implisitt ved bruk av Internett-kommunikasjonsprotokoller. Denne informasjonen samles ikke inn for \u00e5 kunne knyttes til identifiserte registrerte, men kan i kraft av sin natur, gjennom behandling og sammenstilling med opplysninger fra tredjeparter, gj\u00f8re det mulig \u00e5 identifisere brukere. Disse opplysningene brukes kun for \u00e5 innhente anonyme statistiske opplysninger om bruken av nettstedet, og for \u00e5 kontrollere at det fungerer som det skal, og slettes umiddelbart etter behandlingen. Opplysningene kan brukes til \u00e5 fastsl\u00e5 erstatningsansvar i tilfelle av eventuell datakriminalitet mot nettstedet: I den forbindelse kan opplysninger om nettkontakter oppbevares i samsvar med og begrenset til dette form\u00e5let. Fra IP-adressen og domenenavnet til datamaskinene som brukes, vil det v\u00e6re mulig \u00e5 spore ytterligere identifikasjonsdata om brukeren (spesielt navn, etternavn, e-postadresse &#8230;), begrenset til form\u00e5let med \u00e5 fastsl\u00e5 ansvar;<\/li>\n\n\n\n<li><strong>Opplysninger som brukeren oppgir frivillig<\/strong>: identifikasjonsopplysninger, som fornavn, etternavn, e-post, telefonnummer, bostedsadresse osv., alle andre opplysninger som oppgis, for eksempel n\u00e5r du registrerer deg p\u00e5 nettstedet i den relevante delen, eller n\u00e5r du fyller ut eventuelle skjemaer for datainnsamling p\u00e5 nettstedet, eller n\u00e5r du kj\u00f8per Mutti-produkter eller abonnerer p\u00e5 spesifikke tjenester, for eksempel nyhetsbrevtjenesten, eller for \u00e5 utstede rabattkuponger p\u00e5 Mutti-produkter, eller for \u00e5 kontakte kundeservice. N\u00e5r det gjelder delen &laquo;Samarbeid med oss&raquo; p\u00e5 nettstedet, inviterer Mutti deg til \u00e5 konsultere den spesifikke informasjonen om behandling av slike opplysninger;<\/li>\n\n\n\n<li><strong>Data som samles inn ved hjelp av informasjonskapsler<\/strong>: for informasjon om informasjonskapsler p\u00e5 Muttis nettsted og andre sporingsverkt\u00f8y, se Cookiepolicyen [lenke til Cookiepolicy]. Interaksjoner med nettsteder som bes\u00f8kes av de Registrerte gjennom bruk av Facebook Business Tools, inneb\u00e6rer at data knyttet til surfing ogs\u00e5 behandles av Facebook, som opptrer som en selvstendig behandler i likhet med Mutti.<\/li>\n<\/ul>\n\n\n\n<h4 class=\"wp-block-heading\"><strong>3. MINDRE\u00c5RIGE<\/strong><\/h4>\n\n\n\n<p>Dette nettstedet og de Behandlingsansvarliges tjenester er ikke beregnet p\u00e5 barn under 16 \u00e5r, og de Behandlingsansvarlige samler ikke bevisst inn personopplysninger om barn. Hvis informasjon om mindre\u00e5rige registreres utilsiktet, vil de behandlingsansvarlige slette den umiddelbart p\u00e5 foresp\u00f8rsel fra brukerne. Beskyttelse av barns sikkerhet og personvern er sv\u00e6rt viktig for oss. Ved \u00e5 registrere seg p\u00e5 nettstedet i den aktuelle delen, samt ved utfylling av eventuelle skjemaer for datainnsamling p\u00e5 nettstedet eller ved foresp\u00f8rsel om levering\/registrering for nyhetsbrevtjenesten, bekrefter og erkl\u00e6rer den ber\u00f8rte personen at han\/hun er minst 16 \u00e5r gammel eller, i alle tilfeller, at han\/hun ikke er yngre enn den alderen som er angitt i lovgivningen i bostedslandet hans\/hennes hjemland som fastsetter andre aldersgrenser.<\/p>\n\n\n\n<h4 class=\"wp-block-heading\"><strong>4. FORM\u00c5L MED BEHANDLINGEN<\/strong><\/h4>\n\n\n\n<p>Personopplysninger som oppgis av de Registrerte via nettstedet, samles inn og behandles av de behandlingsansvarlige for f\u00f8lgende form\u00e5l og rettslige grunnlag:<\/p>\n\n\n\n<p><strong>A. uten forh\u00e5ndssamtykke for tjenesteform\u00e5l, og s\u00e6rlig for:<\/strong><\/p>\n\n\n\n<p>1. oppfyllelse av kontrakten og\/eller forpliktelser f\u00f8r kontraktsinng\u00e5else, spesielt:<\/p>\n\n\n\n<ul class=\"wp-block-list\">\n<li>deltakelse i arrangementer\/konkurranser som er underlagt spesifikke regler eller generelle kontraktsvilk\u00e5r som vil bli forelagt for godkjenning;<\/li>\n\n\n\n<li>eventuell teknisk telefontjeneste som tilbys den ber\u00f8rte personen i forbindelse med kritiske problemer som oppst\u00e5r ved bruk av nettstedet (f.eks. visning av innhold, bruk av nettstedet og noen av dets funksjoner);\u00a0<\/li>\n\n\n\n<li>h\u00e5ndtering av en kontaktforesp\u00f8rsel fra den registrerte;<\/li>\n<\/ul>\n\n\n\n<p>2. Behandlernes oppfyllelse av juridiske forpliktelser, som f.eks:<\/p>\n\n\n\n<ul class=\"wp-block-list\">\n<li>overholdelse av forpliktelser fastsatt av lover, forskrifter eller nasjonal lovgivning og EU-lovgivning eller p\u00e5lagt av kompetente myndigheter;<\/li>\n<\/ul>\n\n\n\n<p>3. forf\u00f8lgelse av behandlernes legitime interesse, for eksempel:<\/p>\n\n\n\n<ul class=\"wp-block-list\">\n<li>drift og vedlikehold av Nettstedet: Behandlernes interesse ligger i selskapets generelle interesse i \u00e5 sikre driften av selskapet, blant annet ved hjelp av driften av Nettstedet og mulig effektivisering av tjenesten som tilbys;<\/li>\n\n\n\n<li>forhindre eller oppdage bedragerske aktiviteter eller misbruk som er til skade for Nettstedet, samt ut\u00f8velse og beskyttelse av rettighetene til Behandlerne i rettssaker og h\u00e5ndtering av rettstvister: Behandlernes interesse er den generelle, reelle, og aktuelle interessen i ikke \u00e5 lide skade som f\u00f8lge av andres ulovlige oppf\u00f8rsel, som s\u00e5dan overordnet med hensyn til interessene til den ber\u00f8rte personen.<\/li>\n<\/ul>\n\n\n\n<p><strong>B. kun med forh\u00e5ndsgodkjenning for:<\/strong><\/p>\n\n\n\n<p>1. Markedsf\u00f8ringsform\u00e5l, spesielt for:<\/p>\n\n\n\n<ul class=\"wp-block-list\">\n<li>\u00e5 sende kommersiell og salgsfremmende kommunikasjon om produkter, tjenester, spesielle tiltak og invitasjoner til arrangementer via nyhetsbrev og\/eller automatiserte verkt\u00f8y (e-post, sosiale medier, chat osv.);<\/li>\n\n\n\n<li>registrering til tjenester og funksjoner som tilbys den enkelte bruker av nettstedet;<\/li>\n<\/ul>\n\n\n\n<p>2. Form\u00e5l knyttet til bruk av Facebook-verkt\u00f8y for \u00e5 m\u00e5le og analysere interaksjoner med nettsider som de Registrerte bes\u00f8ker, og for \u00e5 tilby m\u00e5lrettet annonsering p\u00e5 det sosiale nettverket Facebook, spesielt:<\/p>\n\n\n\n<ul class=\"wp-block-list\">\n<li>de Behandlingsansvarlige og Facebook Ireland Limited vil, som selvstendige behandlingsansvarlige som beskrevet i avsnitt 1), behandle opplysninger knyttet til interaksjonene med nettsteder som de registrerte bes\u00f8ker gjennom bruk av Facebooks forretningsverkt\u00f8y (f.eks. informasjonskapsler, Insight og Facebook Pixel). Mer informasjon om hvordan Meta Platforms Ireland Ltd. behandler opplysningene, inkludert det rettslige grunnlaget som Meta Platforms Ireland Ltd. henviser til, og hvordan du kan ut\u00f8ve dine rettigheter overfor Meta Platforms Ireland Ltd.finner du i Facebook Ireland Datapolicy p\u00e5 https:\/\/www.facebook.com\/privacy\/explanation;<\/li>\n\n\n\n<li>Spesielt bruker de Behandlingsansvarliges nettsted s\u00e5kalte sosiale programtillegg. Sosiale programtillegg er spesialverkt\u00f8y som gj\u00f8r det mulig \u00e5 innlemme funksjoner for sosiale nettverk direkte p\u00e5 nettstedet (f.eks. &laquo;Del&raquo;-knappen eller Facebook-ikonet for omdirigering til Facebook-siden fra Muttis nettsted). Alle sosiale programtillegg p\u00e5 nettstedet er merket med den respektive logoen som eies av den sosiale nettverksplattformen. Innsamling og bruk av informasjon innhentet ved hjelp av programtillegg reguleres av de sosiale nettverkenes respektive personvernerkl\u00e6ringer, som vi henviser til.<\/li>\n<\/ul>\n\n\n\n<p>N\u00e5r du bes\u00f8ker en side p\u00e5 nettstedet v\u00e5rt og samhandler med programtillegget (f.eks. ved \u00e5 klikke p\u00e5 &laquo;Del&raquo;-knappen eller Facebook-ikonet for \u00e5 omdirigering til Facebook-siden fra Muttis nettsted) eller bestemmer deg for \u00e5 legge igjen en kommentar, overf\u00f8res den tilsvarende informasjonen fra nettleseren din direkte til den sosiale nettverksplattformen (i dette tilfellet Facebook) og lagres der. Mer informasjon om hvordan Meta Platforms Ireland Ltd. behandler opplysningene, inkludert det rettslige grunnlaget som Meta Platforms Ireland Ltd. henviser til, og hvordan du kan ut\u00f8ve dine rettigheter overfor Meta Platforms Ireland Ltd.finner du i datapolicyen til Meta Platforms Ireland Ltd. p\u00e5 https:\/\/www.facebook.com\/privacy\/explanation<\/p>\n\n\n\n<h4 class=\"wp-block-heading\"><strong>5. TILDELINGENS ART<\/strong><\/h4>\n\n\n\n<p>Tildeling av opplysninger i forbindelse med form\u00e5lene som er angitt i punkt A) er obligatorisk, og ethvert avslag p\u00e5 \u00e5 oppgi slike opplysninger vil gj\u00f8re det umulig for den Behandlingsansvarlige \u00e5 oppfylle de kontraktsmessige forpliktelsene, eller \u00e5 etterkomme foresp\u00f8rsler fra den Registrerte, eller \u00e5 oppfylle sine juridiske forpliktelser. N\u00e5r det gjelder form\u00e5lene nevnt i B.1), er det valgfritt \u00e5 oppgi personopplysninger, og bruken av dem er betinget av uttrykkelig samtykke fra den Registrerte. Et eventuelt avslag av samtykke har ingen annen virkning enn at vi ikke kan informere de Registrerte om tiltak i selskapet som kan v\u00e6re av interesse for dem. N\u00e5r det derimot gjelder form\u00e5lene som er nevnt i B.2), er det valgfritt \u00e5 oppgi personopplysninger, og bruken av dem er underlagt frivillig interaksjon med det sosiale programtillegget fra den Registrertes side. Manglende samhandling medf\u00f8rer ingen konsekvenser, og den Registrerte kan fortsette \u00e5 surfe p\u00e5 nettstedet uten \u00e5 samhandle direkte med den sosiale nettverksplattformen.<\/p>\n\n\n\n<h4 class=\"wp-block-heading\"><strong>6. BEHANDLINGSMETODER<\/strong><\/h4>\n\n\n\n<p>Behandlingen av de Registrertes opplysninger utf\u00f8res \u2013 elektronisk \u2013 ved hjelp av innsamling, registrering, oppdatering, organisering, lagring, konsultasjon, behandling, utvelgelse, uttrekk, sammenligning, bruk, sammenkobling, blokkering, sletting og destruksjon av opplysninger. Opplysningene skal behandles av Selskapet og dets ansatte ved hjelp av datastyrte (og manuelle) systemer i samsvar med prinsippene om korrekthet, lojalitet og \u00e5penhet som er fastsatt i gjeldende personvernlovgivning, og den Registrertes konfidensialitet og rettigheter skal beskyttes ved hjelp av egnede tekniske og organisatoriske tiltak for \u00e5 sikre et sikkerhetsniv\u00e5 som st\u00e5r i forhold til risikoen. Spesifikke sikkerhetstiltak er iverksatt for \u00e5 forhindre tap av data, ulovlig eller feilaktig bruk, og uautorisert tilgang.&nbsp;<\/p>\n\n\n\n<h4 class=\"wp-block-heading\"><strong>7. LAGRING AV DATA<\/strong><\/h4>\n\n\n\n<p>Med henvisning til de form\u00e5l som er angitt under A) i avs. 4 (Form\u00e5lene med behandlingen), vil opplysningene bli behandlet i hele varigheten av forholdet, for \u00e5 oppn\u00e5 de nevnte form\u00e5lene, og i alle tilfeller ikke lenger enn 10 \u00e5r fra kontraktsinng\u00e5elsen, hvis en kontrakt er inng\u00e5tt. Navigasjonsdata vil bli behandlet og lagret i 7 dager. De personopplysningene som er n\u00f8dvendige for \u00e5 oppfylle eventuelle juridiske forpliktelser, vil ogs\u00e5 bli lagret p\u00e5 et senere tidspunkt, i samsvar med nevnte forpliktelser og i samsvar med lagringsperiodene som er fastsatt i de til enhver tid gjeldende forskriftene.&nbsp;<\/p>\n\n\n\n<p>For Dataene som er tildelt for form\u00e5lene angitt under B, nr. 1. (markedsf\u00f8ring) nevnt i avs. 4 (Form\u00e5l med behandlingen), vil opplysningene bli oppbevart i 24 m\u00e5neder etter innsamling for behandling i markedsf\u00f8rings\u00f8yemed. Etter utl\u00f8pet av denne perioden vil opplysningene bli slettet eller anonymisert, og de Registrerte kan n\u00e5r som helst endre eller tilbakekalle sitt samtykke til den Behandlingsansvarliges behandling av opplysningene for markedsf\u00f8ringsform\u00e5l.&nbsp;<\/p>\n\n\n\n<p>For opplysningene som er gitt for form\u00e5lene angitt i punkt B, nr. 2. (bruk av Facebook Business Tools) i avs. 4 (Form\u00e5l med behandlingen), vil opplysningene bli behandlet som angitt av Meta Platforms Ireland Ltd. &nbsp;i Facebooks datapolicy, som du finner p\u00e5 https:\/\/www.facebook.com\/privacy\/explanation.&nbsp;<\/p>\n\n\n\n<h4 class=\"wp-block-heading\"><strong>8. OMFANG AV BEHANDLINGEN, KOMMUNIKASJON, SPREDNING&nbsp;<\/strong><\/h4>\n\n\n\n<p>Opplysningene om de Registrerte vil bli gjort tilgjengelige og behandlet for de form\u00e5lene som er angitt i punkt 4 i denne kunngj\u00f8ringen:<\/p>\n\n\n\n<ul class=\"wp-block-list\">\n<li>for internt personale og<strong>&nbsp;<\/strong>samarbeidspartnere hos de Behandlingsansvarlige Mutti S.p.a. og Mutti Nordics (i egenskap av ansvarlige og\/eller interne databehandlere og\/eller systemadministratorer);<\/li>\n\n\n\n<li>for selskaper som tilh\u00f8rer Muttis konsern;<\/li>\n\n\n\n<li>til tredjeparter som utf\u00f8rer outsourcing-aktiviteter p\u00e5 vegne av de Behandlingsansvarlige Mutti S.p.a. og Mutti Nordics (som for eksempel leverand\u00f8rer som administrerer og vedlikeholder Nettstedet, leverand\u00f8rer, selskaper som utsteder kampanjekuponger, selskaper som administrerer konkurranser, og kampanjer for de Behandlingsansvarlige, etc.), med forbehold om at de er utnevnt som databehandlere, begrenset til de form\u00e5lene som er angitt i denne informasjonsmeldingen og i samsvar med GDPR-regelverket.<\/li>\n<\/ul>\n\n\n\n<p>De innsamlede opplysningene vil ikke bli spredt eller utlevert uten uttrykkelig samtykke fra den Registrerte.<\/p>\n\n\n\n<p>Tvert imot kan den Behandlingsansvarlige, uten at det er n\u00f8dvendig med uttrykkelig samtykke (i henhold til art. 6 i GDPR), videreformidle opplysningene dine til tilsynsorganer, offentlige organer, kontrollmyndigheter, politimyndigheter og rettsmyndigheter, samt til alle personer som det er lovp\u00e5lagt \u00e5 kommunisere med for \u00e5 oppfylle de nevnte form\u00e5lene. Disse partene vil behandle opplysningene i egenskap av selvstendig behandlingsansvarlige.<\/p>\n\n\n\n<p>Den fullstendige og oppdaterte listen over de som behandler opplysningene i egenskap ansvarlige og selvstendige behandlingsansvarlige er tilgjengelig p\u00e5 foresp\u00f8rsel fra Mutti S.p.A. med hovedkontor i Montechiarugolo, Via Traversetolo n. 28 (PR &#8211; 43022) og fra Mutti Nordics STOCKHOLM, CONVENDUM VASAGATAN 16 (111 20).<\/p>\n\n\n\n<h4 class=\"wp-block-heading\"><strong>9. OVERF\u00d8RING UT AV EU&nbsp;<\/strong><\/h4>\n\n\n\n<p>De Behandlingsansvarlige kan overf\u00f8re opplysninger til land utenfor EU, n\u00e6rmere bestemt til USA, for teknisk h\u00e5ndtering av visse behandlingsoperasjoner (f.eks. administrasjon av adresselister og registrerte kontoer).&nbsp; For \u00e5 oppn\u00e5 dette, vurderer de Behandlingsansvarlige Mutti S.p.a. og Mutti Nordics konsekvensene av dataoverf\u00f8ringene og tar derfor i bruk de mest hensiktsmessige sikkerhetstiltakene (f.eks. bruk av beslutninger om adekvat beskyttelsesniv\u00e5 der det foreligger, eller standard kontraktsklausuler og, i noen begrensede tilfeller, unntak som er tillatt ved lov).&nbsp;<\/p>\n\n\n\n<p>For informasjon om overf\u00f8ring av personopplysninger som er samlet inn ved hjelp av informasjonskapsler, inkludert informasjonskapsler fra tredjeparter, henvises det til Muttis Cookiepolicy og til personv\u00e6rnerkl\u00e6ringene til hver enkel tredjepart, som er tilgjengelige p\u00e5 deres nettsider og kan spores via tabellene som er inkludert i Cookiepolicyen. For disse form\u00e5lene vil de sosiale nettverkene behandle de Registrertes opplysninger som selvstendige behandlingsansvarlige. For mer informasjon om databehandlingen som utf\u00f8res av disse sosiale nettverkene (f.eks. Facebook, Instagram, Twitter og Youtube), inviterer vi deg til \u00e5 lese personvernerkl\u00e6ringene som er vedtatt av de sosiale nettverkene p\u00e5 f\u00f8lgende lenker:<\/p>\n\n\n\n<ul class=\"wp-block-list\">\n<li><a href=\"https:\/\/www.facebook.com\/privacy\/explanation\">https:\/\/www.facebook.com\/privacy\/explanation<\/a>;<\/li>\n\n\n\n<li><a href=\"https:\/\/help.instagram.com\/519522125107875\">https:\/\/help.instagram.com\/519522125107875<\/a>;<\/li>\n\n\n\n<li><a href=\"https:\/\/twitter.com\/en\/privacy\">https:\/\/twitter.com\/en\/privacy<\/a>;<\/li>\n\n\n\n<li><a href=\"https:\/\/policies.google.com\/privacy?hl=ita\">https:\/\/policies.google.com\/privacy?hl=ita<\/a>.&nbsp;<\/li>\n<\/ul>\n\n\n\n<h4 class=\"wp-block-heading\"><strong>10. DEN REGISTRERTES RETTIGHETER<\/strong><\/h4>\n\n\n\n<p>I forbindelse med databehandlingen som er beskrevet her, kan de Registrerte ut\u00f8ve rettighetene som er fastsatt i artikkel 15-22 i personvernforordningen, og mer spesifikt:<\/p>\n\n\n\n<ul class=\"wp-block-list\">\n<li>rett til \u00e5 f\u00e5 bekreftelse p\u00e5 at det finnes personopplysninger om deg, selv om de enn\u00e5 ikke er registrert, og tilgang til innholdet i disse (innsynsrett);<\/li>\n\n\n\n<li>rett til \u00e5 f\u00e5 personopplysninger oppdatert, endret og\/eller korrigert (rett til retting);<\/li>\n\n\n\n<li>rett til \u00e5 be om sletting av personopplysninger eller begrensning av behandlingen av opplysninger som er behandlet ulovlig, herunder opplysninger som det ikke er n\u00f8dvendig \u00e5 oppbevare for de form\u00e5lene opplysningene ble samlet inn for eller p\u00e5 annen m\u00e5te behandlet for (rett til \u00e5 bli glemt og rett til begrensning);<\/li>\n\n\n\n<li>retten til \u00e5 klage til den kompetente tilsynsmyndigheten i tilfelle brudd p\u00e5 personvernreglene;<\/li>\n\n\n\n<li>rett til \u00e5 motsette seg behandling (innsigelsesrett);<\/li>\n\n\n\n<li>rett til \u00e5 tilbakekalle samtykket, dersom det er gitt, uten at det ber\u00f8rer lovligheten av behandlingen basert p\u00e5 samtykket som ble gitt f\u00f8r tilbakekallingen;<\/li>\n\n\n\n<li>rett til \u00e5 motsette seg hele eller deler av en automatisert innsamlingsprosess, inkludert profilering;<\/li>\n\n\n\n<li>rett til \u00e5 motta en kopi av personopplysningene som er gitt til den behandlingsansvarlige i et strukturert, alminnelig anvendt og maskinlesbart format, og til \u00e5 be om at slike opplysninger overf\u00f8res til en annen behandlingsansvarlig, der det er teknisk mulig (rett til dataportabilitet).<\/li>\n<\/ul>\n\n\n\n<h4 class=\"wp-block-heading\"><strong>11. M\u00c5TER \u00c5 UT\u00d8VE RETTIGHETER P\u00c5<\/strong><\/h4>\n\n\n\n<p>Du kan n\u00e5r som helst ut\u00f8ve rettighetene dine ved \u00e5 sende en melding i rekommandert brev til de selvstendige Behandlingsansvarlige til f\u00f8lgende adresse: Mutti S.p.A., Via Traversetolo n. 28, Montechiarugolo (PR &#8211; 43022), eller p\u00e5 e-post til adressen <a href=\"mailto:muttispa@muttispa.it\">muttispa@muttispa.it<\/a>. eller til Mutti Nordics (via STOCKHOLM, CONVENDUM VASAGATAN 16 (111 20 )).<\/p>\n\n\n\n<h4 class=\"wp-block-heading\"><strong>12. ENDRINGER I DENNE PERSONVERNERKL\u00c6RINGEN<\/strong><\/h4>\n\n\n\n<p>Denne informasjonsmeldingen kan bli endret over tid som f\u00f8lge av implementering av lovbestemmelser p\u00e5 personvernomr\u00e5det. Vi oppfordrer deg derfor til \u00e5 sjekke denne siden jevnlig. For dette form\u00e5let fremheves datoen for oppdateringen.<\/p>\n\n\n\n<p><em>Siste revisjon oktober 2023<\/em><\/p>\n","protected":false},"excerpt":{"rendered":"<p>PERSONVERNERKL\u00c6RING I HENHOLD TIL DEN GENERELLE PERSONVERNFORORDNINGEN (GDPR) (EU) 2016\/679 I samsvar med EU-forordning 679\/2016 (heretter kalt&laquo;GDPR&laquo;) og gjeldende lovgivning, inkludert nasjonal lovgivning, om beskyttelse av personopplysninger (heretter kalt &laquo;Personvernlovgivning&laquo;), informerer vi deg herved om at personopplysningene (heretter kalt &laquo;Data&laquo;) om brukerne av dette nettstedet (heretter kalt &laquo;Registrerte&laquo;) vil bli behandlet p\u00e5 f\u00f8lgende m\u00e5ter og<\/p>\n","protected":false},"author":1,"featured_media":30000049,"parent":0,"menu_order":34,"comment_status":"closed","ping_status":"open","template":"template-privacy-policy.php","meta":{"_acf_changed":false,"_relevanssi_hide_post":"","_relevanssi_hide_content":"","_relevanssi_pin_for_all":"","_relevanssi_pin_keywords":"","_relevanssi_unpin_keywords":"","_relevanssi_related_keywords":"","_relevanssi_related_include_ids":"","_relevanssi_related_exclude_ids":"","_relevanssi_related_no_append":"","_relevanssi_related_not_related":"","_relevanssi_related_posts":"","_relevanssi_noindex_reason":"","footnotes":""},"class_list":["post-3","page","type-page","status-publish","has-post-thumbnail","hentry"],"acf":[],"_links":{"self":[{"href":"https:\/\/mutti-parma.com\/no\/wp-json\/wp\/v2\/pages\/3","targetHints":{"allow":["GET"]}}],"collection":[{"href":"https:\/\/mutti-parma.com\/no\/wp-json\/wp\/v2\/pages"}],"about":[{"href":"https:\/\/mutti-parma.com\/no\/wp-json\/wp\/v2\/types\/page"}],"author":[{"embeddable":true,"href":"https:\/\/mutti-parma.com\/no\/wp-json\/wp\/v2\/users\/1"}],"replies":[{"embeddable":true,"href":"https:\/\/mutti-parma.com\/no\/wp-json\/wp\/v2\/comments?post=3"}],"version-history":[{"count":18,"href":"https:\/\/mutti-parma.com\/no\/wp-json\/wp\/v2\/pages\/3\/revisions"}],"predecessor-version":[{"id":11396,"href":"https:\/\/mutti-parma.com\/no\/wp-json\/wp\/v2\/pages\/3\/revisions\/11396"}],"wp:featuredmedia":[{"embeddable":true,"href":"https:\/\/mutti-parma.com\/no\/wp-json\/wp\/v2\/media\/49"}],"wp:attachment":[{"href":"https:\/\/mutti-parma.com\/no\/wp-json\/wp\/v2\/media?parent=3"}],"curies":[{"name":"wp","href":"https:\/\/api.w.org\/{rel}","templated":true}]}}