{"id":8617,"date":"2022-10-26T08:04:36","date_gmt":"2022-10-26T08:04:36","guid":{"rendered":"https:\/\/mutti-parma.com\/no\/?page_id=8617"},"modified":"2025-10-20T11:43:27","modified_gmt":"2025-10-20T11:43:27","slug":"vare-verdier","status":"publish","type":"page","link":"https:\/\/mutti-parma.com\/no\/vare-verdier\/","title":{"rendered":"V\u00e5re verdier"},"content":{"rendered":"\n<div class=\"wp-block-cover alignfull is-light is-style-full-height\" style=\"min-height:950px;aspect-ratio:unset;\"><img loading=\"lazy\" decoding=\"async\" class=\"wp-block-cover__image-background wp-image-8305\" alt=\"\" src=\"https:\/\/mutti-parma.com\/app\/uploads\/sites\/8\/2022\/05\/1st-slide.jpg\" data-object-fit=\"cover\" \/><span aria-hidden=\"true\" class=\"wp-block-cover__background has-background-dim-0 has-background-dim\"><\/span><div class=\"wp-block-cover__inner-container is-layout-flow wp-block-cover-is-layout-flow\">\n<h1 class=\"wp-block-heading has-text-align-center\">V\u00e5re verdier<\/h1>\n\n\n\n<p class=\"is-style-cursive has-xxl-font-size\">Disse prinsippene er selve grunnlaget v\u00e5rt<\/p>\n\n\n\n<p class=\"has-text-align-center has-base-font-size\">V\u00e5re verdier utgj\u00f8r sjelen til selskapet og gjenspeiler seg i alt vi gj\u00f8r. Selv om verden rundt oss endrer seg over tid, g\u00e5r vi ikke p\u00e5 kompromiss med verdiene v\u00e5re.<\/p>\n\n\n\n<div class=\"wp-block-columns alignwide is-layout-flex wp-container-core-columns-is-layout-9d6595d7 wp-block-columns-is-layout-flex\">\n<div class=\"wp-block-column is-layout-flow wp-block-column-is-layout-flow\">\n<div class=\"wp-block-group is-layout-flow wp-block-group-is-layout-flow\">\n<figure class=\"wp-block-image aligncenter size-large is-resized my-0\"><img loading=\"lazy\" decoding=\"async\" src=\"https:\/\/mutti-parma.com\/app\/uploads\/sites\/3\/2019\/09\/icon-high-quality.svg\" alt=\"\" class=\"wp-image-300000100\" style=\"width:77px;height:103px\" \/><\/figure>\n\n\n\n<h3 class=\"wp-block-heading has-text-align-center\"><a href=\"#kvalitet\">KVALITET<\/a><\/h3>\n\n\n\n<p class=\"has-text-align-center\">Takket v\u00e6re at vi utelukkende lager tomatprodukter, har vi kunnet fokusere p\u00e5 \u00e9n enkelt frukt og skaffe oss 120 \u00e5rs erfaring med \u00e5 velge de beste tomatene og bevare deres smak og ferskhet p\u00e5 beste m\u00e5te. P\u00e5 den m\u00e5ten sikrer vi topp kvalitet i hele leveransekjeden.<\/p>\n<\/div>\n<\/div>\n\n\n\n<div class=\"wp-block-column is-layout-flow wp-block-column-is-layout-flow\">\n<div class=\"wp-block-group is-layout-flow wp-block-group-is-layout-flow\">\n<figure class=\"wp-block-image aligncenter size-large is-resized\"><img loading=\"lazy\" decoding=\"async\" src=\"https:\/\/mutti-parma.com\/app\/uploads\/sites\/3\/2019\/09\/icon-sustainability.svg\" alt=\"\" class=\"wp-image-30000087\" style=\"width:134px;height:99px\" \/><\/figure>\n\n\n\n<h3 class=\"wp-block-heading has-text-align-center\"><a href=\"#b\u00e6rekraft\">B\u00c6REKRAFT<\/a><\/h3>\n\n\n\n<p class=\"has-text-align-center\">Opprinnelig var vi et familieeid g\u00e5rdsbruk, og fremtiden v\u00e5r ligger ogs\u00e5 i marken rundt oss. V\u00e5re verdier og v\u00e5r identitet er direkte knyttet til naturen. \u00c5 ta vare p\u00e5 mangfoldet og livskraften i naturen er h\u00f8yt prioritert hos oss<\/p>\n<\/div>\n<\/div>\n\n\n\n<div class=\"wp-block-column is-layout-flow wp-block-column-is-layout-flow\">\n<div class=\"wp-block-group is-layout-flow wp-block-group-is-layout-flow\">\n<figure class=\"wp-block-image aligncenter size-large is-resized\"><img loading=\"lazy\" decoding=\"async\" src=\"https:\/\/mutti-parma.com\/app\/uploads\/sites\/3\/2019\/09\/icon-respecting-and-developing-our-staff.svg\" alt=\"\" class=\"wp-image-30000092\" style=\"width:125px;height:101px\" \/><\/figure>\n\n\n\n<h3 class=\"wp-block-heading has-text-align-center\"><a href=\"#respekt\">RESPEKT<\/a><\/h3>\n\n\n\n<p class=\"has-text-align-center\">Forholdet til v\u00e5re medarbeidere er basert p\u00e5 lojalitet og \u00e5pne kontraktsforhold som ofte varer i generasjoner, der alle streber etter \u00e5 oppn\u00e5 gjensidige muligheter og nytte for alle.<\/p>\n<\/div>\n<\/div>\n<\/div>\n<\/div><\/div>\n\n\n\n<div class=\"wp-block-media-text alignwide has-media-on-the-right is-stacked-on-mobile\"><div class=\"wp-block-media-text__content\">\n<h2 class=\"wp-block-heading has-text-align-left\"><strong>V\u00c5R M\u00c5TE \u00c5 JOBBE P\u00c5<\/strong><\/h2>\n\n\n\n<h3 class=\"wp-block-heading is-style-cursive\">Mutti har v\u00e6rt en familiebedrift i fire generasjoner<\/h3>\n\n\n\n<p class=\"has-primary-color has-text-color\">Vi bruker f\u00f8rsteklasses r\u00e5varer \u2013 velsmakende og sunne tomater \u2013 til v\u00e5re kvalitetsprodukter. Det inneb\u00e6rer at vi ikke bare stiller kvalitetskrav, vi tar ogs\u00e5 hensyn til milj\u00f8et og hele produksjonskjeden. En respektfull og b\u00e6rekraftig innstilling til natur og mennesker er akkurat like viktig som kvaliteten p\u00e5 r\u00e5varene. Kvalitet, b\u00e6rekraft og respekt er de tre prinsippene som utgj\u00f8r grunnlaget for hele v\u00e5r virksomhet. Verden er i stadig endring, men v\u00e5re verdier vil fortsette \u00e5 veilede oss i alt vi gj\u00f8r, og inspirere oss til stadig h\u00f8yere standarder og til \u00e5 utfordre oss selv<\/p>\n<\/div><figure class=\"wp-block-media-text__media\"><img loading=\"lazy\" decoding=\"async\" width=\"1024\" height=\"1024\" src=\"https:\/\/mutti-parma.com\/app\/uploads\/sites\/12\/2025\/10\/norway-1024x1024.png\" alt=\"\" class=\"wp-image-11621 size-full\" sizes=\"(max-width: 600px) 100vw, (min-width: 1440px) 792px,55vw\" data-spai-crop=\"false\" srcset=\"https:\/\/mutti-parma.com\/app\/uploads\/sites\/12\/2025\/10\/norway-1024x1024.png 1024w, https:\/\/mutti-parma.com\/app\/uploads\/sites\/12\/2025\/10\/norway-500x500.png 500w, https:\/\/mutti-parma.com\/app\/uploads\/sites\/12\/2025\/10\/norway-200x200.png 200w, https:\/\/mutti-parma.com\/app\/uploads\/sites\/12\/2025\/10\/norway-768x768.png 768w, https:\/\/mutti-parma.com\/app\/uploads\/sites\/12\/2025\/10\/norway-150x150.png 150w, https:\/\/mutti-parma.com\/app\/uploads\/sites\/12\/2025\/10\/norway-600x600.png 600w, https:\/\/mutti-parma.com\/app\/uploads\/sites\/12\/2025\/10\/norway-50x50.png 50w, https:\/\/mutti-parma.com\/app\/uploads\/sites\/12\/2025\/10\/norway.png 1080w\" \/><\/figure><\/div>\n\n\n\n<div class=\"wp-block-cover alignfull my-0 is-style-full-height\"><img loading=\"lazy\" decoding=\"async\" class=\"wp-block-cover__image-background wp-image-8302\" alt=\"\" src=\"https:\/\/mutti-parma.com\/app\/uploads\/sites\/8\/2022\/05\/bgimagevalue-01.jpg\" data-object-fit=\"cover\" \/><span aria-hidden=\"true\" class=\"wp-block-cover__background has-background-dim-0 has-background-dim\"><\/span><div class=\"wp-block-cover__inner-container is-layout-flow wp-block-cover-is-layout-flow\">\n<figure class=\"wp-block-image aligncenter size-large is-resized\"><img loading=\"lazy\" decoding=\"async\" src=\"https:\/\/mutti-parma.com\/app\/uploads\/sites\/3\/2019\/09\/icon-high-quality.svg\" alt=\"\" class=\"wp-image-300000100\" style=\"width:82px;height:108px\" \/><\/figure>\n\n\n\n<h2 class=\"wp-block-heading has-xxl-font-size\" id=\"kvalitet\"><strong>KVALITET<\/strong><\/h2>\n\n\n\n<p class=\"is-style-cursive has-xxl-font-size\">Mutti har v\u00e6rt en familiebedrift i fire generasjoner<\/p>\n\n\n\n<p class=\"has-text-align-center\">En perfekt tomat skal v\u00e6re vakkert r\u00f8d, moden, s\u00f8t, ikke bitter, og passe fast i konsistensen. Den perfekte tomatsmaken har den rette balansen mellom s\u00f8dme og syre. Det er ogs\u00e5 dene balansen som forteller n\u00e5r en tomat er klar til \u00e5 bli plukket.<\/p>\n\n\n\n<p class=\"has-text-align-center\">Mutti har v\u00e6rt en familiebedrift i fire generasjoner og har alltid satset fullt p\u00e5 \u00e5 produsere tomater av h\u00f8y kvalitet. Logoen, som ble registrert i 1911 og som vi fortsatt bruker, best\u00e5r av to l\u00f8ver som beskytter Muttis f\u00f8rste kvalitetsutmerkelse. Denne utmerkelsen symboliserer den holdningen som bedriften fortsatt har i dag, og som kommer til uttrykk i v\u00e5r \u00e5rlige utdeling av gulltomaten, Pomodorino d&#8217;Oro, til v\u00e5re 40 beste produsenter og i den h\u00f8yere gjennomsnittprisen vi betaler for \u00e5 f\u00e5 tomater av h\u00f8y kvalitet.<\/p>\n\n\n\n<p class=\"has-text-align-center\">Takket v\u00e6re at vi utelukkende lager tomatprodukter, har vi kunnet fokusere p\u00e5 \u00e9n enkelt frukt og skaffe oss 120 \u00e5rs erfaring med \u00e5 velge de beste tomatene og bevare deres smak og ferskhet p\u00e5 beste m\u00e5te. P\u00e5 den m\u00e5ten sikrer vi topp kvalitet i hele leveransekjeden. <\/p>\n\n\n\n<p class=\"has-text-align-center\">I v\u00e5r streben etter det beste samarbeider vi med produsenter som har samme kj\u00e6rlighet til kvalitetstomater som oss, og som i avtalene med oss forplikter seg til \u00e5 oppfylle v\u00e5re strenge kvalitetsstandarder for tomater, som dekker alt fra s\u00f8dme til farge og naturlig sukkerinnhold. I tillegg gjennomf\u00f8rer vi over 600&nbsp;000 kvalitetstester hvert \u00e5r for \u00e5 sikre at produktene v\u00e5re holder m\u00e5l.<\/p>\n\n\n\n<div class=\"wp-block-buttons is-horizontal is-content-justification-center is-layout-flex wp-container-core-buttons-is-layout-499968f5 wp-block-buttons-is-layout-flex\">\n<div class=\"wp-block-button is-style-button\"><a class=\"wp-block-button__link wp-element-button\" href=\"https:\/\/mutti-parma.com\/no\/news\/tag\/kvalitet\/\">LES ALLE ARTIKLER OM #KVALITET<\/a><\/div>\n<\/div>\n\n\n\n<div class=\"wp-block-columns my-0 is-layout-flex wp-container-core-columns-is-layout-9d6595d7 wp-block-columns-is-layout-flex\">\n<div class=\"wp-block-column is-layout-flow wp-block-column-is-layout-flow\">\n<figure class=\"wp-block-image aligncenter size-large is-resized my-0\"><img loading=\"lazy\" decoding=\"async\" src=\"https:\/\/mutti-parma.com\/app\/uploads\/sites\/8\/2022\/05\/ikoner-03.svg\" alt=\"\" class=\"wp-image-8311\" style=\"width:96px;height:113px\" \/><\/figure>\n\n\n\n<div class=\"wp-block-buttons is-horizontal is-content-justification-center is-layout-flex wp-container-core-buttons-is-layout-499968f5 wp-block-buttons-is-layout-flex\">\n<div class=\"wp-block-button is-style-link\"><a class=\"wp-block-button__link wp-element-button\" href=\"https:\/\/mutti-parma.com\/no\/all-articles\/muttis-kvalitetspris-pomodorino-doro\/\">POMODORINO <br>D\u00b4ORO<\/a><\/div>\n<\/div>\n<\/div>\n\n\n\n<div class=\"wp-block-column is-layout-flow wp-block-column-is-layout-flow\">\n<figure class=\"wp-block-image aligncenter size-large is-resized my-0\"><img loading=\"lazy\" decoding=\"async\" src=\"https:\/\/mutti-parma.com\/app\/uploads\/sites\/8\/2022\/05\/icon.png\" alt=\"\" class=\"wp-image-8310\" style=\"width:95px;height:95px\" \/><\/figure>\n\n\n\n<div class=\"wp-block-buttons is-horizontal is-content-justification-center is-layout-flex wp-container-core-buttons-is-layout-499968f5 wp-block-buttons-is-layout-flex\">\n<div class=\"wp-block-button\"><a class=\"wp-block-button__link wp-element-button\" href=\"https:\/\/mutti-parma.com\/no\/all-articles\/den-100-italienske-tomaten-er-resultatet-av-kunnskap-og-hardt-arbeid\/\">100 % ITALIENSKE TOMATER<\/a><\/div>\n<\/div>\n<\/div>\n\n\n\n<div class=\"wp-block-column is-layout-flow wp-block-column-is-layout-flow\">\n<figure class=\"wp-block-image aligncenter size-large is-resized my-0\"><img loading=\"lazy\" decoding=\"async\" src=\"https:\/\/mutti-parma.com\/app\/uploads\/sites\/8\/2022\/05\/ikoner-01.svg\" alt=\"\" class=\"wp-image-8308\" style=\"width:96px;height:96px\" \/><\/figure>\n\n\n\n<div class=\"wp-block-buttons is-horizontal is-content-justification-center is-layout-flex wp-container-core-buttons-is-layout-499968f5 wp-block-buttons-is-layout-flex\">\n<div class=\"wp-block-button\"><a class=\"wp-block-button__link wp-element-button\" href=\"https:\/\/mutti-parma.com\/no\/all-articles\/en-produksjonskjede-som-taler-gransking\/\">PRODUKSJON<br>SKJEDEN<\/a><\/div>\n<\/div>\n<\/div>\n<\/div>\n<\/div><\/div>\n\n\n\n<div class=\"wp-block-cover alignfull my-0 is-style-full-height\"><img loading=\"lazy\" decoding=\"async\" class=\"wp-block-cover__image-background wp-image-8303\" alt=\"\" src=\"https:\/\/mutti-parma.com\/app\/uploads\/sites\/8\/2022\/05\/bgimagevalue-02.jpg\" data-object-fit=\"cover\" \/><span aria-hidden=\"true\" class=\"wp-block-cover__background has-background-dim-0 has-background-dim\"><\/span><div class=\"wp-block-cover__inner-container is-layout-flow wp-block-cover-is-layout-flow\">\n<figure class=\"wp-block-image aligncenter size-large is-resized\"><img loading=\"lazy\" decoding=\"async\" src=\"https:\/\/mutti-parma.com\/app\/uploads\/sites\/3\/2019\/09\/icon-sustainability.svg\" alt=\"\" class=\"wp-image-30000087\" style=\"width:129px;height:94px\" \/><\/figure>\n\n\n\n<h2 class=\"wp-block-heading has-xxl-font-size\" id=\"b\u00e6rekraft\"><strong>B\u00c6REKRAFT<\/strong><\/h2>\n\n\n\n<p class=\"is-style-cursive has-xxl-font-size\">Vi har alltid hatt tette b\u00e5nd til den jorden<\/p>\n\n\n\n<p class=\"has-text-align-center has-base-font-size\">Vi bruker f\u00f8rsteklasses r\u00e5varer \u2013 velsmakende og sunne tomater \u2013 til v\u00e5re kvalitetsprodukter. Det inneb\u00e6rer at vi ikke bare stiller kvalitetskrav, vi m\u00e5 ogs\u00e5 ta hensyn til milj\u00f8et.<\/p>\n\n\n\n<p class=\"has-text-align-center has-base-font-size\">Mutti ble grunnlagt i lille Basilicanova, i hjertet av Italias \u201dmatdal\u201d, og har alltid hatt tette b\u00e5nd til den jorden som gj\u00f8r det mulig for oss \u00e5 dyrke og h\u00f8ste v\u00e5re velsmakende tomater. Helt fra f\u00f8rste stund har vi gjort v\u00e5rt beste for \u00e5 finne og bruke de mest milj\u00f8vennlige metodene for \u00e5 dyrke v\u00e5re tomater, som alltid vokser i n\u00e6rheten av v\u00e5re anlegg. Opp gjennom \u00e5rene har vi kombinert den tradisjonelle fremgangsm\u00e5ten med nyskaping og incitamenter, slik at vi kan fortsette \u00e5 elske, respektere og dyrke jorden v\u00e5r ogs\u00e5 i fremtiden.<\/p>\n\n\n\n<p class=\"has-text-align-center has-base-font-size\">Alle beslutninger Mutti tar, bunner i b\u00e6rekraft. I 2010 innledet vi et samarbeid med italienske WWF der m\u00e5let var \u00e5 redusere vannforbruket og CO<sub>2<\/sub>-avtrykket i hele leveransekjeden, noe som i l\u00f8pet av fire \u00e5r f\u00f8rte til en reduksjon i vannforbruket p\u00e5 1000 millioner liter og i CO<sub>2<\/sub>-utslippene p\u00e5 20 000 tonn. Vi er stadig p\u00e5 utkikk etter nye forbedringsmuligheter, og i dag gjennomf\u00f8rer vi et prosjekt som har til m\u00e5l \u00e5 fremme god praksis for \u00e5 beskytte det naturlige biologiske mangfoldet i leveransekjeden for tomater.<\/p>\n\n\n\n<div class=\"wp-block-buttons is-horizontal is-content-justification-center is-nowrap is-layout-flex wp-container-core-buttons-is-layout-fc65f29c wp-block-buttons-is-layout-flex\">\n<div class=\"wp-block-button is-style-button\"><a class=\"wp-block-button__link wp-element-button\" href=\"https:\/\/mutti-parma.com\/no\/news\/tag\/baerekraft\/\">les alle artikler om #b\u00e6rekraft<\/a><\/div>\n<\/div>\n\n\n\n<div class=\"wp-block-buttons is-content-justification-center is-layout-flex wp-container-core-buttons-is-layout-16018d1d wp-block-buttons-is-layout-flex\">\n<div class=\"wp-block-button is-style-button\"><a class=\"wp-block-button__link wp-element-button\" href=\"https:\/\/mutti-parma.com\/app\/uploads\/2025\/07\/mutti-sustainability-report-2024.pdf\" target=\"_blank\" rel=\"noreferrer noopener\"><strong>B\u00c6REKRAFTRAPPORT<\/strong> 2024<\/a><\/div>\n<\/div>\n\n\n\n<details class=\"wp-block-details aligncenter is-style-button is-layout-flow wp-block-details-is-layout-flow\"><summary>Arkiv<\/summary>\n<p class=\"has-text-align-center\"><a href=\"https:\/\/mutti-parma.com\/app\/uploads\/2024\/08\/sustainability-report-2023-v4.pdf\" target=\"_blank\" rel=\"noreferrer noopener\">2023<\/a><\/p>\n\n\n\n<p class=\"has-text-align-center\"><a href=\"https:\/\/mutti-parma.com\/app\/uploads\/2023\/11\/environmental-report-2022.pdf\" target=\"_blank\" rel=\"noreferrer noopener\">2022<\/a><\/p>\n\n\n\n<p class=\"has-text-align-center\"><a href=\"https:\/\/mutti-parma.com\/app\/uploads\/2022\/11\/environmental-sustainability-report-2021-eng-def-4mb-1.pdf\" target=\"_blank\" rel=\"noreferrer noopener\">2021<\/a><\/p>\n\n\n\n<p class=\"has-text-align-center\"><a href=\"https:\/\/mutti-parma.com\/app\/uploads\/2021\/10\/mutti-environmental-report-2020-0710-lowres.pdf\" target=\"_blank\" rel=\"noreferrer noopener\">2020<\/a><\/p>\n<\/details>\n\n\n\n<div class=\"wp-block-columns my-0 is-layout-flex wp-container-core-columns-is-layout-9d6595d7 wp-block-columns-is-layout-flex\">\n<div class=\"wp-block-column is-layout-flow wp-block-column-is-layout-flow\">\n<figure class=\"wp-block-image aligncenter size-large is-resized my-0\"><img loading=\"lazy\" decoding=\"async\" src=\"https:\/\/mutti-parma.com\/app\/uploads\/sites\/8\/2022\/05\/ikoner-05.svg\" alt=\"\" class=\"wp-image-8316\" style=\"width:96px;height:96px\" \/><\/figure>\n\n\n\n<div class=\"wp-block-buttons is-horizontal is-content-justification-center is-layout-flex wp-container-core-buttons-is-layout-499968f5 wp-block-buttons-is-layout-flex\">\n<div class=\"wp-block-button is-style-link\"><a class=\"wp-block-button__link wp-element-button\" href=\"https:\/\/mutti-parma.com\/no\/all-articles\/hvordan-pavirker-klimaendringene-tomatdyrkingen\/\">KLIMAENDRINGER OG TOMATPRODUKSJON<\/a><\/div>\n<\/div>\n<\/div>\n\n\n\n<div class=\"wp-block-column is-layout-flow wp-block-column-is-layout-flow\">\n<figure class=\"wp-block-image aligncenter size-large is-resized my-0\"><img loading=\"lazy\" decoding=\"async\" src=\"https:\/\/mutti-parma.com\/app\/uploads\/sites\/8\/2022\/05\/ikoner-04.svg\" alt=\"\" class=\"wp-image-8313\" style=\"width:96px;height:96px\" \/><\/figure>\n\n\n\n<div class=\"wp-block-buttons is-horizontal is-content-justification-center is-layout-flex wp-container-core-buttons-is-layout-499968f5 wp-block-buttons-is-layout-flex\">\n<div class=\"wp-block-button\"><a class=\"wp-block-button__link wp-element-button\" href=\"https:\/\/mutti-parma.com\/no\/all-articles\/respekt-for-biologisk-mangfold-beskytter-livet\/\">NATURENS MANGFOLD<\/a><\/div>\n<\/div>\n<\/div>\n\n\n\n<div class=\"wp-block-column is-layout-flow wp-block-column-is-layout-flow\">\n<figure class=\"wp-block-image aligncenter size-large is-resized my-0\"><img loading=\"lazy\" decoding=\"async\" src=\"https:\/\/mutti-parma.com\/app\/uploads\/sites\/8\/2022\/05\/ikoner-12.svg\" alt=\"\" class=\"wp-image-8312\" style=\"width:96px;height:96px\" \/><\/figure>\n\n\n\n<div class=\"wp-block-buttons is-horizontal is-content-justification-center is-layout-flex wp-container-core-buttons-is-layout-499968f5 wp-block-buttons-is-layout-flex\">\n<div class=\"wp-block-button\"><a class=\"wp-block-button__link wp-element-button\" href=\"https:\/\/mutti-parma.com\/no\/all-articles\/tomater-i-baerekraftig-kvalitet-smaker-bedre\/\"><strong>B\u00c6REKRAFT<\/strong>IG TOMAT <\/a><\/div>\n<\/div>\n<\/div>\n<\/div>\n<\/div><\/div>\n\n\n\n<div class=\"wp-block-cover alignfull my-0 is-style-full-height\"><img loading=\"lazy\" decoding=\"async\" class=\"wp-block-cover__image-background wp-image-8304\" alt=\"\" src=\"https:\/\/mutti-parma.com\/app\/uploads\/sites\/8\/2022\/05\/bgimagevalue-03.jpg\" data-object-fit=\"cover\" \/><span aria-hidden=\"true\" class=\"wp-block-cover__background has-background-dim-0 has-background-dim\"><\/span><div class=\"wp-block-cover__inner-container is-layout-flow wp-block-cover-is-layout-flow\">\n<figure class=\"wp-block-image aligncenter size-large is-resized my-0\"><img loading=\"lazy\" decoding=\"async\" src=\"https:\/\/mutti-parma.com\/app\/uploads\/sites\/3\/2019\/09\/icon-respecting-and-developing-our-staff.svg\" alt=\"\" class=\"wp-image-30000092\" style=\"width:125px;height:101px\" \/><\/figure>\n\n\n\n<h2 class=\"wp-block-heading has-xxl-font-size\" id=\"respekt\"><strong>RESPEKT<\/strong><\/h2>\n\n\n\n<p class=\"is-style-cursive has-xxl-font-size\">Mutti har v\u00e6rt en familiebedrift i fire generasjoner<\/p>\n\n\n\n<p class=\"has-text-align-center\">En produksjonskjede preget av b\u00e6rekraft og ansvarlighet er en forutsetning for \u00e5 produsere kvalitetstomater. Derfor er sunne og b\u00e6rekraftige relasjoner like viktige som kvaliteten p\u00e5 r\u00e5varene.<\/p>\n\n\n\n<p class=\"has-text-align-center\">Mutti etterstreber \u00e5 v\u00e6re en tydelig og anerkjent akt\u00f8r som arbeider for \u00e5 fremheve egenarten i de ulike vekstmilj\u00f8ene. De som samarbeider med oss, forplikter seg gjennom avtaler med oss \u00e5 oppfylle strenge, men rettferdige og klare krav, som hjelper oss \u00e5 oppn\u00e5 best mulig kvalitet p\u00e5 tomatene og \u00e5 beskytte v\u00e5r leveransekjede. Den viktigste formen for selvregulering for produsentene v\u00e5re \u2013 og en betingelse for \u00e5 samarbeide med oss \u2013 er at innh\u00f8stingen skjer 100 prosent maskinelt.<\/p>\n\n\n\n<p class=\"has-text-align-center\">Vi setter ikke bare standarder, vi investerer ogs\u00e5 i de menneskene vi samarbeider med. Et av v\u00e5re viktigste incitamenter bygger p\u00e5 \u00e5 skape felles verdi ved hjelp av v\u00e5r kvalitetsbaserte prissetting. Det inneb\u00e6rer at vi gir en h\u00f8yere pris for kvalitetstomater, 11 prosent h\u00f8yere enn gjennomsnittsprisen i markedet over en ti\u00e5rsperiode. Ettersom vi betaler mer, kan b\u00f8ndene investere i innovasjoner, g\u00e5rdene sine, de ansatte og milj\u00f8et.<\/p>\n\n\n\n<p class=\"has-text-align-center\">I tillegg til de \u00f8konomiske incitamentene investerer vi i v\u00e5re produsenter ved \u00e5 hjelpe dem \u00e5 innf\u00f8re de beste jordbruksmetodene: I l\u00f8pet av de siste \u00e5rene har vi utstyrt b\u00f8ndene v\u00e5re med for eksempel v\u00e6rstasjoner og dryppvanningssystemer. Dryppvanning reduserer vannforbruket i jordbruket.<\/p>\n\n\n\n<div class=\"wp-block-buttons is-horizontal is-content-justification-center is-layout-flex wp-container-core-buttons-is-layout-499968f5 wp-block-buttons-is-layout-flex\">\n<div class=\"wp-block-button is-style-button\"><a class=\"wp-block-button__link wp-element-button\" href=\"https:\/\/mutti-parma.com\/no\/news\/tag\/respekt\/\">les alle artikler om #respekt<\/a><\/div>\n<\/div>\n\n\n\n<div class=\"wp-block-columns is-style-default my-0 is-layout-flex wp-container-core-columns-is-layout-9d6595d7 wp-block-columns-is-layout-flex\">\n<div class=\"wp-block-column is-style-default is-layout-flow wp-block-column-is-layout-flow\">\n<figure class=\"wp-block-image aligncenter size-large is-resized my-0\"><img loading=\"lazy\" decoding=\"async\" src=\"https:\/\/mutti-parma.com\/app\/uploads\/sites\/8\/2022\/05\/ikoner-06.svg\" alt=\"\" class=\"wp-image-8315\" style=\"width:96px;height:96px\" \/><\/figure>\n\n\n\n<div class=\"wp-block-buttons mx-0 is-horizontal is-content-justification-center is-layout-flex wp-container-core-buttons-is-layout-499968f5 wp-block-buttons-is-layout-flex\">\n<div class=\"wp-block-button has-custom-width wp-block-button__width-100 is-style-link\"><a class=\"wp-block-button__link wp-element-button\" href=\"https:\/\/mutti-parma.com\/no\/all-articles\/derfor-er-maskinell-innhosting-viktig\/\">MASKINELL INNH\u00d8STING<\/a><\/div>\n<\/div>\n<\/div>\n\n\n\n<div class=\"wp-block-column is-layout-flow wp-block-column-is-layout-flow\">\n<figure class=\"wp-block-image aligncenter size-large is-resized my-0\"><img loading=\"lazy\" decoding=\"async\" src=\"https:\/\/mutti-parma.com\/app\/uploads\/sites\/8\/2022\/05\/ikoner-01.svg\" alt=\"\" class=\"wp-image-8308\" style=\"width:96px;height:96px\" \/><\/figure>\n\n\n\n<div class=\"wp-block-buttons is-horizontal is-content-justification-center is-layout-flex wp-container-core-buttons-is-layout-499968f5 wp-block-buttons-is-layout-flex\">\n<div class=\"wp-block-button\"><a class=\"wp-block-button__link wp-element-button\" href=\"https:\/\/mutti-parma.com\/no\/all-articles\/en-produksjonskjede-som-taler-gransking\/\">PRODUKSJON<br>SKJEDEN<\/a><\/div>\n<\/div>\n<\/div>\n\n\n\n<div class=\"wp-block-column is-layout-flow wp-block-column-is-layout-flow\">\n<figure class=\"wp-block-image aligncenter size-large is-resized my-0\"><img loading=\"lazy\" decoding=\"async\" src=\"https:\/\/mutti-parma.com\/app\/uploads\/sites\/8\/2022\/05\/ikoner-03.svg\" alt=\"\" class=\"wp-image-8311\" style=\"width:96px;height:96px\" \/><\/figure>\n\n\n\n<div class=\"wp-block-buttons is-horizontal is-content-justification-center is-layout-flex wp-container-core-buttons-is-layout-499968f5 wp-block-buttons-is-layout-flex\">\n<div class=\"wp-block-button\"><a class=\"wp-block-button__link wp-element-button\" href=\"https:\/\/mutti-parma.com\/no\/all-articles\/muttis-kvalitetspris-pomodorino-doro\/\">POMODORINO <br>D\u00b4ORO<\/a><\/div>\n<\/div>\n<\/div>\n<\/div>\n<\/div><\/div>\n\n\n","protected":false},"excerpt":{"rendered":"<p>V\u00c5R M\u00c5TE \u00c5 JOBBE P\u00c5 Mutti har v\u00e6rt en familiebedrift i fire generasjoner Vi bruker f\u00f8rsteklasses r\u00e5varer \u2013 velsmakende og sunne tomater \u2013 til v\u00e5re kvalitetsprodukter. Det inneb\u00e6rer at vi ikke bare stiller kvalitetskrav, vi tar ogs\u00e5 hensyn til milj\u00f8et og hele produksjonskjeden. En respektfull og b\u00e6rekraftig innstilling til natur og mennesker er akkurat like<\/p>\n","protected":false},"author":1,"featured_media":0,"parent":0,"menu_order":10,"comment_status":"closed","ping_status":"closed","template":"template-our-values.blade.php","meta":{"_acf_changed":false,"_relevanssi_hide_post":"","_relevanssi_hide_content":"","_relevanssi_pin_for_all":"","_relevanssi_pin_keywords":"","_relevanssi_unpin_keywords":"","_relevanssi_related_keywords":"","_relevanssi_related_include_ids":"","_relevanssi_related_exclude_ids":"","_relevanssi_related_no_append":"","_relevanssi_related_not_related":"","_relevanssi_related_posts":"8857,8388,8124,6831,6603,8587","_relevanssi_noindex_reason":"","footnotes":""},"class_list":["post-8617","page","type-page","status-publish","hentry"],"acf":[],"_links":{"self":[{"href":"https:\/\/mutti-parma.com\/no\/wp-json\/wp\/v2\/pages\/8617","targetHints":{"allow":["GET"]}}],"collection":[{"href":"https:\/\/mutti-parma.com\/no\/wp-json\/wp\/v2\/pages"}],"about":[{"href":"https:\/\/mutti-parma.com\/no\/wp-json\/wp\/v2\/types\/page"}],"author":[{"embeddable":true,"href":"https:\/\/mutti-parma.com\/no\/wp-json\/wp\/v2\/users\/1"}],"replies":[{"embeddable":true,"href":"https:\/\/mutti-parma.com\/no\/wp-json\/wp\/v2\/comments?post=8617"}],"version-history":[{"count":21,"href":"https:\/\/mutti-parma.com\/no\/wp-json\/wp\/v2\/pages\/8617\/revisions"}],"predecessor-version":[{"id":11623,"href":"https:\/\/mutti-parma.com\/no\/wp-json\/wp\/v2\/pages\/8617\/revisions\/11623"}],"wp:attachment":[{"href":"https:\/\/mutti-parma.com\/no\/wp-json\/wp\/v2\/media?parent=8617"}],"curies":[{"name":"wp","href":"https:\/\/api.w.org\/{rel}","templated":true}]}}