{"id":11558,"date":"2025-10-30T16:49:18","date_gmt":"2025-10-30T16:49:18","guid":{"rendered":"https:\/\/mutti-parma.com\/no\/?post_type=product&#038;p=11558"},"modified":"2025-10-30T16:49:30","modified_gmt":"2025-10-30T16:49:30","slug":"pastasaus-til-bolognese","status":"publish","type":"product","link":"https:\/\/mutti-parma.com\/no\/produkter\/pastasaus-til-bolognese\/","title":{"rendered":"Pastasaus til bolognese"},"content":{"rendered":"\n<div style=\"--media-width: 35\" class=\"wp-block-media-text alignwide has-media-on-the-right is-stacked-on-mobile is-style-hero has-background-image\"><img loading=\"lazy\" decoding=\"async\" class=\"wp-block-media-text__background\" alt=\"\" data-spai-crop=\"true\" src=\"https:\/\/mutti-parma.com\/app\/uploads\/sites\/12\/2019\/10\/12-sugo-basilico.png\" \/><div class=\"wp-block-media-text__content\"><div class=\"acf-breadcrumb my-4 md:my-8 text-center md:text-left\">\n  <nav>\n  <ol class=\"list-none text-md\">\n                  <li class=\"inline\">\n                      <a class=\"text-inherit\" href=\"https:\/\/mutti-parma.com\/no\/\">\n              Mutti Parma Norge\n            <\/a>\n                                <span aria-hidden=\"true\">\/&nbsp;<\/span>\n                  <\/li>\n                        <li class=\"inline\">\n                      <a class=\"text-inherit\" href=\"https:\/\/mutti-parma.com\/no\/produkter\/\">\n              Products\n            <\/a>\n                            <\/li>\n            <\/ol>\n<\/nav>\n<\/div>\n\n\n\n<h1 class=\"wp-block-heading has-primary-color has-text-color\"><strong>Pastasaus til bolognese<\/strong><\/h1>\n\n\n\n<p class=\"is-style-cursive has-xxl-font-size\">Pastasauser<\/p>\n\n\n\n<p>Muttis pastasauser ble til som f\u00f8lge av kj\u00e6rligheten til matlaging og viljen til \u00e5 tilby bare det beste til v\u00e5re n\u00e6re og kj\u00e6re. Derfor bruker vi 100 % italienske tomater i v\u00e5re pastasauser, med solen som eneste s\u00f8tningsmiddel og n\u00f8ye utvalgte italienske ingredienser av beste sort. Vi tilsetter verken sukker eller noe annet til sausene, s\u00e5 n\u00e5r du \u00e5pner boksen, blir du m\u00f8tt av autentiske smaker og aromaer som tar Italia rett inn p\u00e5 kj\u00f8kkenet ditt!<br><br>Bolognesesausen v\u00e5r er laget av 100 % italienske tomater, h\u00f8stet n\u00e5r de er p\u00e5 sitt mest modne. Blandet med gr\u00f8nnsaker gir den en rik tekstur og den autentiske smaken av tradisjonell bolognese. Bare tilsett bolognesesausen v\u00e5r i proteinet ditt, s\u00e5 er alt klart til \u00e5 nytes!<\/p>\n\n\n\n\n<\/div><figure class=\"wp-block-media-text__media\"><img loading=\"lazy\" decoding=\"async\" width=\"499\" height=\"1024\" src=\"https:\/\/mutti-parma.com\/app\/uploads\/sites\/12\/2025\/10\/00000-pasta-sauce-bolognese-400g-nord-eu-10369-300-499x1024.png\" alt=\"\" class=\"wp-image-11555 size-full\" sizes=\"(min-width: 1440px) 336px,23vw\" data-spai-crop=\"false\" srcset=\"https:\/\/mutti-parma.com\/app\/uploads\/sites\/12\/2025\/10\/00000-pasta-sauce-bolognese-400g-nord-eu-10369-300-499x1024.png 499w, https:\/\/mutti-parma.com\/app\/uploads\/sites\/12\/2025\/10\/00000-pasta-sauce-bolognese-400g-nord-eu-10369-300-243x500.png 243w, https:\/\/mutti-parma.com\/app\/uploads\/sites\/12\/2025\/10\/00000-pasta-sauce-bolognese-400g-nord-eu-10369-300-97x200.png 97w, https:\/\/mutti-parma.com\/app\/uploads\/sites\/12\/2025\/10\/00000-pasta-sauce-bolognese-400g-nord-eu-10369-300-768x1577.png 768w, https:\/\/mutti-parma.com\/app\/uploads\/sites\/12\/2025\/10\/00000-pasta-sauce-bolognese-400g-nord-eu-10369-300-150x308.png 150w, https:\/\/mutti-parma.com\/app\/uploads\/sites\/12\/2025\/10\/00000-pasta-sauce-bolognese-400g-nord-eu-10369-300-600x1232.png 600w, https:\/\/mutti-parma.com\/app\/uploads\/sites\/12\/2025\/10\/00000-pasta-sauce-bolognese-400g-nord-eu-10369-300-748x1536.png 748w, https:\/\/mutti-parma.com\/app\/uploads\/sites\/12\/2025\/10\/00000-pasta-sauce-bolognese-400g-nord-eu-10369-300-997x2048.png 997w, https:\/\/mutti-parma.com\/app\/uploads\/sites\/12\/2025\/10\/00000-pasta-sauce-bolognese-400g-nord-eu-10369-300.png 1148w\" \/><\/figure><\/div>\n\n\n\n\n\n<div class=\"wp-block-media-text alignwide\" style=\"grid-template-columns:32% auto\"><figure class=\"wp-block-media-text__media\"><video\n  \n  autoplay\n  playsinline\n  muted\n  loop\n  loading=\"lazy\"\n  \n  \n  \n\n  \n  >\n            <source src=\"https:\/\/cdn.mutti-parma.com\/app\/uploads\/sites\/12\/2019\/10\/genuine-sauce-pour-1-1-low-3.mp4\" type=\"video\/mp4\">\n      <\/video>\n\n<\/figure><div class=\"wp-block-media-text__content\">\n<h2 class=\"wp-block-heading\"><strong>Dette er Pastasaus til bolognese<\/strong><\/h2>\n\n\n\n\n\n<p>Hos Mutti ligger fokus p\u00e5 \u00e5 f\u00e5 det best mulige ut av tomatene. Finnes det en mer typisk og god m\u00e5te \u00e5 ta med seg Italia p\u00e5 tallerkenen enn r\u00f8de pastasauser? Sausene v\u00e5re er laget av bare de beste ingrediensene og passer til nesten alle pastaretter. Velg smak, og skap ditt livs pastam\u00e5ltid!<\/p>\n<\/div><\/div>\n\n\n\n\n\n\n\n<hr class=\"wp-block-separator has-css-opacity alignwide\"\/>\n\n\n<div class=\"acf-comments alignwide my-8\">\n  <div class=\"flex flex-wrap mb-4 items-center text-center sm:text-left px-0 sm:px-2 md:px-0\">\n    <h3 class=\"w-full sm:w-auto is-style-cursive text-primary my-0 leading-none\">Share and review<\/h3>\n    <div class=\"w-full sm:w-auto flex-auto mt-1 sm:ml-8\">\n          <\/div>\n\n          <div class=\"mx-auto sm:ml-0 mt-3 sm:mt-0\">\n                  <div\n  class=\"shariff\"\n  data-button-style=\"icon\"\n  data-mail-body=\"https:\/\/mutti-parma.com\/no\/produkter\/pastasaus-til-bolognese\/\"\n  data-mail-subject=\"Pastasaus til bolognese - Mutti\"\n  data-mail-url=\"mailto:\"\n  data-media-url=\"https:\/\/mutti-parma.com\/app\/uploads\/sites\/12\/2025\/10\/00000-pasta-sauce-bolognese-400g-nord-eu-10369-300.png\"\n  data-services=\"[&#039;facebook&#039;, &#039;twitter&#039;, &#039;whatsapp&#039;, &#039;pinterest&#039;, &#039;mail&#039;]\"\n><\/div>\n              <\/div>\n      <\/div>\n\n  <div>\n                <\/div>\n<\/div>\n\n\n\n<hr class=\"wp-block-separator has-css-opacity alignwide\"\/>\n\n\n\n<div class=\"wp-block-cover alignwide has-background-dim-80 has-darkred-background-color has-background-dim\" style=\"background-image:url(https:\/\/mutti-parma.com\/app\/uploads\/sites\/3\/2019\/09\/tomatoes.jpg)\"><div class=\"wp-block-cover__inner-container is-layout-flow wp-block-cover-is-layout-flow\">\n<div class=\"wp-block-columns alignwide is-layout-flex wp-container-core-columns-is-layout-9d6595d7 wp-block-columns-is-layout-flex\">\n<div class=\"wp-block-column is-layout-flow wp-block-column-is-layout-flow\">\n<h2 class=\"wp-block-heading\" id=\"sustainability\">B\u00c6REKRAFT<\/h2>\n\n\n\n<p class=\"is-style-cursive mb-0\">For oss betyr b\u00e6rekraft respekt for jorden.\u00a0<\/p>\n\n\n\n<h4 class=\"wp-block-heading\">SAMARBEID MED WWF ITALIA<\/h4>\n\n\n\n<p>Mutti har samarbeidet tett med WWF Italia for \u00e5 hjelpe b\u00f8nder med \u00e5 finne b\u00e6rekraftige m\u00e5ter \u00e5 redusere vannforbruket og CO2-utslippene p\u00e5.<\/p>\n\n\n\n<p> WWF Italia satte ikke bare m\u00e5l, men ga ogs\u00e5 jordbrukerne mulighet til \u00e5 analysere og gjennomg\u00e5 data for \u00e5 finne ut hva de selv kunne gj\u00f8re. For eksempel anbefalte organisasjonen bruk av spesielle sensorer som m\u00e5ler fuktighetsinnholdet i jorden og gir nyttig informasjon for \u00e5 underst\u00f8tte effektiv vannbruk. <\/p>\n\n\n\n<p>Mutti investerte i teknologi, utdanning og teknisk st\u00f8tte til b\u00f8nder og landbruksorganisasjoner. Etter at det fem \u00e5r lange prosjektet ble avsluttet, er vi fortsatt like opptatt av \u00e5 minimalisere milj\u00f8p\u00e5virkningen og forbedre hvert ledd i produksjonskjeden.<\/p>\n\n\n<\/div>\n\n\n\n<div class=\"wp-block-column is-layout-flow wp-block-column-is-layout-flow\">\n<h2 class=\"has-text-align-center wp-block-heading\">RESULTATER:<\/h2>\n\n\n\n<div class=\"wp-block-columns is-layout-flex wp-container-core-columns-is-layout-9d6595d7 wp-block-columns-is-layout-flex\">\n<div class=\"wp-block-column is-layout-flow wp-block-column-is-layout-flow\">\n<div class=\"wp-block-image\"><figure class=\"aligncenter size-large is-resized\"><img loading=\"lazy\" decoding=\"async\" src=\"https:\/\/mutti-parma.com\/app\/uploads\/sites\/3\/2019\/09\/icon-sustainable-water.svg\" alt=\"\" class=\"wp-image-30000085\" width=\"53\" height=\"91\" \/><\/figure><\/div>\n\n\n\n<h4 class=\"has-text-align-center wp-block-heading\">+1 000 MILLIONER LITER VANN SPART.<\/h4>\n\n\n\n<p class=\"has-text-align-center has-sm-font-size\">* fra 2012 til 2014 (Kilde: Data innhentet av CMCC, WWF og Mediterranean Climate Change Center i Italia)<\/p>\n<\/div>\n\n\n\n<div class=\"wp-block-column is-layout-flow wp-block-column-is-layout-flow\">\n<div class=\"wp-block-image\"><figure class=\"aligncenter size-large is-resized\"><img loading=\"lazy\" decoding=\"async\" src=\"https:\/\/mutti-parma.com\/app\/uploads\/sites\/3\/2019\/09\/icon-sustainable-co2.svg\" alt=\"\" class=\"wp-image-30000086\" width=\"114\" height=\"88\" \/><\/figure><\/div>\n\n\n\n<h4 class=\"has-text-align-center wp-block-heading\">+ 31 530 TONN CO2 (KARBONDIOKSID) UNNG\u00c5TT.<\/h4>\n\n\n\n<p class=\"has-text-align-center has-sm-font-size\">* fra 2010 til 2015 sammenlignet med 2009-niv\u00e5ene (Kilde: Data innhentet av WWF Italia og energieffektiviseringsgruppen Officinae Verdi)<\/p>\n<\/div>\n<\/div>\n<\/div>\n<\/div>\n<\/div><\/div>\n\n\n\n<p class=\"has-text-align-center is-style-cursive has-xxl-font-size\">N\u00e5 vet du mer om produktene v\u00e5re \u2013 p\u00e5 tide \u00e5 lage mat. <\/p>\n\n\n\n\n\n\n\n\n\n\n<div class=\"acf-related-products mb-8 lg:mb-16 \" data-vue-wrapper>\n      <h3 class=\"text-center\">Andre produkter i produktlinjen<\/h3>\n  \n      <slideshow :slides-per-view=\"3\" :navigation=\"true\" class=\"mx-8 lg:-mx-12\" name=\"Related Products\">\n              <div class=\"swiper-slide\">\n          <div class=\"text-center hover:lift-img mx-auto max-w-28\">\n      <a href=\"https:\/\/mutti-parma.com\/no\/produkter\/tomatsaus-med-basilikum\/\" class=\"block\">\n            <div class=\"responsive-embed is-contain\" style=\"padding-bottom: 188.23529411765%;\"><img decoding=\"async\" width=\"676\" height=\"1290\" src=\"https:\/\/mutti-parma.com\/app\/uploads\/sites\/12\/2019\/10\/scand-basil-render.png\" class=\"inline-block mt-2 wp-image-11173\" alt=\"Pastasaus med basilikum\" sizes=\"auto, 126px\" data-spai-crop=\"false\" title=\"Pastasaus med basilikum\" srcset=\"https:\/\/mutti-parma.com\/app\/uploads\/sites\/12\/2019\/10\/scand-basil-render.png 676w, https:\/\/mutti-parma.com\/app\/uploads\/sites\/12\/2019\/10\/scand-basil-render-262x500.png 262w, https:\/\/mutti-parma.com\/app\/uploads\/sites\/12\/2019\/10\/scand-basil-render-537x1024.png 537w, https:\/\/mutti-parma.com\/app\/uploads\/sites\/12\/2019\/10\/scand-basil-render-105x200.png 105w, https:\/\/mutti-parma.com\/app\/uploads\/sites\/12\/2019\/10\/scand-basil-render-150x286.png 150w, https:\/\/mutti-parma.com\/app\/uploads\/sites\/12\/2019\/10\/scand-basil-render-600x1145.png 600w\" loading=\"lazy\" \/><\/div>\n    <\/a>\n  \n  <a class=\"block underline mb-2 mt-2\" href=\"https:\/\/mutti-parma.com\/no\/produkter\/tomatsaus-med-basilikum\/\">\n    <h3 class=\"h4\">Pastasaus med basilikum<\/h3>\n  <\/a>\n\n      <a class=\"block hover:no-underline text-inherit\" href=\"https:\/\/mutti-parma.com\/no\/produkter\/tomatsaus-med-basilikum\/\">\n      Pastasauser\n    <\/a>\n  <\/div>\n        <\/div>\n              <div class=\"swiper-slide\">\n          <div class=\"text-center hover:lift-img mx-auto max-w-28\">\n      <a href=\"https:\/\/mutti-parma.com\/no\/produkter\/pastasaus-med-parmigiano-reggiano\/\" class=\"block\">\n            <div class=\"responsive-embed is-contain\" style=\"padding-bottom: 188.23529411765%;\"><img decoding=\"async\" width=\"676\" height=\"1290\" src=\"https:\/\/mutti-parma.com\/app\/uploads\/sites\/12\/2019\/10\/scand-parm.regg-render.png\" class=\"inline-block mt-2 wp-image-11175\" alt=\"Pastasaus med parmesan\" sizes=\"auto, 126px\" data-spai-crop=\"false\" title=\"Pastasaus med parmesan\" srcset=\"https:\/\/mutti-parma.com\/app\/uploads\/sites\/12\/2019\/10\/scand-parm.regg-render.png 676w, https:\/\/mutti-parma.com\/app\/uploads\/sites\/12\/2019\/10\/scand-parm.regg-render-262x500.png 262w, https:\/\/mutti-parma.com\/app\/uploads\/sites\/12\/2019\/10\/scand-parm.regg-render-537x1024.png 537w, https:\/\/mutti-parma.com\/app\/uploads\/sites\/12\/2019\/10\/scand-parm.regg-render-105x200.png 105w, https:\/\/mutti-parma.com\/app\/uploads\/sites\/12\/2019\/10\/scand-parm.regg-render-150x286.png 150w, https:\/\/mutti-parma.com\/app\/uploads\/sites\/12\/2019\/10\/scand-parm.regg-render-600x1145.png 600w\" loading=\"lazy\" \/><\/div>\n    <\/a>\n  \n  <a class=\"block underline mb-2 mt-2\" href=\"https:\/\/mutti-parma.com\/no\/produkter\/pastasaus-med-parmigiano-reggiano\/\">\n    <h3 class=\"h4\">Pastasaus med parmesan<\/h3>\n  <\/a>\n\n      <a class=\"block hover:no-underline text-inherit\" href=\"https:\/\/mutti-parma.com\/no\/produkter\/pastasaus-med-parmigiano-reggiano\/\">\n      Pastasauser\n    <\/a>\n  <\/div>\n        <\/div>\n              <div class=\"swiper-slide\">\n          <div class=\"text-center hover:lift-img mx-auto max-w-28\">\n      <a href=\"https:\/\/mutti-parma.com\/no\/produkter\/pastasaus-med-hvitlok\/\" class=\"block\">\n            <div class=\"responsive-embed is-contain\" style=\"padding-bottom: 188.23529411765%;\"><img decoding=\"async\" width=\"1148\" height=\"2358\" src=\"https:\/\/mutti-parma.com\/app\/uploads\/sites\/12\/2025\/10\/00000-pasta-sauce-garlic-400g-nord-eu-10368-300.png\" class=\"inline-block mt-2 wp-image-11556\" alt=\"Pastasaus med hvitl\u00f8k\" sizes=\"auto, 126px\" data-spai-crop=\"false\" title=\"Pastasaus med hvitl\u00f8k\" srcset=\"https:\/\/mutti-parma.com\/app\/uploads\/sites\/12\/2025\/10\/00000-pasta-sauce-garlic-400g-nord-eu-10368-300.png 1148w, https:\/\/mutti-parma.com\/app\/uploads\/sites\/12\/2025\/10\/00000-pasta-sauce-garlic-400g-nord-eu-10368-300-243x500.png 243w, https:\/\/mutti-parma.com\/app\/uploads\/sites\/12\/2025\/10\/00000-pasta-sauce-garlic-400g-nord-eu-10368-300-499x1024.png 499w, https:\/\/mutti-parma.com\/app\/uploads\/sites\/12\/2025\/10\/00000-pasta-sauce-garlic-400g-nord-eu-10368-300-97x200.png 97w, https:\/\/mutti-parma.com\/app\/uploads\/sites\/12\/2025\/10\/00000-pasta-sauce-garlic-400g-nord-eu-10368-300-768x1577.png 768w, https:\/\/mutti-parma.com\/app\/uploads\/sites\/12\/2025\/10\/00000-pasta-sauce-garlic-400g-nord-eu-10368-300-150x308.png 150w, https:\/\/mutti-parma.com\/app\/uploads\/sites\/12\/2025\/10\/00000-pasta-sauce-garlic-400g-nord-eu-10368-300-600x1232.png 600w, https:\/\/mutti-parma.com\/app\/uploads\/sites\/12\/2025\/10\/00000-pasta-sauce-garlic-400g-nord-eu-10368-300-748x1536.png 748w, https:\/\/mutti-parma.com\/app\/uploads\/sites\/12\/2025\/10\/00000-pasta-sauce-garlic-400g-nord-eu-10368-300-997x2048.png 997w\" loading=\"lazy\" \/><\/div>\n    <\/a>\n  \n  <a class=\"block underline mb-2 mt-2\" href=\"https:\/\/mutti-parma.com\/no\/produkter\/pastasaus-med-hvitlok\/\">\n    <h3 class=\"h4\">Pastasaus med hvitl\u00f8k<\/h3>\n  <\/a>\n\n      <a class=\"block hover:no-underline text-inherit\" href=\"https:\/\/mutti-parma.com\/no\/produkter\/pastasaus-med-hvitlok\/\">\n      Pastasauser\n    <\/a>\n  <\/div>\n        <\/div>\n          <\/slideshow>\n  <\/div>\n\n\n\n<div class=\"wp-block-cover alignwide has-background-dim-20 has-background-dim\" style=\"background-image:url(https:\/\/mutti-parma.com\/app\/uploads\/sites\/3\/2020\/12\/table.jpg)\"><div class=\"wp-block-cover__inner-container is-layout-flow wp-block-cover-is-layout-flow\">\n<div class=\"wp-block-media-text alignwide is-stacked-on-mobile is-style-default\" style=\"grid-template-columns:32% auto\"><figure class=\"wp-block-media-text__media\"><img loading=\"lazy\" decoding=\"async\" src=\"https:\/\/mutti-parma.com\/app\/uploads\/sites\/3\/2020\/02\/products-essentials-e1582204403666.png\" alt=\"\" class=\"wp-image-300000352\" sizes=\"(max-width: 600px) 100vw, (min-width: 1440px) 461px,32vw\" data-spai-crop=\"false\" srcset=\"https:\/\/mutti-parma.com\/app\/uploads\/sites\/3\/2020\/02\/products-essentials-e1582204403666.png 565w, https:\/\/mutti-parma.com\/app\/uploads\/sites\/3\/2020\/02\/products-essentials-e1582204403666-200x173.png 200w, https:\/\/mutti-parma.com\/app\/uploads\/sites\/3\/2020\/02\/products-essentials-e1582204403666-500x432.png 500w, https:\/\/mutti-parma.com\/app\/uploads\/sites\/3\/2020\/02\/products-essentials-e1582204403666-150x130.png 150w\" \/><\/figure><div class=\"wp-block-media-text__content\">\n<h2 class=\"wp-block-heading\">Sjekk ut v\u00e5re klassiske produkter<\/h2>\n\n\n\n<p class=\"is-style-cursive\">Oppdag Polpa, Concentrato, Passata og Pelati<\/p>\n\n\n\n<div class=\"wp-block-button\"><a class=\"wp-block-button__link\" href=\"https:\/\/mutti-parma.com\/no\/muttis-klassikere\/\">Sammenlign v\u00e5re klassiske produkter<\/a><\/div>\n<\/div><\/div>\n<\/div><\/div>\n","protected":false},"excerpt":{"rendered":"<p>Dette er Pastasaus til bolognese Hos Mutti ligger fokus p\u00e5 \u00e5 f\u00e5 det best mulige ut av tomatene. Finnes det en mer typisk og god m\u00e5te \u00e5 ta med seg Italia p\u00e5 tallerkenen enn r\u00f8de pastasauser? Sausene v\u00e5re er laget av bare de beste ingrediensene og passer til nesten alle pastaretter. Velg smak, og skap<\/p>\n","protected":false},"featured_media":11555,"comment_status":"open","ping_status":"closed","template":"","product_category":[125],"class_list":["post-11558","product","type-product","status-publish","has-post-thumbnail","hentry","product_category-product-category-1703"],"acf":[],"_links":{"self":[{"href":"https:\/\/mutti-parma.com\/no\/wp-json\/wp\/v2\/product\/11558","targetHints":{"allow":["GET"]}}],"collection":[{"href":"https:\/\/mutti-parma.com\/no\/wp-json\/wp\/v2\/product"}],"about":[{"href":"https:\/\/mutti-parma.com\/no\/wp-json\/wp\/v2\/types\/product"}],"replies":[{"embeddable":true,"href":"https:\/\/mutti-parma.com\/no\/wp-json\/wp\/v2\/comments?post=11558"}],"version-history":[{"count":3,"href":"https:\/\/mutti-parma.com\/no\/wp-json\/wp\/v2\/product\/11558\/revisions"}],"predecessor-version":[{"id":11629,"href":"https:\/\/mutti-parma.com\/no\/wp-json\/wp\/v2\/product\/11558\/revisions\/11629"}],"wp:featuredmedia":[{"embeddable":true,"href":"https:\/\/mutti-parma.com\/no\/wp-json\/wp\/v2\/media\/11555"}],"wp:attachment":[{"href":"https:\/\/mutti-parma.com\/no\/wp-json\/wp\/v2\/media?parent=11558"}],"wp:term":[{"taxonomy":"product_category","embeddable":true,"href":"https:\/\/mutti-parma.com\/no\/wp-json\/wp\/v2\/product_category?post=11558"}],"curies":[{"name":"wp","href":"https:\/\/api.w.org\/{rel}","templated":true}]}}