{"id":2524,"date":"2019-09-23T09:49:25","date_gmt":"2019-09-23T09:49:25","guid":{"rendered":"http:\/\/mutti.web.staging.minasithil.genero.fi\/?post_type=product&#038;p=2524"},"modified":"2024-11-12T16:05:53","modified_gmt":"2024-11-12T16:05:53","slug":"polpa-with-garlic","status":"publish","type":"product","link":"https:\/\/mutti-parma.com\/no\/produkter\/polpa-with-garlic\/","title":{"rendered":"Knuste tomater med hvitl\u00f8k"},"content":{"rendered":"\n<div style=\"--media-width: 50\" class=\"wp-block-media-text alignwide has-media-on-the-right is-stacked-on-mobile is-style-hero has-background-image\"><img loading=\"lazy\" decoding=\"async\" class=\"wp-block-media-text__background\" alt=\"\" data-spai-crop=\"true\" src=\"https:\/\/mutti-parma.com\/app\/uploads\/sites\/12\/2019\/08\/polpa-background-1200x1200-1.jpg\" \/><div class=\"wp-block-media-text__content\"><div class=\"acf-breadcrumb my-4 md:my-8 text-center md:text-left\">\n  <nav>\n  <ol class=\"list-none text-md\">\n                  <li class=\"inline\">\n                      <a class=\"text-inherit\" href=\"https:\/\/mutti-parma.com\/no\/\">\n              Mutti Parma Norge\n            <\/a>\n                                <span aria-hidden=\"true\">\/&nbsp;<\/span>\n                  <\/li>\n                        <li class=\"inline\">\n                      <a class=\"text-inherit\" href=\"https:\/\/mutti-parma.com\/no\/produkter\/\">\n              Products\n            <\/a>\n                            <\/li>\n            <\/ol>\n<\/nav>\n<\/div>\n\n\n\n<h1 class=\"wp-block-heading has-primary-color has-text-color\">Knuste tomater med hvitl\u00f8k<\/h1>\n\n\n\n<p class=\"is-style-cursive has-xxl-font-size\">Finhakkede tomater<\/p>\n\n\n\n<p class=\"has-text-align-left\">Mutti finhakkede tomater med hvitl\u00f8g bevarer smaken av nyplukkede tomater. I dette unike produktet kombineres det finhakkede tomatkj\u00f8ttet, med saften fra tomatene.<\/p>\n\n\n\n\n<div class=\"acf-characteristics\">\n  <div class=\"flex flex-wrap -m-2 justify-center sm:justify-between\">\n          <div class=\"m-2 w-24 text-center\">\n        <div style=\"height: 41px; width: 80px;\" class=\"mx-auto flex items-end justify-center mx-auto\">\n                      <img decoding=\"async\" width=\"90\" height=\"24\" src=\"https:\/\/mutti-parma.com\/app\/uploads\/sites\/3\/2021\/04\/icon-characteristics-color-vibrant-red-v2.svg\" class=\"w-full wp-image-300000416 attachment-full size-full\" alt=\"cooking symbol\" style=\"max-height: 43px; max-width: 80px;\" loading=\"lazy\" \/>\n                  <\/div>\n        <p class=\"h6 text-inherit mt-3\">Klar r\u00f8dfarge<\/p>\n      <\/div>\n          <div class=\"m-2 w-24 text-center\">\n        <div style=\"height: 41px; width: 80px;\" class=\"mx-auto flex items-end justify-center mx-auto\">\n                      <img decoding=\"async\" width=\"300\" height=\"154\" src=\"https:\/\/mutti-parma.com\/app\/uploads\/sites\/3\/2019\/09\/icon-characteristics-cooking-time-long.svg\" class=\"w-full wp-image-300000112 attachment-full size-full\" alt=\"\" style=\"max-height: 43px; max-width: 80px;\" loading=\"lazy\" \/>\n                  <\/div>\n        <p class=\"h6 text-inherit mt-3\">Ogs\u00e5 egnet for lang tilberedningstid<\/p>\n      <\/div>\n          <div class=\"m-2 w-24 text-center\">\n        <div style=\"height: 41px; width: 80px;\" class=\"mx-auto flex items-end justify-center mx-auto\">\n                      <img decoding=\"async\" width=\"220\" height=\"168\" src=\"https:\/\/mutti-parma.com\/app\/uploads\/sites\/3\/2019\/09\/icon-characteristics-texture-rich.svg\" class=\"w-full wp-image-300000104 attachment-full size-full\" alt=\"cooking symbol\" style=\"max-height: 43px; max-width: 80px;\" loading=\"lazy\" \/>\n                  <\/div>\n        <p class=\"h6 text-inherit mt-3\">Fyldig konsistens<\/p>\n      <\/div>\n          <div class=\"m-2 w-24 text-center\">\n        <div style=\"height: 41px; width: 80px;\" class=\"mx-auto flex items-end justify-center mx-auto\">\n                      <img decoding=\"async\" width=\"210\" height=\"114\" src=\"https:\/\/mutti-parma.com\/app\/uploads\/sites\/12\/2019\/11\/mutti-product-icons-nordic-frisk.svg\" class=\"w-full wp-image-5693\" alt=\"frisk\" style=\"max-height: 43px; max-width: 80px;\" loading=\"lazy\" \/>\n                  <\/div>\n        <p class=\"h6 text-inherit mt-3\">Frisk smak<\/p>\n      <\/div>\n      <\/div>\n<\/div>\n<\/div><figure class=\"wp-block-media-text__media\"><img loading=\"lazy\" decoding=\"async\" width=\"675\" height=\"1024\" src=\"https:\/\/mutti-parma.com\/app\/uploads\/sites\/12\/2019\/09\/polpa-aglio-400g-hires-nodk-1-675x1024.png\" alt=\"finthakkede tomater med hvidl\u00f8g 400g\" class=\"wp-image-4753 size-full\" sizes=\"(min-width: 1440px) 528px,37vw\" data-spai-crop=\"false\" srcset=\"https:\/\/mutti-parma.com\/app\/uploads\/sites\/12\/2019\/09\/polpa-aglio-400g-hires-nodk-1-675x1024.png 675w, https:\/\/mutti-parma.com\/app\/uploads\/sites\/12\/2019\/09\/polpa-aglio-400g-hires-nodk-1-132x200.png 132w, https:\/\/mutti-parma.com\/app\/uploads\/sites\/12\/2019\/09\/polpa-aglio-400g-hires-nodk-1-330x500.png 330w, https:\/\/mutti-parma.com\/app\/uploads\/sites\/12\/2019\/09\/polpa-aglio-400g-hires-nodk-1-768x1165.png 768w, https:\/\/mutti-parma.com\/app\/uploads\/sites\/12\/2019\/09\/polpa-aglio-400g-hires-nodk-1-150x228.png 150w, https:\/\/mutti-parma.com\/app\/uploads\/sites\/12\/2019\/09\/polpa-aglio-400g-hires-nodk-1-600x910.png 600w, https:\/\/mutti-parma.com\/app\/uploads\/sites\/12\/2019\/09\/polpa-aglio-400g-hires-nodk-1.png 1200w\" \/><\/figure><\/div>\n\n\n\n\n\n<div class=\"wp-block-media-text alignwide is-stacked-on-mobile\" style=\"grid-template-columns:30% auto\"><figure class=\"wp-block-media-text__media\"><video\n  \n  autoplay\n  playsinline\n  muted\n  loop\n  loading=\"lazy\"\n  \n  \n  \n\n  \n      poster=\"https:\/\/mutti-parma.com\/app\/uploads\/sites\/3\/2019\/10\/product-consistency-polpa-image.jpg\"\n  >\n            <source src=\"https:\/\/cdn.mutti-parma.com\/app\/uploads\/sites\/3\/2019\/10\/product-consistency-polpa.mp4\" type=\"video\/mp4\">\n      <\/video>\n\n<\/figure><div class=\"wp-block-media-text__content\">\n<h2 class=\"wp-block-heading\">FINN UT MER OM POLPA<\/h2>\n\n\n\n<p class=\"is-style-cursive has-xxl-font-size\">N\u00e5r du \u00f8nsker smaken av ferske tomater<\/p>\n\n\n\n<p>Hakket, pur\u00e9, konsentrert pur\u00e9 og fl\u00e5dd utgj\u00f8r Mutti Tomato Essentials. De er forskjellige med hensyn til farge, smak og tekstur, og hvert produkt har sin egen karakter og personlighet. Finhakkede tomater har en kraftig r\u00f8dfarge, en fyldig tekstur med de finhakkede bitene og en utrolig frisk smak.<\/p>\n<\/div><\/div>\n\n\n\n\n\n\n\n<hr class=\"wp-block-separator has-css-opacity alignwide\"\/>\n\n\n<div class=\"acf-comments alignwide my-8\">\n  <div class=\"flex flex-wrap mb-4 items-center text-center sm:text-left px-0 sm:px-2 md:px-0\">\n    <h3 class=\"w-full sm:w-auto is-style-cursive text-primary my-0 leading-none\">Share and review<\/h3>\n    <div class=\"w-full sm:w-auto flex-auto mt-1 sm:ml-8\">\n          <\/div>\n\n          <div class=\"mx-auto sm:ml-0 mt-3 sm:mt-0\">\n                  <div\n  class=\"shariff\"\n  data-button-style=\"icon\"\n  data-mail-body=\"https:\/\/mutti-parma.com\/no\/produkter\/polpa-with-garlic\/\"\n  data-mail-subject=\"Knuste tomater med hvitl\u00f8k - Mutti\"\n  data-mail-url=\"mailto:\"\n  data-media-url=\"https:\/\/mutti-parma.com\/app\/uploads\/sites\/12\/2019\/09\/polpa-aglio-400g-hires-nodk-1.png\"\n  data-services=\"[&#039;facebook&#039;, &#039;twitter&#039;, &#039;whatsapp&#039;, &#039;pinterest&#039;, &#039;mail&#039;]\"\n><\/div>\n              <\/div>\n      <\/div>\n\n  <div>\n                <\/div>\n<\/div>\n\n\n\n<hr class=\"wp-block-separator has-css-opacity alignwide\"\/>\n\n\n\n<div class=\"wp-block-cover alignwide has-background-dim-80 has-darkred-background-color has-background-dim\" style=\"background-image:url(https:\/\/mutti-parma.com\/app\/uploads\/sites\/3\/2019\/09\/tomatoes.jpg)\"><div class=\"wp-block-cover__inner-container is-layout-flow wp-block-cover-is-layout-flow\">\n<div class=\"wp-block-columns alignwide is-layout-flex wp-container-core-columns-is-layout-9d6595d7 wp-block-columns-is-layout-flex\">\n<div class=\"wp-block-column is-layout-flow wp-block-column-is-layout-flow\">\n<h2 class=\"wp-block-heading\" id=\"sustainability\">B\u00c6REKRAFT<\/h2>\n\n\n\n<p class=\"is-style-cursive mb-0\">For oss betyr b\u00e6rekraft respekt for jorden.\u00a0<\/p>\n\n\n\n<h4 class=\"wp-block-heading\">SAMARBEID MED WWF ITALIA<\/h4>\n\n\n\n<p>Mutti har samarbeidet tett med WWF Italia for \u00e5 hjelpe b\u00f8nder med \u00e5 finne b\u00e6rekraftige m\u00e5ter \u00e5 redusere vannforbruket og CO2-utslippene p\u00e5.<\/p>\n\n\n\n<p> WWF Italia satte ikke bare m\u00e5l, men ga ogs\u00e5 jordbrukerne mulighet til \u00e5 analysere og gjennomg\u00e5 data for \u00e5 finne ut hva de selv kunne gj\u00f8re. For eksempel anbefalte organisasjonen bruk av spesielle sensorer som m\u00e5ler fuktighetsinnholdet i jorden og gir nyttig informasjon for \u00e5 underst\u00f8tte effektiv vannbruk. <\/p>\n\n\n\n<p>Mutti investerte i teknologi, utdanning og teknisk st\u00f8tte til b\u00f8nder og landbruksorganisasjoner. Etter at det fem \u00e5r lange prosjektet ble avsluttet, er vi fortsatt like opptatt av \u00e5 minimalisere milj\u00f8p\u00e5virkningen og forbedre hvert ledd i produksjonskjeden.<\/p>\n\n\n<\/div>\n\n\n\n<div class=\"wp-block-column is-layout-flow wp-block-column-is-layout-flow\">\n<h2 class=\"has-text-align-center wp-block-heading\">RESULTATER:<\/h2>\n\n\n\n<div class=\"wp-block-columns is-layout-flex wp-container-core-columns-is-layout-9d6595d7 wp-block-columns-is-layout-flex\">\n<div class=\"wp-block-column is-layout-flow wp-block-column-is-layout-flow\">\n<div class=\"wp-block-image\"><figure class=\"aligncenter size-large is-resized\"><img loading=\"lazy\" decoding=\"async\" src=\"https:\/\/mutti-parma.com\/app\/uploads\/sites\/3\/2019\/09\/icon-sustainable-water.svg\" alt=\"\" class=\"wp-image-30000085\" width=\"53\" height=\"91\" \/><\/figure><\/div>\n\n\n\n<h4 class=\"has-text-align-center wp-block-heading\">+1 000 MILLIONER LITER VANN SPART.<\/h4>\n\n\n\n<p class=\"has-text-align-center has-sm-font-size\">* fra 2012 til 2014 (Kilde: Data innhentet av CMCC, WWF og Mediterranean Climate Change Center i Italia)<\/p>\n<\/div>\n\n\n\n<div class=\"wp-block-column is-layout-flow wp-block-column-is-layout-flow\">\n<div class=\"wp-block-image\"><figure class=\"aligncenter size-large is-resized\"><img loading=\"lazy\" decoding=\"async\" src=\"https:\/\/mutti-parma.com\/app\/uploads\/sites\/3\/2019\/09\/icon-sustainable-co2.svg\" alt=\"\" class=\"wp-image-30000086\" width=\"114\" height=\"88\" \/><\/figure><\/div>\n\n\n\n<h4 class=\"has-text-align-center wp-block-heading\">+ 31 530 TONN CO2 (KARBONDIOKSID) UNNG\u00c5TT.<\/h4>\n\n\n\n<p class=\"has-text-align-center has-sm-font-size\">* fra 2010 til 2015 sammenlignet med 2009-niv\u00e5ene (Kilde: Data innhentet av WWF Italia og energieffektiviseringsgruppen Officinae Verdi)<\/p>\n<\/div>\n<\/div>\n<\/div>\n<\/div>\n<\/div><\/div>\n\n\n\n\n\n\n\n\n\n<p class=\"has-text-align-center has-primary-color has-text-color\">Ideal for:<\/p>\n\n\n\n\n<div class=\"acf-related-products mb-8 lg:mb-16 \" data-vue-wrapper>\n      <h3 class=\"text-center\">Andre produkter i produktlinjen<\/h3>\n  \n      <slideshow :slides-per-view=\"3\" :navigation=\"true\" class=\"mx-8 lg:-mx-12\" name=\"Related Products\">\n              <div class=\"swiper-slide\">\n          <div class=\"text-center hover:lift-img mx-auto max-w-28\">\n      <a href=\"https:\/\/mutti-parma.com\/no\/produkter\/polpa\/\" class=\"block\">\n            <div class=\"responsive-embed is-contain\" style=\"padding-bottom: 188.23529411765%;\"><img decoding=\"async\" width=\"1200\" height=\"1820\" src=\"https:\/\/mutti-parma.com\/app\/uploads\/sites\/12\/2019\/08\/polpa-400g-hires-nodk-2.png\" class=\"inline-block mt-2 wp-image-4736\" alt=\"Knuste tomater\" sizes=\"auto, 126px\" data-spai-crop=\"false\" title=\"Knuste tomater\" srcset=\"https:\/\/mutti-parma.com\/app\/uploads\/sites\/12\/2019\/08\/polpa-400g-hires-nodk-2.png 1200w, https:\/\/mutti-parma.com\/app\/uploads\/sites\/12\/2019\/08\/polpa-400g-hires-nodk-2-132x200.png 132w, https:\/\/mutti-parma.com\/app\/uploads\/sites\/12\/2019\/08\/polpa-400g-hires-nodk-2-330x500.png 330w, https:\/\/mutti-parma.com\/app\/uploads\/sites\/12\/2019\/08\/polpa-400g-hires-nodk-2-768x1165.png 768w, https:\/\/mutti-parma.com\/app\/uploads\/sites\/12\/2019\/08\/polpa-400g-hires-nodk-2-675x1024.png 675w, https:\/\/mutti-parma.com\/app\/uploads\/sites\/12\/2019\/08\/polpa-400g-hires-nodk-2-150x228.png 150w, https:\/\/mutti-parma.com\/app\/uploads\/sites\/12\/2019\/08\/polpa-400g-hires-nodk-2-600x910.png 600w\" loading=\"lazy\" \/><\/div>\n    <\/a>\n  \n  <a class=\"block underline mb-2 mt-2\" href=\"https:\/\/mutti-parma.com\/no\/produkter\/polpa\/\">\n    <h3 class=\"h4\">Knuste tomater<\/h3>\n  <\/a>\n\n      <a class=\"block hover:no-underline text-inherit\" href=\"https:\/\/mutti-parma.com\/no\/produkter\/polpa\/\">\n      Finhakkede tomater\n    <\/a>\n  <\/div>\n        <\/div>\n              <div class=\"swiper-slide\">\n          <div class=\"text-center hover:lift-img mx-auto max-w-28\">\n      <a href=\"https:\/\/mutti-parma.com\/no\/produkter\/polpa-rustica\/\" class=\"block\">\n            <div class=\"responsive-embed is-contain\" style=\"padding-bottom: 188.23529411765%;\"><img decoding=\"async\" width=\"500\" height=\"1713\" src=\"https:\/\/mutti-parma.com\/app\/uploads\/sites\/12\/2019\/09\/thumb-100-product-primary-desktop-3.png\" class=\"inline-block mt-2 wp-image-4800\" alt=\"Rustikk knuste tomater\" sizes=\"auto, 126px\" data-spai-crop=\"false\" title=\"Rustikk knuste tomater\" srcset=\"https:\/\/mutti-parma.com\/app\/uploads\/sites\/12\/2019\/09\/thumb-100-product-primary-desktop-3.png 500w, https:\/\/mutti-parma.com\/app\/uploads\/sites\/12\/2019\/09\/thumb-100-product-primary-desktop-3-58x200.png 58w, https:\/\/mutti-parma.com\/app\/uploads\/sites\/12\/2019\/09\/thumb-100-product-primary-desktop-3-146x500.png 146w, https:\/\/mutti-parma.com\/app\/uploads\/sites\/12\/2019\/09\/thumb-100-product-primary-desktop-3-299x1024.png 299w, https:\/\/mutti-parma.com\/app\/uploads\/sites\/12\/2019\/09\/thumb-100-product-primary-desktop-3-150x514.png 150w\" loading=\"lazy\" \/><\/div>\n    <\/a>\n  \n  <a class=\"block underline mb-2 mt-2\" href=\"https:\/\/mutti-parma.com\/no\/produkter\/polpa-rustica\/\">\n    <h3 class=\"h4\">Rustikk knuste tomater<\/h3>\n  <\/a>\n\n      <a class=\"block hover:no-underline text-inherit\" href=\"https:\/\/mutti-parma.com\/no\/produkter\/polpa-rustica\/\">\n      Hakkede tomater\n    <\/a>\n  <\/div>\n        <\/div>\n              <div class=\"swiper-slide\">\n          <div class=\"text-center hover:lift-img mx-auto max-w-28\">\n      <a href=\"https:\/\/mutti-parma.com\/no\/produkter\/finhakkede-tomater-med-basilikum\/\" class=\"block\">\n            <div class=\"responsive-embed is-contain\" style=\"padding-bottom: 188.23529411765%;\"><img decoding=\"async\" width=\"1200\" height=\"1820\" src=\"https:\/\/mutti-parma.com\/app\/uploads\/sites\/12\/2019\/10\/polpa-basilico-400g-hires-nodk-5.png\" class=\"inline-block mt-2 wp-image-6425\" alt=\"Knuste tomater med basilikum\" sizes=\"auto, 126px\" data-spai-crop=\"false\" title=\"Knuste tomater med basilikum\" srcset=\"https:\/\/mutti-parma.com\/app\/uploads\/sites\/12\/2019\/10\/polpa-basilico-400g-hires-nodk-5.png 1200w, https:\/\/mutti-parma.com\/app\/uploads\/sites\/12\/2019\/10\/polpa-basilico-400g-hires-nodk-5-132x200.png 132w, https:\/\/mutti-parma.com\/app\/uploads\/sites\/12\/2019\/10\/polpa-basilico-400g-hires-nodk-5-330x500.png 330w, https:\/\/mutti-parma.com\/app\/uploads\/sites\/12\/2019\/10\/polpa-basilico-400g-hires-nodk-5-768x1165.png 768w, https:\/\/mutti-parma.com\/app\/uploads\/sites\/12\/2019\/10\/polpa-basilico-400g-hires-nodk-5-675x1024.png 675w, https:\/\/mutti-parma.com\/app\/uploads\/sites\/12\/2019\/10\/polpa-basilico-400g-hires-nodk-5-150x228.png 150w, https:\/\/mutti-parma.com\/app\/uploads\/sites\/12\/2019\/10\/polpa-basilico-400g-hires-nodk-5-600x910.png 600w\" loading=\"lazy\" \/><\/div>\n    <\/a>\n  \n  <a class=\"block underline mb-2 mt-2\" href=\"https:\/\/mutti-parma.com\/no\/produkter\/finhakkede-tomater-med-basilikum\/\">\n    <h3 class=\"h4\">Knuste tomater med basilikum<\/h3>\n  <\/a>\n\n      <a class=\"block hover:no-underline text-inherit\" href=\"https:\/\/mutti-parma.com\/no\/produkter\/finhakkede-tomater-med-basilikum\/\">\n      Finhakkede tomater\n    <\/a>\n  <\/div>\n        <\/div>\n              <div class=\"swiper-slide\">\n          <div class=\"text-center hover:lift-img mx-auto max-w-28\">\n      <a href=\"https:\/\/mutti-parma.com\/no\/produkter\/polpa-datterini\/\" class=\"block\">\n            <div class=\"responsive-embed is-contain\" style=\"padding-bottom: 188.23529411765%;\"><img decoding=\"async\" width=\"493\" height=\"643\" src=\"https:\/\/mutti-parma.com\/app\/uploads\/sites\/12\/2024\/01\/polpa-datterini-300g-highres-nordic.png\" class=\"inline-block mt-2 wp-image-10124\" alt=\"Polpa Datterini\" sizes=\"auto, 126px\" data-spai-crop=\"false\" title=\"Polpa Datterini\" srcset=\"https:\/\/mutti-parma.com\/app\/uploads\/sites\/12\/2024\/01\/polpa-datterini-300g-highres-nordic.png 493w, https:\/\/mutti-parma.com\/app\/uploads\/sites\/12\/2024\/01\/polpa-datterini-300g-highres-nordic-383x500.png 383w, https:\/\/mutti-parma.com\/app\/uploads\/sites\/12\/2024\/01\/polpa-datterini-300g-highres-nordic-153x200.png 153w, https:\/\/mutti-parma.com\/app\/uploads\/sites\/12\/2024\/01\/polpa-datterini-300g-highres-nordic-150x196.png 150w\" loading=\"lazy\" \/><\/div>\n    <\/a>\n  \n  <a class=\"block underline mb-2 mt-2\" href=\"https:\/\/mutti-parma.com\/no\/produkter\/polpa-datterini\/\">\n    <h3 class=\"h4\">Polpa Datterini<\/h3>\n  <\/a>\n\n      <a class=\"block hover:no-underline text-inherit\" href=\"https:\/\/mutti-parma.com\/no\/produkter\/polpa-datterini\/\">\n      Finhakkede tomater\n    <\/a>\n  <\/div>\n        <\/div>\n          <\/slideshow>\n  <\/div>\n\n\n\n<div class=\"wp-block-cover alignwide has-background-dim-20 has-background-dim\" style=\"background-image:url(https:\/\/mutti-parma.com\/app\/uploads\/sites\/3\/2020\/12\/table.jpg)\"><div class=\"wp-block-cover__inner-container is-layout-flow wp-block-cover-is-layout-flow\">\n<div class=\"wp-block-media-text alignwide is-stacked-on-mobile is-style-default\" style=\"grid-template-columns:32% auto\"><figure class=\"wp-block-media-text__media\"><img loading=\"lazy\" decoding=\"async\" src=\"https:\/\/mutti-parma.com\/app\/uploads\/sites\/3\/2020\/02\/products-essentials-e1582204403666.png\" alt=\"\" class=\"wp-image-300000352\" sizes=\"(max-width: 600px) 100vw, (min-width: 1440px) 461px,32vw\" data-spai-crop=\"false\" srcset=\"https:\/\/mutti-parma.com\/app\/uploads\/sites\/3\/2020\/02\/products-essentials-e1582204403666.png 565w, https:\/\/mutti-parma.com\/app\/uploads\/sites\/3\/2020\/02\/products-essentials-e1582204403666-200x173.png 200w, https:\/\/mutti-parma.com\/app\/uploads\/sites\/3\/2020\/02\/products-essentials-e1582204403666-500x432.png 500w, https:\/\/mutti-parma.com\/app\/uploads\/sites\/3\/2020\/02\/products-essentials-e1582204403666-150x130.png 150w\" \/><\/figure><div class=\"wp-block-media-text__content\">\n<h2 class=\"wp-block-heading\">Sjekk ut v\u00e5re klassiske produkter<\/h2>\n\n\n\n<p class=\"is-style-cursive\">Oppdag Polpa, Concentrato, Passata og Pelati<\/p>\n\n\n\n<div class=\"wp-block-button\"><a class=\"wp-block-button__link\" href=\"https:\/\/mutti-parma.com\/no\/muttis-klassikere\/\">Sammenlign v\u00e5re klassiske produkter<\/a><\/div>\n<\/div><\/div>\n<\/div><\/div>\n","protected":false},"excerpt":{"rendered":"<p>FINN UT MER OM POLPA N\u00e5r du \u00f8nsker smaken av ferske tomater Hakket, pur\u00e9, konsentrert pur\u00e9 og fl\u00e5dd utgj\u00f8r Mutti Tomato Essentials. De er forskjellige med hensyn til farge, smak og tekstur, og hvert produkt har sin egen karakter og personlighet. Finhakkede tomater har en kraftig r\u00f8dfarge, en fyldig tekstur med de finhakkede bitene og<\/p>\n","protected":false},"featured_media":4753,"comment_status":"open","ping_status":"closed","template":"","product_category":[45],"class_list":["post-2524","product","type-product","status-publish","has-post-thumbnail","hentry","product_category-product-category-626"],"acf":[],"_links":{"self":[{"href":"https:\/\/mutti-parma.com\/no\/wp-json\/wp\/v2\/product\/2524","targetHints":{"allow":["GET"]}}],"collection":[{"href":"https:\/\/mutti-parma.com\/no\/wp-json\/wp\/v2\/product"}],"about":[{"href":"https:\/\/mutti-parma.com\/no\/wp-json\/wp\/v2\/types\/product"}],"replies":[{"embeddable":true,"href":"https:\/\/mutti-parma.com\/no\/wp-json\/wp\/v2\/comments?post=2524"}],"version-history":[{"count":21,"href":"https:\/\/mutti-parma.com\/no\/wp-json\/wp\/v2\/product\/2524\/revisions"}],"predecessor-version":[{"id":10909,"href":"https:\/\/mutti-parma.com\/no\/wp-json\/wp\/v2\/product\/2524\/revisions\/10909"}],"wp:featuredmedia":[{"embeddable":true,"href":"https:\/\/mutti-parma.com\/no\/wp-json\/wp\/v2\/media\/4753"}],"wp:attachment":[{"href":"https:\/\/mutti-parma.com\/no\/wp-json\/wp\/v2\/media?parent=2524"}],"wp:term":[{"taxonomy":"product_category","embeddable":true,"href":"https:\/\/mutti-parma.com\/no\/wp-json\/wp\/v2\/product_category?post=2524"}],"curies":[{"name":"wp","href":"https:\/\/api.w.org\/{rel}","templated":true}]}}