{"id":4776,"date":"2019-10-15T12:04:59","date_gmt":"2019-10-15T12:04:59","guid":{"rendered":"https:\/\/mutti-parma.com\/no\/?post_type=product&#038;p=4776"},"modified":"2023-03-02T14:24:53","modified_gmt":"2023-03-02T14:24:53","slug":"tomatfilet","status":"publish","type":"product","link":"https:\/\/mutti-parma.com\/no\/produkter\/tomatfilet\/","title":{"rendered":"Tomatfileter"},"content":{"rendered":"\n<div style=\"--media-width: 50\" class=\"wp-block-media-text alignwide has-media-on-the-right is-stacked-on-mobile is-style-hero has-background-image\"><img loading=\"lazy\" decoding=\"async\" class=\"wp-block-media-text__background\" alt=\"\" data-spai-crop=\"true\" src=\"https:\/\/mutti-parma.com\/app\/uploads\/sites\/3\/2019\/09\/texture-banner-mutti-default-gradient.jpg\" \/><figure class=\"wp-block-media-text__media\"><img loading=\"lazy\" decoding=\"async\" width=\"675\" height=\"1024\" src=\"https:\/\/mutti-parma.com\/app\/uploads\/sites\/12\/2019\/10\/filetti-400g-nordic-675x1024.png\" alt=\"tomatfilet 400g\" class=\"wp-image-4777\" sizes=\"(min-width: 1440px) 528px,37vw\" data-spai-crop=\"false\" srcset=\"https:\/\/mutti-parma.com\/app\/uploads\/sites\/12\/2019\/10\/filetti-400g-nordic-675x1024.png 675w, https:\/\/mutti-parma.com\/app\/uploads\/sites\/12\/2019\/10\/filetti-400g-nordic-132x200.png 132w, https:\/\/mutti-parma.com\/app\/uploads\/sites\/12\/2019\/10\/filetti-400g-nordic-330x500.png 330w, https:\/\/mutti-parma.com\/app\/uploads\/sites\/12\/2019\/10\/filetti-400g-nordic-768x1165.png 768w, https:\/\/mutti-parma.com\/app\/uploads\/sites\/12\/2019\/10\/filetti-400g-nordic-150x228.png 150w, https:\/\/mutti-parma.com\/app\/uploads\/sites\/12\/2019\/10\/filetti-400g-nordic-600x910.png 600w, https:\/\/mutti-parma.com\/app\/uploads\/sites\/12\/2019\/10\/filetti-400g-nordic.png 1200w\" \/><\/figure><div class=\"wp-block-media-text__content\"><div class=\"acf-breadcrumb my-4 md:my-8 text-center md:text-left\">\n  <nav>\n  <ol class=\"list-none text-md\">\n                  <li class=\"inline\">\n                      <a class=\"text-inherit\" href=\"https:\/\/mutti-parma.com\/no\/\">\n              Mutti Parma Norge\n            <\/a>\n                                <span aria-hidden=\"true\">\/&nbsp;<\/span>\n                  <\/li>\n                        <li class=\"inline\">\n                      <a class=\"text-inherit\" href=\"https:\/\/mutti-parma.com\/no\/produkter\/\">\n              Products\n            <\/a>\n                            <\/li>\n            <\/ol>\n<\/nav>\n<\/div>\n\n\n\n<h1 class=\"has-primary-color wp-block-heading\">Tomatfileter<\/h1>\n\n\n\n<p class=\"has-xxl-font-size is-style-cursive\">Spesialiteter<\/p>\n\n\n\n<p>Mutti tomater i skiver er laget med plommetomater med en intens smak som skrelles og skj\u00e6res i skiver. Vi fjerner skallet fra denne livfullt r\u00f8de frukten, som har frisk smak og kj\u00f8ttfull konsistens. Dette gj\u00f8r den enda lekrere. Passataen som disse tomatene konserveres i, fremhever deres naturlige smak p\u00e5 en perfekt m\u00e5te. Skivene er lette \u00e5 bruke og egner seg for korte tilberedningstider som bevarer den nyplukkede smaken og ideelle formen. <\/p>\n\n\n\n\n<\/div><\/div>\n\n\n<div class=\"acf-product-nutrition-tabs alignwide\">\n  <div class=\"\">\n    <ul class=\"list-none flex justify-center sm:justify-left\">\n                    <li>\n          <a href=\"#howtouse\" class=\"btn-outline \" data-gtm-track data-gtm-event=\"GAevent\" data-gtm-event-id=\"13\" data-gtm-category=\"recipe_information\" data-gtm-action=\"how_to_use\" data-gtm-label=\"tomatfileter\">\n            Hvordan bruke\n          <\/a>\n        <\/li>\n      \n          <\/ul>\n  <\/div>\n\n  <\/div>\n\n\n\n\n\n\n\n\n\n<hr class=\"wp-block-separator alignwide\"\/>\n\n\n<div class=\"acf-comments alignwide my-8\">\n  <div class=\"flex flex-wrap mb-4 items-center text-center sm:text-left px-0 sm:px-2 md:px-0\">\n    <h3 class=\"w-full sm:w-auto is-style-cursive text-primary my-0 leading-none\">Share and review<\/h3>\n    <div class=\"w-full sm:w-auto flex-auto mt-1 sm:ml-8\">\n          <\/div>\n\n          <div class=\"mx-auto sm:ml-0 mt-3 sm:mt-0\">\n                  <div\n  class=\"shariff\"\n  data-button-style=\"icon\"\n  data-mail-body=\"https:\/\/mutti-parma.com\/no\/produkter\/tomatfilet\/\"\n  data-mail-subject=\"Tomatfileter - Mutti\"\n  data-mail-url=\"mailto:\"\n  data-media-url=\"https:\/\/mutti-parma.com\/app\/uploads\/sites\/12\/2019\/10\/filetti-400g-nordic.png\"\n  data-services=\"[&#039;facebook&#039;, &#039;twitter&#039;, &#039;whatsapp&#039;, &#039;pinterest&#039;, &#039;mail&#039;]\"\n><\/div>\n              <\/div>\n      <\/div>\n\n  <div>\n                <\/div>\n<\/div>\n\n\n\n<hr class=\"wp-block-separator alignwide\"\/>\n\n\n\n<div class=\"wp-block-cover alignwide has-background-dim-80 has-darkred-background-color has-background-dim\" style=\"background-image:url(https:\/\/mutti-parma.com\/app\/uploads\/sites\/3\/2019\/09\/tomatoes.jpg)\"><div class=\"wp-block-cover__inner-container is-layout-flow wp-block-cover-is-layout-flow\">\n<div class=\"wp-block-columns alignwide is-layout-flex wp-container-core-columns-is-layout-9d6595d7 wp-block-columns-is-layout-flex\">\n<div class=\"wp-block-column is-layout-flow wp-block-column-is-layout-flow\">\n<h2 class=\"wp-block-heading\" id=\"sustainability\">B\u00c6REKRAFT<\/h2>\n\n\n\n<p class=\"is-style-cursive mb-0\">For oss betyr b\u00e6rekraft respekt for jorden.\u00a0<\/p>\n\n\n\n<h4 class=\"wp-block-heading\">SAMARBEID MED WWF ITALIA<\/h4>\n\n\n\n<p>Mutti har samarbeidet tett med WWF Italia for \u00e5 hjelpe b\u00f8nder med \u00e5 finne b\u00e6rekraftige m\u00e5ter \u00e5 redusere vannforbruket og CO2-utslippene p\u00e5.<\/p>\n\n\n\n<p> WWF Italia satte ikke bare m\u00e5l, men ga ogs\u00e5 jordbrukerne mulighet til \u00e5 analysere og gjennomg\u00e5 data for \u00e5 finne ut hva de selv kunne gj\u00f8re. For eksempel anbefalte organisasjonen bruk av spesielle sensorer som m\u00e5ler fuktighetsinnholdet i jorden og gir nyttig informasjon for \u00e5 underst\u00f8tte effektiv vannbruk. <\/p>\n\n\n\n<p>Mutti investerte i teknologi, utdanning og teknisk st\u00f8tte til b\u00f8nder og landbruksorganisasjoner. Etter at det fem \u00e5r lange prosjektet ble avsluttet, er vi fortsatt like opptatt av \u00e5 minimalisere milj\u00f8p\u00e5virkningen og forbedre hvert ledd i produksjonskjeden.<\/p>\n\n\n<\/div>\n\n\n\n<div class=\"wp-block-column is-layout-flow wp-block-column-is-layout-flow\">\n<h2 class=\"has-text-align-center wp-block-heading\">RESULTATER:<\/h2>\n\n\n\n<div class=\"wp-block-columns is-layout-flex wp-container-core-columns-is-layout-9d6595d7 wp-block-columns-is-layout-flex\">\n<div class=\"wp-block-column is-layout-flow wp-block-column-is-layout-flow\">\n<div class=\"wp-block-image\"><figure class=\"aligncenter size-large is-resized\"><img loading=\"lazy\" decoding=\"async\" src=\"https:\/\/mutti-parma.com\/app\/uploads\/sites\/3\/2019\/09\/icon-sustainable-water.svg\" alt=\"\" class=\"wp-image-30000085\" width=\"53\" height=\"91\" \/><\/figure><\/div>\n\n\n\n<h4 class=\"has-text-align-center wp-block-heading\">+1 000 MILLIONER LITER VANN SPART.<\/h4>\n\n\n\n<p class=\"has-text-align-center has-sm-font-size\">* fra 2012 til 2014 (Kilde: Data innhentet av CMCC, WWF og Mediterranean Climate Change Center i Italia)<\/p>\n<\/div>\n\n\n\n<div class=\"wp-block-column is-layout-flow wp-block-column-is-layout-flow\">\n<div class=\"wp-block-image\"><figure class=\"aligncenter size-large is-resized\"><img loading=\"lazy\" decoding=\"async\" src=\"https:\/\/mutti-parma.com\/app\/uploads\/sites\/3\/2019\/09\/icon-sustainable-co2.svg\" alt=\"\" class=\"wp-image-30000086\" width=\"114\" height=\"88\" \/><\/figure><\/div>\n\n\n\n<h4 class=\"has-text-align-center wp-block-heading\">+ 31 530 TONN CO2 (KARBONDIOKSID) UNNG\u00c5TT.<\/h4>\n\n\n\n<p class=\"has-text-align-center has-sm-font-size\">* fra 2010 til 2015 sammenlignet med 2009-niv\u00e5ene (Kilde: Data innhentet av WWF Italia og energieffektiviseringsgruppen Officinae Verdi)<\/p>\n<\/div>\n<\/div>\n<\/div>\n<\/div>\n<\/div><\/div>\n\n\n\n<p class=\"has-text-align-center has-xxl-font-size is-style-cursive\">N\u00e5 som du vet mer om produktene v\u00e5re \u2013 p\u00e5 tide \u00e5 lage mat!<\/p>\n\n\n\n<h2 class=\"has-text-align-center wp-block-heading\" id=\"howtouse\">HVODAN BRUKE DEN<\/h2>\n\n\n\n<p class=\"has-text-align-center\">Vil du f\u00f8le deg som en mesterkokk? Bruk filet-tomater til \u00e5 lage: tradisjonelle middelhavsoppskrifter, dekorasjoner p\u00e5 velsmakende paier.<\/p>\n\n\n\n\n\n\n<div class=\"acf-related-products mb-8 lg:mb-16 \" data-vue-wrapper>\n      <h3 class=\"text-center\">Andre produkter i produktlinjen<\/h3>\n  \n      <slideshow :slides-per-view=\"3\" :navigation=\"true\" class=\"mx-8 lg:-mx-12\" name=\"Related Products\">\n              <div class=\"swiper-slide\">\n          <div class=\"text-center hover:lift-img mx-auto max-w-28\">\n      <a href=\"https:\/\/mutti-parma.com\/no\/produkter\/cherrytomater\/\" class=\"block\">\n            <div class=\"responsive-embed is-contain\" style=\"padding-bottom: 188.23529411765%;\"><img decoding=\"async\" width=\"768\" height=\"1165\" src=\"https:\/\/mutti-parma.com\/app\/uploads\/sites\/12\/2019\/09\/pomodorini-400g-highres-nordic-768x1165.png\" class=\"inline-block mt-2 wp-image-4744\" alt=\"Cherrytomater\" sizes=\"auto, 126px\" data-spai-crop=\"false\" title=\"Cherrytomater\" srcset=\"https:\/\/mutti-parma.com\/app\/uploads\/sites\/12\/2019\/09\/pomodorini-400g-highres-nordic-768x1165.png 768w, https:\/\/mutti-parma.com\/app\/uploads\/sites\/12\/2019\/09\/pomodorini-400g-highres-nordic-768x1165-132x200.png 132w, https:\/\/mutti-parma.com\/app\/uploads\/sites\/12\/2019\/09\/pomodorini-400g-highres-nordic-768x1165-330x500.png 330w, https:\/\/mutti-parma.com\/app\/uploads\/sites\/12\/2019\/09\/pomodorini-400g-highres-nordic-768x1165-675x1024.png 675w, https:\/\/mutti-parma.com\/app\/uploads\/sites\/12\/2019\/09\/pomodorini-400g-highres-nordic-768x1165-150x228.png 150w, https:\/\/mutti-parma.com\/app\/uploads\/sites\/12\/2019\/09\/pomodorini-400g-highres-nordic-768x1165-600x910.png 600w\" loading=\"lazy\" \/><\/div>\n    <\/a>\n  \n  <a class=\"block underline mb-2 mt-2\" href=\"https:\/\/mutti-parma.com\/no\/produkter\/cherrytomater\/\">\n    <h3 class=\"h4\">Cherrytomater<\/h3>\n  <\/a>\n\n      <a class=\"block hover:no-underline text-inherit\" href=\"https:\/\/mutti-parma.com\/no\/produkter\/cherrytomater\/\">\n      Spesialiteter\n    <\/a>\n  <\/div>\n        <\/div>\n              <div class=\"swiper-slide\">\n          <div class=\"text-center hover:lift-img mx-auto max-w-28\">\n      <a href=\"https:\/\/mutti-parma.com\/no\/produkter\/hele-fladde-san-marzano-tomater\/\" class=\"block\">\n            <div class=\"responsive-embed is-contain\" style=\"padding-bottom: 188.23529411765%;\"><img decoding=\"async\" width=\"1200\" height=\"1820\" src=\"https:\/\/mutti-parma.com\/app\/uploads\/sites\/12\/2019\/09\/san-marzano-400g-nordic-1.png\" class=\"inline-block mt-2 wp-image-4774\" alt=\"San Marzano tomater\" sizes=\"auto, 126px\" data-spai-crop=\"false\" title=\"San Marzano tomater\" srcset=\"https:\/\/mutti-parma.com\/app\/uploads\/sites\/12\/2019\/09\/san-marzano-400g-nordic-1.png 1200w, https:\/\/mutti-parma.com\/app\/uploads\/sites\/12\/2019\/09\/san-marzano-400g-nordic-1-132x200.png 132w, https:\/\/mutti-parma.com\/app\/uploads\/sites\/12\/2019\/09\/san-marzano-400g-nordic-1-330x500.png 330w, https:\/\/mutti-parma.com\/app\/uploads\/sites\/12\/2019\/09\/san-marzano-400g-nordic-1-768x1165.png 768w, https:\/\/mutti-parma.com\/app\/uploads\/sites\/12\/2019\/09\/san-marzano-400g-nordic-1-675x1024.png 675w, https:\/\/mutti-parma.com\/app\/uploads\/sites\/12\/2019\/09\/san-marzano-400g-nordic-1-150x228.png 150w, https:\/\/mutti-parma.com\/app\/uploads\/sites\/12\/2019\/09\/san-marzano-400g-nordic-1-600x910.png 600w\" loading=\"lazy\" \/><\/div>\n    <\/a>\n  \n  <a class=\"block underline mb-2 mt-2\" href=\"https:\/\/mutti-parma.com\/no\/produkter\/hele-fladde-san-marzano-tomater\/\">\n    <h3 class=\"h4\">San Marzano tomater<\/h3>\n  <\/a>\n\n      <a class=\"block hover:no-underline text-inherit\" href=\"https:\/\/mutti-parma.com\/no\/produkter\/hele-fladde-san-marzano-tomater\/\">\n      Spesialiteter\n    <\/a>\n  <\/div>\n        <\/div>\n              <div class=\"swiper-slide\">\n          <div class=\"text-center hover:lift-img mx-auto max-w-28\">\n      <a href=\"https:\/\/mutti-parma.com\/no\/produkter\/datterini-tomater\/\" class=\"block\">\n            <div class=\"responsive-embed is-contain\" style=\"padding-bottom: 188.23529411765%;\"><img decoding=\"async\" width=\"1200\" height=\"1820\" src=\"https:\/\/mutti-parma.com\/app\/uploads\/sites\/3\/2019\/09\/datterini-400g-hires-y.png\" class=\"inline-block mt-2 wp-image-300000201\" alt=\"datterini tomater 400g\" sizes=\"auto, 126px\" data-spai-crop=\"false\" srcset=\"https:\/\/mutti-parma.com\/app\/uploads\/sites\/3\/2019\/09\/datterini-400g-hires-y.png 1200w, https:\/\/mutti-parma.com\/app\/uploads\/sites\/3\/2019\/09\/datterini-400g-hires-y-132x200.png 132w, https:\/\/mutti-parma.com\/app\/uploads\/sites\/3\/2019\/09\/datterini-400g-hires-y-330x500.png 330w, https:\/\/mutti-parma.com\/app\/uploads\/sites\/3\/2019\/09\/datterini-400g-hires-y-768x1165.png 768w, https:\/\/mutti-parma.com\/app\/uploads\/sites\/3\/2019\/09\/datterini-400g-hires-y-675x1024.png 675w, https:\/\/mutti-parma.com\/app\/uploads\/sites\/3\/2019\/09\/datterini-400g-hires-y-150x228.png 150w, https:\/\/mutti-parma.com\/app\/uploads\/sites\/3\/2019\/09\/datterini-400g-hires-y-600x910.png 600w\" loading=\"lazy\" \/><\/div>\n    <\/a>\n  \n  <a class=\"block underline mb-2 mt-2\" href=\"https:\/\/mutti-parma.com\/no\/produkter\/datterini-tomater\/\">\n    <h3 class=\"h4\">Datterini tomater<\/h3>\n  <\/a>\n\n      <a class=\"block hover:no-underline text-inherit\" href=\"https:\/\/mutti-parma.com\/no\/produkter\/datterini-tomater\/\">\n      Spesialiteter\n    <\/a>\n  <\/div>\n        <\/div>\n          <\/slideshow>\n  <\/div>\n\n\n\n<div class=\"wp-block-cover alignwide has-background-dim-20 has-background-dim\" style=\"background-image:url(https:\/\/mutti-parma.com\/app\/uploads\/sites\/3\/2020\/12\/table.jpg)\"><div class=\"wp-block-cover__inner-container is-layout-flow wp-block-cover-is-layout-flow\">\n<div class=\"wp-block-media-text alignwide is-stacked-on-mobile is-style-default\" style=\"grid-template-columns:32% auto\"><figure class=\"wp-block-media-text__media\"><img loading=\"lazy\" decoding=\"async\" src=\"https:\/\/mutti-parma.com\/app\/uploads\/sites\/3\/2020\/02\/products-essentials-e1582204403666.png\" alt=\"\" class=\"wp-image-300000352\" sizes=\"(max-width: 600px) 100vw, (min-width: 1440px) 461px,32vw\" data-spai-crop=\"false\" srcset=\"https:\/\/mutti-parma.com\/app\/uploads\/sites\/3\/2020\/02\/products-essentials-e1582204403666.png 565w, https:\/\/mutti-parma.com\/app\/uploads\/sites\/3\/2020\/02\/products-essentials-e1582204403666-200x173.png 200w, https:\/\/mutti-parma.com\/app\/uploads\/sites\/3\/2020\/02\/products-essentials-e1582204403666-500x432.png 500w, https:\/\/mutti-parma.com\/app\/uploads\/sites\/3\/2020\/02\/products-essentials-e1582204403666-150x130.png 150w\" \/><\/figure><div class=\"wp-block-media-text__content\">\n<h2 class=\"wp-block-heading\">Sjekk ut v\u00e5re klassiske produkter<\/h2>\n\n\n\n<p class=\"is-style-cursive\">Oppdag Polpa, Concentrato, Passata og Pelati<\/p>\n\n\n\n<div class=\"wp-block-button\"><a class=\"wp-block-button__link\" href=\"https:\/\/mutti-parma.com\/no\/muttis-klassikere\/\">Sammenlign v\u00e5re klassiske produkter<\/a><\/div>\n<\/div><\/div>\n<\/div><\/div>\n","protected":false},"excerpt":{"rendered":"<p>N\u00e5 som du vet mer om produktene v\u00e5re \u2013 p\u00e5 tide \u00e5 lage mat! HVODAN BRUKE DEN Vil du f\u00f8le deg som en mesterkokk? Bruk filet-tomater til \u00e5 lage: tradisjonelle middelhavsoppskrifter, dekorasjoner p\u00e5 velsmakende paier.<\/p>\n","protected":false},"featured_media":4777,"comment_status":"open","ping_status":"closed","template":"","product_category":[],"class_list":["post-4776","product","type-product","status-publish","has-post-thumbnail","hentry"],"acf":[],"_links":{"self":[{"href":"https:\/\/mutti-parma.com\/no\/wp-json\/wp\/v2\/product\/4776","targetHints":{"allow":["GET"]}}],"collection":[{"href":"https:\/\/mutti-parma.com\/no\/wp-json\/wp\/v2\/product"}],"about":[{"href":"https:\/\/mutti-parma.com\/no\/wp-json\/wp\/v2\/types\/product"}],"replies":[{"embeddable":true,"href":"https:\/\/mutti-parma.com\/no\/wp-json\/wp\/v2\/comments?post=4776"}],"version-history":[{"count":10,"href":"https:\/\/mutti-parma.com\/no\/wp-json\/wp\/v2\/product\/4776\/revisions"}],"predecessor-version":[{"id":9411,"href":"https:\/\/mutti-parma.com\/no\/wp-json\/wp\/v2\/product\/4776\/revisions\/9411"}],"wp:featuredmedia":[{"embeddable":true,"href":"https:\/\/mutti-parma.com\/no\/wp-json\/wp\/v2\/media\/4777"}],"wp:attachment":[{"href":"https:\/\/mutti-parma.com\/no\/wp-json\/wp\/v2\/media?parent=4776"}],"wp:term":[{"taxonomy":"product_category","embeddable":true,"href":"https:\/\/mutti-parma.com\/no\/wp-json\/wp\/v2\/product_category?post=4776"}],"curies":[{"name":"wp","href":"https:\/\/api.w.org\/{rel}","templated":true}]}}