{"id":9444,"date":"2023-03-23T09:58:23","date_gmt":"2023-03-23T09:58:23","guid":{"rendered":"https:\/\/mutti-parma.com\/no\/?post_type=product&#038;p=9444"},"modified":"2025-03-26T13:21:05","modified_gmt":"2025-03-26T13:21:05","slug":"klassiske-pizzasaus","status":"publish","type":"product","link":"https:\/\/mutti-parma.com\/no\/produkter\/klassiske-pizzasaus\/","title":{"rendered":"Klassiske pizzasaus"},"content":{"rendered":"\n<div style=\"--media-width: 50\" class=\"wp-block-media-text alignwide has-media-on-the-right is-stacked-on-mobile is-style-hero has-background-image\"><img loading=\"lazy\" decoding=\"async\" class=\"wp-block-media-text__background\" alt=\"\" data-spai-crop=\"true\" src=\"https:\/\/mutti-parma.com\/app\/uploads\/sites\/12\/2023\/03\/16-pizza-saucenew.png\" \/><div class=\"wp-block-media-text__content\"><div class=\"acf-breadcrumb my-4 md:my-8 text-center md:text-left\">\n  <nav>\n  <ol class=\"list-none text-md\">\n                  <li class=\"inline\">\n                      <a class=\"text-inherit\" href=\"https:\/\/mutti-parma.com\/no\/\">\n              Mutti Parma Norge\n            <\/a>\n                                <span aria-hidden=\"true\">\/&nbsp;<\/span>\n                  <\/li>\n                        <li class=\"inline\">\n                      <a class=\"text-inherit\" href=\"https:\/\/mutti-parma.com\/no\/produkter\/\">\n              Products\n            <\/a>\n                            <\/li>\n            <\/ol>\n<\/nav>\n<\/div>\n\n\n\n<h1 class=\"wp-block-heading has-primary-color has-text-color\">Klassiske pizzasaus<\/h1>\n\n\n\n<p class=\"is-style-cursive has-xxl-font-size\">Pizzasaus<\/p>\n\n\n\n<p class=\"has-text-align-left\">I over 125 \u00e5r har Mutti-familien dyrket tomater med stor lidenskap, og de velger kun de beste solmodne tomatene. Pizzasausen Classica er en ferdiglaget saus som har de tradisjonelle smakene av italiensk pizza<br>: kun tomater og litt salt. Den perfekte sausen for deg som ikke vil lage saus selv, men \u00f8nsker \u00e5 nyte smakene av ekte napolitansk pizza!<\/p>\n\n\n\n\n<div class=\"acf-characteristics\">\n  <div class=\"flex flex-wrap -m-2 justify-center sm:justify-between\">\n          <div class=\"m-2 w-24 text-center\">\n        <div style=\"height: 41px; width: 80px;\" class=\"mx-auto flex items-end justify-center mx-auto\">\n                      <img decoding=\"async\" width=\"78\" height=\"29\" src=\"https:\/\/mutti-parma.com\/app\/uploads\/sites\/12\/2023\/03\/riksmak.svg\" class=\"w-full wp-image-9462\" alt=\"\" style=\"max-height: 43px; max-width: 80px;\" loading=\"lazy\" \/>\n                  <\/div>\n        <p class=\"h6 text-inherit mt-3\">Rik smak<\/p>\n      <\/div>\n          <div class=\"m-2 w-24 text-center\">\n        <div style=\"height: 41px; width: 80px;\" class=\"mx-auto flex items-end justify-center mx-auto\">\n                      <img decoding=\"async\" width=\"91\" height=\"45\" src=\"https:\/\/mutti-parma.com\/app\/uploads\/sites\/12\/2023\/03\/temperaturer.svg\" class=\"w-full wp-image-9465\" alt=\"\" style=\"max-height: 43px; max-width: 80px;\" loading=\"lazy\" \/>\n                  <\/div>\n        <p class=\"h6 text-inherit mt-3\">Ogs\u00e5 egnet for h\u00f8ye temperaturer<\/p>\n      <\/div>\n          <div class=\"m-2 w-24 text-center\">\n        <div style=\"height: 41px; width: 80px;\" class=\"mx-auto flex items-end justify-center mx-auto\">\n                      <img decoding=\"async\" width=\"88\" height=\"23\" src=\"https:\/\/mutti-parma.com\/app\/uploads\/sites\/12\/2023\/03\/stralanderodfarge.svg\" class=\"w-full wp-image-9464\" alt=\"\" style=\"max-height: 43px; max-width: 80px;\" loading=\"lazy\" \/>\n                  <\/div>\n        <p class=\"h6 text-inherit mt-3\">Str\u00e5lende r\u00f8dfarge<\/p>\n      <\/div>\n          <div class=\"m-2 w-24 text-center\">\n        <div style=\"height: 41px; width: 80px;\" class=\"mx-auto flex items-end justify-center mx-auto\">\n                      <img decoding=\"async\" width=\"67\" height=\"50\" src=\"https:\/\/mutti-parma.com\/app\/uploads\/sites\/12\/2023\/03\/sjeneroskonsistens.svg\" class=\"w-full wp-image-9463\" alt=\"\" style=\"max-height: 43px; max-width: 80px;\" loading=\"lazy\" \/>\n                  <\/div>\n        <p class=\"h6 text-inherit mt-3\">Sjener\u00f8s konsistens<\/p>\n      <\/div>\n      <\/div>\n<\/div>\n\n\n<div class=\"acf-product-find-store\">\n  <\/div>\n<\/div><figure class=\"wp-block-media-text__media\"><img loading=\"lazy\" decoding=\"async\" width=\"741\" height=\"1024\" src=\"https:\/\/mutti-parma.com\/app\/uploads\/sites\/12\/2023\/03\/65070--9328-101-pizza-sauce-classica-scand-400g-def-clip-art-png-6-2-741x1024.png\" alt=\"\" class=\"wp-image-10945 size-full\" sizes=\"(min-width: 1440px) 528px,37vw\" data-spai-crop=\"false\" srcset=\"https:\/\/mutti-parma.com\/app\/uploads\/sites\/12\/2023\/03\/65070--9328-101-pizza-sauce-classica-scand-400g-def-clip-art-png-6-2-741x1024.png 741w, https:\/\/mutti-parma.com\/app\/uploads\/sites\/12\/2023\/03\/65070--9328-101-pizza-sauce-classica-scand-400g-def-clip-art-png-6-2-362x500.png 362w, https:\/\/mutti-parma.com\/app\/uploads\/sites\/12\/2023\/03\/65070--9328-101-pizza-sauce-classica-scand-400g-def-clip-art-png-6-2-145x200.png 145w, https:\/\/mutti-parma.com\/app\/uploads\/sites\/12\/2023\/03\/65070--9328-101-pizza-sauce-classica-scand-400g-def-clip-art-png-6-2-768x1062.png 768w, https:\/\/mutti-parma.com\/app\/uploads\/sites\/12\/2023\/03\/65070--9328-101-pizza-sauce-classica-scand-400g-def-clip-art-png-6-2-150x207.png 150w, https:\/\/mutti-parma.com\/app\/uploads\/sites\/12\/2023\/03\/65070--9328-101-pizza-sauce-classica-scand-400g-def-clip-art-png-6-2-600x829.png 600w, https:\/\/mutti-parma.com\/app\/uploads\/sites\/12\/2023\/03\/65070--9328-101-pizza-sauce-classica-scand-400g-def-clip-art-png-6-2-1111x1536.png 1111w, https:\/\/mutti-parma.com\/app\/uploads\/sites\/12\/2023\/03\/65070--9328-101-pizza-sauce-classica-scand-400g-def-clip-art-png-6-2-1481x2048.png 1481w\" \/><\/figure><\/div>\n\n\n\n<hr class=\"wp-block-separator has-alpha-channel-opacity alignwide\"\/>\n\n\n<div class=\"acf-comments alignwide my-8\">\n  <div class=\"flex flex-wrap mb-4 items-center text-center sm:text-left px-0 sm:px-2 md:px-0\">\n    <h3 class=\"w-full sm:w-auto is-style-cursive text-primary my-0 leading-none\">Share and review<\/h3>\n    <div class=\"w-full sm:w-auto flex-auto mt-1 sm:ml-8\">\n          <\/div>\n\n          <div class=\"mx-auto sm:ml-0 mt-3 sm:mt-0\">\n                  <div\n  class=\"shariff\"\n  data-button-style=\"icon\"\n  data-mail-body=\"https:\/\/mutti-parma.com\/no\/produkter\/klassiske-pizzasaus\/\"\n  data-mail-subject=\"Klassiske pizzasaus - Mutti\"\n  data-mail-url=\"mailto:\"\n  data-media-url=\"https:\/\/mutti-parma.com\/app\/uploads\/sites\/12\/2023\/03\/65070--9328-101-pizza-sauce-classica-scand-400g-def-clip-art-png-6-2.png\"\n  data-services=\"[&#039;facebook&#039;, &#039;twitter&#039;, &#039;whatsapp&#039;, &#039;pinterest&#039;, &#039;mail&#039;]\"\n><\/div>\n              <\/div>\n      <\/div>\n\n  <div>\n                <\/div>\n<\/div>\n\n\n\n<hr class=\"wp-block-separator has-alpha-channel-opacity alignwide\"\/>\n\n\n\n<div class=\"wp-block-cover alignwide has-background-dim-80 has-darkred-background-color has-background-dim\" style=\"background-image:url(https:\/\/mutti-parma.com\/app\/uploads\/sites\/3\/2019\/09\/tomatoes.jpg)\"><div class=\"wp-block-cover__inner-container is-layout-flow wp-block-cover-is-layout-flow\">\n<div class=\"wp-block-columns alignwide is-layout-flex wp-container-core-columns-is-layout-9d6595d7 wp-block-columns-is-layout-flex\">\n<div class=\"wp-block-column is-layout-flow wp-block-column-is-layout-flow\">\n<h2 class=\"wp-block-heading\" id=\"sustainability\">B\u00c6REKRAFT<\/h2>\n\n\n\n<p class=\"is-style-cursive mb-0\">For oss betyr b\u00e6rekraft respekt for jorden.\u00a0<\/p>\n\n\n\n<h4 class=\"wp-block-heading\">SAMARBEID MED WWF ITALIA<\/h4>\n\n\n\n<p>Mutti har samarbeidet tett med WWF Italia for \u00e5 hjelpe b\u00f8nder med \u00e5 finne b\u00e6rekraftige m\u00e5ter \u00e5 redusere vannforbruket og CO2-utslippene p\u00e5.<\/p>\n\n\n\n<p> WWF Italia satte ikke bare m\u00e5l, men ga ogs\u00e5 jordbrukerne mulighet til \u00e5 analysere og gjennomg\u00e5 data for \u00e5 finne ut hva de selv kunne gj\u00f8re. For eksempel anbefalte organisasjonen bruk av spesielle sensorer som m\u00e5ler fuktighetsinnholdet i jorden og gir nyttig informasjon for \u00e5 underst\u00f8tte effektiv vannbruk. <\/p>\n\n\n\n<p>Mutti investerte i teknologi, utdanning og teknisk st\u00f8tte til b\u00f8nder og landbruksorganisasjoner. Etter at det fem \u00e5r lange prosjektet ble avsluttet, er vi fortsatt like opptatt av \u00e5 minimalisere milj\u00f8p\u00e5virkningen og forbedre hvert ledd i produksjonskjeden.<\/p>\n\n\n<\/div>\n\n\n\n<div class=\"wp-block-column is-layout-flow wp-block-column-is-layout-flow\">\n<h2 class=\"has-text-align-center wp-block-heading\">RESULTATER:<\/h2>\n\n\n\n<div class=\"wp-block-columns is-layout-flex wp-container-core-columns-is-layout-9d6595d7 wp-block-columns-is-layout-flex\">\n<div class=\"wp-block-column is-layout-flow wp-block-column-is-layout-flow\">\n<div class=\"wp-block-image\"><figure class=\"aligncenter size-large is-resized\"><img loading=\"lazy\" decoding=\"async\" src=\"https:\/\/mutti-parma.com\/app\/uploads\/sites\/3\/2019\/09\/icon-sustainable-water.svg\" alt=\"\" class=\"wp-image-30000085\" width=\"53\" height=\"91\" \/><\/figure><\/div>\n\n\n\n<h4 class=\"has-text-align-center wp-block-heading\">+1 000 MILLIONER LITER VANN SPART.<\/h4>\n\n\n\n<p class=\"has-text-align-center has-sm-font-size\">* fra 2012 til 2014 (Kilde: Data innhentet av CMCC, WWF og Mediterranean Climate Change Center i Italia)<\/p>\n<\/div>\n\n\n\n<div class=\"wp-block-column is-layout-flow wp-block-column-is-layout-flow\">\n<div class=\"wp-block-image\"><figure class=\"aligncenter size-large is-resized\"><img loading=\"lazy\" decoding=\"async\" src=\"https:\/\/mutti-parma.com\/app\/uploads\/sites\/3\/2019\/09\/icon-sustainable-co2.svg\" alt=\"\" class=\"wp-image-30000086\" width=\"114\" height=\"88\" \/><\/figure><\/div>\n\n\n\n<h4 class=\"has-text-align-center wp-block-heading\">+ 31 530 TONN CO2 (KARBONDIOKSID) UNNG\u00c5TT.<\/h4>\n\n\n\n<p class=\"has-text-align-center has-sm-font-size\">* fra 2010 til 2015 sammenlignet med 2009-niv\u00e5ene (Kilde: Data innhentet av WWF Italia og energieffektiviseringsgruppen Officinae Verdi)<\/p>\n<\/div>\n<\/div>\n<\/div>\n<\/div>\n<\/div><\/div>\n\n\n<div class=\"acf-related-recipes alignwide pb-8 \" data-vue-wrapper>\n      <slideshow :slides-per-view=\"3\" :navigation=\"true\" name=\"Related Recipes\">\n              <div class=\"swiper-slide\">\n          <div class=\"teaser--recipe text-center hover:zoom-img\">\n      <a href=\"https:\/\/mutti-parma.com\/no\/tomatoppskrifter\/vegetar-pizza\/\" class=\"relative block mb-4 max-w-96 mx-auto\" aria-hidden=\"true\" tabindex=\"-1\">\n      <div class=\"responsive-embed \" style=\"padding-bottom: 108.79765395894%;\">\n                <img decoding=\"async\" width=\"2560\" height=\"1707\" src=\"https:\/\/mutti-parma.com\/app\/uploads\/sites\/12\/2024\/10\/ww-recipe-polpa-veggie-pizza-4-scaled.jpg\" class=\"inline-block wp-image-10801\" alt=\"Vegetar pizza\" sizes=\"auto, (max-width: 600px) 72vw, 431px\" data-spai-crop=\"true\" title=\"Vegetar pizza\" srcset=\"https:\/\/mutti-parma.com\/app\/uploads\/sites\/12\/2024\/10\/ww-recipe-polpa-veggie-pizza-4-scaled.jpg 2560w, https:\/\/mutti-parma.com\/app\/uploads\/sites\/12\/2024\/10\/ww-recipe-polpa-veggie-pizza-4-500x333.jpg 500w, https:\/\/mutti-parma.com\/app\/uploads\/sites\/12\/2024\/10\/ww-recipe-polpa-veggie-pizza-4-1024x683.jpg 1024w, https:\/\/mutti-parma.com\/app\/uploads\/sites\/12\/2024\/10\/ww-recipe-polpa-veggie-pizza-4-200x133.jpg 200w, https:\/\/mutti-parma.com\/app\/uploads\/sites\/12\/2024\/10\/ww-recipe-polpa-veggie-pizza-4-768x512.jpg 768w, https:\/\/mutti-parma.com\/app\/uploads\/sites\/12\/2024\/10\/ww-recipe-polpa-veggie-pizza-4-150x100.jpg 150w, https:\/\/mutti-parma.com\/app\/uploads\/sites\/12\/2024\/10\/ww-recipe-polpa-veggie-pizza-4-600x400.jpg 600w, https:\/\/mutti-parma.com\/app\/uploads\/sites\/12\/2024\/10\/ww-recipe-polpa-veggie-pizza-4-1536x1024.jpg 1536w, https:\/\/mutti-parma.com\/app\/uploads\/sites\/12\/2024\/10\/ww-recipe-polpa-veggie-pizza-4-2048x1365.jpg 2048w\" loading=\"lazy\" \/>\n      <\/div>\n\n          <\/a>\n  \n  \n      <a class=\"is-style-cursive heading block text-primary leading-none\" href=\"https:\/\/mutti-parma.com\/no\/produkter\/klassiske-pizzasaus\/\">\n      Klassiske pizzasaus\n    <\/a>\n  \n  <a class=\"block my-4\" href=\"https:\/\/mutti-parma.com\/no\/tomatoppskrifter\/vegetar-pizza\/\">\n          <h3>Vegetar pizza<\/h3>\n      <\/a>\n\n  \n  <div class=\"flex items-center justify-center my-4\">\n    <div class=\"-ml-2 mr-2 pr-4 border-primary border-r-2 pt-2\">\n    <p class=\"flex flex-wrap items-end font-heavy text-primary leading-none justify-center\">\n      <img decoding=\"async\" alt=\"Total time\" class=\"w-10 md:w-12 mx-3 mb-2\" src=\"https:\/\/mutti-parma.com\/app\/themes\/mutti\/dist\/images\/icons\/mutti-product-icons-reduced-cooking-time.svg?id=dc737ade6befaad1eaaf\" width=\"54\" height=\"26\" loading=\"lazy\">\n      <span class=\"mb-2\">\n        1h\n      <\/span>\n    <\/p>\n  <\/div>\n  <div class=\"pt-2\">\n    <p class=\"flex flex-wrap items-end font-heavy uppercase text-primary leading-none justify-center\">\n      <img decoding=\"async\" alt=\"Difficulty\" class=\"w-10 md:w-12 mx-3 mb-2\" src=\"https:\/\/mutti-parma.com\/app\/themes\/mutti\/dist\/images\/icons\/mutti-product-icons-stove-top.svg?id=5f4b0df898a96e10ac63\" width=\"54\" height=\"18\" loading=\"lazy\">\n      <span class=\"mb-2\">\n        Vanskelig\n      <\/span>\n    <\/p>\n  <\/div>\n  <\/div>\n<\/div>\n        <\/div>\n              <div class=\"swiper-slide\">\n          <div class=\"teaser--recipe text-center hover:zoom-img\">\n      <a href=\"https:\/\/mutti-parma.com\/no\/tomatoppskrifter\/pizza-med-kirsebaer\/\" class=\"relative block mb-4 max-w-96 mx-auto\" aria-hidden=\"true\" tabindex=\"-1\">\n      <div class=\"responsive-embed \" style=\"padding-bottom: 108.79765395894%;\">\n                <img decoding=\"async\" width=\"2560\" height=\"1922\" src=\"https:\/\/mutti-parma.com\/app\/uploads\/sites\/12\/2024\/10\/cherry-pizza-scaled.jpg\" class=\"inline-block wp-image-10747\" alt=\"Pizza med kirseb\u00e6r\" sizes=\"auto, (max-width: 600px) 72vw, 431px\" data-spai-crop=\"true\" title=\"Pizza med kirseb\u00e6r\" srcset=\"https:\/\/mutti-parma.com\/app\/uploads\/sites\/12\/2024\/10\/cherry-pizza-scaled.jpg 2560w, https:\/\/mutti-parma.com\/app\/uploads\/sites\/12\/2024\/10\/cherry-pizza-500x375.jpg 500w, https:\/\/mutti-parma.com\/app\/uploads\/sites\/12\/2024\/10\/cherry-pizza-1024x769.jpg 1024w, https:\/\/mutti-parma.com\/app\/uploads\/sites\/12\/2024\/10\/cherry-pizza-200x150.jpg 200w, https:\/\/mutti-parma.com\/app\/uploads\/sites\/12\/2024\/10\/cherry-pizza-768x576.jpg 768w, https:\/\/mutti-parma.com\/app\/uploads\/sites\/12\/2024\/10\/cherry-pizza-150x113.jpg 150w, https:\/\/mutti-parma.com\/app\/uploads\/sites\/12\/2024\/10\/cherry-pizza-600x450.jpg 600w, https:\/\/mutti-parma.com\/app\/uploads\/sites\/12\/2024\/10\/cherry-pizza-1536x1153.jpg 1536w, https:\/\/mutti-parma.com\/app\/uploads\/sites\/12\/2024\/10\/cherry-pizza-2048x1537.jpg 2048w, https:\/\/mutti-parma.com\/app\/uploads\/sites\/12\/2024\/10\/cherry-pizza-800x600.jpg 800w\" loading=\"lazy\" \/>\n      <\/div>\n\n          <\/a>\n  \n  \n      <a class=\"is-style-cursive heading block text-primary leading-none\" href=\"https:\/\/mutti-parma.com\/no\/produkter\/klassiske-pizzasaus\/\">\n      Klassiske pizzasaus\n    <\/a>\n  \n  <a class=\"block my-4\" href=\"https:\/\/mutti-parma.com\/no\/tomatoppskrifter\/pizza-med-kirsebaer\/\">\n          <h3>Pizza med kirseb\u00e6r<\/h3>\n      <\/a>\n\n      <a class=\"block hover:no-underline text-black\" href=\"https:\/\/mutti-parma.com\/no\/tomatoppskrifter\/pizza-med-kirsebaer\/\">\n      Skap en uforglemmelig vri p\u00e5 en klassiker med v\u00e5r Tomatpizza med kirseb\u00e6r! Her kombineres den fyldige smaken fra Mutti Classic pizzasaus med s\u00f8dmen fra ferske kirseb\u00e6r. Den toppes med kremete burrata og smakfull basilikum og blir dermed en helt unik matrett. Gj\u00f8r deg klar til \u00e5 imponere med denne helt uventede smakskombinasjonen!\n    <\/a>\n  \n  <div class=\"flex items-center justify-center my-4\">\n    <div class=\"-ml-2 mr-2 pr-4 border-primary border-r-2 pt-2\">\n    <p class=\"flex flex-wrap items-end font-heavy text-primary leading-none justify-center\">\n      <img decoding=\"async\" alt=\"Total time\" class=\"w-10 md:w-12 mx-3 mb-2\" src=\"https:\/\/mutti-parma.com\/app\/themes\/mutti\/dist\/images\/icons\/mutti-product-icons-reduced-cooking-time.svg?id=dc737ade6befaad1eaaf\" width=\"54\" height=\"26\" loading=\"lazy\">\n      <span class=\"mb-2\">\n        2h\n      <\/span>\n    <\/p>\n  <\/div>\n  <div class=\"pt-2\">\n    <p class=\"flex flex-wrap items-end font-heavy uppercase text-primary leading-none justify-center\">\n      <img decoding=\"async\" alt=\"Difficulty\" class=\"w-10 md:w-12 mx-3 mb-2\" src=\"https:\/\/mutti-parma.com\/app\/themes\/mutti\/dist\/images\/icons\/mutti-product-icons-stove-top.svg?id=5f4b0df898a96e10ac63\" width=\"54\" height=\"18\" loading=\"lazy\">\n      <span class=\"mb-2\">\n        Lett\n      <\/span>\n    <\/p>\n  <\/div>\n  <\/div>\n<\/div>\n        <\/div>\n          <\/slideshow>\n  \n  <hr class=\"alignwide wp-block-separator\">\n\n      <p class=\"text-center\">\n      <a class=\"h3 underline\" href=\"https:\/\/mutti-parma.com\/no\/tomatoppskrifter\/\">Se alle de gode oppskriftene v\u00e5re<\/a>\n    <\/p>\n  <\/div>\n\n\n<div class=\"acf-related-products mb-8 lg:mb-16 \" data-vue-wrapper>\n      <h3 class=\"text-center\">Andre produkter i produktlinjen<\/h3>\n  \n      <slideshow :slides-per-view=\"3\" :navigation=\"true\" class=\"mx-8 lg:-mx-12\" name=\"Related Products\">\n              <div class=\"swiper-slide\">\n          <div class=\"text-center hover:lift-img mx-auto max-w-28\">\n      <a href=\"https:\/\/mutti-parma.com\/no\/produkter\/pizzasaus\/\" class=\"block\">\n            <div class=\"responsive-embed is-contain\" style=\"padding-bottom: 188.23529411765%;\"><img decoding=\"async\" width=\"2900\" height=\"4009\" src=\"https:\/\/mutti-parma.com\/app\/uploads\/sites\/12\/2019\/09\/65053-4120-104-pizza-sauce-arom-scand-400g-def-clip-art-png-1-1.png\" class=\"inline-block mt-2 wp-image-10942\" alt=\"Italiensk pizzasaus\" sizes=\"auto, 126px\" data-spai-crop=\"false\" title=\"Italiensk pizzasaus\" srcset=\"https:\/\/mutti-parma.com\/app\/uploads\/sites\/12\/2019\/09\/65053-4120-104-pizza-sauce-arom-scand-400g-def-clip-art-png-1-1.png 2900w, https:\/\/mutti-parma.com\/app\/uploads\/sites\/12\/2019\/09\/65053-4120-104-pizza-sauce-arom-scand-400g-def-clip-art-png-1-1-362x500.png 362w, https:\/\/mutti-parma.com\/app\/uploads\/sites\/12\/2019\/09\/65053-4120-104-pizza-sauce-arom-scand-400g-def-clip-art-png-1-1-741x1024.png 741w, https:\/\/mutti-parma.com\/app\/uploads\/sites\/12\/2019\/09\/65053-4120-104-pizza-sauce-arom-scand-400g-def-clip-art-png-1-1-145x200.png 145w, https:\/\/mutti-parma.com\/app\/uploads\/sites\/12\/2019\/09\/65053-4120-104-pizza-sauce-arom-scand-400g-def-clip-art-png-1-1-768x1062.png 768w, https:\/\/mutti-parma.com\/app\/uploads\/sites\/12\/2019\/09\/65053-4120-104-pizza-sauce-arom-scand-400g-def-clip-art-png-1-1-150x207.png 150w, https:\/\/mutti-parma.com\/app\/uploads\/sites\/12\/2019\/09\/65053-4120-104-pizza-sauce-arom-scand-400g-def-clip-art-png-1-1-600x829.png 600w, https:\/\/mutti-parma.com\/app\/uploads\/sites\/12\/2019\/09\/65053-4120-104-pizza-sauce-arom-scand-400g-def-clip-art-png-1-1-1111x1536.png 1111w, https:\/\/mutti-parma.com\/app\/uploads\/sites\/12\/2019\/09\/65053-4120-104-pizza-sauce-arom-scand-400g-def-clip-art-png-1-1-1481x2048.png 1481w\" loading=\"lazy\" \/><\/div>\n    <\/a>\n  \n  <a class=\"block underline mb-2 mt-2\" href=\"https:\/\/mutti-parma.com\/no\/produkter\/pizzasaus\/\">\n    <h3 class=\"h4\">Italiensk pizzasaus<\/h3>\n  <\/a>\n\n      <a class=\"block hover:no-underline text-inherit\" href=\"https:\/\/mutti-parma.com\/no\/produkter\/pizzasaus\/\">\n      Laget p\u00e5 italiensk vis\n    <\/a>\n  <\/div>\n        <\/div>\n              <div class=\"swiper-slide\">\n          <div class=\"text-center hover:lift-img mx-auto max-w-28\">\n      <a href=\"https:\/\/mutti-parma.com\/no\/produkter\/pinsa-saus\/\" class=\"block\">\n            <div class=\"responsive-embed is-contain\" style=\"padding-bottom: 188.23529411765%;\"><img decoding=\"async\" width=\"1702\" height=\"1975\" src=\"https:\/\/mutti-parma.com\/app\/uploads\/sites\/12\/2025\/10\/53001-pinsa-sauce-300g-scand-10374-300.png\" class=\"inline-block mt-2 wp-image-11564\" alt=\"Pinsa-Saus\" sizes=\"auto, 126px\" data-spai-crop=\"false\" title=\"Pinsa-Saus\" srcset=\"https:\/\/mutti-parma.com\/app\/uploads\/sites\/12\/2025\/10\/53001-pinsa-sauce-300g-scand-10374-300.png 1702w, https:\/\/mutti-parma.com\/app\/uploads\/sites\/12\/2025\/10\/53001-pinsa-sauce-300g-scand-10374-300-431x500.png 431w, https:\/\/mutti-parma.com\/app\/uploads\/sites\/12\/2025\/10\/53001-pinsa-sauce-300g-scand-10374-300-882x1024.png 882w, https:\/\/mutti-parma.com\/app\/uploads\/sites\/12\/2025\/10\/53001-pinsa-sauce-300g-scand-10374-300-172x200.png 172w, https:\/\/mutti-parma.com\/app\/uploads\/sites\/12\/2025\/10\/53001-pinsa-sauce-300g-scand-10374-300-768x891.png 768w, https:\/\/mutti-parma.com\/app\/uploads\/sites\/12\/2025\/10\/53001-pinsa-sauce-300g-scand-10374-300-150x174.png 150w, https:\/\/mutti-parma.com\/app\/uploads\/sites\/12\/2025\/10\/53001-pinsa-sauce-300g-scand-10374-300-600x696.png 600w, https:\/\/mutti-parma.com\/app\/uploads\/sites\/12\/2025\/10\/53001-pinsa-sauce-300g-scand-10374-300-1324x1536.png 1324w\" loading=\"lazy\" \/><\/div>\n    <\/a>\n  \n  <a class=\"block underline mb-2 mt-2\" href=\"https:\/\/mutti-parma.com\/no\/produkter\/pinsa-saus\/\">\n    <h3 class=\"h4\">Pinsa-Saus<\/h3>\n  <\/a>\n\n  <\/div>\n        <\/div>\n          <\/slideshow>\n  <\/div>\n\n\n\n<div class=\"wp-block-cover alignwide has-background-dim-20 has-background-dim\" style=\"background-image:url(https:\/\/mutti-parma.com\/app\/uploads\/sites\/3\/2020\/12\/table.jpg)\"><div class=\"wp-block-cover__inner-container is-layout-flow wp-block-cover-is-layout-flow\">\n<div class=\"wp-block-media-text alignwide is-stacked-on-mobile is-style-default\" style=\"grid-template-columns:32% auto\"><figure class=\"wp-block-media-text__media\"><img loading=\"lazy\" decoding=\"async\" src=\"https:\/\/mutti-parma.com\/app\/uploads\/sites\/3\/2020\/02\/products-essentials-e1582204403666.png\" alt=\"\" class=\"wp-image-300000352\" sizes=\"(max-width: 600px) 100vw, (min-width: 1440px) 461px,32vw\" data-spai-crop=\"false\" srcset=\"https:\/\/mutti-parma.com\/app\/uploads\/sites\/3\/2020\/02\/products-essentials-e1582204403666.png 565w, https:\/\/mutti-parma.com\/app\/uploads\/sites\/3\/2020\/02\/products-essentials-e1582204403666-200x173.png 200w, https:\/\/mutti-parma.com\/app\/uploads\/sites\/3\/2020\/02\/products-essentials-e1582204403666-500x432.png 500w, https:\/\/mutti-parma.com\/app\/uploads\/sites\/3\/2020\/02\/products-essentials-e1582204403666-150x130.png 150w\" \/><\/figure><div class=\"wp-block-media-text__content\">\n<h2 class=\"wp-block-heading\">Sjekk ut v\u00e5re klassiske produkter<\/h2>\n\n\n\n<p class=\"is-style-cursive\">Oppdag Polpa, Concentrato, Passata og Pelati<\/p>\n\n\n\n<div class=\"wp-block-button\"><a class=\"wp-block-button__link\" href=\"https:\/\/mutti-parma.com\/no\/muttis-klassikere\/\">Sammenlign v\u00e5re klassiske produkter<\/a><\/div>\n<\/div><\/div>\n<\/div><\/div>\n","protected":false},"excerpt":{"rendered":"","protected":false},"featured_media":10945,"comment_status":"open","ping_status":"closed","template":"","product_category":[126],"class_list":["post-9444","product","type-product","status-publish","has-post-thumbnail","hentry","product_category-product-category-1707"],"acf":[],"_links":{"self":[{"href":"https:\/\/mutti-parma.com\/no\/wp-json\/wp\/v2\/product\/9444","targetHints":{"allow":["GET"]}}],"collection":[{"href":"https:\/\/mutti-parma.com\/no\/wp-json\/wp\/v2\/product"}],"about":[{"href":"https:\/\/mutti-parma.com\/no\/wp-json\/wp\/v2\/types\/product"}],"replies":[{"embeddable":true,"href":"https:\/\/mutti-parma.com\/no\/wp-json\/wp\/v2\/comments?post=9444"}],"version-history":[{"count":20,"href":"https:\/\/mutti-parma.com\/no\/wp-json\/wp\/v2\/product\/9444\/revisions"}],"predecessor-version":[{"id":11228,"href":"https:\/\/mutti-parma.com\/no\/wp-json\/wp\/v2\/product\/9444\/revisions\/11228"}],"wp:featuredmedia":[{"embeddable":true,"href":"https:\/\/mutti-parma.com\/no\/wp-json\/wp\/v2\/media\/10945"}],"wp:attachment":[{"href":"https:\/\/mutti-parma.com\/no\/wp-json\/wp\/v2\/media?parent=9444"}],"wp:term":[{"taxonomy":"product_category","embeddable":true,"href":"https:\/\/mutti-parma.com\/no\/wp-json\/wp\/v2\/product_category?post=9444"}],"curies":[{"name":"wp","href":"https:\/\/api.w.org\/{rel}","templated":true}]}}