{"id":9630,"date":"2024-04-25T06:13:57","date_gmt":"2024-04-25T06:13:57","guid":{"rendered":"https:\/\/mutti-parma.com\/no\/?post_type=product&#038;p=9630"},"modified":"2024-04-25T06:13:58","modified_gmt":"2024-04-25T06:13:58","slug":"datterini-ketchup","status":"publish","type":"product","link":"https:\/\/mutti-parma.com\/no\/produkter\/datterini-ketchup\/","title":{"rendered":"Datterini ketchup"},"content":{"rendered":"\n<div style=\"--media-width: 50\" class=\"wp-block-media-text alignwide has-media-on-the-right is-stacked-on-mobile is-style-hero has-background-image\"><img loading=\"lazy\" decoding=\"async\" class=\"wp-block-media-text__background\" alt=\"\" data-spai-crop=\"true\" src=\"https:\/\/mutti-parma.com\/app\/uploads\/sites\/12\/2019\/09\/ketchupdatterini-050.jpg\" \/><div class=\"wp-block-media-text__content\"><div class=\"acf-breadcrumb my-4 md:my-8 text-center md:text-left\">\n  <nav>\n  <ol class=\"list-none text-md\">\n                  <li class=\"inline\">\n                      <a class=\"text-inherit\" href=\"https:\/\/mutti-parma.com\/no\/\">\n              Mutti Parma Norge\n            <\/a>\n                                <span aria-hidden=\"true\">\/&nbsp;<\/span>\n                  <\/li>\n                        <li class=\"inline\">\n                      <a class=\"text-inherit\" href=\"https:\/\/mutti-parma.com\/no\/produkter\/\">\n              Products\n            <\/a>\n                            <\/li>\n            <\/ol>\n<\/nav>\n<\/div>\n\n\n\n<h1 class=\"wp-block-heading has-primary-color has-text-color\"><strong>Datterini ketchup<\/strong><\/h1>\n\n\n\n\n\n<p>Mutti Datterini Ketchup er laget av 100 % italienske tomater. Takket v\u00e6re den spesielt s\u00f8te aromaen i Datterini-tomatene er denne ketchupen den perfekt matchen med salte, kremede og krydrede retter!<br><br><br><\/p>\n\n\n\n\n<div class=\"acf-characteristics\">\n  <div class=\"flex flex-wrap -m-2 justify-center sm:justify-between\">\n          <div class=\"m-2 w-24 text-center\">\n        <div style=\"height: 41px; width: 80px;\" class=\"mx-auto flex items-end justify-center mx-auto\">\n                      <img decoding=\"async\" width=\"53\" height=\"45\" src=\"https:\/\/mutti-parma.com\/app\/uploads\/sites\/12\/2023\/08\/mutti-icone-dan-datterini-ketchup-1.svg\" class=\"w-full wp-image-9885\" alt=\"\" style=\"max-height: 43px; max-width: 80px;\" loading=\"lazy\" \/>\n                  <\/div>\n        <p class=\"h6 text-inherit mt-3\">Silkemyk konsistens<\/p>\n      <\/div>\n          <div class=\"m-2 w-24 text-center\">\n        <div style=\"height: 41px; width: 80px;\" class=\"mx-auto flex items-end justify-center mx-auto\">\n                      <img decoding=\"async\" width=\"84\" height=\"53\" src=\"https:\/\/mutti-parma.com\/app\/uploads\/sites\/12\/2023\/09\/no-sot.svg\" class=\"w-full wp-image-9916\" alt=\"\" style=\"max-height: 43px; max-width: 80px;\" loading=\"lazy\" \/>\n                  <\/div>\n        <p class=\"h6 text-inherit mt-3\">S\u00f8t &amp; rund smak<\/p>\n      <\/div>\n          <div class=\"m-2 w-24 text-center\">\n        <div style=\"height: 41px; width: 80px;\" class=\"mx-auto flex items-end justify-center mx-auto\">\n                      <img decoding=\"async\" width=\"41\" height=\"50\" src=\"https:\/\/mutti-parma.com\/app\/uploads\/sites\/12\/2023\/08\/mutti-icone-dan-datterini-ketchup-3.svg\" class=\"w-full wp-image-9886\" alt=\"\" style=\"max-height: 43px; max-width: 80px;\" loading=\"lazy\" \/>\n                  <\/div>\n        <p class=\"h6 text-inherit mt-3\">Best til salte retter<\/p>\n      <\/div>\n          <div class=\"m-2 w-24 text-center\">\n        <div style=\"height: 41px; width: 80px;\" class=\"mx-auto flex items-end justify-center mx-auto\">\n                      <img decoding=\"async\" width=\"32\" height=\"58\" src=\"https:\/\/mutti-parma.com\/app\/uploads\/sites\/12\/2023\/08\/mutti-icone-dan-datterini-ketchup-4.svg\" class=\"w-full wp-image-9887\" alt=\"\" style=\"max-height: 43px; max-width: 80px;\" loading=\"lazy\" \/>\n                  <\/div>\n        <p class=\"h6 text-inherit mt-3\">Lysende r\u00f8d farge<\/p>\n      <\/div>\n      <\/div>\n<\/div>\n\n\n<div class=\"acf-product-find-store\">\n  <\/div>\n<\/div><figure class=\"wp-block-media-text__media\"><img loading=\"lazy\" decoding=\"async\" width=\"324\" height=\"1024\" src=\"https:\/\/mutti-parma.com\/app\/uploads\/sites\/12\/2023\/06\/mutti-9756-100-datteriniketch-babyroma-no-dk-v5-1-324x1024.png\" alt=\"\" class=\"wp-image-9644 size-full\" sizes=\"(min-width: 1440px) 528px,37vw\" data-spai-crop=\"false\" srcset=\"https:\/\/mutti-parma.com\/app\/uploads\/sites\/12\/2023\/06\/mutti-9756-100-datteriniketch-babyroma-no-dk-v5-1-324x1024.png 324w, https:\/\/mutti-parma.com\/app\/uploads\/sites\/12\/2023\/06\/mutti-9756-100-datteriniketch-babyroma-no-dk-v5-1-158x500.png 158w, https:\/\/mutti-parma.com\/app\/uploads\/sites\/12\/2023\/06\/mutti-9756-100-datteriniketch-babyroma-no-dk-v5-1-63x200.png 63w, https:\/\/mutti-parma.com\/app\/uploads\/sites\/12\/2023\/06\/mutti-9756-100-datteriniketch-babyroma-no-dk-v5-1-768x2426.png 768w, https:\/\/mutti-parma.com\/app\/uploads\/sites\/12\/2023\/06\/mutti-9756-100-datteriniketch-babyroma-no-dk-v5-1-150x474.png 150w, https:\/\/mutti-parma.com\/app\/uploads\/sites\/12\/2023\/06\/mutti-9756-100-datteriniketch-babyroma-no-dk-v5-1-600x1895.png 600w, https:\/\/mutti-parma.com\/app\/uploads\/sites\/12\/2023\/06\/mutti-9756-100-datteriniketch-babyroma-no-dk-v5-1-486x1536.png 486w, https:\/\/mutti-parma.com\/app\/uploads\/sites\/12\/2023\/06\/mutti-9756-100-datteriniketch-babyroma-no-dk-v5-1-648x2048.png 648w, https:\/\/mutti-parma.com\/app\/uploads\/sites\/12\/2023\/06\/mutti-9756-100-datteriniketch-babyroma-no-dk-v5-1.png 842w\" \/><\/figure><\/div>\n\n\n\n\n\n\n<div\n  class=\"acf-how-is-it-made alignwide text-center \"\n  data-vue-wrapper\n  >\n      <h2>HVORDAN FREMSTILLES DEN?<\/h2>\n  \n  <slideshow :slides-per-view=\"3\" :slides-per-view-sm=\"1\" :slides-per-view-md=\"2\" name=\"How is it made\" class=\"mb-8\">\n      <\/slideshow>\n\n      <p class=\"is-style-cursive text-5xl\">For \u00e5 lese mer om hvordan vi lager produktene v\u00e5re<\/p>\n  \n      <h3>\n      <a href=\"https:\/\/mutti-parma.com\/no\/aker-til-bord\/\" target=\"\">BES\u00d8K PRODUKSJONSSIDEN<\/a>\n    <\/h3>\n  <\/div>\n\n\n\n\n\n\n\n<hr class=\"wp-block-separator has-alpha-channel-opacity alignwide\"\/>\n\n\n<div class=\"acf-comments alignwide my-8\">\n  <div class=\"flex flex-wrap mb-4 items-center text-center sm:text-left px-0 sm:px-2 md:px-0\">\n    <h3 class=\"w-full sm:w-auto is-style-cursive text-primary my-0 leading-none\">Share and review<\/h3>\n    <div class=\"w-full sm:w-auto flex-auto mt-1 sm:ml-8\">\n          <\/div>\n\n          <div class=\"mx-auto sm:ml-0 mt-3 sm:mt-0\">\n                  <div\n  class=\"shariff\"\n  data-button-style=\"icon\"\n  data-mail-body=\"https:\/\/mutti-parma.com\/no\/produkter\/datterini-ketchup\/\"\n  data-mail-subject=\"Datterini ketchup - Mutti\"\n  data-mail-url=\"mailto:\"\n  data-media-url=\"https:\/\/mutti-parma.com\/app\/uploads\/sites\/12\/2023\/06\/mutti-9756-100-datteriniketch-babyroma-no-dk-v5-1.png\"\n  data-services=\"[&#039;facebook&#039;, &#039;twitter&#039;, &#039;whatsapp&#039;, &#039;pinterest&#039;, &#039;mail&#039;]\"\n><\/div>\n              <\/div>\n      <\/div>\n\n  <div>\n                <\/div>\n<\/div>\n\n\n\n<hr class=\"wp-block-separator has-alpha-channel-opacity alignwide\"\/>\n\n\n\n<div class=\"wp-block-cover alignwide has-background-dim-80 has-darkred-background-color has-background-dim\" style=\"background-image:url(https:\/\/mutti-parma.com\/app\/uploads\/sites\/3\/2019\/09\/tomatoes.jpg)\"><div class=\"wp-block-cover__inner-container is-layout-flow wp-block-cover-is-layout-flow\">\n<div class=\"wp-block-columns alignwide is-layout-flex wp-container-core-columns-is-layout-9d6595d7 wp-block-columns-is-layout-flex\">\n<div class=\"wp-block-column is-layout-flow wp-block-column-is-layout-flow\">\n<h2 class=\"wp-block-heading\" id=\"sustainability\">B\u00c6REKRAFT<\/h2>\n\n\n\n<p class=\"is-style-cursive mb-0\">For oss betyr b\u00e6rekraft respekt for jorden.\u00a0<\/p>\n\n\n\n<h4 class=\"wp-block-heading\">SAMARBEID MED WWF ITALIA<\/h4>\n\n\n\n<p>Mutti har samarbeidet tett med WWF Italia for \u00e5 hjelpe b\u00f8nder med \u00e5 finne b\u00e6rekraftige m\u00e5ter \u00e5 redusere vannforbruket og CO2-utslippene p\u00e5.<\/p>\n\n\n\n<p> WWF Italia satte ikke bare m\u00e5l, men ga ogs\u00e5 jordbrukerne mulighet til \u00e5 analysere og gjennomg\u00e5 data for \u00e5 finne ut hva de selv kunne gj\u00f8re. For eksempel anbefalte organisasjonen bruk av spesielle sensorer som m\u00e5ler fuktighetsinnholdet i jorden og gir nyttig informasjon for \u00e5 underst\u00f8tte effektiv vannbruk. <\/p>\n\n\n\n<p>Mutti investerte i teknologi, utdanning og teknisk st\u00f8tte til b\u00f8nder og landbruksorganisasjoner. Etter at det fem \u00e5r lange prosjektet ble avsluttet, er vi fortsatt like opptatt av \u00e5 minimalisere milj\u00f8p\u00e5virkningen og forbedre hvert ledd i produksjonskjeden.<\/p>\n\n\n<\/div>\n\n\n\n<div class=\"wp-block-column is-layout-flow wp-block-column-is-layout-flow\">\n<h2 class=\"has-text-align-center wp-block-heading\">RESULTATER:<\/h2>\n\n\n\n<div class=\"wp-block-columns is-layout-flex wp-container-core-columns-is-layout-9d6595d7 wp-block-columns-is-layout-flex\">\n<div class=\"wp-block-column is-layout-flow wp-block-column-is-layout-flow\">\n<div class=\"wp-block-image\"><figure class=\"aligncenter size-large is-resized\"><img loading=\"lazy\" decoding=\"async\" src=\"https:\/\/mutti-parma.com\/app\/uploads\/sites\/3\/2019\/09\/icon-sustainable-water.svg\" alt=\"\" class=\"wp-image-30000085\" width=\"53\" height=\"91\" \/><\/figure><\/div>\n\n\n\n<h4 class=\"has-text-align-center wp-block-heading\">+1 000 MILLIONER LITER VANN SPART.<\/h4>\n\n\n\n<p class=\"has-text-align-center has-sm-font-size\">* fra 2012 til 2014 (Kilde: Data innhentet av CMCC, WWF og Mediterranean Climate Change Center i Italia)<\/p>\n<\/div>\n\n\n\n<div class=\"wp-block-column is-layout-flow wp-block-column-is-layout-flow\">\n<div class=\"wp-block-image\"><figure class=\"aligncenter size-large is-resized\"><img loading=\"lazy\" decoding=\"async\" src=\"https:\/\/mutti-parma.com\/app\/uploads\/sites\/3\/2019\/09\/icon-sustainable-co2.svg\" alt=\"\" class=\"wp-image-30000086\" width=\"114\" height=\"88\" \/><\/figure><\/div>\n\n\n\n<h4 class=\"has-text-align-center wp-block-heading\">+ 31 530 TONN CO2 (KARBONDIOKSID) UNNG\u00c5TT.<\/h4>\n\n\n\n<p class=\"has-text-align-center has-sm-font-size\">* fra 2010 til 2015 sammenlignet med 2009-niv\u00e5ene (Kilde: Data innhentet av WWF Italia og energieffektiviseringsgruppen Officinae Verdi)<\/p>\n<\/div>\n<\/div>\n<\/div>\n<\/div>\n<\/div><\/div>\n\n\n\n\n\n\n\n\n\n\n<div class=\"acf-related-recipes alignwide pb-8 \" data-vue-wrapper>\n      <slideshow :slides-per-view=\"3\" :navigation=\"true\" name=\"Related Recipes\">\n              <div class=\"swiper-slide\">\n          <div class=\"teaser--recipe text-center hover:zoom-img\">\n      <a href=\"https:\/\/mutti-parma.com\/no\/tomatoppskrifter\/pommes-frites\/\" class=\"relative block mb-4 max-w-96 mx-auto\" aria-hidden=\"true\" tabindex=\"-1\">\n      <div class=\"responsive-embed \" style=\"padding-bottom: 108.79765395894%;\">\n                <img decoding=\"async\" width=\"2048\" height=\"2560\" src=\"https:\/\/mutti-parma.com\/app\/uploads\/sites\/12\/2024\/05\/muttiranskalaiset-9704-scaled-1.jpg\" class=\"inline-block wp-image-10473 wpsmartcrop-image wpsmartcrop-image\" alt=\"Pommes frites\" sizes=\"auto, (max-width: 600px) 72vw, 431px\" data-spai-crop=\"false\" title=\"Pommes frites\" srcset=\"https:\/\/mutti-parma.com\/app\/uploads\/sites\/12\/2024\/05\/muttiranskalaiset-9704-scaled-1.jpg 2048w, https:\/\/mutti-parma.com\/app\/uploads\/sites\/12\/2024\/05\/muttiranskalaiset-9704-scaled-1-400x500.jpg 400w, https:\/\/mutti-parma.com\/app\/uploads\/sites\/12\/2024\/05\/muttiranskalaiset-9704-scaled-1-819x1024.jpg 819w, https:\/\/mutti-parma.com\/app\/uploads\/sites\/12\/2024\/05\/muttiranskalaiset-9704-scaled-1-160x200.jpg 160w, https:\/\/mutti-parma.com\/app\/uploads\/sites\/12\/2024\/05\/muttiranskalaiset-9704-scaled-1-768x960.jpg 768w, https:\/\/mutti-parma.com\/app\/uploads\/sites\/12\/2024\/05\/muttiranskalaiset-9704-scaled-1-150x188.jpg 150w, https:\/\/mutti-parma.com\/app\/uploads\/sites\/12\/2024\/05\/muttiranskalaiset-9704-scaled-1-600x750.jpg 600w, https:\/\/mutti-parma.com\/app\/uploads\/sites\/12\/2024\/05\/muttiranskalaiset-9704-scaled-1-1229x1536.jpg 1229w, https:\/\/mutti-parma.com\/app\/uploads\/sites\/12\/2024\/05\/muttiranskalaiset-9704-scaled-1-1638x2048.jpg 1638w\" data-smartcrop-focus=\"[33,74]\" loading=\"lazy\" style=\"object-position: 33% 74%;\" \/>\n      <\/div>\n\n          <\/a>\n  \n  \n      <a class=\"is-style-cursive heading block text-primary leading-none\" href=\"https:\/\/mutti-parma.com\/no\/produkter\/datterini-ketchup\/\">\n      Datterini ketchup\n    <\/a>\n  \n  <a class=\"block my-4\" href=\"https:\/\/mutti-parma.com\/no\/tomatoppskrifter\/pommes-frites\/\">\n          <h3>Pommes frites<\/h3>\n      <\/a>\n\n  \n  <div class=\"flex items-center justify-center my-4\">\n    <div class=\"-ml-2 mr-2 pr-4 border-primary border-r-2 pt-2\">\n    <p class=\"flex flex-wrap items-end font-heavy text-primary leading-none justify-center\">\n      <img decoding=\"async\" alt=\"Total time\" class=\"w-10 md:w-12 mx-3 mb-2\" src=\"https:\/\/mutti-parma.com\/app\/themes\/mutti\/dist\/images\/icons\/mutti-product-icons-reduced-cooking-time.svg?id=dc737ade6befaad1eaaf\" width=\"54\" height=\"26\" loading=\"lazy\">\n      <span class=\"mb-2\">\n        1h\n      <\/span>\n    <\/p>\n  <\/div>\n  <div class=\"pt-2\">\n    <p class=\"flex flex-wrap items-end font-heavy uppercase text-primary leading-none justify-center\">\n      <img decoding=\"async\" alt=\"Difficulty\" class=\"w-10 md:w-12 mx-3 mb-2\" src=\"https:\/\/mutti-parma.com\/app\/themes\/mutti\/dist\/images\/icons\/mutti-product-icons-stove-top.svg?id=5f4b0df898a96e10ac63\" width=\"54\" height=\"18\" loading=\"lazy\">\n      <span class=\"mb-2\">\n        Middels\n      <\/span>\n    <\/p>\n  <\/div>\n  <\/div>\n<\/div>\n        <\/div>\n              <div class=\"swiper-slide\">\n          <div class=\"teaser--recipe text-center hover:zoom-img\">\n      <a href=\"https:\/\/mutti-parma.com\/no\/tomatoppskrifter\/vegetariske-hamburgere\/\" class=\"relative block mb-4 max-w-96 mx-auto\" aria-hidden=\"true\" tabindex=\"-1\">\n      <div class=\"responsive-embed \" style=\"padding-bottom: 108.79765395894%;\">\n                <img decoding=\"async\" width=\"2048\" height=\"2560\" src=\"https:\/\/mutti-parma.com\/app\/uploads\/sites\/12\/2024\/05\/muttihampurilainen-9598-scaled-1.jpg\" class=\"inline-block wp-image-10455 wpsmartcrop-image wpsmartcrop-image\" alt=\"Vegetariske\u00a0hamburgere\" sizes=\"auto, (max-width: 600px) 72vw, 431px\" data-spai-crop=\"false\" title=\"Vegetariske\u00a0hamburgere\" srcset=\"https:\/\/mutti-parma.com\/app\/uploads\/sites\/12\/2024\/05\/muttihampurilainen-9598-scaled-1.jpg 2048w, https:\/\/mutti-parma.com\/app\/uploads\/sites\/12\/2024\/05\/muttihampurilainen-9598-scaled-1-400x500.jpg 400w, https:\/\/mutti-parma.com\/app\/uploads\/sites\/12\/2024\/05\/muttihampurilainen-9598-scaled-1-819x1024.jpg 819w, https:\/\/mutti-parma.com\/app\/uploads\/sites\/12\/2024\/05\/muttihampurilainen-9598-scaled-1-160x200.jpg 160w, https:\/\/mutti-parma.com\/app\/uploads\/sites\/12\/2024\/05\/muttihampurilainen-9598-scaled-1-768x960.jpg 768w, https:\/\/mutti-parma.com\/app\/uploads\/sites\/12\/2024\/05\/muttihampurilainen-9598-scaled-1-150x188.jpg 150w, https:\/\/mutti-parma.com\/app\/uploads\/sites\/12\/2024\/05\/muttihampurilainen-9598-scaled-1-600x750.jpg 600w, https:\/\/mutti-parma.com\/app\/uploads\/sites\/12\/2024\/05\/muttihampurilainen-9598-scaled-1-1229x1536.jpg 1229w, https:\/\/mutti-parma.com\/app\/uploads\/sites\/12\/2024\/05\/muttihampurilainen-9598-scaled-1-1638x2048.jpg 1638w\" data-smartcrop-focus=\"[41,70]\" loading=\"lazy\" style=\"object-position: 41% 70%;\" \/>\n      <\/div>\n\n          <\/a>\n  \n  \n      <a class=\"is-style-cursive heading block text-primary leading-none\" href=\"https:\/\/mutti-parma.com\/no\/produkter\/datterini-ketchup\/\">\n      Datterini ketchup\n    <\/a>\n  \n  <a class=\"block my-4\" href=\"https:\/\/mutti-parma.com\/no\/tomatoppskrifter\/vegetariske-hamburgere\/\">\n          <h3>Vegetariske\u00a0hamburgere<\/h3>\n      <\/a>\n\n  \n  <div class=\"flex items-center justify-center my-4\">\n    <div class=\"-ml-2 mr-2 pr-4 border-primary border-r-2 pt-2\">\n    <p class=\"flex flex-wrap items-end font-heavy text-primary leading-none justify-center\">\n      <img decoding=\"async\" alt=\"Total time\" class=\"w-10 md:w-12 mx-3 mb-2\" src=\"https:\/\/mutti-parma.com\/app\/themes\/mutti\/dist\/images\/icons\/mutti-product-icons-reduced-cooking-time.svg?id=dc737ade6befaad1eaaf\" width=\"54\" height=\"26\" loading=\"lazy\">\n      <span class=\"mb-2\">\n        30&nbsp;min\n      <\/span>\n    <\/p>\n  <\/div>\n  <div class=\"pt-2\">\n    <p class=\"flex flex-wrap items-end font-heavy uppercase text-primary leading-none justify-center\">\n      <img decoding=\"async\" alt=\"Difficulty\" class=\"w-10 md:w-12 mx-3 mb-2\" src=\"https:\/\/mutti-parma.com\/app\/themes\/mutti\/dist\/images\/icons\/mutti-product-icons-stove-top.svg?id=5f4b0df898a96e10ac63\" width=\"54\" height=\"18\" loading=\"lazy\">\n      <span class=\"mb-2\">\n        Lett\n      <\/span>\n    <\/p>\n  <\/div>\n  <\/div>\n<\/div>\n        <\/div>\n          <\/slideshow>\n  \n  <hr class=\"alignwide wp-block-separator\">\n\n      <p class=\"text-center\">\n      <a class=\"h3 underline\" href=\"https:\/\/mutti-parma.com\/no\/tomatoppskrifter\/\">Se alle de gode oppskriftene v\u00e5re<\/a>\n    <\/p>\n  <\/div>\n\n\n<div class=\"acf-related-products mb-8 lg:mb-16 \" data-vue-wrapper>\n      <h3 class=\"text-center\">Andre produkter i produktlinjen<\/h3>\n  \n      <slideshow :slides-per-view=\"3\" :navigation=\"true\" class=\"mx-8 lg:-mx-12\" name=\"Related Products\">\n              <div class=\"swiper-slide\">\n          <div class=\"text-center hover:lift-img mx-auto max-w-28\">\n      <a href=\"https:\/\/mutti-parma.com\/no\/produkter\/original-ketchup\/\" class=\"block\">\n            <div class=\"responsive-embed is-contain\" style=\"padding-bottom: 188.23529411765%;\"><img decoding=\"async\" width=\"825\" height=\"2707\" src=\"https:\/\/mutti-parma.com\/app\/uploads\/sites\/12\/2019\/09\/mutti-9762-100-origketch-roundtom-no-dk-v6-1.png\" class=\"inline-block mt-2 wp-image-9641\" alt=\"Original ketchup\" sizes=\"auto, 126px\" data-spai-crop=\"false\" title=\"Original ketchup\" srcset=\"https:\/\/mutti-parma.com\/app\/uploads\/sites\/12\/2019\/09\/mutti-9762-100-origketch-roundtom-no-dk-v6-1.png 825w, https:\/\/mutti-parma.com\/app\/uploads\/sites\/12\/2019\/09\/mutti-9762-100-origketch-roundtom-no-dk-v6-1-152x500.png 152w, https:\/\/mutti-parma.com\/app\/uploads\/sites\/12\/2019\/09\/mutti-9762-100-origketch-roundtom-no-dk-v6-1-312x1024.png 312w, https:\/\/mutti-parma.com\/app\/uploads\/sites\/12\/2019\/09\/mutti-9762-100-origketch-roundtom-no-dk-v6-1-61x200.png 61w, https:\/\/mutti-parma.com\/app\/uploads\/sites\/12\/2019\/09\/mutti-9762-100-origketch-roundtom-no-dk-v6-1-768x2520.png 768w, https:\/\/mutti-parma.com\/app\/uploads\/sites\/12\/2019\/09\/mutti-9762-100-origketch-roundtom-no-dk-v6-1-150x492.png 150w, https:\/\/mutti-parma.com\/app\/uploads\/sites\/12\/2019\/09\/mutti-9762-100-origketch-roundtom-no-dk-v6-1-600x1969.png 600w, https:\/\/mutti-parma.com\/app\/uploads\/sites\/12\/2019\/09\/mutti-9762-100-origketch-roundtom-no-dk-v6-1-468x1536.png 468w, https:\/\/mutti-parma.com\/app\/uploads\/sites\/12\/2019\/09\/mutti-9762-100-origketch-roundtom-no-dk-v6-1-624x2048.png 624w\" loading=\"lazy\" \/><\/div>\n    <\/a>\n  \n  <a class=\"block underline mb-2 mt-2\" href=\"https:\/\/mutti-parma.com\/no\/produkter\/original-ketchup\/\">\n    <h3 class=\"h4\">Original ketchup<\/h3>\n  <\/a>\n\n  <\/div>\n        <\/div>\n          <\/slideshow>\n  <\/div>\n\n\n\n<div class=\"wp-block-cover alignwide has-background-dim-20 has-background-dim\" style=\"background-image:url(https:\/\/mutti-parma.com\/app\/uploads\/sites\/3\/2020\/12\/table.jpg)\"><div class=\"wp-block-cover__inner-container is-layout-flow wp-block-cover-is-layout-flow\">\n<div class=\"wp-block-media-text alignwide is-stacked-on-mobile is-style-default\" style=\"grid-template-columns:32% auto\"><figure class=\"wp-block-media-text__media\"><img loading=\"lazy\" decoding=\"async\" src=\"https:\/\/mutti-parma.com\/app\/uploads\/sites\/3\/2020\/02\/products-essentials-e1582204403666.png\" alt=\"\" class=\"wp-image-300000352\" sizes=\"(max-width: 600px) 100vw, (min-width: 1440px) 461px,32vw\" data-spai-crop=\"false\" srcset=\"https:\/\/mutti-parma.com\/app\/uploads\/sites\/3\/2020\/02\/products-essentials-e1582204403666.png 565w, https:\/\/mutti-parma.com\/app\/uploads\/sites\/3\/2020\/02\/products-essentials-e1582204403666-200x173.png 200w, https:\/\/mutti-parma.com\/app\/uploads\/sites\/3\/2020\/02\/products-essentials-e1582204403666-500x432.png 500w, https:\/\/mutti-parma.com\/app\/uploads\/sites\/3\/2020\/02\/products-essentials-e1582204403666-150x130.png 150w\" \/><\/figure><div class=\"wp-block-media-text__content\">\n<h2 class=\"wp-block-heading\">Sjekk ut v\u00e5re klassiske produkter<\/h2>\n\n\n\n<p class=\"is-style-cursive\">Oppdag Polpa, Concentrato, Passata og Pelati<\/p>\n\n\n\n<div class=\"wp-block-button\"><a class=\"wp-block-button__link\" href=\"https:\/\/mutti-parma.com\/no\/muttis-klassikere\/\">Sammenlign v\u00e5re klassiske produkter<\/a><\/div>\n<\/div><\/div>\n<\/div><\/div>\n","protected":false},"excerpt":{"rendered":"","protected":false},"featured_media":9644,"comment_status":"open","ping_status":"closed","template":"","product_category":[2516],"class_list":["post-9630","product","type-product","status-publish","has-post-thumbnail","hentry","product_category-product-category-9634"],"acf":[],"_links":{"self":[{"href":"https:\/\/mutti-parma.com\/no\/wp-json\/wp\/v2\/product\/9630","targetHints":{"allow":["GET"]}}],"collection":[{"href":"https:\/\/mutti-parma.com\/no\/wp-json\/wp\/v2\/product"}],"about":[{"href":"https:\/\/mutti-parma.com\/no\/wp-json\/wp\/v2\/types\/product"}],"replies":[{"embeddable":true,"href":"https:\/\/mutti-parma.com\/no\/wp-json\/wp\/v2\/comments?post=9630"}],"version-history":[{"count":23,"href":"https:\/\/mutti-parma.com\/no\/wp-json\/wp\/v2\/product\/9630\/revisions"}],"predecessor-version":[{"id":9951,"href":"https:\/\/mutti-parma.com\/no\/wp-json\/wp\/v2\/product\/9630\/revisions\/9951"}],"wp:featuredmedia":[{"embeddable":true,"href":"https:\/\/mutti-parma.com\/no\/wp-json\/wp\/v2\/media\/9644"}],"wp:attachment":[{"href":"https:\/\/mutti-parma.com\/no\/wp-json\/wp\/v2\/media?parent=9630"}],"wp:term":[{"taxonomy":"product_category","embeddable":true,"href":"https:\/\/mutti-parma.com\/no\/wp-json\/wp\/v2\/product_category?post=9630"}],"curies":[{"name":"wp","href":"https:\/\/api.w.org\/{rel}","templated":true}]}}