{"id":11,"date":"2020-03-09T17:18:01","date_gmt":"2020-03-09T17:18:01","guid":{"rendered":"https:\/\/mutti-parma.com\/pl\/?page_id=11"},"modified":"2025-12-03T17:03:54","modified_gmt":"2025-12-03T17:03:54","slug":"pomodorino-doro","status":"publish","type":"page","link":"https:\/\/mutti-parma.com\/pl\/z-pola-na-stol\/pomodorino-doro\/","title":{"rendered":"Z\u0142oty Pomidor (Pomodorino d&#8217;Oro)"},"content":{"rendered":"\n<figure class=\"wp-block-image alignfull mt-0\"><img loading=\"lazy\" decoding=\"async\" src=\"https:\/\/mutti-parma.com\/app\/uploads\/2021\/01\/1-banner-desktop.jpg\" alt=\"\" class=\"wp-image-6325\" \/><\/figure>\n\n\n\n<div class=\"wp-block-group alignwide is-layout-flow wp-block-group-is-layout-flow\">\n<h1 class=\"wp-block-heading has-text-align-center\"><strong>POZYTYWNY CYKL<\/strong><\/h1>\n\n\n\n<h2 class=\"wp-block-heading has-text-align-center is-style-cursive\"><em>Pomodorino d\u2019Oro: o&nbsp;wiele wi\u0119cej ni\u017c tylko nagroda<\/em><\/h2>\n\n\n\n<p class=\"has-text-align-center\">Ufundowana w 2000 roku nagroda Pomodorino d&#8217;Oro (Z\u0142otego Pomidora) jest zach\u0119t\u0105 finansow\u0105, kt\u00f3r\u0105 co roku przyznajemy naszym najlepszym rolnikom, aby doceni\u0107 jako\u015b\u0107 dostarczanych przez nich pomidor\u00f3w \u2013 100% w\u0142oskich, uprawianych z trosk\u0105 od nasion do owoc\u00f3w.<\/p>\n\n\n\n<p class=\"has-text-align-center\">Do tej pory nagrodzili\u015bmy ponad 800 rolnik\u00f3w. Nagrod\u0105 chcemy zach\u0119ca\u0107 naszych dostawc\u00f3w do ci\u0105g\u0142ego doskonalenia jako\u015bci pomidor\u00f3w i inwestowania w rozw\u00f3j nowych metod uprawy, zbioru i transportu. W ten spos\u00f3b stworzyli\u015bmy pozytywny cykl, kt\u00f3ry pozwala nam dostarcza\u0107 na sto\u0142y naszych konsument\u00f3w produkty wyr\u00f3\u017cniaj\u0105ce si\u0119 najwy\u017csz\u0105 jako\u015bci\u0105 i niepowtarzalnym smakiem.<\/p>\n<\/div>\n\n\n\n<figure class=\"wp-block-video alignwide\"><video\n  controls\n  \n  \n  \n  \n  loading=\"lazy\"\n  \n  \n  \n\n  \n  >\n            <source src=\"https:\/\/cdn.mutti-parma.com\/app\/uploads\/sites\/26\/2022\/07\/mutti-new-main-subeng-20211116.mp4\" type=\"video\/mp4\">\n      <\/video>\n\n<\/figure>\n\n\n\n<div class=\"wp-block-media-text alignwide is-stacked-on-mobile\"><figure class=\"wp-block-media-text__media\"><img loading=\"lazy\" decoding=\"async\" src=\"https:\/\/mutti-parma.com\/app\/uploads\/2021\/01\/3-img.jpg\" alt=\"\" class=\"wp-image-6332 size-full\" sizes=\"(max-width: 600px) 100vw, (min-width: 1440px) 792px,55vw\" data-spai-crop=\"false\" \/><\/figure><div class=\"wp-block-media-text__content\">\n<h2 class=\"wp-block-heading\"><strong>TROSKA O NAJWY\u017bSZ\u0104 JAKO\u015a\u0106<\/strong><\/h2>\n\n\n\n<p>Pomodorino d\u2019Oro symbolizuje odpowiedzialne wybory i konkretne dzia\u0142ania, kt\u00f3re podejmujemy ka\u017cdego dnia. Nasze decyzje dotycz\u0105 wszystkich ogniw \u0142a\u0144cucha dostaw i maj\u0105 na celu jak najlepsze wykorzystanie lokalnych zasob\u00f3w, przy jednoczesnym poszanowaniu ziemi i miejscowej ludno\u015bci. Pragniemy piel\u0119gnowa\u0107 wsp\u00f3\u0142prac\u0119 i budowa\u0107 trwa\u0142e relacje z rolnikami, aby m\u00f3c stale ulepsza\u0107 nasze produkty. Pomodorino d\u2019Oro to najbardziej namacalny symbol naszego zaanga\u017cowania \u2013 a zaanga\u017cowanie jest miar\u0105 jako\u015bci w Mutti.<\/p>\n<\/div><\/div>\n\n\n\n<div class=\"wp-block-group alignwide is-layout-flow wp-block-group-is-layout-flow\">\n<h2 class=\"wp-block-heading has-text-align-center\">Zwyci\u0119zcy roku 2025<\/h2>\n\n\n\n<h2 class=\"wp-block-heading has-text-align-center is-style-cursive\">26. edycja<\/h2>\n\n\n\n<p class=\"has-text-align-center\">Nagroda Pomodorino d&#8217;Oro odzwierciedla nasze przekonanie, \u017ce ka\u017cda odmiana pomidora potrzebuje odpowiedniego rodzaju gleby. Dlatego co roku wyr\u00f3\u017cnienia trafiaj\u0105 do 60 najlepszych rolnik\u00f3w z p\u00f3\u0142nocnych i po\u0142udniowych W\u0142och. Przyznajemy je w trzech kategoriach dedykowanych r\u00f3\u017cnym odmianom pomidor\u00f3w charakterystycznych dla poszczeg\u00f3lnych region\u00f3w. Poznajcie trzech zwyci\u0119zc\u00f3w ostatniej edycji!<\/p>\n\n\n\n<div class=\"wp-block-group sm:mx-32 lg:mx-48 is-content-justification-center is-nowrap is-layout-flex wp-container-core-group-is-layout-46403f35 wp-block-group-is-layout-flex\">\n<figure class=\"wp-block-image size-full is-style-default -mx-8 mb-0\"><img loading=\"lazy\" decoding=\"async\" src=\"https:\/\/mutti-parma.com\/app\/uploads\/2024\/04\/pomodorino-doro-tondo.png\" alt=\"\" class=\"wp-image-9945\" style=\"aspect-ratio:0.9003690036900369;object-fit:cover\" \/><\/figure>\n\n\n\n<figure class=\"wp-block-image size-full -mx-8 mb-0\"><img loading=\"lazy\" decoding=\"async\" src=\"https:\/\/mutti-parma.com\/app\/uploads\/2024\/04\/pomodorino-doro-lungo.png\" alt=\"\" class=\"wp-image-9944\" \/><\/figure>\n\n\n\n<figure class=\"wp-block-image size-full -mx-8 mb-0\"><img loading=\"lazy\" decoding=\"async\" src=\"https:\/\/mutti-parma.com\/app\/uploads\/2024\/04\/pomodorino-doro-ciliegino.png\" alt=\"\" class=\"wp-image-9942\" \/><\/figure>\n\n\n\n<figure class=\"wp-block-image size-full -mx-8 mb-0\"><img loading=\"lazy\" decoding=\"async\" src=\"https:\/\/mutti-parma.com\/app\/uploads\/2024\/04\/pomodorino-doro-datterino-1.png\" alt=\"\" class=\"wp-image-9946\" \/><\/figure>\n<\/div>\n<\/div>\n\n\n<div class=\"acf-custom-slideshow wp-block-embed is-type-video wp-embed-aspect-1-1 is-style-plain alignwide\" data-vue-wrapper>\n  <tab-slideshow\n    name=\"Custom Slideshow\"\n    :tabs='[\"Tondo di Parma Tomato\",\"Plum Tomato\",\"Cherry Tomato\",\"Baby Roma Tomato\"]'\n    :tabs-above=\"true\"\n    :navigation=\"false\"\n    :pagination=\"true\"\n    :append-navigation=\"true\"\n    :hide-navigation-mobile=\"true\"\n    :options='{\"autoHeight\":false}'\n    navigation-class=\"\"\n    :slideshow-classes='{\"wrapper\":\"text-white py-12 md:py-32 md:pb-16 md:px-16 has-background\",\"navigationNextButton\":\"fa-solid fa-chevron-right text-primary text-2xl lg:text-4xl mr-10 md:mt-16 hidden md:block\",\"navigationPrevButton\":\"fa-solid fa-chevron-left text-primary text-2xl lg:text-4xl ml-10 md:mt-16 hidden md:block\"}'\n          slideshow-background=\"https:\/\/mutti-parma.com\/app\/uploads\/sites\/3\/2021\/10\/5-video-gallery-bkg.jpeg\"\n      >\n          <div class=\"swiper-slide \">\n        <div class=\"flex flex-wrap align-stretch\">\n          <div class=\"flex-1 p-4 md:p-8 lg:pl-16 text-center md:text-left\">\n                          <h2>Luca Zavaroni<\/h2>\n<p class=\"has-xxl-font-size is-style-cursive\">\u201eDla nas wszystkich produkcja wysokiej jako\u015bci pomidor\u00f3w oznacza d\u0105\u017cenie ka\u017cdego roku do w\u0142o\u017cenia maksimum wysi\u0142ku i energii \u2013 zw\u0142aszcza kiedy dostarczamy je do przemys\u0142u.\u201d<\/p>\n<p>&nbsp;<\/p>\n<p class=\"has-xxl-font-size is-style-cursive\">\n\n                      <\/div>\n\n                      <div\n              class=\"\n                w-full md:w-1\/2\n                order-first\n                \n                flex justify-center md:justify-end\n                content-center lg:content-start\n              \"\n                          >\n              \n                              <div class=\"wp-block-embed is-type-video wp-embed-aspect-16-9 wp-has-aspect-ratio w-full self-center\">\n                  <div class=\"wp-block-embed__wrapper\">\n                    <iframe loading=\"lazy\" loading=\"lazy\" title=\"2025 Winner for Round Tomato - Luca Zavaroni\" width=\"500\" height=\"281\" data-cookieconsent=\"marketing\" data-src=\"\/\/www.youtube-nocookie.com\/embed\/zPFkN_Qa3x0?rel=0&#038;modestbranding=1&#038;enablejsapi=1&#038;feature=oembed&#038;width=500&#038;height=750\" frameborder=\"0\" allow=\"accelerometer; autoplay; clipboard-write; encrypted-media; gyroscope; picture-in-picture; web-share\" referrerpolicy=\"strict-origin-when-cross-origin\" allowfullscreen><\/iframe><div class=\"cookieconsent-embed-approval\">\n  <p>To watch this video you need to approve marketing cookies so we can use YouTube.<\/p>\n  <button class=\"btn btn-renew-cookie-consent\">\n    Manage Settings\n  <\/button>\n<\/div>\n<div class=\"cookieconsent-embed-approval\">\n  <p>To watch this video you need to approve marketing cookies so we can use YouTube.<\/p>\n  <button class=\"btn btn-renew-cookie-consent\">\n    Manage Settings\n  <\/button>\n<\/div>\n\n                  <\/div>\n                <\/div>\n                          <\/div>\n                  <\/div>\n      <\/div>\n          <div class=\"swiper-slide \">\n        <div class=\"flex flex-wrap align-stretch\">\n          <div class=\"flex-1 p-4 md:p-8 lg:pl-16 text-center md:text-left\">\n                          <h2>Michele Borrelli<\/h2>\n<p class=\"has-xxl-font-size is-style-cursive\">\u201eBardzo zale\u017cy mi na zbiorach, poniewa\u017c kiedy wyhodujesz dobry produkt i nadchodzi czas zbior\u00f3w, czujesz ca\u0142\u0105 satysfakcj\u0119, jak\u0105 mo\u017ce odczuwa\u0107 producent.\u201d<\/p>\n\n                      <\/div>\n\n                      <div\n              class=\"\n                w-full md:w-1\/2\n                order-first\n                \n                flex justify-center md:justify-end\n                content-center lg:content-start\n              \"\n                          >\n              \n                              <div class=\"wp-block-embed is-type-video wp-embed-aspect-16-9 wp-has-aspect-ratio w-full self-center\">\n                  <div class=\"wp-block-embed__wrapper\">\n                    <iframe loading=\"lazy\" loading=\"lazy\" title=\"2025 Winner for Plum Tomato - Michele Borrelli\" width=\"500\" height=\"281\" data-cookieconsent=\"marketing\" data-src=\"\/\/www.youtube-nocookie.com\/embed\/MSgYe0SFxK8?rel=0&#038;modestbranding=1&#038;enablejsapi=1&#038;feature=oembed&#038;width=500&#038;height=750\" frameborder=\"0\" allow=\"accelerometer; autoplay; clipboard-write; encrypted-media; gyroscope; picture-in-picture; web-share\" referrerpolicy=\"strict-origin-when-cross-origin\" allowfullscreen><\/iframe><div class=\"cookieconsent-embed-approval\">\n  <p>To watch this video you need to approve marketing cookies so we can use YouTube.<\/p>\n  <button class=\"btn btn-renew-cookie-consent\">\n    Manage Settings\n  <\/button>\n<\/div>\n<div class=\"cookieconsent-embed-approval\">\n  <p>To watch this video you need to approve marketing cookies so we can use YouTube.<\/p>\n  <button class=\"btn btn-renew-cookie-consent\">\n    Manage Settings\n  <\/button>\n<\/div>\n\n                  <\/div>\n                <\/div>\n                          <\/div>\n                  <\/div>\n      <\/div>\n          <div class=\"swiper-slide \">\n        <div class=\"flex flex-wrap align-stretch\">\n          <div class=\"flex-1 p-4 md:p-8 lg:pl-16 text-center md:text-left\">\n                          <h2>Alfonso Fantasia<\/h2>\n<p class=\"has-xxl-font-size is-style-cursive\">\u201eTo silne warto\u015bci pozwoli\u0142y mi pracowa\u0107 z Mutti. Wysokiej jako\u015bci pomidor jest zdrowy, czerwony i przede wszystkim uprawiany z poszanowaniem w\u0142a\u015bciwych praktyk nawadniania oraz wp\u0142ywu na \u015brodowisko.\u201d<\/p>\n\n                      <\/div>\n\n                      <div\n              class=\"\n                w-full md:w-1\/2\n                order-first\n                \n                flex justify-center md:justify-end\n                content-center lg:content-start\n              \"\n                          >\n              \n                              <div class=\"wp-block-embed is-type-video wp-embed-aspect-16-9 wp-has-aspect-ratio w-full self-center\">\n                  <div class=\"wp-block-embed__wrapper\">\n                    <iframe loading=\"lazy\" loading=\"lazy\" title=\"2025 Winner for Cherry Tomato - Alfonso Fantasia\" width=\"500\" height=\"281\" data-cookieconsent=\"marketing\" data-src=\"\/\/www.youtube-nocookie.com\/embed\/H3Ah7vvzfok?rel=0&#038;modestbranding=1&#038;enablejsapi=1&#038;feature=oembed&#038;width=500&#038;height=750\" frameborder=\"0\" allow=\"accelerometer; autoplay; clipboard-write; encrypted-media; gyroscope; picture-in-picture; web-share\" referrerpolicy=\"strict-origin-when-cross-origin\" allowfullscreen><\/iframe><div class=\"cookieconsent-embed-approval\">\n  <p>To watch this video you need to approve marketing cookies so we can use YouTube.<\/p>\n  <button class=\"btn btn-renew-cookie-consent\">\n    Manage Settings\n  <\/button>\n<\/div>\n<div class=\"cookieconsent-embed-approval\">\n  <p>To watch this video you need to approve marketing cookies so we can use YouTube.<\/p>\n  <button class=\"btn btn-renew-cookie-consent\">\n    Manage Settings\n  <\/button>\n<\/div>\n\n                  <\/div>\n                <\/div>\n                          <\/div>\n                  <\/div>\n      <\/div>\n          <div class=\"swiper-slide \">\n        <div class=\"flex flex-wrap align-stretch\">\n          <div class=\"flex-1 p-4 md:p-8 lg:pl-16 text-center md:text-left\">\n                          <h2>Gabriele i marco Costa<\/h2>\n<p class=\"has-xxl-font-size is-style-cursive\">\u201eMy\u015bl o tym, \u017ce jedziesz na inny kontynent i znajdujesz tam s\u0142oik Mutti, naprawd\u0119 porusza, gdy przypomnisz sobie wszystko, co zosta\u0142o zrobione, aby ten s\u0142oik m\u00f3g\u0142 powsta\u0107.\u201d<\/p>\n\n                      <\/div>\n\n                      <div\n              class=\"\n                w-full md:w-1\/2\n                order-first\n                \n                flex justify-center md:justify-end\n                content-center lg:content-start\n              \"\n                          >\n              \n                              <div class=\"wp-block-embed is-type-video wp-embed-aspect-16-9 wp-has-aspect-ratio w-full self-center\">\n                  <div class=\"wp-block-embed__wrapper\">\n                    <iframe loading=\"lazy\" loading=\"lazy\" title=\"2025 Winners for Baby Roma - Gabriele &amp; Marco Costa\" width=\"500\" height=\"281\" data-cookieconsent=\"marketing\" data-src=\"\/\/www.youtube-nocookie.com\/embed\/ixt0vKs0uzA?rel=0&#038;modestbranding=1&#038;enablejsapi=1&#038;feature=oembed&#038;width=500&#038;height=750\" frameborder=\"0\" allow=\"accelerometer; autoplay; clipboard-write; encrypted-media; gyroscope; picture-in-picture; web-share\" referrerpolicy=\"strict-origin-when-cross-origin\" allowfullscreen><\/iframe><div class=\"cookieconsent-embed-approval\">\n  <p>To watch this video you need to approve marketing cookies so we can use YouTube.<\/p>\n  <button class=\"btn btn-renew-cookie-consent\">\n    Manage Settings\n  <\/button>\n<\/div>\n<div class=\"cookieconsent-embed-approval\">\n  <p>To watch this video you need to approve marketing cookies so we can use YouTube.<\/p>\n  <button class=\"btn btn-renew-cookie-consent\">\n    Manage Settings\n  <\/button>\n<\/div>\n\n                  <\/div>\n                <\/div>\n                          <\/div>\n                  <\/div>\n      <\/div>\n      <\/tab-slideshow>\n<\/div>\n\n\n\n<div class=\"wp-block-cover alignwide is-light\" style=\"min-height:457px;aspect-ratio:unset;\"><img loading=\"lazy\" decoding=\"async\" class=\"wp-block-cover__image-background wp-image-6363\" alt=\"\" src=\"https:\/\/mutti-parma.com\/app\/uploads\/2021\/01\/6-parallax-banner.jpg\" data-object-fit=\"cover\" \/><span aria-hidden=\"true\" class=\"wp-block-cover__background has-background-dim-20 has-background-dim\"><\/span><div class=\"wp-block-cover__inner-container is-layout-flow wp-block-cover-is-layout-flow\">\n\n\n<h2 class=\"wp-block-heading\"><strong>WARTO\u015aCI, KT\u00d3RE REPREZENTUJE NAGRODA POMODIRINO D&#8217;ORO<\/strong><\/h2>\n\n\n<\/div><\/div>\n\n\n\n<div class=\"wp-block-media-text alignwide has-media-on-the-right is-stacked-on-mobile\" style=\"grid-template-columns:auto 40%\"><div class=\"wp-block-media-text__content\">\n<h2 class=\"wp-block-heading\"><strong>TROSKA<\/strong><\/h2>\n\n\n\n<h3 class=\"wp-block-heading is-style-cursive\"><em>Kontrola i&nbsp;staranna selekcja na polach<\/em><\/h3>\n\n\n\n<p>Nasi rolnicy podzielaj\u0105 nasze zaanga\u017cowanie w jako\u015b\u0107, dlatego podczas zbior\u00f3w wybieraj\u0105 tylko najlepsze pomidory, zwracaj\u0105c uwag\u0119 na ich stopie\u0144 dojrza\u0142o\u015bci, kolor, struktur\u0119, \u015bwie\u017co\u015b\u0107 i s\u0142odycz. Dzi\u0119ki temu maj\u0105 gwarancj\u0119, \u017ce pomidory pomy\u015blnie przejd\u0105 kontrol\u0119 jako\u015bci, gdy trafi\u0105 do naszych fabryk. Nagroda jest przyznawana na podstawie wystandaryzowanej analizy przeprowadzanej po dostarczeniu pomidor\u00f3w do zak\u0142adu. Do kryteri\u00f3w oceny nale\u017c\u0105: poziom s\u0142odko\u015bci, zawarto\u015b\u0107 warto\u015bci od\u017cywczych i stopie\u0144 dojrza\u0142o\u015bci owoc\u00f3w.<\/p>\n\n\n\n<p>Troska oznacza dla nas zagwarantowanie najwy\u017cszych standard\u00f3w jako\u015bci, przy jednoczesnym zapewnieniu poszanowania \u015brodowiska naturalnego i zdrowia ludzi. Dzia\u0142amy zgodnie ze Specyfikacj\u0105 Zintegrowanej Produkcji, co oznacza, \u017ce d\u0105\u017cymy do ograniczenia zu\u017cycia wody i energii w produkcji rolnej, bez uszczerbku dla jako\u015bci pomidor\u00f3w. Jeste\u015bmy tak\u017ce zaanga\u017cowani w zachowanie identyfikowalno\u015bci na ka\u017cdym etapie \u0142a\u0144cucha dostaw, a\u017c do gotowego produktu.<\/p>\n<\/div><figure class=\"wp-block-media-text__media\"><img loading=\"lazy\" decoding=\"async\" src=\"https:\/\/mutti-parma.com\/app\/uploads\/sites\/7\/2024\/11\/2-cura-1024x1024.jpg\" alt=\"\" class=\"wp-image-11537 size-full\" sizes=\"(max-width: 600px) 100vw, (min-width: 1440px) 576px,40vw\" data-spai-crop=\"false\" \/><\/figure><\/div>\n\n\n\n<div class=\"wp-block-media-text alignwide is-stacked-on-mobile\" style=\"grid-template-columns:40% auto\"><figure class=\"wp-block-media-text__media\"><img loading=\"lazy\" decoding=\"async\" src=\"https:\/\/mutti-parma.com\/app\/uploads\/sites\/7\/2024\/11\/3-rispetto-1024x1024.jpg\" alt=\"\" class=\"wp-image-11538 size-full\" sizes=\"(max-width: 600px) 100vw, (min-width: 1440px) 576px,40vw\" data-spai-crop=\"false\" \/><\/figure><div class=\"wp-block-media-text__content\">\n<h2 class=\"wp-block-heading\">SZACUNEK<\/h2>\n\n\n\n<h3 class=\"wp-block-heading is-style-cursive\"><em><em>Wy\u017csza cena za lepsze pomidory<\/em><\/em><\/h3>\n\n\n\n<p>P\u0142acimy naszym rolnikom wy\u017csz\u0105 cen\u0119 ni\u017c \u015brednia rynkowa za lepsze pomidory, wzmacniaj\u0105c tym samym relacje z naszymi dostawcami i wspieraj\u0105c ich rozw\u00f3j. Na tym naszym zdaniem polega szacunek.<\/p>\n\n\n\n<p>Na przestrzeni lat przyczynili\u015bmy si\u0119 do rozpowszechnienia mechanizacji zbior\u00f3w \u2013 metody, kt\u00f3ra jest obecnie wykorzystywana na wszystkich polach naszych rolnik\u00f3w w p\u00f3\u0142nocnych i po\u0142udniowych W\u0142oszech. Ponadto nasze standardy organizacyjne wymagaj\u0105, aby nasi rolnicy, tak jak i my, przestrzegali rygorystycznych wymog\u00f3w etycznych i spo\u0142ecznych.<br><\/p>\n<\/div><\/div>\n\n\n\n<div class=\"wp-block-media-text alignwide has-media-on-the-right is-stacked-on-mobile\" style=\"grid-template-columns:auto 40%\"><div class=\"wp-block-media-text__content\">\n<h2 class=\"wp-block-heading\"><strong>WSP\u00d3\u0141PRACA<\/strong><\/h2>\n\n\n\n<h3 class=\"wp-block-heading is-style-cursive\"><em>Jako\u015b\u0107: wysi\u0142ek zbiorowy<\/em><\/h3>\n\n\n\n<p>Wsp\u00f3\u0142praca z naszymi rolnikami opiera si\u0119 na wzajemnym szacunku i wsparciu. To transaparentne relacje oparte na uczciwych kontraktach, kt\u00f3rych g\u0142\u00f3wnym celem jest wzmacnianie pozycji wsp\u00f3\u0142pracuj\u0105cych z nami gospodarstw rolnych.<\/p>\n\n\n\n<p>Dzi\u0119ki wsparciu dedykowanego serwisu rolnego (Servizio Agricolo Mutti) dzielimy si\u0119 z rolnikami nasz\u0105 wiedz\u0105 i oddajemy do ich dyspozycji najlepsze platformy technologiczne. Pozwala im to na stosowanie najbardziej innowacyjnych metod upraw, dzi\u0119ki czemu mog\u0105 stale poszerza\u0107 swoj\u0105 wiedz\u0119 i kompetencje, a tak\u017ce mie\u0107 pewno\u015b\u0107, \u017ce produkty, kt\u00f3re trafiaj\u0105 z ich p\u00f3l do kuchni naszych konsument\u00f3w, spe\u0142niaj\u0105 najwy\u017csze mo\u017cliwe standardy jako\u015bci. Przy\u015bwieca nam wsp\u00f3lny cel: pragniemy zaoferowa\u0107 naszym klientom wyj\u0105tkowe produkty, kt\u00f3re reprezentuj\u0105 nasz\u0105 kulinarn\u0105 to\u017csamo\u015b\u0107 i esencj\u0119 gastronomii \u015br\u00f3dziemnomorskiej.<\/p>\n<\/div><figure class=\"wp-block-media-text__media\"><img loading=\"lazy\" decoding=\"async\" src=\"https:\/\/mutti-parma.com\/app\/uploads\/sites\/7\/2024\/11\/4-collaborazione-1024x1024.jpg\" alt=\"\" class=\"wp-image-11540 size-full\" sizes=\"(max-width: 600px) 100vw, (min-width: 1440px) 576px,40vw\" data-spai-crop=\"false\" \/><\/figure><\/div>\n\n\n\n<div class=\"wp-block-media-text alignwide is-stacked-on-mobile\" style=\"grid-template-columns:40% auto\"><figure class=\"wp-block-media-text__media\"><img loading=\"lazy\" decoding=\"async\" src=\"https:\/\/mutti-parma.com\/app\/uploads\/sites\/7\/2024\/11\/soddisfazione-1024x1024.jpg\" alt=\"\" class=\"wp-image-11526 size-full\" sizes=\"(max-width: 600px) 100vw, (min-width: 1440px) 576px,40vw\" data-spai-crop=\"false\" \/><\/figure><div class=\"wp-block-media-text__content\">\n<h2 class=\"wp-block-heading\"><strong>ZAANGA\u017bOWANIE<\/strong><\/h2>\n\n\n\n<h3 class=\"wp-block-heading is-style-cursive\"><em>Z&nbsp;pola do Twojej kuchni<\/em><\/h3>\n\n\n\n<p>Ka\u017cda partia pomidor\u00f3w, kt\u00f3ry trafia na nasze linie produkcyjne, jest \u017ar\u00f3d\u0142em ogromnej satysfakcji dla rolnik\u00f3w, kt\u00f3rzy odpowiadaj\u0105 za ich upraw\u0119. Oznacza to, \u017ce ich pomidory przesz\u0142y nasze najbardziej rygorystyczne kontrole jako\u015bci. To rezultat ca\u0142orocznego wysi\u0142ku.<\/p>\n\n\n\n<p>Jest to jednak r\u00f3wnie\u017c \u017ar\u00f3d\u0142o satysfakcji dla nas w Mutti, poniewa\u017c oznacza to, \u017ce przyczynili\u015bmy si\u0119 do tworzenia warto\u015bci na ka\u017cdym etapie \u0142a\u0144cucha dostaw, zapewniaj\u0105c ostatecznie produkt, kt\u00f3ry nie tylko dobrze smakuje, ale jest r\u00f3wnie\u017c wynikiem naszych etycznych decyzji i szacunku dla ludzi \u2013 zar\u00f3wno rolnik\u00f3w, jak i konsument\u00f3w. <\/p>\n\n\n\n<p>T\u0119 sam\u0105 satysfakcj\u0119 odczuwamy wiedz\u0105c, \u017ce zrobili\u015bmy wszystko, co w naszej mocy, aby dostarczy\u0107 na sto\u0142y niezr\u00f3wnany smak, kt\u00f3ry wywo\u0142uje u\u015bmiech na twarzach tych, kt\u00f3rych kochamy.<br><\/p>\n<\/div><\/div>\n","protected":false},"excerpt":{"rendered":"<p>POZYTYWNY CYKL Pomodorino d\u2019Oro: o&nbsp;wiele wi\u0119cej ni\u017c tylko nagroda Ufundowana w 2000 roku nagroda Pomodorino d&#8217;Oro (Z\u0142otego Pomidora) jest zach\u0119t\u0105 finansow\u0105, kt\u00f3r\u0105 co roku przyznajemy naszym najlepszym rolnikom, aby doceni\u0107 jako\u015b\u0107 dostarczanych przez nich pomidor\u00f3w \u2013 100% w\u0142oskich, uprawianych z trosk\u0105 od nasion do owoc\u00f3w. Do tej pory nagrodzili\u015bmy ponad 800 rolnik\u00f3w. Nagrod\u0105 chcemy zach\u0119ca\u0107<\/p>\n","protected":false},"author":1,"featured_media":0,"parent":5,"menu_order":18,"comment_status":"closed","ping_status":"closed","template":"template-golden-tomato.php","meta":{"_acf_changed":false,"_relevanssi_hide_post":"","_relevanssi_hide_content":"","_relevanssi_pin_for_all":"","_relevanssi_pin_keywords":"","_relevanssi_unpin_keywords":"","_relevanssi_related_keywords":"","_relevanssi_related_include_ids":"","_relevanssi_related_exclude_ids":"","_relevanssi_related_no_append":"","_relevanssi_related_not_related":"","_relevanssi_related_posts":"","_relevanssi_noindex_reason":"","footnotes":""},"class_list":["post-11","page","type-page","status-publish","hentry"],"acf":[],"_links":{"self":[{"href":"https:\/\/mutti-parma.com\/pl\/wp-json\/wp\/v2\/pages\/11","targetHints":{"allow":["GET"]}}],"collection":[{"href":"https:\/\/mutti-parma.com\/pl\/wp-json\/wp\/v2\/pages"}],"about":[{"href":"https:\/\/mutti-parma.com\/pl\/wp-json\/wp\/v2\/types\/page"}],"author":[{"embeddable":true,"href":"https:\/\/mutti-parma.com\/pl\/wp-json\/wp\/v2\/users\/1"}],"replies":[{"embeddable":true,"href":"https:\/\/mutti-parma.com\/pl\/wp-json\/wp\/v2\/comments?post=11"}],"version-history":[{"count":43,"href":"https:\/\/mutti-parma.com\/pl\/wp-json\/wp\/v2\/pages\/11\/revisions"}],"predecessor-version":[{"id":1946,"href":"https:\/\/mutti-parma.com\/pl\/wp-json\/wp\/v2\/pages\/11\/revisions\/1946"}],"up":[{"embeddable":true,"href":"https:\/\/mutti-parma.com\/pl\/wp-json\/wp\/v2\/pages\/5"}],"wp:attachment":[{"href":"https:\/\/mutti-parma.com\/pl\/wp-json\/wp\/v2\/media?parent=11"}],"curies":[{"name":"wp","href":"https:\/\/api.w.org\/{rel}","templated":true}]}}