{"id":1112,"date":"2024-05-30T09:39:10","date_gmt":"2024-05-30T09:39:10","guid":{"rendered":"https:\/\/mutti-parma.com\/pl\/?page_id=1112"},"modified":"2024-05-30T09:39:11","modified_gmt":"2024-05-30T09:39:11","slug":"upcykling-z-mutti","status":"publish","type":"page","link":"https:\/\/mutti-parma.com\/pl\/upcykling-z-mutti\/","title":{"rendered":"Upcykling z Mutti"},"content":{"rendered":"\n<div class=\"wp-block-cover alignfull is-style-full-height\" style=\"margin-top:0;margin-bottom:0;min-height:736px;aspect-ratio:unset;\" data-hide-on=\"tablet desktop\"><span aria-hidden=\"true\" class=\"wp-block-cover__background has-background-dim-0 has-background-dim\"><\/span><img loading=\"lazy\" decoding=\"async\" class=\"wp-block-cover__image-background wp-image-9040\" alt=\"\" src=\"https:\/\/mutti-parma.com\/app\/uploads\/2023\/07\/1-hero-mobile.jpg\" data-object-fit=\"cover\" \/><div class=\"wp-block-cover__inner-container is-layout-flow wp-block-cover-is-layout-flow\">\n<h1 class=\"wp-block-heading has-text-align-center is-style-cursive has-xxl-heading-font-size\">Do art yourself<\/h1>\n\n\n\n<h2 class=\"wp-block-heading is-style-default\" style=\"text-transform:none\">Upcykling z Mutti<\/h2>\n\n\n\n<p class=\"has-text-align-center\">Witamy w naszej sekcji Do-Art-Yourself, w kt\u00f3rej prezentujemy nieograniczone mo\u017cliwo\u015bci upcyklingu produkt\u00f3w Mutti. Wierzymy, \u017ce zr\u00f3wnowa\u017cony rozw\u00f3j to styl \u017cycia, a czy mo\u017ce by\u0107 lepszy spos\u00f3b na recykling od nadania nowego \u017cycia naszym ulubionym produktom?<\/p>\n\n\n\n<p class=\"has-text-align-center\">Tutaj odkryjesz skarbnic\u0119 genialnych pomys\u0142\u00f3w i projekt\u00f3w na r\u0119kodzie\u0142a, dzi\u0119ki kt\u00f3rym przekszta\u0142cisz nasze opakowania w funkcjonalne i estetyczne przedmioty. Od stylowych dekoracji do domu po praktyczne rozwi\u0105zania do przechowywania: nasze projekty DIY wykorzystuj\u0105 pi\u0119kno i trwa\u0142o\u015b\u0107 opakowa\u0144 Mutti, aby urozmaici\u0107 Twoj\u0105 przestrze\u0144 mieszkaln\u0105.<\/p>\n\n\n\n<div class=\"wp-block-buttons is-content-justification-center is-layout-flex wp-container-core-buttons-is-layout-16018d1d wp-block-buttons-is-layout-flex\">\n<div class=\"wp-block-button\"><a class=\"wp-block-button__link wp-element-button\" href=\"#listing\">PRZEGL\u0104DAJ PROJEKTY<\/a><\/div>\n<\/div>\n<\/div><\/div>\n\n\n\n<div class=\"wp-block-cover alignfull is-style-full-height\" style=\"margin-top:0;margin-bottom:0;min-height:736px;aspect-ratio:unset;\" data-hide-on=\"mobile\"><span aria-hidden=\"true\" class=\"wp-block-cover__background has-background-dim-0 has-background-dim\"><\/span><img loading=\"lazy\" decoding=\"async\" class=\"wp-block-cover__image-background wp-image-9039\" alt=\"\" src=\"https:\/\/mutti-parma.com\/app\/uploads\/2023\/07\/1-hero-desktop.jpg\" data-object-fit=\"cover\" \/><div class=\"wp-block-cover__inner-container is-layout-flow wp-block-cover-is-layout-flow\">\n<h1 class=\"wp-block-heading has-text-align-center is-style-cursive has-xxl-heading-font-size\">Do art yourself<\/h1>\n\n\n\n<h2 class=\"wp-block-heading\" style=\"text-transform:none\">Upcykling z Mutti<\/h2>\n\n\n\n<p class=\"has-text-align-center\">Witamy w naszej sekcji Do-Art-Yourself, w kt\u00f3rej prezentujemy nieograniczone mo\u017cliwo\u015bci upcyklingu produkt\u00f3w Mutti. Wierzymy, \u017ce zr\u00f3wnowa\u017cony rozw\u00f3j to styl \u017cycia, a czy mo\u017ce by\u0107 lepszy spos\u00f3b na recykling od nadania nowego \u017cycia naszym ulubionym produktom?<\/p>\n\n\n\n<p class=\"has-text-align-center\">Tutaj odkryjesz skarbnic\u0119 genialnych pomys\u0142\u00f3w i projekt\u00f3w na r\u0119kodzie\u0142a, dzi\u0119ki kt\u00f3rym przekszta\u0142cisz nasze opakowania w funkcjonalne i estetyczne przedmioty. Od stylowych dekoracji do domu po praktyczne rozwi\u0105zania do przechowywania: nasze projekty DIY wykorzystuj\u0105 pi\u0119kno i trwa\u0142o\u015b\u0107 opakowa\u0144 Mutti, aby urozmaici\u0107 Twoj\u0105 przestrze\u0144 mieszkaln\u0105.<\/p>\n\n\n\n<div class=\"wp-block-buttons is-content-justification-center is-layout-flex wp-container-core-buttons-is-layout-16018d1d wp-block-buttons-is-layout-flex\">\n<div class=\"wp-block-button\"><a class=\"wp-block-button__link wp-element-button\" href=\"#listing\">PRZEGL\u0104DAJ PROJEKTY<\/a><\/div>\n<\/div>\n<\/div><\/div>\n\n\n\n<div class=\"wp-block-group alignfull has-background is-layout-constrained wp-block-group-is-layout-constrained\" style=\"background-color:#f0e9d7\"><div class=\"facetwp-facet facetwp-facet-project_category facetwp-type-radio\" data-name=\"project_category\" data-type=\"radio\"><\/div>\n<\/div>\n\n\n<div\n  class=\"acf-content-listing is-style-filtered alignwide\"\n   id=\"listing\" >\n  <div class=\"facetwp-template\">\n    <div class=\"flex -mx-6 -mt-5 md:-mt-6 flex-wrap\">\n               <div class=\"w-1\/1 sm:w-1\/2 md:w-1\/3 px-6 py-5 md:py-6\">\n          <div class=\"text-center\" data-vue-wrapper>\n      <a href=\"https:\/\/mutti-parma.com\/pl\/project\/wieniec-na-drzwi\/\" class=\"relative block mb-4 max-w-96 mx-auto\">\n      <div class=\"responsive-embed \" style=\"padding-bottom: 108.79765395894%;\">\n        <img decoding=\"async\" width=\"2000\" height=\"1333\" src=\"https:\/\/mutti-parma.com\/app\/uploads\/sites\/26\/2025\/11\/ghirlanda-latta-06.jpg\" class=\"inline-block wp-image-1907\" alt=\"Wieniec na Drzwi\" sizes=\"auto, (max-width: 600px) 72vw, 431px\" data-spai-crop=\"true\" title=\"Wieniec na Drzwi\" srcset=\"https:\/\/mutti-parma.com\/app\/uploads\/sites\/26\/2025\/11\/ghirlanda-latta-06.jpg 2000w, https:\/\/mutti-parma.com\/app\/uploads\/sites\/26\/2025\/11\/ghirlanda-latta-06-500x333.jpg 500w, https:\/\/mutti-parma.com\/app\/uploads\/sites\/26\/2025\/11\/ghirlanda-latta-06-1024x682.jpg 1024w, https:\/\/mutti-parma.com\/app\/uploads\/sites\/26\/2025\/11\/ghirlanda-latta-06-200x133.jpg 200w, https:\/\/mutti-parma.com\/app\/uploads\/sites\/26\/2025\/11\/ghirlanda-latta-06-768x512.jpg 768w, https:\/\/mutti-parma.com\/app\/uploads\/sites\/26\/2025\/11\/ghirlanda-latta-06-150x100.jpg 150w, https:\/\/mutti-parma.com\/app\/uploads\/sites\/26\/2025\/11\/ghirlanda-latta-06-600x400.jpg 600w, https:\/\/mutti-parma.com\/app\/uploads\/sites\/26\/2025\/11\/ghirlanda-latta-06-1536x1024.jpg 1536w\" loading=\"lazy\" \/>\n      <\/div>\n    <\/a>\n  \n  <a class=\"block mb-4\" href=\"https:\/\/mutti-parma.com\/pl\/project\/wieniec-na-drzwi\/\">\n    <h3>Wieniec na Drzwi<\/h3>\n  <\/a>\n\n  <rate-post\n    namespace=\"mutti\/v1\"\n    :votes=\"0\"\n    :post-id=\"1906\"\n  ><\/rate-post>\n<\/div>\n        <\/div>\n               <div class=\"w-1\/1 sm:w-1\/2 md:w-1\/3 px-6 py-5 md:py-6\">\n          <div class=\"text-center\" data-vue-wrapper>\n      <a href=\"https:\/\/mutti-parma.com\/pl\/project\/zimowa-kula-sniezna\/\" class=\"relative block mb-4 max-w-96 mx-auto\">\n      <div class=\"responsive-embed \" style=\"padding-bottom: 108.79765395894%;\">\n        <img decoding=\"async\" width=\"2000\" height=\"1333\" src=\"https:\/\/mutti-parma.com\/app\/uploads\/sites\/26\/2025\/11\/palla-di-neve-vasetto-07.jpg\" class=\"inline-block wp-image-1921\" alt=\"Zimowa Kula \u015anie\u017cna\" sizes=\"auto, (max-width: 600px) 72vw, 431px\" data-spai-crop=\"true\" title=\"Zimowa Kula \u015anie\u017cna\" srcset=\"https:\/\/mutti-parma.com\/app\/uploads\/sites\/26\/2025\/11\/palla-di-neve-vasetto-07.jpg 2000w, https:\/\/mutti-parma.com\/app\/uploads\/sites\/26\/2025\/11\/palla-di-neve-vasetto-07-500x333.jpg 500w, https:\/\/mutti-parma.com\/app\/uploads\/sites\/26\/2025\/11\/palla-di-neve-vasetto-07-1024x682.jpg 1024w, https:\/\/mutti-parma.com\/app\/uploads\/sites\/26\/2025\/11\/palla-di-neve-vasetto-07-200x133.jpg 200w, https:\/\/mutti-parma.com\/app\/uploads\/sites\/26\/2025\/11\/palla-di-neve-vasetto-07-768x512.jpg 768w, https:\/\/mutti-parma.com\/app\/uploads\/sites\/26\/2025\/11\/palla-di-neve-vasetto-07-150x100.jpg 150w, https:\/\/mutti-parma.com\/app\/uploads\/sites\/26\/2025\/11\/palla-di-neve-vasetto-07-600x400.jpg 600w, https:\/\/mutti-parma.com\/app\/uploads\/sites\/26\/2025\/11\/palla-di-neve-vasetto-07-1536x1024.jpg 1536w\" loading=\"lazy\" \/>\n      <\/div>\n    <\/a>\n  \n  <a class=\"block mb-4\" href=\"https:\/\/mutti-parma.com\/pl\/project\/zimowa-kula-sniezna\/\">\n    <h3>Zimowa Kula \u015anie\u017cna<\/h3>\n  <\/a>\n\n  <rate-post\n    namespace=\"mutti\/v1\"\n    :votes=\"0\"\n    :post-id=\"1922\"\n  ><\/rate-post>\n<\/div>\n        <\/div>\n               <div class=\"w-1\/1 sm:w-1\/2 md:w-1\/3 px-6 py-5 md:py-6\">\n          <div class=\"text-center\" data-vue-wrapper>\n      <a href=\"https:\/\/mutti-parma.com\/pl\/project\/swiateczne-oznaczniki-na-kieliszki-diy\/\" class=\"relative block mb-4 max-w-96 mx-auto\">\n      <div class=\"responsive-embed \" style=\"padding-bottom: 108.79765395894%;\">\n        <img decoding=\"async\" width=\"2000\" height=\"1333\" src=\"https:\/\/mutti-parma.com\/app\/uploads\/sites\/26\/2025\/11\/segnaposto-tubetto-06.jpg\" class=\"inline-block wp-image-1914\" alt=\"\u015awi\u0105teczne Oznaczniki na Kieliszki DIY\" sizes=\"auto, (max-width: 600px) 72vw, 431px\" data-spai-crop=\"true\" title=\"\u015awi\u0105teczne Oznaczniki na Kieliszki DIY\" srcset=\"https:\/\/mutti-parma.com\/app\/uploads\/sites\/26\/2025\/11\/segnaposto-tubetto-06.jpg 2000w, https:\/\/mutti-parma.com\/app\/uploads\/sites\/26\/2025\/11\/segnaposto-tubetto-06-500x333.jpg 500w, https:\/\/mutti-parma.com\/app\/uploads\/sites\/26\/2025\/11\/segnaposto-tubetto-06-1024x682.jpg 1024w, https:\/\/mutti-parma.com\/app\/uploads\/sites\/26\/2025\/11\/segnaposto-tubetto-06-200x133.jpg 200w, https:\/\/mutti-parma.com\/app\/uploads\/sites\/26\/2025\/11\/segnaposto-tubetto-06-768x512.jpg 768w, https:\/\/mutti-parma.com\/app\/uploads\/sites\/26\/2025\/11\/segnaposto-tubetto-06-150x100.jpg 150w, https:\/\/mutti-parma.com\/app\/uploads\/sites\/26\/2025\/11\/segnaposto-tubetto-06-600x400.jpg 600w, https:\/\/mutti-parma.com\/app\/uploads\/sites\/26\/2025\/11\/segnaposto-tubetto-06-1536x1024.jpg 1536w\" loading=\"lazy\" \/>\n      <\/div>\n    <\/a>\n  \n  <a class=\"block mb-4\" href=\"https:\/\/mutti-parma.com\/pl\/project\/swiateczne-oznaczniki-na-kieliszki-diy\/\">\n    <h3>\u015awi\u0105teczne Oznaczniki na Kieliszki DIY<\/h3>\n  <\/a>\n\n  <rate-post\n    namespace=\"mutti\/v1\"\n    :votes=\"0\"\n    :post-id=\"1924\"\n  ><\/rate-post>\n<\/div>\n        <\/div>\n               <div class=\"w-1\/1 sm:w-1\/2 md:w-1\/3 px-6 py-5 md:py-6\">\n          <div class=\"text-center\" data-vue-wrapper>\n      <a href=\"https:\/\/mutti-parma.com\/pl\/project\/przepis-w-butelce-pomidorowej\/\" class=\"relative block mb-4 max-w-96 mx-auto\">\n      <div class=\"responsive-embed \" style=\"padding-bottom: 108.79765395894%;\">\n        <img decoding=\"async\" width=\"200\" height=\"200\" src=\"https:\/\/mutti-parma.com\/app\/uploads\/sites\/26\/2024\/12\/4-bottiglia-porta-ricetta-4-1-200x200-1.jpg\" class=\"inline-block wp-image-1440\" alt=\"Przepis w Butelce Pomidorowej\" sizes=\"auto, (max-width: 600px) 72vw, 431px\" data-spai-crop=\"true\" title=\"Przepis w Butelce Pomidorowej\" srcset=\"https:\/\/mutti-parma.com\/app\/uploads\/sites\/26\/2024\/12\/4-bottiglia-porta-ricetta-4-1-200x200-1.jpg 200w, https:\/\/mutti-parma.com\/app\/uploads\/sites\/26\/2024\/12\/4-bottiglia-porta-ricetta-4-1-200x200-1-150x150.jpg 150w, https:\/\/mutti-parma.com\/app\/uploads\/sites\/26\/2024\/12\/4-bottiglia-porta-ricetta-4-1-200x200-1-50x50.jpg 50w\" loading=\"lazy\" \/>\n      <\/div>\n    <\/a>\n  \n  <a class=\"block mb-4\" href=\"https:\/\/mutti-parma.com\/pl\/project\/przepis-w-butelce-pomidorowej\/\">\n    <h3>Przepis w Butelce Pomidorowej<\/h3>\n  <\/a>\n\n  <rate-post\n    namespace=\"mutti\/v1\"\n    :votes=\"2\"\n    :post-id=\"1439\"\n  ><\/rate-post>\n<\/div>\n        <\/div>\n               <div class=\"w-1\/1 sm:w-1\/2 md:w-1\/3 px-6 py-5 md:py-6\">\n          <div class=\"text-center\" data-vue-wrapper>\n      <a href=\"https:\/\/mutti-parma.com\/pl\/project\/dekoracje-swiateczne\/\" class=\"relative block mb-4 max-w-96 mx-auto\">\n      <div class=\"responsive-embed \" style=\"padding-bottom: 108.79765395894%;\">\n        <img decoding=\"async\" width=\"500\" height=\"500\" src=\"https:\/\/mutti-parma.com\/app\/uploads\/sites\/26\/2024\/12\/5-tubetto-decorazioni-10a-1-500x500-1.jpg\" class=\"inline-block wp-image-1425\" alt=\"Dekoracje \u015awi\u0105teczne\" sizes=\"auto, (max-width: 600px) 72vw, 431px\" data-spai-crop=\"true\" title=\"Dekoracje \u015awi\u0105teczne\" srcset=\"https:\/\/mutti-parma.com\/app\/uploads\/sites\/26\/2024\/12\/5-tubetto-decorazioni-10a-1-500x500-1.jpg 500w, https:\/\/mutti-parma.com\/app\/uploads\/sites\/26\/2024\/12\/5-tubetto-decorazioni-10a-1-500x500-1-200x200.jpg 200w, https:\/\/mutti-parma.com\/app\/uploads\/sites\/26\/2024\/12\/5-tubetto-decorazioni-10a-1-500x500-1-150x150.jpg 150w, https:\/\/mutti-parma.com\/app\/uploads\/sites\/26\/2024\/12\/5-tubetto-decorazioni-10a-1-500x500-1-50x50.jpg 50w\" loading=\"lazy\" \/>\n      <\/div>\n    <\/a>\n  \n  <a class=\"block mb-4\" href=\"https:\/\/mutti-parma.com\/pl\/project\/dekoracje-swiateczne\/\">\n    <h3>Dekoracje \u015awi\u0105teczne<\/h3>\n  <\/a>\n\n  <rate-post\n    namespace=\"mutti\/v1\"\n    :votes=\"0\"\n    :post-id=\"1424\"\n  ><\/rate-post>\n<\/div>\n        <\/div>\n               <div class=\"w-1\/1 sm:w-1\/2 md:w-1\/3 px-6 py-5 md:py-6\">\n          <div class=\"text-center\" data-vue-wrapper>\n      <a href=\"https:\/\/mutti-parma.com\/pl\/project\/jo-jo-mutti-passata\/\" class=\"relative block mb-4 max-w-96 mx-auto\">\n      <div class=\"responsive-embed \" style=\"padding-bottom: 108.79765395894%;\">\n        <img decoding=\"async\" width=\"1024\" height=\"1024\" src=\"https:\/\/mutti-parma.com\/app\/uploads\/sites\/26\/2024\/03\/ww-socialped-2021-08-doartyourself-04-1024x1024-1.jpg\" class=\"inline-block wp-image-1116\" alt=\"Jo-jo Mutti Passata\" sizes=\"auto, (max-width: 600px) 72vw, 431px\" data-spai-crop=\"true\" title=\"Jo-jo Mutti Passata\" srcset=\"https:\/\/mutti-parma.com\/app\/uploads\/sites\/26\/2024\/03\/ww-socialped-2021-08-doartyourself-04-1024x1024-1.jpg 1024w, https:\/\/mutti-parma.com\/app\/uploads\/sites\/26\/2024\/03\/ww-socialped-2021-08-doartyourself-04-1024x1024-1-500x500.jpg 500w, https:\/\/mutti-parma.com\/app\/uploads\/sites\/26\/2024\/03\/ww-socialped-2021-08-doartyourself-04-1024x1024-1-200x200.jpg 200w, https:\/\/mutti-parma.com\/app\/uploads\/sites\/26\/2024\/03\/ww-socialped-2021-08-doartyourself-04-1024x1024-1-768x768.jpg 768w, https:\/\/mutti-parma.com\/app\/uploads\/sites\/26\/2024\/03\/ww-socialped-2021-08-doartyourself-04-1024x1024-1-150x150.jpg 150w, https:\/\/mutti-parma.com\/app\/uploads\/sites\/26\/2024\/03\/ww-socialped-2021-08-doartyourself-04-1024x1024-1-600x600.jpg 600w, https:\/\/mutti-parma.com\/app\/uploads\/sites\/26\/2024\/03\/ww-socialped-2021-08-doartyourself-04-1024x1024-1-50x50.jpg 50w\" loading=\"lazy\" \/>\n      <\/div>\n    <\/a>\n  \n  <a class=\"block mb-4\" href=\"https:\/\/mutti-parma.com\/pl\/project\/jo-jo-mutti-passata\/\">\n    <h3>Jo-jo Mutti Passata<\/h3>\n  <\/a>\n\n  <rate-post\n    namespace=\"mutti\/v1\"\n    :votes=\"1\"\n    :post-id=\"1115\"\n  ><\/rate-post>\n<\/div>\n        <\/div>\n               <div class=\"w-1\/1 sm:w-1\/2 md:w-1\/3 px-6 py-5 md:py-6\">\n          <div class=\"text-center\" data-vue-wrapper>\n      <a href=\"https:\/\/mutti-parma.com\/pl\/project\/doniczka-do-sukulentow-mutti\/\" class=\"relative block mb-4 max-w-96 mx-auto\">\n      <div class=\"responsive-embed \" style=\"padding-bottom: 108.79765395894%;\">\n        <img decoding=\"async\" width=\"1024\" height=\"1024\" src=\"https:\/\/mutti-parma.com\/app\/uploads\/sites\/26\/2024\/03\/ww-socialped-2021-09-doartyourself-01-fb-ig-1024x1024-1.jpg\" class=\"inline-block wp-image-1119\" alt=\"Doniczka do sukulent\u00f3w Mutti\" sizes=\"auto, (max-width: 600px) 72vw, 431px\" data-spai-crop=\"true\" title=\"Doniczka do sukulent\u00f3w Mutti\" srcset=\"https:\/\/mutti-parma.com\/app\/uploads\/sites\/26\/2024\/03\/ww-socialped-2021-09-doartyourself-01-fb-ig-1024x1024-1.jpg 1024w, https:\/\/mutti-parma.com\/app\/uploads\/sites\/26\/2024\/03\/ww-socialped-2021-09-doartyourself-01-fb-ig-1024x1024-1-500x500.jpg 500w, https:\/\/mutti-parma.com\/app\/uploads\/sites\/26\/2024\/03\/ww-socialped-2021-09-doartyourself-01-fb-ig-1024x1024-1-200x200.jpg 200w, https:\/\/mutti-parma.com\/app\/uploads\/sites\/26\/2024\/03\/ww-socialped-2021-09-doartyourself-01-fb-ig-1024x1024-1-768x768.jpg 768w, https:\/\/mutti-parma.com\/app\/uploads\/sites\/26\/2024\/03\/ww-socialped-2021-09-doartyourself-01-fb-ig-1024x1024-1-150x150.jpg 150w, https:\/\/mutti-parma.com\/app\/uploads\/sites\/26\/2024\/03\/ww-socialped-2021-09-doartyourself-01-fb-ig-1024x1024-1-600x600.jpg 600w, https:\/\/mutti-parma.com\/app\/uploads\/sites\/26\/2024\/03\/ww-socialped-2021-09-doartyourself-01-fb-ig-1024x1024-1-50x50.jpg 50w\" loading=\"lazy\" \/>\n      <\/div>\n    <\/a>\n  \n  <a class=\"block mb-4\" href=\"https:\/\/mutti-parma.com\/pl\/project\/doniczka-do-sukulentow-mutti\/\">\n    <h3>Doniczka do sukulent\u00f3w Mutti<\/h3>\n  <\/a>\n\n  <rate-post\n    namespace=\"mutti\/v1\"\n    :votes=\"3\"\n    :post-id=\"1118\"\n  ><\/rate-post>\n<\/div>\n        <\/div>\n               <div class=\"w-1\/1 sm:w-1\/2 md:w-1\/3 px-6 py-5 md:py-6\">\n          <div class=\"text-center\" data-vue-wrapper>\n      <a href=\"https:\/\/mutti-parma.com\/pl\/project\/podkladki-z-nakretek-mutti\/\" class=\"relative block mb-4 max-w-96 mx-auto\">\n      <div class=\"responsive-embed \" style=\"padding-bottom: 108.79765395894%;\">\n        <img decoding=\"async\" width=\"1024\" height=\"1024\" src=\"https:\/\/mutti-parma.com\/app\/uploads\/sites\/26\/2024\/03\/ww-socialped-2021-10-doartyourself-01-1024x1024-1.jpg\" class=\"inline-block wp-image-1122\" alt=\"Podk\u0142adki z nakr\u0119tek Mutti\" sizes=\"auto, (max-width: 600px) 72vw, 431px\" data-spai-crop=\"true\" title=\"Podk\u0142adki z nakr\u0119tek Mutti\" srcset=\"https:\/\/mutti-parma.com\/app\/uploads\/sites\/26\/2024\/03\/ww-socialped-2021-10-doartyourself-01-1024x1024-1.jpg 1024w, https:\/\/mutti-parma.com\/app\/uploads\/sites\/26\/2024\/03\/ww-socialped-2021-10-doartyourself-01-1024x1024-1-500x500.jpg 500w, https:\/\/mutti-parma.com\/app\/uploads\/sites\/26\/2024\/03\/ww-socialped-2021-10-doartyourself-01-1024x1024-1-200x200.jpg 200w, https:\/\/mutti-parma.com\/app\/uploads\/sites\/26\/2024\/03\/ww-socialped-2021-10-doartyourself-01-1024x1024-1-768x768.jpg 768w, https:\/\/mutti-parma.com\/app\/uploads\/sites\/26\/2024\/03\/ww-socialped-2021-10-doartyourself-01-1024x1024-1-150x150.jpg 150w, https:\/\/mutti-parma.com\/app\/uploads\/sites\/26\/2024\/03\/ww-socialped-2021-10-doartyourself-01-1024x1024-1-600x600.jpg 600w, https:\/\/mutti-parma.com\/app\/uploads\/sites\/26\/2024\/03\/ww-socialped-2021-10-doartyourself-01-1024x1024-1-50x50.jpg 50w\" loading=\"lazy\" \/>\n      <\/div>\n    <\/a>\n  \n  <a class=\"block mb-4\" href=\"https:\/\/mutti-parma.com\/pl\/project\/podkladki-z-nakretek-mutti\/\">\n    <h3>Podk\u0142adki z nakr\u0119tek Mutti<\/h3>\n  <\/a>\n\n  <rate-post\n    namespace=\"mutti\/v1\"\n    :votes=\"0\"\n    :post-id=\"1121\"\n  ><\/rate-post>\n<\/div>\n        <\/div>\n               <div class=\"w-1\/1 sm:w-1\/2 md:w-1\/3 px-6 py-5 md:py-6\">\n          <div class=\"text-center\" data-vue-wrapper>\n      <a href=\"https:\/\/mutti-parma.com\/pl\/project\/wsparcie-w-kuchni-mutti\/\" class=\"relative block mb-4 max-w-96 mx-auto\">\n      <div class=\"responsive-embed \" style=\"padding-bottom: 108.79765395894%;\">\n        <img decoding=\"async\" width=\"1024\" height=\"1024\" src=\"https:\/\/mutti-parma.com\/app\/uploads\/sites\/26\/2024\/03\/ww-socialped-2021-11-doartyourself-07-1024x1024-2-5.jpg\" class=\"inline-block wp-image-1125\" alt=\"Wsparcie w kuchni Mutti\" sizes=\"auto, (max-width: 600px) 72vw, 431px\" data-spai-crop=\"true\" title=\"Wsparcie w kuchni Mutti\" srcset=\"https:\/\/mutti-parma.com\/app\/uploads\/sites\/26\/2024\/03\/ww-socialped-2021-11-doartyourself-07-1024x1024-2-5.jpg 1024w, https:\/\/mutti-parma.com\/app\/uploads\/sites\/26\/2024\/03\/ww-socialped-2021-11-doartyourself-07-1024x1024-2-5-500x500.jpg 500w, https:\/\/mutti-parma.com\/app\/uploads\/sites\/26\/2024\/03\/ww-socialped-2021-11-doartyourself-07-1024x1024-2-5-200x200.jpg 200w, https:\/\/mutti-parma.com\/app\/uploads\/sites\/26\/2024\/03\/ww-socialped-2021-11-doartyourself-07-1024x1024-2-5-768x768.jpg 768w, https:\/\/mutti-parma.com\/app\/uploads\/sites\/26\/2024\/03\/ww-socialped-2021-11-doartyourself-07-1024x1024-2-5-150x150.jpg 150w, https:\/\/mutti-parma.com\/app\/uploads\/sites\/26\/2024\/03\/ww-socialped-2021-11-doartyourself-07-1024x1024-2-5-600x600.jpg 600w, https:\/\/mutti-parma.com\/app\/uploads\/sites\/26\/2024\/03\/ww-socialped-2021-11-doartyourself-07-1024x1024-2-5-50x50.jpg 50w\" loading=\"lazy\" \/>\n      <\/div>\n    <\/a>\n  \n  <a class=\"block mb-4\" href=\"https:\/\/mutti-parma.com\/pl\/project\/wsparcie-w-kuchni-mutti\/\">\n    <h3>Wsparcie w kuchni Mutti<\/h3>\n  <\/a>\n\n  <rate-post\n    namespace=\"mutti\/v1\"\n    :votes=\"1\"\n    :post-id=\"1124\"\n  ><\/rate-post>\n<\/div>\n        <\/div>\n                <\/div>\n  <\/div>\n\n      <div class=\"text-center\">\n      <div class=\"facetwp-pager\"><\/div>\n    <\/div>\n  <\/div>\n","protected":false},"excerpt":{"rendered":"","protected":false},"author":1,"featured_media":0,"parent":0,"menu_order":9,"comment_status":"closed","ping_status":"closed","template":"","meta":{"_acf_changed":false,"_relevanssi_hide_post":"","_relevanssi_hide_content":"","_relevanssi_pin_for_all":"","_relevanssi_pin_keywords":"","_relevanssi_unpin_keywords":"","_relevanssi_related_keywords":"","_relevanssi_related_include_ids":"","_relevanssi_related_exclude_ids":"","_relevanssi_related_no_append":"","_relevanssi_related_not_related":"","_relevanssi_related_posts":"","_relevanssi_noindex_reason":"","footnotes":""},"class_list":["post-1112","page","type-page","status-publish","hentry"],"acf":[],"_links":{"self":[{"href":"https:\/\/mutti-parma.com\/pl\/wp-json\/wp\/v2\/pages\/1112","targetHints":{"allow":["GET"]}}],"collection":[{"href":"https:\/\/mutti-parma.com\/pl\/wp-json\/wp\/v2\/pages"}],"about":[{"href":"https:\/\/mutti-parma.com\/pl\/wp-json\/wp\/v2\/types\/page"}],"author":[{"embeddable":true,"href":"https:\/\/mutti-parma.com\/pl\/wp-json\/wp\/v2\/users\/1"}],"replies":[{"embeddable":true,"href":"https:\/\/mutti-parma.com\/pl\/wp-json\/wp\/v2\/comments?post=1112"}],"version-history":[{"count":2,"href":"https:\/\/mutti-parma.com\/pl\/wp-json\/wp\/v2\/pages\/1112\/revisions"}],"predecessor-version":[{"id":1114,"href":"https:\/\/mutti-parma.com\/pl\/wp-json\/wp\/v2\/pages\/1112\/revisions\/1114"}],"wp:attachment":[{"href":"https:\/\/mutti-parma.com\/pl\/wp-json\/wp\/v2\/media?parent=1112"}],"curies":[{"name":"wp","href":"https:\/\/api.w.org\/{rel}","templated":true}]}}