{"id":12,"date":"2020-03-10T11:32:25","date_gmt":"2020-03-10T11:32:25","guid":{"rendered":"https:\/\/mutti-parma.com\/pl\/?page_id=12"},"modified":"2026-03-02T15:24:02","modified_gmt":"2026-03-02T15:24:02","slug":"nasi-rolnicy","status":"publish","type":"page","link":"https:\/\/mutti-parma.com\/pl\/z-pola-na-stol\/nasi-rolnicy\/","title":{"rendered":"Nasi rolnicy"},"content":{"rendered":"\n<div class=\"wp-block-cover alignfull is-light\"><img loading=\"lazy\" decoding=\"async\" class=\"wp-block-cover__image-background wp-image-300000163\" alt=\"\" src=\"https:\/\/mutti-parma.com\/app\/uploads\/sites\/3\/2019\/09\/banner-farmers.jpg\" style=\"object-position:61% 21%\" data-object-fit=\"cover\" data-object-position=\"61% 21%\" data-spai-crop=\"false\" srcset=\"https:\/\/mutti-parma.com\/app\/uploads\/sites\/3\/2019\/09\/banner-farmers.jpg 2400w, https:\/\/mutti-parma.com\/app\/uploads\/sites\/3\/2019\/09\/banner-farmers-200x134.jpg 200w, https:\/\/mutti-parma.com\/app\/uploads\/sites\/3\/2019\/09\/banner-farmers-500x334.jpg 500w, https:\/\/mutti-parma.com\/app\/uploads\/sites\/3\/2019\/09\/banner-farmers-768x513.jpg 768w, https:\/\/mutti-parma.com\/app\/uploads\/sites\/3\/2019\/09\/banner-farmers-1024x684.jpg 1024w, https:\/\/mutti-parma.com\/app\/uploads\/sites\/3\/2019\/09\/banner-farmers-150x100.jpg 150w, https:\/\/mutti-parma.com\/app\/uploads\/sites\/3\/2019\/09\/banner-farmers-600x401.jpg 600w\" sizes=\"(max-width: 2400px) 100vw, 2400px\" \/><span aria-hidden=\"true\" class=\"wp-block-cover__background has-pitchblack-background-color has-background-dim-40 has-background-dim\"><\/span><div class=\"wp-block-cover__inner-container is-layout-flow wp-block-cover-is-layout-flow\"><div class=\"acf-breadcrumb my-4 md:my-8 text-center\">\n  <nav>\n  <ol class=\"list-none text-md\">\n                  <li class=\"inline\">\n                      <a class=\"text-inherit\" href=\"https:\/\/mutti-parma.com\/pl\/\">\n              Strona g\u0142\u00f3wna\n            <\/a>\n                            <\/li>\n            <\/ol>\n<\/nav>\n<\/div>\n\n\n\n<h1 class=\"wp-block-heading has-text-align-center\">Nasi rolnicy<\/h1>\n\n\n\n<p class=\"has-text-align-center\">Ka\u017cdy \u0142adunek zebranych z pola pomidor\u00f3w napawa rolnika dum\u0105. Wiemy, \u017ce ka\u017cda dostawa przesz\u0142a seri\u0119 restrykcyjnych kontroli i spe\u0142nia wymagania odno\u015bnie dojrza\u0142o\u015bci, koloru, kompozycji, \u015bwie\u017co\u015bci i s\u0142odko\u015bci. To rezultat pracy trwaj\u0105cej ca\u0142y rok.<\/p>\n\n\n\n<p class=\"has-text-align-center is-style-cursive\">Nasi rolnicy jako pierwsi pr\u00f3buj\u0105 pomidor\u00f3w Mutti<\/p>\n<\/div><\/div>\n\n\n\n<div class=\"wp-block-columns alignwide are-vertically-aligned-center is-layout-flex wp-container-core-columns-is-layout-9d6595d7 wp-block-columns-is-layout-flex\">\n<div class=\"wp-block-column is-vertically-aligned-center is-layout-flow wp-block-column-is-layout-flow\">\n<figure class=\"wp-block-embed is-type-video is-provider-youtube wp-block-embed-youtube wp-embed-aspect-16-9 wp-has-aspect-ratio wp-embed-aspect-4-3\" data-hide-on=\"mobile tablet desktop\"><div class=\"wp-block-embed__wrapper\">\n<iframe loading=\"lazy\" title=\"Valle del Sele - Carmine Fantasia\" width=\"500\" height=\"281\" data-cookieconsent=\"marketing\" data-src=\"\/\/www.youtube-nocookie.com\/embed\/6wruWzjOLFY?rel=0&#038;modestbranding=1&#038;enablejsapi=1&#038;feature=oembed&#038;width=500&#038;height=750\" frameborder=\"0\" allow=\"accelerometer; autoplay; clipboard-write; encrypted-media; gyroscope; picture-in-picture; web-share\" referrerpolicy=\"strict-origin-when-cross-origin\" allowfullscreen><\/iframe><div class=\"cookieconsent-embed-approval\">\n  <p>To watch this video you need to approve marketing cookies so we can use YouTube.<\/p>\n  <button class=\"btn btn-renew-cookie-consent\">\n    Manage Settings\n  <\/button>\n<\/div>\n\n<\/div><\/figure>\n<\/div>\n\n\n\n<div class=\"wp-block-column is-vertically-aligned-center is-layout-flow wp-block-column-is-layout-flow\">\n<h2 class=\"wp-block-heading\" data-hide-on=\"mobile tablet desktop\">Carmine Fantasia<\/h2>\n\n\n\n<p class=\"is-style-cursive has-xxl-font-size\" data-hide-on=\"mobile tablet desktop\">Valle del Sele<\/p>\n<\/div>\n<\/div>\n\n\n\n<div class=\"wp-block-columns alignwide are-vertically-aligned-center is-style-default is-layout-flex wp-container-core-columns-is-layout-9d6595d7 wp-block-columns-is-layout-flex\">\n<div class=\"wp-block-column is-vertically-aligned-center is-style-secondary is-layout-flow wp-block-column-is-layout-flow\">\n<h2 class=\"wp-block-heading\">Rosetta e Fausto Vitali<\/h2>\n\n\n\n<p class=\"is-style-cursive has-xxl-font-size\">Parma<\/p>\n<\/div>\n\n\n\n<div class=\"wp-block-column is-vertically-aligned-center order-first sm:order-last is-layout-flow wp-block-column-is-layout-flow\">\n<figure class=\"wp-block-embed is-type-video is-provider-youtube wp-block-embed-youtube wp-embed-aspect-16-9 wp-has-aspect-ratio wp-embed-aspect-4-3\"><div class=\"wp-block-embed__wrapper\">\n<iframe loading=\"lazy\" title=\"Parma - Rosetta e Fausto Vitali\" width=\"500\" height=\"281\" data-cookieconsent=\"marketing\" data-src=\"\/\/www.youtube-nocookie.com\/embed\/pqF2KbBbqK0?rel=0&#038;modestbranding=1&#038;enablejsapi=1&#038;feature=oembed&#038;width=500&#038;height=750\" frameborder=\"0\" allow=\"accelerometer; autoplay; clipboard-write; encrypted-media; gyroscope; picture-in-picture; web-share\" referrerpolicy=\"strict-origin-when-cross-origin\" allowfullscreen><\/iframe><div class=\"cookieconsent-embed-approval\">\n  <p>To watch this video you need to approve marketing cookies so we can use YouTube.<\/p>\n  <button class=\"btn btn-renew-cookie-consent\">\n    Manage Settings\n  <\/button>\n<\/div>\n\n<\/div><\/figure>\n<\/div>\n<\/div>\n\n\n\n<div class=\"wp-block-columns alignwide are-vertically-aligned-center is-layout-flex wp-container-core-columns-is-layout-9d6595d7 wp-block-columns-is-layout-flex\">\n<div class=\"wp-block-column is-vertically-aligned-center is-layout-flow wp-block-column-is-layout-flow\">\n<figure class=\"wp-block-embed is-type-video is-provider-youtube wp-block-embed-youtube wp-embed-aspect-16-9 wp-has-aspect-ratio wp-embed-aspect-4-3\"><div class=\"wp-block-embed__wrapper\">\n<iframe loading=\"lazy\" title=\"Valli di Comacchio - Andrea Crovetti\" width=\"500\" height=\"281\" data-cookieconsent=\"marketing\" data-src=\"\/\/www.youtube-nocookie.com\/embed\/FRKXjM_RD-U?rel=0&#038;modestbranding=1&#038;enablejsapi=1&#038;feature=oembed&#038;width=500&#038;height=750\" frameborder=\"0\" allow=\"accelerometer; autoplay; clipboard-write; encrypted-media; gyroscope; picture-in-picture; web-share\" referrerpolicy=\"strict-origin-when-cross-origin\" allowfullscreen><\/iframe><div class=\"cookieconsent-embed-approval\">\n  <p>To watch this video you need to approve marketing cookies so we can use YouTube.<\/p>\n  <button class=\"btn btn-renew-cookie-consent\">\n    Manage Settings\n  <\/button>\n<\/div>\n\n<\/div><\/figure>\n<\/div>\n\n\n\n<div class=\"wp-block-column is-vertically-aligned-center is-layout-flow wp-block-column-is-layout-flow\">\n<h2 class=\"wp-block-heading\">Andrea Crovetti<\/h2>\n\n\n\n<p class=\"is-style-cursive has-xxl-font-size\">Valli di Comacchio<\/p>\n<\/div>\n<\/div>\n\n\n\n<div class=\"wp-block-columns alignwide are-vertically-aligned-center is-layout-flex wp-container-core-columns-is-layout-9d6595d7 wp-block-columns-is-layout-flex\">\n<div class=\"wp-block-column is-vertically-aligned-center is-style-secondary is-layout-flow wp-block-column-is-layout-flow\">\n<h2 class=\"wp-block-heading\">Michele Giambattista<\/h2>\n\n\n\n<p class=\"is-style-cursive has-xxl-font-size\">Capitanata<\/p>\n<\/div>\n\n\n\n<div class=\"wp-block-column is-vertically-aligned-center order-first sm:order-last is-layout-flow wp-block-column-is-layout-flow\">\n<figure class=\"wp-block-embed is-type-video is-provider-youtube wp-block-embed-youtube wp-embed-aspect-16-9 wp-has-aspect-ratio wp-embed-aspect-4-3\"><div class=\"wp-block-embed__wrapper\">\n<iframe loading=\"lazy\" title=\"Capitanata - Michele Giambattista\" width=\"500\" height=\"281\" data-cookieconsent=\"marketing\" data-src=\"\/\/www.youtube-nocookie.com\/embed\/4iAzkfZn6CA?rel=0&#038;modestbranding=1&#038;enablejsapi=1&#038;feature=oembed&#038;width=500&#038;height=750\" frameborder=\"0\" allow=\"accelerometer; autoplay; clipboard-write; encrypted-media; gyroscope; picture-in-picture; web-share\" referrerpolicy=\"strict-origin-when-cross-origin\" allowfullscreen><\/iframe><div class=\"cookieconsent-embed-approval\">\n  <p>To watch this video you need to approve marketing cookies so we can use YouTube.<\/p>\n  <button class=\"btn btn-renew-cookie-consent\">\n    Manage Settings\n  <\/button>\n<\/div>\n\n<\/div><\/figure>\n<\/div>\n<\/div>\n\n\n\n<h2 class=\"wp-block-heading has-text-align-center\">WSP\u00d3LNA PASJA &#8211; POMIDORY NAJWY\u017bSZEJ JAKO\u015aCI<\/h2>\n\n\n\n<p class=\"has-text-align-center\">Ca\u0142y czas staramy si\u0119 rozwija\u0107, by oferowa\u0107 naszym klientom tylko najlepsze pomidory. Maj\u0105c<br> to na uwadze, blisko wsp\u00f3\u0142pracujemy z naszymi producentami, \u017ceby mie\u0107 pewno\u015b\u0107, \u017ce stale<br> udoskonalamy wszystko, co robimy. Ten cel mo\u017cemy osi\u0105gn\u0105\u0107 dzi\u0119ki nast\u0119puj\u0105cym zasadom:<\/p>\n\n\n\n<div class=\"wp-block-columns alignwide is-layout-flex wp-container-core-columns-is-layout-9d6595d7 wp-block-columns-is-layout-flex\">\n<div class=\"wp-block-column is-layout-flow wp-block-column-is-layout-flow\">\n<div class=\"wp-block-media-text alignwide is-style-boxed has-primary-background-color has-background\" style=\"grid-template-columns:85% auto\"><figure class=\"wp-block-media-text__media\"><img loading=\"lazy\" decoding=\"async\" src=\"https:\/\/mutti-parma.com\/app\/uploads\/sites\/3\/2019\/09\/section-farmers-price-1024x683.jpg\" alt=\"\" class=\"wp-image-30000045 size-full\" sizes=\"(max-width: 600px) 100vw, (min-width: 1440px) 1224px,85vw\" data-spai-crop=\"false\" srcset=\"https:\/\/mutti-parma.com\/app\/uploads\/sites\/3\/2019\/09\/section-farmers-price-1024x683.jpg 1024w, https:\/\/mutti-parma.com\/app\/uploads\/sites\/3\/2019\/09\/section-farmers-price-200x133.jpg 200w, https:\/\/mutti-parma.com\/app\/uploads\/sites\/3\/2019\/09\/section-farmers-price-500x334.jpg 500w, https:\/\/mutti-parma.com\/app\/uploads\/sites\/3\/2019\/09\/section-farmers-price-768x513.jpg 768w, https:\/\/mutti-parma.com\/app\/uploads\/sites\/3\/2019\/09\/section-farmers-price-150x100.jpg 150w, https:\/\/mutti-parma.com\/app\/uploads\/sites\/3\/2019\/09\/section-farmers-price-600x400.jpg 600w\" \/><\/figure><div class=\"wp-block-media-text__content\">\n<h3 class=\"wp-block-heading\">Cena<\/h3>\n\n\n\n<p class=\"is-style-cursive\">Wy\u017csza cena za lepsze pomidory.<\/p>\n\n\n\n<p>P\u0142acimy naszym rolnikom wi\u0119cej ni\u017c wynosz\u0105 \u015brednie stawki w tym przemy\u015ble. W 2018 nasze stawki by\u0142y o 16% wy\u017csze ni\u017c \u015brednie ceny na p\u00f3\u0142nocy W\u0142och i 30% wy\u017csze ni\u017c na po\u0142udniu. Dzi\u0119ki temu wzmacniamy relacje z naszymi partnerami i uwalniamy kapita\u0142, kt\u00f3ry zostaje zainwestowany w rolnictwo.<br><br><br>+16% vs. \u015brednia rynkowa na p\u00f3\u0142nocy (+9% \u015bredniej rynkowej za selekcj\u0119 i +7% za<br>zach\u0119ty i us\u0142ugi)<\/p>\n<\/div><\/div>\n<\/div>\n\n\n\n<div class=\"wp-block-column is-layout-flow wp-block-column-is-layout-flow\">\n<div class=\"wp-block-media-text alignwide is-style-boxed has-primary-background-color has-background\" style=\"grid-template-columns:85% auto\"><figure class=\"wp-block-media-text__media\"><img loading=\"lazy\" decoding=\"async\" src=\"https:\/\/mutti-parma.com\/app\/uploads\/sites\/3\/2019\/09\/section-farmers-transparency-1024x681.jpg\" alt=\"\" class=\"wp-image-30000043 size-full\" sizes=\"(max-width: 600px) 100vw, (min-width: 1440px) 1224px,85vw\" data-spai-crop=\"false\" srcset=\"https:\/\/mutti-parma.com\/app\/uploads\/sites\/3\/2019\/09\/section-farmers-transparency-1024x681.jpg 1024w, https:\/\/mutti-parma.com\/app\/uploads\/sites\/3\/2019\/09\/section-farmers-transparency-200x133.jpg 200w, https:\/\/mutti-parma.com\/app\/uploads\/sites\/3\/2019\/09\/section-farmers-transparency-500x333.jpg 500w, https:\/\/mutti-parma.com\/app\/uploads\/sites\/3\/2019\/09\/section-farmers-transparency-768x511.jpg 768w, https:\/\/mutti-parma.com\/app\/uploads\/sites\/3\/2019\/09\/section-farmers-transparency-150x100.jpg 150w, https:\/\/mutti-parma.com\/app\/uploads\/sites\/3\/2019\/09\/section-farmers-transparency-600x399.jpg 600w\" \/><\/figure><div class=\"wp-block-media-text__content\">\n<h3 class=\"wp-block-heading\">Jawno\u015b\u0107<\/h3>\n\n\n\n<p class=\"is-style-cursive\">Znane pochodzenie pomidor\u00f3w i zr\u00f3wnowa\u017cone rolnictwo.<\/p>\n\n\n\n<p>Nasi rolnicy musz\u0105 dostosowa\u0107 swoje metody pracy, aby sprosta\u0107 naszym wymogom. Jednym z nich jest mo\u017cliwo\u015b\u0107 sprawdzenia, sk\u0105d pochodz\u0105 pomidory, kt\u00f3rych u\u017cyjemy.<\/p>\n<\/div><\/div>\n<\/div>\n<\/div>\n\n\n\n<div class=\"wp-block-columns alignwide is-layout-flex wp-container-core-columns-is-layout-9d6595d7 wp-block-columns-is-layout-flex\">\n<div class=\"wp-block-column is-layout-flow wp-block-column-is-layout-flow\">\n<div class=\"wp-block-media-text alignwide is-style-boxed has-primary-background-color has-background\" style=\"grid-template-columns:85% auto\"><figure class=\"wp-block-media-text__media\"><img loading=\"lazy\" decoding=\"async\" src=\"https:\/\/mutti-parma.com\/app\/uploads\/sites\/3\/2019\/09\/section-farmers-respect-1024x682.jpg\" alt=\"\" class=\"wp-image-30000044 size-full\" sizes=\"(max-width: 600px) 100vw, (min-width: 1440px) 1224px,85vw\" data-spai-crop=\"false\" srcset=\"https:\/\/mutti-parma.com\/app\/uploads\/sites\/3\/2019\/09\/section-farmers-respect-1024x682.jpg 1024w, https:\/\/mutti-parma.com\/app\/uploads\/sites\/3\/2019\/09\/section-farmers-respect-200x133.jpg 200w, https:\/\/mutti-parma.com\/app\/uploads\/sites\/3\/2019\/09\/section-farmers-respect-500x333.jpg 500w, https:\/\/mutti-parma.com\/app\/uploads\/sites\/3\/2019\/09\/section-farmers-respect-768x512.jpg 768w, https:\/\/mutti-parma.com\/app\/uploads\/sites\/3\/2019\/09\/section-farmers-respect-150x100.jpg 150w, https:\/\/mutti-parma.com\/app\/uploads\/sites\/3\/2019\/09\/section-farmers-respect-600x400.jpg 600w\" \/><\/figure><div class=\"wp-block-media-text__content\">\n<h3 class=\"wp-block-heading\">Szacunek<\/h3>\n\n\n\n<p class=\"is-style-cursive\">W pe\u0142ni zautomatyzowane zbiory podwy\u017cszaj\u0105 bezpiecze\u0144stwo pracy.<\/p>\n\n\n\n<p>Umowy z rolnikami wymagaj\u0105 zbior\u00f3w mechanicznych. W ten spos\u00f3b wspieramy&nbsp; wykwalifikowanych pracownik\u00f3w w dost\u0119pie do sta\u0142ej pracy i jednocze\u015bnie zmniejszamy rotacj\u0119 pracownik\u00f3w kr\u00f3tkoterminowych.<\/p>\n<\/div><\/div>\n<\/div>\n\n\n\n<div class=\"wp-block-column is-layout-flow wp-block-column-is-layout-flow\">\n<div class=\"wp-block-media-text alignwide is-style-boxed has-primary-background-color has-background\" style=\"grid-template-columns:85% auto\"><figure class=\"wp-block-media-text__media\"><img loading=\"lazy\" decoding=\"async\" src=\"https:\/\/mutti-parma.com\/app\/uploads\/sites\/3\/2019\/09\/section-farmers-cooperation.jpg\" alt=\"\" class=\"wp-image-30000046 size-full\" sizes=\"(max-width: 600px) 100vw, (min-width: 1440px) 1224px,85vw\" data-spai-crop=\"false\" srcset=\"https:\/\/mutti-parma.com\/app\/uploads\/sites\/3\/2019\/09\/section-farmers-cooperation.jpg 800w, https:\/\/mutti-parma.com\/app\/uploads\/sites\/3\/2019\/09\/section-farmers-cooperation-200x150.jpg 200w, https:\/\/mutti-parma.com\/app\/uploads\/sites\/3\/2019\/09\/section-farmers-cooperation-500x375.jpg 500w, https:\/\/mutti-parma.com\/app\/uploads\/sites\/3\/2019\/09\/section-farmers-cooperation-768x576.jpg 768w, https:\/\/mutti-parma.com\/app\/uploads\/sites\/3\/2019\/09\/section-farmers-cooperation-150x113.jpg 150w, https:\/\/mutti-parma.com\/app\/uploads\/sites\/3\/2019\/09\/section-farmers-cooperation-600x450.jpg 600w\" \/><\/figure><div class=\"wp-block-media-text__content\">\n<h3 class=\"wp-block-heading\"><strong>Wsp\u00f3\u0142praca<\/strong><\/h3>\n\n\n\n<p class=\"is-style-cursive\">Silne wi\u0119zy i wzajemne zaufanie.<\/p>\n\n\n\n<p>Znamy naszych rolnik\u00f3w, poniewa\u017c od wielu lat wsp\u00f3\u0142pracujemy z tymi samymi rodzinami. Dzielimy si\u0119 z nimi informacjami przez nasze wsp\u00f3lne kana\u0142y komunikacji.<\/p>\n<\/div><\/div>\n<\/div>\n<\/div>\n\n\n\n<div class=\"wp-block-cover alignwide is-style-boxed\"><img loading=\"lazy\" decoding=\"async\" class=\"wp-block-cover__image-background wp-image-30000041\" alt=\"\" src=\"https:\/\/mutti-parma.com\/app\/uploads\/sites\/3\/2019\/09\/section-golden-tomato-winners-growing-cycle.jpg\" data-object-fit=\"cover\" srcset=\"https:\/\/mutti-parma.com\/app\/uploads\/sites\/3\/2019\/09\/section-golden-tomato-winners-growing-cycle.jpg 1472w, https:\/\/mutti-parma.com\/app\/uploads\/sites\/3\/2019\/09\/section-golden-tomato-winners-growing-cycle-200x200.jpg 200w, https:\/\/mutti-parma.com\/app\/uploads\/sites\/3\/2019\/09\/section-golden-tomato-winners-growing-cycle-500x500.jpg 500w, https:\/\/mutti-parma.com\/app\/uploads\/sites\/3\/2019\/09\/section-golden-tomato-winners-growing-cycle-768x768.jpg 768w, https:\/\/mutti-parma.com\/app\/uploads\/sites\/3\/2019\/09\/section-golden-tomato-winners-growing-cycle-1024x1024.jpg 1024w, https:\/\/mutti-parma.com\/app\/uploads\/sites\/3\/2019\/09\/section-golden-tomato-winners-growing-cycle-150x150.jpg 150w, https:\/\/mutti-parma.com\/app\/uploads\/sites\/3\/2019\/09\/section-golden-tomato-winners-growing-cycle-600x600.jpg 600w, https:\/\/mutti-parma.com\/app\/uploads\/sites\/3\/2019\/09\/section-golden-tomato-winners-growing-cycle-50x50.jpg 50w, https:\/\/mutti-parma.com\/app\/uploads\/sites\/3\/2019\/09\/section-golden-tomato-winners-growing-cycle-60x60.jpg 60w\" sizes=\"(max-width: 1472px) 100vw, 1472px\" \/><span aria-hidden=\"true\" class=\"wp-block-cover__background has-white-background-color has-background-dim-100 has-background-dim\"><\/span><div class=\"wp-block-cover__inner-container is-layout-flow wp-block-cover-is-layout-flow\">\n<p class=\"has-text-align-center has-primary-color has-text-color\">Skoro znasz ju\u017c nasz\u0105 rodzin\u0119:<\/p>\n\n\n\n<p class=\"has-text-align-center is-style-cursive has-xxl-font-size\"><a href=\"https:\/\/mutti-parma.com\/pl\/z-krzaka-na-stol\/#etapy\">Przeczytaj wi\u0119cej o cyklu upraw<\/a><\/p>\n\n\n\n<p class=\"has-text-align-center has-primary-color has-text-color\">i dowiedz si\u0119 o dojrzewaniu i zbiorach pomidor\u00f3w.<\/p>\n<\/div><\/div>\n","protected":false},"excerpt":{"rendered":"<p>Carmine Fantasia Valle del Sele Rosetta e Fausto Vitali Parma Andrea Crovetti Valli di Comacchio Michele Giambattista Capitanata WSP\u00d3LNA PASJA &#8211; POMIDORY NAJWY\u017bSZEJ JAKO\u015aCI Ca\u0142y czas staramy si\u0119 rozwija\u0107, by oferowa\u0107 naszym klientom tylko najlepsze pomidory. Maj\u0105c to na uwadze, blisko wsp\u00f3\u0142pracujemy z naszymi producentami, \u017ceby mie\u0107 pewno\u015b\u0107, \u017ce stale udoskonalamy wszystko, co robimy. Ten<\/p>\n","protected":false},"author":1,"featured_media":0,"parent":5,"menu_order":16,"comment_status":"closed","ping_status":"closed","template":"template-farmers.php","meta":{"_acf_changed":false,"_relevanssi_hide_post":"","_relevanssi_hide_content":"","_relevanssi_pin_for_all":"","_relevanssi_pin_keywords":"","_relevanssi_unpin_keywords":"","_relevanssi_related_keywords":"","_relevanssi_related_include_ids":"","_relevanssi_related_exclude_ids":"","_relevanssi_related_no_append":"","_relevanssi_related_not_related":"","_relevanssi_related_posts":"","_relevanssi_noindex_reason":"","footnotes":""},"class_list":["post-12","page","type-page","status-publish","hentry"],"acf":[],"_links":{"self":[{"href":"https:\/\/mutti-parma.com\/pl\/wp-json\/wp\/v2\/pages\/12","targetHints":{"allow":["GET"]}}],"collection":[{"href":"https:\/\/mutti-parma.com\/pl\/wp-json\/wp\/v2\/pages"}],"about":[{"href":"https:\/\/mutti-parma.com\/pl\/wp-json\/wp\/v2\/types\/page"}],"author":[{"embeddable":true,"href":"https:\/\/mutti-parma.com\/pl\/wp-json\/wp\/v2\/users\/1"}],"replies":[{"embeddable":true,"href":"https:\/\/mutti-parma.com\/pl\/wp-json\/wp\/v2\/comments?post=12"}],"version-history":[{"count":13,"href":"https:\/\/mutti-parma.com\/pl\/wp-json\/wp\/v2\/pages\/12\/revisions"}],"predecessor-version":[{"id":1961,"href":"https:\/\/mutti-parma.com\/pl\/wp-json\/wp\/v2\/pages\/12\/revisions\/1961"}],"up":[{"embeddable":true,"href":"https:\/\/mutti-parma.com\/pl\/wp-json\/wp\/v2\/pages\/5"}],"wp:attachment":[{"href":"https:\/\/mutti-parma.com\/pl\/wp-json\/wp\/v2\/media?parent=12"}],"curies":[{"name":"wp","href":"https:\/\/api.w.org\/{rel}","templated":true}]}}