{"id":13,"date":"2020-03-10T11:35:58","date_gmt":"2020-03-10T11:35:58","guid":{"rendered":"https:\/\/mutti-parma.com\/pl\/?page_id=13"},"modified":"2020-03-10T11:39:13","modified_gmt":"2020-03-10T11:39:13","slug":"a-tour-at-the-mutti-factory","status":"publish","type":"page","link":"https:\/\/mutti-parma.com\/pl\/z-pola-na-stol\/a-tour-at-the-mutti-factory\/","title":{"rendered":"Wycieczka po fabryce Mutti"},"content":{"rendered":"\n<div class=\"wp-block-cover alignfull has-pitchblack-background-color has-background-dim\" style=\"background-image:url(https:\/\/mutti-parma.com\/app\/uploads\/sites\/3\/2019\/09\/banner-tour-of-mutti-factory.jpg);background-position:24.41176470588235% 44.70588235294118%\"><div class=\"wp-block-cover__inner-container is-layout-flow wp-block-cover-is-layout-flow\"><div class=\"acf-breadcrumb my-4 md:my-8 text-center\">\n  <nav>\n  <ol class=\"list-none text-md\">\n                  <li class=\"inline\">\n                      <a class=\"text-inherit\" href=\"https:\/\/mutti-parma.com\/pl\/\">\n              Strona g\u0142\u00f3wna\n            <\/a>\n                            <\/li>\n            <\/ol>\n<\/nav>\n<\/div>\n\n\n\n<h1 class=\"has-text-align-center wp-block-heading\">Wycieczka po fabryce Mutti<\/h1>\n\n\n\n<p class=\"has-text-align-center\">Gdy nasze pomidory ju\u017c w pe\u0142ni dojrzej\u0105 w \u015bci\u015ble kontrolowanych warunkach, w mniej ni\u017c dob\u0119 od zebrania zostan\u0105 przetworzone w produkty, kt\u00f3re s\u0105 u\u017cywane codziennie w kuchniach na ca\u0142ym \u015bwiecie.&nbsp;&nbsp;<\/p>\n\n\n\n<p class=\"has-text-align-center is-style-cursive\">Zacznijmy od&#8230;<\/p>\n<\/div><\/div>\n\n\n\n<div class=\"wp-block-media-text alignwide is-stacked-on-mobile has-media-below-on-mobile\"><figure class=\"wp-block-media-text__media\"><img loading=\"lazy\" decoding=\"async\" src=\"https:\/\/mutti-parma.com\/app\/uploads\/sites\/3\/2019\/09\/section-tour-quality-control-1024x1024.jpg\" alt=\"\" class=\"wp-image-30000026\" sizes=\"(max-width: 600px) 100vw, (min-width: 1440px) 792px,55vw\" data-spai-crop=\"false\" srcset=\"https:\/\/mutti-parma.com\/app\/uploads\/sites\/3\/2019\/09\/section-tour-quality-control-1024x1024.jpg 1024w, https:\/\/mutti-parma.com\/app\/uploads\/sites\/3\/2019\/09\/section-tour-quality-control-200x200.jpg 200w, https:\/\/mutti-parma.com\/app\/uploads\/sites\/3\/2019\/09\/section-tour-quality-control-500x500.jpg 500w, https:\/\/mutti-parma.com\/app\/uploads\/sites\/3\/2019\/09\/section-tour-quality-control-768x768.jpg 768w, https:\/\/mutti-parma.com\/app\/uploads\/sites\/3\/2019\/09\/section-tour-quality-control-150x150.jpg 150w, https:\/\/mutti-parma.com\/app\/uploads\/sites\/3\/2019\/09\/section-tour-quality-control-600x600.jpg 600w, https:\/\/mutti-parma.com\/app\/uploads\/sites\/3\/2019\/09\/section-tour-quality-control-50x50.jpg 50w, https:\/\/mutti-parma.com\/app\/uploads\/sites\/3\/2019\/09\/section-tour-quality-control-60x60.jpg 60w\" \/><\/figure><div class=\"wp-block-media-text__content\">\n<h2 class=\"wp-block-heading\"><strong>Kontroli jako\u015bci<\/strong><\/h2>\n\n\n\n<p class=\"has-xxl-font-size is-style-cursive\">Tylko najlepsze pomidory docieraj\u0105 do naszej fabryki&#8230;<\/p>\n\n\n\n<p>Ka\u017cdy \u0142adunek jest kontrolowany, tak aby finalnie spe\u0142ni\u0142 wysokie wymagania Twojej kuchni. Zawarto\u015b\u0107 cukru, kwa\u015bno\u015b\u0107 i kolor s\u0105 starannie badane. Uszkodzone, zbite, ziemiste lub twardawe pomidory s\u0105 odk\u0142adane na bok i przetwarzane w inny spos\u00f3b. Tylko te pomidory, kt\u00f3re spe\u0142ni\u0105 \u015bcis\u0142e wymogi pokonuj\u0105 ca\u0142\u0105 drog\u0119 i trafiaj\u0105 do naszych ko\u0144cowych produkt\u00f3w.<\/p>\n<\/div><\/div>\n\n\n\n<div class=\"wp-block-media-text alignwide has-media-on-the-right is-stacked-on-mobile\" style=\"grid-template-columns:auto 57%\"><figure class=\"wp-block-media-text__media\"><img loading=\"lazy\" decoding=\"async\" src=\"https:\/\/mutti-parma.com\/app\/uploads\/sites\/3\/2019\/09\/section-tour-arrival-at-the-factory-1024x683.jpg\" alt=\"\" class=\"wp-image-30000028\" sizes=\"(max-width: 600px) 100vw, (min-width: 1440px) 821px,57vw\" data-spai-crop=\"false\" srcset=\"https:\/\/mutti-parma.com\/app\/uploads\/sites\/3\/2019\/09\/section-tour-arrival-at-the-factory-1024x683.jpg 1024w, https:\/\/mutti-parma.com\/app\/uploads\/sites\/3\/2019\/09\/section-tour-arrival-at-the-factory-200x133.jpg 200w, https:\/\/mutti-parma.com\/app\/uploads\/sites\/3\/2019\/09\/section-tour-arrival-at-the-factory-500x334.jpg 500w, https:\/\/mutti-parma.com\/app\/uploads\/sites\/3\/2019\/09\/section-tour-arrival-at-the-factory-768x513.jpg 768w, https:\/\/mutti-parma.com\/app\/uploads\/sites\/3\/2019\/09\/section-tour-arrival-at-the-factory-150x100.jpg 150w, https:\/\/mutti-parma.com\/app\/uploads\/sites\/3\/2019\/09\/section-tour-arrival-at-the-factory-600x400.jpg 600w\" \/><\/figure><div class=\"wp-block-media-text__content\">\n<h2 class=\"wp-block-heading\"><strong>Gdy dotr\u0105 do fabryki<\/strong><\/h2>\n\n\n\n<p class=\"has-xxl-font-size is-style-cursive\">&#8230;S\u0105 myte i sprawdzane ponownie&#8230;.<\/p>\n\n\n\n<p>Gdy \u0142adunek przejdzie kontrol\u0119, pomidory zostaj\u0105 umieszczone w kontenerach i myte pod strumieniami wody \u2013 bardzo delikatnie, aby ich nie uszkodzi\u0107. Ka\u017cda partia jest sprawdzana ponownie przez system laser\u00f3w i kamer &#8211; ka\u017cdy uszkodzony lub zepsuty owoc jest odrzucany. Woda to nasz cenny sprzymierzeniec i nie chcemy zu\u017cywa\u0107 jej za du\u017co. \u015aci\u015ble monitorujemy jej wykorzystanie i stale pracujemy nad redukcj\u0105 jej zu\u017cycia. A samo zmniejszenie ilo\u015bci zu\u017cywanej w fabryce wody to dla nas nadal za ma\u0142o. Dlatego 80% wody zostaje ponownie u\u017cyte na polach.<\/p>\n<\/div><\/div>\n\n\n\n<div class=\"wp-block-media-text alignwide is-stacked-on-mobile\" style=\"grid-template-columns:57% auto\"><figure class=\"wp-block-media-text__media\"><img loading=\"lazy\" decoding=\"async\" src=\"https:\/\/mutti-parma.com\/app\/uploads\/sites\/3\/2019\/09\/section-tour-storage-1024x683.jpg\" alt=\"\" class=\"wp-image-30000025\" sizes=\"(max-width: 600px) 100vw, (min-width: 1440px) 821px,57vw\" data-spai-crop=\"false\" srcset=\"https:\/\/mutti-parma.com\/app\/uploads\/sites\/3\/2019\/09\/section-tour-storage-1024x683.jpg 1024w, https:\/\/mutti-parma.com\/app\/uploads\/sites\/3\/2019\/09\/section-tour-storage-200x133.jpg 200w, https:\/\/mutti-parma.com\/app\/uploads\/sites\/3\/2019\/09\/section-tour-storage-500x333.jpg 500w, https:\/\/mutti-parma.com\/app\/uploads\/sites\/3\/2019\/09\/section-tour-storage-768x512.jpg 768w, https:\/\/mutti-parma.com\/app\/uploads\/sites\/3\/2019\/09\/section-tour-storage-150x100.jpg 150w, https:\/\/mutti-parma.com\/app\/uploads\/sites\/3\/2019\/09\/section-tour-storage-600x400.jpg 600w\" \/><\/figure><div class=\"wp-block-media-text__content\">\n<h2 class=\"wp-block-heading\"><strong>Przechowywanie<\/strong><\/h2>\n\n\n\n<p class=\"has-xxl-font-size is-style-cursive\">&#8230;Na tym etapie pomidory trafiaj\u0105 do pomidorowych kadzi&#8230;<\/p>\n\n\n\n<p>A w kolejnym zostaj\u0105 przeniesione do kadzi magazynowych, gdzie s\u0105 ponownie myte w celu pozbycia si\u0119 ostatnich zabrudze\u0144. Dzi\u0119ki temu pozostaj\u0105 \u015bwie\u017ce i zabezpieczone przed ple\u015bni\u0105. Po tym etapie, s\u0105 gotowe do w\u0142a\u015bciwego przetworzenia.<\/p>\n<\/div><\/div>\n\n\n\n<div class=\"wp-block-media-text alignwide has-media-on-the-right is-stacked-on-mobile\" style=\"grid-template-columns:auto 56%\"><figure class=\"wp-block-media-text__media\"><img loading=\"lazy\" decoding=\"async\" src=\"https:\/\/mutti-parma.com\/app\/uploads\/sites\/3\/2019\/09\/section-tour-production-1024x684.jpg\" alt=\"\" class=\"wp-image-30000027\" sizes=\"(max-width: 600px) 100vw, (min-width: 1440px) 806px,56vw\" data-spai-crop=\"false\" srcset=\"https:\/\/mutti-parma.com\/app\/uploads\/sites\/3\/2019\/09\/section-tour-production-1024x684.jpg 1024w, https:\/\/mutti-parma.com\/app\/uploads\/sites\/3\/2019\/09\/section-tour-production-200x134.jpg 200w, https:\/\/mutti-parma.com\/app\/uploads\/sites\/3\/2019\/09\/section-tour-production-500x334.jpg 500w, https:\/\/mutti-parma.com\/app\/uploads\/sites\/3\/2019\/09\/section-tour-production-768x513.jpg 768w, https:\/\/mutti-parma.com\/app\/uploads\/sites\/3\/2019\/09\/section-tour-production-150x100.jpg 150w, https:\/\/mutti-parma.com\/app\/uploads\/sites\/3\/2019\/09\/section-tour-production-600x401.jpg 600w\" \/><\/figure><div class=\"wp-block-media-text__content\">\n<h2 class=\"wp-block-heading\"><strong>Produkcja<\/strong><\/h2>\n\n\n\n<p class=\"has-xxl-font-size is-style-cursive\">&#8230;Jeszcze ostatnia kontrola zanim zaczniemy produkcj\u0119&#8230;<\/p>\n\n\n\n<p>Zainspirowani wyj\u0105tkow\u0105 trosk\u0105 w\u0142oskiej tradycji kulinarnej, sprawdzamy nasze pomidory po raz trzeci na pasie transmisyjnym. Potem kierujemy je na wybrane linie produkcyjne, gdzie zostan\u0105 przetworzone w ca\u0142\u0105 gam\u0119 produkt\u00f3w Mutti. Jak ju\u017c wspomnieli\u015bmy, ka\u017cda odmiana pomidor\u00f3w ma swoje unikalne cechy, dzi\u0119ki kt\u00f3rym zostaj\u0105 przeznaczone do okre\u015blonych produkt\u00f3w, kt\u00f3re podkre\u015bl\u0105 ich naturalne walory w najlepszy mo\u017cliwy spos\u00f3b.<\/p>\n<\/div><\/div>\n\n\n\n<p class=\"has-text-align-center has-xxl-font-size is-style-cursive\">Czytaj wi\u0119cej<\/p>\n\n\n\n<h2 class=\"has-text-align-center wp-block-heading\">Jak powstaj\u0105 nasze najwa\u017cniejsze produkty<\/h2>\n\n\n\n\n","protected":false},"excerpt":{"rendered":"<p>Kontroli jako\u015bci Tylko najlepsze pomidory docieraj\u0105 do naszej fabryki&#8230; Ka\u017cdy \u0142adunek jest kontrolowany, tak aby finalnie spe\u0142ni\u0142 wysokie wymagania Twojej kuchni. Zawarto\u015b\u0107 cukru, kwa\u015bno\u015b\u0107 i kolor s\u0105 starannie badane. Uszkodzone, zbite, ziemiste lub twardawe pomidory s\u0105 odk\u0142adane na bok i przetwarzane w inny spos\u00f3b. Tylko te pomidory, kt\u00f3re spe\u0142ni\u0105 \u015bcis\u0142e wymogi pokonuj\u0105 ca\u0142\u0105 drog\u0119 i<\/p>\n","protected":false},"author":1,"featured_media":0,"parent":5,"menu_order":15,"comment_status":"closed","ping_status":"closed","template":"template-factory-tour.php","meta":{"_acf_changed":false,"_relevanssi_hide_post":"","_relevanssi_hide_content":"","_relevanssi_pin_for_all":"","_relevanssi_pin_keywords":"","_relevanssi_unpin_keywords":"","_relevanssi_related_keywords":"","_relevanssi_related_include_ids":"","_relevanssi_related_exclude_ids":"","_relevanssi_related_no_append":"","_relevanssi_related_not_related":"","_relevanssi_related_posts":"","_relevanssi_noindex_reason":"","footnotes":""},"class_list":["post-13","page","type-page","status-publish","hentry"],"acf":[],"_links":{"self":[{"href":"https:\/\/mutti-parma.com\/pl\/wp-json\/wp\/v2\/pages\/13","targetHints":{"allow":["GET"]}}],"collection":[{"href":"https:\/\/mutti-parma.com\/pl\/wp-json\/wp\/v2\/pages"}],"about":[{"href":"https:\/\/mutti-parma.com\/pl\/wp-json\/wp\/v2\/types\/page"}],"author":[{"embeddable":true,"href":"https:\/\/mutti-parma.com\/pl\/wp-json\/wp\/v2\/users\/1"}],"replies":[{"embeddable":true,"href":"https:\/\/mutti-parma.com\/pl\/wp-json\/wp\/v2\/comments?post=13"}],"version-history":[{"count":8,"href":"https:\/\/mutti-parma.com\/pl\/wp-json\/wp\/v2\/pages\/13\/revisions"}],"predecessor-version":[{"id":72,"href":"https:\/\/mutti-parma.com\/pl\/wp-json\/wp\/v2\/pages\/13\/revisions\/72"}],"up":[{"embeddable":true,"href":"https:\/\/mutti-parma.com\/pl\/wp-json\/wp\/v2\/pages\/5"}],"wp:attachment":[{"href":"https:\/\/mutti-parma.com\/pl\/wp-json\/wp\/v2\/media?parent=13"}],"curies":[{"name":"wp","href":"https:\/\/api.w.org\/{rel}","templated":true}]}}