{"id":14,"date":"2025-06-25T22:15:43","date_gmt":"2025-06-25T22:15:43","guid":{"rendered":"https:\/\/mutti-parma.com\/pl\/?page_id=14"},"modified":"2025-06-26T09:58:36","modified_gmt":"2025-06-26T09:58:36","slug":"press","status":"publish","type":"page","link":"https:\/\/mutti-parma.com\/pl\/press\/","title":{"rendered":"Biuro prasowe"},"content":{"rendered":"\n<div class=\"wp-block-cover alignfull\"><img loading=\"lazy\" decoding=\"async\" width=\"2560\" height=\"1922\" class=\"wp-block-cover__image-background wp-image-1831 size-full\" alt=\"\" src=\"https:\/\/mutti-parma.com\/app\/uploads\/sites\/26\/2025\/06\/foto-campi-pomodori-scaled.jpg\" data-object-fit=\"cover\" srcset=\"https:\/\/mutti-parma.com\/app\/uploads\/sites\/26\/2025\/06\/foto-campi-pomodori-scaled.jpg 2560w, https:\/\/mutti-parma.com\/app\/uploads\/sites\/26\/2025\/06\/foto-campi-pomodori-500x375.jpg 500w, https:\/\/mutti-parma.com\/app\/uploads\/sites\/26\/2025\/06\/foto-campi-pomodori-1024x769.jpg 1024w, https:\/\/mutti-parma.com\/app\/uploads\/sites\/26\/2025\/06\/foto-campi-pomodori-200x150.jpg 200w, https:\/\/mutti-parma.com\/app\/uploads\/sites\/26\/2025\/06\/foto-campi-pomodori-768x577.jpg 768w, https:\/\/mutti-parma.com\/app\/uploads\/sites\/26\/2025\/06\/foto-campi-pomodori-150x113.jpg 150w, https:\/\/mutti-parma.com\/app\/uploads\/sites\/26\/2025\/06\/foto-campi-pomodori-600x450.jpg 600w, https:\/\/mutti-parma.com\/app\/uploads\/sites\/26\/2025\/06\/foto-campi-pomodori-1536x1153.jpg 1536w, https:\/\/mutti-parma.com\/app\/uploads\/sites\/26\/2025\/06\/foto-campi-pomodori-2048x1538.jpg 2048w, https:\/\/mutti-parma.com\/app\/uploads\/sites\/26\/2025\/06\/foto-campi-pomodori-800x600.jpg 800w\" sizes=\"(max-width: 2560px) 100vw, 2560px\" \/><span aria-hidden=\"true\" class=\"wp-block-cover__background has-background-dim\" style=\"background-color:#73725d\"><\/span><div class=\"wp-block-cover__inner-container is-layout-flow wp-block-cover-is-layout-flow\"><div class=\"acf-breadcrumb my-4 md:my-8 text-center\">\n  <nav>\n  <ol class=\"list-none text-md\">\n                  <li class=\"inline\">\n                      <a class=\"text-inherit\" href=\"https:\/\/mutti-parma.com\/pl\/\">\n              Strona g\u0142\u00f3wna\n            <\/a>\n                            <\/li>\n            <\/ol>\n<\/nav>\n<\/div>\n\n\n\n<h1 class=\"wp-block-heading has-text-align-center\"><font style=\"vertical-align: inherit;\"><font style=\"vertical-align: inherit;\"><font style=\"vertical-align: inherit;\"><font style=\"vertical-align: inherit;\">Biuro prasowe<\/font><\/font><\/font><\/font><\/h1>\n\n\n<\/div><\/div>\n\n\n<div\n  class=\"acf-content-listing alignwide\"\n  >\n  <div class=\"flex -mx-6 -mt-5 md:-mt-6 flex-wrap\">\n           <div class=\"w-1\/1 sm:w-1\/2 md:w-1\/3 px-6 py-5 md:py-6\">\n        <div class=\"max-w-96 mx-auto\">\n      <a href=\"https:\/\/mutti-parma.com\/app\/uploads\/sites\/26\/2025\/06\/mutti-press-release.pdf\" class=\"block\" target=\"_blank\">\n      <div class=\"responsive-embed \" style=\"padding-bottom: 67.567567567568%;\"><img decoding=\"async\" width=\"960\" height=\"960\" src=\"https:\/\/mutti-parma.com\/app\/uploads\/sites\/26\/2025\/06\/press-pl.png\" class=\"inline-block wp-image-1810\" alt=\"MUTTI OTWIERA SIEDZIB\u0118 G\u0141\u00d3WN\u0104 NA EUROP\u0118 WSCHODNI\u0104  W WARSZAWIE\" data-spai-crop=\"true\" title=\"MUTTI OTWIERA SIEDZIB\u0118 G\u0141\u00d3WN\u0104 NA EUROP\u0118 WSCHODNI\u0104  W WARSZAWIE\" srcset=\"https:\/\/mutti-parma.com\/app\/uploads\/sites\/26\/2025\/06\/press-pl.png 960w, https:\/\/mutti-parma.com\/app\/uploads\/sites\/26\/2025\/06\/press-pl-500x500.png 500w, https:\/\/mutti-parma.com\/app\/uploads\/sites\/26\/2025\/06\/press-pl-200x200.png 200w, https:\/\/mutti-parma.com\/app\/uploads\/sites\/26\/2025\/06\/press-pl-768x768.png 768w, https:\/\/mutti-parma.com\/app\/uploads\/sites\/26\/2025\/06\/press-pl-150x150.png 150w, https:\/\/mutti-parma.com\/app\/uploads\/sites\/26\/2025\/06\/press-pl-600x600.png 600w, https:\/\/mutti-parma.com\/app\/uploads\/sites\/26\/2025\/06\/press-pl-50x50.png 50w\" sizes=\"auto, (max-width: 960px) 100vw, 960px\" loading=\"lazy\" \/><\/div>\n    <\/a>\n  \n  <div class=\"flex h5\">\n    <div>\n      26 czerwca, 2025\n    <\/div>\n      <\/div>\n\n  <a class=\"block no-underline mb-2 hover:underline\" href=\"https:\/\/mutti-parma.com\/app\/uploads\/sites\/26\/2025\/06\/mutti-press-release.pdf\" target=\"_blank\">\n    <h3>MUTTI OTWIERA SIEDZIB\u0118 G\u0141\u00d3WN\u0104 NA EUROP\u0118 WSCHODNI\u0104  W WARSZAWIE<\/h3>\n  <\/a>\n\n  <a class=\"block h5 underline\" href=\"https:\/\/mutti-parma.com\/app\/uploads\/sites\/26\/2025\/06\/mutti-press-release.pdf\" download target=\"_blank\">\n    POBIERZ PDF\n  <\/a>\n<\/div>\n      <\/div>\n          <\/div>\n\n        <\/div>\n\n\n\n\n\n\n\n\n","protected":false},"excerpt":{"rendered":"","protected":false},"author":1,"featured_media":0,"parent":0,"menu_order":10,"comment_status":"closed","ping_status":"closed","template":"template-press.php","meta":{"_acf_changed":false,"_relevanssi_hide_post":"","_relevanssi_hide_content":"","_relevanssi_pin_for_all":"","_relevanssi_pin_keywords":"","_relevanssi_unpin_keywords":"","_relevanssi_related_keywords":"","_relevanssi_related_include_ids":"","_relevanssi_related_exclude_ids":"","_relevanssi_related_no_append":"","_relevanssi_related_not_related":"","_relevanssi_related_posts":"","_relevanssi_noindex_reason":"","footnotes":""},"class_list":["post-14","page","type-page","status-publish","hentry"],"acf":[],"_links":{"self":[{"href":"https:\/\/mutti-parma.com\/pl\/wp-json\/wp\/v2\/pages\/14","targetHints":{"allow":["GET"]}}],"collection":[{"href":"https:\/\/mutti-parma.com\/pl\/wp-json\/wp\/v2\/pages"}],"about":[{"href":"https:\/\/mutti-parma.com\/pl\/wp-json\/wp\/v2\/types\/page"}],"author":[{"embeddable":true,"href":"https:\/\/mutti-parma.com\/pl\/wp-json\/wp\/v2\/users\/1"}],"replies":[{"embeddable":true,"href":"https:\/\/mutti-parma.com\/pl\/wp-json\/wp\/v2\/comments?post=14"}],"version-history":[{"count":9,"href":"https:\/\/mutti-parma.com\/pl\/wp-json\/wp\/v2\/pages\/14\/revisions"}],"predecessor-version":[{"id":1833,"href":"https:\/\/mutti-parma.com\/pl\/wp-json\/wp\/v2\/pages\/14\/revisions\/1833"}],"wp:attachment":[{"href":"https:\/\/mutti-parma.com\/pl\/wp-json\/wp\/v2\/media?parent=14"}],"curies":[{"name":"wp","href":"https:\/\/api.w.org\/{rel}","templated":true}]}}