{"id":221,"date":"2020-03-12T08:25:13","date_gmt":"2020-03-12T08:25:13","guid":{"rendered":"https:\/\/mutti-parma.com\/pl\/?post_type=product&#038;p=221"},"modified":"2021-09-14T10:11:11","modified_gmt":"2021-09-14T10:11:11","slug":"pelati","status":"publish","type":"product","link":"https:\/\/mutti-parma.com\/pl\/produkty\/pelati\/","title":{"rendered":"Pelati"},"content":{"rendered":"\n<div style=\"--media-width: 50\" class=\"wp-block-media-text alignwide has-media-on-the-right is-stacked-on-mobile is-style-hero has-background-image\"><img loading=\"lazy\" decoding=\"async\" class=\"wp-block-media-text__background\" alt=\"\" data-spai-crop=\"true\" src=\"https:\/\/mutti-parma.com\/app\/uploads\/sites\/3\/2019\/09\/texture-banner-mutti-passata.jpg\" \/><figure class=\"wp-block-media-text__media\"><img loading=\"lazy\" decoding=\"async\" width=\"404\" height=\"766\" src=\"https:\/\/mutti-parma.com\/app\/uploads\/sites\/26\/2020\/03\/pol-passata-puree-copy.png\" alt=\"\" class=\"wp-image-106 size-full\" sizes=\"(min-width: 1440px) 528px,37vw\" data-spai-crop=\"false\" srcset=\"https:\/\/mutti-parma.com\/app\/uploads\/sites\/26\/2020\/03\/pol-passata-puree-copy.png 404w, https:\/\/mutti-parma.com\/app\/uploads\/sites\/26\/2020\/03\/pol-passata-puree-copy-105x200.png 105w, https:\/\/mutti-parma.com\/app\/uploads\/sites\/26\/2020\/03\/pol-passata-puree-copy-264x500.png 264w, https:\/\/mutti-parma.com\/app\/uploads\/sites\/26\/2020\/03\/pol-passata-puree-copy-150x284.png 150w\" \/><\/figure><div class=\"wp-block-media-text__content\"><div class=\"acf-breadcrumb my-4 md:my-8 text-center md:text-left\">\n  <nav>\n  <ol class=\"list-none text-md\">\n                  <li class=\"inline\">\n                      <a class=\"text-inherit\" href=\"https:\/\/mutti-parma.com\/pl\/\">\n              Strona g\u0142\u00f3wna\n            <\/a>\n                                <span aria-hidden=\"true\">\/&nbsp;<\/span>\n                  <\/li>\n                        <li class=\"inline\">\n                      <a class=\"text-inherit\" href=\"https:\/\/mutti-parma.com\/pl\/produkty\/\">\n              Products\n            <\/a>\n                            <\/li>\n            <\/ol>\n<\/nav>\n<\/div>\n\n\n\n<h1 class=\"has-primary-color has-text-color wp-block-heading\">Pelati<\/h1>\n\n\n\n<p class=\"is-style-cursive has-xxl-font-size\">Pomidory ca\u0142e bez sk\u00f3rki<\/p>\n\n\n\n<p>Pomidory ca\u0142e bez sk\u00f3rki s\u0105 bardzo mi\u0119siste i j\u0119drne. Obiera si\u0119 je i zanurza w przepysznej, jedwabistej passacie.<\/p>\n\n\n\n\n<div class=\"acf-characteristics\">\n  <div class=\"flex flex-wrap -m-2 justify-center sm:justify-between\">\n          <div class=\"m-2 w-24 text-center\">\n        <div style=\"height: 41px; width: 80px;\" class=\"mx-auto flex items-end justify-center mx-auto\">\n                      <img decoding=\"async\" width=\"220\" height=\"168\" src=\"https:\/\/mutti-parma.com\/app\/uploads\/sites\/26\/2020\/04\/mutti-product-icons-finnish-pelati-kaksi-eri-koostumusta-1-1.svg\" class=\"w-full wp-image-507\" alt=\"\" style=\"max-height: 43px; max-width: 80px;\" loading=\"lazy\" \/>\n                  <\/div>\n        <p class=\"h6 text-inherit mt-3\">J\u0119drna i mi\u0119sista konsystencja<\/p>\n      <\/div>\n          <div class=\"m-2 w-24 text-center\">\n        <div style=\"height: 41px; width: 80px;\" class=\"mx-auto flex items-end justify-center mx-auto\">\n                      <img decoding=\"async\" width=\"300\" height=\"80\" src=\"https:\/\/mutti-parma.com\/app\/uploads\/sites\/26\/2020\/04\/icon-characteristics-color-bright-red-1.svg\" class=\"w-full wp-image-509\" alt=\"\" style=\"max-height: 43px; max-width: 80px;\" loading=\"lazy\" \/>\n                  <\/div>\n        <p class=\"h6 text-inherit mt-3\">Naturalna czerwie\u0144<\/p>\n      <\/div>\n          <div class=\"m-2 w-24 text-center\">\n        <div style=\"height: 41px; width: 80px;\" class=\"mx-auto flex items-end justify-center mx-auto\">\n                      <img decoding=\"async\" width=\"300\" height=\"154\" src=\"https:\/\/mutti-parma.com\/app\/uploads\/sites\/26\/2020\/04\/icon-characteristics-cooking-time-long.svg\" class=\"w-full wp-image-546\" alt=\"\" style=\"max-height: 43px; max-width: 80px;\" loading=\"lazy\" \/>\n                  <\/div>\n        <p class=\"h6 text-inherit mt-3\">Odpowiedni r\u00f3wnie\u017c do d\u0142ugiego czasu gotowania<\/p>\n      <\/div>\n          <div class=\"m-2 w-24 text-center\">\n        <div style=\"height: 41px; width: 80px;\" class=\"mx-auto flex items-end justify-center mx-auto\">\n                      <img decoding=\"async\" width=\"249\" height=\"106\" src=\"https:\/\/mutti-parma.com\/app\/uploads\/sites\/3\/2019\/09\/icon-characteristics-delicato.svg\" class=\"w-full wp-image-300000110 attachment-full size-full\" alt=\"delicato\" style=\"max-height: 43px; max-width: 80px;\" loading=\"lazy\" \/>\n                  <\/div>\n        <p class=\"h6 text-inherit mt-3\">Delikatny smak<\/p>\n      <\/div>\n      <\/div>\n<\/div>\n\n\n<div class=\"acf-product-find-store\">\n      <a href=\"https:\/\/develey.pl\/produkt\/mutti-pomidory-pelati-bez-skorki-0\/\" class=\"btn-solid\" target=\"_blank\">\n      <i class=\"fa-solid fa-map-marker-alt mr-1\" aria-hidden=\"true\"><\/i>\n      Kup Online\n    <\/a>\n  <\/div>\n<\/div><\/div>\n\n\n<div class=\"acf-product-nutrition-tabs alignwide\">\n  <div class=\"\">\n    <ul class=\"list-none flex justify-center sm:justify-left\">\n                    <li>\n          <a href=\"#howtouse\" class=\"btn-outline \" data-gtm-track data-gtm-event=\"GAevent\" data-gtm-event-id=\"13\" data-gtm-category=\"recipe_information\" data-gtm-action=\"how_to_use\" data-gtm-label=\"pelati\">\n            Jak u\u017cywa\u0107\r\n\n          <\/a>\n        <\/li>\n      \n          <\/ul>\n  <\/div>\n\n  <\/div>\n\n\n\n<div class=\"wp-block-media-text alignwide\" style=\"grid-template-columns:32% auto\"><figure class=\"wp-block-media-text__media\"><video\n  \n  autoplay\n  playsinline\n  muted\n  loop\n  loading=\"lazy\"\n  \n  \n  \n\n  \n      poster=\"https:\/\/mutti-parma.com\/app\/uploads\/sites\/3\/2019\/10\/product-consistency-pelati-image.jpg\"\n  >\n            <source src=\"https:\/\/cdn.mutti-parma.com\/app\/uploads\/sites\/3\/2019\/10\/product-consistency-pelati.mp4\" type=\"video\/mp4\">\n      <\/video>\n\n<\/figure><div class=\"wp-block-media-text__content\">\n<h2 class=\"wp-block-heading\">DOWIEDZ SI\u0118 WI\u0118CEJ O PELATI<\/h2>\n\n\n\n<p class=\"is-style-cursive has-xxl-font-size\">J\u0119dre, mi\u0119siste, ca\u0142e pomidory<\/p>\n\n\n\n<p>Mutti\u00ae Ca\u0142e Pomidory bez Sk\u00f3rki (Pelati) s\u0105 kr\u0105g\u0142e, j\u0119drne i uniwersalne w wykorzystaniu. Te dojrza\u0142e w s\u0142o\u0144cu 100% w\u0142oskie pomidory cechuje bogaty smak, g\u0119sta konsystencja i wyrazisty czerwony kolor. W ich sk\u0142ad wchodz\u0105 jedynie pomidory, bez \u017cadnych wspomagaczy i konserwant\u00f3w, dlatego szybko staj\u0105 si\u0119 mi\u0119kkie podczas gotowania. Nadaj\u0105 si\u0119 do ca\u0142ej gamy potraw, od zup przez gulasze, do sos\u00f3w. Wykorzystaj je do sosu marinara, pizzy neapolita\u0144skiej lub po prostu do kanapek.<\/p>\n\n\n<\/div><\/div>\n\n\n<div\n  class=\"acf-how-is-it-made alignwide text-center \"\n  data-vue-wrapper\n  >\n      <h2>JAK POWSTAJ\u0104?<\/h2>\n  \n  <slideshow :slides-per-view=\"3\" :slides-per-view-sm=\"1\" :slides-per-view-md=\"2\" name=\"How is it made\" class=\"mb-8\">\n          <div class=\"swiper-slide \">\n        <div class=\"max-w-64 mx-auto\">\n          <div class=\"max-w-48 mx-auto\">\n                          <div class=\"responsive-embed aspect-ratio-1-1\">\n\n<video\n  \n  \n  playsinline\n  muted\n  \n  loading=\"lazy\"\n  \n  \n  \n\n      muted\n    data-play-hover\n  \n      poster=\"https:\/\/mutti-parma.com\/app\/themes\/mutti\/dist\/videos\/howisitmade\/can_steamed.png?id=1c4d67de6842a4757d21\"\n  >\n            <source src=\"https:\/\/cdn.mutti-parma.com\/app\/themes\/mutti\/dist\/videos\/howisitmade\/can_steamed-vp9.webm?id=8604239ebefc2efedc1b\" type=\"video\/webm;codec=vp9\">\n                <source src=\"https:\/\/cdn.mutti-parma.com\/app\/themes\/mutti\/dist\/videos\/howisitmade\/can_steamed-vp8.webm?id=91258b4da01bdcf0362d\" type=\"video\/webm;codec=vp8\">\n      <\/video>\n\n  <\/div>\n                      <\/div>\n          <p><span style=\"font-weight: 400;\">Pomidory zostaj\u0105 delikatnie pozbawione sk\u00f3rki za pomoc\u0105 pary wodnej. Nast\u0119pnie s\u0105 ucierane na przecier i puszkowane, aby zachowa\u0142y \u015bwie\u017co\u015b\u0107.<\/span><\/p>\n\n        <\/div>\n      <\/div>\n      <\/slideshow>\n\n      <p class=\"is-style-cursive text-5xl\">Aby dowiedzie\u0107 si\u0119 wi\u0119cej o tym, jak powstaj\u0105 nasze produkty<\/p>\n  \n      <h3>\n      <a href=\"https:\/\/mutti-parma.com\/pl\/z-pola-na-stol\/\" target=\"\">ZOBACZ PROCES PRODUKCJI<\/a>\n    <\/h3>\n  <\/div>\n\n\n\n\n\n\n\n<hr class=\"wp-block-separator alignwide\"\/>\n\n\n<div class=\"acf-comments alignwide my-8\">\n  <div class=\"flex flex-wrap mb-4 items-center text-center sm:text-left px-0 sm:px-2 md:px-0\">\n    <h3 class=\"w-full sm:w-auto is-style-cursive text-primary my-0 leading-none\">Share and review<\/h3>\n    <div class=\"w-full sm:w-auto flex-auto mt-1 sm:ml-8\">\n          <\/div>\n\n          <div class=\"mx-auto sm:ml-0 mt-3 sm:mt-0\">\n                  <div\n  class=\"shariff\"\n  data-button-style=\"icon\"\n  data-mail-body=\"https:\/\/mutti-parma.com\/pl\/produkty\/pelati\/\"\n  data-mail-subject=\"Pelati - Mutti\"\n  data-mail-url=\"mailto:\"\n  data-media-url=\"https:\/\/mutti-parma.com\/app\/uploads\/sites\/26\/2020\/03\/pol-passata-puree-copy.png\"\n  data-services=\"[&#039;facebook&#039;, &#039;twitter&#039;, &#039;whatsapp&#039;, &#039;pinterest&#039;, &#039;mail&#039;]\"\n><\/div>\n              <\/div>\n      <\/div>\n\n  <div>\n                <\/div>\n<\/div>\n\n\n\n<hr class=\"wp-block-separator alignwide\"\/>\n\n\n\n<div class=\"wp-block-cover alignwide has-background-dim-80 has-darkred-background-color has-background-dim\" style=\"background-image:url(https:\/\/mutti-parma.com\/app\/uploads\/sites\/3\/2019\/09\/tomatoes.jpg)\"><div class=\"wp-block-cover__inner-container is-layout-flow wp-block-cover-is-layout-flow\">\n<div class=\"wp-block-columns alignwide is-layout-flex wp-container-core-columns-is-layout-9d6595d7 wp-block-columns-is-layout-flex\">\n<div class=\"wp-block-column is-layout-flow wp-block-column-is-layout-flow\">\n<h2 class=\"wp-block-heading\" id=\"sustainability\"><strong>Zr\u00f3wnowa\u017cony rozw\u00f3j<\/strong><\/h2>\n\n\n\n<p class=\"is-style-cursive mb-0\">Zr\u00f3wnowa\u017cony rozw\u00f3j oznacza dla nas szacunek do ziemi<\/p>\n\n\n\n<h4 class=\"wp-block-heading\">Wsp\u00f3\u0142praca z WWF<\/h4>\n\n\n\n<p><br>Mutti \u015bci\u015ble wsp\u00f3\u0142pracowa\u0142o z w\u0142oskim WWF, aby pom\u00f3c rolnikom znale\u017a\u0107 zr\u00f3wnowa\u017cone sposoby ograniczenia zu\u017cycia wody i emisji dwutlenku w\u0119gla. W\u0142oski WWF nie tylko wyznaczy\u0142 cele, ale tak\u017ce pozwoli\u0142 rolnikom przeanalizowa\u0107 dane, by mogli sprawdzi\u0107, co mog\u0105 usprawni\u0107. Na przyk\u0142ad, organizacja zach\u0119ca\u0142a do korzystania ze specjalnych czujnik\u00f3w, kt\u00f3re mierz\u0105 poziom wilgoci w glebie, dostarczaj\u0105c tym samym cennych informacji, kt\u00f3re pomagaj\u0105 rozs\u0105dniej gospodarowa\u0107 wod\u0105. Mutti zainwestowa\u0142o w technologi\u0119, edukacj\u0119 i wsparcie techniczne dla rolnik\u00f3w i organizacji rolnych. Mimo, \u017ce nasz pi\u0119cioletni projekt ju\u017c si\u0119 zako\u0144czy\u0142, ca\u0142y czas czujemy si\u0119 zobowi\u0105zani do zmniejszania naszego wp\u0142ywu na \u015brodowisko i popraw\u0119 ka\u017cdego etapu naszej produkcji.<\/p>\n<\/div>\n\n\n\n<div class=\"wp-block-column is-layout-flow wp-block-column-is-layout-flow\">\n<h2 class=\"has-text-align-center wp-block-heading\">WYNIKI:<\/h2>\n\n\n\n<div class=\"wp-block-columns is-layout-flex wp-container-core-columns-is-layout-9d6595d7 wp-block-columns-is-layout-flex\">\n<div class=\"wp-block-column is-layout-flow wp-block-column-is-layout-flow\">\n<div class=\"wp-block-image\"><figure class=\"aligncenter size-large is-resized\"><img loading=\"lazy\" decoding=\"async\" src=\"https:\/\/mutti-parma.com\/app\/uploads\/sites\/3\/2019\/09\/icon-sustainable-water.svg\" alt=\"\" class=\"wp-image-30000085\" width=\"53\" height=\"91\" \/><\/figure><\/div>\n\n\n\n<h4 class=\"has-text-align-center wp-block-heading\">+ 1000 milion\u00f3w litr\u00f3w zaoszcz\u0119dzonej wody*<\/h4>\n\n\n\n<p class=\"has-text-align-center has-sm-font-size\">*w latach 2012-2014 (\u0179r\u00f3d\u0142o: dane zebrane przez CMCC, WWF i Mediterranean Climate Change Center we W\u0142oszech)<\/p>\n<\/div>\n\n\n\n<div class=\"wp-block-column is-layout-flow wp-block-column-is-layout-flow\">\n<div class=\"wp-block-image\"><figure class=\"aligncenter size-large is-resized\"><img loading=\"lazy\" decoding=\"async\" src=\"https:\/\/mutti-parma.com\/app\/uploads\/sites\/3\/2019\/09\/icon-sustainable-co2.svg\" alt=\"\" class=\"wp-image-30000086\" width=\"114\" height=\"88\" \/><\/figure><\/div>\n\n\n\n<h4 class=\"has-text-align-center wp-block-heading\">+ 31530 ton niewyemitowanego dwutlenku w\u0119gla.<\/h4>\n\n\n\n<p class=\"has-text-align-center has-sm-font-size\">* w latach 2010-2015, w por\u00f3wnaniu do emisji w roku 2009 (\u0179r\u00f3d\u0142o: dane zebrane przez w\u0142oski WWF i Officinae Verdi, grup\u0119 wydajnego wykorzystania energii)<\/p>\n<\/div>\n<\/div>\n<\/div>\n<\/div>\n<\/div><\/div>\n\n\n\n<p class=\"has-text-align-center is-style-cursive has-xxl-font-size\">Teraz, gdy wiesz ju\u017c wi\u0119cej o naszych produktach \u2013 gotowanie czas zacz\u0105\u0107!<\/p>\n\n\n\n<h2 class=\"has-text-align-center wp-block-heading\" id=\"howtouse\">WYKORZYSTANIE<\/h2>\n\n\n\n<p class=\"has-text-align-center\">Obrane pomidory maj\u0105 niezwykle wszechstronne zastosowanie. Mog\u0105 by\u0107 wykorzystane jako nadzienie; smaczny i ciesz\u0105cy oko dodatek do focacci lub pizzy; lub przekrojone na p\u00f3\u0142 jako niewielkie przek\u0105ski. Pokrojone i zmieszane z sosem z puszki sprawdz\u0105 si\u0119 doskonale z ka\u017cdym rodzajem pizzy lub makaronu. Lekko podgrzane Pelati podkre\u015bl\u0105 smak owoc\u00f3w morza.<\/p>\n\n\n\n<p class=\"has-text-align-center has-primary-color has-text-color\">Doskona\u0142e do: ka\u017cdego dania z pomidorami.<\/p>\n\n\n<div class=\"acf-related-recipes alignwide pb-8 \" data-vue-wrapper>\n      <slideshow :slides-per-view=\"3\" :navigation=\"true\" name=\"Related Recipes\">\n              <div class=\"swiper-slide\">\n          <div class=\"teaser--recipe text-center hover:zoom-img\">\n      <a href=\"https:\/\/mutti-parma.com\/pl\/przepisy\/panzanella\/\" class=\"relative block mb-4 max-w-96 mx-auto\" aria-hidden=\"true\" tabindex=\"-1\">\n      <div class=\"responsive-embed \" style=\"padding-bottom: 108.79765395894%;\">\n                <img decoding=\"async\" width=\"1920\" height=\"850\" src=\"https:\/\/mutti-parma.com\/app\/uploads\/sites\/26\/2020\/06\/thumb-747-recipe-cover-desktop-1.jpeg\" class=\"inline-block wp-image-610\" alt=\"Panzanella\" sizes=\"auto, (max-width: 600px) 72vw, 431px\" data-spai-crop=\"true\" title=\"Panzanella\" srcset=\"https:\/\/mutti-parma.com\/app\/uploads\/sites\/26\/2020\/06\/thumb-747-recipe-cover-desktop-1.jpeg 1920w, https:\/\/mutti-parma.com\/app\/uploads\/sites\/26\/2020\/06\/thumb-747-recipe-cover-desktop-1-200x89.jpeg 200w, https:\/\/mutti-parma.com\/app\/uploads\/sites\/26\/2020\/06\/thumb-747-recipe-cover-desktop-1-500x221.jpeg 500w, https:\/\/mutti-parma.com\/app\/uploads\/sites\/26\/2020\/06\/thumb-747-recipe-cover-desktop-1-768x340.jpeg 768w, https:\/\/mutti-parma.com\/app\/uploads\/sites\/26\/2020\/06\/thumb-747-recipe-cover-desktop-1-1024x453.jpeg 1024w, https:\/\/mutti-parma.com\/app\/uploads\/sites\/26\/2020\/06\/thumb-747-recipe-cover-desktop-1-150x66.jpeg 150w, https:\/\/mutti-parma.com\/app\/uploads\/sites\/26\/2020\/06\/thumb-747-recipe-cover-desktop-1-600x266.jpeg 600w\" loading=\"lazy\" \/>\n      <\/div>\n\n          <\/a>\n  \n  \n      <a class=\"is-style-cursive heading block text-primary leading-none\" href=\"https:\/\/mutti-parma.com\/pl\/produkty\/pelati\/\">\n      Pelati\n    <\/a>\n  \n  <a class=\"block my-4\" href=\"https:\/\/mutti-parma.com\/pl\/przepisy\/panzanella\/\">\n          <h3>Panzanella<\/h3>\n      <\/a>\n\n  \n  <div class=\"flex items-center justify-center my-4\">\n      <\/div>\n<\/div>\n        <\/div>\n              <div class=\"swiper-slide\">\n          <div class=\"teaser--recipe text-center hover:zoom-img\">\n      <a href=\"https:\/\/mutti-parma.com\/pl\/przepisy\/salatka-z-owocami-morza-i-kremowym-sosem-pomidorowym\/\" class=\"relative block mb-4 max-w-96 mx-auto\" aria-hidden=\"true\" tabindex=\"-1\">\n      <div class=\"responsive-embed \" style=\"padding-bottom: 108.79765395894%;\">\n                <img decoding=\"async\" width=\"1920\" height=\"850\" src=\"https:\/\/mutti-parma.com\/app\/uploads\/sites\/26\/2020\/06\/thumb-744-recipe-cover-desktop.jpeg\" class=\"inline-block wp-image-606\" alt=\"Sa\u0142atka z owocami morza i kremowym sosem pomidorowym\" sizes=\"auto, (max-width: 600px) 72vw, 431px\" data-spai-crop=\"true\" title=\"Sa\u0142atka z owocami morza i kremowym sosem pomidorowym\" srcset=\"https:\/\/mutti-parma.com\/app\/uploads\/sites\/26\/2020\/06\/thumb-744-recipe-cover-desktop.jpeg 1920w, https:\/\/mutti-parma.com\/app\/uploads\/sites\/26\/2020\/06\/thumb-744-recipe-cover-desktop-200x89.jpeg 200w, https:\/\/mutti-parma.com\/app\/uploads\/sites\/26\/2020\/06\/thumb-744-recipe-cover-desktop-500x221.jpeg 500w, https:\/\/mutti-parma.com\/app\/uploads\/sites\/26\/2020\/06\/thumb-744-recipe-cover-desktop-768x340.jpeg 768w, https:\/\/mutti-parma.com\/app\/uploads\/sites\/26\/2020\/06\/thumb-744-recipe-cover-desktop-1024x453.jpeg 1024w, https:\/\/mutti-parma.com\/app\/uploads\/sites\/26\/2020\/06\/thumb-744-recipe-cover-desktop-150x66.jpeg 150w, https:\/\/mutti-parma.com\/app\/uploads\/sites\/26\/2020\/06\/thumb-744-recipe-cover-desktop-600x266.jpeg 600w\" loading=\"lazy\" \/>\n      <\/div>\n\n          <\/a>\n  \n  \n      <a class=\"is-style-cursive heading block text-primary leading-none\" href=\"https:\/\/mutti-parma.com\/pl\/produkty\/pelati\/\">\n      Pelati\n    <\/a>\n  \n  <a class=\"block my-4\" href=\"https:\/\/mutti-parma.com\/pl\/przepisy\/salatka-z-owocami-morza-i-kremowym-sosem-pomidorowym\/\">\n          <h3>Sa\u0142atka z owocami morza i kremowym sosem pomidorowym<\/h3>\n      <\/a>\n\n  \n  <div class=\"flex items-center justify-center my-4\">\n      <\/div>\n<\/div>\n        <\/div>\n              <div class=\"swiper-slide\">\n          <div class=\"teaser--recipe text-center hover:zoom-img\">\n      <a href=\"https:\/\/mutti-parma.com\/pl\/przepisy\/warzywa-w-panierce\/\" class=\"relative block mb-4 max-w-96 mx-auto\" aria-hidden=\"true\" tabindex=\"-1\">\n      <div class=\"responsive-embed \" style=\"padding-bottom: 108.79765395894%;\">\n                <img decoding=\"async\" width=\"534\" height=\"649\" src=\"https:\/\/mutti-parma.com\/app\/uploads\/sites\/26\/2020\/06\/thumb-724-recipe-cover-desktop.jpeg\" class=\"inline-block wp-image-586\" alt=\"Warzywa w panierce\" sizes=\"auto, (max-width: 600px) 72vw, 431px\" data-spai-crop=\"true\" title=\"Warzywa w panierce\" srcset=\"https:\/\/mutti-parma.com\/app\/uploads\/sites\/26\/2020\/06\/thumb-724-recipe-cover-desktop.jpeg 534w, https:\/\/mutti-parma.com\/app\/uploads\/sites\/26\/2020\/06\/thumb-724-recipe-cover-desktop-165x200.jpeg 165w, https:\/\/mutti-parma.com\/app\/uploads\/sites\/26\/2020\/06\/thumb-724-recipe-cover-desktop-411x500.jpeg 411w, https:\/\/mutti-parma.com\/app\/uploads\/sites\/26\/2020\/06\/thumb-724-recipe-cover-desktop-150x182.jpeg 150w\" loading=\"lazy\" \/>\n      <\/div>\n\n          <\/a>\n  \n  \n      <a class=\"is-style-cursive heading block text-primary leading-none\" href=\"https:\/\/mutti-parma.com\/pl\/produkty\/pelati\/\">\n      Pelati\n    <\/a>\n  \n  <a class=\"block my-4\" href=\"https:\/\/mutti-parma.com\/pl\/przepisy\/warzywa-w-panierce\/\">\n          <h3>Warzywa w panierce<\/h3>\n      <\/a>\n\n  \n  <div class=\"flex items-center justify-center my-4\">\n      <\/div>\n<\/div>\n        <\/div>\n          <\/slideshow>\n  \n  <hr class=\"alignwide wp-block-separator\">\n\n      <p class=\"text-center\">\n      <a class=\"h3 underline\" href=\"https:\/\/mutti-parma.com\/pl\/przepisy\/\">Zobacz wszystkie nasze przepyszne przepisy<\/a>\n    <\/p>\n  <\/div>\n\n\n\n\n","protected":false},"excerpt":{"rendered":"<p>Teraz, gdy wiesz ju\u017c wi\u0119cej o naszych produktach \u2013 gotowanie czas zacz\u0105\u0107! WYKORZYSTANIE Obrane pomidory maj\u0105 niezwykle wszechstronne zastosowanie. Mog\u0105 by\u0107 wykorzystane jako nadzienie; smaczny i ciesz\u0105cy oko dodatek do focacci lub pizzy; lub przekrojone na p\u00f3\u0142 jako niewielkie przek\u0105ski. Pokrojone i zmieszane z sosem z puszki sprawdz\u0105 si\u0119 doskonale z ka\u017cdym rodzajem pizzy lub<\/p>\n","protected":false},"featured_media":106,"comment_status":"open","ping_status":"closed","template":"","product_category":[57],"class_list":["post-221","product","type-product","status-publish","has-post-thumbnail","hentry","product_category-product-category-87"],"acf":[],"_links":{"self":[{"href":"https:\/\/mutti-parma.com\/pl\/wp-json\/wp\/v2\/product\/221","targetHints":{"allow":["GET"]}}],"collection":[{"href":"https:\/\/mutti-parma.com\/pl\/wp-json\/wp\/v2\/product"}],"about":[{"href":"https:\/\/mutti-parma.com\/pl\/wp-json\/wp\/v2\/types\/product"}],"replies":[{"embeddable":true,"href":"https:\/\/mutti-parma.com\/pl\/wp-json\/wp\/v2\/comments?post=221"}],"version-history":[{"count":26,"href":"https:\/\/mutti-parma.com\/pl\/wp-json\/wp\/v2\/product\/221\/revisions"}],"predecessor-version":[{"id":958,"href":"https:\/\/mutti-parma.com\/pl\/wp-json\/wp\/v2\/product\/221\/revisions\/958"}],"wp:featuredmedia":[{"embeddable":true,"href":"https:\/\/mutti-parma.com\/pl\/wp-json\/wp\/v2\/media\/106"}],"wp:attachment":[{"href":"https:\/\/mutti-parma.com\/pl\/wp-json\/wp\/v2\/media?parent=221"}],"wp:term":[{"taxonomy":"product_category","embeddable":true,"href":"https:\/\/mutti-parma.com\/pl\/wp-json\/wp\/v2\/product_category?post=221"}],"curies":[{"name":"wp","href":"https:\/\/api.w.org\/{rel}","templated":true}]}}