{"id":260,"date":"2020-03-12T09:27:38","date_gmt":"2020-03-12T09:27:38","guid":{"rendered":"https:\/\/mutti-parma.com\/pl\/?post_type=product&#038;p=260"},"modified":"2025-05-14T10:03:19","modified_gmt":"2025-05-14T10:03:19","slug":"sugo-semplice-z-bazylia","status":"publish","type":"product","link":"https:\/\/mutti-parma.com\/pl\/produkty\/sugo-semplice-z-bazylia\/","title":{"rendered":"Sos pomidorowy z bazyli\u0105"},"content":{"rendered":"\n<div style=\"--media-width: 35\" class=\"wp-block-media-text alignwide has-media-on-the-right is-stacked-on-mobile is-style-hero has-background-image\"><img loading=\"lazy\" decoding=\"async\" class=\"wp-block-media-text__background\" alt=\"\" data-spai-crop=\"true\" src=\"https:\/\/mutti-parma.com\/app\/uploads\/sites\/3\/2019\/09\/texture-banner-mutti-default-gradient.jpg\" \/><div class=\"wp-block-media-text__content\"><div class=\"acf-breadcrumb my-4 md:my-8 text-center md:text-left\">\n  <nav>\n  <ol class=\"list-none text-md\">\n                  <li class=\"inline\">\n                      <a class=\"text-inherit\" href=\"https:\/\/mutti-parma.com\/pl\/\">\n              Strona g\u0142\u00f3wna\n            <\/a>\n                                <span aria-hidden=\"true\">\/&nbsp;<\/span>\n                  <\/li>\n                        <li class=\"inline\">\n                      <a class=\"text-inherit\" href=\"https:\/\/mutti-parma.com\/pl\/produkty\/\">\n              Products\n            <\/a>\n                            <\/li>\n            <\/ol>\n<\/nav>\n<\/div>\n\n\n\n<h1 class=\"wp-block-heading has-primary-color has-text-color\"><strong>Sos do makaronu z bazyli\u0105<\/strong><\/h1>\n\n\n\n<p class=\"is-style-cursive has-xxl-font-size\">Sos do makaronu<\/p>\n\n\n\n<p>S\u0142odki i aromatyczny. Sos do makaronu z pomidorami Rossoro i bazyli\u0105 Basilico Genovese ChNP* zawiera najwy\u017cszej jako\u015bci, w 100% w\u0142oskie pomidory zbierane latem, w szczytowym okresie dojrza\u0142o\u015bci. Starannie wybieramy konkretn\u0105 odmian\u0119 pomidora, kt\u00f3ra najlepiej komponuje si\u0119 z naszymi wyj\u0105tkowymi w\u0142oskimi sk\u0142adnikami. W tym sosie s\u0142odki i intensywny w smaku pomidor Rossoro zosta\u0142 po\u0142\u0105czony z bazyli\u0105 Genovese ChNP*, uprawian\u0105 w Genui i znan\u0105 ze swojego g\u0142\u0119bokiego smaku i aromatu.<br>*ChNP- Chroniona Nazwa Pochodzenia<\/p>\n\n\n\n\n<\/div><figure class=\"wp-block-media-text__media\"><img loading=\"lazy\" decoding=\"async\" width=\"537\" height=\"1024\" src=\"https:\/\/mutti-parma.com\/app\/uploads\/sites\/26\/2020\/03\/basilico-537x1024.png\" alt=\"\" class=\"wp-image-1701 size-full\" sizes=\"(min-width: 1440px) 336px,23vw\" data-spai-crop=\"false\" srcset=\"https:\/\/mutti-parma.com\/app\/uploads\/sites\/26\/2020\/03\/basilico-537x1024.png 537w, https:\/\/mutti-parma.com\/app\/uploads\/sites\/26\/2020\/03\/basilico-262x500.png 262w, https:\/\/mutti-parma.com\/app\/uploads\/sites\/26\/2020\/03\/basilico-105x200.png 105w, https:\/\/mutti-parma.com\/app\/uploads\/sites\/26\/2020\/03\/basilico-150x286.png 150w, https:\/\/mutti-parma.com\/app\/uploads\/sites\/26\/2020\/03\/basilico-600x1145.png 600w, https:\/\/mutti-parma.com\/app\/uploads\/sites\/26\/2020\/03\/basilico.png 676w\" \/><\/figure><\/div>\n\n\n\n\n\n\n<div\n  class=\"acf-how-is-it-made alignwide text-center \"\n  data-vue-wrapper\n  >\n      <h2>Jak to jest zrobione?<\/h2>\n  \n  <slideshow :slides-per-view=\"3\" :slides-per-view-sm=\"1\" :slides-per-view-md=\"2\" name=\"How is it made\" class=\"mb-8\">\n      <\/slideshow>\n\n      <p class=\"is-style-cursive text-5xl\">Aby dowiedzie\u0107 si\u0119 wi\u0119cej o tym, jak powstaj\u0105 nasze produkty<\/p>\n  \n      <h3>ZOBACZ  <a href=\"https:\/\/mutti-parma.com\/pl\/z-pola-na-stol\/\"> PROCES PRODUKCJI <\/a><\/h3>\n  <\/div>\n\n\n\n\n\n<hr class=\"wp-block-separator has-css-opacity alignwide\"\/>\n\n\n<div class=\"acf-comments alignwide my-8\">\n  <div class=\"flex flex-wrap mb-4 items-center text-center sm:text-left px-0 sm:px-2 md:px-0\">\n    <h3 class=\"w-full sm:w-auto is-style-cursive text-primary my-0 leading-none\">Share and review<\/h3>\n    <div class=\"w-full sm:w-auto flex-auto mt-1 sm:ml-8\">\n          <\/div>\n\n          <div class=\"mx-auto sm:ml-0 mt-3 sm:mt-0\">\n                  <div\n  class=\"shariff\"\n  data-button-style=\"icon\"\n  data-mail-body=\"https:\/\/mutti-parma.com\/pl\/produkty\/sugo-semplice-z-bazylia\/\"\n  data-mail-subject=\"Sos pomidorowy z bazyli\u0105 - Mutti\"\n  data-mail-url=\"mailto:\"\n  data-media-url=\"https:\/\/mutti-parma.com\/app\/uploads\/sites\/26\/2020\/03\/basilico.png\"\n  data-services=\"[&#039;facebook&#039;, &#039;twitter&#039;, &#039;whatsapp&#039;, &#039;pinterest&#039;, &#039;mail&#039;]\"\n><\/div>\n              <\/div>\n      <\/div>\n\n  <div>\n                <\/div>\n<\/div>\n\n\n\n<hr class=\"wp-block-separator has-css-opacity alignwide\"\/>\n\n\n\n<div class=\"wp-block-cover alignwide has-background-dim-80 has-darkred-background-color has-background-dim\" style=\"background-image:url(https:\/\/mutti-parma.com\/app\/uploads\/sites\/3\/2019\/09\/tomatoes.jpg)\"><div class=\"wp-block-cover__inner-container is-layout-flow wp-block-cover-is-layout-flow\">\n<div class=\"wp-block-columns alignwide is-layout-flex wp-container-core-columns-is-layout-9d6595d7 wp-block-columns-is-layout-flex\">\n<div class=\"wp-block-column is-layout-flow wp-block-column-is-layout-flow\">\n<h2 class=\"wp-block-heading\" id=\"sustainability\"><strong>Zr\u00f3wnowa\u017cony rozw\u00f3j<\/strong><\/h2>\n\n\n\n<p class=\"is-style-cursive mb-0\">Zr\u00f3wnowa\u017cony rozw\u00f3j oznacza dla nas szacunek do ziemi<\/p>\n\n\n\n<h4 class=\"wp-block-heading\">Wsp\u00f3\u0142praca z WWF<\/h4>\n\n\n\n<p><br>Mutti \u015bci\u015ble wsp\u00f3\u0142pracowa\u0142o z w\u0142oskim WWF, aby pom\u00f3c rolnikom znale\u017a\u0107 zr\u00f3wnowa\u017cone sposoby ograniczenia zu\u017cycia wody i emisji dwutlenku w\u0119gla. W\u0142oski WWF nie tylko wyznaczy\u0142 cele, ale tak\u017ce pozwoli\u0142 rolnikom przeanalizowa\u0107 dane, by mogli sprawdzi\u0107, co mog\u0105 usprawni\u0107. Na przyk\u0142ad, organizacja zach\u0119ca\u0142a do korzystania ze specjalnych czujnik\u00f3w, kt\u00f3re mierz\u0105 poziom wilgoci w glebie, dostarczaj\u0105c tym samym cennych informacji, kt\u00f3re pomagaj\u0105 rozs\u0105dniej gospodarowa\u0107 wod\u0105. Mutti zainwestowa\u0142o w technologi\u0119, edukacj\u0119 i wsparcie techniczne dla rolnik\u00f3w i organizacji rolnych. Mimo, \u017ce nasz pi\u0119cioletni projekt ju\u017c si\u0119 zako\u0144czy\u0142, ca\u0142y czas czujemy si\u0119 zobowi\u0105zani do zmniejszania naszego wp\u0142ywu na \u015brodowisko i popraw\u0119 ka\u017cdego etapu naszej produkcji.<\/p>\n<\/div>\n\n\n\n<div class=\"wp-block-column is-layout-flow wp-block-column-is-layout-flow\">\n<h2 class=\"has-text-align-center wp-block-heading\">WYNIKI:<\/h2>\n\n\n\n<div class=\"wp-block-columns is-layout-flex wp-container-core-columns-is-layout-9d6595d7 wp-block-columns-is-layout-flex\">\n<div class=\"wp-block-column is-layout-flow wp-block-column-is-layout-flow\">\n<div class=\"wp-block-image\"><figure class=\"aligncenter size-large is-resized\"><img loading=\"lazy\" decoding=\"async\" src=\"https:\/\/mutti-parma.com\/app\/uploads\/sites\/3\/2019\/09\/icon-sustainable-water.svg\" alt=\"\" class=\"wp-image-30000085\" width=\"53\" height=\"91\" \/><\/figure><\/div>\n\n\n\n<h4 class=\"has-text-align-center wp-block-heading\">+ 1000 milion\u00f3w litr\u00f3w zaoszcz\u0119dzonej wody*<\/h4>\n\n\n\n<p class=\"has-text-align-center has-sm-font-size\">*w latach 2012-2014 (\u0179r\u00f3d\u0142o: dane zebrane przez CMCC, WWF i Mediterranean Climate Change Center we W\u0142oszech)<\/p>\n<\/div>\n\n\n\n<div class=\"wp-block-column is-layout-flow wp-block-column-is-layout-flow\">\n<div class=\"wp-block-image\"><figure class=\"aligncenter size-large is-resized\"><img loading=\"lazy\" decoding=\"async\" src=\"https:\/\/mutti-parma.com\/app\/uploads\/sites\/3\/2019\/09\/icon-sustainable-co2.svg\" alt=\"\" class=\"wp-image-30000086\" width=\"114\" height=\"88\" \/><\/figure><\/div>\n\n\n\n<h4 class=\"has-text-align-center wp-block-heading\">+ 31530 ton niewyemitowanego dwutlenku w\u0119gla.<\/h4>\n\n\n\n<p class=\"has-text-align-center has-sm-font-size\">* w latach 2010-2015, w por\u00f3wnaniu do emisji w roku 2009 (\u0179r\u00f3d\u0142o: dane zebrane przez w\u0142oski WWF i Officinae Verdi, grup\u0119 wydajnego wykorzystania energii)<\/p>\n<\/div>\n<\/div>\n<\/div>\n<\/div>\n<\/div><\/div>\n\n\n\n\n\n\n\n\n\n\n\n\n<div class=\"acf-related-products mb-8 lg:mb-16 \" data-vue-wrapper>\n      <h3 class=\"text-center\">Inne produkty w tej linii<\/h3>\n  \n      <slideshow :slides-per-view=\"3\" :navigation=\"true\" class=\"mx-8 lg:-mx-12\" name=\"Related Products\">\n              <div class=\"swiper-slide\">\n          <div class=\"text-center hover:lift-img mx-auto max-w-28\">\n      <a href=\"https:\/\/mutti-parma.com\/pl\/produkty\/sugo-semplice-z-parmigiano-reggiano\/\" class=\"block\">\n            <div class=\"responsive-embed is-contain\" style=\"padding-bottom: 188.23529411765%;\"><img decoding=\"async\" width=\"676\" height=\"1290\" src=\"https:\/\/mutti-parma.com\/app\/uploads\/sites\/26\/2020\/03\/parmigiano.png\" class=\"inline-block mt-2 wp-image-1697\" alt=\"Sos Pomidorowy z Serem Parmigiano Reggiano ChNP*\" sizes=\"auto, 126px\" data-spai-crop=\"false\" title=\"Sos Pomidorowy z Serem Parmigiano Reggiano ChNP*\" srcset=\"https:\/\/mutti-parma.com\/app\/uploads\/sites\/26\/2020\/03\/parmigiano.png 676w, https:\/\/mutti-parma.com\/app\/uploads\/sites\/26\/2020\/03\/parmigiano-262x500.png 262w, https:\/\/mutti-parma.com\/app\/uploads\/sites\/26\/2020\/03\/parmigiano-537x1024.png 537w, https:\/\/mutti-parma.com\/app\/uploads\/sites\/26\/2020\/03\/parmigiano-105x200.png 105w, https:\/\/mutti-parma.com\/app\/uploads\/sites\/26\/2020\/03\/parmigiano-150x286.png 150w, https:\/\/mutti-parma.com\/app\/uploads\/sites\/26\/2020\/03\/parmigiano-600x1145.png 600w\" loading=\"lazy\" \/><\/div>\n    <\/a>\n  \n  <a class=\"block underline mb-2 mt-2\" href=\"https:\/\/mutti-parma.com\/pl\/produkty\/sugo-semplice-z-parmigiano-reggiano\/\">\n    <h3 class=\"h4\">Sos Pomidorowy z Serem Parmigiano Reggiano ChNP*<\/h3>\n  <\/a>\n\n      <a class=\"block hover:no-underline text-inherit\" href=\"https:\/\/mutti-parma.com\/pl\/produkty\/sugo-semplice-z-parmigiano-reggiano\/\">\n      Sosy do makaronu\n    <\/a>\n  <\/div>\n        <\/div>\n              <div class=\"swiper-slide\">\n          <div class=\"text-center hover:lift-img mx-auto max-w-28\">\n      <a href=\"https:\/\/mutti-parma.com\/pl\/produkty\/sugo-semplice-z-oliwkami\/\" class=\"block\">\n            <div class=\"responsive-embed is-contain\" style=\"padding-bottom: 188.23529411765%;\"><img decoding=\"async\" width=\"676\" height=\"1290\" src=\"https:\/\/mutti-parma.com\/app\/uploads\/sites\/26\/2020\/03\/leccino-olives.png\" class=\"inline-block mt-2 wp-image-1698\" alt=\"SOS POMIDOROWY Z OLIWKAMI LECCINO\" sizes=\"auto, 126px\" data-spai-crop=\"false\" title=\"SOS POMIDOROWY Z OLIWKAMI LECCINO\" srcset=\"https:\/\/mutti-parma.com\/app\/uploads\/sites\/26\/2020\/03\/leccino-olives.png 676w, https:\/\/mutti-parma.com\/app\/uploads\/sites\/26\/2020\/03\/leccino-olives-262x500.png 262w, https:\/\/mutti-parma.com\/app\/uploads\/sites\/26\/2020\/03\/leccino-olives-537x1024.png 537w, https:\/\/mutti-parma.com\/app\/uploads\/sites\/26\/2020\/03\/leccino-olives-105x200.png 105w, https:\/\/mutti-parma.com\/app\/uploads\/sites\/26\/2020\/03\/leccino-olives-150x286.png 150w, https:\/\/mutti-parma.com\/app\/uploads\/sites\/26\/2020\/03\/leccino-olives-600x1145.png 600w\" loading=\"lazy\" \/><\/div>\n    <\/a>\n  \n  <a class=\"block underline mb-2 mt-2\" href=\"https:\/\/mutti-parma.com\/pl\/produkty\/sugo-semplice-z-oliwkami\/\">\n    <h3 class=\"h4\">SOS POMIDOROWY Z OLIWKAMI LECCINO<\/h3>\n  <\/a>\n\n      <a class=\"block hover:no-underline text-inherit\" href=\"https:\/\/mutti-parma.com\/pl\/produkty\/sugo-semplice-z-oliwkami\/\">\n      Sosy do makaronu\n    <\/a>\n  <\/div>\n        <\/div>\n              <div class=\"swiper-slide\">\n          <div class=\"text-center hover:lift-img mx-auto max-w-28\">\n      <a href=\"https:\/\/mutti-parma.com\/pl\/produkty\/sugo-semplice-z-grillowanymi-warzywami\/\" class=\"block\">\n            <div class=\"responsive-embed is-contain\" style=\"padding-bottom: 188.23529411765%;\"><img decoding=\"async\" width=\"676\" height=\"1290\" src=\"https:\/\/mutti-parma.com\/app\/uploads\/sites\/26\/2020\/03\/verdure-grigliate.png\" class=\"inline-block mt-2 wp-image-1705\" alt=\"Sos pomidorowy z grillowanymi warzywami\" sizes=\"auto, 126px\" data-spai-crop=\"false\" title=\"Sos pomidorowy z grillowanymi warzywami\" srcset=\"https:\/\/mutti-parma.com\/app\/uploads\/sites\/26\/2020\/03\/verdure-grigliate.png 676w, https:\/\/mutti-parma.com\/app\/uploads\/sites\/26\/2020\/03\/verdure-grigliate-262x500.png 262w, https:\/\/mutti-parma.com\/app\/uploads\/sites\/26\/2020\/03\/verdure-grigliate-537x1024.png 537w, https:\/\/mutti-parma.com\/app\/uploads\/sites\/26\/2020\/03\/verdure-grigliate-105x200.png 105w, https:\/\/mutti-parma.com\/app\/uploads\/sites\/26\/2020\/03\/verdure-grigliate-150x286.png 150w, https:\/\/mutti-parma.com\/app\/uploads\/sites\/26\/2020\/03\/verdure-grigliate-600x1145.png 600w\" loading=\"lazy\" \/><\/div>\n    <\/a>\n  \n  <a class=\"block underline mb-2 mt-2\" href=\"https:\/\/mutti-parma.com\/pl\/produkty\/sugo-semplice-z-grillowanymi-warzywami\/\">\n    <h3 class=\"h4\">Sos pomidorowy z grillowanymi warzywami<\/h3>\n  <\/a>\n\n      <a class=\"block hover:no-underline text-inherit\" href=\"https:\/\/mutti-parma.com\/pl\/produkty\/sugo-semplice-z-grillowanymi-warzywami\/\">\n      Sosy do makaronu\n    <\/a>\n  <\/div>\n        <\/div>\n              <div class=\"swiper-slide\">\n          <div class=\"text-center hover:lift-img mx-auto max-w-28\">\n      <a href=\"https:\/\/mutti-parma.com\/pl\/produkty\/sugo-semplice-z-papryczkami-chili\/\" class=\"block\">\n            <div class=\"responsive-embed is-contain\" style=\"padding-bottom: 188.23529411765%;\"><img decoding=\"async\" width=\"676\" height=\"1290\" src=\"https:\/\/mutti-parma.com\/app\/uploads\/sites\/26\/2020\/03\/peperoncino.png\" class=\"inline-block mt-2 wp-image-1696\" alt=\"Sos pomidorowy z papryczkami chili\" sizes=\"auto, 126px\" data-spai-crop=\"false\" title=\"Sos pomidorowy z papryczkami chili\" srcset=\"https:\/\/mutti-parma.com\/app\/uploads\/sites\/26\/2020\/03\/peperoncino.png 676w, https:\/\/mutti-parma.com\/app\/uploads\/sites\/26\/2020\/03\/peperoncino-262x500.png 262w, https:\/\/mutti-parma.com\/app\/uploads\/sites\/26\/2020\/03\/peperoncino-537x1024.png 537w, https:\/\/mutti-parma.com\/app\/uploads\/sites\/26\/2020\/03\/peperoncino-105x200.png 105w, https:\/\/mutti-parma.com\/app\/uploads\/sites\/26\/2020\/03\/peperoncino-150x286.png 150w, https:\/\/mutti-parma.com\/app\/uploads\/sites\/26\/2020\/03\/peperoncino-600x1145.png 600w\" loading=\"lazy\" \/><\/div>\n    <\/a>\n  \n  <a class=\"block underline mb-2 mt-2\" href=\"https:\/\/mutti-parma.com\/pl\/produkty\/sugo-semplice-z-papryczkami-chili\/\">\n    <h3 class=\"h4\">Sos pomidorowy z papryczkami chili<\/h3>\n  <\/a>\n\n      <a class=\"block hover:no-underline text-inherit\" href=\"https:\/\/mutti-parma.com\/pl\/produkty\/sugo-semplice-z-papryczkami-chili\/\">\n      Sosy do makaronu\n    <\/a>\n  <\/div>\n        <\/div>\n              <div class=\"swiper-slide\">\n          <div class=\"text-center hover:lift-img mx-auto max-w-28\">\n      <a href=\"https:\/\/mutti-parma.com\/pl\/produkty\/sos-bolonski\/\" class=\"block\">\n            <div class=\"responsive-embed is-contain\" style=\"padding-bottom: 188.23529411765%;\"><img decoding=\"async\" width=\"676\" height=\"1290\" src=\"https:\/\/mutti-parma.com\/app\/uploads\/sites\/26\/2020\/03\/bolognese.png\" class=\"inline-block mt-2 wp-image-1700\" alt=\"Sos Bolo\u0144ski\" sizes=\"auto, 126px\" data-spai-crop=\"false\" title=\"Sos Bolo\u0144ski\" srcset=\"https:\/\/mutti-parma.com\/app\/uploads\/sites\/26\/2020\/03\/bolognese.png 676w, https:\/\/mutti-parma.com\/app\/uploads\/sites\/26\/2020\/03\/bolognese-262x500.png 262w, https:\/\/mutti-parma.com\/app\/uploads\/sites\/26\/2020\/03\/bolognese-537x1024.png 537w, https:\/\/mutti-parma.com\/app\/uploads\/sites\/26\/2020\/03\/bolognese-105x200.png 105w, https:\/\/mutti-parma.com\/app\/uploads\/sites\/26\/2020\/03\/bolognese-150x286.png 150w, https:\/\/mutti-parma.com\/app\/uploads\/sites\/26\/2020\/03\/bolognese-600x1145.png 600w\" loading=\"lazy\" \/><\/div>\n    <\/a>\n  \n  <a class=\"block underline mb-2 mt-2\" href=\"https:\/\/mutti-parma.com\/pl\/produkty\/sos-bolonski\/\">\n    <h3 class=\"h4\">Sos Bolo\u0144ski<\/h3>\n  <\/a>\n\n      <a class=\"block hover:no-underline text-inherit\" href=\"https:\/\/mutti-parma.com\/pl\/produkty\/sos-bolonski\/\">\n      Sosy do makaronu\n    <\/a>\n  <\/div>\n        <\/div>\n              <div class=\"swiper-slide\">\n          <div class=\"text-center hover:lift-img mx-auto max-w-28\">\n      <a href=\"https:\/\/mutti-parma.com\/pl\/produkty\/sos-do-makaronu-z-czosnkiem\/\" class=\"block\">\n            <div class=\"responsive-embed is-contain\" style=\"padding-bottom: 188.23529411765%;\"><img decoding=\"async\" width=\"676\" height=\"1290\" src=\"https:\/\/mutti-parma.com\/app\/uploads\/sites\/26\/2020\/03\/garlic.png\" class=\"inline-block mt-2 wp-image-1699\" alt=\"Sos do makaronu z czosnkiem\" sizes=\"auto, 126px\" data-spai-crop=\"false\" title=\"Sos do makaronu z czosnkiem\" srcset=\"https:\/\/mutti-parma.com\/app\/uploads\/sites\/26\/2020\/03\/garlic.png 676w, https:\/\/mutti-parma.com\/app\/uploads\/sites\/26\/2020\/03\/garlic-262x500.png 262w, https:\/\/mutti-parma.com\/app\/uploads\/sites\/26\/2020\/03\/garlic-537x1024.png 537w, https:\/\/mutti-parma.com\/app\/uploads\/sites\/26\/2020\/03\/garlic-105x200.png 105w, https:\/\/mutti-parma.com\/app\/uploads\/sites\/26\/2020\/03\/garlic-150x286.png 150w, https:\/\/mutti-parma.com\/app\/uploads\/sites\/26\/2020\/03\/garlic-600x1145.png 600w\" loading=\"lazy\" \/><\/div>\n    <\/a>\n  \n  <a class=\"block underline mb-2 mt-2\" href=\"https:\/\/mutti-parma.com\/pl\/produkty\/sos-do-makaronu-z-czosnkiem\/\">\n    <h3 class=\"h4\">Sos do makaronu z czosnkiem<\/h3>\n  <\/a>\n\n      <a class=\"block hover:no-underline text-inherit\" href=\"https:\/\/mutti-parma.com\/pl\/produkty\/sos-do-makaronu-z-czosnkiem\/\">\n      Sosy do makaronu\n    <\/a>\n  <\/div>\n        <\/div>\n              <div class=\"swiper-slide\">\n          <div class=\"text-center hover:lift-img mx-auto max-w-28\">\n      <a href=\"https:\/\/mutti-parma.com\/pl\/produkty\/sos-bolonski-weganski\/\" class=\"block\">\n            <div class=\"responsive-embed is-contain\" style=\"padding-bottom: 188.23529411765%;\"><img decoding=\"async\" width=\"253\" height=\"364\" src=\"https:\/\/mutti-parma.com\/app\/uploads\/sites\/26\/2025\/01\/64396-pasta-sauce-vegan-bolognese-glass-jar-gr-400-uk-1-1.png\" class=\"inline-block mt-2 wp-image-1531\" alt=\"Sos Bolo\u0144ski Wega\u0144ski\" sizes=\"auto, 126px\" data-spai-crop=\"false\" title=\"Sos Bolo\u0144ski Wega\u0144ski\" srcset=\"https:\/\/mutti-parma.com\/app\/uploads\/sites\/26\/2025\/01\/64396-pasta-sauce-vegan-bolognese-glass-jar-gr-400-uk-1-1.png 253w, https:\/\/mutti-parma.com\/app\/uploads\/sites\/26\/2025\/01\/64396-pasta-sauce-vegan-bolognese-glass-jar-gr-400-uk-1-1-139x200.png 139w, https:\/\/mutti-parma.com\/app\/uploads\/sites\/26\/2025\/01\/64396-pasta-sauce-vegan-bolognese-glass-jar-gr-400-uk-1-1-150x216.png 150w\" loading=\"lazy\" \/><\/div>\n    <\/a>\n  \n  <a class=\"block underline mb-2 mt-2\" href=\"https:\/\/mutti-parma.com\/pl\/produkty\/sos-bolonski-weganski\/\">\n    <h3 class=\"h4\">Sos Bolo\u0144ski Wega\u0144ski<\/h3>\n  <\/a>\n\n      <a class=\"block hover:no-underline text-inherit\" href=\"https:\/\/mutti-parma.com\/pl\/produkty\/sos-bolonski-weganski\/\">\n      Sosy do makaronu\n    <\/a>\n  <\/div>\n        <\/div>\n          <\/slideshow>\n  <\/div>\n\n\n","protected":false},"excerpt":{"rendered":"","protected":false},"featured_media":1701,"comment_status":"open","ping_status":"closed","template":"","product_category":[62],"class_list":["post-260","product","type-product","status-publish","has-post-thumbnail","hentry","product_category-product-category-263"],"acf":[],"_links":{"self":[{"href":"https:\/\/mutti-parma.com\/pl\/wp-json\/wp\/v2\/product\/260","targetHints":{"allow":["GET"]}}],"collection":[{"href":"https:\/\/mutti-parma.com\/pl\/wp-json\/wp\/v2\/product"}],"about":[{"href":"https:\/\/mutti-parma.com\/pl\/wp-json\/wp\/v2\/types\/product"}],"replies":[{"embeddable":true,"href":"https:\/\/mutti-parma.com\/pl\/wp-json\/wp\/v2\/comments?post=260"}],"version-history":[{"count":8,"href":"https:\/\/mutti-parma.com\/pl\/wp-json\/wp\/v2\/product\/260\/revisions"}],"predecessor-version":[{"id":1710,"href":"https:\/\/mutti-parma.com\/pl\/wp-json\/wp\/v2\/product\/260\/revisions\/1710"}],"wp:featuredmedia":[{"embeddable":true,"href":"https:\/\/mutti-parma.com\/pl\/wp-json\/wp\/v2\/media\/1701"}],"wp:attachment":[{"href":"https:\/\/mutti-parma.com\/pl\/wp-json\/wp\/v2\/media?parent=260"}],"wp:term":[{"taxonomy":"product_category","embeddable":true,"href":"https:\/\/mutti-parma.com\/pl\/wp-json\/wp\/v2\/product_category?post=260"}],"curies":[{"name":"wp","href":"https:\/\/api.w.org\/{rel}","templated":true}]}}