{"id":327,"date":"2020-03-12T10:56:21","date_gmt":"2020-03-12T10:56:21","guid":{"rendered":"https:\/\/mutti-parma.com\/pl\/?post_type=product&#038;p=327"},"modified":"2021-09-14T10:11:48","modified_gmt":"2021-09-14T10:11:48","slug":"pomidory-datterini-bez-skorki","status":"publish","type":"product","link":"https:\/\/mutti-parma.com\/pl\/produkty\/pomidory-datterini-bez-skorki\/","title":{"rendered":"Pomidory Daktylowe bez sk\u00f3rki"},"content":{"rendered":"\n<div style=\"--media-width: 50\" class=\"wp-block-media-text alignwide has-media-on-the-right is-stacked-on-mobile is-style-hero has-background-image\"><img loading=\"lazy\" decoding=\"async\" class=\"wp-block-media-text__background\" alt=\"\" data-spai-crop=\"true\" src=\"https:\/\/mutti-parma.com\/app\/uploads\/sites\/3\/2019\/09\/texture-banner-mutti-default-gradient.jpg\" \/><figure class=\"wp-block-media-text__media\"><img loading=\"lazy\" decoding=\"async\" width=\"404\" height=\"766\" src=\"https:\/\/mutti-parma.com\/app\/uploads\/sites\/26\/2020\/03\/pol-datterini.png\" alt=\"\" class=\"wp-image-328 size-full\" sizes=\"(min-width: 1440px) 528px,37vw\" data-spai-crop=\"false\" srcset=\"https:\/\/mutti-parma.com\/app\/uploads\/sites\/26\/2020\/03\/pol-datterini.png 404w, https:\/\/mutti-parma.com\/app\/uploads\/sites\/26\/2020\/03\/pol-datterini-105x200.png 105w, https:\/\/mutti-parma.com\/app\/uploads\/sites\/26\/2020\/03\/pol-datterini-264x500.png 264w, https:\/\/mutti-parma.com\/app\/uploads\/sites\/26\/2020\/03\/pol-datterini-150x284.png 150w\" \/><\/figure><div class=\"wp-block-media-text__content\"><div class=\"acf-breadcrumb my-4 md:my-8 text-center md:text-left\">\n  <nav>\n  <ol class=\"list-none text-md\">\n                  <li class=\"inline\">\n                      <a class=\"text-inherit\" href=\"https:\/\/mutti-parma.com\/pl\/\">\n              Strona g\u0142\u00f3wna\n            <\/a>\n                                <span aria-hidden=\"true\">\/&nbsp;<\/span>\n                  <\/li>\n                        <li class=\"inline\">\n                      <a class=\"text-inherit\" href=\"https:\/\/mutti-parma.com\/pl\/produkty\/\">\n              Products\n            <\/a>\n                            <\/li>\n            <\/ol>\n<\/nav>\n<\/div>\n\n\n\n<h1 class=\"has-primary-color has-text-color wp-block-heading\"><strong>Pomidory Daktylowe bez sk\u00f3rki<\/strong><\/h1>\n\n\n\n<p class=\"is-style-cursive has-xxl-font-size\">Specja\u0142y<\/p>\n\n\n\n<p>Obrane Pomidory Daktylowe, czyli Baby roma, zostaj\u0105 zapuszkowane tu\u017c po obraniu ze sk\u00f3rki, co pozwala zachowa\u0107 \u015bwie\u017co\u015b\u0107 i aromat pomidor\u00f3w prosto z krzaka. Te s\u0142odkie pomidory wyr\u00f3\u017cniaj\u0105 si\u0119 swoim wyrazistym czerwonym kolorem i soczysto\u015bci\u0105.<\/p>\n\n\n\n\n\n\n<div class=\"acf-product-find-store\">\n      <a href=\"https:\/\/develey.pl\/produkt\/mutti-pomidory-datterini\/\" class=\"btn-solid\" target=\"_blank\">\n      <i class=\"fa-solid fa-map-marker-alt mr-1\" aria-hidden=\"true\"><\/i>\n      Kup Online\n    <\/a>\n  <\/div>\n<\/div><\/div>\n\n\n\n\n\n\n<div\n  class=\"acf-how-is-it-made alignwide text-center \"\n  data-vue-wrapper\n  >\n      <h2>Jak to jest zrobione?<\/h2>\n  \n  <slideshow :slides-per-view=\"3\" :slides-per-view-sm=\"1\" :slides-per-view-md=\"2\" name=\"How is it made\" class=\"mb-8\">\n      <\/slideshow>\n\n      <p class=\"is-style-cursive text-5xl\">Aby dowiedzie\u0107 si\u0119 wi\u0119cej o tym, jak powstaj\u0105 nasze produkty<\/p>\n  \n      <h3>ZOBACZ  <a href=\"https:\/\/mutti-parma.com\/pl\/z-pola-na-stol\/\"> PROCES PRODUKCJI <\/a><\/h3>\n  <\/div>\n\n\n\n\n\n\n\n<hr class=\"wp-block-separator alignwide\"\/>\n\n\n<div class=\"acf-comments alignwide my-8\">\n  <div class=\"flex flex-wrap mb-4 items-center text-center sm:text-left px-0 sm:px-2 md:px-0\">\n    <h3 class=\"w-full sm:w-auto is-style-cursive text-primary my-0 leading-none\">Share and review<\/h3>\n    <div class=\"w-full sm:w-auto flex-auto mt-1 sm:ml-8\">\n          <\/div>\n\n          <div class=\"mx-auto sm:ml-0 mt-3 sm:mt-0\">\n                  <div\n  class=\"shariff\"\n  data-button-style=\"icon\"\n  data-mail-body=\"https:\/\/mutti-parma.com\/pl\/produkty\/pomidory-datterini-bez-skorki\/\"\n  data-mail-subject=\"Pomidory Daktylowe bez sk\u00f3rki - Mutti\"\n  data-mail-url=\"mailto:\"\n  data-media-url=\"https:\/\/mutti-parma.com\/app\/uploads\/sites\/26\/2020\/03\/pol-datterini.png\"\n  data-services=\"[&#039;facebook&#039;, &#039;twitter&#039;, &#039;whatsapp&#039;, &#039;pinterest&#039;, &#039;mail&#039;]\"\n><\/div>\n              <\/div>\n      <\/div>\n\n  <div>\n                <\/div>\n<\/div>\n\n\n\n<hr class=\"wp-block-separator alignwide\"\/>\n\n\n\n<div class=\"wp-block-cover alignwide has-background-dim-80 has-darkred-background-color has-background-dim\" style=\"background-image:url(https:\/\/mutti-parma.com\/app\/uploads\/sites\/3\/2019\/09\/tomatoes.jpg)\"><div class=\"wp-block-cover__inner-container is-layout-flow wp-block-cover-is-layout-flow\">\n<div class=\"wp-block-columns alignwide is-layout-flex wp-container-core-columns-is-layout-9d6595d7 wp-block-columns-is-layout-flex\">\n<div class=\"wp-block-column is-layout-flow wp-block-column-is-layout-flow\">\n<h2 class=\"wp-block-heading\" id=\"sustainability\"><strong>Zr\u00f3wnowa\u017cony rozw\u00f3j<\/strong><\/h2>\n\n\n\n<p class=\"is-style-cursive mb-0\">Zr\u00f3wnowa\u017cony rozw\u00f3j oznacza dla nas szacunek do ziemi<\/p>\n\n\n\n<h4 class=\"wp-block-heading\">Wsp\u00f3\u0142praca z WWF<\/h4>\n\n\n\n<p><br>Mutti \u015bci\u015ble wsp\u00f3\u0142pracowa\u0142o z w\u0142oskim WWF, aby pom\u00f3c rolnikom znale\u017a\u0107 zr\u00f3wnowa\u017cone sposoby ograniczenia zu\u017cycia wody i emisji dwutlenku w\u0119gla. W\u0142oski WWF nie tylko wyznaczy\u0142 cele, ale tak\u017ce pozwoli\u0142 rolnikom przeanalizowa\u0107 dane, by mogli sprawdzi\u0107, co mog\u0105 usprawni\u0107. Na przyk\u0142ad, organizacja zach\u0119ca\u0142a do korzystania ze specjalnych czujnik\u00f3w, kt\u00f3re mierz\u0105 poziom wilgoci w glebie, dostarczaj\u0105c tym samym cennych informacji, kt\u00f3re pomagaj\u0105 rozs\u0105dniej gospodarowa\u0107 wod\u0105. Mutti zainwestowa\u0142o w technologi\u0119, edukacj\u0119 i wsparcie techniczne dla rolnik\u00f3w i organizacji rolnych. Mimo, \u017ce nasz pi\u0119cioletni projekt ju\u017c si\u0119 zako\u0144czy\u0142, ca\u0142y czas czujemy si\u0119 zobowi\u0105zani do zmniejszania naszego wp\u0142ywu na \u015brodowisko i popraw\u0119 ka\u017cdego etapu naszej produkcji.<\/p>\n<\/div>\n\n\n\n<div class=\"wp-block-column is-layout-flow wp-block-column-is-layout-flow\">\n<h2 class=\"has-text-align-center wp-block-heading\">WYNIKI:<\/h2>\n\n\n\n<div class=\"wp-block-columns is-layout-flex wp-container-core-columns-is-layout-9d6595d7 wp-block-columns-is-layout-flex\">\n<div class=\"wp-block-column is-layout-flow wp-block-column-is-layout-flow\">\n<div class=\"wp-block-image\"><figure class=\"aligncenter size-large is-resized\"><img loading=\"lazy\" decoding=\"async\" src=\"https:\/\/mutti-parma.com\/app\/uploads\/sites\/3\/2019\/09\/icon-sustainable-water.svg\" alt=\"\" class=\"wp-image-30000085\" width=\"53\" height=\"91\" \/><\/figure><\/div>\n\n\n\n<h4 class=\"has-text-align-center wp-block-heading\">+ 1000 milion\u00f3w litr\u00f3w zaoszcz\u0119dzonej wody*<\/h4>\n\n\n\n<p class=\"has-text-align-center has-sm-font-size\">*w latach 2012-2014 (\u0179r\u00f3d\u0142o: dane zebrane przez CMCC, WWF i Mediterranean Climate Change Center we W\u0142oszech)<\/p>\n<\/div>\n\n\n\n<div class=\"wp-block-column is-layout-flow wp-block-column-is-layout-flow\">\n<div class=\"wp-block-image\"><figure class=\"aligncenter size-large is-resized\"><img loading=\"lazy\" decoding=\"async\" src=\"https:\/\/mutti-parma.com\/app\/uploads\/sites\/3\/2019\/09\/icon-sustainable-co2.svg\" alt=\"\" class=\"wp-image-30000086\" width=\"114\" height=\"88\" \/><\/figure><\/div>\n\n\n\n<h4 class=\"has-text-align-center wp-block-heading\">+ 31530 ton niewyemitowanego dwutlenku w\u0119gla.<\/h4>\n\n\n\n<p class=\"has-text-align-center has-sm-font-size\">* w latach 2010-2015, w por\u00f3wnaniu do emisji w roku 2009 (\u0179r\u00f3d\u0142o: dane zebrane przez w\u0142oski WWF i Officinae Verdi, grup\u0119 wydajnego wykorzystania energii)<\/p>\n<\/div>\n<\/div>\n<\/div>\n<\/div>\n<\/div><\/div>\n\n\n\n\n\n\n\n\n\n\n\n\n<div class=\"acf-related-products mb-8 lg:mb-16 \" data-vue-wrapper>\n      <h3 class=\"text-center\">Inne produkty w tej linii<\/h3>\n  \n      <slideshow :slides-per-view=\"3\" :navigation=\"true\" class=\"mx-8 lg:-mx-12\" name=\"Related Products\">\n              <div class=\"swiper-slide\">\n          <div class=\"text-center hover:lift-img mx-auto max-w-28\">\n      <a href=\"https:\/\/mutti-parma.com\/pl\/produkty\/pomidory-san-marzano-bez-skorki\/\" class=\"block\">\n            <div class=\"responsive-embed is-contain\" style=\"padding-bottom: 188.23529411765%;\"><img decoding=\"async\" width=\"404\" height=\"766\" src=\"https:\/\/mutti-parma.com\/app\/uploads\/sites\/26\/2020\/03\/pol-pomodoro-s-marzano.png\" class=\"inline-block mt-2 wp-image-321\" alt=\"Pomidory San Marzano ca\u0142e bez sk\u00f3rki\" sizes=\"auto, 126px\" data-spai-crop=\"false\" title=\"Pomidory San Marzano ca\u0142e bez sk\u00f3rki\" srcset=\"https:\/\/mutti-parma.com\/app\/uploads\/sites\/26\/2020\/03\/pol-pomodoro-s-marzano.png 404w, https:\/\/mutti-parma.com\/app\/uploads\/sites\/26\/2020\/03\/pol-pomodoro-s-marzano-105x200.png 105w, https:\/\/mutti-parma.com\/app\/uploads\/sites\/26\/2020\/03\/pol-pomodoro-s-marzano-264x500.png 264w, https:\/\/mutti-parma.com\/app\/uploads\/sites\/26\/2020\/03\/pol-pomodoro-s-marzano-150x284.png 150w\" loading=\"lazy\" \/><\/div>\n    <\/a>\n  \n  <a class=\"block underline mb-2 mt-2\" href=\"https:\/\/mutti-parma.com\/pl\/produkty\/pomidory-san-marzano-bez-skorki\/\">\n    <h3 class=\"h4\">Pomidory San Marzano ca\u0142e bez sk\u00f3rki<\/h3>\n  <\/a>\n\n      <a class=\"block hover:no-underline text-inherit\" href=\"https:\/\/mutti-parma.com\/pl\/produkty\/pomidory-san-marzano-bez-skorki\/\">\n      Specja\u0142y\n    <\/a>\n  <\/div>\n        <\/div>\n              <div class=\"swiper-slide\">\n          <div class=\"text-center hover:lift-img mx-auto max-w-28\">\n      <a href=\"https:\/\/mutti-parma.com\/pl\/produkty\/pomidory-koktajlowe\/\" class=\"block\">\n            <div class=\"responsive-embed is-contain\" style=\"padding-bottom: 188.23529411765%;\"><img decoding=\"async\" width=\"404\" height=\"766\" src=\"https:\/\/mutti-parma.com\/app\/uploads\/sites\/26\/2020\/03\/pol-cherry-tomatoes.png\" class=\"inline-block mt-2 wp-image-108\" alt=\"Pomidory koktajlowe\" sizes=\"auto, 126px\" data-spai-crop=\"false\" title=\"Pomidory koktajlowe\" srcset=\"https:\/\/mutti-parma.com\/app\/uploads\/sites\/26\/2020\/03\/pol-cherry-tomatoes.png 404w, https:\/\/mutti-parma.com\/app\/uploads\/sites\/26\/2020\/03\/pol-cherry-tomatoes-105x200.png 105w, https:\/\/mutti-parma.com\/app\/uploads\/sites\/26\/2020\/03\/pol-cherry-tomatoes-264x500.png 264w, https:\/\/mutti-parma.com\/app\/uploads\/sites\/26\/2020\/03\/pol-cherry-tomatoes-150x284.png 150w\" loading=\"lazy\" \/><\/div>\n    <\/a>\n  \n  <a class=\"block underline mb-2 mt-2\" href=\"https:\/\/mutti-parma.com\/pl\/produkty\/pomidory-koktajlowe\/\">\n    <h3 class=\"h4\">Pomidory koktajlowe<\/h3>\n  <\/a>\n\n      <a class=\"block hover:no-underline text-inherit\" href=\"https:\/\/mutti-parma.com\/pl\/produkty\/pomidory-koktajlowe\/\">\n      Specja\u0142y\n    <\/a>\n  <\/div>\n        <\/div>\n          <\/slideshow>\n  <\/div>\n\n\n","protected":false},"excerpt":{"rendered":"","protected":false},"featured_media":328,"comment_status":"open","ping_status":"closed","template":"","product_category":[60],"class_list":["post-327","product","type-product","status-publish","has-post-thumbnail","hentry","product_category-product-category-91"],"acf":[],"_links":{"self":[{"href":"https:\/\/mutti-parma.com\/pl\/wp-json\/wp\/v2\/product\/327","targetHints":{"allow":["GET"]}}],"collection":[{"href":"https:\/\/mutti-parma.com\/pl\/wp-json\/wp\/v2\/product"}],"about":[{"href":"https:\/\/mutti-parma.com\/pl\/wp-json\/wp\/v2\/types\/product"}],"replies":[{"embeddable":true,"href":"https:\/\/mutti-parma.com\/pl\/wp-json\/wp\/v2\/comments?post=327"}],"version-history":[{"count":16,"href":"https:\/\/mutti-parma.com\/pl\/wp-json\/wp\/v2\/product\/327\/revisions"}],"predecessor-version":[{"id":842,"href":"https:\/\/mutti-parma.com\/pl\/wp-json\/wp\/v2\/product\/327\/revisions\/842"}],"wp:featuredmedia":[{"embeddable":true,"href":"https:\/\/mutti-parma.com\/pl\/wp-json\/wp\/v2\/media\/328"}],"wp:attachment":[{"href":"https:\/\/mutti-parma.com\/pl\/wp-json\/wp\/v2\/media?parent=327"}],"wp:term":[{"taxonomy":"product_category","embeddable":true,"href":"https:\/\/mutti-parma.com\/pl\/wp-json\/wp\/v2\/product_category?post=327"}],"curies":[{"name":"wp","href":"https:\/\/api.w.org\/{rel}","templated":true}]}}