{"id":12,"date":"2020-04-30T06:11:20","date_gmt":"2020-04-30T06:11:20","guid":{"rendered":"https:\/\/mutti-parma.com\/ro\/?page_id=12"},"modified":"2026-03-02T15:29:29","modified_gmt":"2026-03-02T15:29:29","slug":"fermieri","status":"publish","type":"page","link":"https:\/\/mutti-parma.com\/ro\/de-pe-camp-pe-masa\/fermieri\/","title":{"rendered":"Fermierii nostri"},"content":{"rendered":"\n<div class=\"wp-block-cover alignfull is-light\"><img loading=\"lazy\" decoding=\"async\" class=\"wp-block-cover__image-background wp-image-300000163\" alt=\"\" src=\"https:\/\/mutti-parma.com\/app\/uploads\/sites\/3\/2019\/09\/banner-farmers.jpg\" style=\"object-position:61% 21%\" data-object-fit=\"cover\" data-object-position=\"61% 21%\" data-spai-crop=\"false\" srcset=\"https:\/\/mutti-parma.com\/app\/uploads\/sites\/3\/2019\/09\/banner-farmers.jpg 2400w, https:\/\/mutti-parma.com\/app\/uploads\/sites\/3\/2019\/09\/banner-farmers-200x134.jpg 200w, https:\/\/mutti-parma.com\/app\/uploads\/sites\/3\/2019\/09\/banner-farmers-500x334.jpg 500w, https:\/\/mutti-parma.com\/app\/uploads\/sites\/3\/2019\/09\/banner-farmers-768x513.jpg 768w, https:\/\/mutti-parma.com\/app\/uploads\/sites\/3\/2019\/09\/banner-farmers-1024x684.jpg 1024w, https:\/\/mutti-parma.com\/app\/uploads\/sites\/3\/2019\/09\/banner-farmers-150x100.jpg 150w, https:\/\/mutti-parma.com\/app\/uploads\/sites\/3\/2019\/09\/banner-farmers-600x401.jpg 600w\" sizes=\"(max-width: 2400px) 100vw, 2400px\" \/><span aria-hidden=\"true\" class=\"wp-block-cover__background has-pitchblack-background-color has-background-dim-40 has-background-dim\"><\/span><div class=\"wp-block-cover__inner-container is-layout-flow wp-block-cover-is-layout-flow\"><div class=\"acf-breadcrumb my-4 md:my-8 text-center\">\n  <nav>\n  <ol class=\"list-none text-md\">\n                  <li class=\"inline\">\n                      <a class=\"text-inherit\" href=\"https:\/\/mutti-parma.com\/ro\/\">\n              Acasa\n            <\/a>\n                            <\/li>\n            <\/ol>\n<\/nav>\n<\/div>\n\n\n\n<h1 class=\"wp-block-heading has-text-align-center\">Fermierii nostri<\/h1>\n\n\n\n<p class=\"has-text-align-center\">Fiecare lot de ro\u0219ii culese de pe c\u00e2mp este o mare m\u00e2ndrie pentru fermier. \u0218tie c\u0103 transportul a trecut de inspec\u021bii riguroase \u0219i \u00eendepline\u0219te cerin\u021bele de maturitate, culoare, compozi\u021bie, prospe\u021bime \u0219i dulcea\u021b\u0103. Este rezultatul muncii pe tot parcursul anului.<\/p>\n\n\n\n<p class=\"has-text-align-center is-style-cursive\">Primii care au gustat ro\u0219iile Mutti sunt fermierii no\u0219tri.<\/p>\n<\/div><\/div>\n\n\n\n<div class=\"wp-block-columns alignwide are-vertically-aligned-center is-layout-flex wp-container-core-columns-is-layout-9d6595d7 wp-block-columns-is-layout-flex\">\n<div class=\"wp-block-column is-vertically-aligned-center is-layout-flow wp-block-column-is-layout-flow\">\n<figure class=\"wp-block-embed is-type-video is-provider-youtube wp-block-embed-youtube wp-embed-aspect-16-9 wp-has-aspect-ratio wp-embed-aspect-4-3\" data-hide-on=\"mobile tablet desktop\"><div class=\"wp-block-embed__wrapper\">\n<iframe loading=\"lazy\" title=\"Valle del Sele - Carmine Fantasia\" width=\"500\" height=\"281\" data-cookieconsent=\"marketing\" data-src=\"\/\/www.youtube-nocookie.com\/embed\/6wruWzjOLFY?rel=0&#038;modestbranding=1&#038;enablejsapi=1&#038;feature=oembed&#038;width=500&#038;height=750\" frameborder=\"0\" allow=\"accelerometer; autoplay; clipboard-write; encrypted-media; gyroscope; picture-in-picture; web-share\" referrerpolicy=\"strict-origin-when-cross-origin\" allowfullscreen><\/iframe><div class=\"cookieconsent-embed-approval\">\n  <p>To watch this video you need to approve marketing cookies so we can use YouTube.<\/p>\n  <button class=\"btn btn-renew-cookie-consent\">\n    Manage Settings\n  <\/button>\n<\/div>\n\n<\/div><\/figure>\n<\/div>\n\n\n<\/div>\n\n\n\n<div class=\"wp-block-columns alignwide are-vertically-aligned-center is-style-default is-layout-flex wp-container-core-columns-is-layout-9d6595d7 wp-block-columns-is-layout-flex\">\n\n\n<div class=\"wp-block-column is-vertically-aligned-center order-first sm:order-last is-layout-flow wp-block-column-is-layout-flow\">\n<figure class=\"wp-block-embed is-type-video is-provider-youtube wp-block-embed-youtube wp-embed-aspect-16-9 wp-has-aspect-ratio wp-embed-aspect-4-3\"><div class=\"wp-block-embed__wrapper\">\n<iframe loading=\"lazy\" title=\"Parma - Rosetta e Fausto Vitali\" width=\"500\" height=\"281\" data-cookieconsent=\"marketing\" data-src=\"\/\/www.youtube-nocookie.com\/embed\/pqF2KbBbqK0?rel=0&#038;modestbranding=1&#038;enablejsapi=1&#038;feature=oembed&#038;width=500&#038;height=750\" frameborder=\"0\" allow=\"accelerometer; autoplay; clipboard-write; encrypted-media; gyroscope; picture-in-picture; web-share\" referrerpolicy=\"strict-origin-when-cross-origin\" allowfullscreen><\/iframe><div class=\"cookieconsent-embed-approval\">\n  <p>To watch this video you need to approve marketing cookies so we can use YouTube.<\/p>\n  <button class=\"btn btn-renew-cookie-consent\">\n    Manage Settings\n  <\/button>\n<\/div>\n\n<\/div><\/figure>\n<\/div>\n<\/div>\n\n\n\n<div class=\"wp-block-columns alignwide are-vertically-aligned-center is-layout-flex wp-container-core-columns-is-layout-9d6595d7 wp-block-columns-is-layout-flex\">\n<div class=\"wp-block-column is-vertically-aligned-center is-layout-flow wp-block-column-is-layout-flow\">\n<figure class=\"wp-block-embed is-type-video is-provider-youtube wp-block-embed-youtube wp-embed-aspect-16-9 wp-has-aspect-ratio wp-embed-aspect-4-3\"><div class=\"wp-block-embed__wrapper\">\n<iframe loading=\"lazy\" title=\"Valli di Comacchio - Andrea Crovetti\" width=\"500\" height=\"281\" data-cookieconsent=\"marketing\" data-src=\"\/\/www.youtube-nocookie.com\/embed\/FRKXjM_RD-U?rel=0&#038;modestbranding=1&#038;enablejsapi=1&#038;feature=oembed&#038;width=500&#038;height=750\" frameborder=\"0\" allow=\"accelerometer; autoplay; clipboard-write; encrypted-media; gyroscope; picture-in-picture; web-share\" referrerpolicy=\"strict-origin-when-cross-origin\" allowfullscreen><\/iframe><div class=\"cookieconsent-embed-approval\">\n  <p>To watch this video you need to approve marketing cookies so we can use YouTube.<\/p>\n  <button class=\"btn btn-renew-cookie-consent\">\n    Manage Settings\n  <\/button>\n<\/div>\n\n<\/div><\/figure>\n<\/div>\n\n\n<\/div>\n\n\n\n<div class=\"wp-block-columns alignwide are-vertically-aligned-center is-layout-flex wp-container-core-columns-is-layout-9d6595d7 wp-block-columns-is-layout-flex\">\n\n\n<div class=\"wp-block-column is-vertically-aligned-center order-first sm:order-last is-layout-flow wp-block-column-is-layout-flow\">\n<figure class=\"wp-block-embed is-type-video is-provider-youtube wp-block-embed-youtube wp-embed-aspect-16-9 wp-has-aspect-ratio wp-embed-aspect-4-3\"><div class=\"wp-block-embed__wrapper\">\n<iframe loading=\"lazy\" title=\"Capitanata - Michele Giambattista\" width=\"500\" height=\"281\" data-cookieconsent=\"marketing\" data-src=\"\/\/www.youtube-nocookie.com\/embed\/4iAzkfZn6CA?rel=0&#038;modestbranding=1&#038;enablejsapi=1&#038;feature=oembed&#038;width=500&#038;height=750\" frameborder=\"0\" allow=\"accelerometer; autoplay; clipboard-write; encrypted-media; gyroscope; picture-in-picture; web-share\" referrerpolicy=\"strict-origin-when-cross-origin\" allowfullscreen><\/iframe><div class=\"cookieconsent-embed-approval\">\n  <p>To watch this video you need to approve marketing cookies so we can use YouTube.<\/p>\n  <button class=\"btn btn-renew-cookie-consent\">\n    Manage Settings\n  <\/button>\n<\/div>\n\n<\/div><\/figure>\n<\/div>\n<\/div>\n\n\n\n<h2 class=\"wp-block-heading has-text-align-center\"><br><strong>O PASIUNE \u00ceMP\u0102RTASIT\u0102 PENTRU ROSII DE CALITATE \u00ceNALT\u0102<\/strong><\/h2>\n\n\n\n<p class=\"has-text-align-center\">\u00cencerc\u0103m \u00een mod constant s\u0103 ne imbunatatim \u0219i s\u0103 oferim clien\u021bilor no\u0219tri cele mai bune ro\u0219ii. \u00cen acest scop, lucr\u0103m \u00eendeaproape cu produc\u0103torii no\u0219tri pentru a \u00eembun\u0103t\u0103\u021bi mereu tot ceea ce facem. Urm\u0103toarele principii ne ajut\u0103 s\u0103 atingem acest scop:<\/p>\n\n\n\n<div class=\"wp-block-columns alignwide is-layout-flex wp-container-core-columns-is-layout-9d6595d7 wp-block-columns-is-layout-flex\">\n<div class=\"wp-block-column is-layout-flow wp-block-column-is-layout-flow\">\n<div class=\"wp-block-media-text alignwide is-style-boxed has-primary-background-color has-background\" style=\"grid-template-columns:85% auto\"><figure class=\"wp-block-media-text__media\"><img loading=\"lazy\" decoding=\"async\" src=\"https:\/\/mutti-parma.com\/app\/uploads\/sites\/3\/2019\/09\/section-farmers-price-1024x683.jpg\" alt=\"\" class=\"wp-image-30000045 size-full\" sizes=\"(max-width: 600px) 100vw, (min-width: 1440px) 1224px,85vw\" data-spai-crop=\"false\" srcset=\"https:\/\/mutti-parma.com\/app\/uploads\/sites\/3\/2019\/09\/section-farmers-price-1024x683.jpg 1024w, https:\/\/mutti-parma.com\/app\/uploads\/sites\/3\/2019\/09\/section-farmers-price-200x133.jpg 200w, https:\/\/mutti-parma.com\/app\/uploads\/sites\/3\/2019\/09\/section-farmers-price-500x334.jpg 500w, https:\/\/mutti-parma.com\/app\/uploads\/sites\/3\/2019\/09\/section-farmers-price-768x513.jpg 768w, https:\/\/mutti-parma.com\/app\/uploads\/sites\/3\/2019\/09\/section-farmers-price-150x100.jpg 150w, https:\/\/mutti-parma.com\/app\/uploads\/sites\/3\/2019\/09\/section-farmers-price-600x400.jpg 600w\" \/><\/figure><div class=\"wp-block-media-text__content\">\n<h3 class=\"wp-block-heading\"><strong>Pret<\/strong><\/h3>\n\n\n\n<p class=\"is-style-cursive\">Un pre\u021b mai mare pentru o ro\u0219ie mai bun\u0103.<\/p>\n\n\n\n<p>Pl\u0103tim fermierilor un pre\u021b mai bun dec\u00e2t media industriei. \u00cen 2018, rata noastr\u0103 a fost cu 16%* mai mare dec\u00e2t pre\u021bul mediu din nordul Italiei \u0219i cu 30% mai mare dec\u00e2t media industriei din sud. \u00cen acest fel, consolid\u0103m parteneriatele \u0219i eliber\u0103m capital pentru investi\u021bii \u00een agricultur\u0103.<br><br>* +16% fa\u021b\u0103 de pia\u021ba medie din nord (+ 9% din media pie\u021bei datorit\u0103 selec\u021biei \u0219i +7% pentru prime, stimulente \u0219i servicii)<\/p>\n<\/div><\/div>\n<\/div>\n\n\n\n<div class=\"wp-block-column is-layout-flow wp-block-column-is-layout-flow\">\n<div class=\"wp-block-media-text alignwide is-style-boxed has-primary-background-color has-background\" style=\"grid-template-columns:85% auto\"><figure class=\"wp-block-media-text__media\"><img loading=\"lazy\" decoding=\"async\" src=\"https:\/\/mutti-parma.com\/app\/uploads\/sites\/3\/2019\/09\/section-farmers-transparency-1024x681.jpg\" alt=\"\" class=\"wp-image-30000043 size-full\" sizes=\"(max-width: 600px) 100vw, (min-width: 1440px) 1224px,85vw\" data-spai-crop=\"false\" srcset=\"https:\/\/mutti-parma.com\/app\/uploads\/sites\/3\/2019\/09\/section-farmers-transparency-1024x681.jpg 1024w, https:\/\/mutti-parma.com\/app\/uploads\/sites\/3\/2019\/09\/section-farmers-transparency-200x133.jpg 200w, https:\/\/mutti-parma.com\/app\/uploads\/sites\/3\/2019\/09\/section-farmers-transparency-500x333.jpg 500w, https:\/\/mutti-parma.com\/app\/uploads\/sites\/3\/2019\/09\/section-farmers-transparency-768x511.jpg 768w, https:\/\/mutti-parma.com\/app\/uploads\/sites\/3\/2019\/09\/section-farmers-transparency-150x100.jpg 150w, https:\/\/mutti-parma.com\/app\/uploads\/sites\/3\/2019\/09\/section-farmers-transparency-600x399.jpg 600w\" \/><\/figure><div class=\"wp-block-media-text__content\">\n<h3 class=\"wp-block-heading\"><strong>Transparen\u021ba<\/strong><\/h3>\n\n\n\n<p class=\"is-style-cursive\">Ro\u0219ii identificabile \u0219i agricultur\u0103 mai durabil\u0103.<\/p>\n\n\n\n<p>Fermierii no\u0219tri trebuie s\u0103 \u00ee\u0219i adapteze metodele de lucru pentru a corespunde valorilor noastre. Una dintre aceste cerin\u021be este identificabilitatea complet\u0103 a ro\u0219iilor pe care le folosim.<\/p>\n<\/div><\/div>\n<\/div>\n<\/div>\n\n\n\n<div class=\"wp-block-columns alignwide is-layout-flex wp-container-core-columns-is-layout-9d6595d7 wp-block-columns-is-layout-flex\">\n<div class=\"wp-block-column is-layout-flow wp-block-column-is-layout-flow\">\n<div class=\"wp-block-media-text alignwide is-style-boxed has-primary-background-color has-background\" style=\"grid-template-columns:85% auto\"><figure class=\"wp-block-media-text__media\"><img loading=\"lazy\" decoding=\"async\" src=\"https:\/\/mutti-parma.com\/app\/uploads\/sites\/3\/2019\/09\/section-farmers-respect-1024x682.jpg\" alt=\"\" class=\"wp-image-30000044 size-full\" sizes=\"(max-width: 600px) 100vw, (min-width: 1440px) 1224px,85vw\" data-spai-crop=\"false\" srcset=\"https:\/\/mutti-parma.com\/app\/uploads\/sites\/3\/2019\/09\/section-farmers-respect-1024x682.jpg 1024w, https:\/\/mutti-parma.com\/app\/uploads\/sites\/3\/2019\/09\/section-farmers-respect-200x133.jpg 200w, https:\/\/mutti-parma.com\/app\/uploads\/sites\/3\/2019\/09\/section-farmers-respect-500x333.jpg 500w, https:\/\/mutti-parma.com\/app\/uploads\/sites\/3\/2019\/09\/section-farmers-respect-768x512.jpg 768w, https:\/\/mutti-parma.com\/app\/uploads\/sites\/3\/2019\/09\/section-farmers-respect-150x100.jpg 150w, https:\/\/mutti-parma.com\/app\/uploads\/sites\/3\/2019\/09\/section-farmers-respect-600x400.jpg 600w\" \/><\/figure><div class=\"wp-block-media-text__content\">\n<h3 class=\"wp-block-heading\">Respect<\/h3>\n\n\n\n<p class=\"is-style-cursive\">Recoltarea complet automat\u0103 face munca mai sigur\u0103.<\/p>\n\n\n\n<p>\u00cen\u021belegerile cu fermierii pretind recoltarea cu ajutorul utilajelor. \u00cen acest fel, promov\u0103m capacitatea lucr\u0103torilor califica\u021bi de a avea locuri de munc\u0103 permanente, astfel \u00eenc\u00e2t s\u0103 nu se lucreze in regim \u201ezilier\u201d.<br><\/p>\n<\/div><\/div>\n<\/div>\n\n\n\n<div class=\"wp-block-column is-layout-flow wp-block-column-is-layout-flow\">\n<div class=\"wp-block-media-text alignwide is-style-boxed has-primary-background-color has-background\" style=\"grid-template-columns:85% auto\"><figure class=\"wp-block-media-text__media\"><img loading=\"lazy\" decoding=\"async\" src=\"https:\/\/mutti-parma.com\/app\/uploads\/sites\/3\/2019\/09\/section-farmers-cooperation.jpg\" alt=\"\" class=\"wp-image-30000046 size-full\" sizes=\"(max-width: 600px) 100vw, (min-width: 1440px) 1224px,85vw\" data-spai-crop=\"false\" srcset=\"https:\/\/mutti-parma.com\/app\/uploads\/sites\/3\/2019\/09\/section-farmers-cooperation.jpg 800w, https:\/\/mutti-parma.com\/app\/uploads\/sites\/3\/2019\/09\/section-farmers-cooperation-200x150.jpg 200w, https:\/\/mutti-parma.com\/app\/uploads\/sites\/3\/2019\/09\/section-farmers-cooperation-500x375.jpg 500w, https:\/\/mutti-parma.com\/app\/uploads\/sites\/3\/2019\/09\/section-farmers-cooperation-768x576.jpg 768w, https:\/\/mutti-parma.com\/app\/uploads\/sites\/3\/2019\/09\/section-farmers-cooperation-150x113.jpg 150w, https:\/\/mutti-parma.com\/app\/uploads\/sites\/3\/2019\/09\/section-farmers-cooperation-600x450.jpg 600w\" \/><\/figure><div class=\"wp-block-media-text__content\">\n<h3 class=\"wp-block-heading\"><strong>Cooperare<\/strong><\/h3>\n\n\n\n<p class=\"is-style-cursive\">Leg\u0103turi puternice \u0219i \u00eencredere reciproc\u0103.<\/p>\n\n\n\n<p>\u00cei cunoa\u0219tem pe fermierii no\u0219tri deoarece lucr\u0103m cu acelea\u0219i familii de ani de zile. \u00cemp\u0103rt\u0103\u0219im informa\u021bii cu ace\u0219tia prin canalele noastre comune.<\/p>\n<\/div><\/div>\n<\/div>\n<\/div>\n\n\n\n<div class=\"wp-block-cover alignwide is-style-boxed\"><img loading=\"lazy\" decoding=\"async\" class=\"wp-block-cover__image-background wp-image-30000041\" alt=\"\" src=\"https:\/\/mutti-parma.com\/app\/uploads\/sites\/3\/2019\/09\/section-golden-tomato-winners-growing-cycle.jpg\" data-object-fit=\"cover\" srcset=\"https:\/\/mutti-parma.com\/app\/uploads\/sites\/3\/2019\/09\/section-golden-tomato-winners-growing-cycle.jpg 1472w, https:\/\/mutti-parma.com\/app\/uploads\/sites\/3\/2019\/09\/section-golden-tomato-winners-growing-cycle-200x200.jpg 200w, https:\/\/mutti-parma.com\/app\/uploads\/sites\/3\/2019\/09\/section-golden-tomato-winners-growing-cycle-500x500.jpg 500w, https:\/\/mutti-parma.com\/app\/uploads\/sites\/3\/2019\/09\/section-golden-tomato-winners-growing-cycle-768x768.jpg 768w, https:\/\/mutti-parma.com\/app\/uploads\/sites\/3\/2019\/09\/section-golden-tomato-winners-growing-cycle-1024x1024.jpg 1024w, https:\/\/mutti-parma.com\/app\/uploads\/sites\/3\/2019\/09\/section-golden-tomato-winners-growing-cycle-150x150.jpg 150w, https:\/\/mutti-parma.com\/app\/uploads\/sites\/3\/2019\/09\/section-golden-tomato-winners-growing-cycle-600x600.jpg 600w, https:\/\/mutti-parma.com\/app\/uploads\/sites\/3\/2019\/09\/section-golden-tomato-winners-growing-cycle-50x50.jpg 50w, https:\/\/mutti-parma.com\/app\/uploads\/sites\/3\/2019\/09\/section-golden-tomato-winners-growing-cycle-60x60.jpg 60w\" sizes=\"(max-width: 1472px) 100vw, 1472px\" \/><span aria-hidden=\"true\" class=\"wp-block-cover__background has-white-background-color has-background-dim-100 has-background-dim\"><\/span><div class=\"wp-block-cover__inner-container is-layout-flow wp-block-cover-is-layout-flow\">\n<p class=\"has-text-align-center has-primary-color has-text-color\">Acum ca i-a\u021bi cunoscut pe oamenii no\u0219tri, \u00een continuare:<\/p>\n\n\n\n<p class=\"has-text-align-center is-style-cursive has-xxl-font-size\"><a href=\"https:\/\/mutti-parma.com\/ro\/de-pe-camp-la-masa\/\">Citi\u021bi despre ciclul de cre\u0219tere<\/a><\/p>\n\n\n\n<p class=\"has-text-align-center has-primary-color has-text-color\">\u0219i afla\u021bi cum sunt cultivate \u0219i recoltate ro\u0219iile.<\/p>\n<\/div><\/div>\n","protected":false},"excerpt":{"rendered":"<p>O PASIUNE \u00ceMP\u0102RTASIT\u0102 PENTRU ROSII DE CALITATE \u00ceNALT\u0102 \u00cencerc\u0103m \u00een mod constant s\u0103 ne imbunatatim \u0219i s\u0103 oferim clien\u021bilor no\u0219tri cele mai bune ro\u0219ii. \u00cen acest scop, lucr\u0103m \u00eendeaproape cu produc\u0103torii no\u0219tri pentru a \u00eembun\u0103t\u0103\u021bi mereu tot ceea ce facem. Urm\u0103toarele principii ne ajut\u0103 s\u0103 atingem acest scop: Pret Un pre\u021b mai mare pentru o<\/p>\n","protected":false},"author":1,"featured_media":0,"parent":5,"menu_order":12,"comment_status":"closed","ping_status":"closed","template":"template-farmers.php","meta":{"_acf_changed":false,"_relevanssi_hide_post":"","_relevanssi_hide_content":"","_relevanssi_pin_for_all":"","_relevanssi_pin_keywords":"","_relevanssi_unpin_keywords":"","_relevanssi_related_keywords":"","_relevanssi_related_include_ids":"","_relevanssi_related_exclude_ids":"","_relevanssi_related_no_append":"","_relevanssi_related_not_related":"","_relevanssi_related_posts":"","_relevanssi_noindex_reason":"","footnotes":""},"class_list":["post-12","page","type-page","status-publish","hentry"],"acf":[],"_links":{"self":[{"href":"https:\/\/mutti-parma.com\/ro\/wp-json\/wp\/v2\/pages\/12","targetHints":{"allow":["GET"]}}],"collection":[{"href":"https:\/\/mutti-parma.com\/ro\/wp-json\/wp\/v2\/pages"}],"about":[{"href":"https:\/\/mutti-parma.com\/ro\/wp-json\/wp\/v2\/types\/page"}],"author":[{"embeddable":true,"href":"https:\/\/mutti-parma.com\/ro\/wp-json\/wp\/v2\/users\/1"}],"replies":[{"embeddable":true,"href":"https:\/\/mutti-parma.com\/ro\/wp-json\/wp\/v2\/comments?post=12"}],"version-history":[{"count":13,"href":"https:\/\/mutti-parma.com\/ro\/wp-json\/wp\/v2\/pages\/12\/revisions"}],"predecessor-version":[{"id":1480,"href":"https:\/\/mutti-parma.com\/ro\/wp-json\/wp\/v2\/pages\/12\/revisions\/1480"}],"up":[{"embeddable":true,"href":"https:\/\/mutti-parma.com\/ro\/wp-json\/wp\/v2\/pages\/5"}],"wp:attachment":[{"href":"https:\/\/mutti-parma.com\/ro\/wp-json\/wp\/v2\/media?parent=12"}],"curies":[{"name":"wp","href":"https:\/\/api.w.org\/{rel}","templated":true}]}}