{"id":13,"date":"2020-04-30T06:11:04","date_gmt":"2020-04-30T06:11:04","guid":{"rendered":"https:\/\/mutti-parma.com\/ro\/?page_id=13"},"modified":"2024-05-27T12:58:40","modified_gmt":"2024-05-27T12:58:40","slug":"un-tur-la-fabrica-mutti","status":"publish","type":"page","link":"https:\/\/mutti-parma.com\/ro\/de-pe-camp-pe-masa\/un-tur-la-fabrica-mutti\/","title":{"rendered":"Un tur la fabrica mutti"},"content":{"rendered":"\n<div class=\"wp-block-cover alignfull\"><span aria-hidden=\"true\" class=\"wp-block-cover__background has-pitchblack-background-color has-background-dim\"><\/span><img loading=\"lazy\" decoding=\"async\" class=\"wp-block-cover__image-background wp-image-300000155\" src=\"https:\/\/mutti-parma.com\/app\/uploads\/sites\/3\/2019\/09\/banner-tour-of-mutti-factory.jpg\" style=\"object-position:24% 45%\" data-object-fit=\"cover\" data-object-position=\"24% 45%\" data-spai-crop=\"false\" srcset=\"https:\/\/mutti-parma.com\/app\/uploads\/sites\/3\/2019\/09\/banner-tour-of-mutti-factory.jpg 1472w, https:\/\/mutti-parma.com\/app\/uploads\/sites\/3\/2019\/09\/banner-tour-of-mutti-factory-200x200.jpg 200w, https:\/\/mutti-parma.com\/app\/uploads\/sites\/3\/2019\/09\/banner-tour-of-mutti-factory-500x500.jpg 500w, https:\/\/mutti-parma.com\/app\/uploads\/sites\/3\/2019\/09\/banner-tour-of-mutti-factory-768x768.jpg 768w, https:\/\/mutti-parma.com\/app\/uploads\/sites\/3\/2019\/09\/banner-tour-of-mutti-factory-1024x1024.jpg 1024w, https:\/\/mutti-parma.com\/app\/uploads\/sites\/3\/2019\/09\/banner-tour-of-mutti-factory-150x150.jpg 150w, https:\/\/mutti-parma.com\/app\/uploads\/sites\/3\/2019\/09\/banner-tour-of-mutti-factory-600x600.jpg 600w, https:\/\/mutti-parma.com\/app\/uploads\/sites\/3\/2019\/09\/banner-tour-of-mutti-factory-50x50.jpg 50w, https:\/\/mutti-parma.com\/app\/uploads\/sites\/3\/2019\/09\/banner-tour-of-mutti-factory-60x60.jpg 60w\" sizes=\"(max-width: 1472px) 100vw, 1472px\" \/><div class=\"wp-block-cover__inner-container is-layout-flow wp-block-cover-is-layout-flow\"><div class=\"acf-breadcrumb my-4 md:my-8 text-center\">\n  <nav>\n  <ol class=\"list-none text-md\">\n                  <li class=\"inline\">\n                      <a class=\"text-inherit\" href=\"https:\/\/mutti-parma.com\/ro\/\">\n              Acasa\n            <\/a>\n                            <\/li>\n            <\/ol>\n<\/nav>\n<\/div>\n\n\n\n<h1 class=\"wp-block-heading has-text-align-center\"><strong>Un tur la fabrica mutti<\/strong><\/h1>\n\n\n\n<p class=\"has-text-align-center\">Ro\u0219iile au ajuns acum la maturitate deplin\u0103 \u00een condi\u021bii strict controlate, iar \u00een mai pu\u021bin de 24 de ore de la recoltare vor fi transformate \u00een produsele utilizate zilnic \u00een buc\u0103t\u0103riile din \u00eentreaga lume.<\/p>\n\n\n\n<p class=\"has-text-align-center is-style-cursive\">Sa incepem cu\u2026<\/p>\n<\/div><\/div>\n\n\n\n<div class=\"wp-block-media-text alignwide is-stacked-on-mobile has-media-below-on-mobile\"><figure class=\"wp-block-media-text__media\"><img loading=\"lazy\" decoding=\"async\" src=\"https:\/\/mutti-parma.com\/app\/uploads\/sites\/3\/2019\/09\/section-tour-quality-control-1024x1024.jpg\" alt=\"\" class=\"wp-image-30000026 size-full\" sizes=\"(max-width: 600px) 100vw, (min-width: 1440px) 792px,55vw\" data-spai-crop=\"false\" srcset=\"https:\/\/mutti-parma.com\/app\/uploads\/sites\/3\/2019\/09\/section-tour-quality-control-1024x1024.jpg 1024w, https:\/\/mutti-parma.com\/app\/uploads\/sites\/3\/2019\/09\/section-tour-quality-control-200x200.jpg 200w, https:\/\/mutti-parma.com\/app\/uploads\/sites\/3\/2019\/09\/section-tour-quality-control-500x500.jpg 500w, https:\/\/mutti-parma.com\/app\/uploads\/sites\/3\/2019\/09\/section-tour-quality-control-768x768.jpg 768w, https:\/\/mutti-parma.com\/app\/uploads\/sites\/3\/2019\/09\/section-tour-quality-control-150x150.jpg 150w, https:\/\/mutti-parma.com\/app\/uploads\/sites\/3\/2019\/09\/section-tour-quality-control-600x600.jpg 600w, https:\/\/mutti-parma.com\/app\/uploads\/sites\/3\/2019\/09\/section-tour-quality-control-50x50.jpg 50w, https:\/\/mutti-parma.com\/app\/uploads\/sites\/3\/2019\/09\/section-tour-quality-control-60x60.jpg 60w\" \/><\/figure><div class=\"wp-block-media-text__content\">\n<h2 class=\"wp-block-heading\"><strong>Control de calitate<\/strong><\/h2>\n\n\n\n<p class=\"is-style-cursive has-xxl-font-size\">Doar cele mai bune ro\u0219ii ajung la fabrica noastr\u0103.<\/p>\n\n\n\n<p>Fiecare lot este examinat astfel \u00eenc\u00e2t s\u0103 putem, la r\u00e2ndul nostru, \u00eendeplini standardele de \u00eenalt\u0103 calitate ale buc\u0103t\u0103riei dumneavoastr\u0103. Con\u021binutul de zah\u0103r, aciditatea \u0219i culoarea sunt m\u0103surate cu aten\u021bie. Fructele crapate, fragile, zdrobite, fara culoare sau pietroase sunt luate din produc\u021bie \u0219i utilizate \u00een alte moduri. Doar ro\u0219iile care \u00eendeplinesc toate cerin\u021bele noastre stricte intr\u0103 \u00een produsele noastre finite.<\/p>\n<\/div><\/div>\n\n\n\n<div class=\"wp-block-media-text alignwide has-media-on-the-right is-stacked-on-mobile\" style=\"grid-template-columns:auto 57%\"><div class=\"wp-block-media-text__content\">\n<h2 class=\"wp-block-heading\"><strong>Sosirea la fabric\u0103<\/strong><br><\/h2>\n\n\n\n<p class=\"is-style-cursive has-xxl-font-size\">Apoi se spal\u0103 \u0219i se verific\u0103 din nou.<\/p>\n\n\n\n<p>Dup\u0103 ce un lot a trecut de inspec\u021bie, ro\u0219iile sunt plasate \u00een recipiente \u0219i sp\u0103late cu jeturi de ap\u0103 cu grija pentru a preveni deteriorarea. Fiecare lot este apoi reverificat cu un sistem de raze laser \u0219i camere de filmat, iar orice fruct lovit sau stricat este respins. Apa este aliatul nostru pre\u021bios \u0219i nu vrem s\u0103 o irosim. Ne monitoriz\u0103m consumul de ap\u0103 \u0219i \u00eembun\u0103t\u0103\u021bim continuu modul de utilizare a apei. Reducerea consumului de ap\u0103 din fabric\u0103 nu este suficient\u0103. De fapt, 80% din apa pe care o folosim merge spre c\u00e2mpuri.<\/p>\n<\/div><figure class=\"wp-block-media-text__media\"><img loading=\"lazy\" decoding=\"async\" src=\"https:\/\/mutti-parma.com\/app\/uploads\/sites\/3\/2019\/09\/section-tour-arrival-at-the-factory-1024x683.jpg\" alt=\"\" class=\"wp-image-30000028 size-full\" sizes=\"(max-width: 600px) 100vw, (min-width: 1440px) 821px,57vw\" data-spai-crop=\"false\" srcset=\"https:\/\/mutti-parma.com\/app\/uploads\/sites\/3\/2019\/09\/section-tour-arrival-at-the-factory-1024x683.jpg 1024w, https:\/\/mutti-parma.com\/app\/uploads\/sites\/3\/2019\/09\/section-tour-arrival-at-the-factory-200x133.jpg 200w, https:\/\/mutti-parma.com\/app\/uploads\/sites\/3\/2019\/09\/section-tour-arrival-at-the-factory-500x334.jpg 500w, https:\/\/mutti-parma.com\/app\/uploads\/sites\/3\/2019\/09\/section-tour-arrival-at-the-factory-768x513.jpg 768w, https:\/\/mutti-parma.com\/app\/uploads\/sites\/3\/2019\/09\/section-tour-arrival-at-the-factory-150x100.jpg 150w, https:\/\/mutti-parma.com\/app\/uploads\/sites\/3\/2019\/09\/section-tour-arrival-at-the-factory-600x400.jpg 600w\" \/><\/figure><\/div>\n\n\n\n<div class=\"wp-block-media-text alignwide is-stacked-on-mobile\" style=\"grid-template-columns:57% auto\"><figure class=\"wp-block-media-text__media\"><img loading=\"lazy\" decoding=\"async\" src=\"https:\/\/mutti-parma.com\/app\/uploads\/sites\/3\/2019\/09\/section-tour-storage-1024x683.jpg\" alt=\"\" class=\"wp-image-30000025 size-full\" sizes=\"(max-width: 600px) 100vw, (min-width: 1440px) 821px,57vw\" data-spai-crop=\"false\" srcset=\"https:\/\/mutti-parma.com\/app\/uploads\/sites\/3\/2019\/09\/section-tour-storage-1024x683.jpg 1024w, https:\/\/mutti-parma.com\/app\/uploads\/sites\/3\/2019\/09\/section-tour-storage-200x133.jpg 200w, https:\/\/mutti-parma.com\/app\/uploads\/sites\/3\/2019\/09\/section-tour-storage-500x333.jpg 500w, https:\/\/mutti-parma.com\/app\/uploads\/sites\/3\/2019\/09\/section-tour-storage-768x512.jpg 768w, https:\/\/mutti-parma.com\/app\/uploads\/sites\/3\/2019\/09\/section-tour-storage-150x100.jpg 150w, https:\/\/mutti-parma.com\/app\/uploads\/sites\/3\/2019\/09\/section-tour-storage-600x400.jpg 600w\" \/><\/figure><div class=\"wp-block-media-text__content\">\n<h2 class=\"wp-block-heading\"><strong>Depozitare<\/strong><\/h2>\n\n\n\n<p class=\"is-style-cursive has-xxl-font-size\">Dup\u0103 care sunt a\u0219ezate \u00een containerele cu ro\u0219ii.<\/p>\n\n\n\n<p>\u00cen etapa urm\u0103toare a lan\u021bului de produc\u021bie, ro\u0219iile sunt transferate \u00een cuve de depozitare, unde sunt sp\u0103late pentru a sc\u0103pa de ultimele impurit\u0103\u021bi. Acest lucru garanteaza faptul c\u0103 fructul r\u0103m\u00e2ne proasp\u0103t \u0219i ferit de fermenta\u021bie. Dup\u0103 aceasta, rosiile sunt \u00een sf\u00e2r\u0219it gata pentru produc\u021bia propriu-zisa.<\/p>\n<\/div><\/div>\n\n\n\n<div class=\"wp-block-media-text alignwide has-media-on-the-right is-stacked-on-mobile\" style=\"grid-template-columns:auto 56%\"><div class=\"wp-block-media-text__content\">\n<h2 class=\"wp-block-heading\"><strong>Produc\u021bia<\/strong><\/h2>\n\n\n\n<p class=\"is-style-cursive has-xxl-font-size\">Un ultim control \u00eenainte de \u00eenceperea produc\u021biei.<\/p>\n\n\n\n<p>Inspira\u021bi de grija deosebit\u0103 acordat\u0103 tradi\u021biilor alimentare italiene, ro\u0219iile sunt verificate pentru a treia oar\u0103 pe banda rulant\u0103. Dup\u0103 aceasta, rosiile sunt direc\u021bionate c\u0103tre diverse linii de produc\u021bie unde sunt prelucrate \u00eentr-o gam\u0103 de produse Mutti de calitate. Dup\u0103 cum s-a men\u021bionat, fiecare soi de ro\u0219ii are propriile sale caracteristici, motiv pentru care sunt destinate utiliz\u0103rii \u00een produse specifice care eviden\u021biaz\u0103 esen\u021ba lor natural\u0103 \u00een cel mai bun mod posibil.<\/p>\n<\/div><figure class=\"wp-block-media-text__media\"><img loading=\"lazy\" decoding=\"async\" src=\"https:\/\/mutti-parma.com\/app\/uploads\/sites\/3\/2019\/09\/section-tour-production-1024x684.jpg\" alt=\"\" class=\"wp-image-30000027 size-full\" sizes=\"(max-width: 600px) 100vw, (min-width: 1440px) 806px,56vw\" data-spai-crop=\"false\" srcset=\"https:\/\/mutti-parma.com\/app\/uploads\/sites\/3\/2019\/09\/section-tour-production-1024x684.jpg 1024w, https:\/\/mutti-parma.com\/app\/uploads\/sites\/3\/2019\/09\/section-tour-production-200x134.jpg 200w, https:\/\/mutti-parma.com\/app\/uploads\/sites\/3\/2019\/09\/section-tour-production-500x334.jpg 500w, https:\/\/mutti-parma.com\/app\/uploads\/sites\/3\/2019\/09\/section-tour-production-768x513.jpg 768w, https:\/\/mutti-parma.com\/app\/uploads\/sites\/3\/2019\/09\/section-tour-production-150x100.jpg 150w, https:\/\/mutti-parma.com\/app\/uploads\/sites\/3\/2019\/09\/section-tour-production-600x401.jpg 600w\" \/><\/figure><\/div>\n\n\n\n<p class=\"has-text-align-center is-style-cursive has-xxl-font-size\">Citeste mai mult<\/p>\n\n\n\n<h2 class=\"wp-block-heading has-text-align-center\">Modul \u00een care sunt fabricate produsele noastre esen\u021biale.<\/h2>\n\n\n<div class=\"acf-product-listing is-style-slideshow alignwide\" data-vue-wrapper>\n      <slideshow :slides-per-view=\"5\" :slides-per-view-lg=\"4\" :slides-per-view-sm=\"1\" :slides-per-view-md=\"3\" :navigation=\"true\" class=\"mx-8 lg:-mx-12\" name=\"Products\">\n              <div class=\"swiper-slide\">\n          <div class=\"text-center hover:lift-img mx-auto max-w-28\">\n      <a href=\"https:\/\/mutti-parma.com\/ro\/produse-mutti\/polpa\/\" class=\"block\">\n            <div class=\"responsive-embed is-contain\" style=\"padding-bottom: 188.23529411765%;\"><img decoding=\"async\" width=\"1200\" height=\"1820\" src=\"https:\/\/mutti-parma.com\/app\/uploads\/sites\/3\/2019\/09\/polpa-400g-hires.png\" class=\"inline-block mt-2 wp-image-300000186\" alt=\"polpa finely chopped tomatoes\" sizes=\"auto, 126px\" data-spai-crop=\"false\" srcset=\"https:\/\/mutti-parma.com\/app\/uploads\/sites\/3\/2019\/09\/polpa-400g-hires.png 1200w, https:\/\/mutti-parma.com\/app\/uploads\/sites\/3\/2019\/09\/polpa-400g-hires-132x200.png 132w, https:\/\/mutti-parma.com\/app\/uploads\/sites\/3\/2019\/09\/polpa-400g-hires-330x500.png 330w, https:\/\/mutti-parma.com\/app\/uploads\/sites\/3\/2019\/09\/polpa-400g-hires-768x1165.png 768w, https:\/\/mutti-parma.com\/app\/uploads\/sites\/3\/2019\/09\/polpa-400g-hires-675x1024.png 675w, https:\/\/mutti-parma.com\/app\/uploads\/sites\/3\/2019\/09\/polpa-400g-hires-150x228.png 150w, https:\/\/mutti-parma.com\/app\/uploads\/sites\/3\/2019\/09\/polpa-400g-hires-600x910.png 600w\" loading=\"lazy\" \/><\/div>\n    <\/a>\n  \n  <a class=\"block underline mb-2 mt-2\" href=\"https:\/\/mutti-parma.com\/ro\/produse-mutti\/polpa\/\">\n    <h3 class=\"h4\">Polpa<\/h3>\n  <\/a>\n\n      <a class=\"block hover:no-underline text-inherit\" href=\"https:\/\/mutti-parma.com\/ro\/produse-mutti\/polpa\/\">\n      Ro\u0219ii taiate m\u0103runt\n    <\/a>\n  <\/div>\n        <\/div>\n              <div class=\"swiper-slide\">\n          <div class=\"text-center hover:lift-img mx-auto max-w-28\">\n      <a href=\"https:\/\/mutti-parma.com\/ro\/produse-mutti\/passata\/\" class=\"block\">\n            <div class=\"responsive-embed is-contain\" style=\"padding-bottom: 188.23529411765%;\"><img decoding=\"async\" width=\"853\" height=\"2560\" src=\"https:\/\/mutti-parma.com\/app\/uploads\/sites\/28\/2020\/10\/63180-passata-uk-png-red-lid-scaled.png\" class=\"inline-block mt-2 wp-image-1322\" alt=\"Passata\" sizes=\"auto, 126px\" data-spai-crop=\"false\" title=\"Passata\" srcset=\"https:\/\/mutti-parma.com\/app\/uploads\/sites\/28\/2020\/10\/63180-passata-uk-png-red-lid-scaled.png 853w, https:\/\/mutti-parma.com\/app\/uploads\/sites\/28\/2020\/10\/63180-passata-uk-png-red-lid-167x500.png 167w, https:\/\/mutti-parma.com\/app\/uploads\/sites\/28\/2020\/10\/63180-passata-uk-png-red-lid-341x1024.png 341w, https:\/\/mutti-parma.com\/app\/uploads\/sites\/28\/2020\/10\/63180-passata-uk-png-red-lid-67x200.png 67w, https:\/\/mutti-parma.com\/app\/uploads\/sites\/28\/2020\/10\/63180-passata-uk-png-red-lid-768x2304.png 768w, https:\/\/mutti-parma.com\/app\/uploads\/sites\/28\/2020\/10\/63180-passata-uk-png-red-lid-150x450.png 150w, https:\/\/mutti-parma.com\/app\/uploads\/sites\/28\/2020\/10\/63180-passata-uk-png-red-lid-600x1800.png 600w, https:\/\/mutti-parma.com\/app\/uploads\/sites\/28\/2020\/10\/63180-passata-uk-png-red-lid-512x1536.png 512w\" loading=\"lazy\" \/><\/div>\n    <\/a>\n  \n  <a class=\"block underline mb-2 mt-2\" href=\"https:\/\/mutti-parma.com\/ro\/produse-mutti\/passata\/\">\n    <h3 class=\"h4\">Passata<\/h3>\n  <\/a>\n\n      <a class=\"block hover:no-underline text-inherit\" href=\"https:\/\/mutti-parma.com\/ro\/produse-mutti\/passata\/\">\n      Piure de rosii\n    <\/a>\n  <\/div>\n        <\/div>\n              <div class=\"swiper-slide\">\n          <div class=\"text-center hover:lift-img mx-auto max-w-28\">\n      <a href=\"https:\/\/mutti-parma.com\/ro\/produse-mutti\/pelati\/\" class=\"block\">\n            <div class=\"responsive-embed is-contain\" style=\"padding-bottom: 188.23529411765%;\"><img decoding=\"async\" width=\"1200\" height=\"1820\" src=\"https:\/\/mutti-parma.com\/app\/uploads\/sites\/3\/2019\/09\/pelati-400g-hires.png\" class=\"inline-block mt-2 wp-image-300000203\" alt=\"peeled tomatoes 400g\" sizes=\"auto, 126px\" data-spai-crop=\"false\" srcset=\"https:\/\/mutti-parma.com\/app\/uploads\/sites\/3\/2019\/09\/pelati-400g-hires.png 1200w, https:\/\/mutti-parma.com\/app\/uploads\/sites\/3\/2019\/09\/pelati-400g-hires-132x200.png 132w, https:\/\/mutti-parma.com\/app\/uploads\/sites\/3\/2019\/09\/pelati-400g-hires-330x500.png 330w, https:\/\/mutti-parma.com\/app\/uploads\/sites\/3\/2019\/09\/pelati-400g-hires-768x1165.png 768w, https:\/\/mutti-parma.com\/app\/uploads\/sites\/3\/2019\/09\/pelati-400g-hires-675x1024.png 675w, https:\/\/mutti-parma.com\/app\/uploads\/sites\/3\/2019\/09\/pelati-400g-hires-150x228.png 150w, https:\/\/mutti-parma.com\/app\/uploads\/sites\/3\/2019\/09\/pelati-400g-hires-600x910.png 600w\" loading=\"lazy\" \/><\/div>\n    <\/a>\n  \n  <a class=\"block underline mb-2 mt-2\" href=\"https:\/\/mutti-parma.com\/ro\/produse-mutti\/pelati\/\">\n    <h3 class=\"h4\">Pelati<\/h3>\n  <\/a>\n\n      <a class=\"block hover:no-underline text-inherit\" href=\"https:\/\/mutti-parma.com\/ro\/produse-mutti\/pelati\/\">\n      Rosii decojite\n    <\/a>\n  <\/div>\n        <\/div>\n              <div class=\"swiper-slide\">\n          <div class=\"text-center hover:lift-img mx-auto max-w-28\">\n      <a href=\"https:\/\/mutti-parma.com\/ro\/produse-mutti\/concentrat-dublu\/\" class=\"block\">\n            <div class=\"responsive-embed is-contain\" style=\"padding-bottom: 188.23529411765%;\"><img decoding=\"async\" width=\"775\" height=\"2400\" src=\"https:\/\/mutti-parma.com\/app\/uploads\/sites\/3\/2019\/09\/dubble-concentrato-200g-hires.png\" class=\"inline-block mt-2 wp-image-300000180\" alt=\"double concentrated tomato paste\" sizes=\"auto, 126px\" data-spai-crop=\"false\" srcset=\"https:\/\/mutti-parma.com\/app\/uploads\/sites\/3\/2019\/09\/dubble-concentrato-200g-hires.png 775w, https:\/\/mutti-parma.com\/app\/uploads\/sites\/3\/2019\/09\/dubble-concentrato-200g-hires-65x200.png 65w, https:\/\/mutti-parma.com\/app\/uploads\/sites\/3\/2019\/09\/dubble-concentrato-200g-hires-768x2378.png 768w, https:\/\/mutti-parma.com\/app\/uploads\/sites\/3\/2019\/09\/dubble-concentrato-200g-hires-331x1024.png 331w, https:\/\/mutti-parma.com\/app\/uploads\/sites\/3\/2019\/09\/dubble-concentrato-200g-hires-150x464.png 150w, https:\/\/mutti-parma.com\/app\/uploads\/sites\/3\/2019\/09\/dubble-concentrato-200g-hires-600x1858.png 600w\" loading=\"lazy\" \/><\/div>\n    <\/a>\n  \n  <a class=\"block underline mb-2 mt-2\" href=\"https:\/\/mutti-parma.com\/ro\/produse-mutti\/concentrat-dublu\/\">\n    <h3 class=\"h4\">Concentrat dublu<\/h3>\n  <\/a>\n\n      <a class=\"block hover:no-underline text-inherit\" href=\"https:\/\/mutti-parma.com\/ro\/produse-mutti\/concentrat-dublu\/\">\n      Paste de rosii\n    <\/a>\n  <\/div>\n        <\/div>\n          <\/slideshow>\n  <\/div>\n\n\n","protected":false},"excerpt":{"rendered":"<p>Control de calitate Doar cele mai bune ro\u0219ii ajung la fabrica noastr\u0103. Fiecare lot este examinat astfel \u00eenc\u00e2t s\u0103 putem, la r\u00e2ndul nostru, \u00eendeplini standardele de \u00eenalt\u0103 calitate ale buc\u0103t\u0103riei dumneavoastr\u0103. Con\u021binutul de zah\u0103r, aciditatea \u0219i culoarea sunt m\u0103surate cu aten\u021bie. Fructele crapate, fragile, zdrobite, fara culoare sau pietroase sunt luate din produc\u021bie \u0219i utilizate<\/p>\n","protected":false},"author":1,"featured_media":0,"parent":5,"menu_order":13,"comment_status":"closed","ping_status":"closed","template":"template-factory-tour.php","meta":{"_acf_changed":false,"_relevanssi_hide_post":"","_relevanssi_hide_content":"","_relevanssi_pin_for_all":"","_relevanssi_pin_keywords":"","_relevanssi_unpin_keywords":"","_relevanssi_related_keywords":"","_relevanssi_related_include_ids":"","_relevanssi_related_exclude_ids":"","_relevanssi_related_no_append":"","_relevanssi_related_not_related":"","_relevanssi_related_posts":"","_relevanssi_noindex_reason":"","footnotes":""},"class_list":["post-13","page","type-page","status-publish","hentry"],"acf":[],"_links":{"self":[{"href":"https:\/\/mutti-parma.com\/ro\/wp-json\/wp\/v2\/pages\/13","targetHints":{"allow":["GET"]}}],"collection":[{"href":"https:\/\/mutti-parma.com\/ro\/wp-json\/wp\/v2\/pages"}],"about":[{"href":"https:\/\/mutti-parma.com\/ro\/wp-json\/wp\/v2\/types\/page"}],"author":[{"embeddable":true,"href":"https:\/\/mutti-parma.com\/ro\/wp-json\/wp\/v2\/users\/1"}],"replies":[{"embeddable":true,"href":"https:\/\/mutti-parma.com\/ro\/wp-json\/wp\/v2\/comments?post=13"}],"version-history":[{"count":10,"href":"https:\/\/mutti-parma.com\/ro\/wp-json\/wp\/v2\/pages\/13\/revisions"}],"predecessor-version":[{"id":914,"href":"https:\/\/mutti-parma.com\/ro\/wp-json\/wp\/v2\/pages\/13\/revisions\/914"}],"up":[{"embeddable":true,"href":"https:\/\/mutti-parma.com\/ro\/wp-json\/wp\/v2\/pages\/5"}],"wp:attachment":[{"href":"https:\/\/mutti-parma.com\/ro\/wp-json\/wp\/v2\/media?parent=13"}],"curies":[{"name":"wp","href":"https:\/\/api.w.org\/{rel}","templated":true}]}}