{"id":806,"date":"2022-11-18T07:27:26","date_gmt":"2022-11-18T07:27:26","guid":{"rendered":"https:\/\/mutti-parma.com\/ro\/?page_id=806"},"modified":"2025-12-03T17:10:02","modified_gmt":"2025-12-03T17:10:02","slug":"pomodorino-doro-tomata-de-aur","status":"publish","type":"page","link":"https:\/\/mutti-parma.com\/ro\/de-pe-camp-pe-masa\/pomodorino-doro-tomata-de-aur\/","title":{"rendered":"Pomodorino d&#8217;Oro (Tomata de Aur)"},"content":{"rendered":"\n<figure class=\"wp-block-image alignfull mt-0\"><img loading=\"lazy\" decoding=\"async\" src=\"https:\/\/mutti-parma.com\/app\/uploads\/2021\/01\/1-banner-desktop.jpg\" alt=\"\" class=\"wp-image-6325\" \/><\/figure>\n\n\n\n<div class=\"wp-block-group alignwide is-layout-flow wp-block-group-is-layout-flow\">\n<h1 class=\"wp-block-heading has-text-align-center\">UN CERC VIRTUOS<\/h1>\n\n\n\n<h2 class=\"wp-block-heading has-text-align-center is-style-cursive\">Pomodorino d\u2019Oro (Tomata de Aur), mai mult dec\u00e2t un premiu<\/h2>\n\n\n\n<p>Creat \u00een anul 2000, Il Pomodorino d&#8217;Oro (Tomata de Aur) este un premiu \u00een bani pe care \u00eel atribuim \u00een fiecare an celor mai buni fermieri ai no\u0219tri pentru calitatea ro\u0219iilor pe care le cultiv\u0103: un produs 100% italian, atent controlat de la semin\u021be la fruct.<\/p>\n\n\n\n<p>\u00cen ultimii 26 de ani am premiat peste 800 de fermieri cu o sum\u0103 pe care s-o investeasc\u0103 pentru a-\u0219i \u00eembun\u0103t\u0103\u021bi activitatea. \u00cen acest fel am creat un cerc virtuos care ne permite s\u0103 punem pe masa consumatorilor no\u0219tri un produs de calitate superioar\u0103 \u0219i gust unic.<\/p>\n<\/div>\n\n\n\n<figure class=\"wp-block-video alignwide\"><video\n  controls\n  \n  \n  \n  \n  loading=\"lazy\"\n  \n  \n  \n\n  \n  >\n            <source src=\"https:\/\/cdn.mutti-parma.com\/app\/uploads\/sites\/28\/2022\/11\/mutti-new-main-subeng-20211116.mp4\" type=\"video\/mp4\">\n      <\/video>\n\n<\/figure>\n\n\n\n<div class=\"wp-block-media-text alignwide is-stacked-on-mobile\"><figure class=\"wp-block-media-text__media\"><img loading=\"lazy\" decoding=\"async\" src=\"https:\/\/mutti-parma.com\/app\/uploads\/2021\/01\/3-img.jpg\" alt=\"\" class=\"wp-image-6332 size-full\" sizes=\"(max-width: 600px) 100vw, (min-width: 1440px) 792px,55vw\" data-spai-crop=\"false\" \/><\/figure><div class=\"wp-block-media-text__content\">\n<h2 class=\"wp-block-heading\">ANGAJAMENTUL NOSTRU PENTRU CALITATE<\/h2>\n\n\n\n<p>Pomodorino d\u2019Oro (Tomata de Aur) este suma alegerilor responsabile \u0219i ac\u021biunilor concrete pe care le implement\u0103m \u00een fiecare zi. Alegeri care implic\u0103 toate nivelurile lan\u021bului de aprovizionare \u0219i care vizeaz\u0103 valorificarea teritoriului respect\u00e2nd p\u0103m\u00e2ntul \u0219i oamenii. Obiectivul este de a crea un raport de colaborare constant\u0103 cu fermierii pentru \u00eembun\u0103t\u0103\u021birea continu\u0103 a produselor pe care le oferim. Pentru c\u0103 Pomodorino d\u2019Oro (Tomata de Aur) este cel mai concret simbol al angajamentului nostru, iar angajamentul este m\u0103sura calit\u0103\u021bii Mutti.<\/p>\n<\/div><\/div>\n\n\n\n<div class=\"wp-block-group alignwide is-layout-flow wp-block-group-is-layout-flow\">\n<div class=\"wp-block-group alignwide is-layout-flow wp-block-group-is-layout-flow\">\n<h2 class=\"wp-block-heading has-text-align-center\">C\u00e2\u0219tig\u0103torii din 2025<\/h2>\n\n\n\n<h2 class=\"wp-block-heading has-text-align-center is-style-cursive\">A 26-a edi\u021bie<\/h2>\n\n\n\n<p class=\"has-text-align-center\">Premiul Pomodorino d&#8217;Oro (Tomata de Aur) reflect\u0103 unul dintre principiile noastre fundamentale: fiecare soi de ro\u0219ii necesit\u0103 propriul tip de sol. Din acest motiv, \u00een fiecare an recompens\u0103m peste 60 de fermieri din nordul \u0219i sudul Italiei, f\u0103c\u00e2nd distinc\u021bia \u00eentre cele trei soiuri de ro\u0219ii tipice fiec\u0103rui teritoriu. Descoper\u0103 primii trei clasa\u021bi ai acestei edi\u021bii.<\/p>\n<\/div>\n\n\n\n<div class=\"wp-block-group sm:mx-32 lg:mx-48 is-content-justification-center is-nowrap is-layout-flex wp-container-core-group-is-layout-46403f35 wp-block-group-is-layout-flex\">\n<figure class=\"wp-block-image size-full is-style-default -mx-8 mb-0\"><img loading=\"lazy\" decoding=\"async\" src=\"https:\/\/mutti-parma.com\/app\/uploads\/2024\/04\/pomodorino-doro-tondo.png\" alt=\"\" class=\"wp-image-9945\" style=\"aspect-ratio:0.9003690036900369;object-fit:cover\" \/><\/figure>\n\n\n\n<figure class=\"wp-block-image size-full -mx-8 mb-0\"><img loading=\"lazy\" decoding=\"async\" src=\"https:\/\/mutti-parma.com\/app\/uploads\/2024\/04\/pomodorino-doro-lungo.png\" alt=\"\" class=\"wp-image-9944\" \/><\/figure>\n\n\n\n<figure class=\"wp-block-image size-full -mx-8 mb-0\"><img loading=\"lazy\" decoding=\"async\" src=\"https:\/\/mutti-parma.com\/app\/uploads\/2024\/04\/pomodorino-doro-ciliegino.png\" alt=\"\" class=\"wp-image-9942\" \/><\/figure>\n\n\n\n<figure class=\"wp-block-image size-full -mx-8 mb-0\"><img loading=\"lazy\" decoding=\"async\" src=\"https:\/\/mutti-parma.com\/app\/uploads\/2024\/04\/pomodorino-doro-datterino-1.png\" alt=\"\" class=\"wp-image-9946\" \/><\/figure>\n<\/div>\n\n\n<div class=\"acf-custom-slideshow is-style-plain wp-block-embed is-type-video wp-embed-aspect-1-1 alignwide\" data-vue-wrapper>\n  <tab-slideshow\n    name=\"Custom Slideshow\"\n    :tabs='[\"Tondo di Parma Tomato\",\"Plum Tomato\",\"Cherry Tomato\",\"Baby Roma Tomato\"]'\n    :tabs-above=\"true\"\n    :navigation=\"false\"\n    :pagination=\"true\"\n    :append-navigation=\"true\"\n    :hide-navigation-mobile=\"true\"\n    :options='{\"autoHeight\":false}'\n    navigation-class=\"\"\n    :slideshow-classes='{\"wrapper\":\"text-white py-12 md:py-32 md:pb-16 md:px-16 has-background\",\"navigationNextButton\":\"fa-solid fa-chevron-right text-primary text-2xl lg:text-4xl mr-10 md:mt-16 hidden md:block\",\"navigationPrevButton\":\"fa-solid fa-chevron-left text-primary text-2xl lg:text-4xl ml-10 md:mt-16 hidden md:block\"}'\n          slideshow-background=\"https:\/\/mutti-parma.com\/app\/uploads\/sites\/3\/2021\/10\/5-video-gallery-bkg.jpeg\"\n      >\n          <div class=\"swiper-slide \">\n        <div class=\"flex flex-wrap align-stretch\">\n          <div class=\"flex-1 p-4 md:p-8 lg:pl-16 text-center md:text-left\">\n                          <h2>Luca Zavaroni<\/h2>\n<p class=\"has-xxl-font-size is-style-cursive\">\u201ePentru noi to\u021bi, a produce ro\u0219ii de calitate \u00eenseamn\u0103 s\u0103 ne str\u0103duim \u00een fiecare an s\u0103 depunem tot efortul \u0219i energia noastr\u0103 \u2013 mai ales atunci c\u00e2nd livr\u0103m c\u0103tre industrie.\u201d<\/p>\n\n                      <\/div>\n\n                      <div\n              class=\"\n                w-full md:w-1\/2\n                order-first\n                \n                flex justify-center md:justify-end\n                content-center lg:content-start\n              \"\n                          >\n              \n                              <div class=\"wp-block-embed is-type-video wp-embed-aspect-16-9 wp-has-aspect-ratio w-full self-center\">\n                  <div class=\"wp-block-embed__wrapper\">\n                    <iframe loading=\"lazy\" loading=\"lazy\" title=\"2025 Winner for Round Tomato - Luca Zavaroni\" width=\"500\" height=\"281\" data-cookieconsent=\"marketing\" data-src=\"\/\/www.youtube-nocookie.com\/embed\/zPFkN_Qa3x0?rel=0&#038;modestbranding=1&#038;enablejsapi=1&#038;feature=oembed&#038;width=500&#038;height=750\" frameborder=\"0\" allow=\"accelerometer; autoplay; clipboard-write; encrypted-media; gyroscope; picture-in-picture; web-share\" referrerpolicy=\"strict-origin-when-cross-origin\" allowfullscreen><\/iframe><div class=\"cookieconsent-embed-approval\">\n  <p>To watch this video you need to approve marketing cookies so we can use YouTube.<\/p>\n  <button class=\"btn btn-renew-cookie-consent\">\n    Manage Settings\n  <\/button>\n<\/div>\n<div class=\"cookieconsent-embed-approval\">\n  <p>To watch this video you need to approve marketing cookies so we can use YouTube.<\/p>\n  <button class=\"btn btn-renew-cookie-consent\">\n    Manage Settings\n  <\/button>\n<\/div>\n\n                  <\/div>\n                <\/div>\n                          <\/div>\n                  <\/div>\n      <\/div>\n          <div class=\"swiper-slide \">\n        <div class=\"flex flex-wrap align-stretch\">\n          <div class=\"flex-1 p-4 md:p-8 lg:pl-16 text-center md:text-left\">\n                          <h2>Michele Borrelli<\/h2>\n<p class=\"has-xxl-font-size is-style-cursive\">\u201e\u00cemi pas\u0103 foarte mult de recolt\u0103, pentru c\u0103 atunci c\u00e2nd cultivi un produs bun \u0219i vine momentul recolt\u0103rii, sim\u021bi toat\u0103 satisfac\u021bia pe care o poate avea un cultivator.\u201d<\/p>\n\n                      <\/div>\n\n                      <div\n              class=\"\n                w-full md:w-1\/2\n                order-first\n                \n                flex justify-center md:justify-end\n                content-center lg:content-start\n              \"\n                          >\n              \n                              <div class=\"wp-block-embed is-type-video wp-embed-aspect-16-9 wp-has-aspect-ratio w-full self-center\">\n                  <div class=\"wp-block-embed__wrapper\">\n                    <iframe loading=\"lazy\" loading=\"lazy\" title=\"2025 Winner for Plum Tomato - Michele Borrelli\" width=\"500\" height=\"281\" data-cookieconsent=\"marketing\" data-src=\"\/\/www.youtube-nocookie.com\/embed\/MSgYe0SFxK8?rel=0&#038;modestbranding=1&#038;enablejsapi=1&#038;feature=oembed&#038;width=500&#038;height=750\" frameborder=\"0\" allow=\"accelerometer; autoplay; clipboard-write; encrypted-media; gyroscope; picture-in-picture; web-share\" referrerpolicy=\"strict-origin-when-cross-origin\" allowfullscreen><\/iframe><div class=\"cookieconsent-embed-approval\">\n  <p>To watch this video you need to approve marketing cookies so we can use YouTube.<\/p>\n  <button class=\"btn btn-renew-cookie-consent\">\n    Manage Settings\n  <\/button>\n<\/div>\n<div class=\"cookieconsent-embed-approval\">\n  <p>To watch this video you need to approve marketing cookies so we can use YouTube.<\/p>\n  <button class=\"btn btn-renew-cookie-consent\">\n    Manage Settings\n  <\/button>\n<\/div>\n\n                  <\/div>\n                <\/div>\n                          <\/div>\n                  <\/div>\n      <\/div>\n          <div class=\"swiper-slide \">\n        <div class=\"flex flex-wrap align-stretch\">\n          <div class=\"flex-1 p-4 md:p-8 lg:pl-16 text-center md:text-left\">\n                          <h2>Alfonso Fantasia<\/h2>\n<p class=\"has-xxl-font-size is-style-cursive\">\u201eA avea valori puternice este ceea ce mi-a permis s\u0103 lucrez cu Mutti. O ro\u0219ie de calitate este s\u0103n\u0103toas\u0103, ro\u0219ie \u0219i, mai presus de toate, cultivat\u0103 cu respect pentru practicile corecte de irigare \u0219i pentru impactul asupra mediului.\u201d<\/p>\n\n                      <\/div>\n\n                      <div\n              class=\"\n                w-full md:w-1\/2\n                order-first\n                \n                flex justify-center md:justify-end\n                content-center lg:content-start\n              \"\n                          >\n              \n                              <div class=\"wp-block-embed is-type-video wp-embed-aspect-16-9 wp-has-aspect-ratio w-full self-center\">\n                  <div class=\"wp-block-embed__wrapper\">\n                    <iframe loading=\"lazy\" loading=\"lazy\" title=\"2025 Winner for Cherry Tomato - Alfonso Fantasia\" width=\"500\" height=\"281\" data-cookieconsent=\"marketing\" data-src=\"\/\/www.youtube-nocookie.com\/embed\/H3Ah7vvzfok?rel=0&#038;modestbranding=1&#038;enablejsapi=1&#038;feature=oembed&#038;width=500&#038;height=750\" frameborder=\"0\" allow=\"accelerometer; autoplay; clipboard-write; encrypted-media; gyroscope; picture-in-picture; web-share\" referrerpolicy=\"strict-origin-when-cross-origin\" allowfullscreen><\/iframe><div class=\"cookieconsent-embed-approval\">\n  <p>To watch this video you need to approve marketing cookies so we can use YouTube.<\/p>\n  <button class=\"btn btn-renew-cookie-consent\">\n    Manage Settings\n  <\/button>\n<\/div>\n<div class=\"cookieconsent-embed-approval\">\n  <p>To watch this video you need to approve marketing cookies so we can use YouTube.<\/p>\n  <button class=\"btn btn-renew-cookie-consent\">\n    Manage Settings\n  <\/button>\n<\/div>\n\n                  <\/div>\n                <\/div>\n                          <\/div>\n                  <\/div>\n      <\/div>\n          <div class=\"swiper-slide \">\n        <div class=\"flex flex-wrap align-stretch\">\n          <div class=\"flex-1 p-4 md:p-8 lg:pl-16 text-center md:text-left\">\n                          <h2>gabriele \u0219i marco Costa<\/h2>\n<p class=\"has-xxl-font-size is-style-cursive\">\u201eG\u00e2ndul c\u0103 mergi pe un alt continent \u0219i g\u0103se\u0219ti acolo un borcan Mutti treze\u0219te cu adev\u0103rat emo\u021bii, c\u00e2nd te g\u00e2nde\u0219ti la tot ce a fost f\u0103cut pentru ca acel borcan s\u0103 poat\u0103 exista.\u201d<\/p>\n\n                      <\/div>\n\n                      <div\n              class=\"\n                w-full md:w-1\/2\n                order-first\n                \n                flex justify-center md:justify-end\n                content-center lg:content-start\n              \"\n                          >\n              \n                              <div class=\"wp-block-embed is-type-video wp-embed-aspect-16-9 wp-has-aspect-ratio w-full self-center\">\n                  <div class=\"wp-block-embed__wrapper\">\n                    <iframe loading=\"lazy\" loading=\"lazy\" title=\"2025 Winners for Baby Roma - Gabriele &amp; Marco Costa\" width=\"500\" height=\"281\" data-cookieconsent=\"marketing\" data-src=\"\/\/www.youtube-nocookie.com\/embed\/ixt0vKs0uzA?rel=0&#038;modestbranding=1&#038;enablejsapi=1&#038;feature=oembed&#038;width=500&#038;height=750\" frameborder=\"0\" allow=\"accelerometer; autoplay; clipboard-write; encrypted-media; gyroscope; picture-in-picture; web-share\" referrerpolicy=\"strict-origin-when-cross-origin\" allowfullscreen><\/iframe><div class=\"cookieconsent-embed-approval\">\n  <p>To watch this video you need to approve marketing cookies so we can use YouTube.<\/p>\n  <button class=\"btn btn-renew-cookie-consent\">\n    Manage Settings\n  <\/button>\n<\/div>\n<div class=\"cookieconsent-embed-approval\">\n  <p>To watch this video you need to approve marketing cookies so we can use YouTube.<\/p>\n  <button class=\"btn btn-renew-cookie-consent\">\n    Manage Settings\n  <\/button>\n<\/div>\n\n                  <\/div>\n                <\/div>\n                          <\/div>\n                  <\/div>\n      <\/div>\n      <\/tab-slideshow>\n<\/div>\n<\/div>\n\n\n\n<div class=\"wp-block-cover alignwide is-light\" style=\"min-height:457px;aspect-ratio:unset;\"><img loading=\"lazy\" decoding=\"async\" class=\"wp-block-cover__image-background wp-image-6363\" alt=\"\" src=\"https:\/\/mutti-parma.com\/app\/uploads\/2021\/01\/6-parallax-banner.jpg\" data-object-fit=\"cover\" \/><span aria-hidden=\"true\" class=\"wp-block-cover__background has-background-dim-20 has-background-dim\"><\/span><div class=\"wp-block-cover__inner-container is-layout-flow wp-block-cover-is-layout-flow\">\n\n\n<h2 class=\"wp-block-heading\">Valorile de baz\u0103 ale Pomodorino d\u2019Oro (Tomata de Aur)<\/h2>\n\n\n<\/div><\/div>\n\n\n\n<div class=\"wp-block-media-text alignwide has-media-on-the-right is-stacked-on-mobile\" style=\"grid-template-columns:auto 40%\"><div class=\"wp-block-media-text__content\">\n<h2 class=\"wp-block-heading\">GRIJA<\/h2>\n\n\n\n<h3 class=\"wp-block-heading is-style-cursive\">Controlul \u0219i selec\u021bia chiar de pe c\u00e2mp<\/h3>\n\n\n\n<p><strong>Fermierii no\u0219tri \u00eemp\u0103rt\u0103\u0219esc cu noi valoarea \u00eengrijirii \u0219i o duc mai departe select\u00e2nd deja \u00een momentul recolt\u0103rii doar cele mai bune ro\u0219ii<\/strong> \u00een func\u021bie de gradul de coacere, de culoare, consisten\u021b\u0103, prospe\u021bime \u0219i dulcea\u021b\u0103 a fructului.&nbsp;Numai a\u0219a pot <strong>trece de controalele de calitate la intrarea \u00een fabricile noastre<\/strong> \u0219i pot primi, pentru fiecare transport, un punctaj care le permite s\u0103 ob\u021bin\u0103 stimulentele economice stabilite de Pomodorino d&#8217;Oro (Tomata de Aur).<\/p>\n\n\n\n<p>Pentru noi, <strong>\u00eengrijirea \u00eenseamn\u0103 garantarea unor standarde \u00eenalte de calitate, respect\u00e2nd \u00een acela\u0219i timp mediul \u0219i s\u0103n\u0103tatea uman\u0103<\/strong>.De fapt, ac\u021bion\u0103m respect\u00e2nd Reglement\u0103rile Produc\u021biei Integrate: gestion\u0103m produc\u021bia agricol\u0103 prin reducerea consumului de ap\u0103 \u0219i energie, f\u0103r\u0103 a compromite calitatea ro\u0219iilor \u0219i men\u021bin\u00e2nd trasabilitatea pe \u00eentregul lan\u021b de aprovizionare, p\u00e2n\u0103 la produsul final.<\/p>\n<\/div><figure class=\"wp-block-media-text__media\"><img loading=\"lazy\" decoding=\"async\" src=\"https:\/\/mutti-parma.com\/app\/uploads\/sites\/7\/2024\/11\/2-cura-1024x1024.jpg\" alt=\"\" class=\"wp-image-11537 size-full\" sizes=\"(max-width: 600px) 100vw, (min-width: 1440px) 576px,40vw\" data-spai-crop=\"false\" \/><\/figure><\/div>\n\n\n\n<div class=\"wp-block-media-text alignwide is-stacked-on-mobile\" style=\"grid-template-columns:40% auto\"><figure class=\"wp-block-media-text__media\"><img loading=\"lazy\" decoding=\"async\" src=\"https:\/\/mutti-parma.com\/app\/uploads\/sites\/7\/2024\/11\/3-rispetto-1024x1024.jpg\" alt=\"\" class=\"wp-image-11538 size-full\" sizes=\"(max-width: 600px) 100vw, (min-width: 1440px) 576px,40vw\" data-spai-crop=\"false\" \/><\/figure><div class=\"wp-block-media-text__content\">\n<h2 class=\"wp-block-heading\">RESPECTUL<\/h2>\n\n\n\n<h3 class=\"wp-block-heading is-style-cursive\">Un pre\u021b mai mare pentru o ro\u0219ie mai bun\u0103<\/h3>\n\n\n\n<p>Pl\u0103tim fermierilor no\u0219tri un pre\u021b mai mare dec\u00e2t media pie\u021bei pentru o ro\u0219ie mai bun\u0103, \u00eent\u0103rind astfel rela\u021biile cu fermele lor \u0219i sus\u021bin\u00e2nd cre\u0219terea acestora. Asta pentru noi \u00eenseamn\u0103 respect.<\/p>\n\n\n\n<p>De-a lungul anilor, am contribuit la extinderea recolt\u0103rii mecanice, aduc\u00e2nd-o la 100% \u00een c\u00e2mpurile fermierilor no\u0219tri din nordul \u0219i sudul Italiei: un model organizatoric obligatoriu care impune fermierilor no\u0219tri s\u0103 \u00eemp\u0103rt\u0103\u0219easc\u0103 cu noi respectarea cerin\u021belor etice \u0219i sociale \u00eenalte.<\/p>\n\n\n\n<p>W<\/p>\n<\/div><\/div>\n\n\n\n<div class=\"wp-block-media-text alignwide has-media-on-the-right is-stacked-on-mobile\" style=\"grid-template-columns:auto 40%\"><div class=\"wp-block-media-text__content\">\n<h2 class=\"wp-block-heading\">COLABORAREA<\/h2>\n\n\n\n<h3 class=\"wp-block-heading is-style-cursive\">Calitatea, o munc\u0103 \u00een echip\u0103<\/h3>\n\n\n\n<p>Colaborarea cu fermierii no\u0219tri se bazeaz\u0103 pe \u00eencredere \u0219i sprijin reciproc. O rela\u021bie transparent\u0103, format\u0103 prin rela\u021bii contractuale corecte, care face fermele mai puternice.<\/p>\n\n\n\n<p>Prin sprijinul Serviciului Agricol Mutti, \u00eemp\u0103rt\u0103\u0219im cuno\u0219tin\u021bele noastre fermierilor \u0219i le punem la dispozi\u021bie cele mai bune platforme tehnologice. Acest lucru le permite s\u0103 foloseasc\u0103 cele mai inovatoare practici de cultivare din domeniu pentru a-\u0219i cre\u0219te constant know-how-ul, precum \u0219i s\u0103 ofere un produs de calitate superioar\u0103 care ajunge \u00een fiecare zi \u00een buc\u0103t\u0103riile consumatorilor no\u0219tri.<\/p>\n<\/div><figure class=\"wp-block-media-text__media\"><img loading=\"lazy\" decoding=\"async\" src=\"https:\/\/mutti-parma.com\/app\/uploads\/sites\/7\/2024\/11\/4-collaborazione-1024x1024.jpg\" alt=\"\" class=\"wp-image-11540 size-full\" sizes=\"(max-width: 600px) 100vw, (min-width: 1440px) 576px,40vw\" data-spai-crop=\"false\" \/><\/figure><\/div>\n\n\n\n<div class=\"wp-block-media-text alignwide is-stacked-on-mobile\" style=\"grid-template-columns:40% auto\"><figure class=\"wp-block-media-text__media\"><img loading=\"lazy\" decoding=\"async\" src=\"https:\/\/mutti-parma.com\/app\/uploads\/sites\/7\/2024\/11\/soddisfazione-1024x1024.jpg\" alt=\"\" class=\"wp-image-11526 size-full\" sizes=\"(max-width: 600px) 100vw, (min-width: 1440px) 576px,40vw\" data-spai-crop=\"false\" \/><\/figure><div class=\"wp-block-media-text__content\">\n<h2 class=\"wp-block-heading\">SATISFAC\u021aIA<\/h2>\n\n\n\n<h3 class=\"wp-block-heading is-style-cursive\">De pe c\u00e2mpul agricol \u00een buc\u0103taria ta.<\/h3>\n\n\n\n<p>Fiecare transport de ro\u0219ii care ajunge \u00een fabricile noastre este o surs\u0103 de satisfac\u021bie enorm\u0103 pentru cei care le-au cultivat. De fapt, \u00eenseamn\u0103 c\u0103 au trecut de controalele stricte de calitate. Este \u00eencununarea unui lung an de munc\u0103.<\/p>\n\n\n\n<p>Dar este \u0219i un motiv de satisfac\u021bie pentru noi, la Mutti, pentru c\u0103 \u00eenseamn\u0103 c\u0103 am contribuit la construirea valorii \u00een fiecare etap\u0103 a lan\u021bului de aprovizionare, garant\u00e2nd un produs at\u00e2t de bun nu numai pentru gustul s\u0103u, ci \u0219i pentru alegerile etice care vizeaz\u0103 garantarea respectului pentru oameni, de la fermieri la consumatori.<\/p>\n\n\n\n<p>Aceea\u0219i satisfac\u021bie pe care o reg\u0103sim zi de zi \u00een buc\u0103t\u0103rie la to\u021bi cei care dau tot ce pot mai bun pentru a aduce pe mas\u0103 preparate cu un gust unic \u0219i \u00een m\u0103sur\u0103 s\u0103 fac\u0103 ferici\u021bi oamenii pe care \u00eei iubesc.<br><\/p>\n<\/div><\/div>\n","protected":false},"excerpt":{"rendered":"<p>UN CERC VIRTUOS Pomodorino d\u2019Oro (Tomata de Aur), mai mult dec\u00e2t un premiu Creat \u00een anul 2000, Il Pomodorino d&#8217;Oro (Tomata de Aur) este un premiu \u00een bani pe care \u00eel atribuim \u00een fiecare an celor mai buni fermieri ai no\u0219tri pentru calitatea ro\u0219iilor pe care le cultiv\u0103: un produs 100% italian, atent controlat de<\/p>\n","protected":false},"author":1,"featured_media":0,"parent":5,"menu_order":22,"comment_status":"closed","ping_status":"closed","template":"","meta":{"_acf_changed":false,"_relevanssi_hide_post":"","_relevanssi_hide_content":"","_relevanssi_pin_for_all":"","_relevanssi_pin_keywords":"","_relevanssi_unpin_keywords":"","_relevanssi_related_keywords":"","_relevanssi_related_include_ids":"","_relevanssi_related_exclude_ids":"","_relevanssi_related_no_append":"","_relevanssi_related_not_related":"","_relevanssi_related_posts":"","_relevanssi_noindex_reason":"","footnotes":""},"class_list":["post-806","page","type-page","status-publish","hentry"],"acf":[],"_links":{"self":[{"href":"https:\/\/mutti-parma.com\/ro\/wp-json\/wp\/v2\/pages\/806","targetHints":{"allow":["GET"]}}],"collection":[{"href":"https:\/\/mutti-parma.com\/ro\/wp-json\/wp\/v2\/pages"}],"about":[{"href":"https:\/\/mutti-parma.com\/ro\/wp-json\/wp\/v2\/types\/page"}],"author":[{"embeddable":true,"href":"https:\/\/mutti-parma.com\/ro\/wp-json\/wp\/v2\/users\/1"}],"replies":[{"embeddable":true,"href":"https:\/\/mutti-parma.com\/ro\/wp-json\/wp\/v2\/comments?post=806"}],"version-history":[{"count":17,"href":"https:\/\/mutti-parma.com\/ro\/wp-json\/wp\/v2\/pages\/806\/revisions"}],"predecessor-version":[{"id":1413,"href":"https:\/\/mutti-parma.com\/ro\/wp-json\/wp\/v2\/pages\/806\/revisions\/1413"}],"up":[{"embeddable":true,"href":"https:\/\/mutti-parma.com\/ro\/wp-json\/wp\/v2\/pages\/5"}],"wp:attachment":[{"href":"https:\/\/mutti-parma.com\/ro\/wp-json\/wp\/v2\/media?parent=806"}],"curies":[{"name":"wp","href":"https:\/\/api.w.org\/{rel}","templated":true}]}}