{"id":859,"date":"2024-05-30T12:53:31","date_gmt":"2024-05-30T12:53:31","guid":{"rendered":"https:\/\/mutti-parma.com\/ro\/?page_id=859"},"modified":"2024-05-30T12:53:32","modified_gmt":"2024-05-30T12:53:32","slug":"recicleaza-cu-mutti","status":"publish","type":"page","link":"https:\/\/mutti-parma.com\/ro\/recicleaza-cu-mutti\/","title":{"rendered":"Recicleaz\u0103 cu Mutti"},"content":{"rendered":"\n<div class=\"wp-block-cover alignfull is-style-full-height\" style=\"margin-top:0;margin-bottom:0;min-height:736px;aspect-ratio:unset;\" data-hide-on=\"tablet desktop\"><span aria-hidden=\"true\" class=\"wp-block-cover__background has-background-dim-0 has-background-dim\"><\/span><img loading=\"lazy\" decoding=\"async\" class=\"wp-block-cover__image-background wp-image-9040\" alt=\"\" src=\"https:\/\/mutti-parma.com\/app\/uploads\/2023\/07\/1-hero-mobile.jpg\" data-object-fit=\"cover\" \/><div class=\"wp-block-cover__inner-container is-layout-flow wp-block-cover-is-layout-flow\">\n<h1 class=\"wp-block-heading has-text-align-center is-style-cursive has-xxl-heading-font-size\">F\u0103 arta tu \u00eensu\u021bi<\/h1>\n\n\n\n<h2 class=\"wp-block-heading is-style-default\" style=\"text-transform:none\">Recicleaz\u0103 cu Mutti<\/h2>\n\n\n\n<p class=\"has-text-align-center\">Bine ai venit la sec\u021biunea &#8222;F\u0103 arta tu \u00eensu\u021bi&#8221;, unde explor\u0103m posibilit\u0103\u021bile nelimitate de reciclare a produselor Mutti. Credem c\u0103 sustenabilitatea este un mod de via\u021b\u0103 \u0219i ce mod mai bun de a recicla exist\u0103 dec\u00e2t s\u0103 d\u0103m o nou\u0103 via\u021b\u0103 produselor noastre dragi?<\/p>\n\n\n\n<p class=\"has-text-align-center\">Aici vei descoperi un tezaur de idei ingenioase \u0219i proiecte creative care transform\u0103 ambalajele noastre \u00een obiecte func\u021bionale \u0219i pl\u0103cute din punct de vedere estetic. De la decora\u021biuni elegante pentru cas\u0103 p\u00e2n\u0103 la solu\u021bii practice de depozitare, crea\u021biile noastre DIY valorific\u0103 frumuse\u021bea \u0219i durabilitatea ambalajelor Mutti pentru a-\u021bi \u00eembun\u0103t\u0103\u021bi spa\u021biul de locuit.<\/p>\n\n\n\n<div class=\"wp-block-buttons is-content-justification-center is-layout-flex wp-container-core-buttons-is-layout-16018d1d wp-block-buttons-is-layout-flex\">\n<div class=\"wp-block-button\"><a class=\"wp-block-button__link wp-element-button\" href=\"#listing\">DESCOPER\u0102 PROIECTELE<\/a><\/div>\n<\/div>\n<\/div><\/div>\n\n\n\n<div class=\"wp-block-cover alignfull is-style-full-height\" style=\"margin-top:0;margin-bottom:0;min-height:736px;aspect-ratio:unset;\" data-hide-on=\"mobile\"><span aria-hidden=\"true\" class=\"wp-block-cover__background has-background-dim-0 has-background-dim\"><\/span><img loading=\"lazy\" decoding=\"async\" class=\"wp-block-cover__image-background wp-image-9039\" alt=\"\" src=\"https:\/\/mutti-parma.com\/app\/uploads\/2023\/07\/1-hero-desktop.jpg\" data-object-fit=\"cover\" \/><div class=\"wp-block-cover__inner-container is-layout-flow wp-block-cover-is-layout-flow\">\n<h1 class=\"wp-block-heading has-text-align-center is-style-cursive has-xxl-heading-font-size\">F\u0103 arta tu \u00eensu\u021bi<\/h1>\n\n\n\n<h2 class=\"wp-block-heading\" style=\"text-transform:none\">Recicleaz\u0103 cu Mutti<\/h2>\n\n\n\n<p class=\"has-text-align-center\">Bine ai venit la sec\u021biunea &#8222;F\u0103 arta tu \u00eensu\u021bi&#8221;, unde explor\u0103m posibilit\u0103\u021bile nelimitate de reciclare a produselor Mutti. Credem c\u0103 sustenabilitatea este un mod de via\u021b\u0103 \u0219i ce mod mai bun de a recicla exist\u0103 dec\u00e2t s\u0103 d\u0103m o nou\u0103 via\u021b\u0103 produselor noastre dragi?<\/p>\n\n\n\n<p class=\"has-text-align-center\">Aici vei descoperi un tezaur de idei ingenioase \u0219i proiecte creative care transform\u0103 ambalajele noastre \u00een obiecte func\u021bionale \u0219i pl\u0103cute din punct de vedere estetic. De la decora\u021biuni elegante pentru cas\u0103 p\u00e2n\u0103 la solu\u021bii practice de depozitare, crea\u021biile noastre DIY valorific\u0103 frumuse\u021bea \u0219i durabilitatea ambalajelor Mutti pentru a-\u021bi \u00eembun\u0103t\u0103\u021bi spa\u021biul de locuit.<\/p>\n\n\n\n<div class=\"wp-block-buttons is-content-justification-center is-layout-flex wp-container-core-buttons-is-layout-16018d1d wp-block-buttons-is-layout-flex\">\n<div class=\"wp-block-button\"><a class=\"wp-block-button__link wp-element-button\" href=\"#listing\">DESCOPER\u0102 PROIECTELE<\/a><\/div>\n<\/div>\n<\/div><\/div>\n\n\n\n<div class=\"wp-block-group alignfull has-background is-layout-constrained wp-block-group-is-layout-constrained\" style=\"background-color:#f0e9d7\"><div class=\"facetwp-facet facetwp-facet-project_category facetwp-type-radio\" data-name=\"project_category\" data-type=\"radio\"><\/div>\n<\/div>\n\n\n<div\n  class=\"acf-content-listing is-style-filtered alignwide\"\n   id=\"listing\" >\n  <div class=\"facetwp-template\">\n    <div class=\"flex -mx-6 -mt-5 md:-mt-6 flex-wrap\">\n               <div class=\"w-1\/1 sm:w-1\/2 md:w-1\/3 px-6 py-5 md:py-6\">\n          <div class=\"text-center\" data-vue-wrapper>\n      <a href=\"https:\/\/mutti-parma.com\/ro\/project\/coronita-pentru-usa\/\" class=\"relative block mb-4 max-w-96 mx-auto\">\n      <div class=\"responsive-embed \" style=\"padding-bottom: 108.79765395894%;\">\n        <img decoding=\"async\" width=\"2000\" height=\"1333\" src=\"https:\/\/mutti-parma.com\/app\/uploads\/sites\/28\/2025\/11\/ghirlanda-latta-06.jpg\" class=\"inline-block wp-image-1372\" alt=\"Coroni\u021b\u0103 pentru u\u0219\u0103\" sizes=\"auto, (max-width: 600px) 72vw, 431px\" data-spai-crop=\"true\" title=\"Coroni\u021b\u0103 pentru u\u0219\u0103\" srcset=\"https:\/\/mutti-parma.com\/app\/uploads\/sites\/28\/2025\/11\/ghirlanda-latta-06.jpg 2000w, https:\/\/mutti-parma.com\/app\/uploads\/sites\/28\/2025\/11\/ghirlanda-latta-06-500x333.jpg 500w, https:\/\/mutti-parma.com\/app\/uploads\/sites\/28\/2025\/11\/ghirlanda-latta-06-1024x682.jpg 1024w, https:\/\/mutti-parma.com\/app\/uploads\/sites\/28\/2025\/11\/ghirlanda-latta-06-200x133.jpg 200w, https:\/\/mutti-parma.com\/app\/uploads\/sites\/28\/2025\/11\/ghirlanda-latta-06-768x512.jpg 768w, https:\/\/mutti-parma.com\/app\/uploads\/sites\/28\/2025\/11\/ghirlanda-latta-06-150x100.jpg 150w, https:\/\/mutti-parma.com\/app\/uploads\/sites\/28\/2025\/11\/ghirlanda-latta-06-600x400.jpg 600w, https:\/\/mutti-parma.com\/app\/uploads\/sites\/28\/2025\/11\/ghirlanda-latta-06-1536x1024.jpg 1536w\" loading=\"lazy\" \/>\n      <\/div>\n    <\/a>\n  \n  <a class=\"block mb-4\" href=\"https:\/\/mutti-parma.com\/ro\/project\/coronita-pentru-usa\/\">\n    <h3>Coroni\u021b\u0103 pentru u\u0219\u0103<\/h3>\n  <\/a>\n\n  <rate-post\n    namespace=\"mutti\/v1\"\n    :votes=\"1\"\n    :post-id=\"1373\"\n  ><\/rate-post>\n<\/div>\n        <\/div>\n               <div class=\"w-1\/1 sm:w-1\/2 md:w-1\/3 px-6 py-5 md:py-6\">\n          <div class=\"text-center\" data-vue-wrapper>\n      <a href=\"https:\/\/mutti-parma.com\/ro\/project\/glob-de-iarna\/\" class=\"relative block mb-4 max-w-96 mx-auto\">\n      <div class=\"responsive-embed \" style=\"padding-bottom: 108.79765395894%;\">\n        <img decoding=\"async\" width=\"2000\" height=\"1333\" src=\"https:\/\/mutti-parma.com\/app\/uploads\/sites\/28\/2025\/11\/palla-di-neve-vasetto-07.jpg\" class=\"inline-block wp-image-1382\" alt=\"Glob de iarn\u0103\" sizes=\"auto, (max-width: 600px) 72vw, 431px\" data-spai-crop=\"true\" title=\"Glob de iarn\u0103\" srcset=\"https:\/\/mutti-parma.com\/app\/uploads\/sites\/28\/2025\/11\/palla-di-neve-vasetto-07.jpg 2000w, https:\/\/mutti-parma.com\/app\/uploads\/sites\/28\/2025\/11\/palla-di-neve-vasetto-07-500x333.jpg 500w, https:\/\/mutti-parma.com\/app\/uploads\/sites\/28\/2025\/11\/palla-di-neve-vasetto-07-1024x682.jpg 1024w, https:\/\/mutti-parma.com\/app\/uploads\/sites\/28\/2025\/11\/palla-di-neve-vasetto-07-200x133.jpg 200w, https:\/\/mutti-parma.com\/app\/uploads\/sites\/28\/2025\/11\/palla-di-neve-vasetto-07-768x512.jpg 768w, https:\/\/mutti-parma.com\/app\/uploads\/sites\/28\/2025\/11\/palla-di-neve-vasetto-07-150x100.jpg 150w, https:\/\/mutti-parma.com\/app\/uploads\/sites\/28\/2025\/11\/palla-di-neve-vasetto-07-600x400.jpg 600w, https:\/\/mutti-parma.com\/app\/uploads\/sites\/28\/2025\/11\/palla-di-neve-vasetto-07-1536x1024.jpg 1536w\" loading=\"lazy\" \/>\n      <\/div>\n    <\/a>\n  \n  <a class=\"block mb-4\" href=\"https:\/\/mutti-parma.com\/ro\/project\/glob-de-iarna\/\">\n    <h3>Glob de iarn\u0103<\/h3>\n  <\/a>\n\n  <rate-post\n    namespace=\"mutti\/v1\"\n    :votes=\"1\"\n    :post-id=\"1375\"\n  ><\/rate-post>\n<\/div>\n        <\/div>\n               <div class=\"w-1\/1 sm:w-1\/2 md:w-1\/3 px-6 py-5 md:py-6\">\n          <div class=\"text-center\" data-vue-wrapper>\n      <a href=\"https:\/\/mutti-parma.com\/ro\/project\/marcatoare-diy-pentru-pahare-pentru-sezonul-festiv\/\" class=\"relative block mb-4 max-w-96 mx-auto\">\n      <div class=\"responsive-embed \" style=\"padding-bottom: 108.79765395894%;\">\n        <img decoding=\"async\" width=\"2000\" height=\"1333\" src=\"https:\/\/mutti-parma.com\/app\/uploads\/sites\/28\/2025\/11\/segnaposto-tubetto-06.jpg\" class=\"inline-block wp-image-1390\" alt=\"Marcatoare DIY pentru pahare pentru sezonul festiv\" sizes=\"auto, (max-width: 600px) 72vw, 431px\" data-spai-crop=\"true\" title=\"Marcatoare DIY pentru pahare pentru sezonul festiv\" srcset=\"https:\/\/mutti-parma.com\/app\/uploads\/sites\/28\/2025\/11\/segnaposto-tubetto-06.jpg 2000w, https:\/\/mutti-parma.com\/app\/uploads\/sites\/28\/2025\/11\/segnaposto-tubetto-06-500x333.jpg 500w, https:\/\/mutti-parma.com\/app\/uploads\/sites\/28\/2025\/11\/segnaposto-tubetto-06-1024x682.jpg 1024w, https:\/\/mutti-parma.com\/app\/uploads\/sites\/28\/2025\/11\/segnaposto-tubetto-06-200x133.jpg 200w, https:\/\/mutti-parma.com\/app\/uploads\/sites\/28\/2025\/11\/segnaposto-tubetto-06-768x512.jpg 768w, https:\/\/mutti-parma.com\/app\/uploads\/sites\/28\/2025\/11\/segnaposto-tubetto-06-150x100.jpg 150w, https:\/\/mutti-parma.com\/app\/uploads\/sites\/28\/2025\/11\/segnaposto-tubetto-06-600x400.jpg 600w, https:\/\/mutti-parma.com\/app\/uploads\/sites\/28\/2025\/11\/segnaposto-tubetto-06-1536x1024.jpg 1536w\" loading=\"lazy\" \/>\n      <\/div>\n    <\/a>\n  \n  <a class=\"block mb-4\" href=\"https:\/\/mutti-parma.com\/ro\/project\/marcatoare-diy-pentru-pahare-pentru-sezonul-festiv\/\">\n    <h3>Marcatoare DIY pentru pahare pentru sezonul festiv<\/h3>\n  <\/a>\n\n  <rate-post\n    namespace=\"mutti\/v1\"\n    :votes=\"1\"\n    :post-id=\"1384\"\n  ><\/rate-post>\n<\/div>\n        <\/div>\n               <div class=\"w-1\/1 sm:w-1\/2 md:w-1\/3 px-6 py-5 md:py-6\">\n          <div class=\"text-center\" data-vue-wrapper>\n      <a href=\"https:\/\/mutti-parma.com\/ro\/project\/mutti-passata-yo-yo\/\" class=\"relative block mb-4 max-w-96 mx-auto\">\n      <div class=\"responsive-embed \" style=\"padding-bottom: 108.79765395894%;\">\n        <img decoding=\"async\" width=\"1024\" height=\"1024\" src=\"https:\/\/mutti-parma.com\/app\/uploads\/sites\/28\/2024\/03\/ww-socialped-2021-08-doartyourself-04-1024x1024-1.jpg\" class=\"inline-block wp-image-863\" alt=\"Mutti Passata Yo-Yo\" sizes=\"auto, (max-width: 600px) 72vw, 431px\" data-spai-crop=\"true\" title=\"Mutti Passata Yo-Yo\" srcset=\"https:\/\/mutti-parma.com\/app\/uploads\/sites\/28\/2024\/03\/ww-socialped-2021-08-doartyourself-04-1024x1024-1.jpg 1024w, https:\/\/mutti-parma.com\/app\/uploads\/sites\/28\/2024\/03\/ww-socialped-2021-08-doartyourself-04-1024x1024-1-500x500.jpg 500w, https:\/\/mutti-parma.com\/app\/uploads\/sites\/28\/2024\/03\/ww-socialped-2021-08-doartyourself-04-1024x1024-1-200x200.jpg 200w, https:\/\/mutti-parma.com\/app\/uploads\/sites\/28\/2024\/03\/ww-socialped-2021-08-doartyourself-04-1024x1024-1-768x768.jpg 768w, https:\/\/mutti-parma.com\/app\/uploads\/sites\/28\/2024\/03\/ww-socialped-2021-08-doartyourself-04-1024x1024-1-150x150.jpg 150w, https:\/\/mutti-parma.com\/app\/uploads\/sites\/28\/2024\/03\/ww-socialped-2021-08-doartyourself-04-1024x1024-1-600x600.jpg 600w, https:\/\/mutti-parma.com\/app\/uploads\/sites\/28\/2024\/03\/ww-socialped-2021-08-doartyourself-04-1024x1024-1-50x50.jpg 50w\" loading=\"lazy\" \/>\n      <\/div>\n    <\/a>\n  \n  <a class=\"block mb-4\" href=\"https:\/\/mutti-parma.com\/ro\/project\/mutti-passata-yo-yo\/\">\n    <h3>Mutti Passata Yo-Yo<\/h3>\n  <\/a>\n\n  <rate-post\n    namespace=\"mutti\/v1\"\n    :votes=\"5\"\n    :post-id=\"862\"\n  ><\/rate-post>\n<\/div>\n        <\/div>\n               <div class=\"w-1\/1 sm:w-1\/2 md:w-1\/3 px-6 py-5 md:py-6\">\n          <div class=\"text-center\" data-vue-wrapper>\n      <a href=\"https:\/\/mutti-parma.com\/ro\/project\/ghiveci-mutti-cu-plante-suculente\/\" class=\"relative block mb-4 max-w-96 mx-auto\">\n      <div class=\"responsive-embed \" style=\"padding-bottom: 108.79765395894%;\">\n        <img decoding=\"async\" width=\"1024\" height=\"1024\" src=\"https:\/\/mutti-parma.com\/app\/uploads\/sites\/28\/2024\/03\/ww-socialped-2021-09-doartyourself-01-fb-ig-1024x1024-1.jpg\" class=\"inline-block wp-image-866\" alt=\"Ghiveci Mutti cu plante suculente\" sizes=\"auto, (max-width: 600px) 72vw, 431px\" data-spai-crop=\"true\" title=\"Ghiveci Mutti cu plante suculente\" srcset=\"https:\/\/mutti-parma.com\/app\/uploads\/sites\/28\/2024\/03\/ww-socialped-2021-09-doartyourself-01-fb-ig-1024x1024-1.jpg 1024w, https:\/\/mutti-parma.com\/app\/uploads\/sites\/28\/2024\/03\/ww-socialped-2021-09-doartyourself-01-fb-ig-1024x1024-1-500x500.jpg 500w, https:\/\/mutti-parma.com\/app\/uploads\/sites\/28\/2024\/03\/ww-socialped-2021-09-doartyourself-01-fb-ig-1024x1024-1-200x200.jpg 200w, https:\/\/mutti-parma.com\/app\/uploads\/sites\/28\/2024\/03\/ww-socialped-2021-09-doartyourself-01-fb-ig-1024x1024-1-768x768.jpg 768w, https:\/\/mutti-parma.com\/app\/uploads\/sites\/28\/2024\/03\/ww-socialped-2021-09-doartyourself-01-fb-ig-1024x1024-1-150x150.jpg 150w, https:\/\/mutti-parma.com\/app\/uploads\/sites\/28\/2024\/03\/ww-socialped-2021-09-doartyourself-01-fb-ig-1024x1024-1-600x600.jpg 600w, https:\/\/mutti-parma.com\/app\/uploads\/sites\/28\/2024\/03\/ww-socialped-2021-09-doartyourself-01-fb-ig-1024x1024-1-50x50.jpg 50w\" loading=\"lazy\" \/>\n      <\/div>\n    <\/a>\n  \n  <a class=\"block mb-4\" href=\"https:\/\/mutti-parma.com\/ro\/project\/ghiveci-mutti-cu-plante-suculente\/\">\n    <h3>Ghiveci Mutti cu plante suculente<\/h3>\n  <\/a>\n\n  <rate-post\n    namespace=\"mutti\/v1\"\n    :votes=\"5\"\n    :post-id=\"865\"\n  ><\/rate-post>\n<\/div>\n        <\/div>\n               <div class=\"w-1\/1 sm:w-1\/2 md:w-1\/3 px-6 py-5 md:py-6\">\n          <div class=\"text-center\" data-vue-wrapper>\n      <a href=\"https:\/\/mutti-parma.com\/ro\/project\/coastere-din-capace-mutti\/\" class=\"relative block mb-4 max-w-96 mx-auto\">\n      <div class=\"responsive-embed \" style=\"padding-bottom: 108.79765395894%;\">\n        <img decoding=\"async\" width=\"1024\" height=\"1024\" src=\"https:\/\/mutti-parma.com\/app\/uploads\/sites\/28\/2024\/03\/ww-socialped-2021-10-doartyourself-01-1024x1024-1.jpg\" class=\"inline-block wp-image-869\" alt=\"Coastere din capace Mutti\" sizes=\"auto, (max-width: 600px) 72vw, 431px\" data-spai-crop=\"true\" title=\"Coastere din capace Mutti\" srcset=\"https:\/\/mutti-parma.com\/app\/uploads\/sites\/28\/2024\/03\/ww-socialped-2021-10-doartyourself-01-1024x1024-1.jpg 1024w, https:\/\/mutti-parma.com\/app\/uploads\/sites\/28\/2024\/03\/ww-socialped-2021-10-doartyourself-01-1024x1024-1-500x500.jpg 500w, https:\/\/mutti-parma.com\/app\/uploads\/sites\/28\/2024\/03\/ww-socialped-2021-10-doartyourself-01-1024x1024-1-200x200.jpg 200w, https:\/\/mutti-parma.com\/app\/uploads\/sites\/28\/2024\/03\/ww-socialped-2021-10-doartyourself-01-1024x1024-1-768x768.jpg 768w, https:\/\/mutti-parma.com\/app\/uploads\/sites\/28\/2024\/03\/ww-socialped-2021-10-doartyourself-01-1024x1024-1-150x150.jpg 150w, https:\/\/mutti-parma.com\/app\/uploads\/sites\/28\/2024\/03\/ww-socialped-2021-10-doartyourself-01-1024x1024-1-600x600.jpg 600w, https:\/\/mutti-parma.com\/app\/uploads\/sites\/28\/2024\/03\/ww-socialped-2021-10-doartyourself-01-1024x1024-1-50x50.jpg 50w\" loading=\"lazy\" \/>\n      <\/div>\n    <\/a>\n  \n  <a class=\"block mb-4\" href=\"https:\/\/mutti-parma.com\/ro\/project\/coastere-din-capace-mutti\/\">\n    <h3>Coastere din capace Mutti<\/h3>\n  <\/a>\n\n  <rate-post\n    namespace=\"mutti\/v1\"\n    :votes=\"3\"\n    :post-id=\"868\"\n  ><\/rate-post>\n<\/div>\n        <\/div>\n               <div class=\"w-1\/1 sm:w-1\/2 md:w-1\/3 px-6 py-5 md:py-6\">\n          <div class=\"text-center\" data-vue-wrapper>\n      <a href=\"https:\/\/mutti-parma.com\/ro\/project\/suport-de-bucatarie-mutti\/\" class=\"relative block mb-4 max-w-96 mx-auto\">\n      <div class=\"responsive-embed \" style=\"padding-bottom: 108.79765395894%;\">\n        <img decoding=\"async\" width=\"1024\" height=\"1024\" src=\"https:\/\/mutti-parma.com\/app\/uploads\/sites\/28\/2024\/03\/ww-socialped-2021-11-doartyourself-07-1024x1024-6.jpg\" class=\"inline-block wp-image-872\" alt=\"Suport de buc\u0103t\u0103rie Mutti\" sizes=\"auto, (max-width: 600px) 72vw, 431px\" data-spai-crop=\"true\" title=\"Suport de buc\u0103t\u0103rie Mutti\" srcset=\"https:\/\/mutti-parma.com\/app\/uploads\/sites\/28\/2024\/03\/ww-socialped-2021-11-doartyourself-07-1024x1024-6.jpg 1024w, https:\/\/mutti-parma.com\/app\/uploads\/sites\/28\/2024\/03\/ww-socialped-2021-11-doartyourself-07-1024x1024-6-500x500.jpg 500w, https:\/\/mutti-parma.com\/app\/uploads\/sites\/28\/2024\/03\/ww-socialped-2021-11-doartyourself-07-1024x1024-6-200x200.jpg 200w, https:\/\/mutti-parma.com\/app\/uploads\/sites\/28\/2024\/03\/ww-socialped-2021-11-doartyourself-07-1024x1024-6-768x768.jpg 768w, https:\/\/mutti-parma.com\/app\/uploads\/sites\/28\/2024\/03\/ww-socialped-2021-11-doartyourself-07-1024x1024-6-150x150.jpg 150w, https:\/\/mutti-parma.com\/app\/uploads\/sites\/28\/2024\/03\/ww-socialped-2021-11-doartyourself-07-1024x1024-6-600x600.jpg 600w, https:\/\/mutti-parma.com\/app\/uploads\/sites\/28\/2024\/03\/ww-socialped-2021-11-doartyourself-07-1024x1024-6-50x50.jpg 50w\" loading=\"lazy\" \/>\n      <\/div>\n    <\/a>\n  \n  <a class=\"block mb-4\" href=\"https:\/\/mutti-parma.com\/ro\/project\/suport-de-bucatarie-mutti\/\">\n    <h3>Suport de buc\u0103t\u0103rie Mutti<\/h3>\n  <\/a>\n\n  <rate-post\n    namespace=\"mutti\/v1\"\n    :votes=\"4\"\n    :post-id=\"871\"\n  ><\/rate-post>\n<\/div>\n        <\/div>\n               <div class=\"w-1\/1 sm:w-1\/2 md:w-1\/3 px-6 py-5 md:py-6\">\n          <div class=\"text-center\" data-vue-wrapper>\n      <a href=\"https:\/\/mutti-parma.com\/ro\/project\/suport-mutti-pentru-sticla-de-apa\/\" class=\"relative block mb-4 max-w-96 mx-auto\">\n      <div class=\"responsive-embed \" style=\"padding-bottom: 108.79765395894%;\">\n        <img decoding=\"async\" width=\"539\" height=\"1024\" src=\"https:\/\/mutti-parma.com\/app\/uploads\/sites\/28\/2024\/03\/borraccia-vert-04-lr-539x1024-1.jpg\" class=\"inline-block wp-image-876\" alt=\"Suport Mutti pentru sticla de ap\u0103\" sizes=\"auto, (max-width: 600px) 72vw, 431px\" data-spai-crop=\"true\" title=\"Suport Mutti pentru sticla de ap\u0103\" srcset=\"https:\/\/mutti-parma.com\/app\/uploads\/sites\/28\/2024\/03\/borraccia-vert-04-lr-539x1024-1.jpg 539w, https:\/\/mutti-parma.com\/app\/uploads\/sites\/28\/2024\/03\/borraccia-vert-04-lr-539x1024-1-263x500.jpg 263w, https:\/\/mutti-parma.com\/app\/uploads\/sites\/28\/2024\/03\/borraccia-vert-04-lr-539x1024-1-105x200.jpg 105w, https:\/\/mutti-parma.com\/app\/uploads\/sites\/28\/2024\/03\/borraccia-vert-04-lr-539x1024-1-150x285.jpg 150w\" loading=\"lazy\" \/>\n      <\/div>\n    <\/a>\n  \n  <a class=\"block mb-4\" href=\"https:\/\/mutti-parma.com\/ro\/project\/suport-mutti-pentru-sticla-de-apa\/\">\n    <h3>Suport Mutti pentru sticla de ap\u0103<\/h3>\n  <\/a>\n\n  <rate-post\n    namespace=\"mutti\/v1\"\n    :votes=\"3\"\n    :post-id=\"874\"\n  ><\/rate-post>\n<\/div>\n        <\/div>\n               <div class=\"w-1\/1 sm:w-1\/2 md:w-1\/3 px-6 py-5 md:py-6\">\n          <div class=\"text-center\" data-vue-wrapper>\n      <a href=\"https:\/\/mutti-parma.com\/ro\/project\/joc-de-memorie-mutti\/\" class=\"relative block mb-4 max-w-96 mx-auto\">\n      <div class=\"responsive-embed \" style=\"padding-bottom: 108.79765395894%;\">\n        <img decoding=\"async\" width=\"1024\" height=\"1024\" src=\"https:\/\/mutti-parma.com\/app\/uploads\/sites\/28\/2024\/03\/memory-orizzontale-06-hr-1-1024x1024-1.jpg\" class=\"inline-block wp-image-880\" alt=\"Joc de memorie Mutti\" sizes=\"auto, (max-width: 600px) 72vw, 431px\" data-spai-crop=\"true\" title=\"Joc de memorie Mutti\" srcset=\"https:\/\/mutti-parma.com\/app\/uploads\/sites\/28\/2024\/03\/memory-orizzontale-06-hr-1-1024x1024-1.jpg 1024w, https:\/\/mutti-parma.com\/app\/uploads\/sites\/28\/2024\/03\/memory-orizzontale-06-hr-1-1024x1024-1-500x500.jpg 500w, https:\/\/mutti-parma.com\/app\/uploads\/sites\/28\/2024\/03\/memory-orizzontale-06-hr-1-1024x1024-1-200x200.jpg 200w, https:\/\/mutti-parma.com\/app\/uploads\/sites\/28\/2024\/03\/memory-orizzontale-06-hr-1-1024x1024-1-768x768.jpg 768w, https:\/\/mutti-parma.com\/app\/uploads\/sites\/28\/2024\/03\/memory-orizzontale-06-hr-1-1024x1024-1-150x150.jpg 150w, https:\/\/mutti-parma.com\/app\/uploads\/sites\/28\/2024\/03\/memory-orizzontale-06-hr-1-1024x1024-1-600x600.jpg 600w, https:\/\/mutti-parma.com\/app\/uploads\/sites\/28\/2024\/03\/memory-orizzontale-06-hr-1-1024x1024-1-50x50.jpg 50w\" loading=\"lazy\" \/>\n      <\/div>\n    <\/a>\n  \n  <a class=\"block mb-4\" href=\"https:\/\/mutti-parma.com\/ro\/project\/joc-de-memorie-mutti\/\">\n    <h3>Joc de memorie Mutti<\/h3>\n  <\/a>\n\n  <rate-post\n    namespace=\"mutti\/v1\"\n    :votes=\"3\"\n    :post-id=\"878\"\n  ><\/rate-post>\n<\/div>\n        <\/div>\n                <\/div>\n  <\/div>\n\n      <div class=\"text-center\">\n      <div class=\"facetwp-pager\"><\/div>\n    <\/div>\n  <\/div>\n","protected":false},"excerpt":{"rendered":"","protected":false},"author":1,"featured_media":0,"parent":0,"menu_order":7,"comment_status":"closed","ping_status":"closed","template":"","meta":{"_acf_changed":false,"_relevanssi_hide_post":"","_relevanssi_hide_content":"","_relevanssi_pin_for_all":"","_relevanssi_pin_keywords":"","_relevanssi_unpin_keywords":"","_relevanssi_related_keywords":"","_relevanssi_related_include_ids":"","_relevanssi_related_exclude_ids":"","_relevanssi_related_no_append":"","_relevanssi_related_not_related":"","_relevanssi_related_posts":"","_relevanssi_noindex_reason":"","footnotes":""},"class_list":["post-859","page","type-page","status-publish","hentry"],"acf":[],"_links":{"self":[{"href":"https:\/\/mutti-parma.com\/ro\/wp-json\/wp\/v2\/pages\/859","targetHints":{"allow":["GET"]}}],"collection":[{"href":"https:\/\/mutti-parma.com\/ro\/wp-json\/wp\/v2\/pages"}],"about":[{"href":"https:\/\/mutti-parma.com\/ro\/wp-json\/wp\/v2\/types\/page"}],"author":[{"embeddable":true,"href":"https:\/\/mutti-parma.com\/ro\/wp-json\/wp\/v2\/users\/1"}],"replies":[{"embeddable":true,"href":"https:\/\/mutti-parma.com\/ro\/wp-json\/wp\/v2\/comments?post=859"}],"version-history":[{"count":2,"href":"https:\/\/mutti-parma.com\/ro\/wp-json\/wp\/v2\/pages\/859\/revisions"}],"predecessor-version":[{"id":861,"href":"https:\/\/mutti-parma.com\/ro\/wp-json\/wp\/v2\/pages\/859\/revisions\/861"}],"wp:attachment":[{"href":"https:\/\/mutti-parma.com\/ro\/wp-json\/wp\/v2\/media?parent=859"}],"curies":[{"name":"wp","href":"https:\/\/api.w.org\/{rel}","templated":true}]}}