{"id":310,"date":"2020-10-07T14:06:34","date_gmt":"2020-10-07T14:06:34","guid":{"rendered":"http:\/\/mutti-parma.com\/ro\/?post_type=product&#038;p=310"},"modified":"2020-10-08T08:51:37","modified_gmt":"2020-10-08T08:51:37","slug":"polpa-rustica","status":"publish","type":"product","link":"https:\/\/mutti-parma.com\/ro\/produse-mutti\/polpa-rustica\/","title":{"rendered":"Polpa rustica"},"content":{"rendered":"\n<div style=\"--media-width: 50\" class=\"wp-block-media-text alignwide has-media-on-the-right is-stacked-on-mobile is-style-hero has-background-image\"><img loading=\"lazy\" decoding=\"async\" class=\"wp-block-media-text__background\" alt=\"\" data-spai-crop=\"true\" src=\"https:\/\/mutti-parma.com\/app\/uploads\/sites\/3\/2019\/09\/texture-banner-mutti-default-gradient.jpg\" \/><figure class=\"wp-block-media-text__media\"><img loading=\"lazy\" decoding=\"async\" width=\"404\" height=\"766\" src=\"https:\/\/mutti-parma.com\/app\/uploads\/sites\/28\/2020\/10\/rom-polpa-rustica.png\" alt=\"\" class=\"wp-image-323\" sizes=\"(min-width: 1440px) 528px,37vw\" data-spai-crop=\"false\" srcset=\"https:\/\/mutti-parma.com\/app\/uploads\/sites\/28\/2020\/10\/rom-polpa-rustica.png 404w, https:\/\/mutti-parma.com\/app\/uploads\/sites\/28\/2020\/10\/rom-polpa-rustica-105x200.png 105w, https:\/\/mutti-parma.com\/app\/uploads\/sites\/28\/2020\/10\/rom-polpa-rustica-264x500.png 264w, https:\/\/mutti-parma.com\/app\/uploads\/sites\/28\/2020\/10\/rom-polpa-rustica-150x284.png 150w\" \/><\/figure><div class=\"wp-block-media-text__content\"><div class=\"acf-breadcrumb my-4 md:my-8 text-center md:text-left\">\n  <nav>\n  <ol class=\"list-none text-md\">\n                  <li class=\"inline\">\n                      <a class=\"text-inherit\" href=\"https:\/\/mutti-parma.com\/ro\/\">\n              Acasa\n            <\/a>\n                                <span aria-hidden=\"true\">\/&nbsp;<\/span>\n                  <\/li>\n                        <li class=\"inline\">\n                      <a class=\"text-inherit\" href=\"https:\/\/mutti-parma.com\/ro\/produse-mutti\/\">\n              Products\n            <\/a>\n                            <\/li>\n            <\/ol>\n<\/nav>\n<\/div>\n\n\n\n<h1 class=\"has-primary-color wp-block-heading\"><strong>Polpa rustica<\/strong><\/h1>\n\n\n\n<p class=\"has-xxl-font-size is-style-cursive\">Ro\u0219ii taiate m\u0103runt<\/p>\n\n\n\n<p>Ro\u0219iile taiate, aprins colorate, sunt rezultatul recolt\u0103rii la maturitate \u00een mod natural \u0219i sunt prelucrate \u00een lunile de var\u0103. Nu se adaug\u0103 nimic altceva. Polpa rustic\u0103 con\u021bine buc\u0103\u021bi mai mari dec\u00e2t polpa standard \u0219i este ideal\u0103 pentru g\u0103tit feluri de m\u00e2ncare cum ar fi ratatouille \u0219i delicioasele toc\u0103ni\u021be. <\/p>\n\n\n\n\n\n\n<div class=\"acf-product-find-store\">\n  <\/div>\n<\/div><\/div>\n\n\n\n\n\n\n<div\n  class=\"acf-how-is-it-made alignwide text-center \"\n  data-vue-wrapper\n  >\n      <h2>Cum este realizat?<\/h2>\n  \n  <slideshow :slides-per-view=\"3\" :slides-per-view-sm=\"1\" :slides-per-view-md=\"2\" name=\"How is it made\" class=\"mb-8\">\n      <\/slideshow>\n\n      <p class=\"is-style-cursive text-5xl\">Pentru a afla mai multe despre modul \u00een care ne realiz\u0103m produsele <\/p>\n  \n      <h3>Vizitati <a href=\"https:\/\/mutti-parma.com\/ro\/de-pe-camp-pe-masa\/\">De pe c\u00e2mp la mas\u0103<\/a><\/h3>\n  <\/div>\n\n\n\n\n\n\n\n<hr class=\"wp-block-separator alignwide\"\/>\n\n\n<div class=\"acf-comments alignwide my-8\">\n  <div class=\"flex flex-wrap mb-4 items-center text-center sm:text-left px-0 sm:px-2 md:px-0\">\n    <h3 class=\"w-full sm:w-auto is-style-cursive text-primary my-0 leading-none\">Share and review<\/h3>\n    <div class=\"w-full sm:w-auto flex-auto mt-1 sm:ml-8\">\n          <\/div>\n\n          <div class=\"mx-auto sm:ml-0 mt-3 sm:mt-0\">\n                  <div\n  class=\"shariff\"\n  data-button-style=\"icon\"\n  data-mail-body=\"https:\/\/mutti-parma.com\/ro\/produse-mutti\/polpa-rustica\/\"\n  data-mail-subject=\"Polpa rustica - Mutti\"\n  data-mail-url=\"mailto:\"\n  data-media-url=\"https:\/\/mutti-parma.com\/app\/uploads\/sites\/28\/2020\/10\/rom-polpa-rustica.png\"\n  data-services=\"[&#039;facebook&#039;, &#039;twitter&#039;, &#039;whatsapp&#039;, &#039;pinterest&#039;, &#039;mail&#039;]\"\n><\/div>\n              <\/div>\n      <\/div>\n\n  <div>\n                <\/div>\n<\/div>\n\n\n\n<hr class=\"wp-block-separator alignwide\"\/>\n\n\n\n<div class=\"wp-block-cover alignwide has-background-dim-80 has-darkred-background-color has-background-dim\" style=\"background-image:url(https:\/\/mutti-parma.com\/app\/uploads\/sites\/3\/2019\/09\/tomatoes.jpg)\"><div class=\"wp-block-cover__inner-container is-layout-flow wp-block-cover-is-layout-flow\">\n<div class=\"wp-block-columns alignwide is-layout-flex wp-container-core-columns-is-layout-9d6595d7 wp-block-columns-is-layout-flex\">\n<div class=\"wp-block-column is-layout-flow wp-block-column-is-layout-flow\">\n<h2 class=\"wp-block-heading\" id=\"sustenabilitate\"><strong>SUSTENABILITATE<\/strong><\/h2>\n\n\n\n<p class=\"is-style-cursive mb-0\">Pentru noi, sustenabilitatea \u00eenseamn\u0103 respect pentru teren<\/p>\n\n\n\n<h4 class=\"wp-block-heading\">Cooperarea cu WWF<\/h4>\n\n\n\n<p>Mutti a colaborat \u00eendeaproape cu WWF \u00een Italia pentru a ajuta fermierii s\u0103 g\u0103seasc\u0103 modalit\u0103\u021bi durabile de a reduce consumul de ap\u0103 \u0219i emisiile de CO2. WWF din Italia nu numai c\u0103 \u0219i-a stabilit obiective, ci a permis fermierilor s\u0103 analizeze \u0219i s\u0103 revizuiasc\u0103 datele pentru a identifica ce pot face. De exemplu, organiza\u021bia a recomandat utilizarea unor senzori speciali care recunosc con\u021binutul de umiditate al solului \u0219i ofer\u0103 informa\u021bii utile pentru a sprijini utilizarea eficient\u0103 a apei.<br><br>Mutti a investit \u00een tehnologie, educa\u021bie \u0219i asisten\u021b\u0103 tehnic\u0103 pentru fermieri \u0219i organiza\u021bii agricole. Chiar \u0219i dup\u0103 finalizarea proiectului nostru care a durat cinci ani, suntem \u00eenc\u0103 la fel de hot\u0103r\u00e2\u021bi ca oric\u00e2nd s\u0103 ne minimiz\u0103m impactul asupra mediului \u0219i s\u0103 \u00eembun\u0103t\u0103\u021bim fiecare etapa a produc\u021biei noastre.<\/p>\n<\/div>\n\n\n\n<div class=\"wp-block-column is-layout-flow wp-block-column-is-layout-flow\">\n<h2 class=\"has-text-align-center wp-block-heading\">REZULTATE:<\/h2>\n\n\n\n<div class=\"wp-block-columns is-layout-flex wp-container-core-columns-is-layout-9d6595d7 wp-block-columns-is-layout-flex\">\n<div class=\"wp-block-column is-layout-flow wp-block-column-is-layout-flow\">\n<div class=\"wp-block-image\"><figure class=\"aligncenter size-large is-resized\"><img loading=\"lazy\" decoding=\"async\" src=\"https:\/\/mutti-parma.com\/app\/uploads\/sites\/3\/2019\/09\/icon-sustainable-water.svg\" alt=\"\" class=\"wp-image-30000085\" width=\"53\" height=\"91\" \/><\/figure><\/div>\n\n\n\n<h4 class=\"has-text-align-center wp-block-heading\">+1000 de milioane de litri de ap\u0103 economisi\u021bi *<\/h4>\n\n\n\n<p class=\"has-text-align-center has-sm-font-size\">* \u00eentre 2012 \u0219i 2014 (Sursa: Date colectate de CMCC, WWF \u0219i Centrul Mediteranean pentru Schimb\u0103ri Climatice din Italia)<\/p>\n<\/div>\n\n\n\n<div class=\"wp-block-column is-layout-flow wp-block-column-is-layout-flow\">\n<div class=\"wp-block-image\"><figure class=\"aligncenter size-large is-resized\"><img loading=\"lazy\" decoding=\"async\" src=\"https:\/\/mutti-parma.com\/app\/uploads\/sites\/3\/2019\/09\/icon-sustainable-co2.svg\" alt=\"\" class=\"wp-image-30000086\" width=\"114\" height=\"88\" \/><\/figure><\/div>\n\n\n\n<h4 class=\"has-text-align-center wp-block-heading\">+ 31 530 tone de CO2 (dioxid de carbon) evitate<\/h4>\n\n\n\n<p class=\"has-text-align-center has-sm-font-size\">* \u00eentre 2010 \u0219i 2015 \u00een compara\u021bie cu nivelurile din 2009 (Sursa: Date colectate de WWF italian \u0219i grupul de eficien\u021b\u0103 energetic\u0103 Officinae Verdi)<\/p>\n<\/div>\n<\/div>\n<\/div>\n<\/div>\n<\/div><\/div>\n\n\n\n\n\n\n\n\n\n\n\n\n<div class=\"acf-related-products mb-8 lg:mb-16 \" data-vue-wrapper>\n      <h3 class=\"text-center\">Alte produse din linia de produse<\/h3>\n  \n      <slideshow :slides-per-view=\"3\" :navigation=\"true\" class=\"mx-8 lg:-mx-12\" name=\"Related Products\">\n              <div class=\"swiper-slide\">\n          <div class=\"text-center hover:lift-img mx-auto max-w-28\">\n      <a href=\"https:\/\/mutti-parma.com\/ro\/produse-mutti\/polpa\/\" class=\"block\">\n            <div class=\"responsive-embed is-contain\" style=\"padding-bottom: 188.23529411765%;\"><img decoding=\"async\" width=\"1200\" height=\"1820\" src=\"https:\/\/mutti-parma.com\/app\/uploads\/sites\/3\/2019\/09\/polpa-400g-hires.png\" class=\"inline-block mt-2 wp-image-300000186\" alt=\"polpa finely chopped tomatoes\" sizes=\"auto, 126px\" data-spai-crop=\"false\" srcset=\"https:\/\/mutti-parma.com\/app\/uploads\/sites\/3\/2019\/09\/polpa-400g-hires.png 1200w, https:\/\/mutti-parma.com\/app\/uploads\/sites\/3\/2019\/09\/polpa-400g-hires-132x200.png 132w, https:\/\/mutti-parma.com\/app\/uploads\/sites\/3\/2019\/09\/polpa-400g-hires-330x500.png 330w, https:\/\/mutti-parma.com\/app\/uploads\/sites\/3\/2019\/09\/polpa-400g-hires-768x1165.png 768w, https:\/\/mutti-parma.com\/app\/uploads\/sites\/3\/2019\/09\/polpa-400g-hires-675x1024.png 675w, https:\/\/mutti-parma.com\/app\/uploads\/sites\/3\/2019\/09\/polpa-400g-hires-150x228.png 150w, https:\/\/mutti-parma.com\/app\/uploads\/sites\/3\/2019\/09\/polpa-400g-hires-600x910.png 600w\" loading=\"lazy\" \/><\/div>\n    <\/a>\n  \n  <a class=\"block underline mb-2 mt-2\" href=\"https:\/\/mutti-parma.com\/ro\/produse-mutti\/polpa\/\">\n    <h3 class=\"h4\">Polpa<\/h3>\n  <\/a>\n\n      <a class=\"block hover:no-underline text-inherit\" href=\"https:\/\/mutti-parma.com\/ro\/produse-mutti\/polpa\/\">\n      Ro\u0219ii taiate m\u0103runt\n    <\/a>\n  <\/div>\n        <\/div>\n          <\/slideshow>\n  <\/div>\n\n\n","protected":false},"excerpt":{"rendered":"","protected":false},"featured_media":323,"comment_status":"open","ping_status":"closed","template":"","product_category":[49],"class_list":["post-310","product","type-product","status-publish","has-post-thumbnail","hentry","product_category-product-category-126"],"acf":[],"_links":{"self":[{"href":"https:\/\/mutti-parma.com\/ro\/wp-json\/wp\/v2\/product\/310","targetHints":{"allow":["GET"]}}],"collection":[{"href":"https:\/\/mutti-parma.com\/ro\/wp-json\/wp\/v2\/product"}],"about":[{"href":"https:\/\/mutti-parma.com\/ro\/wp-json\/wp\/v2\/types\/product"}],"replies":[{"embeddable":true,"href":"https:\/\/mutti-parma.com\/ro\/wp-json\/wp\/v2\/comments?post=310"}],"version-history":[{"count":6,"href":"https:\/\/mutti-parma.com\/ro\/wp-json\/wp\/v2\/product\/310\/revisions"}],"predecessor-version":[{"id":828,"href":"https:\/\/mutti-parma.com\/ro\/wp-json\/wp\/v2\/product\/310\/revisions\/828"}],"wp:featuredmedia":[{"embeddable":true,"href":"https:\/\/mutti-parma.com\/ro\/wp-json\/wp\/v2\/media\/323"}],"wp:attachment":[{"href":"https:\/\/mutti-parma.com\/ro\/wp-json\/wp\/v2\/media?parent=310"}],"wp:term":[{"taxonomy":"product_category","embeddable":true,"href":"https:\/\/mutti-parma.com\/ro\/wp-json\/wp\/v2\/product_category?post=310"}],"curies":[{"name":"wp","href":"https:\/\/api.w.org\/{rel}","templated":true}]}}