{"id":342,"date":"2020-10-07T14:24:04","date_gmt":"2020-10-07T14:24:04","guid":{"rendered":"http:\/\/mutti-parma.com\/ro\/?post_type=product&#038;p=342"},"modified":"2025-07-02T10:27:49","modified_gmt":"2025-07-02T10:27:49","slug":"sugo-semplice-cu-ardei-iute","status":"publish","type":"product","link":"https:\/\/mutti-parma.com\/ro\/produse-mutti\/sugo-semplice-cu-ardei-iute\/","title":{"rendered":"Sosuri pentru paste cu ardei iute"},"content":{"rendered":"\n<div style=\"--media-width: 50\" class=\"wp-block-media-text alignwide has-media-on-the-right is-stacked-on-mobile is-style-hero has-background-image\"><img loading=\"lazy\" decoding=\"async\" class=\"wp-block-media-text__background\" alt=\"\" data-spai-crop=\"true\" src=\"https:\/\/mutti-parma.com\/app\/uploads\/sites\/28\/2020\/10\/sauce-peperoncino-texture-hd.jpg\" \/><div class=\"wp-block-media-text__content\"><div class=\"acf-breadcrumb my-4 md:my-8 text-center md:text-left\">\n  <nav>\n  <ol class=\"list-none text-md\">\n                  <li class=\"inline\">\n                      <a class=\"text-inherit\" href=\"https:\/\/mutti-parma.com\/ro\/\">\n              Acasa\n            <\/a>\n                                <span aria-hidden=\"true\">\/&nbsp;<\/span>\n                  <\/li>\n                        <li class=\"inline\">\n                      <a class=\"text-inherit\" href=\"https:\/\/mutti-parma.com\/ro\/produse-mutti\/\">\n              Products\n            <\/a>\n                            <\/li>\n            <\/ol>\n<\/nav>\n<\/div>\n\n\n\n<h1 class=\"wp-block-heading has-primary-color has-text-color\"><strong>Sosuri pentru paste cu ardei iute<\/strong><\/h1>\n\n\n\n<p class=\"is-style-cursive has-xxl-font-size\">Sos pentru paste<\/p>\n\n\n\n<p>C\u0103ldura exista, iar pasiunea pentru g\u0103tit este gata s\u0103 fie turnat\u0103 \u00een farfurie. \u00cen sosurile noastre, combin\u0103m o baz\u0103 de pulp\u0103 de ro\u0219ii \u0219i o past\u0103 cu arom\u0103 intens\u0103. Apoi ad\u0103ug\u0103m condimentul de ardei ro\u0219u aprins pentru a crea un sos cu un gust intens \u0219i iute care nu este at\u00e2t de arzator &#8211; dar totul in legatura cu ardrerea.<\/p>\n\n\n\n\n\n\n<div class=\"acf-product-find-store\">\n  <\/div>\n<\/div><figure class=\"wp-block-media-text__media\"><img loading=\"lazy\" decoding=\"async\" width=\"537\" height=\"1024\" src=\"https:\/\/mutti-parma.com\/app\/uploads\/sites\/28\/2025\/06\/arrabbiata-537x1024.png\" alt=\"\" class=\"wp-image-1222 size-full\" sizes=\"(min-width: 1440px) 528px,37vw\" data-spai-crop=\"false\" srcset=\"https:\/\/mutti-parma.com\/app\/uploads\/sites\/28\/2025\/06\/arrabbiata-537x1024.png 537w, https:\/\/mutti-parma.com\/app\/uploads\/sites\/28\/2025\/06\/arrabbiata-262x500.png 262w, https:\/\/mutti-parma.com\/app\/uploads\/sites\/28\/2025\/06\/arrabbiata-105x200.png 105w, https:\/\/mutti-parma.com\/app\/uploads\/sites\/28\/2025\/06\/arrabbiata-150x286.png 150w, https:\/\/mutti-parma.com\/app\/uploads\/sites\/28\/2025\/06\/arrabbiata-600x1145.png 600w, https:\/\/mutti-parma.com\/app\/uploads\/sites\/28\/2025\/06\/arrabbiata.png 676w\" \/><\/figure><\/div>\n\n\n\n\n\n\n<div\n  class=\"acf-how-is-it-made alignwide text-center \"\n  data-vue-wrapper\n  >\n      <h2>Cum este realizat?<\/h2>\n  \n  <slideshow :slides-per-view=\"3\" :slides-per-view-sm=\"1\" :slides-per-view-md=\"2\" name=\"How is it made\" class=\"mb-8\">\n      <\/slideshow>\n\n      <p class=\"is-style-cursive text-5xl\">Pentru a afla mai multe despre modul \u00een care ne realiz\u0103m produsele <\/p>\n  \n      <h3>Vizitati <a href=\"https:\/\/mutti-parma.com\/ro\/de-pe-camp-pe-masa\/\">De pe c\u00e2mp la mas\u0103<\/a><\/h3>\n  <\/div>\n\n\n\n\n\n\n\n<hr class=\"wp-block-separator has-css-opacity alignwide\"\/>\n\n\n<div class=\"acf-comments alignwide my-8\">\n  <div class=\"flex flex-wrap mb-4 items-center text-center sm:text-left px-0 sm:px-2 md:px-0\">\n    <h3 class=\"w-full sm:w-auto is-style-cursive text-primary my-0 leading-none\">Share and review<\/h3>\n    <div class=\"w-full sm:w-auto flex-auto mt-1 sm:ml-8\">\n          <\/div>\n\n          <div class=\"mx-auto sm:ml-0 mt-3 sm:mt-0\">\n                  <div\n  class=\"shariff\"\n  data-button-style=\"icon\"\n  data-mail-body=\"https:\/\/mutti-parma.com\/ro\/produse-mutti\/sugo-semplice-cu-ardei-iute\/\"\n  data-mail-subject=\"Sosuri pentru paste cu ardei iute - Mutti\"\n  data-mail-url=\"mailto:\"\n  data-media-url=\"https:\/\/mutti-parma.com\/app\/uploads\/sites\/28\/2025\/06\/arrabbiata.png\"\n  data-services=\"[&#039;facebook&#039;, &#039;twitter&#039;, &#039;whatsapp&#039;, &#039;pinterest&#039;, &#039;mail&#039;]\"\n><\/div>\n              <\/div>\n      <\/div>\n\n  <div>\n                <\/div>\n<\/div>\n\n\n\n<hr class=\"wp-block-separator has-css-opacity alignwide\"\/>\n\n\n\n<div class=\"wp-block-cover alignwide has-background-dim-80 has-darkred-background-color has-background-dim\" style=\"background-image:url(https:\/\/mutti-parma.com\/app\/uploads\/sites\/3\/2019\/09\/tomatoes.jpg)\"><div class=\"wp-block-cover__inner-container is-layout-flow wp-block-cover-is-layout-flow\">\n<div class=\"wp-block-columns alignwide is-layout-flex wp-container-core-columns-is-layout-9d6595d7 wp-block-columns-is-layout-flex\">\n<div class=\"wp-block-column is-layout-flow wp-block-column-is-layout-flow\">\n<h2 class=\"wp-block-heading\" id=\"sustenabilitate\"><strong>SUSTENABILITATE<\/strong><\/h2>\n\n\n\n<p class=\"is-style-cursive mb-0\">Pentru noi, sustenabilitatea \u00eenseamn\u0103 respect pentru teren<\/p>\n\n\n\n<h4 class=\"wp-block-heading\">Cooperarea cu WWF<\/h4>\n\n\n\n<p>Mutti a colaborat \u00eendeaproape cu WWF \u00een Italia pentru a ajuta fermierii s\u0103 g\u0103seasc\u0103 modalit\u0103\u021bi durabile de a reduce consumul de ap\u0103 \u0219i emisiile de CO2. WWF din Italia nu numai c\u0103 \u0219i-a stabilit obiective, ci a permis fermierilor s\u0103 analizeze \u0219i s\u0103 revizuiasc\u0103 datele pentru a identifica ce pot face. De exemplu, organiza\u021bia a recomandat utilizarea unor senzori speciali care recunosc con\u021binutul de umiditate al solului \u0219i ofer\u0103 informa\u021bii utile pentru a sprijini utilizarea eficient\u0103 a apei.<br><br>Mutti a investit \u00een tehnologie, educa\u021bie \u0219i asisten\u021b\u0103 tehnic\u0103 pentru fermieri \u0219i organiza\u021bii agricole. Chiar \u0219i dup\u0103 finalizarea proiectului nostru care a durat cinci ani, suntem \u00eenc\u0103 la fel de hot\u0103r\u00e2\u021bi ca oric\u00e2nd s\u0103 ne minimiz\u0103m impactul asupra mediului \u0219i s\u0103 \u00eembun\u0103t\u0103\u021bim fiecare etapa a produc\u021biei noastre.<\/p>\n<\/div>\n\n\n\n<div class=\"wp-block-column is-layout-flow wp-block-column-is-layout-flow\">\n<h2 class=\"has-text-align-center wp-block-heading\">REZULTATE:<\/h2>\n\n\n\n<div class=\"wp-block-columns is-layout-flex wp-container-core-columns-is-layout-9d6595d7 wp-block-columns-is-layout-flex\">\n<div class=\"wp-block-column is-layout-flow wp-block-column-is-layout-flow\">\n<div class=\"wp-block-image\"><figure class=\"aligncenter size-large is-resized\"><img loading=\"lazy\" decoding=\"async\" src=\"https:\/\/mutti-parma.com\/app\/uploads\/sites\/3\/2019\/09\/icon-sustainable-water.svg\" alt=\"\" class=\"wp-image-30000085\" width=\"53\" height=\"91\" \/><\/figure><\/div>\n\n\n\n<h4 class=\"has-text-align-center wp-block-heading\">+1000 de milioane de litri de ap\u0103 economisi\u021bi *<\/h4>\n\n\n\n<p class=\"has-text-align-center has-sm-font-size\">* \u00eentre 2012 \u0219i 2014 (Sursa: Date colectate de CMCC, WWF \u0219i Centrul Mediteranean pentru Schimb\u0103ri Climatice din Italia)<\/p>\n<\/div>\n\n\n\n<div class=\"wp-block-column is-layout-flow wp-block-column-is-layout-flow\">\n<div class=\"wp-block-image\"><figure class=\"aligncenter size-large is-resized\"><img loading=\"lazy\" decoding=\"async\" src=\"https:\/\/mutti-parma.com\/app\/uploads\/sites\/3\/2019\/09\/icon-sustainable-co2.svg\" alt=\"\" class=\"wp-image-30000086\" width=\"114\" height=\"88\" \/><\/figure><\/div>\n\n\n\n<h4 class=\"has-text-align-center wp-block-heading\">+ 31 530 tone de CO2 (dioxid de carbon) evitate<\/h4>\n\n\n\n<p class=\"has-text-align-center has-sm-font-size\">* \u00eentre 2010 \u0219i 2015 \u00een compara\u021bie cu nivelurile din 2009 (Sursa: Date colectate de WWF italian \u0219i grupul de eficien\u021b\u0103 energetic\u0103 Officinae Verdi)<\/p>\n<\/div>\n<\/div>\n<\/div>\n<\/div>\n<\/div><\/div>\n\n\n\n\n\n\n\n\n\n\n<div class=\"acf-related-recipes alignwide pb-8 \" data-vue-wrapper>\n      <slideshow :slides-per-view=\"3\" :navigation=\"true\" name=\"Related Recipes\">\n              <div class=\"swiper-slide\">\n          <div class=\"teaser--recipe text-center hover:zoom-img\">\n      <a href=\"https:\/\/mutti-parma.com\/ro\/recipes\/gnocchi-cu-dovleac-si-sos-de-rosii-picant\/\" class=\"relative block mb-4 max-w-96 mx-auto\" aria-hidden=\"true\" tabindex=\"-1\">\n      <div class=\"responsive-embed \" style=\"padding-bottom: 108.79765395894%;\">\n                <img decoding=\"async\" width=\"2560\" height=\"1707\" src=\"https:\/\/mutti-parma.com\/app\/uploads\/sites\/28\/2025\/06\/gnocchi-di-zucca-hd-7-scaled.jpg\" class=\"inline-block wp-image-1164\" alt=\"Gnocchi cu dovleac \u0219i sos de ro\u0219ii picant\" sizes=\"auto, (max-width: 600px) 72vw, 431px\" data-spai-crop=\"true\" title=\"Gnocchi cu dovleac \u0219i sos de ro\u0219ii picant\" srcset=\"https:\/\/mutti-parma.com\/app\/uploads\/sites\/28\/2025\/06\/gnocchi-di-zucca-hd-7-scaled.jpg 2560w, https:\/\/mutti-parma.com\/app\/uploads\/sites\/28\/2025\/06\/gnocchi-di-zucca-hd-7-500x333.jpg 500w, https:\/\/mutti-parma.com\/app\/uploads\/sites\/28\/2025\/06\/gnocchi-di-zucca-hd-7-1024x683.jpg 1024w, https:\/\/mutti-parma.com\/app\/uploads\/sites\/28\/2025\/06\/gnocchi-di-zucca-hd-7-200x133.jpg 200w, https:\/\/mutti-parma.com\/app\/uploads\/sites\/28\/2025\/06\/gnocchi-di-zucca-hd-7-768x512.jpg 768w, https:\/\/mutti-parma.com\/app\/uploads\/sites\/28\/2025\/06\/gnocchi-di-zucca-hd-7-150x100.jpg 150w, https:\/\/mutti-parma.com\/app\/uploads\/sites\/28\/2025\/06\/gnocchi-di-zucca-hd-7-600x400.jpg 600w, https:\/\/mutti-parma.com\/app\/uploads\/sites\/28\/2025\/06\/gnocchi-di-zucca-hd-7-1536x1024.jpg 1536w, https:\/\/mutti-parma.com\/app\/uploads\/sites\/28\/2025\/06\/gnocchi-di-zucca-hd-7-2048x1365.jpg 2048w\" loading=\"lazy\" \/>\n      <\/div>\n\n          <\/a>\n  \n  \n      <a class=\"is-style-cursive heading block text-primary leading-none\" href=\"https:\/\/mutti-parma.com\/ro\/produse-mutti\/sugo-semplice-cu-ardei-iute\/\">\n      Sosuri pentru paste cu ardei iute\n    <\/a>\n  \n  <a class=\"block my-4\" href=\"https:\/\/mutti-parma.com\/ro\/recipes\/gnocchi-cu-dovleac-si-sos-de-rosii-picant\/\">\n          <h3>Gnocchi cu dovleac \u0219i sos de ro\u0219ii picant<\/h3>\n      <\/a>\n\n      <a class=\"block hover:no-underline text-black\" href=\"https:\/\/mutti-parma.com\/ro\/recipes\/gnocchi-cu-dovleac-si-sos-de-rosii-picant\/\">\n      Un fel principal 100% pe baz\u0103 de plante, cu un gust intens \u0219i reconfortant.\n    <\/a>\n  \n  <div class=\"flex items-center justify-center my-4\">\n    <div class=\"-ml-2 mr-2 pr-4 border-primary border-r-2 pt-2\">\n    <p class=\"flex flex-wrap items-end font-heavy text-primary leading-none justify-center\">\n      <img decoding=\"async\" alt=\"Total time\" class=\"w-10 md:w-12 mx-3 mb-2\" src=\"https:\/\/mutti-parma.com\/app\/themes\/mutti\/dist\/images\/icons\/mutti-product-icons-reduced-cooking-time.svg?id=dc737ade6befaad1eaaf\" width=\"54\" height=\"26\" loading=\"lazy\">\n      <span class=\"mb-2\">\n        45&nbsp;min\n      <\/span>\n    <\/p>\n  <\/div>\n  <div class=\"pt-2\">\n    <p class=\"flex flex-wrap items-end font-heavy uppercase text-primary leading-none justify-center\">\n      <img decoding=\"async\" alt=\"Difficulty\" class=\"w-10 md:w-12 mx-3 mb-2\" src=\"https:\/\/mutti-parma.com\/app\/themes\/mutti\/dist\/images\/icons\/mutti-product-icons-stove-top.svg?id=5f4b0df898a96e10ac63\" width=\"54\" height=\"18\" loading=\"lazy\">\n      <span class=\"mb-2\">\n        Usor\n      <\/span>\n    <\/p>\n  <\/div>\n  <\/div>\n<\/div>\n        <\/div>\n          <\/slideshow>\n  \n  <hr class=\"alignwide wp-block-separator\">\n\n      <p class=\"text-center\">\n      <a class=\"h3 underline\" href=\"https:\/\/mutti-parma.com\/ro\/recipes\/\">Vede\u021bi toate re\u021betele noastre grozave<\/a>\n    <\/p>\n  <\/div>\n\n\n<div class=\"acf-related-products mb-8 lg:mb-16 \" data-vue-wrapper>\n      <h3 class=\"text-center\">Alte produse din linia de produse<\/h3>\n  \n      <slideshow :slides-per-view=\"3\" :navigation=\"true\" class=\"mx-8 lg:-mx-12\" name=\"Related Products\">\n              <div class=\"swiper-slide\">\n          <div class=\"text-center hover:lift-img mx-auto max-w-28\">\n      <a href=\"https:\/\/mutti-parma.com\/ro\/produse-mutti\/sugo-semplice-cu-legume-la-gratar\/\" class=\"block\">\n            <div class=\"responsive-embed is-contain\" style=\"padding-bottom: 188.23529411765%;\"><img decoding=\"async\" width=\"676\" height=\"1290\" src=\"https:\/\/mutti-parma.com\/app\/uploads\/sites\/28\/2025\/06\/grilled.png\" class=\"inline-block mt-2 wp-image-1219\" alt=\"Sosuri pentru paste cu legume la gr\u0103tar\" sizes=\"auto, 126px\" data-spai-crop=\"false\" title=\"Sosuri pentru paste cu legume la gr\u0103tar\" srcset=\"https:\/\/mutti-parma.com\/app\/uploads\/sites\/28\/2025\/06\/grilled.png 676w, https:\/\/mutti-parma.com\/app\/uploads\/sites\/28\/2025\/06\/grilled-262x500.png 262w, https:\/\/mutti-parma.com\/app\/uploads\/sites\/28\/2025\/06\/grilled-537x1024.png 537w, https:\/\/mutti-parma.com\/app\/uploads\/sites\/28\/2025\/06\/grilled-105x200.png 105w, https:\/\/mutti-parma.com\/app\/uploads\/sites\/28\/2025\/06\/grilled-150x286.png 150w, https:\/\/mutti-parma.com\/app\/uploads\/sites\/28\/2025\/06\/grilled-600x1145.png 600w\" loading=\"lazy\" \/><\/div>\n    <\/a>\n  \n  <a class=\"block underline mb-2 mt-2\" href=\"https:\/\/mutti-parma.com\/ro\/produse-mutti\/sugo-semplice-cu-legume-la-gratar\/\">\n    <h3 class=\"h4\">Sosuri pentru paste cu legume la gr\u0103tar<\/h3>\n  <\/a>\n\n      <a class=\"block hover:no-underline text-inherit\" href=\"https:\/\/mutti-parma.com\/ro\/produse-mutti\/sugo-semplice-cu-legume-la-gratar\/\">\n      Sos pentru paste\n    <\/a>\n  <\/div>\n        <\/div>\n              <div class=\"swiper-slide\">\n          <div class=\"text-center hover:lift-img mx-auto max-w-28\">\n      <a href=\"https:\/\/mutti-parma.com\/ro\/produse-mutti\/sugo-semplice-cu-masline\/\" class=\"block\">\n            <div class=\"responsive-embed is-contain\" style=\"padding-bottom: 188.23529411765%;\"><img decoding=\"async\" width=\"676\" height=\"1290\" src=\"https:\/\/mutti-parma.com\/app\/uploads\/sites\/28\/2025\/06\/leccino.png\" class=\"inline-block mt-2 wp-image-1218\" alt=\"Sosuri pentru paste cu masline\" sizes=\"auto, 126px\" data-spai-crop=\"false\" title=\"Sosuri pentru paste cu masline\" srcset=\"https:\/\/mutti-parma.com\/app\/uploads\/sites\/28\/2025\/06\/leccino.png 676w, https:\/\/mutti-parma.com\/app\/uploads\/sites\/28\/2025\/06\/leccino-262x500.png 262w, https:\/\/mutti-parma.com\/app\/uploads\/sites\/28\/2025\/06\/leccino-537x1024.png 537w, https:\/\/mutti-parma.com\/app\/uploads\/sites\/28\/2025\/06\/leccino-105x200.png 105w, https:\/\/mutti-parma.com\/app\/uploads\/sites\/28\/2025\/06\/leccino-150x286.png 150w, https:\/\/mutti-parma.com\/app\/uploads\/sites\/28\/2025\/06\/leccino-600x1145.png 600w\" loading=\"lazy\" \/><\/div>\n    <\/a>\n  \n  <a class=\"block underline mb-2 mt-2\" href=\"https:\/\/mutti-parma.com\/ro\/produse-mutti\/sugo-semplice-cu-masline\/\">\n    <h3 class=\"h4\">Sosuri pentru paste cu masline<\/h3>\n  <\/a>\n\n      <a class=\"block hover:no-underline text-inherit\" href=\"https:\/\/mutti-parma.com\/ro\/produse-mutti\/sugo-semplice-cu-masline\/\">\n      Sos pentru paste\n    <\/a>\n  <\/div>\n        <\/div>\n              <div class=\"swiper-slide\">\n          <div class=\"text-center hover:lift-img mx-auto max-w-28\">\n      <a href=\"https:\/\/mutti-parma.com\/ro\/produse-mutti\/sugo-semplice-cu-busuioc\/\" class=\"block\">\n            <div class=\"responsive-embed is-contain\" style=\"padding-bottom: 188.23529411765%;\"><img decoding=\"async\" width=\"676\" height=\"1290\" src=\"https:\/\/mutti-parma.com\/app\/uploads\/sites\/28\/2025\/06\/basil.png\" class=\"inline-block mt-2 wp-image-1221\" alt=\"Sosuri pentru paste cu busuioc\" sizes=\"auto, 126px\" data-spai-crop=\"false\" title=\"Sosuri pentru paste cu busuioc\" srcset=\"https:\/\/mutti-parma.com\/app\/uploads\/sites\/28\/2025\/06\/basil.png 676w, https:\/\/mutti-parma.com\/app\/uploads\/sites\/28\/2025\/06\/basil-262x500.png 262w, https:\/\/mutti-parma.com\/app\/uploads\/sites\/28\/2025\/06\/basil-537x1024.png 537w, https:\/\/mutti-parma.com\/app\/uploads\/sites\/28\/2025\/06\/basil-105x200.png 105w, https:\/\/mutti-parma.com\/app\/uploads\/sites\/28\/2025\/06\/basil-150x286.png 150w, https:\/\/mutti-parma.com\/app\/uploads\/sites\/28\/2025\/06\/basil-600x1145.png 600w\" loading=\"lazy\" \/><\/div>\n    <\/a>\n  \n  <a class=\"block underline mb-2 mt-2\" href=\"https:\/\/mutti-parma.com\/ro\/produse-mutti\/sugo-semplice-cu-busuioc\/\">\n    <h3 class=\"h4\">Sosuri pentru paste cu busuioc<\/h3>\n  <\/a>\n\n      <a class=\"block hover:no-underline text-inherit\" href=\"https:\/\/mutti-parma.com\/ro\/produse-mutti\/sugo-semplice-cu-busuioc\/\">\n      Sos pentru paste\n    <\/a>\n  <\/div>\n        <\/div>\n              <div class=\"swiper-slide\">\n          <div class=\"text-center hover:lift-img mx-auto max-w-28\">\n      <a href=\"https:\/\/mutti-parma.com\/ro\/produse-mutti\/pasta-sauce-bolognese\/\" class=\"block\">\n            <div class=\"responsive-embed is-contain\" style=\"padding-bottom: 188.23529411765%;\"><img decoding=\"async\" width=\"676\" height=\"1290\" src=\"https:\/\/mutti-parma.com\/app\/uploads\/sites\/28\/2025\/06\/bolognese.png\" class=\"inline-block mt-2 wp-image-1215\" alt=\"Nou Sosuri pentru Bolognese\" sizes=\"auto, 126px\" data-spai-crop=\"false\" title=\"Nou Sosuri pentru Bolognese\" srcset=\"https:\/\/mutti-parma.com\/app\/uploads\/sites\/28\/2025\/06\/bolognese.png 676w, https:\/\/mutti-parma.com\/app\/uploads\/sites\/28\/2025\/06\/bolognese-262x500.png 262w, https:\/\/mutti-parma.com\/app\/uploads\/sites\/28\/2025\/06\/bolognese-537x1024.png 537w, https:\/\/mutti-parma.com\/app\/uploads\/sites\/28\/2025\/06\/bolognese-105x200.png 105w, https:\/\/mutti-parma.com\/app\/uploads\/sites\/28\/2025\/06\/bolognese-150x286.png 150w, https:\/\/mutti-parma.com\/app\/uploads\/sites\/28\/2025\/06\/bolognese-600x1145.png 600w\" loading=\"lazy\" \/><\/div>\n    <\/a>\n  \n  <a class=\"block underline mb-2 mt-2\" href=\"https:\/\/mutti-parma.com\/ro\/produse-mutti\/pasta-sauce-bolognese\/\">\n    <h3 class=\"h4\">Nou Sosuri pentru Bolognese<\/h3>\n  <\/a>\n\n      <a class=\"block hover:no-underline text-inherit\" href=\"https:\/\/mutti-parma.com\/ro\/produse-mutti\/pasta-sauce-bolognese\/\">\n      Bolognese\n    <\/a>\n  <\/div>\n        <\/div>\n              <div class=\"swiper-slide\">\n          <div class=\"text-center hover:lift-img mx-auto max-w-28\">\n      <a href=\"https:\/\/mutti-parma.com\/ro\/produse-mutti\/pasta-sauce-parmigiano\/\" class=\"block\">\n            <div class=\"responsive-embed is-contain\" style=\"padding-bottom: 188.23529411765%;\"><img decoding=\"async\" width=\"676\" height=\"1290\" src=\"https:\/\/mutti-parma.com\/app\/uploads\/sites\/28\/2025\/06\/parmigiano.png\" class=\"inline-block mt-2 wp-image-1210\" alt=\"Sosuri pentru paste CU Parmigiano\" sizes=\"auto, 126px\" data-spai-crop=\"false\" title=\"Sosuri pentru paste CU Parmigiano\" srcset=\"https:\/\/mutti-parma.com\/app\/uploads\/sites\/28\/2025\/06\/parmigiano.png 676w, https:\/\/mutti-parma.com\/app\/uploads\/sites\/28\/2025\/06\/parmigiano-262x500.png 262w, https:\/\/mutti-parma.com\/app\/uploads\/sites\/28\/2025\/06\/parmigiano-537x1024.png 537w, https:\/\/mutti-parma.com\/app\/uploads\/sites\/28\/2025\/06\/parmigiano-105x200.png 105w, https:\/\/mutti-parma.com\/app\/uploads\/sites\/28\/2025\/06\/parmigiano-150x286.png 150w, https:\/\/mutti-parma.com\/app\/uploads\/sites\/28\/2025\/06\/parmigiano-600x1145.png 600w\" loading=\"lazy\" \/><\/div>\n    <\/a>\n  \n  <a class=\"block underline mb-2 mt-2\" href=\"https:\/\/mutti-parma.com\/ro\/produse-mutti\/pasta-sauce-parmigiano\/\">\n    <h3 class=\"h4\">Sosuri pentru paste CU Parmigiano<\/h3>\n  <\/a>\n\n      <a class=\"block hover:no-underline text-inherit\" href=\"https:\/\/mutti-parma.com\/ro\/produse-mutti\/pasta-sauce-parmigiano\/\">\n      Parmigiano Reggiano\n    <\/a>\n  <\/div>\n        <\/div>\n          <\/slideshow>\n  <\/div>\n\n\n","protected":false},"excerpt":{"rendered":"","protected":false},"featured_media":1222,"comment_status":"open","ping_status":"closed","template":"","product_category":[65],"class_list":["post-342","product","type-product","status-publish","has-post-thumbnail","hentry","product_category-product-category-176"],"acf":[],"_links":{"self":[{"href":"https:\/\/mutti-parma.com\/ro\/wp-json\/wp\/v2\/product\/342","targetHints":{"allow":["GET"]}}],"collection":[{"href":"https:\/\/mutti-parma.com\/ro\/wp-json\/wp\/v2\/product"}],"about":[{"href":"https:\/\/mutti-parma.com\/ro\/wp-json\/wp\/v2\/types\/product"}],"replies":[{"embeddable":true,"href":"https:\/\/mutti-parma.com\/ro\/wp-json\/wp\/v2\/comments?post=342"}],"version-history":[{"count":10,"href":"https:\/\/mutti-parma.com\/ro\/wp-json\/wp\/v2\/product\/342\/revisions"}],"predecessor-version":[{"id":1259,"href":"https:\/\/mutti-parma.com\/ro\/wp-json\/wp\/v2\/product\/342\/revisions\/1259"}],"wp:featuredmedia":[{"embeddable":true,"href":"https:\/\/mutti-parma.com\/ro\/wp-json\/wp\/v2\/media\/1222"}],"wp:attachment":[{"href":"https:\/\/mutti-parma.com\/ro\/wp-json\/wp\/v2\/media?parent=342"}],"wp:term":[{"taxonomy":"product_category","embeddable":true,"href":"https:\/\/mutti-parma.com\/ro\/wp-json\/wp\/v2\/product_category?post=342"}],"curies":[{"name":"wp","href":"https:\/\/api.w.org\/{rel}","templated":true}]}}