{"id":536,"date":"2020-10-08T11:54:40","date_gmt":"2020-10-08T11:54:40","guid":{"rendered":"http:\/\/mutti-parma.com\/ro\/?post_type=product&#038;p=536"},"modified":"2020-10-12T10:26:44","modified_gmt":"2020-10-12T10:26:44","slug":"sos-pentru-pizza","status":"publish","type":"product","link":"https:\/\/mutti-parma.com\/ro\/produse-mutti\/sos-pentru-pizza\/","title":{"rendered":"Sos pentru pizza cu condimente"},"content":{"rendered":"\n<div style=\"--media-width: 50\" class=\"wp-block-media-text alignwide has-media-on-the-right is-stacked-on-mobile is-style-hero has-background-image\"><img loading=\"lazy\" decoding=\"async\" class=\"wp-block-media-text__background\" alt=\"\" data-spai-crop=\"true\" src=\"https:\/\/mutti-parma.com\/app\/uploads\/sites\/3\/2019\/09\/texture-banner-mutti-pizza-sauce.jpg\" \/><figure class=\"wp-block-media-text__media\"><img loading=\"lazy\" decoding=\"async\" src=\"https:\/\/mutti-parma.com\/app\/uploads\/sites\/3\/2019\/10\/pizzasauce-400g-hires-676x1024.png\" alt=\"\" class=\"wp-image-300000318\" sizes=\"(min-width: 1440px) 528px,37vw\" data-spai-crop=\"false\" srcset=\"https:\/\/mutti-parma.com\/app\/uploads\/sites\/3\/2019\/10\/pizzasauce-400g-hires-676x1024.png 676w, https:\/\/mutti-parma.com\/app\/uploads\/sites\/3\/2019\/10\/pizzasauce-400g-hires-132x200.png 132w, https:\/\/mutti-parma.com\/app\/uploads\/sites\/3\/2019\/10\/pizzasauce-400g-hires-330x500.png 330w, https:\/\/mutti-parma.com\/app\/uploads\/sites\/3\/2019\/10\/pizzasauce-400g-hires-768x1164.png 768w, https:\/\/mutti-parma.com\/app\/uploads\/sites\/3\/2019\/10\/pizzasauce-400g-hires-150x227.png 150w, https:\/\/mutti-parma.com\/app\/uploads\/sites\/3\/2019\/10\/pizzasauce-400g-hires-600x910.png 600w, https:\/\/mutti-parma.com\/app\/uploads\/sites\/3\/2019\/10\/pizzasauce-400g-hires.png 1200w\" \/><\/figure><div class=\"wp-block-media-text__content\"><div class=\"acf-breadcrumb my-4 md:my-8 text-center md:text-left\">\n  <nav>\n  <ol class=\"list-none text-md\">\n                  <li class=\"inline\">\n                      <a class=\"text-inherit\" href=\"https:\/\/mutti-parma.com\/ro\/\">\n              Acasa\n            <\/a>\n                                <span aria-hidden=\"true\">\/&nbsp;<\/span>\n                  <\/li>\n                        <li class=\"inline\">\n                      <a class=\"text-inherit\" href=\"https:\/\/mutti-parma.com\/ro\/produse-mutti\/\">\n              Products\n            <\/a>\n                            <\/li>\n            <\/ol>\n<\/nav>\n<\/div>\n\n\n\n<h1 class=\"has-primary-color wp-block-heading\"><strong>Sos pentru pizza cu condimente<\/strong><\/h1>\n\n\n\n<p class=\"has-xxl-font-size is-style-cursive\">Sosuri pentru pizza<\/p>\n\n\n\n<p><br>Sosul Pizza Mutti\u00ae cu condimente (Salsa per Pizza Aromatizzata) este o combina\u021bie bogat\u0103 de ro\u0219ii italiene maturate 100% amestecate cu ingrediente tradi\u021bionale &#8211; busuioc aromat, oregano \u0219i ceap\u0103. Se r\u0103sp\u00e2nde\u0219te uniform peste pizza, oferindu-i o arom\u0103 \u00eembietoare, o culoare str\u0103lucitoare \u0219i un gust bogat. Cu o concentra\u021bie de 30%, este dens ca textur\u0103 \u0219i poate fi diluat cu ap\u0103 f\u0103r\u0103 a-\u0219i pierde consisten\u021ba bogat\u0103. Acest produs de \u00eenalt\u0103 performan\u021b\u0103 creeaz\u0103 un randament \u0219i o eficien\u021b\u0103 a muncii mai mari \u00een buc\u0103t\u0103riile comerciale. Proprietarii de restaurante care au nevoie de consistenta folosesc sosul Pizza Mutti\u00ae cu condimente, astfel \u00eenc\u00e2t s\u0103 \u00ee\u0219i poat\u0103 \u00eenc\u00e2nta oaspe\u021bii \u00een mod constant de fiecare dat\u0103.<\/p>\n\n\n\n\n\n\n<div class=\"acf-product-find-store\">\n  <\/div>\n<\/div><\/div>\n\n\n\n\n\n\n<div\n  class=\"acf-how-is-it-made alignwide text-center \"\n  data-vue-wrapper\n  >\n      <h2>Cum este realizat?<\/h2>\n  \n  <slideshow :slides-per-view=\"3\" :slides-per-view-sm=\"1\" :slides-per-view-md=\"2\" name=\"How is it made\" class=\"mb-8\">\n      <\/slideshow>\n\n      <p class=\"is-style-cursive text-5xl\">Pentru a afla mai multe despre modul \u00een care ne realiz\u0103m produsele <\/p>\n  \n      <h3>Vizitati <a href=\"https:\/\/mutti-parma.com\/ro\/de-pe-camp-pe-masa\/\">De pe c\u00e2mp la mas\u0103<\/a><\/h3>\n  <\/div>\n\n\n\n\n\n\n\n<hr class=\"wp-block-separator alignwide\"\/>\n\n\n<div class=\"acf-comments alignwide my-8\">\n  <div class=\"flex flex-wrap mb-4 items-center text-center sm:text-left px-0 sm:px-2 md:px-0\">\n    <h3 class=\"w-full sm:w-auto is-style-cursive text-primary my-0 leading-none\">Share and review<\/h3>\n    <div class=\"w-full sm:w-auto flex-auto mt-1 sm:ml-8\">\n          <\/div>\n\n          <div class=\"mx-auto sm:ml-0 mt-3 sm:mt-0\">\n                  <div\n  class=\"shariff\"\n  data-button-style=\"icon\"\n  data-mail-body=\"https:\/\/mutti-parma.com\/ro\/produse-mutti\/sos-pentru-pizza\/\"\n  data-mail-subject=\"Sos pentru pizza cu condimente - Mutti\"\n  data-mail-url=\"mailto:\"\n  data-media-url=\"https:\/\/mutti-parma.com\/app\/uploads\/sites\/3\/2019\/10\/pizzasauce-400g-hires.png\"\n  data-services=\"[&#039;facebook&#039;, &#039;twitter&#039;, &#039;whatsapp&#039;, &#039;pinterest&#039;, &#039;mail&#039;]\"\n><\/div>\n              <\/div>\n      <\/div>\n\n  <div>\n                <\/div>\n<\/div>\n\n\n\n<hr class=\"wp-block-separator alignwide\"\/>\n\n\n\n<div class=\"wp-block-cover alignwide has-background-dim-80 has-darkred-background-color has-background-dim\" style=\"background-image:url(https:\/\/mutti-parma.com\/app\/uploads\/sites\/3\/2019\/09\/tomatoes.jpg)\"><div class=\"wp-block-cover__inner-container is-layout-flow wp-block-cover-is-layout-flow\">\n<div class=\"wp-block-columns alignwide is-layout-flex wp-container-core-columns-is-layout-9d6595d7 wp-block-columns-is-layout-flex\">\n<div class=\"wp-block-column is-layout-flow wp-block-column-is-layout-flow\">\n<h2 class=\"wp-block-heading\" id=\"sustenabilitate\"><strong>SUSTENABILITATE<\/strong><\/h2>\n\n\n\n<p class=\"is-style-cursive mb-0\">Pentru noi, sustenabilitatea \u00eenseamn\u0103 respect pentru teren<\/p>\n\n\n\n<h4 class=\"wp-block-heading\">Cooperarea cu WWF<\/h4>\n\n\n\n<p>Mutti a colaborat \u00eendeaproape cu WWF \u00een Italia pentru a ajuta fermierii s\u0103 g\u0103seasc\u0103 modalit\u0103\u021bi durabile de a reduce consumul de ap\u0103 \u0219i emisiile de CO2. WWF din Italia nu numai c\u0103 \u0219i-a stabilit obiective, ci a permis fermierilor s\u0103 analizeze \u0219i s\u0103 revizuiasc\u0103 datele pentru a identifica ce pot face. De exemplu, organiza\u021bia a recomandat utilizarea unor senzori speciali care recunosc con\u021binutul de umiditate al solului \u0219i ofer\u0103 informa\u021bii utile pentru a sprijini utilizarea eficient\u0103 a apei.<br><br>Mutti a investit \u00een tehnologie, educa\u021bie \u0219i asisten\u021b\u0103 tehnic\u0103 pentru fermieri \u0219i organiza\u021bii agricole. Chiar \u0219i dup\u0103 finalizarea proiectului nostru care a durat cinci ani, suntem \u00eenc\u0103 la fel de hot\u0103r\u00e2\u021bi ca oric\u00e2nd s\u0103 ne minimiz\u0103m impactul asupra mediului \u0219i s\u0103 \u00eembun\u0103t\u0103\u021bim fiecare etapa a produc\u021biei noastre.<\/p>\n<\/div>\n\n\n\n<div class=\"wp-block-column is-layout-flow wp-block-column-is-layout-flow\">\n<h2 class=\"has-text-align-center wp-block-heading\">REZULTATE:<\/h2>\n\n\n\n<div class=\"wp-block-columns is-layout-flex wp-container-core-columns-is-layout-9d6595d7 wp-block-columns-is-layout-flex\">\n<div class=\"wp-block-column is-layout-flow wp-block-column-is-layout-flow\">\n<div class=\"wp-block-image\"><figure class=\"aligncenter size-large is-resized\"><img loading=\"lazy\" decoding=\"async\" src=\"https:\/\/mutti-parma.com\/app\/uploads\/sites\/3\/2019\/09\/icon-sustainable-water.svg\" alt=\"\" class=\"wp-image-30000085\" width=\"53\" height=\"91\" \/><\/figure><\/div>\n\n\n\n<h4 class=\"has-text-align-center wp-block-heading\">+1000 de milioane de litri de ap\u0103 economisi\u021bi *<\/h4>\n\n\n\n<p class=\"has-text-align-center has-sm-font-size\">* \u00eentre 2012 \u0219i 2014 (Sursa: Date colectate de CMCC, WWF \u0219i Centrul Mediteranean pentru Schimb\u0103ri Climatice din Italia)<\/p>\n<\/div>\n\n\n\n<div class=\"wp-block-column is-layout-flow wp-block-column-is-layout-flow\">\n<div class=\"wp-block-image\"><figure class=\"aligncenter size-large is-resized\"><img loading=\"lazy\" decoding=\"async\" src=\"https:\/\/mutti-parma.com\/app\/uploads\/sites\/3\/2019\/09\/icon-sustainable-co2.svg\" alt=\"\" class=\"wp-image-30000086\" width=\"114\" height=\"88\" \/><\/figure><\/div>\n\n\n\n<h4 class=\"has-text-align-center wp-block-heading\">+ 31 530 tone de CO2 (dioxid de carbon) evitate<\/h4>\n\n\n\n<p class=\"has-text-align-center has-sm-font-size\">* \u00eentre 2010 \u0219i 2015 \u00een compara\u021bie cu nivelurile din 2009 (Sursa: Date colectate de WWF italian \u0219i grupul de eficien\u021b\u0103 energetic\u0103 Officinae Verdi)<\/p>\n<\/div>\n<\/div>\n<\/div>\n<\/div>\n<\/div><\/div>\n\n\n\n\n\n\n\n\n\n\n<div class=\"acf-related-recipes alignwide pb-8 \" data-vue-wrapper>\n      <slideshow :slides-per-view=\"3\" :navigation=\"true\" name=\"Related Recipes\">\n              <div class=\"swiper-slide\">\n          <div class=\"teaser--recipe text-center hover:zoom-img\">\n      <a href=\"https:\/\/mutti-parma.com\/ro\/recipes\/pizza-curcubeu\/\" class=\"relative block mb-4 max-w-96 mx-auto\" aria-hidden=\"true\" tabindex=\"-1\">\n      <div class=\"responsive-embed \" style=\"padding-bottom: 108.79765395894%;\">\n                <img decoding=\"async\" width=\"1920\" height=\"850\" src=\"https:\/\/mutti-parma.com\/app\/uploads\/sites\/28\/2020\/10\/thumb-1354-recipe-cover-desktop.jpeg\" class=\"inline-block wp-image-434\" alt=\"Pizza curcubeu\" sizes=\"auto, (max-width: 600px) 72vw, 431px\" data-spai-crop=\"true\" title=\"Pizza curcubeu\" srcset=\"https:\/\/mutti-parma.com\/app\/uploads\/sites\/28\/2020\/10\/thumb-1354-recipe-cover-desktop.jpeg 1920w, https:\/\/mutti-parma.com\/app\/uploads\/sites\/28\/2020\/10\/thumb-1354-recipe-cover-desktop-200x89.jpeg 200w, https:\/\/mutti-parma.com\/app\/uploads\/sites\/28\/2020\/10\/thumb-1354-recipe-cover-desktop-500x221.jpeg 500w, https:\/\/mutti-parma.com\/app\/uploads\/sites\/28\/2020\/10\/thumb-1354-recipe-cover-desktop-768x340.jpeg 768w, https:\/\/mutti-parma.com\/app\/uploads\/sites\/28\/2020\/10\/thumb-1354-recipe-cover-desktop-1024x453.jpeg 1024w, https:\/\/mutti-parma.com\/app\/uploads\/sites\/28\/2020\/10\/thumb-1354-recipe-cover-desktop-150x66.jpeg 150w, https:\/\/mutti-parma.com\/app\/uploads\/sites\/28\/2020\/10\/thumb-1354-recipe-cover-desktop-600x266.jpeg 600w\" loading=\"lazy\" \/>\n      <\/div>\n\n          <\/a>\n  \n  \n      <a class=\"is-style-cursive heading block text-primary leading-none\" href=\"https:\/\/mutti-parma.com\/ro\/produse-mutti\/sos-pentru-pizza\/\">\n      Sos pentru pizza cu condimente\n    <\/a>\n  \n  <a class=\"block my-4\" href=\"https:\/\/mutti-parma.com\/ro\/recipes\/pizza-curcubeu\/\">\n          <h3>Pizza curcubeu<\/h3>\n      <\/a>\n\n      <a class=\"block hover:no-underline text-black\" href=\"https:\/\/mutti-parma.com\/ro\/recipes\/pizza-curcubeu\/\">\n      Sosul Pizza Mutti\u00ae cu condimente (Salsa per Pizza Aromatizzata) este o combina\u021bie bogat\u0103 de ro\u0219ii italiene maturate 100%, amestecate cu ingrediente tradi\u021bionale &#8211; busuioc aromat, oregano \u0219i ceap\u0103. Se r\u0103sp\u00e2nde\u0219te uniform peste pizza, oferindu-i o arom\u0103 \u00eembietoare, o culoare str\u0103lucitoare \u0219i un gust bogat. Cu o concentra\u021bie de 30%, este dens ca textur\u0103 \u0219i poate\n    <\/a>\n  \n  <div class=\"flex items-center justify-center my-4\">\n    <div class=\"-ml-2 mr-2 pr-4 border-primary border-r-2 pt-2\">\n    <p class=\"flex flex-wrap items-end font-heavy text-primary leading-none justify-center\">\n      <img decoding=\"async\" alt=\"Total time\" class=\"w-10 md:w-12 mx-3 mb-2\" src=\"https:\/\/mutti-parma.com\/app\/themes\/mutti\/dist\/images\/icons\/mutti-product-icons-reduced-cooking-time.svg?id=dc737ade6befaad1eaaf\" width=\"54\" height=\"26\" loading=\"lazy\">\n      <span class=\"mb-2\">\n        15&nbsp;min\n      <\/span>\n    <\/p>\n  <\/div>\n  <div class=\"pt-2\">\n    <p class=\"flex flex-wrap items-end font-heavy uppercase text-primary leading-none justify-center\">\n      <img decoding=\"async\" alt=\"Difficulty\" class=\"w-10 md:w-12 mx-3 mb-2\" src=\"https:\/\/mutti-parma.com\/app\/themes\/mutti\/dist\/images\/icons\/mutti-product-icons-stove-top.svg?id=5f4b0df898a96e10ac63\" width=\"54\" height=\"18\" loading=\"lazy\">\n      <span class=\"mb-2\">\n        Usor\n      <\/span>\n    <\/p>\n  <\/div>\n  <\/div>\n<\/div>\n        <\/div>\n          <\/slideshow>\n  \n  <hr class=\"alignwide wp-block-separator\">\n\n      <p class=\"text-center\">\n      <a class=\"h3 underline\" href=\"https:\/\/mutti-parma.com\/ro\/recipes\/\">Vede\u021bi toate re\u021betele noastre grozave<\/a>\n    <\/p>\n  <\/div>\n\n\n\n\n","protected":false},"excerpt":{"rendered":"","protected":false},"featured_media":300000318,"comment_status":"open","ping_status":"closed","template":"","product_category":[],"class_list":["post-536","product","type-product","status-publish","has-post-thumbnail","hentry"],"acf":[],"_links":{"self":[{"href":"https:\/\/mutti-parma.com\/ro\/wp-json\/wp\/v2\/product\/536","targetHints":{"allow":["GET"]}}],"collection":[{"href":"https:\/\/mutti-parma.com\/ro\/wp-json\/wp\/v2\/product"}],"about":[{"href":"https:\/\/mutti-parma.com\/ro\/wp-json\/wp\/v2\/types\/product"}],"replies":[{"embeddable":true,"href":"https:\/\/mutti-parma.com\/ro\/wp-json\/wp\/v2\/comments?post=536"}],"version-history":[{"count":7,"href":"https:\/\/mutti-parma.com\/ro\/wp-json\/wp\/v2\/product\/536\/revisions"}],"predecessor-version":[{"id":642,"href":"https:\/\/mutti-parma.com\/ro\/wp-json\/wp\/v2\/product\/536\/revisions\/642"}],"wp:featuredmedia":[{"embeddable":true,"href":"https:\/\/mutti-parma.com\/ro\/wp-json\/wp\/v2\/media\/318"}],"wp:attachment":[{"href":"https:\/\/mutti-parma.com\/ro\/wp-json\/wp\/v2\/media?parent=536"}],"wp:term":[{"taxonomy":"product_category","embeddable":true,"href":"https:\/\/mutti-parma.com\/ro\/wp-json\/wp\/v2\/product_category?post=536"}],"curies":[{"name":"wp","href":"https:\/\/api.w.org\/{rel}","templated":true}]}}